{"id":601947,"date":"2024-03-22T07:16:43","date_gmt":"2024-03-30T20:35:08","guid":{"rendered":"https:\/\/www.tomhemps.com\/?post_type=product&#038;p=601947"},"modified":"2024-11-10T23:30:48","modified_gmt":"2024-11-10T22:30:48","slug":"gorilla-zkittlez-auto","status":"publish","type":"product","link":"https:\/\/www.tomhemps.com\/en\/pre\/gorilla-zkittlez-auto\/","title":{"rendered":"Gorilla Zkittlez AUTO"},"content":{"rendered":"","protected":false},"excerpt":{"rendered":"<p><span style=\"font-weight: 400\">Let&#8217;s meet deep in the jungle, Candy. <strong>Gorilla Zkittlez Auto by Barneys Farm<\/strong> is a top-class autoflowering strain with an impressive genetic lineage. The cannabis strain was created by crossing Gorilla Glue, Zkittlez and an unknown ruderalis genetic, resulting in a perfect blend of potency and flavor, defined by <strong>fruity and slightly spicy, woody <\/strong>notes.<\/span><\/p>\n","protected":false},"featured_media":599372,"comment_status":"open","ping_status":"closed","template":"","meta":{"_acf_changed":false},"product_cat":[2866,2869],"product_tag":[],"acf":[],"yoast_head":"<!-- This site is optimized with the Yoast SEO Premium plugin v22.8 (Yoast SEO v22.8) - https:\/\/yoast.com\/wordpress\/plugins\/seo\/ -->\n<title>Cannabis Seeds Gorilla Zkittlez Auto x Barney`s Farm<\/title>\n<meta name=\"description\" content=\"Gorilla Zkittlez Auto von Barney&#039;s Farm ist eine autoflowering Sorte, die f\u00fcr ihre fruchtigen und s\u00fc\u00dfen Aromen, Potenz und entspannende Effekte bekannt ist.\" \/>\n<meta name=\"robots\" content=\"index, follow, max-snippet:-1, max-image-preview:large, max-video-preview:-1\" \/>\n<link rel=\"canonical\" href=\"https:\/\/www.tomhemps.com\/en\/pre\/gorilla-zkittlez-auto\/\" \/>\n<meta property=\"og:locale\" content=\"en_US\" \/>\n<meta property=\"og:type\" content=\"article\" \/>\n<meta property=\"og:title\" content=\"Gorilla Zkittlez AUTO\" \/>\n<meta property=\"og:description\" content=\"Gorilla Zkittlez Auto von Barney&#039;s Farm ist eine autoflowering Sorte, die f\u00fcr ihre fruchtigen und s\u00fc\u00dfen Aromen, Potenz und entspannende Effekte bekannt ist.\" \/>\n<meta property=\"og:url\" content=\"https:\/\/www.tomhemps.com\/en\/pre\/gorilla-zkittlez-auto\/\" \/>\n<meta property=\"og:site_name\" content=\"Your CBD Shop | Your CBD Brand | born in Berlin\" \/>\n<meta property=\"article:publisher\" content=\"https:\/\/www.facebook.com\/tomhempsberlin\/\" \/>\n<meta property=\"article:modified_time\" content=\"2024-11-10T22:30:48+00:00\" \/>\n<meta property=\"og:image\" content=\"https:\/\/www.tomhemps.com\/wp-content\/uploads\/2024\/03\/seed147-2.jpg\" \/>\n\t<meta property=\"og:image:width\" content=\"650\" \/>\n\t<meta property=\"og:image:height\" content=\"850\" \/>\n\t<meta property=\"og:image:type\" content=\"image\/jpeg\" \/>\n<meta name=\"twitter:card\" content=\"summary_large_image\" \/>\n<script type=\"application\/ld+json\" class=\"yoast-schema-graph\">{\"@context\":\"https:\/\/schema.org\",\"@graph\":[{\"@type\":\"WebPage\",\"@id\":\"https:\/\/www.tomhemps.com\/en\/pre\/gorilla-zkittlez-auto\/\",\"url\":\"https:\/\/www.tomhemps.com\/en\/pre\/gorilla-zkittlez-auto\/\",\"name\":\"Cannabis Seeds Gorilla Zkittlez Auto x Barney`s Farm\",\"isPartOf\":{\"@id\":\"https:\/\/www.tomhemps.com\/en\/#website\"},\"primaryImageOfPage\":{\"@id\":\"https:\/\/www.tomhemps.com\/en\/pre\/gorilla-zkittlez-auto\/#primaryimage\"},\"image\":{\"@id\":\"https:\/\/www.tomhemps.com\/en\/pre\/gorilla-zkittlez-auto\/#primaryimage\"},\"thumbnailUrl\":\"https:\/\/www.tomhemps.com\/wp-content\/uploads\/2024\/03\/seed147-2.jpg\",\"datePublished\":\"2024-03-30T20:35:08+00:00\",\"dateModified\":\"2024-11-10T22:30:48+00:00\",\"description\":\"Gorilla Zkittlez Auto von Barney's Farm ist eine autoflowering Sorte, die f\u00fcr ihre fruchtigen und s\u00fc\u00dfen Aromen, Potenz und entspannende Effekte bekannt ist.\",\"breadcrumb\":{\"@id\":\"https:\/\/www.tomhemps.com\/en\/pre\/gorilla-zkittlez-auto\/#breadcrumb\"},\"inLanguage\":\"en-US\",\"potentialAction\":[{\"@type\":\"ReadAction\",\"target\":[\"https:\/\/www.tomhemps.com\/en\/pre\/gorilla-zkittlez-auto\/\"]}]},{\"@type\":\"ImageObject\",\"inLanguage\":\"en-US\",\"@id\":\"https:\/\/www.tomhemps.com\/en\/pre\/gorilla-zkittlez-auto\/#primaryimage\",\"url\":\"https:\/\/www.tomhemps.com\/wp-content\/uploads\/2024\/03\/seed147-2.jpg\",\"contentUrl\":\"https:\/\/www.tomhemps.com\/wp-content\/uploads\/2024\/03\/seed147-2.jpg\",\"width\":650,\"height\":850,\"caption\":\"Seamless minimal fashion pattern. Banana and Monkey background. Use for t-shirt, greeting cards, wrapping paper, posters, fabric print. Flat lay vegan concept\"},{\"@type\":\"BreadcrumbList\",\"@id\":\"https:\/\/www.tomhemps.com\/en\/pre\/gorilla-zkittlez-auto\/#breadcrumb\",\"itemListElement\":[{\"@type\":\"ListItem\",\"position\":1,\"name\":\"Startseite\",\"item\":\"https:\/\/www.tomhemps.com\/en\/\"},{\"@type\":\"ListItem\",\"position\":2,\"name\":\"Shop\",\"item\":\"https:\/\/www.tomhemps.com\/en\/shop\/\"},{\"@type\":\"ListItem\",\"position\":3,\"name\":\"Gorilla Zkittlez AUTO\"}]},{\"@type\":\"WebSite\",\"@id\":\"https:\/\/www.tomhemps.com\/en\/#website\",\"url\":\"https:\/\/www.tomhemps.com\/en\/\",\"name\":\"Your CBD Shop | Your CBD Brand | born in Berlin\",\"description\":\"Hemp Store | CBD\",\"publisher\":{\"@id\":\"https:\/\/www.tomhemps.com\/en\/#organization\"},\"potentialAction\":[{\"@type\":\"SearchAction\",\"target\":{\"@type\":\"EntryPoint\",\"urlTemplate\":\"https:\/\/www.tomhemps.com\/en\/?s={search_term_string}\"},\"query-input\":\"required name=search_term_string\"}],\"inLanguage\":\"en-US\"},{\"@type\":\"Organization\",\"@id\":\"https:\/\/www.tomhemps.com\/en\/#organization\",\"name\":\"Tom Hemp's CBD Shop\",\"alternateName\":\"Tom Hemp's Berlin\",\"url\":\"https:\/\/www.tomhemps.com\/en\/\",\"logo\":{\"@type\":\"ImageObject\",\"inLanguage\":\"en-US\",\"@id\":\"https:\/\/www.tomhemps.com\/en\/#\/schema\/logo\/image\/\",\"url\":\"https:\/\/www.tomhemps.com\/wp-content\/uploads\/2019\/04\/Logo-2019-e1581413011332.jpg\",\"contentUrl\":\"https:\/\/www.tomhemps.com\/wp-content\/uploads\/2019\/04\/Logo-2019-e1581413011332.jpg\",\"width\":460,\"height\":153,\"caption\":\"Tom Hemp's CBD Shop\"},\"image\":{\"@id\":\"https:\/\/www.tomhemps.com\/en\/#\/schema\/logo\/image\/\"},\"sameAs\":[\"https:\/\/www.facebook.com\/tomhempsberlin\/\",\"https:\/\/www.instagram.com\/tomhemps_cbd\/\",\"https:\/\/www.youtube.com\/channel\/UCbGxDacLx_DRKyder_zVoNw\"]}]}<\/script>\n<!-- \/ Yoast SEO Premium plugin. -->","yoast_head_json":{"title":"Cannabis Seeds Gorilla Zkittlez Auto x Barney`s Farm","description":"Gorilla Zkittlez Auto von Barney's Farm ist eine autoflowering Sorte, die f\u00fcr ihre fruchtigen und s\u00fc\u00dfen Aromen, Potenz und entspannende Effekte bekannt ist.","robots":{"index":"index","follow":"follow","max-snippet":"max-snippet:-1","max-image-preview":"max-image-preview:large","max-video-preview":"max-video-preview:-1"},"canonical":"https:\/\/www.tomhemps.com\/en\/pre\/gorilla-zkittlez-auto\/","og_locale":"en_US","og_type":"article","og_title":"Gorilla Zkittlez AUTO","og_description":"Gorilla Zkittlez Auto von Barney's Farm ist eine autoflowering Sorte, die f\u00fcr ihre fruchtigen und s\u00fc\u00dfen Aromen, Potenz und entspannende Effekte bekannt ist.","og_url":"https:\/\/www.tomhemps.com\/en\/pre\/gorilla-zkittlez-auto\/","og_site_name":"Your CBD Shop | Your CBD Brand | born in Berlin","article_publisher":"https:\/\/www.facebook.com\/tomhempsberlin\/","article_modified_time":"2024-11-10T22:30:48+00:00","og_image":[{"width":650,"height":850,"url":"https:\/\/www.tomhemps.com\/wp-content\/uploads\/2024\/03\/seed147-2.jpg","type":"image\/jpeg"}],"twitter_card":"summary_large_image","schema":{"@context":"https:\/\/schema.org","@graph":[{"@type":"WebPage","@id":"https:\/\/www.tomhemps.com\/en\/pre\/gorilla-zkittlez-auto\/","url":"https:\/\/www.tomhemps.com\/en\/pre\/gorilla-zkittlez-auto\/","name":"Cannabis Seeds Gorilla Zkittlez Auto x Barney`s Farm","isPartOf":{"@id":"https:\/\/www.tomhemps.com\/en\/#website"},"primaryImageOfPage":{"@id":"https:\/\/www.tomhemps.com\/en\/pre\/gorilla-zkittlez-auto\/#primaryimage"},"image":{"@id":"https:\/\/www.tomhemps.com\/en\/pre\/gorilla-zkittlez-auto\/#primaryimage"},"thumbnailUrl":"https:\/\/www.tomhemps.com\/wp-content\/uploads\/2024\/03\/seed147-2.jpg","datePublished":"2024-03-30T20:35:08+00:00","dateModified":"2024-11-10T22:30:48+00:00","description":"Gorilla Zkittlez Auto von Barney's Farm ist eine autoflowering Sorte, die f\u00fcr ihre fruchtigen und s\u00fc\u00dfen Aromen, Potenz und entspannende Effekte bekannt ist.","breadcrumb":{"@id":"https:\/\/www.tomhemps.com\/en\/pre\/gorilla-zkittlez-auto\/#breadcrumb"},"inLanguage":"en-US","potentialAction":[{"@type":"ReadAction","target":["https:\/\/www.tomhemps.com\/en\/pre\/gorilla-zkittlez-auto\/"]}]},{"@type":"ImageObject","inLanguage":"en-US","@id":"https:\/\/www.tomhemps.com\/en\/pre\/gorilla-zkittlez-auto\/#primaryimage","url":"https:\/\/www.tomhemps.com\/wp-content\/uploads\/2024\/03\/seed147-2.jpg","contentUrl":"https:\/\/www.tomhemps.com\/wp-content\/uploads\/2024\/03\/seed147-2.jpg","width":650,"height":850,"caption":"Seamless minimal fashion pattern. Banana and Monkey background. Use for t-shirt, greeting cards, wrapping paper, posters, fabric print. Flat lay vegan concept"},{"@type":"BreadcrumbList","@id":"https:\/\/www.tomhemps.com\/en\/pre\/gorilla-zkittlez-auto\/#breadcrumb","itemListElement":[{"@type":"ListItem","position":1,"name":"Startseite","item":"https:\/\/www.tomhemps.com\/en\/"},{"@type":"ListItem","position":2,"name":"Shop","item":"https:\/\/www.tomhemps.com\/en\/shop\/"},{"@type":"ListItem","position":3,"name":"Gorilla Zkittlez AUTO"}]},{"@type":"WebSite","@id":"https:\/\/www.tomhemps.com\/en\/#website","url":"https:\/\/www.tomhemps.com\/en\/","name":"Your CBD Shop | Your CBD Brand | born in Berlin","description":"Hemp Store | CBD","publisher":{"@id":"https:\/\/www.tomhemps.com\/en\/#organization"},"potentialAction":[{"@type":"SearchAction","target":{"@type":"EntryPoint","urlTemplate":"https:\/\/www.tomhemps.com\/en\/?s={search_term_string}"},"query-input":"required name=search_term_string"}],"inLanguage":"en-US"},{"@type":"Organization","@id":"https:\/\/www.tomhemps.com\/en\/#organization","name":"Tom Hemp's CBD Shop","alternateName":"Tom Hemp's Berlin","url":"https:\/\/www.tomhemps.com\/en\/","logo":{"@type":"ImageObject","inLanguage":"en-US","@id":"https:\/\/www.tomhemps.com\/en\/#\/schema\/logo\/image\/","url":"https:\/\/www.tomhemps.com\/wp-content\/uploads\/2019\/04\/Logo-2019-e1581413011332.jpg","contentUrl":"https:\/\/www.tomhemps.com\/wp-content\/uploads\/2019\/04\/Logo-2019-e1581413011332.jpg","width":460,"height":153,"caption":"Tom Hemp's CBD Shop"},"image":{"@id":"https:\/\/www.tomhemps.com\/en\/#\/schema\/logo\/image\/"},"sameAs":["https:\/\/www.facebook.com\/tomhempsberlin\/","https:\/\/www.instagram.com\/tomhemps_cbd\/","https:\/\/www.youtube.com\/channel\/UCbGxDacLx_DRKyder_zVoNw"]}]}},"fields":{"pi_dd":false,"pi_t":false,"pi_hd":false,"pi_hm":false,"smoking_product":true,"pi_tot":"Characteristics","pi_to":"<p><strong>Parents:<\/strong>\u00a0Gorilla Glue x Zkittlez x BF Super Auto #1<br \/>\n<b>Flowering Type<\/b>: Autoflowering<br \/>\n<strong>Genetics:<\/strong>\u00a0Sativa: 25% Indica: 75%<br \/>\n<strong>THC:<\/strong> 20% <strong>CBD:<\/strong> low<br \/>\n<b>Flowering Time in Days<\/b>: 75 \u2013 80<br \/>\n<strong>Indoor \/ Outdoor Yield:<\/strong>\u00a0heavy<br \/>\n<strong>Aroma: <\/strong>Summer Fruits, spicey, woody<br \/>\n<strong>Effect:<\/strong> Uplifting, Euphoria<\/p>\n","pi_tst":"Good to Grow ","pi_ts":"<p><span style=\"font-weight: 400\">Gorilla Zkittlez Auto is a breeze to grow, even for the novice grower. Thanks to its autoflowering genetics and robust resilience, this Barney&#8217;s Farm cannabis strain practically grows itself. Whether indoors or outdoors, Gorilla Zkittlez Auto thrives in any environment and produces generous yields of top quality buds with minimal effort.<\/span><\/p>\n"},"_links":{"self":[{"href":"https:\/\/www.tomhemps.com\/en\/wp-json\/wp\/v2\/product\/601947"}],"collection":[{"href":"https:\/\/www.tomhemps.com\/en\/wp-json\/wp\/v2\/product"}],"about":[{"href":"https:\/\/www.tomhemps.com\/en\/wp-json\/wp\/v2\/types\/product"}],"replies":[{"embeddable":true,"href":"https:\/\/www.tomhemps.com\/en\/wp-json\/wp\/v2\/comments?post=601947"}],"wp:featuredmedia":[{"embeddable":true,"href":"https:\/\/www.tomhemps.com\/en\/wp-json\/wp\/v2\/media\/599372"}],"wp:attachment":[{"href":"https:\/\/www.tomhemps.com\/en\/wp-json\/wp\/v2\/media?parent=601947"}],"wp:term":[{"taxonomy":"product_cat","embeddable":true,"href":"https:\/\/www.tomhemps.com\/en\/wp-json\/wp\/v2\/product_cat?post=601947"},{"taxonomy":"product_tag","embeddable":true,"href":"https:\/\/www.tomhemps.com\/en\/wp-json\/wp\/v2\/product_tag?post=601947"}],"curies":[{"name":"wp","href":"https:\/\/api.w.org\/{rel}","templated":true}]}}