{"id":53168,"date":"2020-08-05T21:00:06","date_gmt":"2020-08-05T19:00:06","guid":{"rendered":"https:\/\/b99tzmh.myraidbox.de\/impressum\/"},"modified":"2024-07-31T12:05:51","modified_gmt":"2024-07-31T10:05:51","slug":"imprenta","status":"publish","type":"page","link":"https:\/\/www.tomhemps.com\/es\/imprenta\/","title":{"rendered":"Imprenta"},"content":{"rendered":"<h1>Aviso legal<\/h1>\n<p><strong>Accardo e.K. TEST<\/strong><\/p>\n<p>Cristian Accardo<\/p>\n<p>Revaler Stra\u00dfe 99 Haus 28<br \/>\n10245 Berlin<br \/>\nDeutschland<\/p>\n<p>Tel\u00e9fono: 030220135880<\/p>\n<p>Correo electr\u00f3nico: office@tomhemps.com<\/p>\n<p><strong>Otras herramientas de comunicaci\u00f3n en l\u00ednea disponibles: <\/strong>WhatsApp (0176 62854206)<\/p>\n<p>Registro Mercantil: Amtsgericht Charlottenburg, HRA 61621 B<\/p>\n<p>N\u00famero(s) de identificaci\u00f3n fiscal (NIF): DE296302623<\/p>\n<p>Responsable conforme al \u00a7 18 MStV:<br \/>\nCristian Accardo<br \/>\nRevaler Stra\u00dfe 99 Haus 28<br \/>\n10245 Berlin<\/p>\n<p>La Comisi\u00f3n Europea facilita una plataforma de resoluci\u00f3n de litigios en l\u00ednea, la cual se encuentra disponible en el siguiente enlace: <a href=\"https:\/\/ec.europa.eu\/consumers\/odr\/\" target=\"_blank\" rel=\"noopener\" data-cke-saved-href=\"https:\/\/ec.europa.eu\/consumers\/odr\/\">https:\/\/ec.europa.eu\/consumers\/odr\/<\/a>.<br \/>\nNo estamos obligados ni dispuestos a participar en un procedimiento de resoluci\u00f3n de litigios ante un organismo de arbitraje.<\/p>\n<p>Informaci\u00f3n sobre los derechos de autor de las im\u00e1genes que utilizamos en este sitio web:<\/p>\n<table class=\"table\">\n<tbody>\n<tr>\n<th>Provider<\/th>\n<th>License<\/th>\n<\/tr>\n<tr>\n<td>ShutterStock<\/td>\n<td><a href=\"https:\/\/www.shutterstock.com\/license\" target=\"_blank\" rel=\"noopener\">Shutterstock License Agreement(s)<\/a><\/td>\n<\/tr>\n<tr>\n<td>iStock<\/td>\n<td><a href=\"https:\/\/www.istockphoto.com\/help\/licenses\" target=\"_blank\" rel=\"noopener\">Licenses<\/a><\/td>\n<\/tr>\n<tr>\n<td>UnSplash<\/td>\n<td><a href=\"https:\/\/unsplash.com\/license\" target=\"_blank\" rel=\"noopener\">License<\/a><\/td>\n<\/tr>\n<tr>\n<td>Stocksy<\/td>\n<td><a href=\"https:\/\/www.stocksy.com\/legal\/contentlicense\" target=\"_blank\" rel=\"noopener\">Content License Agreement<\/a><\/td>\n<\/tr>\n<tr>\n<td>Pixabay<\/td>\n<td><a href=\"https:\/\/pixabay.com\/service\/license\/\" target=\"_blank\" rel=\"noopener\">Simplified Pixabay License<\/a><\/td>\n<\/tr>\n<tr>\n<td>Iso Republic<\/td>\n<td><a href=\"https:\/\/isorepublic.com\/license\/\" target=\"_blank\" rel=\"noopener\">License<\/a><\/td>\n<\/tr>\n<\/tbody>\n<\/table>\n","protected":false},"excerpt":{"rendered":"","protected":false},"author":6649,"featured_media":0,"parent":0,"menu_order":0,"comment_status":"closed","ping_status":"closed","template":"page-templates\/terms.php","meta":{"_acf_changed":false,"footnotes":""},"acf":[],"yoast_head":"<!-- This site is optimized with the Yoast SEO Premium plugin v22.8 (Yoast SEO v22.8) - https:\/\/yoast.com\/wordpress\/plugins\/seo\/ -->\n<title>Imprenta | Tom Hemp&#039;s<\/title>\n<meta name=\"description\" content=\"Your CBD Shop | Your CBD Brand | born in Berlin - Imprenta\" \/>\n<meta name=\"robots\" content=\"noindex, nofollow\" \/>\n<meta property=\"og:locale\" content=\"es_ES\" \/>\n<meta property=\"og:type\" content=\"article\" \/>\n<meta property=\"og:title\" content=\"Imprenta\" \/>\n<meta property=\"og:description\" content=\"Your CBD Shop | Your CBD Brand | born in Berlin - Imprenta\" \/>\n<meta property=\"og:url\" content=\"https:\/\/www.tomhemps.com\/es\/imprenta\/\" \/>\n<meta property=\"og:site_name\" content=\"Your CBD Shop | Your CBD Brand | born in Berlin\" \/>\n<meta property=\"article:publisher\" content=\"https:\/\/www.facebook.com\/tomhempsberlin\/\" \/>\n<meta property=\"article:modified_time\" content=\"2024-07-31T10:05:51+00:00\" \/>\n<meta property=\"og:image\" content=\"https:\/\/www.tomhemps.com\/wp-content\/uploads\/2019\/02\/Tom_Hemps_header_logo-clouds.jpg\" \/>\n\t<meta property=\"og:image:width\" content=\"1536\" \/>\n\t<meta property=\"og:image:height\" content=\"1000\" \/>\n\t<meta property=\"og:image:type\" content=\"image\/jpeg\" \/>\n<meta name=\"twitter:card\" content=\"summary_large_image\" \/>\n<meta name=\"twitter:label1\" content=\"Tiempo de lectura\" \/>\n\t<meta name=\"twitter:data1\" content=\"1 minuto\" \/>\n<script type=\"application\/ld+json\" class=\"yoast-schema-graph\">{\"@context\":\"https:\/\/schema.org\",\"@graph\":[{\"@type\":\"WebPage\",\"@id\":\"https:\/\/www.tomhemps.com\/es\/imprenta\/\",\"url\":\"https:\/\/www.tomhemps.com\/es\/imprenta\/\",\"name\":\"Imprenta | Tom Hemp's\",\"isPartOf\":{\"@id\":\"https:\/\/www.tomhemps.com\/es\/#website\"},\"datePublished\":\"2020-08-05T19:00:06+00:00\",\"dateModified\":\"2024-07-31T10:05:51+00:00\",\"description\":\"Your CBD Shop | Your CBD Brand | born in Berlin - Imprenta\",\"breadcrumb\":{\"@id\":\"https:\/\/www.tomhemps.com\/es\/imprenta\/#breadcrumb\"},\"inLanguage\":\"es\",\"potentialAction\":[{\"@type\":\"ReadAction\",\"target\":[\"https:\/\/www.tomhemps.com\/es\/imprenta\/\"]}]},{\"@type\":\"BreadcrumbList\",\"@id\":\"https:\/\/www.tomhemps.com\/es\/imprenta\/#breadcrumb\",\"itemListElement\":[{\"@type\":\"ListItem\",\"position\":1,\"name\":\"Startseite\",\"item\":\"https:\/\/www.tomhemps.com\/es\/\"},{\"@type\":\"ListItem\",\"position\":2,\"name\":\"Imprenta\"}]},{\"@type\":\"WebSite\",\"@id\":\"https:\/\/www.tomhemps.com\/es\/#website\",\"url\":\"https:\/\/www.tomhemps.com\/es\/\",\"name\":\"Your CBD Shop | Your CBD Brand | born in Berlin\",\"description\":\"CBD Shop Berlin\",\"publisher\":{\"@id\":\"https:\/\/www.tomhemps.com\/es\/#organization\"},\"potentialAction\":[{\"@type\":\"SearchAction\",\"target\":{\"@type\":\"EntryPoint\",\"urlTemplate\":\"https:\/\/www.tomhemps.com\/es\/?s={search_term_string}\"},\"query-input\":\"required name=search_term_string\"}],\"inLanguage\":\"es\"},{\"@type\":\"Organization\",\"@id\":\"https:\/\/www.tomhemps.com\/es\/#organization\",\"name\":\"Tom Hemp's CBD Shop\",\"alternateName\":\"Tom Hemp's Berlin\",\"url\":\"https:\/\/www.tomhemps.com\/es\/\",\"logo\":{\"@type\":\"ImageObject\",\"inLanguage\":\"es\",\"@id\":\"https:\/\/www.tomhemps.com\/es\/#\/schema\/logo\/image\/\",\"url\":\"https:\/\/www.tomhemps.com\/wp-content\/uploads\/2019\/04\/Logo-2019-e1581413011332.jpg\",\"contentUrl\":\"https:\/\/www.tomhemps.com\/wp-content\/uploads\/2019\/04\/Logo-2019-e1581413011332.jpg\",\"width\":460,\"height\":153,\"caption\":\"Tom Hemp's CBD Shop\"},\"image\":{\"@id\":\"https:\/\/www.tomhemps.com\/es\/#\/schema\/logo\/image\/\"},\"sameAs\":[\"https:\/\/www.facebook.com\/tomhempsberlin\/\",\"https:\/\/www.instagram.com\/tomhemps_cbd\/\",\"https:\/\/www.youtube.com\/channel\/UCbGxDacLx_DRKyder_zVoNw\"]}]}<\/script>\n<!-- \/ Yoast SEO Premium plugin. -->","yoast_head_json":{"title":"Imprenta | Tom Hemp's","description":"Your CBD Shop | Your CBD Brand | born in Berlin - Imprenta","robots":{"index":"noindex","follow":"nofollow"},"og_locale":"es_ES","og_type":"article","og_title":"Imprenta","og_description":"Your CBD Shop | Your CBD Brand | born in Berlin - Imprenta","og_url":"https:\/\/www.tomhemps.com\/es\/imprenta\/","og_site_name":"Your CBD Shop | Your CBD Brand | born in Berlin","article_publisher":"https:\/\/www.facebook.com\/tomhempsberlin\/","article_modified_time":"2024-07-31T10:05:51+00:00","og_image":[{"width":1536,"height":1000,"url":"https:\/\/www.tomhemps.com\/wp-content\/uploads\/2019\/02\/Tom_Hemps_header_logo-clouds.jpg","type":"image\/jpeg"}],"twitter_card":"summary_large_image","twitter_misc":{"Tiempo de lectura":"1 minuto"},"schema":{"@context":"https:\/\/schema.org","@graph":[{"@type":"WebPage","@id":"https:\/\/www.tomhemps.com\/es\/imprenta\/","url":"https:\/\/www.tomhemps.com\/es\/imprenta\/","name":"Imprenta | Tom Hemp's","isPartOf":{"@id":"https:\/\/www.tomhemps.com\/es\/#website"},"datePublished":"2020-08-05T19:00:06+00:00","dateModified":"2024-07-31T10:05:51+00:00","description":"Your CBD Shop | Your CBD Brand | born in Berlin - Imprenta","breadcrumb":{"@id":"https:\/\/www.tomhemps.com\/es\/imprenta\/#breadcrumb"},"inLanguage":"es","potentialAction":[{"@type":"ReadAction","target":["https:\/\/www.tomhemps.com\/es\/imprenta\/"]}]},{"@type":"BreadcrumbList","@id":"https:\/\/www.tomhemps.com\/es\/imprenta\/#breadcrumb","itemListElement":[{"@type":"ListItem","position":1,"name":"Startseite","item":"https:\/\/www.tomhemps.com\/es\/"},{"@type":"ListItem","position":2,"name":"Imprenta"}]},{"@type":"WebSite","@id":"https:\/\/www.tomhemps.com\/es\/#website","url":"https:\/\/www.tomhemps.com\/es\/","name":"Your CBD Shop | Your CBD Brand | born in Berlin","description":"CBD Shop Berlin","publisher":{"@id":"https:\/\/www.tomhemps.com\/es\/#organization"},"potentialAction":[{"@type":"SearchAction","target":{"@type":"EntryPoint","urlTemplate":"https:\/\/www.tomhemps.com\/es\/?s={search_term_string}"},"query-input":"required name=search_term_string"}],"inLanguage":"es"},{"@type":"Organization","@id":"https:\/\/www.tomhemps.com\/es\/#organization","name":"Tom Hemp's CBD Shop","alternateName":"Tom Hemp's Berlin","url":"https:\/\/www.tomhemps.com\/es\/","logo":{"@type":"ImageObject","inLanguage":"es","@id":"https:\/\/www.tomhemps.com\/es\/#\/schema\/logo\/image\/","url":"https:\/\/www.tomhemps.com\/wp-content\/uploads\/2019\/04\/Logo-2019-e1581413011332.jpg","contentUrl":"https:\/\/www.tomhemps.com\/wp-content\/uploads\/2019\/04\/Logo-2019-e1581413011332.jpg","width":460,"height":153,"caption":"Tom Hemp's CBD Shop"},"image":{"@id":"https:\/\/www.tomhemps.com\/es\/#\/schema\/logo\/image\/"},"sameAs":["https:\/\/www.facebook.com\/tomhempsberlin\/","https:\/\/www.instagram.com\/tomhemps_cbd\/","https:\/\/www.youtube.com\/channel\/UCbGxDacLx_DRKyder_zVoNw"]}]}},"_links":{"self":[{"href":"https:\/\/www.tomhemps.com\/es\/wp-json\/wp\/v2\/pages\/53168"}],"collection":[{"href":"https:\/\/www.tomhemps.com\/es\/wp-json\/wp\/v2\/pages"}],"about":[{"href":"https:\/\/www.tomhemps.com\/es\/wp-json\/wp\/v2\/types\/page"}],"author":[{"embeddable":true,"href":"https:\/\/www.tomhemps.com\/es\/wp-json\/wp\/v2\/users\/6649"}],"replies":[{"embeddable":true,"href":"https:\/\/www.tomhemps.com\/es\/wp-json\/wp\/v2\/comments?post=53168"}],"version-history":[{"count":5,"href":"https:\/\/www.tomhemps.com\/es\/wp-json\/wp\/v2\/pages\/53168\/revisions"}],"predecessor-version":[{"id":619528,"href":"https:\/\/www.tomhemps.com\/es\/wp-json\/wp\/v2\/pages\/53168\/revisions\/619528"}],"wp:attachment":[{"href":"https:\/\/www.tomhemps.com\/es\/wp-json\/wp\/v2\/media?parent=53168"}],"curies":[{"name":"wp","href":"https:\/\/api.w.org\/{rel}","templated":true}]}}