{"id":53188,"date":"2020-08-05T21:14:44","date_gmt":"2020-08-05T19:14:44","guid":{"rendered":"https:\/\/b99tzmh.myraidbox.de\/envio-y-pago\/"},"modified":"2023-08-22T13:07:43","modified_gmt":"2023-08-22T11:07:43","slug":"envio-y-pago","status":"publish","type":"page","link":"https:\/\/www.tomhemps.com\/es\/envio-y-pago\/","title":{"rendered":"Env\u00edo y pago"},"content":{"rendered":"<h3>ENV\u00cdO Y PAGO<\/h3>\n<p><strong>M\u00e9todos de pago<\/strong><\/p>\n<p>1.1 Para entregas dentro de Alemania, ofrecemos las siguientes opciones de pago, a menos que se especifique lo contrario en la respectiva presentaci\u00f3n del producto en la oferta:<\/p>\n<p>transferencia bancaria<\/p>\n<p>Pago con tarjeta de cr\u00e9dito<\/p>\n<p>&nbsp;<\/p>\n<p><strong>Entrega<\/strong><\/p>\n<p>2.1 Su pedido ser\u00e1 enviado por UPS<\/p>\n<p>2.2 Enviamos a los siguientes pa\u00edses de Europa:<br \/>\nAndorra, Austria, B\u00e9lgica, Bulgaria, Croacia, Rep\u00fablica Checa, Dinamarca, Estonia, Finlandia, Francia, Alemania, Grecia, Guernsey, Hungr\u00eda, Irlanda, Italia, Jersey, Letonia, Liechtenstein, Lituania, Luxemburgo, M\u00f3naco, Pa\u00edses Bajos, Noruega, Polonia , Portugal, Rumania, San Marino, Eslovenia, Espa\u00f1a, Suecia. Los gastos de env\u00edo se suman a los precios de los productos indicados. <\/p>\n<p><strong>Est\u00e1ndar de UPS<\/strong><\/p>\n<table class=\"table\">\n<tr>\n<th>Pa\u00eds<\/th>\n<th>Env\u00edo (EUR)<\/th>\n<th>Env\u00edo gratuito desde (EUR)<\/th>\n<\/tr>\n<tr>\n<td>Alemania (DE)<\/td>\n<td>5.9<\/td>\n<td>50<\/td>\n<\/tr>\n<tr>\n<td>Andorra (AD)<\/td>\n<td>40<\/td>\n<td>200<\/td>\n<\/tr>\n<tr>\n<td>Austria (AT)<\/td>\n<td>10<\/td>\n<td>100<\/td>\n<\/tr>\n<tr>\n<td>Bulgaria (BG)<\/td>\n<td>12<\/td>\n<td>100<\/td>\n<\/tr>\n<tr>\n<td>B\u00e9lgica (BE)<\/td>\n<td>10.9<\/td>\n<td>50<\/td>\n<\/tr>\n<tr>\n<td>Chipre (CY)<\/td>\n<td>30<\/td>\n<td>100<\/td>\n<\/tr>\n<tr>\n<td>Croacia (HR)<\/td>\n<td>10<\/td>\n<td>100<\/td>\n<\/tr>\n<tr>\n<td>Dinamarca (DK)<\/td>\n<td>10<\/td>\n<td>100<\/td>\n<\/tr>\n<tr>\n<td>Eslovaquia (SK)<\/td>\n<td>12<\/td>\n<td>100<\/td>\n<\/tr>\n<tr>\n<td>Eslovenia (SI)<\/td>\n<td>10<\/td>\n<td>100<\/td>\n<\/tr>\n<tr>\n<td>Espa\u00f1a (ES)<\/td>\n<td>10.9<\/td>\n<td>50<\/td>\n<\/tr>\n<tr>\n<td>Espa\u00f1a (ES) &#8211; Canarias<\/td>\n<td>40<\/td>\n<td>200<\/td>\n<\/tr>\n<tr>\n<td>Estonia (EE)<\/td>\n<td>12<\/td>\n<td>100<\/td>\n<\/tr>\n<tr>\n<td>Francia (FR)<\/td>\n<td>10.9<\/td>\n<td>50<\/td>\n<\/tr>\n<tr>\n<td>Grecia (GR)<\/td>\n<td>10<\/td>\n<td>100<\/td>\n<\/tr>\n<tr>\n<td>Grecia (GR) &#8211; Islas griegas<\/td>\n<td>50<\/td>\n<td>100<\/td>\n<\/tr>\n<tr>\n<td>Guernsey (GG)<\/td>\n<td>20<\/td>\n<td>100<\/td>\n<\/tr>\n<tr>\n<td>Hungr\u00eda (HU)<\/td>\n<td>12<\/td>\n<td>100<\/td>\n<\/tr>\n<tr>\n<td>Irlanda (IE)<\/td>\n<td>12<\/td>\n<td>100<\/td>\n<\/tr>\n<tr>\n<td>Italia (IT)<\/td>\n<td>12<\/td>\n<td>100<\/td>\n<\/tr>\n<tr>\n<td>Jersey (JE)<\/td>\n<td>20<\/td>\n<td>100<\/td>\n<\/tr>\n<tr>\n<td>Letonia (LV)<\/td>\n<td>12<\/td>\n<td>100<\/td>\n<\/tr>\n<tr>\n<td>Liechtenstein (LI)<\/td>\n<td>20<\/td>\n<td>100<\/td>\n<\/tr>\n<tr>\n<td>Lituania (LT)<\/td>\n<td>12<\/td>\n<td>100<\/td>\n<\/tr>\n<tr>\n<td>Luxemburgo (LU)<\/td>\n<td>10<\/td>\n<td>100<\/td>\n<\/tr>\n<tr>\n<td>Malta (MT)<\/td>\n<td>40<\/td>\n<td>200<\/td>\n<\/tr>\n<tr>\n<td>M\u00f3naco (MC)<\/td>\n<td>10<\/td>\n<td>100<\/td>\n<\/tr>\n<tr>\n<td>Noruega (NO)<\/td>\n<td>20<\/td>\n<td>100<\/td>\n<\/tr>\n<tr>\n<td>Pa\u00edses Bajos (NL)<\/td>\n<td>10.9<\/td>\n<td>50<\/td>\n<\/tr>\n<tr>\n<td>Polonia (PL)<\/td>\n<td>10<\/td>\n<td>100<\/td>\n<\/tr>\n<tr>\n<td>Portugal (PT)<\/td>\n<td>12<\/td>\n<td>80<\/td>\n<\/tr>\n<tr>\n<td>Rep\u00fablica Checa (CZ)<\/td>\n<td>10<\/td>\n<td>100<\/td>\n<\/tr>\n<tr>\n<td>Rumania (RO)<\/td>\n<td>12<\/td>\n<td>100<\/td>\n<\/tr>\n<tr>\n<td>San Marino (SM)<\/td>\n<td>20<\/td>\n<td>100<\/td>\n<\/tr>\n<tr>\n<td>Suecia (SE)<\/td>\n<td>10<\/td>\n<td>100<\/td>\n<\/tr>\n<\/table>\n<p>&nbsp;<\/p>\n<p><strong>El tiempo de entrega<\/strong><\/p>\n<p>Entregamos pedidos dentro de Alemania y Austria despu\u00e9s de 1 a 3 d\u00edas h\u00e1biles. Las entregas a otros pa\u00edses de la UE tardan de 2 a 7 d\u00edas laborables.<\/p>\n<p>2.3 No es posible realizar entregas a las estaciones de empaque de DHL.<\/p>\n","protected":false},"excerpt":{"rendered":"","protected":false},"author":6649,"featured_media":0,"parent":0,"menu_order":0,"comment_status":"closed","ping_status":"closed","template":"","meta":{"_acf_changed":false,"footnotes":""},"acf":[],"yoast_head":"<!-- This site is optimized with the Yoast SEO Premium plugin v22.8 (Yoast SEO v22.8) - https:\/\/yoast.com\/wordpress\/plugins\/seo\/ -->\n<title>Env\u00edo y pago | Tom Hemp&#039;s<\/title>\n<meta name=\"description\" content=\"Your CBD Shop | Your CBD Brand | born in Berlin - Env\u00edo y pago\" \/>\n<meta name=\"robots\" content=\"noindex, follow\" \/>\n<meta property=\"og:locale\" content=\"es_ES\" \/>\n<meta property=\"og:type\" content=\"article\" \/>\n<meta property=\"og:title\" content=\"Env\u00edo y pago\" \/>\n<meta property=\"og:description\" content=\"Your CBD Shop | Your CBD Brand | born in Berlin - Env\u00edo y pago\" \/>\n<meta property=\"og:url\" content=\"https:\/\/www.tomhemps.com\/es\/envio-y-pago\/\" \/>\n<meta property=\"og:site_name\" content=\"Your CBD Shop | Your CBD Brand | born in Berlin\" \/>\n<meta property=\"article:publisher\" content=\"https:\/\/www.facebook.com\/tomhempsberlin\/\" \/>\n<meta property=\"article:modified_time\" content=\"2023-08-22T11:07:43+00:00\" \/>\n<meta property=\"og:image\" content=\"https:\/\/www.tomhemps.com\/wp-content\/uploads\/2019\/02\/Tom_Hemps_header_logo-clouds.jpg\" \/>\n\t<meta property=\"og:image:width\" content=\"1536\" \/>\n\t<meta property=\"og:image:height\" content=\"1000\" \/>\n\t<meta property=\"og:image:type\" content=\"image\/jpeg\" \/>\n<meta name=\"twitter:card\" content=\"summary_large_image\" \/>\n<meta name=\"twitter:label1\" content=\"Tiempo de lectura\" \/>\n\t<meta name=\"twitter:data1\" content=\"2 minutos\" \/>\n<script type=\"application\/ld+json\" class=\"yoast-schema-graph\">{\"@context\":\"https:\/\/schema.org\",\"@graph\":[{\"@type\":\"WebPage\",\"@id\":\"https:\/\/www.tomhemps.com\/es\/envio-y-pago\/\",\"url\":\"https:\/\/www.tomhemps.com\/es\/envio-y-pago\/\",\"name\":\"Env\u00edo y pago | Tom Hemp's\",\"isPartOf\":{\"@id\":\"https:\/\/www.tomhemps.com\/es\/#website\"},\"datePublished\":\"2020-08-05T19:14:44+00:00\",\"dateModified\":\"2023-08-22T11:07:43+00:00\",\"description\":\"Your CBD Shop | Your CBD Brand | born in Berlin - Env\u00edo y pago\",\"breadcrumb\":{\"@id\":\"https:\/\/www.tomhemps.com\/es\/envio-y-pago\/#breadcrumb\"},\"inLanguage\":\"es\",\"potentialAction\":[{\"@type\":\"ReadAction\",\"target\":[\"https:\/\/www.tomhemps.com\/es\/envio-y-pago\/\"]}]},{\"@type\":\"BreadcrumbList\",\"@id\":\"https:\/\/www.tomhemps.com\/es\/envio-y-pago\/#breadcrumb\",\"itemListElement\":[{\"@type\":\"ListItem\",\"position\":1,\"name\":\"Startseite\",\"item\":\"https:\/\/www.tomhemps.com\/es\/\"},{\"@type\":\"ListItem\",\"position\":2,\"name\":\"Env\u00edo y pago\"}]},{\"@type\":\"WebSite\",\"@id\":\"https:\/\/www.tomhemps.com\/es\/#website\",\"url\":\"https:\/\/www.tomhemps.com\/es\/\",\"name\":\"Your CBD Shop | Your CBD Brand | born in Berlin\",\"description\":\"CBD Shop Berlin\",\"publisher\":{\"@id\":\"https:\/\/www.tomhemps.com\/es\/#organization\"},\"potentialAction\":[{\"@type\":\"SearchAction\",\"target\":{\"@type\":\"EntryPoint\",\"urlTemplate\":\"https:\/\/www.tomhemps.com\/es\/?s={search_term_string}\"},\"query-input\":\"required name=search_term_string\"}],\"inLanguage\":\"es\"},{\"@type\":\"Organization\",\"@id\":\"https:\/\/www.tomhemps.com\/es\/#organization\",\"name\":\"Tom Hemp's CBD Shop\",\"alternateName\":\"Tom Hemp's Berlin\",\"url\":\"https:\/\/www.tomhemps.com\/es\/\",\"logo\":{\"@type\":\"ImageObject\",\"inLanguage\":\"es\",\"@id\":\"https:\/\/www.tomhemps.com\/es\/#\/schema\/logo\/image\/\",\"url\":\"https:\/\/www.tomhemps.com\/wp-content\/uploads\/2019\/04\/Logo-2019-e1581413011332.jpg\",\"contentUrl\":\"https:\/\/www.tomhemps.com\/wp-content\/uploads\/2019\/04\/Logo-2019-e1581413011332.jpg\",\"width\":460,\"height\":153,\"caption\":\"Tom Hemp's CBD Shop\"},\"image\":{\"@id\":\"https:\/\/www.tomhemps.com\/es\/#\/schema\/logo\/image\/\"},\"sameAs\":[\"https:\/\/www.facebook.com\/tomhempsberlin\/\",\"https:\/\/www.instagram.com\/tomhemps_cbd\/\",\"https:\/\/www.youtube.com\/channel\/UCbGxDacLx_DRKyder_zVoNw\"]}]}<\/script>\n<!-- \/ Yoast SEO Premium plugin. -->","yoast_head_json":{"title":"Env\u00edo y pago | Tom Hemp's","description":"Your CBD Shop | Your CBD Brand | born in Berlin - Env\u00edo y pago","robots":{"index":"noindex","follow":"follow"},"og_locale":"es_ES","og_type":"article","og_title":"Env\u00edo y pago","og_description":"Your CBD Shop | Your CBD Brand | born in Berlin - Env\u00edo y pago","og_url":"https:\/\/www.tomhemps.com\/es\/envio-y-pago\/","og_site_name":"Your CBD Shop | Your CBD Brand | born in Berlin","article_publisher":"https:\/\/www.facebook.com\/tomhempsberlin\/","article_modified_time":"2023-08-22T11:07:43+00:00","og_image":[{"width":1536,"height":1000,"url":"https:\/\/www.tomhemps.com\/wp-content\/uploads\/2019\/02\/Tom_Hemps_header_logo-clouds.jpg","type":"image\/jpeg"}],"twitter_card":"summary_large_image","twitter_misc":{"Tiempo de lectura":"2 minutos"},"schema":{"@context":"https:\/\/schema.org","@graph":[{"@type":"WebPage","@id":"https:\/\/www.tomhemps.com\/es\/envio-y-pago\/","url":"https:\/\/www.tomhemps.com\/es\/envio-y-pago\/","name":"Env\u00edo y pago | Tom Hemp's","isPartOf":{"@id":"https:\/\/www.tomhemps.com\/es\/#website"},"datePublished":"2020-08-05T19:14:44+00:00","dateModified":"2023-08-22T11:07:43+00:00","description":"Your CBD Shop | Your CBD Brand | born in Berlin - Env\u00edo y pago","breadcrumb":{"@id":"https:\/\/www.tomhemps.com\/es\/envio-y-pago\/#breadcrumb"},"inLanguage":"es","potentialAction":[{"@type":"ReadAction","target":["https:\/\/www.tomhemps.com\/es\/envio-y-pago\/"]}]},{"@type":"BreadcrumbList","@id":"https:\/\/www.tomhemps.com\/es\/envio-y-pago\/#breadcrumb","itemListElement":[{"@type":"ListItem","position":1,"name":"Startseite","item":"https:\/\/www.tomhemps.com\/es\/"},{"@type":"ListItem","position":2,"name":"Env\u00edo y pago"}]},{"@type":"WebSite","@id":"https:\/\/www.tomhemps.com\/es\/#website","url":"https:\/\/www.tomhemps.com\/es\/","name":"Your CBD Shop | Your CBD Brand | born in Berlin","description":"CBD Shop Berlin","publisher":{"@id":"https:\/\/www.tomhemps.com\/es\/#organization"},"potentialAction":[{"@type":"SearchAction","target":{"@type":"EntryPoint","urlTemplate":"https:\/\/www.tomhemps.com\/es\/?s={search_term_string}"},"query-input":"required name=search_term_string"}],"inLanguage":"es"},{"@type":"Organization","@id":"https:\/\/www.tomhemps.com\/es\/#organization","name":"Tom Hemp's CBD Shop","alternateName":"Tom Hemp's Berlin","url":"https:\/\/www.tomhemps.com\/es\/","logo":{"@type":"ImageObject","inLanguage":"es","@id":"https:\/\/www.tomhemps.com\/es\/#\/schema\/logo\/image\/","url":"https:\/\/www.tomhemps.com\/wp-content\/uploads\/2019\/04\/Logo-2019-e1581413011332.jpg","contentUrl":"https:\/\/www.tomhemps.com\/wp-content\/uploads\/2019\/04\/Logo-2019-e1581413011332.jpg","width":460,"height":153,"caption":"Tom Hemp's CBD Shop"},"image":{"@id":"https:\/\/www.tomhemps.com\/es\/#\/schema\/logo\/image\/"},"sameAs":["https:\/\/www.facebook.com\/tomhempsberlin\/","https:\/\/www.instagram.com\/tomhemps_cbd\/","https:\/\/www.youtube.com\/channel\/UCbGxDacLx_DRKyder_zVoNw"]}]}},"_links":{"self":[{"href":"https:\/\/www.tomhemps.com\/es\/wp-json\/wp\/v2\/pages\/53188"}],"collection":[{"href":"https:\/\/www.tomhemps.com\/es\/wp-json\/wp\/v2\/pages"}],"about":[{"href":"https:\/\/www.tomhemps.com\/es\/wp-json\/wp\/v2\/types\/page"}],"author":[{"embeddable":true,"href":"https:\/\/www.tomhemps.com\/es\/wp-json\/wp\/v2\/users\/6649"}],"replies":[{"embeddable":true,"href":"https:\/\/www.tomhemps.com\/es\/wp-json\/wp\/v2\/comments?post=53188"}],"version-history":[{"count":4,"href":"https:\/\/www.tomhemps.com\/es\/wp-json\/wp\/v2\/pages\/53188\/revisions"}],"predecessor-version":[{"id":583519,"href":"https:\/\/www.tomhemps.com\/es\/wp-json\/wp\/v2\/pages\/53188\/revisions\/583519"}],"wp:attachment":[{"href":"https:\/\/www.tomhemps.com\/es\/wp-json\/wp\/v2\/media?parent=53188"}],"curies":[{"name":"wp","href":"https:\/\/api.w.org\/{rel}","templated":true}]}}