{"id":129190,"date":"2018-07-10T16:17:46","date_gmt":"2018-07-10T14:17:46","guid":{"rendered":"https:\/\/www.tomhemps.com\/product\/cali-terpenes\/"},"modified":"2021-09-08T12:53:31","modified_gmt":"2021-09-08T10:53:31","slug":"cali-terpenes","status":"publish","type":"product","link":"https:\/\/www.tomhemps.com\/es\/prs\/cali-terpenes\/","title":{"rendered":"Terpenos"},"content":{"rendered":"","protected":false},"excerpt":{"rendered":"<p>Los terpenos son los componentes principales de los aceites esenciales en muchas plantas, flores y frutas, como por ejemplo las naranjas, limones, pimientos o cannabis y contribuyen a su aroma y sabor.<\/p>\n<p>Los Perfiles de Terpenos de Cannabis de Cali Terpenes son reproducciones de estos aromas naturales, elaborados a partir de terpenos destilados de diferentes plantas org\u00e1nicas.\u00a0No se utilizan plantas de cannabis para obtener los terpenos, por lo que est\u00e1n libres de cannabinoides como THC o CBD. Tampoco usan aditivos, pero aun as\u00ed los terpenos tienen un sabor de cannabis \u00fanico con diferentes variaciones.<\/p>\n<p>Son ideales para agregar sabores \u00fanicos a extractos de hierbas, aceites y l\u00edquidos electr\u00f3nicos. Como productos org\u00e1nicos certificados, los terpenos est\u00e1n libres de herbicidas, pesticidas y transg\u00e9nicos.<\/p>\n","protected":false},"featured_media":129193,"comment_status":"open","ping_status":"closed","template":"","meta":{"_acf_changed":false},"product_cat":[4956],"product_tag":[],"acf":[],"yoast_head":"<!-- This site is optimized with the Yoast SEO Premium plugin v22.8 (Yoast SEO v22.8) - https:\/\/yoast.com\/wordpress\/plugins\/seo\/ -->\n<title>Terpenos<\/title>\n<meta name=\"description\" content=\"Terpenos - Your CBD Shop | Your CBD Brand | born in Berlin\" \/>\n<meta name=\"robots\" content=\"index, follow, max-snippet:-1, max-image-preview:large, max-video-preview:-1\" \/>\n<link rel=\"canonical\" href=\"https:\/\/www.tomhemps.com\/es\/prs\/cali-terpenes\/\" \/>\n<meta property=\"og:locale\" content=\"es_ES\" \/>\n<meta property=\"og:type\" content=\"article\" \/>\n<meta property=\"og:title\" content=\"Terpenos\" \/>\n<meta property=\"og:description\" content=\"Terpenos - Your CBD Shop | Your CBD Brand | born in Berlin\" \/>\n<meta property=\"og:url\" content=\"https:\/\/www.tomhemps.com\/es\/prs\/cali-terpenes\/\" \/>\n<meta property=\"og:site_name\" content=\"Your CBD Shop | Your CBD Brand | born in Berlin\" \/>\n<meta property=\"article:publisher\" content=\"https:\/\/www.facebook.com\/tomhempsberlin\/\" \/>\n<meta property=\"article:modified_time\" content=\"2021-09-08T10:53:31+00:00\" \/>\n<meta property=\"og:image\" content=\"https:\/\/www.tomhemps.com\/wp-content\/uploads\/2018\/07\/Cali_terpenes_blackberrykush_Desktop_Detail_HD_1780x1600.png\" \/>\n\t<meta property=\"og:image:width\" content=\"1780\" \/>\n\t<meta property=\"og:image:height\" content=\"1600\" \/>\n\t<meta property=\"og:image:type\" content=\"image\/png\" \/>\n<meta name=\"twitter:card\" content=\"summary_large_image\" \/>\n<script type=\"application\/ld+json\" class=\"yoast-schema-graph\">{\"@context\":\"https:\/\/schema.org\",\"@graph\":[{\"@type\":\"WebPage\",\"@id\":\"https:\/\/www.tomhemps.com\/es\/prs\/cali-terpenes\/\",\"url\":\"https:\/\/www.tomhemps.com\/es\/prs\/cali-terpenes\/\",\"name\":\"Terpenos\",\"isPartOf\":{\"@id\":\"https:\/\/www.tomhemps.com\/es\/#website\"},\"primaryImageOfPage\":{\"@id\":\"https:\/\/www.tomhemps.com\/es\/prs\/cali-terpenes\/#primaryimage\"},\"image\":{\"@id\":\"https:\/\/www.tomhemps.com\/es\/prs\/cali-terpenes\/#primaryimage\"},\"thumbnailUrl\":\"https:\/\/www.tomhemps.com\/wp-content\/uploads\/2018\/07\/Cali_terpenes_blackberrykush_Desktop_Detail_HD_1780x1600.png\",\"datePublished\":\"2018-07-10T14:17:46+00:00\",\"dateModified\":\"2021-09-08T10:53:31+00:00\",\"description\":\"Terpenos - Your CBD Shop | Your CBD Brand | born in Berlin\",\"breadcrumb\":{\"@id\":\"https:\/\/www.tomhemps.com\/es\/prs\/cali-terpenes\/#breadcrumb\"},\"inLanguage\":\"es\",\"potentialAction\":[{\"@type\":\"ReadAction\",\"target\":[\"https:\/\/www.tomhemps.com\/es\/prs\/cali-terpenes\/\"]}]},{\"@type\":\"ImageObject\",\"inLanguage\":\"es\",\"@id\":\"https:\/\/www.tomhemps.com\/es\/prs\/cali-terpenes\/#primaryimage\",\"url\":\"https:\/\/www.tomhemps.com\/wp-content\/uploads\/2018\/07\/Cali_terpenes_blackberrykush_Desktop_Detail_HD_1780x1600.png\",\"contentUrl\":\"https:\/\/www.tomhemps.com\/wp-content\/uploads\/2018\/07\/Cali_terpenes_blackberrykush_Desktop_Detail_HD_1780x1600.png\",\"width\":1780,\"height\":1600,\"caption\":\"Cali terpenes with yellow-black packaging in several aromas.\"},{\"@type\":\"BreadcrumbList\",\"@id\":\"https:\/\/www.tomhemps.com\/es\/prs\/cali-terpenes\/#breadcrumb\",\"itemListElement\":[{\"@type\":\"ListItem\",\"position\":1,\"name\":\"Startseite\",\"item\":\"https:\/\/www.tomhemps.com\/es\/\"},{\"@type\":\"ListItem\",\"position\":2,\"name\":\"Shop\",\"item\":\"https:\/\/www.tomhemps.com\/es\/shop\/\"},{\"@type\":\"ListItem\",\"position\":3,\"name\":\"Terpenos\"}]},{\"@type\":\"WebSite\",\"@id\":\"https:\/\/www.tomhemps.com\/es\/#website\",\"url\":\"https:\/\/www.tomhemps.com\/es\/\",\"name\":\"Your CBD Shop | Your CBD Brand | born in Berlin\",\"description\":\"CBD Shop Berlin\",\"publisher\":{\"@id\":\"https:\/\/www.tomhemps.com\/es\/#organization\"},\"potentialAction\":[{\"@type\":\"SearchAction\",\"target\":{\"@type\":\"EntryPoint\",\"urlTemplate\":\"https:\/\/www.tomhemps.com\/es\/?s={search_term_string}\"},\"query-input\":\"required name=search_term_string\"}],\"inLanguage\":\"es\"},{\"@type\":\"Organization\",\"@id\":\"https:\/\/www.tomhemps.com\/es\/#organization\",\"name\":\"Tom Hemp's CBD Shop\",\"alternateName\":\"Tom Hemp's Berlin\",\"url\":\"https:\/\/www.tomhemps.com\/es\/\",\"logo\":{\"@type\":\"ImageObject\",\"inLanguage\":\"es\",\"@id\":\"https:\/\/www.tomhemps.com\/es\/#\/schema\/logo\/image\/\",\"url\":\"https:\/\/www.tomhemps.com\/wp-content\/uploads\/2019\/04\/Logo-2019-e1581413011332.jpg\",\"contentUrl\":\"https:\/\/www.tomhemps.com\/wp-content\/uploads\/2019\/04\/Logo-2019-e1581413011332.jpg\",\"width\":460,\"height\":153,\"caption\":\"Tom Hemp's CBD Shop\"},\"image\":{\"@id\":\"https:\/\/www.tomhemps.com\/es\/#\/schema\/logo\/image\/\"},\"sameAs\":[\"https:\/\/www.facebook.com\/tomhempsberlin\/\",\"https:\/\/www.instagram.com\/tomhemps_cbd\/\",\"https:\/\/www.youtube.com\/channel\/UCbGxDacLx_DRKyder_zVoNw\"]}]}<\/script>\n<!-- \/ Yoast SEO Premium plugin. -->","yoast_head_json":{"title":"Terpenos","description":"Terpenos - Your CBD Shop | Your CBD Brand | born in Berlin","robots":{"index":"index","follow":"follow","max-snippet":"max-snippet:-1","max-image-preview":"max-image-preview:large","max-video-preview":"max-video-preview:-1"},"canonical":"https:\/\/www.tomhemps.com\/es\/prs\/cali-terpenes\/","og_locale":"es_ES","og_type":"article","og_title":"Terpenos","og_description":"Terpenos - Your CBD Shop | Your CBD Brand | born in Berlin","og_url":"https:\/\/www.tomhemps.com\/es\/prs\/cali-terpenes\/","og_site_name":"Your CBD Shop | Your CBD Brand | born in Berlin","article_publisher":"https:\/\/www.facebook.com\/tomhempsberlin\/","article_modified_time":"2021-09-08T10:53:31+00:00","og_image":[{"width":1780,"height":1600,"url":"https:\/\/www.tomhemps.com\/wp-content\/uploads\/2018\/07\/Cali_terpenes_blackberrykush_Desktop_Detail_HD_1780x1600.png","type":"image\/png"}],"twitter_card":"summary_large_image","schema":{"@context":"https:\/\/schema.org","@graph":[{"@type":"WebPage","@id":"https:\/\/www.tomhemps.com\/es\/prs\/cali-terpenes\/","url":"https:\/\/www.tomhemps.com\/es\/prs\/cali-terpenes\/","name":"Terpenos","isPartOf":{"@id":"https:\/\/www.tomhemps.com\/es\/#website"},"primaryImageOfPage":{"@id":"https:\/\/www.tomhemps.com\/es\/prs\/cali-terpenes\/#primaryimage"},"image":{"@id":"https:\/\/www.tomhemps.com\/es\/prs\/cali-terpenes\/#primaryimage"},"thumbnailUrl":"https:\/\/www.tomhemps.com\/wp-content\/uploads\/2018\/07\/Cali_terpenes_blackberrykush_Desktop_Detail_HD_1780x1600.png","datePublished":"2018-07-10T14:17:46+00:00","dateModified":"2021-09-08T10:53:31+00:00","description":"Terpenos - Your CBD Shop | Your CBD Brand | born in Berlin","breadcrumb":{"@id":"https:\/\/www.tomhemps.com\/es\/prs\/cali-terpenes\/#breadcrumb"},"inLanguage":"es","potentialAction":[{"@type":"ReadAction","target":["https:\/\/www.tomhemps.com\/es\/prs\/cali-terpenes\/"]}]},{"@type":"ImageObject","inLanguage":"es","@id":"https:\/\/www.tomhemps.com\/es\/prs\/cali-terpenes\/#primaryimage","url":"https:\/\/www.tomhemps.com\/wp-content\/uploads\/2018\/07\/Cali_terpenes_blackberrykush_Desktop_Detail_HD_1780x1600.png","contentUrl":"https:\/\/www.tomhemps.com\/wp-content\/uploads\/2018\/07\/Cali_terpenes_blackberrykush_Desktop_Detail_HD_1780x1600.png","width":1780,"height":1600,"caption":"Cali terpenes with yellow-black packaging in several aromas."},{"@type":"BreadcrumbList","@id":"https:\/\/www.tomhemps.com\/es\/prs\/cali-terpenes\/#breadcrumb","itemListElement":[{"@type":"ListItem","position":1,"name":"Startseite","item":"https:\/\/www.tomhemps.com\/es\/"},{"@type":"ListItem","position":2,"name":"Shop","item":"https:\/\/www.tomhemps.com\/es\/shop\/"},{"@type":"ListItem","position":3,"name":"Terpenos"}]},{"@type":"WebSite","@id":"https:\/\/www.tomhemps.com\/es\/#website","url":"https:\/\/www.tomhemps.com\/es\/","name":"Your CBD Shop | Your CBD Brand | born in Berlin","description":"CBD Shop Berlin","publisher":{"@id":"https:\/\/www.tomhemps.com\/es\/#organization"},"potentialAction":[{"@type":"SearchAction","target":{"@type":"EntryPoint","urlTemplate":"https:\/\/www.tomhemps.com\/es\/?s={search_term_string}"},"query-input":"required name=search_term_string"}],"inLanguage":"es"},{"@type":"Organization","@id":"https:\/\/www.tomhemps.com\/es\/#organization","name":"Tom Hemp's CBD Shop","alternateName":"Tom Hemp's Berlin","url":"https:\/\/www.tomhemps.com\/es\/","logo":{"@type":"ImageObject","inLanguage":"es","@id":"https:\/\/www.tomhemps.com\/es\/#\/schema\/logo\/image\/","url":"https:\/\/www.tomhemps.com\/wp-content\/uploads\/2019\/04\/Logo-2019-e1581413011332.jpg","contentUrl":"https:\/\/www.tomhemps.com\/wp-content\/uploads\/2019\/04\/Logo-2019-e1581413011332.jpg","width":460,"height":153,"caption":"Tom Hemp's CBD Shop"},"image":{"@id":"https:\/\/www.tomhemps.com\/es\/#\/schema\/logo\/image\/"},"sameAs":["https:\/\/www.facebook.com\/tomhempsberlin\/","https:\/\/www.instagram.com\/tomhemps_cbd\/","https:\/\/www.youtube.com\/channel\/UCbGxDacLx_DRKyder_zVoNw"]}]}},"fields":{"pi_dd":129192,"pi_t":129194,"pi_tot":"\u00bfQu\u00e9 hay dentro?","pi_to":"<p>Contenido: 1 ml<\/p>\n<p>Sabores:<br \/>\n<strong>10K Jack<\/strong> Tiene un aroma c\u00edtrico y afrutado que recuerda a pino y lim\u00f3n, con un regusto claro dulce y terroso.<\/p>\n<p><strong>24K Gold<\/strong> tiene un aroma c\u00edtrico y dulce con un toque terroso.<\/p>\n<p><strong>3 Kings<\/strong> Tiene un aroma y sabor compuestos por una mezcla de un toque terroso, c\u00edtricos tipo Diesel y pino.<\/p>\n<p><strong>707 Truthband<\/strong> Tiene un aroma y un sabor intensos, una mezcla de un toque de lim\u00f3n y frutas especiadas, con notas de petr\u00f3leo diesel.<\/p>\n<p><strong>AK 47<\/strong> Tiene un aroma dulce y sabor a frutos rojos con un toque intenso a pino y tierra h\u00fameda.<\/p>\n<p><strong>Amnesia<\/strong> Tiene un aroma y un sabor intenso que mezcla toques c\u00edtricos, terrosos y dulces.<\/p>\n<p><strong>Black Dream<\/strong> Tiene un aroma afrutado y dulce con un toque especiado.<\/p>\n<p><strong>Blackberry Kush<\/strong> Tiene un aroma y un sabor penetrantes que recuerdan al hach\u00eds afgano, con toques dulces, terrosos y de frutos rojos.<\/p>\n<p><strong>Cheese<\/strong> Posee un aroma intenso, sabor dulce y c\u00edtrico tipo Skunk con toques de queso curado e incienso.<\/p>\n<p><strong>Chemdawg 4<\/strong> Tiene un aroma y un sabor c\u00edtrico muy intenso, con toques terrosos y especiados.<\/p>\n<p><strong>Chocolate Mint OG<\/strong> Tiene un aroma y sabor muy especial y complejo que mezcla toques de chocolate, menta, pino y notas Diesel.<\/p>\n<p><strong>Cinderella 99<\/strong> Posee un aroma y un sabor intenso que mezcla toques c\u00edtricos tipo lim\u00f3n con notas de tierra h\u00fameda e incienso.<\/p>\n<p><strong>Critical<\/strong> Tiene un aroma y un sabor intensos, una mezcla de toques c\u00edtricos y dulces. Tipo Skunk con notas de lim\u00f3n, pino y especias.<\/p>\n<p><strong>Critical Jack<\/strong> Tiene un aroma intenso y un sabor c\u00edtrico tipo lim\u00f3n con toques de pino y una base floral clara.<\/p>\n<p><strong>Dosidos<\/strong> Tiene un aroma intenso, sabor terroso y dulce con toques especiados.<\/p>\n<p><strong>Furious Candy<\/strong> Tiene un sabor y aroma muy dulce, a goma de fresa con una base terrosa y fresca.<\/p>\n<p><strong>Gelato<\/strong> Tiene un aroma intenso y sabor dulce con toques c\u00edtricos, terrosos y cremosos.<\/p>\n<p><strong>Gipsy Haze<\/strong> Tiene un aroma intenso y sabor a Haze, dulcemente afrutado y c\u00edtrico, mezclando toques de frutas como mango y lima con toques de incienso.<\/p>\n<p><strong>Girl Scout Cookies<\/strong> Tiene un aroma y sabor intenso que mezcla toques dulces, terrosos y especiados.<\/p>\n<p><strong>Gorilla Glue<\/strong> Tiene un aroma intenso, terroso y de sabor profundo con un claro toque picante, tipo pino.<\/p>\n<p><strong>Grapefruit OG<\/strong> Tiene un aroma intenso a pomelo con toques c\u00edtricos y terrosos.<\/p>\n<p><strong>High Level<\/strong> Tiene un aroma afrutado y dulce, su sabor recuerda a la colza, con toques especiados.<\/p>\n<p><strong>Holy Grail Kush<\/strong> Tiene un aroma intenso y sabor \u2018Kush\u2019, que mezcla toques terrosos, dulces y a pino.<\/p>\n<p><strong>Jamaican Dream<\/strong> Tiene un aroma y sabor ligeramente dulce con toques c\u00edtricos y de frutos secos (avellanas).<\/p>\n<p><strong>Kashmir Kush<\/strong> Posee aroma y sabor terroso, c\u00edtrico (tipo lim\u00f3n) con toques especiados y dulces tipo vainilla, con notas de menta.<\/p>\n<p><strong>Key Lime Pie<\/strong> Tiene un aroma y sabor intenso que mezcla sabores c\u00edtricos que recuerdan a la lima, con toques dulces.<\/p>\n<p><strong>Lavender<\/strong> Tiene un aroma intenso y fresco, una mezcla de varias flores, especialmente enfocado a la lavanda, por supuesto.<\/p>\n<p><strong>Lemon Cookies<\/strong> Tiene un aroma y sabor intenso que mezcla los toques c\u00edtricos tipo lim\u00f3n caracter\u00edsticos de la Super Lemon Haze con toques terrosos y especiados, heredados de Girl Scout Cookies.<\/p>\n<p><strong>M.I.B.<\/strong> Tiene un aroma afrutado que recuerda a una mezcla de melocot\u00f3n y mandarina.<\/p>\n<p><strong>Mojito<\/strong> Tiene un aroma y sabor muy intenso que mezcla toques c\u00edtricos tipo lima con toques de menta y chocolate.<\/p>\n<p><strong>Monster<\/strong> Tiene un aroma y sabor especiado con toques c\u00edtricos y de madera asi\u00e1tica.<\/p>\n<p><strong>Nina Limone<\/strong> Tiene un intenso aroma y sabor a lim\u00f3n con toques dulces.<\/p>\n<p><strong>OG Kush<\/strong> Posee aroma intenso y sabor afrutado que nos recuerda a frutos del bosque con toques c\u00edtricos y especiados tipo Diesel.<\/p>\n<p><strong>Orange Turbo<\/strong> Tiene un aroma intenso y sabor c\u00edtrico que recuerda a naranja, de toques dulces combinados con toques \u00e1cidos.<\/p>\n<p><strong>Pink Plant<\/strong> Tiene un aroma intenso, afrutado y fresco.<\/p>\n<p><strong>Sensi Star<\/strong> Tiene un aroma intenso y sabor a tierra h\u00fameda con toques dulces y especiados.<\/p>\n<p><strong>SFV OG<\/strong> Tiene un aroma intenso y un sabor terroso, profundo, con toques especiados.<\/p>\n<p><strong>Sour Diesel<\/strong> Tiene un sabor intenso tipo Diesel, con toques especiados y terrosos.<\/p>\n<p><strong>Sugaree<\/strong> Tiene un aroma intenso y sabor a pomelo con toques frescos y c\u00edtricos tipo Diesel.<\/p>\n<p><strong>Super Lemon Haze<\/strong> tiene un aroma c\u00edtrico intenso tipo \u00abHaze\u00bb, con predominio de toques de lim\u00f3n, pomelo y especias.<\/p>\n<p><strong>Sweet Tooth<\/strong> tiene un aroma intenso y un sabor terroso y profundo, con un toque claramente picante a pino.<\/p>\n<p><strong>Tangie<\/strong> tiene un aroma intenso y un sabor terroso y profundo, con un toque claramente picante a pino.<\/p>\n<p><strong>TNT Kush<\/strong> Tiene un aroma ex\u00f3tico que mezcla toques de cerezas, frutos del bosque y nueces.<\/p>\n<p><strong>Truth<\/strong> Tiene un aroma intenso y c\u00edtrico, sabor afrutado que recuerda a frutos del bosque con toques de lim\u00f3n, tierra y madera oriental.<\/p>\n<p><strong>Veneno Posee<\/strong> un intenso aroma afrutado donde destaca la fresa, con toques de maderas orientales y especias.<\/p>\n<p><strong>WIFI OG<\/strong> Tiene un aroma y un sabor intensos que mezclan toques \u00e1cidos y terrosos tipo \u00abOG\u00bb con notas c\u00edtricas tipo Diesel.<\/p>\n<p><strong>Zkittlez<\/strong> Tiene un aroma y un sabor intenso y floral, con notas especiadas y dulces realmente especiales.<\/p>\n","pi_tst":"Aviso","pi_ts":"<p>No use m\u00e1s del 4% de terpenos para aplicaciones.<br \/>\nEvite el contacto con los ojos y la piel.<br \/>\nDiluir siempre y no usar puro.<br \/>\nAlmacenar en un lugar fresco y oscuro.<br \/>\nEste producto no contiene cannabinoides. (THC, CBD, CBN, CBG &#8230;)<br \/>\nEste producto es 100% natural y no contiene solventes, metales pesados ni impurezas.<\/p>\n","pi_hd":false,"pi_hm":false,"smoking_product":true},"_links":{"self":[{"href":"https:\/\/www.tomhemps.com\/es\/wp-json\/wp\/v2\/product\/129190"}],"collection":[{"href":"https:\/\/www.tomhemps.com\/es\/wp-json\/wp\/v2\/product"}],"about":[{"href":"https:\/\/www.tomhemps.com\/es\/wp-json\/wp\/v2\/types\/product"}],"replies":[{"embeddable":true,"href":"https:\/\/www.tomhemps.com\/es\/wp-json\/wp\/v2\/comments?post=129190"}],"wp:featuredmedia":[{"embeddable":true,"href":"https:\/\/www.tomhemps.com\/es\/wp-json\/wp\/v2\/media\/129193"}],"wp:attachment":[{"href":"https:\/\/www.tomhemps.com\/es\/wp-json\/wp\/v2\/media?parent=129190"}],"wp:term":[{"taxonomy":"product_cat","embeddable":true,"href":"https:\/\/www.tomhemps.com\/es\/wp-json\/wp\/v2\/product_cat?post=129190"},{"taxonomy":"product_tag","embeddable":true,"href":"https:\/\/www.tomhemps.com\/es\/wp-json\/wp\/v2\/product_tag?post=129190"}],"curies":[{"name":"wp","href":"https:\/\/api.w.org\/{rel}","templated":true}]}}