{"id":129285,"date":"2018-06-07T18:29:45","date_gmt":"2018-06-07T16:29:45","guid":{"rendered":"https:\/\/www.tomhemps.com\/product\/cbd-aromablueten-berlin-kush-36\/"},"modified":"2026-03-31T10:00:38","modified_gmt":"2026-03-31T08:00:38","slug":"flores-de-cbd-berlin-kush-36","status":"publish","type":"product","link":"https:\/\/www.tomhemps.com\/es\/prs\/flores-de-cbd-berlin-kush-36\/","title":{"rendered":"Flores De CBD Berlin Kush 36"},"content":{"rendered":"","protected":false},"excerpt":{"rendered":"<p>Chicas berlinesas, chicos berlineses, damas y caballeros berlineses, mam\u00e1s y pap\u00e1s, abuelas y abuelos, ni\u00f1os y mascotas: quien no sepa lo que es 36 definitivamente debe ser un novato en esta ciudad. \u00a1Su tienda de CBD n\u00famero 1 en Berl\u00edn tiene informaci\u00f3n local para usted! Berl\u00edn Kush lo es. De hecho, se trata de un tipo de c\u00e1\u00f1amo industrial certificado por la UE que figura en el cat\u00e1logo oficial de variedades de especies de plantas agr\u00edcolas de la UE, casi demasiado oficial para los est\u00e1ndares de Berl\u00edn.<\/p>\n","protected":false},"featured_media":538108,"comment_status":"open","ping_status":"closed","template":"","meta":{"_acf_changed":false},"product_cat":[5008,586,600],"product_tag":[],"acf":[],"yoast_head":"<!-- This site is optimized with the Yoast SEO Premium plugin v22.8 (Yoast SEO v22.8) - https:\/\/yoast.com\/wordpress\/plugins\/seo\/ -->\n<title>Flores De CBD Berlin Kush 36<\/title>\n<meta name=\"description\" content=\"Flores De CBD Berlin Kush 36 - Your CBD Shop | Your CBD Brand | born in Berlin\" \/>\n<meta name=\"robots\" content=\"index, follow, max-snippet:-1, max-image-preview:large, max-video-preview:-1\" \/>\n<link rel=\"canonical\" href=\"https:\/\/www.tomhemps.com\/es\/prs\/flores-de-cbd-berlin-kush-36\/\" \/>\n<meta property=\"og:locale\" content=\"es_ES\" \/>\n<meta property=\"og:type\" content=\"article\" \/>\n<meta property=\"og:title\" content=\"Flores De CBD Berlin Kush 36\" \/>\n<meta property=\"og:description\" content=\"Flores De CBD Berlin Kush 36 - Your CBD Shop | Your CBD Brand | born in Berlin\" \/>\n<meta property=\"og:url\" content=\"https:\/\/www.tomhemps.com\/es\/prs\/flores-de-cbd-berlin-kush-36\/\" \/>\n<meta property=\"og:site_name\" content=\"Your CBD Shop | Your CBD Brand | born in Berlin\" \/>\n<meta property=\"article:publisher\" content=\"https:\/\/www.facebook.com\/tomhempsberlin\/\" \/>\n<meta property=\"article:modified_time\" content=\"2026-03-31T08:00:38+00:00\" \/>\n<meta property=\"og:image\" content=\"https:\/\/www.tomhemps.com\/wp-content\/uploads\/2022\/10\/TH-products-webshop-680x850-Berlin-Kush.png\" \/>\n\t<meta property=\"og:image:width\" content=\"680\" \/>\n\t<meta property=\"og:image:height\" content=\"850\" \/>\n\t<meta property=\"og:image:type\" content=\"image\/png\" \/>\n<meta name=\"twitter:card\" content=\"summary_large_image\" \/>\n<script type=\"application\/ld+json\" class=\"yoast-schema-graph\">{\"@context\":\"https:\/\/schema.org\",\"@graph\":[{\"@type\":\"WebPage\",\"@id\":\"https:\/\/www.tomhemps.com\/es\/prs\/flores-de-cbd-berlin-kush-36\/\",\"url\":\"https:\/\/www.tomhemps.com\/es\/prs\/flores-de-cbd-berlin-kush-36\/\",\"name\":\"Flores De CBD Berlin Kush 36\",\"isPartOf\":{\"@id\":\"https:\/\/www.tomhemps.com\/es\/#website\"},\"primaryImageOfPage\":{\"@id\":\"https:\/\/www.tomhemps.com\/es\/prs\/flores-de-cbd-berlin-kush-36\/#primaryimage\"},\"image\":{\"@id\":\"https:\/\/www.tomhemps.com\/es\/prs\/flores-de-cbd-berlin-kush-36\/#primaryimage\"},\"thumbnailUrl\":\"https:\/\/www.tomhemps.com\/wp-content\/uploads\/2022\/10\/TH-products-webshop-680x850-Berlin-Kush.png\",\"datePublished\":\"2018-06-07T16:29:45+00:00\",\"dateModified\":\"2026-03-31T08:00:38+00:00\",\"description\":\"Flores De CBD Berlin Kush 36 - Your CBD Shop | Your CBD Brand | born in Berlin\",\"breadcrumb\":{\"@id\":\"https:\/\/www.tomhemps.com\/es\/prs\/flores-de-cbd-berlin-kush-36\/#breadcrumb\"},\"inLanguage\":\"es\",\"potentialAction\":[{\"@type\":\"ReadAction\",\"target\":[\"https:\/\/www.tomhemps.com\/es\/prs\/flores-de-cbd-berlin-kush-36\/\"]}]},{\"@type\":\"ImageObject\",\"inLanguage\":\"es\",\"@id\":\"https:\/\/www.tomhemps.com\/es\/prs\/flores-de-cbd-berlin-kush-36\/#primaryimage\",\"url\":\"https:\/\/www.tomhemps.com\/wp-content\/uploads\/2022\/10\/TH-products-webshop-680x850-Berlin-Kush.png\",\"contentUrl\":\"https:\/\/www.tomhemps.com\/wp-content\/uploads\/2022\/10\/TH-products-webshop-680x850-Berlin-Kush.png\",\"width\":680,\"height\":850,\"caption\":\"CBD Bl\u00fcten Berlin Kush 36 Package - TomHemp's CBD Shop\"},{\"@type\":\"BreadcrumbList\",\"@id\":\"https:\/\/www.tomhemps.com\/es\/prs\/flores-de-cbd-berlin-kush-36\/#breadcrumb\",\"itemListElement\":[{\"@type\":\"ListItem\",\"position\":1,\"name\":\"Startseite\",\"item\":\"https:\/\/www.tomhemps.com\/es\/\"},{\"@type\":\"ListItem\",\"position\":2,\"name\":\"Shop\",\"item\":\"https:\/\/www.tomhemps.com\/es\/shop\/\"},{\"@type\":\"ListItem\",\"position\":3,\"name\":\"Flores De CBD Berlin Kush 36\"}]},{\"@type\":\"WebSite\",\"@id\":\"https:\/\/www.tomhemps.com\/es\/#website\",\"url\":\"https:\/\/www.tomhemps.com\/es\/\",\"name\":\"Your CBD Shop | Your CBD Brand | born in Berlin\",\"description\":\"CBD Shop Berlin\",\"publisher\":{\"@id\":\"https:\/\/www.tomhemps.com\/es\/#organization\"},\"potentialAction\":[{\"@type\":\"SearchAction\",\"target\":{\"@type\":\"EntryPoint\",\"urlTemplate\":\"https:\/\/www.tomhemps.com\/es\/?s={search_term_string}\"},\"query-input\":\"required name=search_term_string\"}],\"inLanguage\":\"es\"},{\"@type\":\"Organization\",\"@id\":\"https:\/\/www.tomhemps.com\/es\/#organization\",\"name\":\"Tom Hemp's CBD Shop\",\"alternateName\":\"Tom Hemp's Berlin\",\"url\":\"https:\/\/www.tomhemps.com\/es\/\",\"logo\":{\"@type\":\"ImageObject\",\"inLanguage\":\"es\",\"@id\":\"https:\/\/www.tomhemps.com\/es\/#\/schema\/logo\/image\/\",\"url\":\"https:\/\/www.tomhemps.com\/wp-content\/uploads\/2019\/04\/Logo-2019-e1581413011332.jpg\",\"contentUrl\":\"https:\/\/www.tomhemps.com\/wp-content\/uploads\/2019\/04\/Logo-2019-e1581413011332.jpg\",\"width\":460,\"height\":153,\"caption\":\"Tom Hemp's CBD Shop\"},\"image\":{\"@id\":\"https:\/\/www.tomhemps.com\/es\/#\/schema\/logo\/image\/\"},\"sameAs\":[\"https:\/\/www.facebook.com\/tomhempsberlin\/\",\"https:\/\/www.instagram.com\/tomhemps_cbd\/\",\"https:\/\/www.youtube.com\/channel\/UCbGxDacLx_DRKyder_zVoNw\"]}]}<\/script>\n<!-- \/ Yoast SEO Premium plugin. -->","yoast_head_json":{"title":"Flores De CBD Berlin Kush 36","description":"Flores De CBD Berlin Kush 36 - Your CBD Shop | Your CBD Brand | born in Berlin","robots":{"index":"index","follow":"follow","max-snippet":"max-snippet:-1","max-image-preview":"max-image-preview:large","max-video-preview":"max-video-preview:-1"},"canonical":"https:\/\/www.tomhemps.com\/es\/prs\/flores-de-cbd-berlin-kush-36\/","og_locale":"es_ES","og_type":"article","og_title":"Flores De CBD Berlin Kush 36","og_description":"Flores De CBD Berlin Kush 36 - Your CBD Shop | Your CBD Brand | born in Berlin","og_url":"https:\/\/www.tomhemps.com\/es\/prs\/flores-de-cbd-berlin-kush-36\/","og_site_name":"Your CBD Shop | Your CBD Brand | born in Berlin","article_publisher":"https:\/\/www.facebook.com\/tomhempsberlin\/","article_modified_time":"2026-03-31T08:00:38+00:00","og_image":[{"width":680,"height":850,"url":"https:\/\/www.tomhemps.com\/wp-content\/uploads\/2022\/10\/TH-products-webshop-680x850-Berlin-Kush.png","type":"image\/png"}],"twitter_card":"summary_large_image","schema":{"@context":"https:\/\/schema.org","@graph":[{"@type":"WebPage","@id":"https:\/\/www.tomhemps.com\/es\/prs\/flores-de-cbd-berlin-kush-36\/","url":"https:\/\/www.tomhemps.com\/es\/prs\/flores-de-cbd-berlin-kush-36\/","name":"Flores De CBD Berlin Kush 36","isPartOf":{"@id":"https:\/\/www.tomhemps.com\/es\/#website"},"primaryImageOfPage":{"@id":"https:\/\/www.tomhemps.com\/es\/prs\/flores-de-cbd-berlin-kush-36\/#primaryimage"},"image":{"@id":"https:\/\/www.tomhemps.com\/es\/prs\/flores-de-cbd-berlin-kush-36\/#primaryimage"},"thumbnailUrl":"https:\/\/www.tomhemps.com\/wp-content\/uploads\/2022\/10\/TH-products-webshop-680x850-Berlin-Kush.png","datePublished":"2018-06-07T16:29:45+00:00","dateModified":"2026-03-31T08:00:38+00:00","description":"Flores De CBD Berlin Kush 36 - Your CBD Shop | Your CBD Brand | born in Berlin","breadcrumb":{"@id":"https:\/\/www.tomhemps.com\/es\/prs\/flores-de-cbd-berlin-kush-36\/#breadcrumb"},"inLanguage":"es","potentialAction":[{"@type":"ReadAction","target":["https:\/\/www.tomhemps.com\/es\/prs\/flores-de-cbd-berlin-kush-36\/"]}]},{"@type":"ImageObject","inLanguage":"es","@id":"https:\/\/www.tomhemps.com\/es\/prs\/flores-de-cbd-berlin-kush-36\/#primaryimage","url":"https:\/\/www.tomhemps.com\/wp-content\/uploads\/2022\/10\/TH-products-webshop-680x850-Berlin-Kush.png","contentUrl":"https:\/\/www.tomhemps.com\/wp-content\/uploads\/2022\/10\/TH-products-webshop-680x850-Berlin-Kush.png","width":680,"height":850,"caption":"CBD Bl\u00fcten Berlin Kush 36 Package - TomHemp's CBD Shop"},{"@type":"BreadcrumbList","@id":"https:\/\/www.tomhemps.com\/es\/prs\/flores-de-cbd-berlin-kush-36\/#breadcrumb","itemListElement":[{"@type":"ListItem","position":1,"name":"Startseite","item":"https:\/\/www.tomhemps.com\/es\/"},{"@type":"ListItem","position":2,"name":"Shop","item":"https:\/\/www.tomhemps.com\/es\/shop\/"},{"@type":"ListItem","position":3,"name":"Flores De CBD Berlin Kush 36"}]},{"@type":"WebSite","@id":"https:\/\/www.tomhemps.com\/es\/#website","url":"https:\/\/www.tomhemps.com\/es\/","name":"Your CBD Shop | Your CBD Brand | born in Berlin","description":"CBD Shop Berlin","publisher":{"@id":"https:\/\/www.tomhemps.com\/es\/#organization"},"potentialAction":[{"@type":"SearchAction","target":{"@type":"EntryPoint","urlTemplate":"https:\/\/www.tomhemps.com\/es\/?s={search_term_string}"},"query-input":"required name=search_term_string"}],"inLanguage":"es"},{"@type":"Organization","@id":"https:\/\/www.tomhemps.com\/es\/#organization","name":"Tom Hemp's CBD Shop","alternateName":"Tom Hemp's Berlin","url":"https:\/\/www.tomhemps.com\/es\/","logo":{"@type":"ImageObject","inLanguage":"es","@id":"https:\/\/www.tomhemps.com\/es\/#\/schema\/logo\/image\/","url":"https:\/\/www.tomhemps.com\/wp-content\/uploads\/2019\/04\/Logo-2019-e1581413011332.jpg","contentUrl":"https:\/\/www.tomhemps.com\/wp-content\/uploads\/2019\/04\/Logo-2019-e1581413011332.jpg","width":460,"height":153,"caption":"Tom Hemp's CBD Shop"},"image":{"@id":"https:\/\/www.tomhemps.com\/es\/#\/schema\/logo\/image\/"},"sameAs":["https:\/\/www.facebook.com\/tomhempsberlin\/","https:\/\/www.instagram.com\/tomhemps_cbd\/","https:\/\/www.youtube.com\/channel\/UCbGxDacLx_DRKyder_zVoNw"]}]}},"fields":{"pi_t":53798,"pi_tot":"\u00bfQu\u00e9 hay dentro?","pi_to":"<p>CBD: 6-8%<br \/>\nTHC: &lt;0,2%<\/p>\n<p>Ingredientes activos: flores de c\u00e1\u00f1amo industrial europeo.<\/p>\n","pi_tst":"Aviso","pi_ts":"<p>El producto est\u00e1 dise\u00f1ado exclusivamente para uso comercial, t\u00e9cnico y cient\u00edfico. Almacenar fuera del alcance de los ni\u00f1os. El producto no se puede transportar al extranjero. La ingesti\u00f3n y el fumar de este producto est\u00e1n estrictamente prohibidos. Estas flores de c\u00e1\u00f1amo industrial europeo procesadas contienen menos del 0,2% de THC. El nombre del producto no tiene ning\u00fan significado o contexto para otros productos y se utiliza \u00fanicamente con fines de marketing.<\/p>\n<p>Las flores pueden diferir en color de las im\u00e1genes\u00a0mostradas, dependiendo de la cosecha.<\/p>\n","smoking_product":true,"pi_dd":false,"pi_hm":false,"pi_hd":475490},"_links":{"self":[{"href":"https:\/\/www.tomhemps.com\/es\/wp-json\/wp\/v2\/product\/129285"}],"collection":[{"href":"https:\/\/www.tomhemps.com\/es\/wp-json\/wp\/v2\/product"}],"about":[{"href":"https:\/\/www.tomhemps.com\/es\/wp-json\/wp\/v2\/types\/product"}],"replies":[{"embeddable":true,"href":"https:\/\/www.tomhemps.com\/es\/wp-json\/wp\/v2\/comments?post=129285"}],"wp:featuredmedia":[{"embeddable":true,"href":"https:\/\/www.tomhemps.com\/es\/wp-json\/wp\/v2\/media\/538108"}],"wp:attachment":[{"href":"https:\/\/www.tomhemps.com\/es\/wp-json\/wp\/v2\/media?parent=129285"}],"wp:term":[{"taxonomy":"product_cat","embeddable":true,"href":"https:\/\/www.tomhemps.com\/es\/wp-json\/wp\/v2\/product_cat?post=129285"},{"taxonomy":"product_tag","embeddable":true,"href":"https:\/\/www.tomhemps.com\/es\/wp-json\/wp\/v2\/product_tag?post=129285"}],"curies":[{"name":"wp","href":"https:\/\/api.w.org\/{rel}","templated":true}]}}