{"id":129930,"date":"2020-02-11T14:27:46","date_gmt":"2020-02-11T13:27:46","guid":{"rendered":"https:\/\/www.tomhemps.com\/product\/cbd-e-liquid-gelato-361\/"},"modified":"2022-03-14T00:00:11","modified_gmt":"2022-03-13T23:00:11","slug":"cbd-e-liquid-gelato-361","status":"publish","type":"product","link":"https:\/\/www.tomhemps.com\/es\/prs\/cbd-e-liquid-gelato-361\/","title":{"rendered":"E-l\u00edquido de CBD Gelato 361"},"content":{"rendered":"","protected":false},"excerpt":{"rendered":"<p>\u00a1Como hielo bajo el sol! Pero uno con poder: el Gelato 361 E-Liquid tiene un sabor intenso a cannabis fresco y herbal y te dar\u00e1 mariposas veraniegas. Un toque de ar\u00e1ndanos frutales y naranja fresca combinados con CBD: \u00bfes esto real?<\/p>\n","protected":false},"featured_media":129932,"comment_status":"open","ping_status":"closed","template":"","meta":{"_acf_changed":false},"product_cat":[4956],"product_tag":[],"acf":[],"yoast_head":"<!-- This site is optimized with the Yoast SEO Premium plugin v22.8 (Yoast SEO v22.8) - https:\/\/yoast.com\/wordpress\/plugins\/seo\/ -->\n<title>E-l\u00edquido de CBD Gelato 361<\/title>\n<meta name=\"description\" content=\"E-l\u00edquido de CBD Gelato 361 - Your CBD Shop | Your CBD Brand | born in Berlin\" \/>\n<meta name=\"robots\" content=\"index, follow, max-snippet:-1, max-image-preview:large, max-video-preview:-1\" \/>\n<link rel=\"canonical\" href=\"https:\/\/www.tomhemps.com\/es\/prs\/cbd-e-liquid-gelato-361\/\" \/>\n<meta property=\"og:locale\" content=\"es_ES\" \/>\n<meta property=\"og:type\" content=\"article\" \/>\n<meta property=\"og:title\" content=\"E-l\u00edquido de CBD Gelato 361\" \/>\n<meta property=\"og:description\" content=\"E-l\u00edquido de CBD Gelato 361 - Your CBD Shop | Your CBD Brand | born in Berlin\" \/>\n<meta property=\"og:url\" content=\"https:\/\/www.tomhemps.com\/es\/prs\/cbd-e-liquid-gelato-361\/\" \/>\n<meta property=\"og:site_name\" content=\"Your CBD Shop | Your CBD Brand | born in Berlin\" \/>\n<meta property=\"article:publisher\" content=\"https:\/\/www.facebook.com\/tomhempsberlin\/\" \/>\n<meta property=\"article:modified_time\" content=\"2022-03-13T23:00:11+00:00\" \/>\n<meta property=\"og:image\" content=\"https:\/\/www.tomhemps.com\/wp-content\/uploads\/2020\/02\/Tomhemps_CBD_E-Liquid_Gelato361_Pipette_Desktop_Detail_HD_1780x1600.png\" \/>\n\t<meta property=\"og:image:width\" content=\"1780\" \/>\n\t<meta property=\"og:image:height\" content=\"1600\" \/>\n\t<meta property=\"og:image:type\" content=\"image\/png\" \/>\n<meta name=\"twitter:card\" content=\"summary_large_image\" \/>\n<script type=\"application\/ld+json\" class=\"yoast-schema-graph\">{\"@context\":\"https:\/\/schema.org\",\"@graph\":[{\"@type\":\"WebPage\",\"@id\":\"https:\/\/www.tomhemps.com\/es\/prs\/cbd-e-liquid-gelato-361\/\",\"url\":\"https:\/\/www.tomhemps.com\/es\/prs\/cbd-e-liquid-gelato-361\/\",\"name\":\"E-l\u00edquido de CBD Gelato 361\",\"isPartOf\":{\"@id\":\"https:\/\/www.tomhemps.com\/es\/#website\"},\"primaryImageOfPage\":{\"@id\":\"https:\/\/www.tomhemps.com\/es\/prs\/cbd-e-liquid-gelato-361\/#primaryimage\"},\"image\":{\"@id\":\"https:\/\/www.tomhemps.com\/es\/prs\/cbd-e-liquid-gelato-361\/#primaryimage\"},\"thumbnailUrl\":\"https:\/\/www.tomhemps.com\/wp-content\/uploads\/2020\/02\/Tomhemps_CBD_E-Liquid_Gelato361_Pipette_Desktop_Detail_HD_1780x1600.png\",\"datePublished\":\"2020-02-11T13:27:46+00:00\",\"dateModified\":\"2022-03-13T23:00:11+00:00\",\"description\":\"E-l\u00edquido de CBD Gelato 361 - Your CBD Shop | Your CBD Brand | born in Berlin\",\"breadcrumb\":{\"@id\":\"https:\/\/www.tomhemps.com\/es\/prs\/cbd-e-liquid-gelato-361\/#breadcrumb\"},\"inLanguage\":\"es\",\"potentialAction\":[{\"@type\":\"ReadAction\",\"target\":[\"https:\/\/www.tomhemps.com\/es\/prs\/cbd-e-liquid-gelato-361\/\"]}]},{\"@type\":\"ImageObject\",\"inLanguage\":\"es\",\"@id\":\"https:\/\/www.tomhemps.com\/es\/prs\/cbd-e-liquid-gelato-361\/#primaryimage\",\"url\":\"https:\/\/www.tomhemps.com\/wp-content\/uploads\/2020\/02\/Tomhemps_CBD_E-Liquid_Gelato361_Pipette_Desktop_Detail_HD_1780x1600.png\",\"contentUrl\":\"https:\/\/www.tomhemps.com\/wp-content\/uploads\/2020\/02\/Tomhemps_CBD_E-Liquid_Gelato361_Pipette_Desktop_Detail_HD_1780x1600.png\",\"width\":1780,\"height\":1600},{\"@type\":\"BreadcrumbList\",\"@id\":\"https:\/\/www.tomhemps.com\/es\/prs\/cbd-e-liquid-gelato-361\/#breadcrumb\",\"itemListElement\":[{\"@type\":\"ListItem\",\"position\":1,\"name\":\"Startseite\",\"item\":\"https:\/\/www.tomhemps.com\/es\/\"},{\"@type\":\"ListItem\",\"position\":2,\"name\":\"Shop\",\"item\":\"https:\/\/www.tomhemps.com\/es\/shop\/\"},{\"@type\":\"ListItem\",\"position\":3,\"name\":\"E-l\u00edquido de CBD Gelato 361\"}]},{\"@type\":\"WebSite\",\"@id\":\"https:\/\/www.tomhemps.com\/es\/#website\",\"url\":\"https:\/\/www.tomhemps.com\/es\/\",\"name\":\"Your CBD Shop | Your CBD Brand | born in Berlin\",\"description\":\"CBD Shop Berlin\",\"publisher\":{\"@id\":\"https:\/\/www.tomhemps.com\/es\/#organization\"},\"potentialAction\":[{\"@type\":\"SearchAction\",\"target\":{\"@type\":\"EntryPoint\",\"urlTemplate\":\"https:\/\/www.tomhemps.com\/es\/?s={search_term_string}\"},\"query-input\":\"required name=search_term_string\"}],\"inLanguage\":\"es\"},{\"@type\":\"Organization\",\"@id\":\"https:\/\/www.tomhemps.com\/es\/#organization\",\"name\":\"Tom Hemp's CBD Shop\",\"alternateName\":\"Tom Hemp's Berlin\",\"url\":\"https:\/\/www.tomhemps.com\/es\/\",\"logo\":{\"@type\":\"ImageObject\",\"inLanguage\":\"es\",\"@id\":\"https:\/\/www.tomhemps.com\/es\/#\/schema\/logo\/image\/\",\"url\":\"https:\/\/www.tomhemps.com\/wp-content\/uploads\/2019\/04\/Logo-2019-e1581413011332.jpg\",\"contentUrl\":\"https:\/\/www.tomhemps.com\/wp-content\/uploads\/2019\/04\/Logo-2019-e1581413011332.jpg\",\"width\":460,\"height\":153,\"caption\":\"Tom Hemp's CBD Shop\"},\"image\":{\"@id\":\"https:\/\/www.tomhemps.com\/es\/#\/schema\/logo\/image\/\"},\"sameAs\":[\"https:\/\/www.facebook.com\/tomhempsberlin\/\",\"https:\/\/www.instagram.com\/tomhemps_cbd\/\",\"https:\/\/www.youtube.com\/channel\/UCbGxDacLx_DRKyder_zVoNw\"]}]}<\/script>\n<!-- \/ Yoast SEO Premium plugin. -->","yoast_head_json":{"title":"E-l\u00edquido de CBD Gelato 361","description":"E-l\u00edquido de CBD Gelato 361 - Your CBD Shop | Your CBD Brand | born in Berlin","robots":{"index":"index","follow":"follow","max-snippet":"max-snippet:-1","max-image-preview":"max-image-preview:large","max-video-preview":"max-video-preview:-1"},"canonical":"https:\/\/www.tomhemps.com\/es\/prs\/cbd-e-liquid-gelato-361\/","og_locale":"es_ES","og_type":"article","og_title":"E-l\u00edquido de CBD Gelato 361","og_description":"E-l\u00edquido de CBD Gelato 361 - Your CBD Shop | Your CBD Brand | born in Berlin","og_url":"https:\/\/www.tomhemps.com\/es\/prs\/cbd-e-liquid-gelato-361\/","og_site_name":"Your CBD Shop | Your CBD Brand | born in Berlin","article_publisher":"https:\/\/www.facebook.com\/tomhempsberlin\/","article_modified_time":"2022-03-13T23:00:11+00:00","og_image":[{"width":1780,"height":1600,"url":"https:\/\/www.tomhemps.com\/wp-content\/uploads\/2020\/02\/Tomhemps_CBD_E-Liquid_Gelato361_Pipette_Desktop_Detail_HD_1780x1600.png","type":"image\/png"}],"twitter_card":"summary_large_image","schema":{"@context":"https:\/\/schema.org","@graph":[{"@type":"WebPage","@id":"https:\/\/www.tomhemps.com\/es\/prs\/cbd-e-liquid-gelato-361\/","url":"https:\/\/www.tomhemps.com\/es\/prs\/cbd-e-liquid-gelato-361\/","name":"E-l\u00edquido de CBD Gelato 361","isPartOf":{"@id":"https:\/\/www.tomhemps.com\/es\/#website"},"primaryImageOfPage":{"@id":"https:\/\/www.tomhemps.com\/es\/prs\/cbd-e-liquid-gelato-361\/#primaryimage"},"image":{"@id":"https:\/\/www.tomhemps.com\/es\/prs\/cbd-e-liquid-gelato-361\/#primaryimage"},"thumbnailUrl":"https:\/\/www.tomhemps.com\/wp-content\/uploads\/2020\/02\/Tomhemps_CBD_E-Liquid_Gelato361_Pipette_Desktop_Detail_HD_1780x1600.png","datePublished":"2020-02-11T13:27:46+00:00","dateModified":"2022-03-13T23:00:11+00:00","description":"E-l\u00edquido de CBD Gelato 361 - Your CBD Shop | Your CBD Brand | born in Berlin","breadcrumb":{"@id":"https:\/\/www.tomhemps.com\/es\/prs\/cbd-e-liquid-gelato-361\/#breadcrumb"},"inLanguage":"es","potentialAction":[{"@type":"ReadAction","target":["https:\/\/www.tomhemps.com\/es\/prs\/cbd-e-liquid-gelato-361\/"]}]},{"@type":"ImageObject","inLanguage":"es","@id":"https:\/\/www.tomhemps.com\/es\/prs\/cbd-e-liquid-gelato-361\/#primaryimage","url":"https:\/\/www.tomhemps.com\/wp-content\/uploads\/2020\/02\/Tomhemps_CBD_E-Liquid_Gelato361_Pipette_Desktop_Detail_HD_1780x1600.png","contentUrl":"https:\/\/www.tomhemps.com\/wp-content\/uploads\/2020\/02\/Tomhemps_CBD_E-Liquid_Gelato361_Pipette_Desktop_Detail_HD_1780x1600.png","width":1780,"height":1600},{"@type":"BreadcrumbList","@id":"https:\/\/www.tomhemps.com\/es\/prs\/cbd-e-liquid-gelato-361\/#breadcrumb","itemListElement":[{"@type":"ListItem","position":1,"name":"Startseite","item":"https:\/\/www.tomhemps.com\/es\/"},{"@type":"ListItem","position":2,"name":"Shop","item":"https:\/\/www.tomhemps.com\/es\/shop\/"},{"@type":"ListItem","position":3,"name":"E-l\u00edquido de CBD Gelato 361"}]},{"@type":"WebSite","@id":"https:\/\/www.tomhemps.com\/es\/#website","url":"https:\/\/www.tomhemps.com\/es\/","name":"Your CBD Shop | Your CBD Brand | born in Berlin","description":"CBD Shop Berlin","publisher":{"@id":"https:\/\/www.tomhemps.com\/es\/#organization"},"potentialAction":[{"@type":"SearchAction","target":{"@type":"EntryPoint","urlTemplate":"https:\/\/www.tomhemps.com\/es\/?s={search_term_string}"},"query-input":"required name=search_term_string"}],"inLanguage":"es"},{"@type":"Organization","@id":"https:\/\/www.tomhemps.com\/es\/#organization","name":"Tom Hemp's CBD Shop","alternateName":"Tom Hemp's Berlin","url":"https:\/\/www.tomhemps.com\/es\/","logo":{"@type":"ImageObject","inLanguage":"es","@id":"https:\/\/www.tomhemps.com\/es\/#\/schema\/logo\/image\/","url":"https:\/\/www.tomhemps.com\/wp-content\/uploads\/2019\/04\/Logo-2019-e1581413011332.jpg","contentUrl":"https:\/\/www.tomhemps.com\/wp-content\/uploads\/2019\/04\/Logo-2019-e1581413011332.jpg","width":460,"height":153,"caption":"Tom Hemp's CBD Shop"},"image":{"@id":"https:\/\/www.tomhemps.com\/es\/#\/schema\/logo\/image\/"},"sameAs":["https:\/\/www.facebook.com\/tomhempsberlin\/","https:\/\/www.instagram.com\/tomhemps_cbd\/","https:\/\/www.youtube.com\/channel\/UCbGxDacLx_DRKyder_zVoNw"]}]}},"fields":{"pi_dd":129933,"pi_t":129900,"pi_tot":"\u00bfQu\u00e9 hay dentro?","pi_to":"<p>Contenido: 10 ml<\/p>\n<p>Ingredientes activos: glicerina vegetal E 422 (VG), propilenglicol vegetal E 1520 (VPG), extracto de c\u00e1\u00f1amo (Cannabis Sativa Leaf)<\/p>\n<p>Sabor vegano,<br \/>\nColorante vegano,<br \/>\nAgua destilada,<br \/>\nDulzor a\u00f1adido de la planta de stevia.<br \/>\nde c\u00e1\u00f1amo industrial cultivado org\u00e1nicamente<br \/>\nSin nicotina ni alquitr\u00e1n<br \/>\nSin THC<br \/>\nSin toxinas ni olores desagradables<\/p>\n<p>100 mg: 180 \u20ac \/ 100 ml<br \/>\n250 mg: 300 \u20ac \/ 100 ml<br \/>\n500 mg: 500 \u20ac \/ 100 ml<\/p>\n","pi_tst":"Uso","pi_ts":"<p>Los E-Liquids de CBD son una composici\u00f3n de extractos de c\u00e1\u00f1amo que est\u00e1n enriquecidos con l\u00edquidos. Los e-l\u00edquidos de alta calidad, como los de Tom Hemp&#8217;s, le permiten experimentar una sensaci\u00f3n de relajaci\u00f3n poco despu\u00e9s de un uso agradable.<br \/>\nLos l\u00edquidos electr\u00f3nicos se consumen con la ayuda de vaporizadores y bol\u00edgrafos. Este tipo de consumo se denomina vaporizaci\u00f3n.<\/p>\n","pi_hd":false,"pi_hm":false,"smoking_product":true},"_links":{"self":[{"href":"https:\/\/www.tomhemps.com\/es\/wp-json\/wp\/v2\/product\/129930"}],"collection":[{"href":"https:\/\/www.tomhemps.com\/es\/wp-json\/wp\/v2\/product"}],"about":[{"href":"https:\/\/www.tomhemps.com\/es\/wp-json\/wp\/v2\/types\/product"}],"replies":[{"embeddable":true,"href":"https:\/\/www.tomhemps.com\/es\/wp-json\/wp\/v2\/comments?post=129930"}],"wp:featuredmedia":[{"embeddable":true,"href":"https:\/\/www.tomhemps.com\/es\/wp-json\/wp\/v2\/media\/129932"}],"wp:attachment":[{"href":"https:\/\/www.tomhemps.com\/es\/wp-json\/wp\/v2\/media?parent=129930"}],"wp:term":[{"taxonomy":"product_cat","embeddable":true,"href":"https:\/\/www.tomhemps.com\/es\/wp-json\/wp\/v2\/product_cat?post=129930"},{"taxonomy":"product_tag","embeddable":true,"href":"https:\/\/www.tomhemps.com\/es\/wp-json\/wp\/v2\/product_tag?post=129930"}],"curies":[{"name":"wp","href":"https:\/\/api.w.org\/{rel}","templated":true}]}}