{"id":130064,"date":"2019-04-12T13:47:06","date_gmt":"2019-04-12T11:47:06","guid":{"rendered":"https:\/\/www.tomhemps.com\/product\/cbd-aromablueten-goerlitzer-punch\/"},"modified":"2026-04-15T18:02:12","modified_gmt":"2026-04-15T16:02:12","slug":"flores-de-cbd-goerlitzer-punch","status":"publish","type":"product","link":"https:\/\/www.tomhemps.com\/es\/prs\/flores-de-cbd-goerlitzer-punch\/","title":{"rendered":"Flores De CBD G\u00f6rlitzer Punch"},"content":{"rendered":"","protected":false},"excerpt":{"rendered":"<p>\u00abG\u00f6rlitzer Punch\u00bb de Tom Hemp&#8217;s. \u00bfSuena abstracto? No lo es realmente. Lleva el nombre del parque G\u00f6rlitzer de Berl\u00edn, las noches relajadas en la hierba verde y esta peque\u00f1a patada de energ\u00eda que los veranos berlineses te dan una y otra vez.\u00a0Las flores arom\u00e1ticas \u201cG\u00f6rlitzer Park\u201d son un tipo de c\u00e1\u00f1amo industrial certificado por la UE, que figura oficialmente en el cat\u00e1logo oficial de la UE de variedades de especies de plantas agr\u00edcolas. Como todos nuestros productos, este tampoco contiene pesticidas ni herbicidas. Porque amamos la naturaleza. Y el CBD.<\/p>\n","protected":false},"featured_media":549458,"comment_status":"open","ping_status":"closed","template":"","meta":{"_acf_changed":false},"product_cat":[5008,586,600],"product_tag":[],"acf":[],"yoast_head":"<!-- This site is optimized with the Yoast SEO Premium plugin v22.8 (Yoast SEO v22.8) - https:\/\/yoast.com\/wordpress\/plugins\/seo\/ -->\n<title>Flores De CBD G\u00f6rlitzer Punch<\/title>\n<meta name=\"description\" content=\"Flores De CBD G\u00f6rlitzer Punch - Your CBD Shop | Your CBD Brand | born in Berlin\" \/>\n<meta name=\"robots\" content=\"index, follow, max-snippet:-1, max-image-preview:large, max-video-preview:-1\" \/>\n<link rel=\"canonical\" href=\"https:\/\/www.tomhemps.com\/es\/prs\/flores-de-cbd-goerlitzer-punch\/\" \/>\n<meta property=\"og:locale\" content=\"es_ES\" \/>\n<meta property=\"og:type\" content=\"article\" \/>\n<meta property=\"og:title\" content=\"Flores De CBD G\u00f6rlitzer Punch\" \/>\n<meta property=\"og:description\" content=\"Flores De CBD G\u00f6rlitzer Punch - Your CBD Shop | Your CBD Brand | born in Berlin\" \/>\n<meta property=\"og:url\" content=\"https:\/\/www.tomhemps.com\/es\/prs\/flores-de-cbd-goerlitzer-punch\/\" \/>\n<meta property=\"og:site_name\" content=\"Your CBD Shop | Your CBD Brand | born in Berlin\" \/>\n<meta property=\"article:publisher\" content=\"https:\/\/www.facebook.com\/tomhempsberlin\/\" \/>\n<meta property=\"article:modified_time\" content=\"2026-04-15T16:02:12+00:00\" \/>\n<meta property=\"og:image\" content=\"https:\/\/www.tomhemps.com\/wp-content\/uploads\/2019\/04\/TH-products-680x850-goerlitzer-punch-groupshoot.png\" \/>\n\t<meta property=\"og:image:width\" content=\"680\" \/>\n\t<meta property=\"og:image:height\" content=\"850\" \/>\n\t<meta property=\"og:image:type\" content=\"image\/png\" \/>\n<meta name=\"twitter:card\" content=\"summary_large_image\" \/>\n<script type=\"application\/ld+json\" class=\"yoast-schema-graph\">{\"@context\":\"https:\/\/schema.org\",\"@graph\":[{\"@type\":\"WebPage\",\"@id\":\"https:\/\/www.tomhemps.com\/es\/prs\/flores-de-cbd-goerlitzer-punch\/\",\"url\":\"https:\/\/www.tomhemps.com\/es\/prs\/flores-de-cbd-goerlitzer-punch\/\",\"name\":\"Flores De CBD G\u00f6rlitzer Punch\",\"isPartOf\":{\"@id\":\"https:\/\/www.tomhemps.com\/es\/#website\"},\"primaryImageOfPage\":{\"@id\":\"https:\/\/www.tomhemps.com\/es\/prs\/flores-de-cbd-goerlitzer-punch\/#primaryimage\"},\"image\":{\"@id\":\"https:\/\/www.tomhemps.com\/es\/prs\/flores-de-cbd-goerlitzer-punch\/#primaryimage\"},\"thumbnailUrl\":\"https:\/\/www.tomhemps.com\/wp-content\/uploads\/2019\/04\/TH-products-680x850-goerlitzer-punch-groupshoot.png\",\"datePublished\":\"2019-04-12T11:47:06+00:00\",\"dateModified\":\"2026-04-15T16:02:12+00:00\",\"description\":\"Flores De CBD G\u00f6rlitzer Punch - Your CBD Shop | Your CBD Brand | born in Berlin\",\"breadcrumb\":{\"@id\":\"https:\/\/www.tomhemps.com\/es\/prs\/flores-de-cbd-goerlitzer-punch\/#breadcrumb\"},\"inLanguage\":\"es\",\"potentialAction\":[{\"@type\":\"ReadAction\",\"target\":[\"https:\/\/www.tomhemps.com\/es\/prs\/flores-de-cbd-goerlitzer-punch\/\"]}]},{\"@type\":\"ImageObject\",\"inLanguage\":\"es\",\"@id\":\"https:\/\/www.tomhemps.com\/es\/prs\/flores-de-cbd-goerlitzer-punch\/#primaryimage\",\"url\":\"https:\/\/www.tomhemps.com\/wp-content\/uploads\/2019\/04\/TH-products-680x850-goerlitzer-punch-groupshoot.png\",\"contentUrl\":\"https:\/\/www.tomhemps.com\/wp-content\/uploads\/2019\/04\/TH-products-680x850-goerlitzer-punch-groupshoot.png\",\"width\":680,\"height\":850,\"caption\":\"Th Products 680x850 Goerlitzer Punch\"},{\"@type\":\"BreadcrumbList\",\"@id\":\"https:\/\/www.tomhemps.com\/es\/prs\/flores-de-cbd-goerlitzer-punch\/#breadcrumb\",\"itemListElement\":[{\"@type\":\"ListItem\",\"position\":1,\"name\":\"Startseite\",\"item\":\"https:\/\/www.tomhemps.com\/es\/\"},{\"@type\":\"ListItem\",\"position\":2,\"name\":\"Shop\",\"item\":\"https:\/\/www.tomhemps.com\/es\/shop\/\"},{\"@type\":\"ListItem\",\"position\":3,\"name\":\"Flores De CBD G\u00f6rlitzer Punch\"}]},{\"@type\":\"WebSite\",\"@id\":\"https:\/\/www.tomhemps.com\/es\/#website\",\"url\":\"https:\/\/www.tomhemps.com\/es\/\",\"name\":\"Your CBD Shop | Your CBD Brand | born in Berlin\",\"description\":\"CBD Shop Berlin\",\"publisher\":{\"@id\":\"https:\/\/www.tomhemps.com\/es\/#organization\"},\"potentialAction\":[{\"@type\":\"SearchAction\",\"target\":{\"@type\":\"EntryPoint\",\"urlTemplate\":\"https:\/\/www.tomhemps.com\/es\/?s={search_term_string}\"},\"query-input\":\"required name=search_term_string\"}],\"inLanguage\":\"es\"},{\"@type\":\"Organization\",\"@id\":\"https:\/\/www.tomhemps.com\/es\/#organization\",\"name\":\"Tom Hemp's CBD Shop\",\"alternateName\":\"Tom Hemp's Berlin\",\"url\":\"https:\/\/www.tomhemps.com\/es\/\",\"logo\":{\"@type\":\"ImageObject\",\"inLanguage\":\"es\",\"@id\":\"https:\/\/www.tomhemps.com\/es\/#\/schema\/logo\/image\/\",\"url\":\"https:\/\/www.tomhemps.com\/wp-content\/uploads\/2019\/04\/Logo-2019-e1581413011332.jpg\",\"contentUrl\":\"https:\/\/www.tomhemps.com\/wp-content\/uploads\/2019\/04\/Logo-2019-e1581413011332.jpg\",\"width\":460,\"height\":153,\"caption\":\"Tom Hemp's CBD Shop\"},\"image\":{\"@id\":\"https:\/\/www.tomhemps.com\/es\/#\/schema\/logo\/image\/\"},\"sameAs\":[\"https:\/\/www.facebook.com\/tomhempsberlin\/\",\"https:\/\/www.instagram.com\/tomhemps_cbd\/\",\"https:\/\/www.youtube.com\/channel\/UCbGxDacLx_DRKyder_zVoNw\"]}]}<\/script>\n<!-- \/ Yoast SEO Premium plugin. -->","yoast_head_json":{"title":"Flores De CBD G\u00f6rlitzer Punch","description":"Flores De CBD G\u00f6rlitzer Punch - Your CBD Shop | Your CBD Brand | born in Berlin","robots":{"index":"index","follow":"follow","max-snippet":"max-snippet:-1","max-image-preview":"max-image-preview:large","max-video-preview":"max-video-preview:-1"},"canonical":"https:\/\/www.tomhemps.com\/es\/prs\/flores-de-cbd-goerlitzer-punch\/","og_locale":"es_ES","og_type":"article","og_title":"Flores De CBD G\u00f6rlitzer Punch","og_description":"Flores De CBD G\u00f6rlitzer Punch - Your CBD Shop | Your CBD Brand | born in Berlin","og_url":"https:\/\/www.tomhemps.com\/es\/prs\/flores-de-cbd-goerlitzer-punch\/","og_site_name":"Your CBD Shop | Your CBD Brand | born in Berlin","article_publisher":"https:\/\/www.facebook.com\/tomhempsberlin\/","article_modified_time":"2026-04-15T16:02:12+00:00","og_image":[{"width":680,"height":850,"url":"https:\/\/www.tomhemps.com\/wp-content\/uploads\/2019\/04\/TH-products-680x850-goerlitzer-punch-groupshoot.png","type":"image\/png"}],"twitter_card":"summary_large_image","schema":{"@context":"https:\/\/schema.org","@graph":[{"@type":"WebPage","@id":"https:\/\/www.tomhemps.com\/es\/prs\/flores-de-cbd-goerlitzer-punch\/","url":"https:\/\/www.tomhemps.com\/es\/prs\/flores-de-cbd-goerlitzer-punch\/","name":"Flores De CBD G\u00f6rlitzer Punch","isPartOf":{"@id":"https:\/\/www.tomhemps.com\/es\/#website"},"primaryImageOfPage":{"@id":"https:\/\/www.tomhemps.com\/es\/prs\/flores-de-cbd-goerlitzer-punch\/#primaryimage"},"image":{"@id":"https:\/\/www.tomhemps.com\/es\/prs\/flores-de-cbd-goerlitzer-punch\/#primaryimage"},"thumbnailUrl":"https:\/\/www.tomhemps.com\/wp-content\/uploads\/2019\/04\/TH-products-680x850-goerlitzer-punch-groupshoot.png","datePublished":"2019-04-12T11:47:06+00:00","dateModified":"2026-04-15T16:02:12+00:00","description":"Flores De CBD G\u00f6rlitzer Punch - Your CBD Shop | Your CBD Brand | born in Berlin","breadcrumb":{"@id":"https:\/\/www.tomhemps.com\/es\/prs\/flores-de-cbd-goerlitzer-punch\/#breadcrumb"},"inLanguage":"es","potentialAction":[{"@type":"ReadAction","target":["https:\/\/www.tomhemps.com\/es\/prs\/flores-de-cbd-goerlitzer-punch\/"]}]},{"@type":"ImageObject","inLanguage":"es","@id":"https:\/\/www.tomhemps.com\/es\/prs\/flores-de-cbd-goerlitzer-punch\/#primaryimage","url":"https:\/\/www.tomhemps.com\/wp-content\/uploads\/2019\/04\/TH-products-680x850-goerlitzer-punch-groupshoot.png","contentUrl":"https:\/\/www.tomhemps.com\/wp-content\/uploads\/2019\/04\/TH-products-680x850-goerlitzer-punch-groupshoot.png","width":680,"height":850,"caption":"Th Products 680x850 Goerlitzer Punch"},{"@type":"BreadcrumbList","@id":"https:\/\/www.tomhemps.com\/es\/prs\/flores-de-cbd-goerlitzer-punch\/#breadcrumb","itemListElement":[{"@type":"ListItem","position":1,"name":"Startseite","item":"https:\/\/www.tomhemps.com\/es\/"},{"@type":"ListItem","position":2,"name":"Shop","item":"https:\/\/www.tomhemps.com\/es\/shop\/"},{"@type":"ListItem","position":3,"name":"Flores De CBD G\u00f6rlitzer Punch"}]},{"@type":"WebSite","@id":"https:\/\/www.tomhemps.com\/es\/#website","url":"https:\/\/www.tomhemps.com\/es\/","name":"Your CBD Shop | Your CBD Brand | born in Berlin","description":"CBD Shop Berlin","publisher":{"@id":"https:\/\/www.tomhemps.com\/es\/#organization"},"potentialAction":[{"@type":"SearchAction","target":{"@type":"EntryPoint","urlTemplate":"https:\/\/www.tomhemps.com\/es\/?s={search_term_string}"},"query-input":"required name=search_term_string"}],"inLanguage":"es"},{"@type":"Organization","@id":"https:\/\/www.tomhemps.com\/es\/#organization","name":"Tom Hemp's CBD Shop","alternateName":"Tom Hemp's Berlin","url":"https:\/\/www.tomhemps.com\/es\/","logo":{"@type":"ImageObject","inLanguage":"es","@id":"https:\/\/www.tomhemps.com\/es\/#\/schema\/logo\/image\/","url":"https:\/\/www.tomhemps.com\/wp-content\/uploads\/2019\/04\/Logo-2019-e1581413011332.jpg","contentUrl":"https:\/\/www.tomhemps.com\/wp-content\/uploads\/2019\/04\/Logo-2019-e1581413011332.jpg","width":460,"height":153,"caption":"Tom Hemp's CBD Shop"},"image":{"@id":"https:\/\/www.tomhemps.com\/es\/#\/schema\/logo\/image\/"},"sameAs":["https:\/\/www.facebook.com\/tomhempsberlin\/","https:\/\/www.instagram.com\/tomhemps_cbd\/","https:\/\/www.youtube.com\/channel\/UCbGxDacLx_DRKyder_zVoNw"]}]}},"fields":{"pi_t":53798,"pi_tot":"\u00bfQu\u00e9 hay dentro?","pi_to":"<p>CBD: 10%<br \/>\nTHC: &lt;0,2%<\/p>\n<p>Ingredientes activos: flores de c\u00e1\u00f1amo industrial europeo.<\/p>\n","pi_tst":"Aviso","pi_ts":"<p>El producto est\u00e1 dise\u00f1ado exclusivamente para uso comercial, t\u00e9cnico y cient\u00edfico. Almacenar fuera del alcance de los ni\u00f1os. El producto no se puede transportar al extranjero. La ingesti\u00f3n y el fumar de este producto est\u00e1n estrictamente prohibidos. Estas flores de c\u00e1\u00f1amo industrial europeo procesadas contienen menos del 0,2% de THC. El nombre del producto no tiene ning\u00fan significado o contexto para otros productos y se utiliza \u00fanicamente con fines de marketing.<\/p>\n<p>Las flores pueden diferir en color de las im\u00e1genes\u00a0mostradas, dependiendo de la cosecha.<\/p>\n","pi_hd":false,"pi_hm":false,"smoking_product":true,"pi_dd":false},"_links":{"self":[{"href":"https:\/\/www.tomhemps.com\/es\/wp-json\/wp\/v2\/product\/130064"}],"collection":[{"href":"https:\/\/www.tomhemps.com\/es\/wp-json\/wp\/v2\/product"}],"about":[{"href":"https:\/\/www.tomhemps.com\/es\/wp-json\/wp\/v2\/types\/product"}],"replies":[{"embeddable":true,"href":"https:\/\/www.tomhemps.com\/es\/wp-json\/wp\/v2\/comments?post=130064"}],"wp:featuredmedia":[{"embeddable":true,"href":"https:\/\/www.tomhemps.com\/es\/wp-json\/wp\/v2\/media\/549458"}],"wp:attachment":[{"href":"https:\/\/www.tomhemps.com\/es\/wp-json\/wp\/v2\/media?parent=130064"}],"wp:term":[{"taxonomy":"product_cat","embeddable":true,"href":"https:\/\/www.tomhemps.com\/es\/wp-json\/wp\/v2\/product_cat?post=130064"},{"taxonomy":"product_tag","embeddable":true,"href":"https:\/\/www.tomhemps.com\/es\/wp-json\/wp\/v2\/product_tag?post=130064"}],"curies":[{"name":"wp","href":"https:\/\/api.w.org\/{rel}","templated":true}]}}