{"id":130095,"date":"2019-02-13T10:52:33","date_gmt":"2019-02-13T09:52:33","guid":{"rendered":"https:\/\/www.tomhemps.com\/product\/cbd-aromablueten-girl-scout-cookies\/"},"modified":"2026-01-13T11:26:21","modified_gmt":"2026-01-13T10:26:21","slug":"flores-de-cbd-girl-scout-cookies","status":"publish","type":"product","link":"https:\/\/www.tomhemps.com\/es\/prs\/flores-de-cbd-girl-scout-cookies\/","title":{"rendered":"Flores De CBD Girl Scout Cookies"},"content":{"rendered":"","protected":false},"excerpt":{"rendered":"<p>All the girls standing in the line for the&#8230; Cookies. Todas las chicas haciendo cola para&#8230; Cookies. Elaboradas con c\u00e1\u00f1amo industrial de primera calidad certificado por la UE, las flores de CBD de Girl Scout Cookies tienen un sabor inconfundiblemente dulce y afrutado. Matices sutiles de vainilla y mantequilla te esperan en cada cogollo, combin\u00e1ndose con tonos afrutados de ar\u00e1ndanos para crear una experiencia inolvidable de sabor a tarta helada.Y como todas nuestras variedades florales, \u00e9sta est\u00e1 libre de pesticidas y herbicidas.<\/p>\n<p><strong>Toma el infame bocado de Girl Scout Cookie de la felicidad.<\/strong><\/p>\n","protected":false},"featured_media":538120,"comment_status":"open","ping_status":"closed","template":"","meta":{"_acf_changed":false},"product_cat":[5008,586,600],"product_tag":[],"acf":[],"yoast_head":"<!-- This site is optimized with the Yoast SEO Premium plugin v22.8 (Yoast SEO v22.8) - https:\/\/yoast.com\/wordpress\/plugins\/seo\/ -->\n<title>Flores De CBD Girl Scout Cookies<\/title>\n<meta name=\"description\" content=\"Flores De CBD Girl Scout Cookies - Your CBD Shop | Your CBD Brand | born in Berlin\" \/>\n<meta name=\"robots\" content=\"index, follow, max-snippet:-1, max-image-preview:large, max-video-preview:-1\" \/>\n<link rel=\"canonical\" href=\"https:\/\/www.tomhemps.com\/es\/prs\/flores-de-cbd-girl-scout-cookies\/\" \/>\n<meta property=\"og:locale\" content=\"es_ES\" \/>\n<meta property=\"og:type\" content=\"article\" \/>\n<meta property=\"og:title\" content=\"Flores De CBD Girl Scout Cookies\" \/>\n<meta property=\"og:description\" content=\"Flores De CBD Girl Scout Cookies - Your CBD Shop | Your CBD Brand | born in Berlin\" \/>\n<meta property=\"og:url\" content=\"https:\/\/www.tomhemps.com\/es\/prs\/flores-de-cbd-girl-scout-cookies\/\" \/>\n<meta property=\"og:site_name\" content=\"Your CBD Shop | Your CBD Brand | born in Berlin\" \/>\n<meta property=\"article:publisher\" content=\"https:\/\/www.facebook.com\/tomhempsberlin\/\" \/>\n<meta property=\"article:modified_time\" content=\"2026-01-13T10:26:21+00:00\" \/>\n<meta property=\"og:image\" content=\"https:\/\/www.tomhemps.com\/wp-content\/uploads\/2022\/10\/TH-products-webshop-680x850-Girl-Scoout-Cookie.png\" \/>\n\t<meta property=\"og:image:width\" content=\"680\" \/>\n\t<meta property=\"og:image:height\" content=\"850\" \/>\n\t<meta property=\"og:image:type\" content=\"image\/png\" \/>\n<meta name=\"twitter:card\" content=\"summary_large_image\" \/>\n<meta name=\"twitter:label1\" content=\"Tiempo de lectura\" \/>\n\t<meta name=\"twitter:data1\" content=\"1 minuto\" \/>\n<script type=\"application\/ld+json\" class=\"yoast-schema-graph\">{\"@context\":\"https:\/\/schema.org\",\"@graph\":[{\"@type\":\"WebPage\",\"@id\":\"https:\/\/www.tomhemps.com\/es\/prs\/flores-de-cbd-girl-scout-cookies\/\",\"url\":\"https:\/\/www.tomhemps.com\/es\/prs\/flores-de-cbd-girl-scout-cookies\/\",\"name\":\"Flores De CBD Girl Scout Cookies\",\"isPartOf\":{\"@id\":\"https:\/\/www.tomhemps.com\/es\/#website\"},\"primaryImageOfPage\":{\"@id\":\"https:\/\/www.tomhemps.com\/es\/prs\/flores-de-cbd-girl-scout-cookies\/#primaryimage\"},\"image\":{\"@id\":\"https:\/\/www.tomhemps.com\/es\/prs\/flores-de-cbd-girl-scout-cookies\/#primaryimage\"},\"thumbnailUrl\":\"https:\/\/www.tomhemps.com\/wp-content\/uploads\/2022\/10\/TH-products-webshop-680x850-Girl-Scoout-Cookie.png\",\"datePublished\":\"2019-02-13T09:52:33+00:00\",\"dateModified\":\"2026-01-13T10:26:21+00:00\",\"description\":\"Flores De CBD Girl Scout Cookies - Your CBD Shop | Your CBD Brand | born in Berlin\",\"breadcrumb\":{\"@id\":\"https:\/\/www.tomhemps.com\/es\/prs\/flores-de-cbd-girl-scout-cookies\/#breadcrumb\"},\"inLanguage\":\"es\",\"potentialAction\":[{\"@type\":\"ReadAction\",\"target\":[\"https:\/\/www.tomhemps.com\/es\/prs\/flores-de-cbd-girl-scout-cookies\/\"]}]},{\"@type\":\"ImageObject\",\"inLanguage\":\"es\",\"@id\":\"https:\/\/www.tomhemps.com\/es\/prs\/flores-de-cbd-girl-scout-cookies\/#primaryimage\",\"url\":\"https:\/\/www.tomhemps.com\/wp-content\/uploads\/2022\/10\/TH-products-webshop-680x850-Girl-Scoout-Cookie.png\",\"contentUrl\":\"https:\/\/www.tomhemps.com\/wp-content\/uploads\/2022\/10\/TH-products-webshop-680x850-Girl-Scoout-Cookie.png\",\"width\":680,\"height\":850,\"caption\":\"CBD Bl\u00fcten Girl Scout Cookies Package - TomHemp's CBD Shop\"},{\"@type\":\"BreadcrumbList\",\"@id\":\"https:\/\/www.tomhemps.com\/es\/prs\/flores-de-cbd-girl-scout-cookies\/#breadcrumb\",\"itemListElement\":[{\"@type\":\"ListItem\",\"position\":1,\"name\":\"Startseite\",\"item\":\"https:\/\/www.tomhemps.com\/es\/\"},{\"@type\":\"ListItem\",\"position\":2,\"name\":\"Shop\",\"item\":\"https:\/\/www.tomhemps.com\/es\/shop\/\"},{\"@type\":\"ListItem\",\"position\":3,\"name\":\"Flores De CBD Girl Scout Cookies\"}]},{\"@type\":\"WebSite\",\"@id\":\"https:\/\/www.tomhemps.com\/es\/#website\",\"url\":\"https:\/\/www.tomhemps.com\/es\/\",\"name\":\"Your CBD Shop | Your CBD Brand | born in Berlin\",\"description\":\"CBD Shop Berlin\",\"publisher\":{\"@id\":\"https:\/\/www.tomhemps.com\/es\/#organization\"},\"potentialAction\":[{\"@type\":\"SearchAction\",\"target\":{\"@type\":\"EntryPoint\",\"urlTemplate\":\"https:\/\/www.tomhemps.com\/es\/?s={search_term_string}\"},\"query-input\":\"required name=search_term_string\"}],\"inLanguage\":\"es\"},{\"@type\":\"Organization\",\"@id\":\"https:\/\/www.tomhemps.com\/es\/#organization\",\"name\":\"Tom Hemp's CBD Shop\",\"alternateName\":\"Tom Hemp's Berlin\",\"url\":\"https:\/\/www.tomhemps.com\/es\/\",\"logo\":{\"@type\":\"ImageObject\",\"inLanguage\":\"es\",\"@id\":\"https:\/\/www.tomhemps.com\/es\/#\/schema\/logo\/image\/\",\"url\":\"https:\/\/www.tomhemps.com\/wp-content\/uploads\/2019\/04\/Logo-2019-e1581413011332.jpg\",\"contentUrl\":\"https:\/\/www.tomhemps.com\/wp-content\/uploads\/2019\/04\/Logo-2019-e1581413011332.jpg\",\"width\":460,\"height\":153,\"caption\":\"Tom Hemp's CBD Shop\"},\"image\":{\"@id\":\"https:\/\/www.tomhemps.com\/es\/#\/schema\/logo\/image\/\"},\"sameAs\":[\"https:\/\/www.facebook.com\/tomhempsberlin\/\",\"https:\/\/www.instagram.com\/tomhemps_cbd\/\",\"https:\/\/www.youtube.com\/channel\/UCbGxDacLx_DRKyder_zVoNw\"]}]}<\/script>\n<!-- \/ Yoast SEO Premium plugin. -->","yoast_head_json":{"title":"Flores De CBD Girl Scout Cookies","description":"Flores De CBD Girl Scout Cookies - Your CBD Shop | Your CBD Brand | born in Berlin","robots":{"index":"index","follow":"follow","max-snippet":"max-snippet:-1","max-image-preview":"max-image-preview:large","max-video-preview":"max-video-preview:-1"},"canonical":"https:\/\/www.tomhemps.com\/es\/prs\/flores-de-cbd-girl-scout-cookies\/","og_locale":"es_ES","og_type":"article","og_title":"Flores De CBD Girl Scout Cookies","og_description":"Flores De CBD Girl Scout Cookies - Your CBD Shop | Your CBD Brand | born in Berlin","og_url":"https:\/\/www.tomhemps.com\/es\/prs\/flores-de-cbd-girl-scout-cookies\/","og_site_name":"Your CBD Shop | Your CBD Brand | born in Berlin","article_publisher":"https:\/\/www.facebook.com\/tomhempsberlin\/","article_modified_time":"2026-01-13T10:26:21+00:00","og_image":[{"width":680,"height":850,"url":"https:\/\/www.tomhemps.com\/wp-content\/uploads\/2022\/10\/TH-products-webshop-680x850-Girl-Scoout-Cookie.png","type":"image\/png"}],"twitter_card":"summary_large_image","twitter_misc":{"Tiempo de lectura":"1 minuto"},"schema":{"@context":"https:\/\/schema.org","@graph":[{"@type":"WebPage","@id":"https:\/\/www.tomhemps.com\/es\/prs\/flores-de-cbd-girl-scout-cookies\/","url":"https:\/\/www.tomhemps.com\/es\/prs\/flores-de-cbd-girl-scout-cookies\/","name":"Flores De CBD Girl Scout Cookies","isPartOf":{"@id":"https:\/\/www.tomhemps.com\/es\/#website"},"primaryImageOfPage":{"@id":"https:\/\/www.tomhemps.com\/es\/prs\/flores-de-cbd-girl-scout-cookies\/#primaryimage"},"image":{"@id":"https:\/\/www.tomhemps.com\/es\/prs\/flores-de-cbd-girl-scout-cookies\/#primaryimage"},"thumbnailUrl":"https:\/\/www.tomhemps.com\/wp-content\/uploads\/2022\/10\/TH-products-webshop-680x850-Girl-Scoout-Cookie.png","datePublished":"2019-02-13T09:52:33+00:00","dateModified":"2026-01-13T10:26:21+00:00","description":"Flores De CBD Girl Scout Cookies - Your CBD Shop | Your CBD Brand | born in Berlin","breadcrumb":{"@id":"https:\/\/www.tomhemps.com\/es\/prs\/flores-de-cbd-girl-scout-cookies\/#breadcrumb"},"inLanguage":"es","potentialAction":[{"@type":"ReadAction","target":["https:\/\/www.tomhemps.com\/es\/prs\/flores-de-cbd-girl-scout-cookies\/"]}]},{"@type":"ImageObject","inLanguage":"es","@id":"https:\/\/www.tomhemps.com\/es\/prs\/flores-de-cbd-girl-scout-cookies\/#primaryimage","url":"https:\/\/www.tomhemps.com\/wp-content\/uploads\/2022\/10\/TH-products-webshop-680x850-Girl-Scoout-Cookie.png","contentUrl":"https:\/\/www.tomhemps.com\/wp-content\/uploads\/2022\/10\/TH-products-webshop-680x850-Girl-Scoout-Cookie.png","width":680,"height":850,"caption":"CBD Bl\u00fcten Girl Scout Cookies Package - TomHemp's CBD Shop"},{"@type":"BreadcrumbList","@id":"https:\/\/www.tomhemps.com\/es\/prs\/flores-de-cbd-girl-scout-cookies\/#breadcrumb","itemListElement":[{"@type":"ListItem","position":1,"name":"Startseite","item":"https:\/\/www.tomhemps.com\/es\/"},{"@type":"ListItem","position":2,"name":"Shop","item":"https:\/\/www.tomhemps.com\/es\/shop\/"},{"@type":"ListItem","position":3,"name":"Flores De CBD Girl Scout Cookies"}]},{"@type":"WebSite","@id":"https:\/\/www.tomhemps.com\/es\/#website","url":"https:\/\/www.tomhemps.com\/es\/","name":"Your CBD Shop | Your CBD Brand | born in Berlin","description":"CBD Shop Berlin","publisher":{"@id":"https:\/\/www.tomhemps.com\/es\/#organization"},"potentialAction":[{"@type":"SearchAction","target":{"@type":"EntryPoint","urlTemplate":"https:\/\/www.tomhemps.com\/es\/?s={search_term_string}"},"query-input":"required name=search_term_string"}],"inLanguage":"es"},{"@type":"Organization","@id":"https:\/\/www.tomhemps.com\/es\/#organization","name":"Tom Hemp's CBD Shop","alternateName":"Tom Hemp's Berlin","url":"https:\/\/www.tomhemps.com\/es\/","logo":{"@type":"ImageObject","inLanguage":"es","@id":"https:\/\/www.tomhemps.com\/es\/#\/schema\/logo\/image\/","url":"https:\/\/www.tomhemps.com\/wp-content\/uploads\/2019\/04\/Logo-2019-e1581413011332.jpg","contentUrl":"https:\/\/www.tomhemps.com\/wp-content\/uploads\/2019\/04\/Logo-2019-e1581413011332.jpg","width":460,"height":153,"caption":"Tom Hemp's CBD Shop"},"image":{"@id":"https:\/\/www.tomhemps.com\/es\/#\/schema\/logo\/image\/"},"sameAs":["https:\/\/www.facebook.com\/tomhempsberlin\/","https:\/\/www.instagram.com\/tomhemps_cbd\/","https:\/\/www.youtube.com\/channel\/UCbGxDacLx_DRKyder_zVoNw"]}]}},"fields":{"pi_t":53798,"pi_tot":"\u00bfQu\u00e9 hay dentro?","pi_to":"<p>CBD: 5%<br \/>\nTHC: &lt;0,2%<\/p>\n<p>Ingredientes activos: flores de c\u00e1\u00f1amo industrial europeo.<\/p>\n","pi_tst":"Aviso","pi_ts":"<p>El producto est\u00e1 dise\u00f1ado exclusivamente para uso comercial, t\u00e9cnico y cient\u00edfico. Almacenar fuera del alcance de los ni\u00f1os. El producto no se puede transportar al extranjero. La ingesti\u00f3n y el fumar de este producto est\u00e1n estrictamente prohibidos. Estas flores de c\u00e1\u00f1amo industrial europeo procesadas contienen menos del 0,2% de THC. El nombre del producto no tiene ning\u00fan significado o contexto para otros productos y se utiliza \u00fanicamente con fines de marketing.<\/p>\n<p>Las flores pueden diferir en color de las im\u00e1genes\u00a0mostradas, dependiendo de la cosecha.<\/p>\n","smoking_product":true,"pi_dd":false,"pi_hd":false,"pi_hm":false,"hl":false,"pi_dt":"Produktbeschreibung","info_pills":false,"faq_items":false,"pi_m":false,"pi_b":false},"_links":{"self":[{"href":"https:\/\/www.tomhemps.com\/es\/wp-json\/wp\/v2\/product\/130095"}],"collection":[{"href":"https:\/\/www.tomhemps.com\/es\/wp-json\/wp\/v2\/product"}],"about":[{"href":"https:\/\/www.tomhemps.com\/es\/wp-json\/wp\/v2\/types\/product"}],"replies":[{"embeddable":true,"href":"https:\/\/www.tomhemps.com\/es\/wp-json\/wp\/v2\/comments?post=130095"}],"wp:featuredmedia":[{"embeddable":true,"href":"https:\/\/www.tomhemps.com\/es\/wp-json\/wp\/v2\/media\/538120"}],"wp:attachment":[{"href":"https:\/\/www.tomhemps.com\/es\/wp-json\/wp\/v2\/media?parent=130095"}],"wp:term":[{"taxonomy":"product_cat","embeddable":true,"href":"https:\/\/www.tomhemps.com\/es\/wp-json\/wp\/v2\/product_cat?post=130095"},{"taxonomy":"product_tag","embeddable":true,"href":"https:\/\/www.tomhemps.com\/es\/wp-json\/wp\/v2\/product_tag?post=130095"}],"curies":[{"name":"wp","href":"https:\/\/api.w.org\/{rel}","templated":true}]}}