{"id":130110,"date":"2019-01-13T22:05:03","date_gmt":"2019-01-13T21:05:03","guid":{"rendered":"https:\/\/www.tomhemps.com\/product\/jupiter-ccell-palm\/"},"modified":"2021-02-26T10:04:40","modified_gmt":"2021-02-26T09:04:40","slug":"jupiter-ccell-palm","status":"publish","type":"product","link":"https:\/\/www.tomhemps.com\/es\/prs\/jupiter-ccell-palm\/","title":{"rendered":"CCELL Palm"},"content":{"rendered":"","protected":false},"excerpt":{"rendered":"<p>Esta Palm duradera y de lineas puras suena bastante elegante, y lo es. La bater\u00eda CCELL PALM de Jupiter fue desarrollada especialmente para cartuchos Liquid 6 y es compatible con cartuchos de 510 hilos de 1,0 ml y 5,0 ml. No solo se ve elegante y sexy, tambi\u00e9n es &#8211; lo que es m\u00e1s importante &#8211; pr\u00e1ctica y funcional.<\/p>\n<p>Como opciones adicionales, la bater\u00eda se puede ampliar con un cartucho vac\u00edo o un cartucho de cera (Wax Cartridge). El Wax Cartridge es una bobina de cer\u00e1mica de alta gama con un cartucho de vidrio, relleno con el mejor extracto de c\u00e1\u00f1amo con 70% de CBD, elaborado con c\u00e1\u00f1amo industrial europeo.<\/p>\n","protected":false},"featured_media":130112,"comment_status":"open","ping_status":"closed","template":"","meta":{"_acf_changed":false},"product_cat":[4956],"product_tag":[],"acf":[],"yoast_head":"<!-- This site is optimized with the Yoast SEO Premium plugin v22.8 (Yoast SEO v22.8) - https:\/\/yoast.com\/wordpress\/plugins\/seo\/ -->\n<title>CCELL Palm<\/title>\n<meta name=\"description\" content=\"CCELL Palm - Your CBD Shop | Your CBD Brand | born in Berlin\" \/>\n<meta name=\"robots\" content=\"index, follow, max-snippet:-1, max-image-preview:large, max-video-preview:-1\" \/>\n<link rel=\"canonical\" href=\"https:\/\/www.tomhemps.com\/es\/prs\/jupiter-ccell-palm\/\" \/>\n<meta property=\"og:locale\" content=\"es_ES\" \/>\n<meta property=\"og:type\" content=\"article\" \/>\n<meta property=\"og:title\" content=\"CCELL Palm\" \/>\n<meta property=\"og:description\" content=\"CCELL Palm - Your CBD Shop | Your CBD Brand | born in Berlin\" \/>\n<meta property=\"og:url\" content=\"https:\/\/www.tomhemps.com\/es\/prs\/jupiter-ccell-palm\/\" \/>\n<meta property=\"og:site_name\" content=\"Your CBD Shop | Your CBD Brand | born in Berlin\" \/>\n<meta property=\"article:publisher\" content=\"https:\/\/www.facebook.com\/tomhempsberlin\/\" \/>\n<meta property=\"article:modified_time\" content=\"2021-02-26T09:04:40+00:00\" \/>\n<meta property=\"og:image\" content=\"https:\/\/www.tomhemps.com\/wp-content\/uploads\/2019\/01\/Jupiter_CCELLPalmBatterie_Desktop_Detail_HD_1780x1600.png\" \/>\n\t<meta property=\"og:image:width\" content=\"1780\" \/>\n\t<meta property=\"og:image:height\" content=\"1600\" \/>\n\t<meta property=\"og:image:type\" content=\"image\/png\" \/>\n<meta name=\"twitter:card\" content=\"summary_large_image\" \/>\n<script type=\"application\/ld+json\" class=\"yoast-schema-graph\">{\"@context\":\"https:\/\/schema.org\",\"@graph\":[{\"@type\":\"WebPage\",\"@id\":\"https:\/\/www.tomhemps.com\/es\/prs\/jupiter-ccell-palm\/\",\"url\":\"https:\/\/www.tomhemps.com\/es\/prs\/jupiter-ccell-palm\/\",\"name\":\"CCELL Palm\",\"isPartOf\":{\"@id\":\"https:\/\/www.tomhemps.com\/es\/#website\"},\"primaryImageOfPage\":{\"@id\":\"https:\/\/www.tomhemps.com\/es\/prs\/jupiter-ccell-palm\/#primaryimage\"},\"image\":{\"@id\":\"https:\/\/www.tomhemps.com\/es\/prs\/jupiter-ccell-palm\/#primaryimage\"},\"thumbnailUrl\":\"https:\/\/www.tomhemps.com\/wp-content\/uploads\/2019\/01\/Jupiter_CCELLPalmBatterie_Desktop_Detail_HD_1780x1600.png\",\"datePublished\":\"2019-01-13T21:05:03+00:00\",\"dateModified\":\"2021-02-26T09:04:40+00:00\",\"description\":\"CCELL Palm - Your CBD Shop | Your CBD Brand | born in Berlin\",\"breadcrumb\":{\"@id\":\"https:\/\/www.tomhemps.com\/es\/prs\/jupiter-ccell-palm\/#breadcrumb\"},\"inLanguage\":\"es\",\"potentialAction\":[{\"@type\":\"ReadAction\",\"target\":[\"https:\/\/www.tomhemps.com\/es\/prs\/jupiter-ccell-palm\/\"]}]},{\"@type\":\"ImageObject\",\"inLanguage\":\"es\",\"@id\":\"https:\/\/www.tomhemps.com\/es\/prs\/jupiter-ccell-palm\/#primaryimage\",\"url\":\"https:\/\/www.tomhemps.com\/wp-content\/uploads\/2019\/01\/Jupiter_CCELLPalmBatterie_Desktop_Detail_HD_1780x1600.png\",\"contentUrl\":\"https:\/\/www.tomhemps.com\/wp-content\/uploads\/2019\/01\/Jupiter_CCELLPalmBatterie_Desktop_Detail_HD_1780x1600.png\",\"width\":1780,\"height\":1600,\"caption\":\"Jupiter CCELL Palm Vaporizer with battery and cartridge.\"},{\"@type\":\"BreadcrumbList\",\"@id\":\"https:\/\/www.tomhemps.com\/es\/prs\/jupiter-ccell-palm\/#breadcrumb\",\"itemListElement\":[{\"@type\":\"ListItem\",\"position\":1,\"name\":\"Startseite\",\"item\":\"https:\/\/www.tomhemps.com\/es\/\"},{\"@type\":\"ListItem\",\"position\":2,\"name\":\"Shop\",\"item\":\"https:\/\/www.tomhemps.com\/es\/shop\/\"},{\"@type\":\"ListItem\",\"position\":3,\"name\":\"CCELL Palm\"}]},{\"@type\":\"WebSite\",\"@id\":\"https:\/\/www.tomhemps.com\/es\/#website\",\"url\":\"https:\/\/www.tomhemps.com\/es\/\",\"name\":\"Your CBD Shop | Your CBD Brand | born in Berlin\",\"description\":\"CBD Shop Berlin\",\"publisher\":{\"@id\":\"https:\/\/www.tomhemps.com\/es\/#organization\"},\"potentialAction\":[{\"@type\":\"SearchAction\",\"target\":{\"@type\":\"EntryPoint\",\"urlTemplate\":\"https:\/\/www.tomhemps.com\/es\/?s={search_term_string}\"},\"query-input\":\"required name=search_term_string\"}],\"inLanguage\":\"es\"},{\"@type\":\"Organization\",\"@id\":\"https:\/\/www.tomhemps.com\/es\/#organization\",\"name\":\"Tom Hemp's CBD Shop\",\"alternateName\":\"Tom Hemp's Berlin\",\"url\":\"https:\/\/www.tomhemps.com\/es\/\",\"logo\":{\"@type\":\"ImageObject\",\"inLanguage\":\"es\",\"@id\":\"https:\/\/www.tomhemps.com\/es\/#\/schema\/logo\/image\/\",\"url\":\"https:\/\/www.tomhemps.com\/wp-content\/uploads\/2019\/04\/Logo-2019-e1581413011332.jpg\",\"contentUrl\":\"https:\/\/www.tomhemps.com\/wp-content\/uploads\/2019\/04\/Logo-2019-e1581413011332.jpg\",\"width\":460,\"height\":153,\"caption\":\"Tom Hemp's CBD Shop\"},\"image\":{\"@id\":\"https:\/\/www.tomhemps.com\/es\/#\/schema\/logo\/image\/\"},\"sameAs\":[\"https:\/\/www.facebook.com\/tomhempsberlin\/\",\"https:\/\/www.instagram.com\/tomhemps_cbd\/\",\"https:\/\/www.youtube.com\/channel\/UCbGxDacLx_DRKyder_zVoNw\"]}]}<\/script>\n<!-- \/ Yoast SEO Premium plugin. -->","yoast_head_json":{"title":"CCELL Palm","description":"CCELL Palm - Your CBD Shop | Your CBD Brand | born in Berlin","robots":{"index":"index","follow":"follow","max-snippet":"max-snippet:-1","max-image-preview":"max-image-preview:large","max-video-preview":"max-video-preview:-1"},"canonical":"https:\/\/www.tomhemps.com\/es\/prs\/jupiter-ccell-palm\/","og_locale":"es_ES","og_type":"article","og_title":"CCELL Palm","og_description":"CCELL Palm - Your CBD Shop | Your CBD Brand | born in Berlin","og_url":"https:\/\/www.tomhemps.com\/es\/prs\/jupiter-ccell-palm\/","og_site_name":"Your CBD Shop | Your CBD Brand | born in Berlin","article_publisher":"https:\/\/www.facebook.com\/tomhempsberlin\/","article_modified_time":"2021-02-26T09:04:40+00:00","og_image":[{"width":1780,"height":1600,"url":"https:\/\/www.tomhemps.com\/wp-content\/uploads\/2019\/01\/Jupiter_CCELLPalmBatterie_Desktop_Detail_HD_1780x1600.png","type":"image\/png"}],"twitter_card":"summary_large_image","schema":{"@context":"https:\/\/schema.org","@graph":[{"@type":"WebPage","@id":"https:\/\/www.tomhemps.com\/es\/prs\/jupiter-ccell-palm\/","url":"https:\/\/www.tomhemps.com\/es\/prs\/jupiter-ccell-palm\/","name":"CCELL Palm","isPartOf":{"@id":"https:\/\/www.tomhemps.com\/es\/#website"},"primaryImageOfPage":{"@id":"https:\/\/www.tomhemps.com\/es\/prs\/jupiter-ccell-palm\/#primaryimage"},"image":{"@id":"https:\/\/www.tomhemps.com\/es\/prs\/jupiter-ccell-palm\/#primaryimage"},"thumbnailUrl":"https:\/\/www.tomhemps.com\/wp-content\/uploads\/2019\/01\/Jupiter_CCELLPalmBatterie_Desktop_Detail_HD_1780x1600.png","datePublished":"2019-01-13T21:05:03+00:00","dateModified":"2021-02-26T09:04:40+00:00","description":"CCELL Palm - Your CBD Shop | Your CBD Brand | born in Berlin","breadcrumb":{"@id":"https:\/\/www.tomhemps.com\/es\/prs\/jupiter-ccell-palm\/#breadcrumb"},"inLanguage":"es","potentialAction":[{"@type":"ReadAction","target":["https:\/\/www.tomhemps.com\/es\/prs\/jupiter-ccell-palm\/"]}]},{"@type":"ImageObject","inLanguage":"es","@id":"https:\/\/www.tomhemps.com\/es\/prs\/jupiter-ccell-palm\/#primaryimage","url":"https:\/\/www.tomhemps.com\/wp-content\/uploads\/2019\/01\/Jupiter_CCELLPalmBatterie_Desktop_Detail_HD_1780x1600.png","contentUrl":"https:\/\/www.tomhemps.com\/wp-content\/uploads\/2019\/01\/Jupiter_CCELLPalmBatterie_Desktop_Detail_HD_1780x1600.png","width":1780,"height":1600,"caption":"Jupiter CCELL Palm Vaporizer with battery and cartridge."},{"@type":"BreadcrumbList","@id":"https:\/\/www.tomhemps.com\/es\/prs\/jupiter-ccell-palm\/#breadcrumb","itemListElement":[{"@type":"ListItem","position":1,"name":"Startseite","item":"https:\/\/www.tomhemps.com\/es\/"},{"@type":"ListItem","position":2,"name":"Shop","item":"https:\/\/www.tomhemps.com\/es\/shop\/"},{"@type":"ListItem","position":3,"name":"CCELL Palm"}]},{"@type":"WebSite","@id":"https:\/\/www.tomhemps.com\/es\/#website","url":"https:\/\/www.tomhemps.com\/es\/","name":"Your CBD Shop | Your CBD Brand | born in Berlin","description":"CBD Shop Berlin","publisher":{"@id":"https:\/\/www.tomhemps.com\/es\/#organization"},"potentialAction":[{"@type":"SearchAction","target":{"@type":"EntryPoint","urlTemplate":"https:\/\/www.tomhemps.com\/es\/?s={search_term_string}"},"query-input":"required name=search_term_string"}],"inLanguage":"es"},{"@type":"Organization","@id":"https:\/\/www.tomhemps.com\/es\/#organization","name":"Tom Hemp's CBD Shop","alternateName":"Tom Hemp's Berlin","url":"https:\/\/www.tomhemps.com\/es\/","logo":{"@type":"ImageObject","inLanguage":"es","@id":"https:\/\/www.tomhemps.com\/es\/#\/schema\/logo\/image\/","url":"https:\/\/www.tomhemps.com\/wp-content\/uploads\/2019\/04\/Logo-2019-e1581413011332.jpg","contentUrl":"https:\/\/www.tomhemps.com\/wp-content\/uploads\/2019\/04\/Logo-2019-e1581413011332.jpg","width":460,"height":153,"caption":"Tom Hemp's CBD Shop"},"image":{"@id":"https:\/\/www.tomhemps.com\/es\/#\/schema\/logo\/image\/"},"sameAs":["https:\/\/www.facebook.com\/tomhempsberlin\/","https:\/\/www.instagram.com\/tomhemps_cbd\/","https:\/\/www.youtube.com\/channel\/UCbGxDacLx_DRKyder_zVoNw"]}]}},"fields":{"pi_dd":130113,"pi_t":130157,"pi_tot":"M\u00e1s detalles","pi_to":"<p>Bater\u00eda CCELL PALM con las adiciones opcionales Cartucho o Cartucho de cera:<\/p>\n<p>1x bater\u00eda CCELL PALM<\/p>\n<ul>\n<li>Carcasa de aluminio<\/li>\n<li>Incluye una conexi\u00f3n magn\u00e9tica al adaptador de rosca 510 del cartucho<\/li>\n<li>Bater\u00eda de 500 mAh<\/li>\n<li>Cable de carga micro-USB<\/li>\n<li>Dise\u00f1o compacto<\/li>\n<li>Color: negro<\/li>\n<\/ul>\n<p>Adiciones opcionales:<\/p>\n<p>1x cartucho:<br \/>\nCartucho de vidrio y cer\u00e1mica de 0,5 ml<br \/>\n510 rosca<\/p>\n<p>1x cartucho relleno de cera de su elecci\u00f3n:<\/p>\n<p>p.ej. Cartucho de cera Purple Berry<br \/>\nCartucho de vidrio y cer\u00e1mica de 0,5 ml<br \/>\n510 rosca<\/p>\n<p>Cera:<\/p>\n<p>Ingredientes: extracto de c\u00e1\u00f1amo, terpenos<br \/>\nContenido de CBD:<\/p>\n<p>850 mg de cannabinoides<br \/>\nCBD 50%<br \/>\nCBG 15%<br \/>\nCBDV 0,2-0,5%<br \/>\nTHC: &lt; 0,2% THC<\/p>\n","pi_tst":"Uso","pi_ts":"<p>Se usa un vaporizador o vape para vaporizar, o vapear, diferentes sustancias, como los e-l\u00edquidos, por ejemplo.<\/p>\n<p><strong>Instrucciones de uso del vaporizador:<\/strong><\/p>\n<p>Enciende el vaporizador y, si es posible, config\u00faralo a tu temperatura preferida. Espera hasta que se haya alcanzado la temperatura correcta, que muchos vaporizadores se\u00f1alan a trav\u00e9s de LED, vibraci\u00f3n o simplemente mostr\u00e1ndolos en la aplicaci\u00f3n. Durante la primera inhalaci\u00f3n, inhala uniformemente con la boquilla durante 5 a 8 segundos y luego respira el vapor.<\/p>\n<p><strong>Instrucciones de uso del cartucho de cera:<\/strong><\/p>\n<p>Gire el cartucho WAX con un hilo 510 en el dispositivo de vapeo de su elecci\u00f3n. Asegure el cartucho hasta que se detenga e inhale durante 3-5 segundos. Este art\u00edculo est\u00e1 dise\u00f1ado para un solo uso. No abra el cartucho. Almacenar en posici\u00f3n vertical y en un lugar seco a temperatura ambiente. Gu\u00e1rdelo fuera del alcance de los ni\u00f1os.<\/p>\n","pi_hd":false,"pi_hm":false,"smoking_product":true},"_links":{"self":[{"href":"https:\/\/www.tomhemps.com\/es\/wp-json\/wp\/v2\/product\/130110"}],"collection":[{"href":"https:\/\/www.tomhemps.com\/es\/wp-json\/wp\/v2\/product"}],"about":[{"href":"https:\/\/www.tomhemps.com\/es\/wp-json\/wp\/v2\/types\/product"}],"replies":[{"embeddable":true,"href":"https:\/\/www.tomhemps.com\/es\/wp-json\/wp\/v2\/comments?post=130110"}],"wp:featuredmedia":[{"embeddable":true,"href":"https:\/\/www.tomhemps.com\/es\/wp-json\/wp\/v2\/media\/130112"}],"wp:attachment":[{"href":"https:\/\/www.tomhemps.com\/es\/wp-json\/wp\/v2\/media?parent=130110"}],"wp:term":[{"taxonomy":"product_cat","embeddable":true,"href":"https:\/\/www.tomhemps.com\/es\/wp-json\/wp\/v2\/product_cat?post=130110"},{"taxonomy":"product_tag","embeddable":true,"href":"https:\/\/www.tomhemps.com\/es\/wp-json\/wp\/v2\/product_tag?post=130110"}],"curies":[{"name":"wp","href":"https:\/\/api.w.org\/{rel}","templated":true}]}}