{"id":131233,"date":"2018-12-21T21:01:04","date_gmt":"2018-12-21T20:01:04","guid":{"rendered":"https:\/\/www.tomhemps.com\/product\/cbd-oel-full-spectrum-7\/"},"modified":"2025-10-26T21:17:10","modified_gmt":"2025-10-26T20:17:10","slug":"aceite-de-cbd-de-espectro-completo-7","status":"publish","type":"product","link":"https:\/\/www.tomhemps.com\/es\/prs\/aceite-de-cbd-de-espectro-completo-7\/","title":{"rendered":"Aceite de CBD de espectro completo 7%"},"content":{"rendered":"","protected":false},"excerpt":{"rendered":"<p><span style=\"font-weight: 400;\">Desbloquea el potencial del Aceite de CBD de Espectro Completo &#8211; la opci\u00f3n vers\u00e1til que captura la esencia completa de la planta de c\u00e1\u00f1amo. Disfruta del efecto s\u00e9quito de los cannabinoides, aceites esenciales y terpenos que armonizan sin\u00e9rgicamente. El aceite de espectro completo al 7% de Tom Hemp est\u00e1 pensado para aquellos que buscan una intensidad moderada, \u00f3ptima para integrar el CBD en su rutina diaria. Experimenta los beneficios hol\u00edsticos y las posibles contribuciones a la vitalidad y el bienestar que ofrece este aceite meticulosamente elaborado.<\/span><\/p>\n","protected":false},"featured_media":464523,"comment_status":"open","ping_status":"closed","template":"","meta":{"_acf_changed":false},"product_cat":[5008,586,618],"product_tag":[],"acf":[],"yoast_head":"<!-- This site is optimized with the Yoast SEO Premium plugin v22.8 (Yoast SEO v22.8) - https:\/\/yoast.com\/wordpress\/plugins\/seo\/ -->\n<title>Aceite de CBD de espectro completo 7% | Tom Hemps<\/title>\n<meta name=\"description\" content=\"El aceite de espectro completo al 7% de Tom Hemp est\u00e1 pensado para aquellos que buscan una intensidad moderada, \u00f3ptima para integrar el CBD en su rutina diaria.\" \/>\n<meta name=\"robots\" content=\"index, follow, max-snippet:-1, max-image-preview:large, max-video-preview:-1\" \/>\n<link rel=\"canonical\" href=\"https:\/\/www.tomhemps.com\/es\/prs\/aceite-de-cbd-de-espectro-completo-7\/\" \/>\n<meta property=\"og:locale\" content=\"es_ES\" \/>\n<meta property=\"og:type\" content=\"article\" \/>\n<meta property=\"og:title\" content=\"Aceite de CBD de espectro completo 7%\" \/>\n<meta property=\"og:description\" content=\"El aceite de espectro completo al 7% de Tom Hemp est\u00e1 pensado para aquellos que buscan una intensidad moderada, \u00f3ptima para integrar el CBD en su rutina diaria.\" \/>\n<meta property=\"og:url\" content=\"https:\/\/www.tomhemps.com\/es\/prs\/aceite-de-cbd-de-espectro-completo-7\/\" \/>\n<meta property=\"og:site_name\" content=\"Your CBD Shop | Your CBD Brand | born in Berlin\" \/>\n<meta property=\"article:publisher\" content=\"https:\/\/www.facebook.com\/tomhempsberlin\/\" \/>\n<meta property=\"article:modified_time\" content=\"2025-10-26T20:17:10+00:00\" \/>\n<meta property=\"og:image\" content=\"https:\/\/www.tomhemps.com\/wp-content\/uploads\/2018\/12\/Tom_Hemps_product_cbd_oil_fullspectrum_10ml_7-1.png\" \/>\n\t<meta property=\"og:image:width\" content=\"1780\" \/>\n\t<meta property=\"og:image:height\" content=\"1600\" \/>\n\t<meta property=\"og:image:type\" content=\"image\/png\" \/>\n<meta name=\"twitter:card\" content=\"summary_large_image\" \/>\n<script type=\"application\/ld+json\" class=\"yoast-schema-graph\">{\"@context\":\"https:\/\/schema.org\",\"@graph\":[{\"@type\":\"WebPage\",\"@id\":\"https:\/\/www.tomhemps.com\/es\/prs\/aceite-de-cbd-de-espectro-completo-7\/\",\"url\":\"https:\/\/www.tomhemps.com\/es\/prs\/aceite-de-cbd-de-espectro-completo-7\/\",\"name\":\"Aceite de CBD de espectro completo 7% | Tom Hemps\",\"isPartOf\":{\"@id\":\"https:\/\/www.tomhemps.com\/es\/#website\"},\"primaryImageOfPage\":{\"@id\":\"https:\/\/www.tomhemps.com\/es\/prs\/aceite-de-cbd-de-espectro-completo-7\/#primaryimage\"},\"image\":{\"@id\":\"https:\/\/www.tomhemps.com\/es\/prs\/aceite-de-cbd-de-espectro-completo-7\/#primaryimage\"},\"thumbnailUrl\":\"https:\/\/www.tomhemps.com\/wp-content\/uploads\/2018\/12\/Tom_Hemps_product_cbd_oil_fullspectrum_10ml_7-1.png\",\"datePublished\":\"2018-12-21T20:01:04+00:00\",\"dateModified\":\"2025-10-26T20:17:10+00:00\",\"description\":\"El aceite de espectro completo al 7% de Tom Hemp est\u00e1 pensado para aquellos que buscan una intensidad moderada, \u00f3ptima para integrar el CBD en su rutina diaria.\",\"breadcrumb\":{\"@id\":\"https:\/\/www.tomhemps.com\/es\/prs\/aceite-de-cbd-de-espectro-completo-7\/#breadcrumb\"},\"inLanguage\":\"es\",\"potentialAction\":[{\"@type\":\"ReadAction\",\"target\":[\"https:\/\/www.tomhemps.com\/es\/prs\/aceite-de-cbd-de-espectro-completo-7\/\"]}]},{\"@type\":\"ImageObject\",\"inLanguage\":\"es\",\"@id\":\"https:\/\/www.tomhemps.com\/es\/prs\/aceite-de-cbd-de-espectro-completo-7\/#primaryimage\",\"url\":\"https:\/\/www.tomhemps.com\/wp-content\/uploads\/2018\/12\/Tom_Hemps_product_cbd_oil_fullspectrum_10ml_7-1.png\",\"contentUrl\":\"https:\/\/www.tomhemps.com\/wp-content\/uploads\/2018\/12\/Tom_Hemps_product_cbd_oil_fullspectrum_10ml_7-1.png\",\"width\":1780,\"height\":1600},{\"@type\":\"BreadcrumbList\",\"@id\":\"https:\/\/www.tomhemps.com\/es\/prs\/aceite-de-cbd-de-espectro-completo-7\/#breadcrumb\",\"itemListElement\":[{\"@type\":\"ListItem\",\"position\":1,\"name\":\"Startseite\",\"item\":\"https:\/\/www.tomhemps.com\/es\/\"},{\"@type\":\"ListItem\",\"position\":2,\"name\":\"Shop\",\"item\":\"https:\/\/www.tomhemps.com\/es\/shop\/\"},{\"@type\":\"ListItem\",\"position\":3,\"name\":\"Aceite de CBD de espectro completo 7%\"}]},{\"@type\":\"WebSite\",\"@id\":\"https:\/\/www.tomhemps.com\/es\/#website\",\"url\":\"https:\/\/www.tomhemps.com\/es\/\",\"name\":\"Your CBD Shop | Your CBD Brand | born in Berlin\",\"description\":\"CBD Shop Berlin\",\"publisher\":{\"@id\":\"https:\/\/www.tomhemps.com\/es\/#organization\"},\"potentialAction\":[{\"@type\":\"SearchAction\",\"target\":{\"@type\":\"EntryPoint\",\"urlTemplate\":\"https:\/\/www.tomhemps.com\/es\/?s={search_term_string}\"},\"query-input\":\"required name=search_term_string\"}],\"inLanguage\":\"es\"},{\"@type\":\"Organization\",\"@id\":\"https:\/\/www.tomhemps.com\/es\/#organization\",\"name\":\"Tom Hemp's CBD Shop\",\"alternateName\":\"Tom Hemp's Berlin\",\"url\":\"https:\/\/www.tomhemps.com\/es\/\",\"logo\":{\"@type\":\"ImageObject\",\"inLanguage\":\"es\",\"@id\":\"https:\/\/www.tomhemps.com\/es\/#\/schema\/logo\/image\/\",\"url\":\"https:\/\/www.tomhemps.com\/wp-content\/uploads\/2019\/04\/Logo-2019-e1581413011332.jpg\",\"contentUrl\":\"https:\/\/www.tomhemps.com\/wp-content\/uploads\/2019\/04\/Logo-2019-e1581413011332.jpg\",\"width\":460,\"height\":153,\"caption\":\"Tom Hemp's CBD Shop\"},\"image\":{\"@id\":\"https:\/\/www.tomhemps.com\/es\/#\/schema\/logo\/image\/\"},\"sameAs\":[\"https:\/\/www.facebook.com\/tomhempsberlin\/\",\"https:\/\/www.instagram.com\/tomhemps_cbd\/\",\"https:\/\/www.youtube.com\/channel\/UCbGxDacLx_DRKyder_zVoNw\"]}]}<\/script>\n<!-- \/ Yoast SEO Premium plugin. -->","yoast_head_json":{"title":"Aceite de CBD de espectro completo 7% | Tom Hemps","description":"El aceite de espectro completo al 7% de Tom Hemp est\u00e1 pensado para aquellos que buscan una intensidad moderada, \u00f3ptima para integrar el CBD en su rutina diaria.","robots":{"index":"index","follow":"follow","max-snippet":"max-snippet:-1","max-image-preview":"max-image-preview:large","max-video-preview":"max-video-preview:-1"},"canonical":"https:\/\/www.tomhemps.com\/es\/prs\/aceite-de-cbd-de-espectro-completo-7\/","og_locale":"es_ES","og_type":"article","og_title":"Aceite de CBD de espectro completo 7%","og_description":"El aceite de espectro completo al 7% de Tom Hemp est\u00e1 pensado para aquellos que buscan una intensidad moderada, \u00f3ptima para integrar el CBD en su rutina diaria.","og_url":"https:\/\/www.tomhemps.com\/es\/prs\/aceite-de-cbd-de-espectro-completo-7\/","og_site_name":"Your CBD Shop | Your CBD Brand | born in Berlin","article_publisher":"https:\/\/www.facebook.com\/tomhempsberlin\/","article_modified_time":"2025-10-26T20:17:10+00:00","og_image":[{"width":1780,"height":1600,"url":"https:\/\/www.tomhemps.com\/wp-content\/uploads\/2018\/12\/Tom_Hemps_product_cbd_oil_fullspectrum_10ml_7-1.png","type":"image\/png"}],"twitter_card":"summary_large_image","schema":{"@context":"https:\/\/schema.org","@graph":[{"@type":"WebPage","@id":"https:\/\/www.tomhemps.com\/es\/prs\/aceite-de-cbd-de-espectro-completo-7\/","url":"https:\/\/www.tomhemps.com\/es\/prs\/aceite-de-cbd-de-espectro-completo-7\/","name":"Aceite de CBD de espectro completo 7% | Tom Hemps","isPartOf":{"@id":"https:\/\/www.tomhemps.com\/es\/#website"},"primaryImageOfPage":{"@id":"https:\/\/www.tomhemps.com\/es\/prs\/aceite-de-cbd-de-espectro-completo-7\/#primaryimage"},"image":{"@id":"https:\/\/www.tomhemps.com\/es\/prs\/aceite-de-cbd-de-espectro-completo-7\/#primaryimage"},"thumbnailUrl":"https:\/\/www.tomhemps.com\/wp-content\/uploads\/2018\/12\/Tom_Hemps_product_cbd_oil_fullspectrum_10ml_7-1.png","datePublished":"2018-12-21T20:01:04+00:00","dateModified":"2025-10-26T20:17:10+00:00","description":"El aceite de espectro completo al 7% de Tom Hemp est\u00e1 pensado para aquellos que buscan una intensidad moderada, \u00f3ptima para integrar el CBD en su rutina diaria.","breadcrumb":{"@id":"https:\/\/www.tomhemps.com\/es\/prs\/aceite-de-cbd-de-espectro-completo-7\/#breadcrumb"},"inLanguage":"es","potentialAction":[{"@type":"ReadAction","target":["https:\/\/www.tomhemps.com\/es\/prs\/aceite-de-cbd-de-espectro-completo-7\/"]}]},{"@type":"ImageObject","inLanguage":"es","@id":"https:\/\/www.tomhemps.com\/es\/prs\/aceite-de-cbd-de-espectro-completo-7\/#primaryimage","url":"https:\/\/www.tomhemps.com\/wp-content\/uploads\/2018\/12\/Tom_Hemps_product_cbd_oil_fullspectrum_10ml_7-1.png","contentUrl":"https:\/\/www.tomhemps.com\/wp-content\/uploads\/2018\/12\/Tom_Hemps_product_cbd_oil_fullspectrum_10ml_7-1.png","width":1780,"height":1600},{"@type":"BreadcrumbList","@id":"https:\/\/www.tomhemps.com\/es\/prs\/aceite-de-cbd-de-espectro-completo-7\/#breadcrumb","itemListElement":[{"@type":"ListItem","position":1,"name":"Startseite","item":"https:\/\/www.tomhemps.com\/es\/"},{"@type":"ListItem","position":2,"name":"Shop","item":"https:\/\/www.tomhemps.com\/es\/shop\/"},{"@type":"ListItem","position":3,"name":"Aceite de CBD de espectro completo 7%"}]},{"@type":"WebSite","@id":"https:\/\/www.tomhemps.com\/es\/#website","url":"https:\/\/www.tomhemps.com\/es\/","name":"Your CBD Shop | Your CBD Brand | born in Berlin","description":"CBD Shop Berlin","publisher":{"@id":"https:\/\/www.tomhemps.com\/es\/#organization"},"potentialAction":[{"@type":"SearchAction","target":{"@type":"EntryPoint","urlTemplate":"https:\/\/www.tomhemps.com\/es\/?s={search_term_string}"},"query-input":"required name=search_term_string"}],"inLanguage":"es"},{"@type":"Organization","@id":"https:\/\/www.tomhemps.com\/es\/#organization","name":"Tom Hemp's CBD Shop","alternateName":"Tom Hemp's Berlin","url":"https:\/\/www.tomhemps.com\/es\/","logo":{"@type":"ImageObject","inLanguage":"es","@id":"https:\/\/www.tomhemps.com\/es\/#\/schema\/logo\/image\/","url":"https:\/\/www.tomhemps.com\/wp-content\/uploads\/2019\/04\/Logo-2019-e1581413011332.jpg","contentUrl":"https:\/\/www.tomhemps.com\/wp-content\/uploads\/2019\/04\/Logo-2019-e1581413011332.jpg","width":460,"height":153,"caption":"Tom Hemp's CBD Shop"},"image":{"@id":"https:\/\/www.tomhemps.com\/es\/#\/schema\/logo\/image\/"},"sameAs":["https:\/\/www.facebook.com\/tomhempsberlin\/","https:\/\/www.instagram.com\/tomhemps_cbd\/","https:\/\/www.youtube.com\/channel\/UCbGxDacLx_DRKyder_zVoNw"]}]}},"fields":{"pi_t":131369,"pi_tot":"\u00bfQu\u00e9 hay dentro?","pi_to":"<p>Composici\u00f3n: Partes de hojas de c\u00e1\u00f1amo industrial de la UE, aceite de semilla de cannabis satvis.<\/p>\n<p>Un frasco contiene<br \/>\n&#8211; 10 ml: aprox. 320 gotas<br \/>\n&#8211; 30 ml: aprox. 960 gotas<\/p>\n","pi_tst":"M\u00e1s detalles","pi_ts":"<p>Los aceites de CBD de espectro completo de Tom Hemp&#8217;sse obtienen a partir de c\u00e1\u00f1amo industrial certificado por la UE. Durante el cultivo de las plantas, los pesticidas y herbicidas est\u00e1n estrictamente prohibidos. El cultivo y la producci\u00f3n de los aceites PREMIUM Full Spectrum CBD se llevan a cabo en Alemania. El CBD se extrae mediante una t\u00e9cnica de extracci\u00f3n suave de C02. Este procedimiento especial, que se denomina m\u00e1s precisamente descarboxilaci\u00f3n de las hojas de c\u00e1\u00f1amo, nos permite obtener un extracto de c\u00e1\u00f1amo de alta calidad con un alto contenido de cannabidiol (CBD).<\/p>\n<p>Los siguientes est\u00e1ndares de calidad garantizan una calidad constante en nuestros aceites de espectro completo: ISO 9001, ISO 22000<\/p>\n","smoking_product":false,"pi_dd":464529,"pi_hd":591815,"pi_hm":591815},"_links":{"self":[{"href":"https:\/\/www.tomhemps.com\/es\/wp-json\/wp\/v2\/product\/131233"}],"collection":[{"href":"https:\/\/www.tomhemps.com\/es\/wp-json\/wp\/v2\/product"}],"about":[{"href":"https:\/\/www.tomhemps.com\/es\/wp-json\/wp\/v2\/types\/product"}],"replies":[{"embeddable":true,"href":"https:\/\/www.tomhemps.com\/es\/wp-json\/wp\/v2\/comments?post=131233"}],"wp:featuredmedia":[{"embeddable":true,"href":"https:\/\/www.tomhemps.com\/es\/wp-json\/wp\/v2\/media\/464523"}],"wp:attachment":[{"href":"https:\/\/www.tomhemps.com\/es\/wp-json\/wp\/v2\/media?parent=131233"}],"wp:term":[{"taxonomy":"product_cat","embeddable":true,"href":"https:\/\/www.tomhemps.com\/es\/wp-json\/wp\/v2\/product_cat?post=131233"},{"taxonomy":"product_tag","embeddable":true,"href":"https:\/\/www.tomhemps.com\/es\/wp-json\/wp\/v2\/product_tag?post=131233"}],"curies":[{"name":"wp","href":"https:\/\/api.w.org\/{rel}","templated":true}]}}