{"id":131475,"date":"2017-03-03T14:59:23","date_gmt":"2020-03-28T13:59:23","guid":{"rendered":"https:\/\/www.tomhemps.com\/product\/glow-up-set-1\/"},"modified":"2021-12-09T10:47:27","modified_gmt":"2021-12-09T09:47:27","slug":"glow-up-set","status":"publish","type":"product","link":"https:\/\/www.tomhemps.com\/es\/prs\/glow-up-set\/","title":{"rendered":"Glow Up Set"},"content":{"rendered":"","protected":false},"excerpt":{"rendered":"<p>El Glow Up Set cuidar\u00e1 tu piel con aceite nutritivo de Monoi de Tahit\u00ed y el ingrediente activo CBD, que protege tu piel del envejecimiento prematuro. \u00bfComo funciona? La loci\u00f3n corporal de CBD y la crema de d\u00eda de CBD son una pareja realmente poderosa. \u00a1Uno que puedes regalar o usar t\u00fa mismo! \u00bfCrema facial y loci\u00f3n corporal con CBD?\u00a0\u00a1Demonios si! Estos son ingredientes de alta calidad para un cuidado excepcional de la piel y el cuerpo. \u00bfQuieres saber m\u00e1s? Bueno &#8230; \u00a1El CBD es nuestra obsesi\u00f3n!<\/p>\n","protected":false},"featured_media":493415,"comment_status":"open","ping_status":"closed","template":"","meta":{"_acf_changed":false},"product_cat":[4956],"product_tag":[],"acf":[],"yoast_head":"<!-- This site is optimized with the Yoast SEO Premium plugin v22.8 (Yoast SEO v22.8) - https:\/\/yoast.com\/wordpress\/plugins\/seo\/ -->\n<title>Glow Up Set<\/title>\n<meta name=\"description\" content=\"Glow Up Set - Your CBD Shop | Your CBD Brand | born in Berlin\" \/>\n<meta name=\"robots\" content=\"index, follow, max-snippet:-1, max-image-preview:large, max-video-preview:-1\" \/>\n<link rel=\"canonical\" href=\"https:\/\/www.tomhemps.com\/es\/prs\/glow-up-set\/\" \/>\n<meta property=\"og:locale\" content=\"es_ES\" \/>\n<meta property=\"og:type\" content=\"article\" \/>\n<meta property=\"og:title\" content=\"Glow Up Set\" \/>\n<meta property=\"og:description\" content=\"Glow Up Set - Your CBD Shop | Your CBD Brand | born in Berlin\" \/>\n<meta property=\"og:url\" content=\"https:\/\/www.tomhemps.com\/es\/prs\/glow-up-set\/\" \/>\n<meta property=\"og:site_name\" content=\"Your CBD Shop | Your CBD Brand | born in Berlin\" \/>\n<meta property=\"article:publisher\" content=\"https:\/\/www.facebook.com\/tomhempsberlin\/\" \/>\n<meta property=\"article:modified_time\" content=\"2021-12-09T09:47:27+00:00\" \/>\n<meta property=\"og:image\" content=\"https:\/\/www.tomhemps.com\/wp-content\/uploads\/2017\/03\/tomhemps_GlowUpSet_3_Desktop_Thumbnail_HD_1440x1620.png\" \/>\n\t<meta property=\"og:image:width\" content=\"1440\" \/>\n\t<meta property=\"og:image:height\" content=\"1620\" \/>\n\t<meta property=\"og:image:type\" content=\"image\/png\" \/>\n<meta name=\"twitter:card\" content=\"summary_large_image\" \/>\n<script type=\"application\/ld+json\" class=\"yoast-schema-graph\">{\"@context\":\"https:\/\/schema.org\",\"@graph\":[{\"@type\":\"WebPage\",\"@id\":\"https:\/\/www.tomhemps.com\/es\/prs\/glow-up-set\/\",\"url\":\"https:\/\/www.tomhemps.com\/es\/prs\/glow-up-set\/\",\"name\":\"Glow Up Set\",\"isPartOf\":{\"@id\":\"https:\/\/www.tomhemps.com\/es\/#website\"},\"primaryImageOfPage\":{\"@id\":\"https:\/\/www.tomhemps.com\/es\/prs\/glow-up-set\/#primaryimage\"},\"image\":{\"@id\":\"https:\/\/www.tomhemps.com\/es\/prs\/glow-up-set\/#primaryimage\"},\"thumbnailUrl\":\"https:\/\/www.tomhemps.com\/wp-content\/uploads\/2017\/03\/tomhemps_GlowUpSet_3_Desktop_Thumbnail_HD_1440x1620.png\",\"datePublished\":\"2020-03-28T13:59:23+00:00\",\"dateModified\":\"2021-12-09T09:47:27+00:00\",\"description\":\"Glow Up Set - Your CBD Shop | Your CBD Brand | born in Berlin\",\"breadcrumb\":{\"@id\":\"https:\/\/www.tomhemps.com\/es\/prs\/glow-up-set\/#breadcrumb\"},\"inLanguage\":\"es\",\"potentialAction\":[{\"@type\":\"ReadAction\",\"target\":[\"https:\/\/www.tomhemps.com\/es\/prs\/glow-up-set\/\"]}]},{\"@type\":\"ImageObject\",\"inLanguage\":\"es\",\"@id\":\"https:\/\/www.tomhemps.com\/es\/prs\/glow-up-set\/#primaryimage\",\"url\":\"https:\/\/www.tomhemps.com\/wp-content\/uploads\/2017\/03\/tomhemps_GlowUpSet_3_Desktop_Thumbnail_HD_1440x1620.png\",\"contentUrl\":\"https:\/\/www.tomhemps.com\/wp-content\/uploads\/2017\/03\/tomhemps_GlowUpSet_3_Desktop_Thumbnail_HD_1440x1620.png\",\"width\":1440,\"height\":1620},{\"@type\":\"BreadcrumbList\",\"@id\":\"https:\/\/www.tomhemps.com\/es\/prs\/glow-up-set\/#breadcrumb\",\"itemListElement\":[{\"@type\":\"ListItem\",\"position\":1,\"name\":\"Startseite\",\"item\":\"https:\/\/www.tomhemps.com\/es\/\"},{\"@type\":\"ListItem\",\"position\":2,\"name\":\"Shop\",\"item\":\"https:\/\/www.tomhemps.com\/es\/shop\/\"},{\"@type\":\"ListItem\",\"position\":3,\"name\":\"Glow Up Set\"}]},{\"@type\":\"WebSite\",\"@id\":\"https:\/\/www.tomhemps.com\/es\/#website\",\"url\":\"https:\/\/www.tomhemps.com\/es\/\",\"name\":\"Your CBD Shop | Your CBD Brand | born in Berlin\",\"description\":\"CBD Shop Berlin\",\"publisher\":{\"@id\":\"https:\/\/www.tomhemps.com\/es\/#organization\"},\"potentialAction\":[{\"@type\":\"SearchAction\",\"target\":{\"@type\":\"EntryPoint\",\"urlTemplate\":\"https:\/\/www.tomhemps.com\/es\/?s={search_term_string}\"},\"query-input\":\"required name=search_term_string\"}],\"inLanguage\":\"es\"},{\"@type\":\"Organization\",\"@id\":\"https:\/\/www.tomhemps.com\/es\/#organization\",\"name\":\"Tom Hemp's CBD Shop\",\"alternateName\":\"Tom Hemp's Berlin\",\"url\":\"https:\/\/www.tomhemps.com\/es\/\",\"logo\":{\"@type\":\"ImageObject\",\"inLanguage\":\"es\",\"@id\":\"https:\/\/www.tomhemps.com\/es\/#\/schema\/logo\/image\/\",\"url\":\"https:\/\/www.tomhemps.com\/wp-content\/uploads\/2019\/04\/Logo-2019-e1581413011332.jpg\",\"contentUrl\":\"https:\/\/www.tomhemps.com\/wp-content\/uploads\/2019\/04\/Logo-2019-e1581413011332.jpg\",\"width\":460,\"height\":153,\"caption\":\"Tom Hemp's CBD Shop\"},\"image\":{\"@id\":\"https:\/\/www.tomhemps.com\/es\/#\/schema\/logo\/image\/\"},\"sameAs\":[\"https:\/\/www.facebook.com\/tomhempsberlin\/\",\"https:\/\/www.instagram.com\/tomhemps_cbd\/\",\"https:\/\/www.youtube.com\/channel\/UCbGxDacLx_DRKyder_zVoNw\"]}]}<\/script>\n<!-- \/ Yoast SEO Premium plugin. -->","yoast_head_json":{"title":"Glow Up Set","description":"Glow Up Set - Your CBD Shop | Your CBD Brand | born in Berlin","robots":{"index":"index","follow":"follow","max-snippet":"max-snippet:-1","max-image-preview":"max-image-preview:large","max-video-preview":"max-video-preview:-1"},"canonical":"https:\/\/www.tomhemps.com\/es\/prs\/glow-up-set\/","og_locale":"es_ES","og_type":"article","og_title":"Glow Up Set","og_description":"Glow Up Set - Your CBD Shop | Your CBD Brand | born in Berlin","og_url":"https:\/\/www.tomhemps.com\/es\/prs\/glow-up-set\/","og_site_name":"Your CBD Shop | Your CBD Brand | born in Berlin","article_publisher":"https:\/\/www.facebook.com\/tomhempsberlin\/","article_modified_time":"2021-12-09T09:47:27+00:00","og_image":[{"width":1440,"height":1620,"url":"https:\/\/www.tomhemps.com\/wp-content\/uploads\/2017\/03\/tomhemps_GlowUpSet_3_Desktop_Thumbnail_HD_1440x1620.png","type":"image\/png"}],"twitter_card":"summary_large_image","schema":{"@context":"https:\/\/schema.org","@graph":[{"@type":"WebPage","@id":"https:\/\/www.tomhemps.com\/es\/prs\/glow-up-set\/","url":"https:\/\/www.tomhemps.com\/es\/prs\/glow-up-set\/","name":"Glow Up Set","isPartOf":{"@id":"https:\/\/www.tomhemps.com\/es\/#website"},"primaryImageOfPage":{"@id":"https:\/\/www.tomhemps.com\/es\/prs\/glow-up-set\/#primaryimage"},"image":{"@id":"https:\/\/www.tomhemps.com\/es\/prs\/glow-up-set\/#primaryimage"},"thumbnailUrl":"https:\/\/www.tomhemps.com\/wp-content\/uploads\/2017\/03\/tomhemps_GlowUpSet_3_Desktop_Thumbnail_HD_1440x1620.png","datePublished":"2020-03-28T13:59:23+00:00","dateModified":"2021-12-09T09:47:27+00:00","description":"Glow Up Set - Your CBD Shop | Your CBD Brand | born in Berlin","breadcrumb":{"@id":"https:\/\/www.tomhemps.com\/es\/prs\/glow-up-set\/#breadcrumb"},"inLanguage":"es","potentialAction":[{"@type":"ReadAction","target":["https:\/\/www.tomhemps.com\/es\/prs\/glow-up-set\/"]}]},{"@type":"ImageObject","inLanguage":"es","@id":"https:\/\/www.tomhemps.com\/es\/prs\/glow-up-set\/#primaryimage","url":"https:\/\/www.tomhemps.com\/wp-content\/uploads\/2017\/03\/tomhemps_GlowUpSet_3_Desktop_Thumbnail_HD_1440x1620.png","contentUrl":"https:\/\/www.tomhemps.com\/wp-content\/uploads\/2017\/03\/tomhemps_GlowUpSet_3_Desktop_Thumbnail_HD_1440x1620.png","width":1440,"height":1620},{"@type":"BreadcrumbList","@id":"https:\/\/www.tomhemps.com\/es\/prs\/glow-up-set\/#breadcrumb","itemListElement":[{"@type":"ListItem","position":1,"name":"Startseite","item":"https:\/\/www.tomhemps.com\/es\/"},{"@type":"ListItem","position":2,"name":"Shop","item":"https:\/\/www.tomhemps.com\/es\/shop\/"},{"@type":"ListItem","position":3,"name":"Glow Up Set"}]},{"@type":"WebSite","@id":"https:\/\/www.tomhemps.com\/es\/#website","url":"https:\/\/www.tomhemps.com\/es\/","name":"Your CBD Shop | Your CBD Brand | born in Berlin","description":"CBD Shop Berlin","publisher":{"@id":"https:\/\/www.tomhemps.com\/es\/#organization"},"potentialAction":[{"@type":"SearchAction","target":{"@type":"EntryPoint","urlTemplate":"https:\/\/www.tomhemps.com\/es\/?s={search_term_string}"},"query-input":"required name=search_term_string"}],"inLanguage":"es"},{"@type":"Organization","@id":"https:\/\/www.tomhemps.com\/es\/#organization","name":"Tom Hemp's CBD Shop","alternateName":"Tom Hemp's Berlin","url":"https:\/\/www.tomhemps.com\/es\/","logo":{"@type":"ImageObject","inLanguage":"es","@id":"https:\/\/www.tomhemps.com\/es\/#\/schema\/logo\/image\/","url":"https:\/\/www.tomhemps.com\/wp-content\/uploads\/2019\/04\/Logo-2019-e1581413011332.jpg","contentUrl":"https:\/\/www.tomhemps.com\/wp-content\/uploads\/2019\/04\/Logo-2019-e1581413011332.jpg","width":460,"height":153,"caption":"Tom Hemp's CBD Shop"},"image":{"@id":"https:\/\/www.tomhemps.com\/es\/#\/schema\/logo\/image\/"},"sameAs":["https:\/\/www.facebook.com\/tomhempsberlin\/","https:\/\/www.instagram.com\/tomhemps_cbd\/","https:\/\/www.youtube.com\/channel\/UCbGxDacLx_DRKyder_zVoNw"]}]}},"fields":{"pi_t":148059,"pi_tot":"\u00bfQu\u00e9 hay dentro?","pi_to":"<p>1 x The Body Lotion<\/p>\n<p>1 x The Day Cream<\/p>\n<p>&nbsp;<\/p>\n<p><strong>The Body Lotion<\/strong><\/p>\n<p>Ingredientes: Aqua, jugo de hoja de Barbadensis, aceite de semilla de cannabis sativa, mantequilla de butyrospermum parkii, aceite de Prunus Amygdalus Dulcis, glicerina, alcohol cetear\u00edlico, aceite de fruta Olea europea, cannabidiol, alcohol benc\u00edlico, caprilato de glicerilo, undecilenato de glicerilo, acetato de tocamoferilo, acetato de tocamoferilo. Sorbato, benzoato de sodio, cetearil gluc\u00f3sido, fragancia natural monoi.<br \/>\nContenido: 250ml (9,00 \u20ac\/ 100ml)<\/p>\n<p>&nbsp;<\/p>\n<p><strong>The Day Cream<\/strong><\/p>\n<p>Ingredientes: agua, jugo de hoja de aloe barbadensis, aceite de semilla de cannabis sativa, mantequilla de butyrospermum parkii, alcohol cetear\u00edlico, aceite de Prunus Amygdalus Dulcis, aceite de fruta Olea Europea, glicerina, cannabidiol, alcohol benc\u00edlico, caprilato de glicerilo, undecilenato de glicerilo, acetato de tocoferilo, Cetearil gluc\u00f3sido, sorbato de potasio, benzoato de sodio, fragancia natural monoi.<br \/>\nContenido: 50g (59,80 \u20ac \/ 100ml)<\/p>\n<p>&nbsp;<\/p>\n","pi_tst":"Uso","pi_ts":"<p><strong>The Body Lotion\u00a0<\/strong><\/p>\n<p>Uso: Ponga la cantidad deseada de loci\u00f3n corporal en la palma de su mano, exti\u00e9ndala sobre las partes deseadas del cuerpo y masajee suavemente. Extienda y frote suavemente la loci\u00f3n hasta que la piel la absorba por completo.<\/p>\n<p><strong>The Day Cream<\/strong><\/p>\n<p>Uso: Aplique la crema de d\u00eda con CBD en el rostro, la garganta y el escote por la ma\u00f1ana despu\u00e9s de la limpieza. Extienda suavemente la crema por el \u00e1rea y masajee la piel lentamente.<\/p>\n","pi_hd":false,"pi_hm":false,"smoking_product":false,"pi_dd":131479},"_links":{"self":[{"href":"https:\/\/www.tomhemps.com\/es\/wp-json\/wp\/v2\/product\/131475"}],"collection":[{"href":"https:\/\/www.tomhemps.com\/es\/wp-json\/wp\/v2\/product"}],"about":[{"href":"https:\/\/www.tomhemps.com\/es\/wp-json\/wp\/v2\/types\/product"}],"replies":[{"embeddable":true,"href":"https:\/\/www.tomhemps.com\/es\/wp-json\/wp\/v2\/comments?post=131475"}],"wp:featuredmedia":[{"embeddable":true,"href":"https:\/\/www.tomhemps.com\/es\/wp-json\/wp\/v2\/media\/493415"}],"wp:attachment":[{"href":"https:\/\/www.tomhemps.com\/es\/wp-json\/wp\/v2\/media?parent=131475"}],"wp:term":[{"taxonomy":"product_cat","embeddable":true,"href":"https:\/\/www.tomhemps.com\/es\/wp-json\/wp\/v2\/product_cat?post=131475"},{"taxonomy":"product_tag","embeddable":true,"href":"https:\/\/www.tomhemps.com\/es\/wp-json\/wp\/v2\/product_tag?post=131475"}],"curies":[{"name":"wp","href":"https:\/\/api.w.org\/{rel}","templated":true}]}}