{"id":147890,"date":"2018-02-28T21:48:18","date_gmt":"2018-02-28T20:48:18","guid":{"rendered":"https:\/\/www.tomhemps.com\/product\/dutch-harvest-hemp-chai\/"},"modified":"2025-09-29T06:45:45","modified_gmt":"2025-09-29T04:45:45","slug":"dutch-harvest-hemp-chai","status":"publish","type":"product","link":"https:\/\/www.tomhemps.com\/es\/prs\/dutch-harvest-hemp-chai\/","title":{"rendered":"Dutch Harvest C\u00e1\u00f1amo y chai"},"content":{"rendered":"","protected":false},"excerpt":{"rendered":"<p>Chai se origina en la incre\u00edble India y de ah\u00ed provienen los incre\u00edbles aromas que hacen que esta mezcla de Dutch Harvest sea tan especial. Hierba de lim\u00f3n, semillas de hinojo, canela, jengibre, perejil, cardamomo, pimienta rosa y una pizca de regaliz crean un delicioso sabor y relajaci\u00f3n.<\/p>\n","protected":false},"featured_media":147891,"comment_status":"open","ping_status":"closed","template":"","meta":{"_acf_changed":false},"product_cat":[636,590],"product_tag":[],"acf":[],"yoast_head":"<!-- This site is optimized with the Yoast SEO Premium plugin v22.8 (Yoast SEO v22.8) - https:\/\/yoast.com\/wordpress\/plugins\/seo\/ -->\n<title>Dutch Harvest C\u00e1\u00f1amo y chai<\/title>\n<meta name=\"description\" content=\"Dutch Harvest C\u00e1\u00f1amo y chai - Your CBD Shop | Your CBD Brand | born in Berlin\" \/>\n<meta name=\"robots\" content=\"index, follow, max-snippet:-1, max-image-preview:large, max-video-preview:-1\" \/>\n<link rel=\"canonical\" href=\"https:\/\/www.tomhemps.com\/es\/prs\/dutch-harvest-hemp-chai\/\" \/>\n<meta property=\"og:locale\" content=\"es_ES\" \/>\n<meta property=\"og:type\" content=\"article\" \/>\n<meta property=\"og:title\" content=\"Dutch Harvest C\u00e1\u00f1amo y chai\" \/>\n<meta property=\"og:description\" content=\"Dutch Harvest C\u00e1\u00f1amo y chai - Your CBD Shop | Your CBD Brand | born in Berlin\" \/>\n<meta property=\"og:url\" content=\"https:\/\/www.tomhemps.com\/es\/prs\/dutch-harvest-hemp-chai\/\" \/>\n<meta property=\"og:site_name\" content=\"Your CBD Shop | Your CBD Brand | born in Berlin\" \/>\n<meta property=\"article:publisher\" content=\"https:\/\/www.facebook.com\/tomhempsberlin\/\" \/>\n<meta property=\"article:modified_time\" content=\"2025-09-29T04:45:45+00:00\" \/>\n<meta property=\"og:image\" content=\"https:\/\/www.tomhemps.com\/wp-content\/uploads\/2018\/02\/DurchHarvest_HempTea_Hempchai_Desktop_Detail_HD_1780x1600.png\" \/>\n\t<meta property=\"og:image:width\" content=\"1780\" \/>\n\t<meta property=\"og:image:height\" content=\"1600\" \/>\n\t<meta property=\"og:image:type\" content=\"image\/png\" \/>\n<meta name=\"twitter:card\" content=\"summary_large_image\" \/>\n<script type=\"application\/ld+json\" class=\"yoast-schema-graph\">{\"@context\":\"https:\/\/schema.org\",\"@graph\":[{\"@type\":\"WebPage\",\"@id\":\"https:\/\/www.tomhemps.com\/es\/prs\/dutch-harvest-hemp-chai\/\",\"url\":\"https:\/\/www.tomhemps.com\/es\/prs\/dutch-harvest-hemp-chai\/\",\"name\":\"Dutch Harvest C\u00e1\u00f1amo y chai\",\"isPartOf\":{\"@id\":\"https:\/\/www.tomhemps.com\/es\/#website\"},\"primaryImageOfPage\":{\"@id\":\"https:\/\/www.tomhemps.com\/es\/prs\/dutch-harvest-hemp-chai\/#primaryimage\"},\"image\":{\"@id\":\"https:\/\/www.tomhemps.com\/es\/prs\/dutch-harvest-hemp-chai\/#primaryimage\"},\"thumbnailUrl\":\"https:\/\/www.tomhemps.com\/wp-content\/uploads\/2018\/02\/DurchHarvest_HempTea_Hempchai_Desktop_Detail_HD_1780x1600.png\",\"datePublished\":\"2018-02-28T20:48:18+00:00\",\"dateModified\":\"2025-09-29T04:45:45+00:00\",\"description\":\"Dutch Harvest C\u00e1\u00f1amo y chai - Your CBD Shop | Your CBD Brand | born in Berlin\",\"breadcrumb\":{\"@id\":\"https:\/\/www.tomhemps.com\/es\/prs\/dutch-harvest-hemp-chai\/#breadcrumb\"},\"inLanguage\":\"es\",\"potentialAction\":[{\"@type\":\"ReadAction\",\"target\":[\"https:\/\/www.tomhemps.com\/es\/prs\/dutch-harvest-hemp-chai\/\"]}]},{\"@type\":\"ImageObject\",\"inLanguage\":\"es\",\"@id\":\"https:\/\/www.tomhemps.com\/es\/prs\/dutch-harvest-hemp-chai\/#primaryimage\",\"url\":\"https:\/\/www.tomhemps.com\/wp-content\/uploads\/2018\/02\/DurchHarvest_HempTea_Hempchai_Desktop_Detail_HD_1780x1600.png\",\"contentUrl\":\"https:\/\/www.tomhemps.com\/wp-content\/uploads\/2018\/02\/DurchHarvest_HempTea_Hempchai_Desktop_Detail_HD_1780x1600.png\",\"width\":1780,\"height\":1600},{\"@type\":\"BreadcrumbList\",\"@id\":\"https:\/\/www.tomhemps.com\/es\/prs\/dutch-harvest-hemp-chai\/#breadcrumb\",\"itemListElement\":[{\"@type\":\"ListItem\",\"position\":1,\"name\":\"Startseite\",\"item\":\"https:\/\/www.tomhemps.com\/es\/\"},{\"@type\":\"ListItem\",\"position\":2,\"name\":\"Shop\",\"item\":\"https:\/\/www.tomhemps.com\/es\/shop\/\"},{\"@type\":\"ListItem\",\"position\":3,\"name\":\"Dutch Harvest C\u00e1\u00f1amo y chai\"}]},{\"@type\":\"WebSite\",\"@id\":\"https:\/\/www.tomhemps.com\/es\/#website\",\"url\":\"https:\/\/www.tomhemps.com\/es\/\",\"name\":\"Your CBD Shop | Your CBD Brand | born in Berlin\",\"description\":\"CBD Shop Berlin\",\"publisher\":{\"@id\":\"https:\/\/www.tomhemps.com\/es\/#organization\"},\"potentialAction\":[{\"@type\":\"SearchAction\",\"target\":{\"@type\":\"EntryPoint\",\"urlTemplate\":\"https:\/\/www.tomhemps.com\/es\/?s={search_term_string}\"},\"query-input\":\"required name=search_term_string\"}],\"inLanguage\":\"es\"},{\"@type\":\"Organization\",\"@id\":\"https:\/\/www.tomhemps.com\/es\/#organization\",\"name\":\"Tom Hemp's CBD Shop\",\"alternateName\":\"Tom Hemp's Berlin\",\"url\":\"https:\/\/www.tomhemps.com\/es\/\",\"logo\":{\"@type\":\"ImageObject\",\"inLanguage\":\"es\",\"@id\":\"https:\/\/www.tomhemps.com\/es\/#\/schema\/logo\/image\/\",\"url\":\"https:\/\/www.tomhemps.com\/wp-content\/uploads\/2019\/04\/Logo-2019-e1581413011332.jpg\",\"contentUrl\":\"https:\/\/www.tomhemps.com\/wp-content\/uploads\/2019\/04\/Logo-2019-e1581413011332.jpg\",\"width\":460,\"height\":153,\"caption\":\"Tom Hemp's CBD Shop\"},\"image\":{\"@id\":\"https:\/\/www.tomhemps.com\/es\/#\/schema\/logo\/image\/\"},\"sameAs\":[\"https:\/\/www.facebook.com\/tomhempsberlin\/\",\"https:\/\/www.instagram.com\/tomhemps_cbd\/\",\"https:\/\/www.youtube.com\/channel\/UCbGxDacLx_DRKyder_zVoNw\"]}]}<\/script>\n<!-- \/ Yoast SEO Premium plugin. -->","yoast_head_json":{"title":"Dutch Harvest C\u00e1\u00f1amo y chai","description":"Dutch Harvest C\u00e1\u00f1amo y chai - Your CBD Shop | Your CBD Brand | born in Berlin","robots":{"index":"index","follow":"follow","max-snippet":"max-snippet:-1","max-image-preview":"max-image-preview:large","max-video-preview":"max-video-preview:-1"},"canonical":"https:\/\/www.tomhemps.com\/es\/prs\/dutch-harvest-hemp-chai\/","og_locale":"es_ES","og_type":"article","og_title":"Dutch Harvest C\u00e1\u00f1amo y chai","og_description":"Dutch Harvest C\u00e1\u00f1amo y chai - Your CBD Shop | Your CBD Brand | born in Berlin","og_url":"https:\/\/www.tomhemps.com\/es\/prs\/dutch-harvest-hemp-chai\/","og_site_name":"Your CBD Shop | Your CBD Brand | born in Berlin","article_publisher":"https:\/\/www.facebook.com\/tomhempsberlin\/","article_modified_time":"2025-09-29T04:45:45+00:00","og_image":[{"width":1780,"height":1600,"url":"https:\/\/www.tomhemps.com\/wp-content\/uploads\/2018\/02\/DurchHarvest_HempTea_Hempchai_Desktop_Detail_HD_1780x1600.png","type":"image\/png"}],"twitter_card":"summary_large_image","schema":{"@context":"https:\/\/schema.org","@graph":[{"@type":"WebPage","@id":"https:\/\/www.tomhemps.com\/es\/prs\/dutch-harvest-hemp-chai\/","url":"https:\/\/www.tomhemps.com\/es\/prs\/dutch-harvest-hemp-chai\/","name":"Dutch Harvest C\u00e1\u00f1amo y chai","isPartOf":{"@id":"https:\/\/www.tomhemps.com\/es\/#website"},"primaryImageOfPage":{"@id":"https:\/\/www.tomhemps.com\/es\/prs\/dutch-harvest-hemp-chai\/#primaryimage"},"image":{"@id":"https:\/\/www.tomhemps.com\/es\/prs\/dutch-harvest-hemp-chai\/#primaryimage"},"thumbnailUrl":"https:\/\/www.tomhemps.com\/wp-content\/uploads\/2018\/02\/DurchHarvest_HempTea_Hempchai_Desktop_Detail_HD_1780x1600.png","datePublished":"2018-02-28T20:48:18+00:00","dateModified":"2025-09-29T04:45:45+00:00","description":"Dutch Harvest C\u00e1\u00f1amo y chai - Your CBD Shop | Your CBD Brand | born in Berlin","breadcrumb":{"@id":"https:\/\/www.tomhemps.com\/es\/prs\/dutch-harvest-hemp-chai\/#breadcrumb"},"inLanguage":"es","potentialAction":[{"@type":"ReadAction","target":["https:\/\/www.tomhemps.com\/es\/prs\/dutch-harvest-hemp-chai\/"]}]},{"@type":"ImageObject","inLanguage":"es","@id":"https:\/\/www.tomhemps.com\/es\/prs\/dutch-harvest-hemp-chai\/#primaryimage","url":"https:\/\/www.tomhemps.com\/wp-content\/uploads\/2018\/02\/DurchHarvest_HempTea_Hempchai_Desktop_Detail_HD_1780x1600.png","contentUrl":"https:\/\/www.tomhemps.com\/wp-content\/uploads\/2018\/02\/DurchHarvest_HempTea_Hempchai_Desktop_Detail_HD_1780x1600.png","width":1780,"height":1600},{"@type":"BreadcrumbList","@id":"https:\/\/www.tomhemps.com\/es\/prs\/dutch-harvest-hemp-chai\/#breadcrumb","itemListElement":[{"@type":"ListItem","position":1,"name":"Startseite","item":"https:\/\/www.tomhemps.com\/es\/"},{"@type":"ListItem","position":2,"name":"Shop","item":"https:\/\/www.tomhemps.com\/es\/shop\/"},{"@type":"ListItem","position":3,"name":"Dutch Harvest C\u00e1\u00f1amo y chai"}]},{"@type":"WebSite","@id":"https:\/\/www.tomhemps.com\/es\/#website","url":"https:\/\/www.tomhemps.com\/es\/","name":"Your CBD Shop | Your CBD Brand | born in Berlin","description":"CBD Shop Berlin","publisher":{"@id":"https:\/\/www.tomhemps.com\/es\/#organization"},"potentialAction":[{"@type":"SearchAction","target":{"@type":"EntryPoint","urlTemplate":"https:\/\/www.tomhemps.com\/es\/?s={search_term_string}"},"query-input":"required name=search_term_string"}],"inLanguage":"es"},{"@type":"Organization","@id":"https:\/\/www.tomhemps.com\/es\/#organization","name":"Tom Hemp's CBD Shop","alternateName":"Tom Hemp's Berlin","url":"https:\/\/www.tomhemps.com\/es\/","logo":{"@type":"ImageObject","inLanguage":"es","@id":"https:\/\/www.tomhemps.com\/es\/#\/schema\/logo\/image\/","url":"https:\/\/www.tomhemps.com\/wp-content\/uploads\/2019\/04\/Logo-2019-e1581413011332.jpg","contentUrl":"https:\/\/www.tomhemps.com\/wp-content\/uploads\/2019\/04\/Logo-2019-e1581413011332.jpg","width":460,"height":153,"caption":"Tom Hemp's CBD Shop"},"image":{"@id":"https:\/\/www.tomhemps.com\/es\/#\/schema\/logo\/image\/"},"sameAs":["https:\/\/www.facebook.com\/tomhempsberlin\/","https:\/\/www.instagram.com\/tomhemps_cbd\/","https:\/\/www.youtube.com\/channel\/UCbGxDacLx_DRKyder_zVoNw"]}]}},"fields":{"pi_dd":147892,"pi_t":147904,"pi_tot":"\u00bfQu\u00e9 hay dentro?","pi_to":"<p>Naturaleza pura sin aromas a\u00f1adidos.<\/p>\n<p>Ingredientes: hojas de c\u00e1\u00f1amo, flores de c\u00e1\u00f1amo, semillas de c\u00e1\u00f1amo, hierba de lim\u00f3n, semillas de hinojo, canela, jengibre, perejil, cardamomo, pimienta rosa, regaliz.<\/p>\n<p>Contenido del paquete: 40g (14,75 \u20ac \/ 100g)<\/p>\n","pi_tst":"Uso","pi_ts":"<p>Preparaci\u00f3n: Agregue 2 cucharaditas a un litro de agua hirviendo, d\u00e9jelo reposar de 5 a 7 minutos.<\/p>\n","pi_hd":false,"pi_hm":false,"smoking_product":false},"_links":{"self":[{"href":"https:\/\/www.tomhemps.com\/es\/wp-json\/wp\/v2\/product\/147890"}],"collection":[{"href":"https:\/\/www.tomhemps.com\/es\/wp-json\/wp\/v2\/product"}],"about":[{"href":"https:\/\/www.tomhemps.com\/es\/wp-json\/wp\/v2\/types\/product"}],"replies":[{"embeddable":true,"href":"https:\/\/www.tomhemps.com\/es\/wp-json\/wp\/v2\/comments?post=147890"}],"wp:featuredmedia":[{"embeddable":true,"href":"https:\/\/www.tomhemps.com\/es\/wp-json\/wp\/v2\/media\/147891"}],"wp:attachment":[{"href":"https:\/\/www.tomhemps.com\/es\/wp-json\/wp\/v2\/media?parent=147890"}],"wp:term":[{"taxonomy":"product_cat","embeddable":true,"href":"https:\/\/www.tomhemps.com\/es\/wp-json\/wp\/v2\/product_cat?post=147890"},{"taxonomy":"product_tag","embeddable":true,"href":"https:\/\/www.tomhemps.com\/es\/wp-json\/wp\/v2\/product_tag?post=147890"}],"curies":[{"name":"wp","href":"https:\/\/api.w.org\/{rel}","templated":true}]}}