{"id":162911,"date":"2020-10-06T17:47:02","date_gmt":"2020-09-30T15:47:02","guid":{"rendered":"https:\/\/www.tomhemps.com\/product\/broad-spectrum-aceite-cbd-18\/"},"modified":"2023-12-11T13:17:31","modified_gmt":"2023-12-11T12:17:31","slug":"broad-spectrum-aceite-cbd-18","status":"publish","type":"product","link":"https:\/\/www.tomhemps.com\/es\/prs\/broad-spectrum-aceite-cbd-18\/","title":{"rendered":"Aceite de CBD espectro amplio 18%"},"content":{"rendered":"","protected":false},"excerpt":{"rendered":"<p><span style=\"font-weight: 400;\">Ad\u00e9ntrate en la cima de la potencia del CBD con nuestro Aceite de CBD de Amplio Espectro, con una potente concentraci\u00f3n del 18%. Dise\u00f1ada para usuarios experimentados, esta excepcional f\u00f3rmula fusiona a la perfecci\u00f3n todo el espectro de cannabinoides, aceites esenciales y terpenos de la planta de c\u00e1\u00f1amo, manteniendo un perfil libre de THC. Cada botella meticulosamente elaborada va m\u00e1s all\u00e1 de ser un producto, representando el ep\u00edtome de las tecnolog\u00edas avanzadas de extracci\u00f3n y los m\u00e1s altos est\u00e1ndares en la excelencia del c\u00e1\u00f1amo. Nuestro inquebrantable compromiso con la calidad se hace evidente en la cuidadosa selecci\u00f3n de ingredientes de primera calidad, certificados por la UE. Este es el mundo del aceite de CBD de Amplio Espectro en su forma m\u00e1s pura. Eleve su experiencia de CBD con confianza.<\/span><\/p>\n","protected":false},"featured_media":464541,"comment_status":"open","ping_status":"closed","template":"","meta":{"_acf_changed":false},"product_cat":[5008,586,618],"product_tag":[],"acf":[],"yoast_head":"<!-- This site is optimized with the Yoast SEO Premium plugin v22.8 (Yoast SEO v22.8) - https:\/\/yoast.com\/wordpress\/plugins\/seo\/ -->\n<title>Aceite de CBD de Amplio Espectro 18% | Tom Hemps<\/title>\n<meta name=\"description\" content=\"Nuestro Aceite de CBD de Amplio Espectro, con una potente concentraci\u00f3n del 18%. Dise\u00f1ada para usuarios experimentados\" \/>\n<meta name=\"robots\" content=\"index, follow, max-snippet:-1, max-image-preview:large, max-video-preview:-1\" \/>\n<link rel=\"canonical\" href=\"https:\/\/www.tomhemps.com\/es\/prs\/broad-spectrum-aceite-cbd-18\/\" \/>\n<meta property=\"og:locale\" content=\"es_ES\" \/>\n<meta property=\"og:type\" content=\"article\" \/>\n<meta property=\"og:title\" content=\"Aceite de CBD espectro amplio 18%\" \/>\n<meta property=\"og:description\" content=\"Nuestro Aceite de CBD de Amplio Espectro, con una potente concentraci\u00f3n del 18%. Dise\u00f1ada para usuarios experimentados\" \/>\n<meta property=\"og:url\" content=\"https:\/\/www.tomhemps.com\/es\/prs\/broad-spectrum-aceite-cbd-18\/\" \/>\n<meta property=\"og:site_name\" content=\"Your CBD Shop | Your CBD Brand | born in Berlin\" \/>\n<meta property=\"article:publisher\" content=\"https:\/\/www.facebook.com\/tomhempsberlin\/\" \/>\n<meta property=\"article:modified_time\" content=\"2023-12-11T12:17:31+00:00\" \/>\n<meta property=\"og:image\" content=\"https:\/\/www.tomhemps.com\/wp-content\/uploads\/2020\/09\/Tom_Hemps_product_beauty_hemp_serum_bottle_18__.png\" \/>\n\t<meta property=\"og:image:width\" content=\"1780\" \/>\n\t<meta property=\"og:image:height\" content=\"1600\" \/>\n\t<meta property=\"og:image:type\" content=\"image\/png\" \/>\n<meta name=\"twitter:card\" content=\"summary_large_image\" \/>\n<script type=\"application\/ld+json\" class=\"yoast-schema-graph\">{\"@context\":\"https:\/\/schema.org\",\"@graph\":[{\"@type\":\"WebPage\",\"@id\":\"https:\/\/www.tomhemps.com\/es\/prs\/broad-spectrum-aceite-cbd-18\/\",\"url\":\"https:\/\/www.tomhemps.com\/es\/prs\/broad-spectrum-aceite-cbd-18\/\",\"name\":\"Aceite de CBD de Amplio Espectro 18% | Tom Hemps\",\"isPartOf\":{\"@id\":\"https:\/\/www.tomhemps.com\/es\/#website\"},\"primaryImageOfPage\":{\"@id\":\"https:\/\/www.tomhemps.com\/es\/prs\/broad-spectrum-aceite-cbd-18\/#primaryimage\"},\"image\":{\"@id\":\"https:\/\/www.tomhemps.com\/es\/prs\/broad-spectrum-aceite-cbd-18\/#primaryimage\"},\"thumbnailUrl\":\"https:\/\/www.tomhemps.com\/wp-content\/uploads\/2020\/09\/Tom_Hemps_product_beauty_hemp_serum_bottle_18__.png\",\"datePublished\":\"2020-09-30T15:47:02+00:00\",\"dateModified\":\"2023-12-11T12:17:31+00:00\",\"description\":\"Nuestro Aceite de CBD de Amplio Espectro, con una potente concentraci\u00f3n del 18%. Dise\u00f1ada para usuarios experimentados\",\"breadcrumb\":{\"@id\":\"https:\/\/www.tomhemps.com\/es\/prs\/broad-spectrum-aceite-cbd-18\/#breadcrumb\"},\"inLanguage\":\"es\",\"potentialAction\":[{\"@type\":\"ReadAction\",\"target\":[\"https:\/\/www.tomhemps.com\/es\/prs\/broad-spectrum-aceite-cbd-18\/\"]}]},{\"@type\":\"ImageObject\",\"inLanguage\":\"es\",\"@id\":\"https:\/\/www.tomhemps.com\/es\/prs\/broad-spectrum-aceite-cbd-18\/#primaryimage\",\"url\":\"https:\/\/www.tomhemps.com\/wp-content\/uploads\/2020\/09\/Tom_Hemps_product_beauty_hemp_serum_bottle_18__.png\",\"contentUrl\":\"https:\/\/www.tomhemps.com\/wp-content\/uploads\/2020\/09\/Tom_Hemps_product_beauty_hemp_serum_bottle_18__.png\",\"width\":1780,\"height\":1600},{\"@type\":\"BreadcrumbList\",\"@id\":\"https:\/\/www.tomhemps.com\/es\/prs\/broad-spectrum-aceite-cbd-18\/#breadcrumb\",\"itemListElement\":[{\"@type\":\"ListItem\",\"position\":1,\"name\":\"Startseite\",\"item\":\"https:\/\/www.tomhemps.com\/es\/\"},{\"@type\":\"ListItem\",\"position\":2,\"name\":\"Shop\",\"item\":\"https:\/\/www.tomhemps.com\/es\/shop\/\"},{\"@type\":\"ListItem\",\"position\":3,\"name\":\"Aceite de CBD espectro amplio 18%\"}]},{\"@type\":\"WebSite\",\"@id\":\"https:\/\/www.tomhemps.com\/es\/#website\",\"url\":\"https:\/\/www.tomhemps.com\/es\/\",\"name\":\"Your CBD Shop | Your CBD Brand | born in Berlin\",\"description\":\"CBD Shop Berlin\",\"publisher\":{\"@id\":\"https:\/\/www.tomhemps.com\/es\/#organization\"},\"potentialAction\":[{\"@type\":\"SearchAction\",\"target\":{\"@type\":\"EntryPoint\",\"urlTemplate\":\"https:\/\/www.tomhemps.com\/es\/?s={search_term_string}\"},\"query-input\":\"required name=search_term_string\"}],\"inLanguage\":\"es\"},{\"@type\":\"Organization\",\"@id\":\"https:\/\/www.tomhemps.com\/es\/#organization\",\"name\":\"Tom Hemp's CBD Shop\",\"alternateName\":\"Tom Hemp's Berlin\",\"url\":\"https:\/\/www.tomhemps.com\/es\/\",\"logo\":{\"@type\":\"ImageObject\",\"inLanguage\":\"es\",\"@id\":\"https:\/\/www.tomhemps.com\/es\/#\/schema\/logo\/image\/\",\"url\":\"https:\/\/www.tomhemps.com\/wp-content\/uploads\/2019\/04\/Logo-2019-e1581413011332.jpg\",\"contentUrl\":\"https:\/\/www.tomhemps.com\/wp-content\/uploads\/2019\/04\/Logo-2019-e1581413011332.jpg\",\"width\":460,\"height\":153,\"caption\":\"Tom Hemp's CBD Shop\"},\"image\":{\"@id\":\"https:\/\/www.tomhemps.com\/es\/#\/schema\/logo\/image\/\"},\"sameAs\":[\"https:\/\/www.facebook.com\/tomhempsberlin\/\",\"https:\/\/www.instagram.com\/tomhemps_cbd\/\",\"https:\/\/www.youtube.com\/channel\/UCbGxDacLx_DRKyder_zVoNw\"]}]}<\/script>\n<!-- \/ Yoast SEO Premium plugin. -->","yoast_head_json":{"title":"Aceite de CBD de Amplio Espectro 18% | Tom Hemps","description":"Nuestro Aceite de CBD de Amplio Espectro, con una potente concentraci\u00f3n del 18%. Dise\u00f1ada para usuarios experimentados","robots":{"index":"index","follow":"follow","max-snippet":"max-snippet:-1","max-image-preview":"max-image-preview:large","max-video-preview":"max-video-preview:-1"},"canonical":"https:\/\/www.tomhemps.com\/es\/prs\/broad-spectrum-aceite-cbd-18\/","og_locale":"es_ES","og_type":"article","og_title":"Aceite de CBD espectro amplio 18%","og_description":"Nuestro Aceite de CBD de Amplio Espectro, con una potente concentraci\u00f3n del 18%. Dise\u00f1ada para usuarios experimentados","og_url":"https:\/\/www.tomhemps.com\/es\/prs\/broad-spectrum-aceite-cbd-18\/","og_site_name":"Your CBD Shop | Your CBD Brand | born in Berlin","article_publisher":"https:\/\/www.facebook.com\/tomhempsberlin\/","article_modified_time":"2023-12-11T12:17:31+00:00","og_image":[{"width":1780,"height":1600,"url":"https:\/\/www.tomhemps.com\/wp-content\/uploads\/2020\/09\/Tom_Hemps_product_beauty_hemp_serum_bottle_18__.png","type":"image\/png"}],"twitter_card":"summary_large_image","schema":{"@context":"https:\/\/schema.org","@graph":[{"@type":"WebPage","@id":"https:\/\/www.tomhemps.com\/es\/prs\/broad-spectrum-aceite-cbd-18\/","url":"https:\/\/www.tomhemps.com\/es\/prs\/broad-spectrum-aceite-cbd-18\/","name":"Aceite de CBD de Amplio Espectro 18% | Tom Hemps","isPartOf":{"@id":"https:\/\/www.tomhemps.com\/es\/#website"},"primaryImageOfPage":{"@id":"https:\/\/www.tomhemps.com\/es\/prs\/broad-spectrum-aceite-cbd-18\/#primaryimage"},"image":{"@id":"https:\/\/www.tomhemps.com\/es\/prs\/broad-spectrum-aceite-cbd-18\/#primaryimage"},"thumbnailUrl":"https:\/\/www.tomhemps.com\/wp-content\/uploads\/2020\/09\/Tom_Hemps_product_beauty_hemp_serum_bottle_18__.png","datePublished":"2020-09-30T15:47:02+00:00","dateModified":"2023-12-11T12:17:31+00:00","description":"Nuestro Aceite de CBD de Amplio Espectro, con una potente concentraci\u00f3n del 18%. Dise\u00f1ada para usuarios experimentados","breadcrumb":{"@id":"https:\/\/www.tomhemps.com\/es\/prs\/broad-spectrum-aceite-cbd-18\/#breadcrumb"},"inLanguage":"es","potentialAction":[{"@type":"ReadAction","target":["https:\/\/www.tomhemps.com\/es\/prs\/broad-spectrum-aceite-cbd-18\/"]}]},{"@type":"ImageObject","inLanguage":"es","@id":"https:\/\/www.tomhemps.com\/es\/prs\/broad-spectrum-aceite-cbd-18\/#primaryimage","url":"https:\/\/www.tomhemps.com\/wp-content\/uploads\/2020\/09\/Tom_Hemps_product_beauty_hemp_serum_bottle_18__.png","contentUrl":"https:\/\/www.tomhemps.com\/wp-content\/uploads\/2020\/09\/Tom_Hemps_product_beauty_hemp_serum_bottle_18__.png","width":1780,"height":1600},{"@type":"BreadcrumbList","@id":"https:\/\/www.tomhemps.com\/es\/prs\/broad-spectrum-aceite-cbd-18\/#breadcrumb","itemListElement":[{"@type":"ListItem","position":1,"name":"Startseite","item":"https:\/\/www.tomhemps.com\/es\/"},{"@type":"ListItem","position":2,"name":"Shop","item":"https:\/\/www.tomhemps.com\/es\/shop\/"},{"@type":"ListItem","position":3,"name":"Aceite de CBD espectro amplio 18%"}]},{"@type":"WebSite","@id":"https:\/\/www.tomhemps.com\/es\/#website","url":"https:\/\/www.tomhemps.com\/es\/","name":"Your CBD Shop | Your CBD Brand | born in Berlin","description":"CBD Shop Berlin","publisher":{"@id":"https:\/\/www.tomhemps.com\/es\/#organization"},"potentialAction":[{"@type":"SearchAction","target":{"@type":"EntryPoint","urlTemplate":"https:\/\/www.tomhemps.com\/es\/?s={search_term_string}"},"query-input":"required name=search_term_string"}],"inLanguage":"es"},{"@type":"Organization","@id":"https:\/\/www.tomhemps.com\/es\/#organization","name":"Tom Hemp's CBD Shop","alternateName":"Tom Hemp's Berlin","url":"https:\/\/www.tomhemps.com\/es\/","logo":{"@type":"ImageObject","inLanguage":"es","@id":"https:\/\/www.tomhemps.com\/es\/#\/schema\/logo\/image\/","url":"https:\/\/www.tomhemps.com\/wp-content\/uploads\/2019\/04\/Logo-2019-e1581413011332.jpg","contentUrl":"https:\/\/www.tomhemps.com\/wp-content\/uploads\/2019\/04\/Logo-2019-e1581413011332.jpg","width":460,"height":153,"caption":"Tom Hemp's CBD Shop"},"image":{"@id":"https:\/\/www.tomhemps.com\/es\/#\/schema\/logo\/image\/"},"sameAs":["https:\/\/www.facebook.com\/tomhempsberlin\/","https:\/\/www.instagram.com\/tomhemps_cbd\/","https:\/\/www.youtube.com\/channel\/UCbGxDacLx_DRKyder_zVoNw"]}]}},"fields":{"pi_dd":159617,"pi_t":131369,"pi_tot":"\u00bfQu\u00e9 hay dentro?","pi_to":"<p>Ingredients: Cannabis Sativa See Oil, Cannabis Sativa Leaf Extract, Tocopherol<\/p>\n<p>&#8211; 10 ml: aprox. 320 gotas<br \/>\n&#8211; 30 ml: aprox. 960 gotas<\/p>\n","pi_tst":"Uso","pi_ts":"<p>Agitar bien el frasco antes de usarlo. Aplicar dos gotas en la cavidad bucal con ayuda del gotero y dejar actuar un par de segundos.<\/p>\n","pi_hd":false,"pi_hm":false,"smoking_product":false},"_links":{"self":[{"href":"https:\/\/www.tomhemps.com\/es\/wp-json\/wp\/v2\/product\/162911"}],"collection":[{"href":"https:\/\/www.tomhemps.com\/es\/wp-json\/wp\/v2\/product"}],"about":[{"href":"https:\/\/www.tomhemps.com\/es\/wp-json\/wp\/v2\/types\/product"}],"replies":[{"embeddable":true,"href":"https:\/\/www.tomhemps.com\/es\/wp-json\/wp\/v2\/comments?post=162911"}],"wp:featuredmedia":[{"embeddable":true,"href":"https:\/\/www.tomhemps.com\/es\/wp-json\/wp\/v2\/media\/464541"}],"wp:attachment":[{"href":"https:\/\/www.tomhemps.com\/es\/wp-json\/wp\/v2\/media?parent=162911"}],"wp:term":[{"taxonomy":"product_cat","embeddable":true,"href":"https:\/\/www.tomhemps.com\/es\/wp-json\/wp\/v2\/product_cat?post=162911"},{"taxonomy":"product_tag","embeddable":true,"href":"https:\/\/www.tomhemps.com\/es\/wp-json\/wp\/v2\/product_tag?post=162911"}],"curies":[{"name":"wp","href":"https:\/\/api.w.org\/{rel}","templated":true}]}}