{"id":162914,"date":"2020-10-09T18:48:32","date_gmt":"2020-10-06T16:48:32","guid":{"rendered":"https:\/\/www.tomhemps.com\/product\/broad-spectrum-aceite-cbd-5\/"},"modified":"2023-12-11T12:52:59","modified_gmt":"2023-12-11T11:52:59","slug":"broad-spectrum-aceite-cbd-5","status":"publish","type":"product","link":"https:\/\/www.tomhemps.com\/es\/prs\/broad-spectrum-aceite-cbd-5\/","title":{"rendered":"Aceite de CBD espectro amplio 5%"},"content":{"rendered":"","protected":false},"excerpt":{"rendered":"<p><span style=\"font-weight: 400;\">Amplio espectro, \u00a1plena potencia! Un suero de amplio espectro es exactamente lo que el nombre sugiere: un suero que combina todo el espectro de cannabinoides, aceites esenciales y terpenos extra\u00eddos de la planta de c\u00e1\u00f1amo &#8211; con la sutil diferencia respecto a los aceites de espectro completo de que no contiene THC. Cada frasco contiene puro refinamiento y la esencia de los m\u00e1s altos est\u00e1ndares. La cuidadosa selecci\u00f3n de nuestros ingredientes y la avanzada tecnolog\u00eda de extracci\u00f3n garantizan la m\u00e1xima calidad. Descubre el mundo del Broad Spectrum CBD en su m\u00e1xima expresi\u00f3n: el poder puro y sin adulterar de la planta de cannabis para darle a tu bienestar la mejora que se merece. Con una concentraci\u00f3n del 5%, est\u00e1 especialmente indicado para todos aquellos que empiezan a integrar el CBD en su vida cotidiana.<\/span><\/p>\n","protected":false},"featured_media":464535,"comment_status":"open","ping_status":"closed","template":"","meta":{"_acf_changed":false},"product_cat":[5008,586,618],"product_tag":[],"acf":[],"yoast_head":"<!-- This site is optimized with the Yoast SEO Premium plugin v22.8 (Yoast SEO v22.8) - https:\/\/yoast.com\/wordpress\/plugins\/seo\/ -->\n<title>Aceite de CBD espectro amplio 5%<\/title>\n<meta name=\"description\" content=\"Un suero que combina todo el espectro de cannabinoides, aceites esenciales y terpenos extra\u00eddos de la planta de c\u00e1\u00f1amo que no contiene THC\" \/>\n<meta name=\"robots\" content=\"index, follow, max-snippet:-1, max-image-preview:large, max-video-preview:-1\" \/>\n<link rel=\"canonical\" href=\"https:\/\/www.tomhemps.com\/es\/prs\/broad-spectrum-aceite-cbd-5\/\" \/>\n<meta property=\"og:locale\" content=\"es_ES\" \/>\n<meta property=\"og:type\" content=\"article\" \/>\n<meta property=\"og:title\" content=\"Aceite de CBD espectro amplio 5%\" \/>\n<meta property=\"og:description\" content=\"Un suero que combina todo el espectro de cannabinoides, aceites esenciales y terpenos extra\u00eddos de la planta de c\u00e1\u00f1amo que no contiene THC\" \/>\n<meta property=\"og:url\" content=\"https:\/\/www.tomhemps.com\/es\/prs\/broad-spectrum-aceite-cbd-5\/\" \/>\n<meta property=\"og:site_name\" content=\"Your CBD Shop | Your CBD Brand | born in Berlin\" \/>\n<meta property=\"article:publisher\" content=\"https:\/\/www.facebook.com\/tomhempsberlin\/\" \/>\n<meta property=\"article:modified_time\" content=\"2023-12-11T11:52:59+00:00\" \/>\n<meta property=\"og:image\" content=\"https:\/\/www.tomhemps.com\/wp-content\/uploads\/2020\/10\/Tom_Hemps_product_beauty_hemp_serum_bottle_5__.png\" \/>\n\t<meta property=\"og:image:width\" content=\"1780\" \/>\n\t<meta property=\"og:image:height\" content=\"1600\" \/>\n\t<meta property=\"og:image:type\" content=\"image\/png\" \/>\n<meta name=\"twitter:card\" content=\"summary_large_image\" \/>\n<script type=\"application\/ld+json\" class=\"yoast-schema-graph\">{\"@context\":\"https:\/\/schema.org\",\"@graph\":[{\"@type\":\"WebPage\",\"@id\":\"https:\/\/www.tomhemps.com\/es\/prs\/broad-spectrum-aceite-cbd-5\/\",\"url\":\"https:\/\/www.tomhemps.com\/es\/prs\/broad-spectrum-aceite-cbd-5\/\",\"name\":\"Aceite de CBD espectro amplio 5%\",\"isPartOf\":{\"@id\":\"https:\/\/www.tomhemps.com\/es\/#website\"},\"primaryImageOfPage\":{\"@id\":\"https:\/\/www.tomhemps.com\/es\/prs\/broad-spectrum-aceite-cbd-5\/#primaryimage\"},\"image\":{\"@id\":\"https:\/\/www.tomhemps.com\/es\/prs\/broad-spectrum-aceite-cbd-5\/#primaryimage\"},\"thumbnailUrl\":\"https:\/\/www.tomhemps.com\/wp-content\/uploads\/2020\/10\/Tom_Hemps_product_beauty_hemp_serum_bottle_5__.png\",\"datePublished\":\"2020-10-06T16:48:32+00:00\",\"dateModified\":\"2023-12-11T11:52:59+00:00\",\"description\":\"Un suero que combina todo el espectro de cannabinoides, aceites esenciales y terpenos extra\u00eddos de la planta de c\u00e1\u00f1amo que no contiene THC\",\"breadcrumb\":{\"@id\":\"https:\/\/www.tomhemps.com\/es\/prs\/broad-spectrum-aceite-cbd-5\/#breadcrumb\"},\"inLanguage\":\"es\",\"potentialAction\":[{\"@type\":\"ReadAction\",\"target\":[\"https:\/\/www.tomhemps.com\/es\/prs\/broad-spectrum-aceite-cbd-5\/\"]}]},{\"@type\":\"ImageObject\",\"inLanguage\":\"es\",\"@id\":\"https:\/\/www.tomhemps.com\/es\/prs\/broad-spectrum-aceite-cbd-5\/#primaryimage\",\"url\":\"https:\/\/www.tomhemps.com\/wp-content\/uploads\/2020\/10\/Tom_Hemps_product_beauty_hemp_serum_bottle_5__.png\",\"contentUrl\":\"https:\/\/www.tomhemps.com\/wp-content\/uploads\/2020\/10\/Tom_Hemps_product_beauty_hemp_serum_bottle_5__.png\",\"width\":1780,\"height\":1600},{\"@type\":\"BreadcrumbList\",\"@id\":\"https:\/\/www.tomhemps.com\/es\/prs\/broad-spectrum-aceite-cbd-5\/#breadcrumb\",\"itemListElement\":[{\"@type\":\"ListItem\",\"position\":1,\"name\":\"Startseite\",\"item\":\"https:\/\/www.tomhemps.com\/es\/\"},{\"@type\":\"ListItem\",\"position\":2,\"name\":\"Shop\",\"item\":\"https:\/\/www.tomhemps.com\/es\/shop\/\"},{\"@type\":\"ListItem\",\"position\":3,\"name\":\"Aceite de CBD espectro amplio 5%\"}]},{\"@type\":\"WebSite\",\"@id\":\"https:\/\/www.tomhemps.com\/es\/#website\",\"url\":\"https:\/\/www.tomhemps.com\/es\/\",\"name\":\"Your CBD Shop | Your CBD Brand | born in Berlin\",\"description\":\"CBD Shop Berlin\",\"publisher\":{\"@id\":\"https:\/\/www.tomhemps.com\/es\/#organization\"},\"potentialAction\":[{\"@type\":\"SearchAction\",\"target\":{\"@type\":\"EntryPoint\",\"urlTemplate\":\"https:\/\/www.tomhemps.com\/es\/?s={search_term_string}\"},\"query-input\":\"required name=search_term_string\"}],\"inLanguage\":\"es\"},{\"@type\":\"Organization\",\"@id\":\"https:\/\/www.tomhemps.com\/es\/#organization\",\"name\":\"Tom Hemp's CBD Shop\",\"alternateName\":\"Tom Hemp's Berlin\",\"url\":\"https:\/\/www.tomhemps.com\/es\/\",\"logo\":{\"@type\":\"ImageObject\",\"inLanguage\":\"es\",\"@id\":\"https:\/\/www.tomhemps.com\/es\/#\/schema\/logo\/image\/\",\"url\":\"https:\/\/www.tomhemps.com\/wp-content\/uploads\/2019\/04\/Logo-2019-e1581413011332.jpg\",\"contentUrl\":\"https:\/\/www.tomhemps.com\/wp-content\/uploads\/2019\/04\/Logo-2019-e1581413011332.jpg\",\"width\":460,\"height\":153,\"caption\":\"Tom Hemp's CBD Shop\"},\"image\":{\"@id\":\"https:\/\/www.tomhemps.com\/es\/#\/schema\/logo\/image\/\"},\"sameAs\":[\"https:\/\/www.facebook.com\/tomhempsberlin\/\",\"https:\/\/www.instagram.com\/tomhemps_cbd\/\",\"https:\/\/www.youtube.com\/channel\/UCbGxDacLx_DRKyder_zVoNw\"]}]}<\/script>\n<!-- \/ Yoast SEO Premium plugin. -->","yoast_head_json":{"title":"Aceite de CBD espectro amplio 5%","description":"Un suero que combina todo el espectro de cannabinoides, aceites esenciales y terpenos extra\u00eddos de la planta de c\u00e1\u00f1amo que no contiene THC","robots":{"index":"index","follow":"follow","max-snippet":"max-snippet:-1","max-image-preview":"max-image-preview:large","max-video-preview":"max-video-preview:-1"},"canonical":"https:\/\/www.tomhemps.com\/es\/prs\/broad-spectrum-aceite-cbd-5\/","og_locale":"es_ES","og_type":"article","og_title":"Aceite de CBD espectro amplio 5%","og_description":"Un suero que combina todo el espectro de cannabinoides, aceites esenciales y terpenos extra\u00eddos de la planta de c\u00e1\u00f1amo que no contiene THC","og_url":"https:\/\/www.tomhemps.com\/es\/prs\/broad-spectrum-aceite-cbd-5\/","og_site_name":"Your CBD Shop | Your CBD Brand | born in Berlin","article_publisher":"https:\/\/www.facebook.com\/tomhempsberlin\/","article_modified_time":"2023-12-11T11:52:59+00:00","og_image":[{"width":1780,"height":1600,"url":"https:\/\/www.tomhemps.com\/wp-content\/uploads\/2020\/10\/Tom_Hemps_product_beauty_hemp_serum_bottle_5__.png","type":"image\/png"}],"twitter_card":"summary_large_image","schema":{"@context":"https:\/\/schema.org","@graph":[{"@type":"WebPage","@id":"https:\/\/www.tomhemps.com\/es\/prs\/broad-spectrum-aceite-cbd-5\/","url":"https:\/\/www.tomhemps.com\/es\/prs\/broad-spectrum-aceite-cbd-5\/","name":"Aceite de CBD espectro amplio 5%","isPartOf":{"@id":"https:\/\/www.tomhemps.com\/es\/#website"},"primaryImageOfPage":{"@id":"https:\/\/www.tomhemps.com\/es\/prs\/broad-spectrum-aceite-cbd-5\/#primaryimage"},"image":{"@id":"https:\/\/www.tomhemps.com\/es\/prs\/broad-spectrum-aceite-cbd-5\/#primaryimage"},"thumbnailUrl":"https:\/\/www.tomhemps.com\/wp-content\/uploads\/2020\/10\/Tom_Hemps_product_beauty_hemp_serum_bottle_5__.png","datePublished":"2020-10-06T16:48:32+00:00","dateModified":"2023-12-11T11:52:59+00:00","description":"Un suero que combina todo el espectro de cannabinoides, aceites esenciales y terpenos extra\u00eddos de la planta de c\u00e1\u00f1amo que no contiene THC","breadcrumb":{"@id":"https:\/\/www.tomhemps.com\/es\/prs\/broad-spectrum-aceite-cbd-5\/#breadcrumb"},"inLanguage":"es","potentialAction":[{"@type":"ReadAction","target":["https:\/\/www.tomhemps.com\/es\/prs\/broad-spectrum-aceite-cbd-5\/"]}]},{"@type":"ImageObject","inLanguage":"es","@id":"https:\/\/www.tomhemps.com\/es\/prs\/broad-spectrum-aceite-cbd-5\/#primaryimage","url":"https:\/\/www.tomhemps.com\/wp-content\/uploads\/2020\/10\/Tom_Hemps_product_beauty_hemp_serum_bottle_5__.png","contentUrl":"https:\/\/www.tomhemps.com\/wp-content\/uploads\/2020\/10\/Tom_Hemps_product_beauty_hemp_serum_bottle_5__.png","width":1780,"height":1600},{"@type":"BreadcrumbList","@id":"https:\/\/www.tomhemps.com\/es\/prs\/broad-spectrum-aceite-cbd-5\/#breadcrumb","itemListElement":[{"@type":"ListItem","position":1,"name":"Startseite","item":"https:\/\/www.tomhemps.com\/es\/"},{"@type":"ListItem","position":2,"name":"Shop","item":"https:\/\/www.tomhemps.com\/es\/shop\/"},{"@type":"ListItem","position":3,"name":"Aceite de CBD espectro amplio 5%"}]},{"@type":"WebSite","@id":"https:\/\/www.tomhemps.com\/es\/#website","url":"https:\/\/www.tomhemps.com\/es\/","name":"Your CBD Shop | Your CBD Brand | born in Berlin","description":"CBD Shop Berlin","publisher":{"@id":"https:\/\/www.tomhemps.com\/es\/#organization"},"potentialAction":[{"@type":"SearchAction","target":{"@type":"EntryPoint","urlTemplate":"https:\/\/www.tomhemps.com\/es\/?s={search_term_string}"},"query-input":"required name=search_term_string"}],"inLanguage":"es"},{"@type":"Organization","@id":"https:\/\/www.tomhemps.com\/es\/#organization","name":"Tom Hemp's CBD Shop","alternateName":"Tom Hemp's Berlin","url":"https:\/\/www.tomhemps.com\/es\/","logo":{"@type":"ImageObject","inLanguage":"es","@id":"https:\/\/www.tomhemps.com\/es\/#\/schema\/logo\/image\/","url":"https:\/\/www.tomhemps.com\/wp-content\/uploads\/2019\/04\/Logo-2019-e1581413011332.jpg","contentUrl":"https:\/\/www.tomhemps.com\/wp-content\/uploads\/2019\/04\/Logo-2019-e1581413011332.jpg","width":460,"height":153,"caption":"Tom Hemp's CBD Shop"},"image":{"@id":"https:\/\/www.tomhemps.com\/es\/#\/schema\/logo\/image\/"},"sameAs":["https:\/\/www.facebook.com\/tomhempsberlin\/","https:\/\/www.instagram.com\/tomhemps_cbd\/","https:\/\/www.youtube.com\/channel\/UCbGxDacLx_DRKyder_zVoNw"]}]}},"fields":{"pi_dd":159629,"pi_t":131369,"pi_tot":"\u00bfQu\u00e9 hay dentro?","pi_to":"<p>Ingredients: Cannabis Sativa See Oil, Cannabis Sativa Leaf Extract, Tocopherol<\/p>\n<p>&#8211; 10 ml: aprox. 320 gotas<br \/>\n&#8211; 30 ml: aprox. 960 gotas<\/p>\n","pi_tst":"Uso","pi_ts":"<p>Agitar bien el frasco antes de usarlo. Aplicar seis gotas en la cavidad bucal con ayuda del gotero y dejar actuar un par de segundos.<\/p>\n","pi_hd":false,"pi_hm":false,"smoking_product":false},"_links":{"self":[{"href":"https:\/\/www.tomhemps.com\/es\/wp-json\/wp\/v2\/product\/162914"}],"collection":[{"href":"https:\/\/www.tomhemps.com\/es\/wp-json\/wp\/v2\/product"}],"about":[{"href":"https:\/\/www.tomhemps.com\/es\/wp-json\/wp\/v2\/types\/product"}],"replies":[{"embeddable":true,"href":"https:\/\/www.tomhemps.com\/es\/wp-json\/wp\/v2\/comments?post=162914"}],"wp:featuredmedia":[{"embeddable":true,"href":"https:\/\/www.tomhemps.com\/es\/wp-json\/wp\/v2\/media\/464535"}],"wp:attachment":[{"href":"https:\/\/www.tomhemps.com\/es\/wp-json\/wp\/v2\/media?parent=162914"}],"wp:term":[{"taxonomy":"product_cat","embeddable":true,"href":"https:\/\/www.tomhemps.com\/es\/wp-json\/wp\/v2\/product_cat?post=162914"},{"taxonomy":"product_tag","embeddable":true,"href":"https:\/\/www.tomhemps.com\/es\/wp-json\/wp\/v2\/product_tag?post=162914"}],"curies":[{"name":"wp","href":"https:\/\/api.w.org\/{rel}","templated":true}]}}