{"id":171769,"date":"2017-11-26T12:07:05","date_gmt":"2020-11-26T11:07:06","guid":{"rendered":"https:\/\/www.tomhemps.com\/?post_type=product&#038;p=171769"},"modified":"2025-12-24T23:00:02","modified_gmt":"2025-12-24T22:00:02","slug":"set_descubrimiento_de_flores_1","status":"publish","type":"product","link":"https:\/\/www.tomhemps.com\/es\/prs\/set_descubrimiento_de_flores_1\/","title":{"rendered":"Set Descubrimiento de Flores 1"},"content":{"rendered":"","protected":false},"excerpt":{"rendered":"<p><span style=\"font-weight: 400;\">Descubre el fascinante mundo de las flores CBD con nuestra exclusiva Caja Regalo Descubrimiento II. Un ramillete de sabores, matices sutiles y una suave brisa de relajaci\u00f3n. Esta caja regalo es m\u00e1s que CBD; es un viaje hacia el equilibrio interior y la serenidad. Cada flor cuenta su propia historia, cada aroma es una invitaci\u00f3n a un momento de autocuidado y atenci\u00f3n plena. Regala un trozo de naturaleza con Berlin Kush, Gorilla Glue, Gelato 361 and Cookies y Northern Lights.\u00a0<\/span><\/p>\n","protected":false},"featured_media":643947,"comment_status":"open","ping_status":"closed","template":"","meta":{"_acf_changed":false},"product_cat":[5008,5118,600],"product_tag":[],"acf":[],"yoast_head":"<!-- This site is optimized with the Yoast SEO Premium plugin v22.8 (Yoast SEO v22.8) - https:\/\/yoast.com\/wordpress\/plugins\/seo\/ -->\n<title>Set Descubrimiento de Flores 1<\/title>\n<meta name=\"description\" content=\"Set Descubrimiento de Flores 1 - Your CBD Shop | Your CBD Brand | born in Berlin\" \/>\n<meta name=\"robots\" content=\"index, follow, max-snippet:-1, max-image-preview:large, max-video-preview:-1\" \/>\n<link rel=\"canonical\" href=\"https:\/\/www.tomhemps.com\/es\/prs\/set_descubrimiento_de_flores_1\/\" \/>\n<meta property=\"og:locale\" content=\"es_ES\" \/>\n<meta property=\"og:type\" content=\"article\" \/>\n<meta property=\"og:title\" content=\"Set Descubrimiento de Flores 1\" \/>\n<meta property=\"og:description\" content=\"Set Descubrimiento de Flores 1 - Your CBD Shop | Your CBD Brand | born in Berlin\" \/>\n<meta property=\"og:url\" content=\"https:\/\/www.tomhemps.com\/es\/prs\/set_descubrimiento_de_flores_1\/\" \/>\n<meta property=\"og:site_name\" content=\"Your CBD Shop | Your CBD Brand | born in Berlin\" \/>\n<meta property=\"article:publisher\" content=\"https:\/\/www.facebook.com\/tomhempsberlin\/\" \/>\n<meta property=\"article:modified_time\" content=\"2025-12-24T22:00:02+00:00\" \/>\n<meta property=\"og:image\" content=\"https:\/\/www.tomhemps.com\/wp-content\/uploads\/2017\/11\/TH-products-680x850-Discovery-Set-1-1g.png\" \/>\n\t<meta property=\"og:image:width\" content=\"680\" \/>\n\t<meta property=\"og:image:height\" content=\"850\" \/>\n\t<meta property=\"og:image:type\" content=\"image\/png\" \/>\n<meta name=\"twitter:card\" content=\"summary_large_image\" \/>\n<script type=\"application\/ld+json\" class=\"yoast-schema-graph\">{\"@context\":\"https:\/\/schema.org\",\"@graph\":[{\"@type\":\"WebPage\",\"@id\":\"https:\/\/www.tomhemps.com\/es\/prs\/set_descubrimiento_de_flores_1\/\",\"url\":\"https:\/\/www.tomhemps.com\/es\/prs\/set_descubrimiento_de_flores_1\/\",\"name\":\"Set Descubrimiento de Flores 1\",\"isPartOf\":{\"@id\":\"https:\/\/www.tomhemps.com\/es\/#website\"},\"primaryImageOfPage\":{\"@id\":\"https:\/\/www.tomhemps.com\/es\/prs\/set_descubrimiento_de_flores_1\/#primaryimage\"},\"image\":{\"@id\":\"https:\/\/www.tomhemps.com\/es\/prs\/set_descubrimiento_de_flores_1\/#primaryimage\"},\"thumbnailUrl\":\"https:\/\/www.tomhemps.com\/wp-content\/uploads\/2017\/11\/CBD-Blueten-Discovery-Gift-Set-II-Photoroom.png\",\"datePublished\":\"2020-11-26T11:07:06+00:00\",\"dateModified\":\"2025-12-24T22:00:02+00:00\",\"description\":\"Set Descubrimiento de Flores 1 - Your CBD Shop | Your CBD Brand | born in Berlin\",\"breadcrumb\":{\"@id\":\"https:\/\/www.tomhemps.com\/es\/prs\/set_descubrimiento_de_flores_1\/#breadcrumb\"},\"inLanguage\":\"es\",\"potentialAction\":[{\"@type\":\"ReadAction\",\"target\":[\"https:\/\/www.tomhemps.com\/es\/prs\/set_descubrimiento_de_flores_1\/\"]}]},{\"@type\":\"ImageObject\",\"inLanguage\":\"es\",\"@id\":\"https:\/\/www.tomhemps.com\/es\/prs\/set_descubrimiento_de_flores_1\/#primaryimage\",\"url\":\"https:\/\/www.tomhemps.com\/wp-content\/uploads\/2017\/11\/CBD-Blueten-Discovery-Gift-Set-II-Photoroom.png\",\"contentUrl\":\"https:\/\/www.tomhemps.com\/wp-content\/uploads\/2017\/11\/CBD-Blueten-Discovery-Gift-Set-II-Photoroom.png\",\"width\":680,\"height\":850,\"caption\":\"Cbd Blu\u0308ten Discovery Gift Set II\"},{\"@type\":\"BreadcrumbList\",\"@id\":\"https:\/\/www.tomhemps.com\/es\/prs\/set_descubrimiento_de_flores_1\/#breadcrumb\",\"itemListElement\":[{\"@type\":\"ListItem\",\"position\":1,\"name\":\"Startseite\",\"item\":\"https:\/\/www.tomhemps.com\/es\/\"},{\"@type\":\"ListItem\",\"position\":2,\"name\":\"Shop\",\"item\":\"https:\/\/www.tomhemps.com\/es\/shop\/\"},{\"@type\":\"ListItem\",\"position\":3,\"name\":\"Set Descubrimiento de Flores 1\"}]},{\"@type\":\"WebSite\",\"@id\":\"https:\/\/www.tomhemps.com\/es\/#website\",\"url\":\"https:\/\/www.tomhemps.com\/es\/\",\"name\":\"Your CBD Shop | Your CBD Brand | born in Berlin\",\"description\":\"CBD Shop Berlin\",\"publisher\":{\"@id\":\"https:\/\/www.tomhemps.com\/es\/#organization\"},\"potentialAction\":[{\"@type\":\"SearchAction\",\"target\":{\"@type\":\"EntryPoint\",\"urlTemplate\":\"https:\/\/www.tomhemps.com\/es\/?s={search_term_string}\"},\"query-input\":\"required name=search_term_string\"}],\"inLanguage\":\"es\"},{\"@type\":\"Organization\",\"@id\":\"https:\/\/www.tomhemps.com\/es\/#organization\",\"name\":\"Tom Hemp's CBD Shop\",\"alternateName\":\"Tom Hemp's Berlin\",\"url\":\"https:\/\/www.tomhemps.com\/es\/\",\"logo\":{\"@type\":\"ImageObject\",\"inLanguage\":\"es\",\"@id\":\"https:\/\/www.tomhemps.com\/es\/#\/schema\/logo\/image\/\",\"url\":\"https:\/\/www.tomhemps.com\/wp-content\/uploads\/2019\/04\/Logo-2019-e1581413011332.jpg\",\"contentUrl\":\"https:\/\/www.tomhemps.com\/wp-content\/uploads\/2019\/04\/Logo-2019-e1581413011332.jpg\",\"width\":460,\"height\":153,\"caption\":\"Tom Hemp's CBD Shop\"},\"image\":{\"@id\":\"https:\/\/www.tomhemps.com\/es\/#\/schema\/logo\/image\/\"},\"sameAs\":[\"https:\/\/www.facebook.com\/tomhempsberlin\/\",\"https:\/\/www.instagram.com\/tomhemps_cbd\/\",\"https:\/\/www.youtube.com\/channel\/UCbGxDacLx_DRKyder_zVoNw\"]}]}<\/script>\n<!-- \/ Yoast SEO Premium plugin. -->","yoast_head_json":{"title":"Set Descubrimiento de Flores 1","description":"Set Descubrimiento de Flores 1 - Your CBD Shop | Your CBD Brand | born in Berlin","robots":{"index":"index","follow":"follow","max-snippet":"max-snippet:-1","max-image-preview":"max-image-preview:large","max-video-preview":"max-video-preview:-1"},"canonical":"https:\/\/www.tomhemps.com\/es\/prs\/set_descubrimiento_de_flores_1\/","og_locale":"es_ES","og_type":"article","og_title":"Set Descubrimiento de Flores 1","og_description":"Set Descubrimiento de Flores 1 - Your CBD Shop | Your CBD Brand | born in Berlin","og_url":"https:\/\/www.tomhemps.com\/es\/prs\/set_descubrimiento_de_flores_1\/","og_site_name":"Your CBD Shop | Your CBD Brand | born in Berlin","article_publisher":"https:\/\/www.facebook.com\/tomhempsberlin\/","article_modified_time":"2025-12-24T22:00:02+00:00","og_image":[{"width":680,"height":850,"url":"https:\/\/www.tomhemps.com\/wp-content\/uploads\/2017\/11\/TH-products-680x850-Discovery-Set-1-1g.png","type":"image\/png"}],"twitter_card":"summary_large_image","schema":{"@context":"https:\/\/schema.org","@graph":[{"@type":"WebPage","@id":"https:\/\/www.tomhemps.com\/es\/prs\/set_descubrimiento_de_flores_1\/","url":"https:\/\/www.tomhemps.com\/es\/prs\/set_descubrimiento_de_flores_1\/","name":"Set Descubrimiento de Flores 1","isPartOf":{"@id":"https:\/\/www.tomhemps.com\/es\/#website"},"primaryImageOfPage":{"@id":"https:\/\/www.tomhemps.com\/es\/prs\/set_descubrimiento_de_flores_1\/#primaryimage"},"image":{"@id":"https:\/\/www.tomhemps.com\/es\/prs\/set_descubrimiento_de_flores_1\/#primaryimage"},"thumbnailUrl":"https:\/\/www.tomhemps.com\/wp-content\/uploads\/2017\/11\/CBD-Blueten-Discovery-Gift-Set-II-Photoroom.png","datePublished":"2020-11-26T11:07:06+00:00","dateModified":"2025-12-24T22:00:02+00:00","description":"Set Descubrimiento de Flores 1 - Your CBD Shop | Your CBD Brand | born in Berlin","breadcrumb":{"@id":"https:\/\/www.tomhemps.com\/es\/prs\/set_descubrimiento_de_flores_1\/#breadcrumb"},"inLanguage":"es","potentialAction":[{"@type":"ReadAction","target":["https:\/\/www.tomhemps.com\/es\/prs\/set_descubrimiento_de_flores_1\/"]}]},{"@type":"ImageObject","inLanguage":"es","@id":"https:\/\/www.tomhemps.com\/es\/prs\/set_descubrimiento_de_flores_1\/#primaryimage","url":"https:\/\/www.tomhemps.com\/wp-content\/uploads\/2017\/11\/CBD-Blueten-Discovery-Gift-Set-II-Photoroom.png","contentUrl":"https:\/\/www.tomhemps.com\/wp-content\/uploads\/2017\/11\/CBD-Blueten-Discovery-Gift-Set-II-Photoroom.png","width":680,"height":850,"caption":"Cbd Blu\u0308ten Discovery Gift Set II"},{"@type":"BreadcrumbList","@id":"https:\/\/www.tomhemps.com\/es\/prs\/set_descubrimiento_de_flores_1\/#breadcrumb","itemListElement":[{"@type":"ListItem","position":1,"name":"Startseite","item":"https:\/\/www.tomhemps.com\/es\/"},{"@type":"ListItem","position":2,"name":"Shop","item":"https:\/\/www.tomhemps.com\/es\/shop\/"},{"@type":"ListItem","position":3,"name":"Set Descubrimiento de Flores 1"}]},{"@type":"WebSite","@id":"https:\/\/www.tomhemps.com\/es\/#website","url":"https:\/\/www.tomhemps.com\/es\/","name":"Your CBD Shop | Your CBD Brand | born in Berlin","description":"CBD Shop Berlin","publisher":{"@id":"https:\/\/www.tomhemps.com\/es\/#organization"},"potentialAction":[{"@type":"SearchAction","target":{"@type":"EntryPoint","urlTemplate":"https:\/\/www.tomhemps.com\/es\/?s={search_term_string}"},"query-input":"required name=search_term_string"}],"inLanguage":"es"},{"@type":"Organization","@id":"https:\/\/www.tomhemps.com\/es\/#organization","name":"Tom Hemp's CBD Shop","alternateName":"Tom Hemp's Berlin","url":"https:\/\/www.tomhemps.com\/es\/","logo":{"@type":"ImageObject","inLanguage":"es","@id":"https:\/\/www.tomhemps.com\/es\/#\/schema\/logo\/image\/","url":"https:\/\/www.tomhemps.com\/wp-content\/uploads\/2019\/04\/Logo-2019-e1581413011332.jpg","contentUrl":"https:\/\/www.tomhemps.com\/wp-content\/uploads\/2019\/04\/Logo-2019-e1581413011332.jpg","width":460,"height":153,"caption":"Tom Hemp's CBD Shop"},"image":{"@id":"https:\/\/www.tomhemps.com\/es\/#\/schema\/logo\/image\/"},"sameAs":["https:\/\/www.facebook.com\/tomhempsberlin\/","https:\/\/www.instagram.com\/tomhemps_cbd\/","https:\/\/www.youtube.com\/channel\/UCbGxDacLx_DRKyder_zVoNw"]}]}},"fields":{"pi_tot":"\u00bfQu\u00e9 hay dentro?","pi_tst":"Aviso","pi_t":171593,"pi_hd":false,"pi_hm":false,"pi_to":"<p><strong>1G GELATO 361<\/strong><br \/>\nCBD 6 \u2013 8 %<br \/>\nTHC &lt; 0,2%<\/p>\n<p><strong>1G LEMON AMALFI<\/strong><br \/>\nCBD: 3 \u2013 6 %<br \/>\nTHC: &lt; 0,2%<\/p>\n<p><strong>1G GIRL SCOUT COOKIES<\/strong><br \/>\nCBD 6 \u2013 8 %<br \/>\nTHC &lt; 0,2%<\/p>\n<p><strong>1G PURPLE BERRY<\/strong><br \/>\nCBD 4 %<br \/>\nTHC &lt; 0,2%<\/p>\n<p>Ingredientes: Flores de c\u00e1\u00f1amo industrial europeo.\u00bb<\/p>\n","pi_ts":"<p><span data-sheets-value=\"{&quot;1&quot;:2,&quot;2&quot;:&quot;El producto est\u00e1 dise\u00f1ado exclusivamente para uso comercial, t\u00e9cnico y cient\u00edfico. Almacenar fuera del alcance de los ni\u00f1os. El producto no se puede transportar al extranjero. La ingesti\u00f3n y el fumar de este producto est\u00e1n estrictamente prohibidos. Estas flores de c\u00e1\u00f1amo industrial europeo procesadas contienen menos del 0,2% de THC. El nombre del producto no tiene ning\u00fan significado o contexto para otros productos y se utiliza \u00fanicamente con fines de marketing.n&quot;}\" data-sheets-userformat=\"{&quot;2&quot;:33555201,&quot;3&quot;:{&quot;1&quot;:0},&quot;11&quot;:4,&quot;12&quot;:0,&quot;28&quot;:1}\">El producto est\u00e1 dise\u00f1ado exclusivamente para uso comercial, t\u00e9cnico y cient\u00edfico. Almacenar fuera del alcance de los ni\u00f1os. El producto no se puede transportar al extranjero. La ingesti\u00f3n y el fumar de este producto est\u00e1n estrictamente prohibidos. Estas flores de c\u00e1\u00f1amo industrial europeo procesadas contienen menos del 0,2% de THC. El nombre del producto no tiene ning\u00fan significado o contexto para otros productos y se utiliza \u00fanicamente con fines de marketing.<br \/>\n<\/span><\/p>\n","smoking_product":true,"pi_dd":false,"gs_contents":"1G GELATO 361\r\n1G LEMON AMALFI\r\n1G GIRL SCOUT COOKIES\r\n1G PURPLE BERRY\r\n\r\n"},"_links":{"self":[{"href":"https:\/\/www.tomhemps.com\/es\/wp-json\/wp\/v2\/product\/171769"}],"collection":[{"href":"https:\/\/www.tomhemps.com\/es\/wp-json\/wp\/v2\/product"}],"about":[{"href":"https:\/\/www.tomhemps.com\/es\/wp-json\/wp\/v2\/types\/product"}],"replies":[{"embeddable":true,"href":"https:\/\/www.tomhemps.com\/es\/wp-json\/wp\/v2\/comments?post=171769"}],"wp:featuredmedia":[{"embeddable":true,"href":"https:\/\/www.tomhemps.com\/es\/wp-json\/wp\/v2\/media\/643947"}],"wp:attachment":[{"href":"https:\/\/www.tomhemps.com\/es\/wp-json\/wp\/v2\/media?parent=171769"}],"wp:term":[{"taxonomy":"product_cat","embeddable":true,"href":"https:\/\/www.tomhemps.com\/es\/wp-json\/wp\/v2\/product_cat?post=171769"},{"taxonomy":"product_tag","embeddable":true,"href":"https:\/\/www.tomhemps.com\/es\/wp-json\/wp\/v2\/product_tag?post=171769"}],"curies":[{"name":"wp","href":"https:\/\/api.w.org\/{rel}","templated":true}]}}