{"id":460211,"date":"2021-08-12T14:43:18","date_gmt":"2021-08-12T12:43:18","guid":{"rendered":"https:\/\/www.tomhemps.com\/?post_type=product&#038;p=460211"},"modified":"2025-02-06T17:50:20","modified_gmt":"2025-02-06T16:50:20","slug":"cbd-wax-cartucho","status":"publish","type":"product","link":"https:\/\/www.tomhemps.com\/es\/prs\/cbd-wax-cartucho\/","title":{"rendered":"Cartucho de cera de CBD"},"content":{"rendered":"","protected":false},"excerpt":{"rendered":"<p><strong>El Cartucho de Cera de CBD Natural de Tom Hemp&#8217;s<\/strong> es la opci\u00f3n modesta pero impresionante para aquellos que valoran la calidad. Hecho con c\u00e1\u00f1amo industrial europeo de primera calidad, nuestro cartucho de vidrio contiene un 70% de CBD puro y utiliza la avanzada <strong>Tecnolog\u00eda de Calentamiento Cer\u00e1mico CCELL<\/strong>. Esta tecnolog\u00eda garantiza que se retenga todo el espectro de cannabinoides y terpenos, lo que resulta en una experiencia de vapeo suave. Creemos que la calidad radica en la simplicidad, al igual que con el cartucho de Cera de CBD, que representa un disfrute sutil sin compromisos. A veces son las peque\u00f1as cosas&#8230; Perfectamente compatible con el <strong>CBD Wax Vape Pen<\/strong>. Tambi\u00e9n disponible en <strong>Purpleberry<\/strong> y <strong>Alien Haze<\/strong>.<\/p>\n","protected":false},"featured_media":461128,"comment_status":"open","ping_status":"closed","template":"","meta":{"_acf_changed":false},"product_cat":[2542,5008,586],"product_tag":[],"acf":[],"yoast_head":"<!-- This site is optimized with the Yoast SEO Premium plugin v22.8 (Yoast SEO v22.8) - https:\/\/yoast.com\/wordpress\/plugins\/seo\/ -->\n<title>Cartucho de cera de CBD<\/title>\n<meta name=\"description\" content=\"Los cartuchos de cera de CBD son un m\u00e9todo popular para consumir cannabidiol (CBD) debido a su potencia y a la r\u00e1pida aparici\u00f3n de sus efectos.\" \/>\n<meta name=\"robots\" content=\"index, follow, max-snippet:-1, max-image-preview:large, max-video-preview:-1\" \/>\n<link rel=\"canonical\" href=\"https:\/\/www.tomhemps.com\/es\/prs\/cbd-wax-cartucho\/\" \/>\n<meta property=\"og:locale\" content=\"es_ES\" \/>\n<meta property=\"og:type\" content=\"article\" \/>\n<meta property=\"og:title\" content=\"Cartucho de cera de CBD\" \/>\n<meta property=\"og:description\" content=\"Los cartuchos de cera de CBD son un m\u00e9todo popular para consumir cannabidiol (CBD) debido a su potencia y a la r\u00e1pida aparici\u00f3n de sus efectos.\" \/>\n<meta property=\"og:url\" content=\"https:\/\/www.tomhemps.com\/es\/prs\/cbd-wax-cartucho\/\" \/>\n<meta property=\"og:site_name\" content=\"Your CBD Shop | Your CBD Brand | born in Berlin\" \/>\n<meta property=\"article:publisher\" content=\"https:\/\/www.facebook.com\/tomhempsberlin\/\" \/>\n<meta property=\"article:modified_time\" content=\"2025-02-06T16:50:20+00:00\" \/>\n<meta property=\"og:image\" content=\"https:\/\/www.tomhemps.com\/wp-content\/uploads\/2021\/08\/Tom_Hemps_product_wax_cartridge_natural_wax_small_box_product-1.png\" \/>\n\t<meta property=\"og:image:width\" content=\"1780\" \/>\n\t<meta property=\"og:image:height\" content=\"1600\" \/>\n\t<meta property=\"og:image:type\" content=\"image\/png\" \/>\n<meta name=\"twitter:card\" content=\"summary_large_image\" \/>\n<meta name=\"twitter:label1\" content=\"Tiempo de lectura\" \/>\n\t<meta name=\"twitter:data1\" content=\"2 minutos\" \/>\n<script type=\"application\/ld+json\" class=\"yoast-schema-graph\">{\"@context\":\"https:\/\/schema.org\",\"@graph\":[{\"@type\":\"WebPage\",\"@id\":\"https:\/\/www.tomhemps.com\/es\/prs\/cbd-wax-cartucho\/\",\"url\":\"https:\/\/www.tomhemps.com\/es\/prs\/cbd-wax-cartucho\/\",\"name\":\"Cartucho de cera de CBD\",\"isPartOf\":{\"@id\":\"https:\/\/www.tomhemps.com\/es\/#website\"},\"primaryImageOfPage\":{\"@id\":\"https:\/\/www.tomhemps.com\/es\/prs\/cbd-wax-cartucho\/#primaryimage\"},\"image\":{\"@id\":\"https:\/\/www.tomhemps.com\/es\/prs\/cbd-wax-cartucho\/#primaryimage\"},\"thumbnailUrl\":\"https:\/\/www.tomhemps.com\/wp-content\/uploads\/2021\/08\/Tom_Hemps_product_wax_cartridge_natural_wax_small_box_product-1.png\",\"datePublished\":\"2021-08-12T12:43:18+00:00\",\"dateModified\":\"2025-02-06T16:50:20+00:00\",\"description\":\"Los cartuchos de cera de CBD son un m\u00e9todo popular para consumir cannabidiol (CBD) debido a su potencia y a la r\u00e1pida aparici\u00f3n de sus efectos.\",\"breadcrumb\":{\"@id\":\"https:\/\/www.tomhemps.com\/es\/prs\/cbd-wax-cartucho\/#breadcrumb\"},\"inLanguage\":\"es\",\"potentialAction\":[{\"@type\":\"ReadAction\",\"target\":[\"https:\/\/www.tomhemps.com\/es\/prs\/cbd-wax-cartucho\/\"]}]},{\"@type\":\"ImageObject\",\"inLanguage\":\"es\",\"@id\":\"https:\/\/www.tomhemps.com\/es\/prs\/cbd-wax-cartucho\/#primaryimage\",\"url\":\"https:\/\/www.tomhemps.com\/wp-content\/uploads\/2021\/08\/Tom_Hemps_product_wax_cartridge_natural_wax_small_box_product-1.png\",\"contentUrl\":\"https:\/\/www.tomhemps.com\/wp-content\/uploads\/2021\/08\/Tom_Hemps_product_wax_cartridge_natural_wax_small_box_product-1.png\",\"width\":1780,\"height\":1600},{\"@type\":\"BreadcrumbList\",\"@id\":\"https:\/\/www.tomhemps.com\/es\/prs\/cbd-wax-cartucho\/#breadcrumb\",\"itemListElement\":[{\"@type\":\"ListItem\",\"position\":1,\"name\":\"Startseite\",\"item\":\"https:\/\/www.tomhemps.com\/es\/\"},{\"@type\":\"ListItem\",\"position\":2,\"name\":\"Shop\",\"item\":\"https:\/\/www.tomhemps.com\/es\/shop\/\"},{\"@type\":\"ListItem\",\"position\":3,\"name\":\"Cartucho de cera de CBD\"}]},{\"@type\":\"WebSite\",\"@id\":\"https:\/\/www.tomhemps.com\/es\/#website\",\"url\":\"https:\/\/www.tomhemps.com\/es\/\",\"name\":\"Your CBD Shop | Your CBD Brand | born in Berlin\",\"description\":\"CBD Shop Berlin\",\"publisher\":{\"@id\":\"https:\/\/www.tomhemps.com\/es\/#organization\"},\"potentialAction\":[{\"@type\":\"SearchAction\",\"target\":{\"@type\":\"EntryPoint\",\"urlTemplate\":\"https:\/\/www.tomhemps.com\/es\/?s={search_term_string}\"},\"query-input\":\"required name=search_term_string\"}],\"inLanguage\":\"es\"},{\"@type\":\"Organization\",\"@id\":\"https:\/\/www.tomhemps.com\/es\/#organization\",\"name\":\"Tom Hemp's CBD Shop\",\"alternateName\":\"Tom Hemp's Berlin\",\"url\":\"https:\/\/www.tomhemps.com\/es\/\",\"logo\":{\"@type\":\"ImageObject\",\"inLanguage\":\"es\",\"@id\":\"https:\/\/www.tomhemps.com\/es\/#\/schema\/logo\/image\/\",\"url\":\"https:\/\/www.tomhemps.com\/wp-content\/uploads\/2019\/04\/Logo-2019-e1581413011332.jpg\",\"contentUrl\":\"https:\/\/www.tomhemps.com\/wp-content\/uploads\/2019\/04\/Logo-2019-e1581413011332.jpg\",\"width\":460,\"height\":153,\"caption\":\"Tom Hemp's CBD Shop\"},\"image\":{\"@id\":\"https:\/\/www.tomhemps.com\/es\/#\/schema\/logo\/image\/\"},\"sameAs\":[\"https:\/\/www.facebook.com\/tomhempsberlin\/\",\"https:\/\/www.instagram.com\/tomhemps_cbd\/\",\"https:\/\/www.youtube.com\/channel\/UCbGxDacLx_DRKyder_zVoNw\"]}]}<\/script>\n<!-- \/ Yoast SEO Premium plugin. -->","yoast_head_json":{"title":"Cartucho de cera de CBD","description":"Los cartuchos de cera de CBD son un m\u00e9todo popular para consumir cannabidiol (CBD) debido a su potencia y a la r\u00e1pida aparici\u00f3n de sus efectos.","robots":{"index":"index","follow":"follow","max-snippet":"max-snippet:-1","max-image-preview":"max-image-preview:large","max-video-preview":"max-video-preview:-1"},"canonical":"https:\/\/www.tomhemps.com\/es\/prs\/cbd-wax-cartucho\/","og_locale":"es_ES","og_type":"article","og_title":"Cartucho de cera de CBD","og_description":"Los cartuchos de cera de CBD son un m\u00e9todo popular para consumir cannabidiol (CBD) debido a su potencia y a la r\u00e1pida aparici\u00f3n de sus efectos.","og_url":"https:\/\/www.tomhemps.com\/es\/prs\/cbd-wax-cartucho\/","og_site_name":"Your CBD Shop | Your CBD Brand | born in Berlin","article_publisher":"https:\/\/www.facebook.com\/tomhempsberlin\/","article_modified_time":"2025-02-06T16:50:20+00:00","og_image":[{"width":1780,"height":1600,"url":"https:\/\/www.tomhemps.com\/wp-content\/uploads\/2021\/08\/Tom_Hemps_product_wax_cartridge_natural_wax_small_box_product-1.png","type":"image\/png"}],"twitter_card":"summary_large_image","twitter_misc":{"Tiempo de lectura":"2 minutos"},"schema":{"@context":"https:\/\/schema.org","@graph":[{"@type":"WebPage","@id":"https:\/\/www.tomhemps.com\/es\/prs\/cbd-wax-cartucho\/","url":"https:\/\/www.tomhemps.com\/es\/prs\/cbd-wax-cartucho\/","name":"Cartucho de cera de CBD","isPartOf":{"@id":"https:\/\/www.tomhemps.com\/es\/#website"},"primaryImageOfPage":{"@id":"https:\/\/www.tomhemps.com\/es\/prs\/cbd-wax-cartucho\/#primaryimage"},"image":{"@id":"https:\/\/www.tomhemps.com\/es\/prs\/cbd-wax-cartucho\/#primaryimage"},"thumbnailUrl":"https:\/\/www.tomhemps.com\/wp-content\/uploads\/2021\/08\/Tom_Hemps_product_wax_cartridge_natural_wax_small_box_product-1.png","datePublished":"2021-08-12T12:43:18+00:00","dateModified":"2025-02-06T16:50:20+00:00","description":"Los cartuchos de cera de CBD son un m\u00e9todo popular para consumir cannabidiol (CBD) debido a su potencia y a la r\u00e1pida aparici\u00f3n de sus efectos.","breadcrumb":{"@id":"https:\/\/www.tomhemps.com\/es\/prs\/cbd-wax-cartucho\/#breadcrumb"},"inLanguage":"es","potentialAction":[{"@type":"ReadAction","target":["https:\/\/www.tomhemps.com\/es\/prs\/cbd-wax-cartucho\/"]}]},{"@type":"ImageObject","inLanguage":"es","@id":"https:\/\/www.tomhemps.com\/es\/prs\/cbd-wax-cartucho\/#primaryimage","url":"https:\/\/www.tomhemps.com\/wp-content\/uploads\/2021\/08\/Tom_Hemps_product_wax_cartridge_natural_wax_small_box_product-1.png","contentUrl":"https:\/\/www.tomhemps.com\/wp-content\/uploads\/2021\/08\/Tom_Hemps_product_wax_cartridge_natural_wax_small_box_product-1.png","width":1780,"height":1600},{"@type":"BreadcrumbList","@id":"https:\/\/www.tomhemps.com\/es\/prs\/cbd-wax-cartucho\/#breadcrumb","itemListElement":[{"@type":"ListItem","position":1,"name":"Startseite","item":"https:\/\/www.tomhemps.com\/es\/"},{"@type":"ListItem","position":2,"name":"Shop","item":"https:\/\/www.tomhemps.com\/es\/shop\/"},{"@type":"ListItem","position":3,"name":"Cartucho de cera de CBD"}]},{"@type":"WebSite","@id":"https:\/\/www.tomhemps.com\/es\/#website","url":"https:\/\/www.tomhemps.com\/es\/","name":"Your CBD Shop | Your CBD Brand | born in Berlin","description":"CBD Shop Berlin","publisher":{"@id":"https:\/\/www.tomhemps.com\/es\/#organization"},"potentialAction":[{"@type":"SearchAction","target":{"@type":"EntryPoint","urlTemplate":"https:\/\/www.tomhemps.com\/es\/?s={search_term_string}"},"query-input":"required name=search_term_string"}],"inLanguage":"es"},{"@type":"Organization","@id":"https:\/\/www.tomhemps.com\/es\/#organization","name":"Tom Hemp's CBD Shop","alternateName":"Tom Hemp's Berlin","url":"https:\/\/www.tomhemps.com\/es\/","logo":{"@type":"ImageObject","inLanguage":"es","@id":"https:\/\/www.tomhemps.com\/es\/#\/schema\/logo\/image\/","url":"https:\/\/www.tomhemps.com\/wp-content\/uploads\/2019\/04\/Logo-2019-e1581413011332.jpg","contentUrl":"https:\/\/www.tomhemps.com\/wp-content\/uploads\/2019\/04\/Logo-2019-e1581413011332.jpg","width":460,"height":153,"caption":"Tom Hemp's CBD Shop"},"image":{"@id":"https:\/\/www.tomhemps.com\/es\/#\/schema\/logo\/image\/"},"sameAs":["https:\/\/www.facebook.com\/tomhempsberlin\/","https:\/\/www.instagram.com\/tomhemps_cbd\/","https:\/\/www.youtube.com\/channel\/UCbGxDacLx_DRKyder_zVoNw"]}]}},"fields":{"pi_tot":"\u00bfQu\u00e9 hay dentro?","pi_to":"<p><strong>Instrucciones de uso:<\/strong><\/p>\n<ol>\n<li>Atornilla el cartucho de Cera de CBD con el hilo 510 en tu dispositivo de vapeo.<\/li>\n<li>Asegura el cartucho hasta que se detenga.<\/li>\n<li>Inhala durante 3-5 segundos.<\/li>\n<\/ol>\n<p><strong>Almacenaje y Seguridad:<\/strong><\/p>\n<ul>\n<li>Para un solo uso.<\/li>\n<li>Guardar en posici\u00f3n vertical en un lugar seco a temperatura ambiente.<\/li>\n<li>Mantener fuera del alcance de los ni\u00f1os.<\/li>\n<\/ul>\n<p><strong>\u00bfQu\u00e9 son los Cartuchos de Cera de CBD?<\/strong> Los cartuchos de Cera de CBD son envases prellenados con cera de CBD altamente concentrada que han sido especialmente desarrollados para su uso con bol\u00edgrafos de vapeo. Permiten una absorci\u00f3n r\u00e1pida y efectiva de cannabidiol (CBD) a trav\u00e9s de la inhalaci\u00f3n.<\/p>\n<ul>\n<li>Alta concentraci\u00f3n de CBD: t\u00edpicamente entre el 70% y el 95%, asegurando un efecto potente.<\/li>\n<li>Diferentes sabores: disponibles en Natural, Purpleberry y Alien Haze.<\/li>\n<li>Compatibilidad: apto para cigarrillos electr\u00f3nicos con hilo 510.<\/li>\n<li>Terpenos naturales: uso de terpenos 100% naturales para sabores aut\u00e9nticos.<\/li>\n<\/ul>\n","pi_tst":"Caracter\u00edsticas","pi_ts":"<p><strong>Ingredientes: <\/strong><\/p>\n<p>Extracto de c\u00e1\u00f1amo, terpenos naturales.<\/p>\n<p>Contenido de cannabinoides: 850 mg.<\/p>\n<p>CBD: 70%.<\/p>\n<p>CBG: 15%.<\/p>\n<p>CBDV: 0.2\u20130.5%.<\/p>\n<p>THC: &lt;0.2%.<\/p>\n<p>Perfil de sabor: Aroma natural a c\u00e1\u00f1amo, especiado.<\/p>\n<p>Dise\u00f1o: Bobina cer\u00e1mica de alta calidad con cartucho de vidrio.<\/p>\n<p>Capacidad: 1 ml.<\/p>\n<p>Hilo: 510.<\/p>\n","pi_hd":false,"pi_hm":false,"smoking_product":true,"pi_dd":false,"pi_t":130157},"_links":{"self":[{"href":"https:\/\/www.tomhemps.com\/es\/wp-json\/wp\/v2\/product\/460211"}],"collection":[{"href":"https:\/\/www.tomhemps.com\/es\/wp-json\/wp\/v2\/product"}],"about":[{"href":"https:\/\/www.tomhemps.com\/es\/wp-json\/wp\/v2\/types\/product"}],"replies":[{"embeddable":true,"href":"https:\/\/www.tomhemps.com\/es\/wp-json\/wp\/v2\/comments?post=460211"}],"wp:featuredmedia":[{"embeddable":true,"href":"https:\/\/www.tomhemps.com\/es\/wp-json\/wp\/v2\/media\/461128"}],"wp:attachment":[{"href":"https:\/\/www.tomhemps.com\/es\/wp-json\/wp\/v2\/media?parent=460211"}],"wp:term":[{"taxonomy":"product_cat","embeddable":true,"href":"https:\/\/www.tomhemps.com\/es\/wp-json\/wp\/v2\/product_cat?post=460211"},{"taxonomy":"product_tag","embeddable":true,"href":"https:\/\/www.tomhemps.com\/es\/wp-json\/wp\/v2\/product_tag?post=460211"}],"curies":[{"name":"wp","href":"https:\/\/api.w.org\/{rel}","templated":true}]}}