{"id":476032,"date":"2021-10-25T13:31:00","date_gmt":"2021-10-25T11:31:01","guid":{"rendered":"https:\/\/www.tomhemps.com\/?post_type=product&#038;p=476032"},"modified":"2024-05-13T01:00:02","modified_gmt":"2024-05-12T23:00:02","slug":"the-soap-lavanda-y-bergamota","status":"publish","type":"product","link":"https:\/\/www.tomhemps.com\/es\/prs\/the-soap-lavanda-y-bergamota\/","title":{"rendered":"The Soap Lavanda y Bergamota"},"content":{"rendered":"","protected":false},"excerpt":{"rendered":"<p>The Soap Lavanda y bergamota aporta toda la relajaci\u00f3n que merece no solo tu piel, sino tambi\u00e9n tu esp\u00edritu. En cuanto tengas este jab\u00f3n entre las manos, su aroma floral fresco y afrutado de lavanda y bergamota apaciguar\u00e1 tus sentidos. El aceite ecol\u00f3gico enriquecido de semillas de c\u00e1\u00f1amo, junto con los valorados \u00e1cidos grasos omega-3 y omega-6, aportan a tu piel, en cada aplicaci\u00f3n, la agradable hidrataci\u00f3n que necesita para calmarse.<\/p>\n","protected":false},"featured_media":500335,"comment_status":"open","ping_status":"closed","template":"","meta":{"_acf_changed":false},"product_cat":[5008,636],"product_tag":[],"acf":[],"yoast_head":"<!-- This site is optimized with the Yoast SEO Premium plugin v22.8 (Yoast SEO v22.8) - https:\/\/yoast.com\/wordpress\/plugins\/seo\/ -->\n<title>The Soap Lavanda y Bergamota<\/title>\n<meta name=\"description\" content=\"The Soap Lavanda y Bergamota - Your CBD Shop | Your CBD Brand | born in Berlin\" \/>\n<meta name=\"robots\" content=\"index, follow, max-snippet:-1, max-image-preview:large, max-video-preview:-1\" \/>\n<link rel=\"canonical\" href=\"https:\/\/www.tomhemps.com\/es\/prs\/the-soap-lavanda-y-bergamota\/\" \/>\n<meta property=\"og:locale\" content=\"es_ES\" \/>\n<meta property=\"og:type\" content=\"article\" \/>\n<meta property=\"og:title\" content=\"The Soap Lavanda y Bergamota\" \/>\n<meta property=\"og:description\" content=\"The Soap Lavanda y Bergamota - Your CBD Shop | Your CBD Brand | born in Berlin\" \/>\n<meta property=\"og:url\" content=\"https:\/\/www.tomhemps.com\/es\/prs\/the-soap-lavanda-y-bergamota\/\" \/>\n<meta property=\"og:site_name\" content=\"Your CBD Shop | Your CBD Brand | born in Berlin\" \/>\n<meta property=\"article:publisher\" content=\"https:\/\/www.facebook.com\/tomhempsberlin\/\" \/>\n<meta property=\"article:modified_time\" content=\"2024-05-12T23:00:02+00:00\" \/>\n<meta property=\"og:image\" content=\"https:\/\/www.tomhemps.com\/wp-content\/uploads\/2021\/10\/TH_Product_1440px_1620px_soap-purple-lavendel-box.png\" \/>\n\t<meta property=\"og:image:width\" content=\"1440\" \/>\n\t<meta property=\"og:image:height\" content=\"1620\" \/>\n\t<meta property=\"og:image:type\" content=\"image\/png\" \/>\n<meta name=\"twitter:card\" content=\"summary_large_image\" \/>\n<script type=\"application\/ld+json\" class=\"yoast-schema-graph\">{\"@context\":\"https:\/\/schema.org\",\"@graph\":[{\"@type\":\"WebPage\",\"@id\":\"https:\/\/www.tomhemps.com\/es\/prs\/the-soap-lavanda-y-bergamota\/\",\"url\":\"https:\/\/www.tomhemps.com\/es\/prs\/the-soap-lavanda-y-bergamota\/\",\"name\":\"The Soap Lavanda y Bergamota\",\"isPartOf\":{\"@id\":\"https:\/\/www.tomhemps.com\/es\/#website\"},\"primaryImageOfPage\":{\"@id\":\"https:\/\/www.tomhemps.com\/es\/prs\/the-soap-lavanda-y-bergamota\/#primaryimage\"},\"image\":{\"@id\":\"https:\/\/www.tomhemps.com\/es\/prs\/the-soap-lavanda-y-bergamota\/#primaryimage\"},\"thumbnailUrl\":\"https:\/\/www.tomhemps.com\/wp-content\/uploads\/2021\/10\/TH_Product_1440px_1620px_soap-purple-lavendel-box.png\",\"datePublished\":\"2021-10-25T11:31:01+00:00\",\"dateModified\":\"2024-05-12T23:00:02+00:00\",\"description\":\"The Soap Lavanda y Bergamota - Your CBD Shop | Your CBD Brand | born in Berlin\",\"breadcrumb\":{\"@id\":\"https:\/\/www.tomhemps.com\/es\/prs\/the-soap-lavanda-y-bergamota\/#breadcrumb\"},\"inLanguage\":\"es\",\"potentialAction\":[{\"@type\":\"ReadAction\",\"target\":[\"https:\/\/www.tomhemps.com\/es\/prs\/the-soap-lavanda-y-bergamota\/\"]}]},{\"@type\":\"ImageObject\",\"inLanguage\":\"es\",\"@id\":\"https:\/\/www.tomhemps.com\/es\/prs\/the-soap-lavanda-y-bergamota\/#primaryimage\",\"url\":\"https:\/\/www.tomhemps.com\/wp-content\/uploads\/2021\/10\/TH_Product_1440px_1620px_soap-purple-lavendel-box.png\",\"contentUrl\":\"https:\/\/www.tomhemps.com\/wp-content\/uploads\/2021\/10\/TH_Product_1440px_1620px_soap-purple-lavendel-box.png\",\"width\":1440,\"height\":1620},{\"@type\":\"BreadcrumbList\",\"@id\":\"https:\/\/www.tomhemps.com\/es\/prs\/the-soap-lavanda-y-bergamota\/#breadcrumb\",\"itemListElement\":[{\"@type\":\"ListItem\",\"position\":1,\"name\":\"Startseite\",\"item\":\"https:\/\/www.tomhemps.com\/es\/\"},{\"@type\":\"ListItem\",\"position\":2,\"name\":\"Shop\",\"item\":\"https:\/\/www.tomhemps.com\/es\/shop\/\"},{\"@type\":\"ListItem\",\"position\":3,\"name\":\"The Soap Lavanda y Bergamota\"}]},{\"@type\":\"WebSite\",\"@id\":\"https:\/\/www.tomhemps.com\/es\/#website\",\"url\":\"https:\/\/www.tomhemps.com\/es\/\",\"name\":\"Your CBD Shop | Your CBD Brand | born in Berlin\",\"description\":\"CBD Shop Berlin\",\"publisher\":{\"@id\":\"https:\/\/www.tomhemps.com\/es\/#organization\"},\"potentialAction\":[{\"@type\":\"SearchAction\",\"target\":{\"@type\":\"EntryPoint\",\"urlTemplate\":\"https:\/\/www.tomhemps.com\/es\/?s={search_term_string}\"},\"query-input\":\"required name=search_term_string\"}],\"inLanguage\":\"es\"},{\"@type\":\"Organization\",\"@id\":\"https:\/\/www.tomhemps.com\/es\/#organization\",\"name\":\"Tom Hemp's CBD Shop\",\"alternateName\":\"Tom Hemp's Berlin\",\"url\":\"https:\/\/www.tomhemps.com\/es\/\",\"logo\":{\"@type\":\"ImageObject\",\"inLanguage\":\"es\",\"@id\":\"https:\/\/www.tomhemps.com\/es\/#\/schema\/logo\/image\/\",\"url\":\"https:\/\/www.tomhemps.com\/wp-content\/uploads\/2019\/04\/Logo-2019-e1581413011332.jpg\",\"contentUrl\":\"https:\/\/www.tomhemps.com\/wp-content\/uploads\/2019\/04\/Logo-2019-e1581413011332.jpg\",\"width\":460,\"height\":153,\"caption\":\"Tom Hemp's CBD Shop\"},\"image\":{\"@id\":\"https:\/\/www.tomhemps.com\/es\/#\/schema\/logo\/image\/\"},\"sameAs\":[\"https:\/\/www.facebook.com\/tomhempsberlin\/\",\"https:\/\/www.instagram.com\/tomhemps_cbd\/\",\"https:\/\/www.youtube.com\/channel\/UCbGxDacLx_DRKyder_zVoNw\"]}]}<\/script>\n<!-- \/ Yoast SEO Premium plugin. -->","yoast_head_json":{"title":"The Soap Lavanda y Bergamota","description":"The Soap Lavanda y Bergamota - Your CBD Shop | Your CBD Brand | born in Berlin","robots":{"index":"index","follow":"follow","max-snippet":"max-snippet:-1","max-image-preview":"max-image-preview:large","max-video-preview":"max-video-preview:-1"},"canonical":"https:\/\/www.tomhemps.com\/es\/prs\/the-soap-lavanda-y-bergamota\/","og_locale":"es_ES","og_type":"article","og_title":"The Soap Lavanda y Bergamota","og_description":"The Soap Lavanda y Bergamota - Your CBD Shop | Your CBD Brand | born in Berlin","og_url":"https:\/\/www.tomhemps.com\/es\/prs\/the-soap-lavanda-y-bergamota\/","og_site_name":"Your CBD Shop | Your CBD Brand | born in Berlin","article_publisher":"https:\/\/www.facebook.com\/tomhempsberlin\/","article_modified_time":"2024-05-12T23:00:02+00:00","og_image":[{"width":1440,"height":1620,"url":"https:\/\/www.tomhemps.com\/wp-content\/uploads\/2021\/10\/TH_Product_1440px_1620px_soap-purple-lavendel-box.png","type":"image\/png"}],"twitter_card":"summary_large_image","schema":{"@context":"https:\/\/schema.org","@graph":[{"@type":"WebPage","@id":"https:\/\/www.tomhemps.com\/es\/prs\/the-soap-lavanda-y-bergamota\/","url":"https:\/\/www.tomhemps.com\/es\/prs\/the-soap-lavanda-y-bergamota\/","name":"The Soap Lavanda y Bergamota","isPartOf":{"@id":"https:\/\/www.tomhemps.com\/es\/#website"},"primaryImageOfPage":{"@id":"https:\/\/www.tomhemps.com\/es\/prs\/the-soap-lavanda-y-bergamota\/#primaryimage"},"image":{"@id":"https:\/\/www.tomhemps.com\/es\/prs\/the-soap-lavanda-y-bergamota\/#primaryimage"},"thumbnailUrl":"https:\/\/www.tomhemps.com\/wp-content\/uploads\/2021\/10\/TH_Product_1440px_1620px_soap-purple-lavendel-box.png","datePublished":"2021-10-25T11:31:01+00:00","dateModified":"2024-05-12T23:00:02+00:00","description":"The Soap Lavanda y Bergamota - Your CBD Shop | Your CBD Brand | born in Berlin","breadcrumb":{"@id":"https:\/\/www.tomhemps.com\/es\/prs\/the-soap-lavanda-y-bergamota\/#breadcrumb"},"inLanguage":"es","potentialAction":[{"@type":"ReadAction","target":["https:\/\/www.tomhemps.com\/es\/prs\/the-soap-lavanda-y-bergamota\/"]}]},{"@type":"ImageObject","inLanguage":"es","@id":"https:\/\/www.tomhemps.com\/es\/prs\/the-soap-lavanda-y-bergamota\/#primaryimage","url":"https:\/\/www.tomhemps.com\/wp-content\/uploads\/2021\/10\/TH_Product_1440px_1620px_soap-purple-lavendel-box.png","contentUrl":"https:\/\/www.tomhemps.com\/wp-content\/uploads\/2021\/10\/TH_Product_1440px_1620px_soap-purple-lavendel-box.png","width":1440,"height":1620},{"@type":"BreadcrumbList","@id":"https:\/\/www.tomhemps.com\/es\/prs\/the-soap-lavanda-y-bergamota\/#breadcrumb","itemListElement":[{"@type":"ListItem","position":1,"name":"Startseite","item":"https:\/\/www.tomhemps.com\/es\/"},{"@type":"ListItem","position":2,"name":"Shop","item":"https:\/\/www.tomhemps.com\/es\/shop\/"},{"@type":"ListItem","position":3,"name":"The Soap Lavanda y Bergamota"}]},{"@type":"WebSite","@id":"https:\/\/www.tomhemps.com\/es\/#website","url":"https:\/\/www.tomhemps.com\/es\/","name":"Your CBD Shop | Your CBD Brand | born in Berlin","description":"CBD Shop Berlin","publisher":{"@id":"https:\/\/www.tomhemps.com\/es\/#organization"},"potentialAction":[{"@type":"SearchAction","target":{"@type":"EntryPoint","urlTemplate":"https:\/\/www.tomhemps.com\/es\/?s={search_term_string}"},"query-input":"required name=search_term_string"}],"inLanguage":"es"},{"@type":"Organization","@id":"https:\/\/www.tomhemps.com\/es\/#organization","name":"Tom Hemp's CBD Shop","alternateName":"Tom Hemp's Berlin","url":"https:\/\/www.tomhemps.com\/es\/","logo":{"@type":"ImageObject","inLanguage":"es","@id":"https:\/\/www.tomhemps.com\/es\/#\/schema\/logo\/image\/","url":"https:\/\/www.tomhemps.com\/wp-content\/uploads\/2019\/04\/Logo-2019-e1581413011332.jpg","contentUrl":"https:\/\/www.tomhemps.com\/wp-content\/uploads\/2019\/04\/Logo-2019-e1581413011332.jpg","width":460,"height":153,"caption":"Tom Hemp's CBD Shop"},"image":{"@id":"https:\/\/www.tomhemps.com\/es\/#\/schema\/logo\/image\/"},"sameAs":["https:\/\/www.facebook.com\/tomhempsberlin\/","https:\/\/www.instagram.com\/tomhemps_cbd\/","https:\/\/www.youtube.com\/channel\/UCbGxDacLx_DRKyder_zVoNw"]}]}},"fields":{"pi_t":false,"pi_tot":"\u00bfQu\u00e9 hay dentro?","pi_to":"<p>Ingredientes Lavanda-Bergamota: Olea Europaea Fruit Oil, Aqua, Sodium Hydroxide, Brassica Campestris Seed Oil, Cannabis Sativa Seed Oil, Butyrospermum Parkii Butter, Lavandula Hybrida Oil, Maltodextrin, Lavandula Angustifolia Flower, Linalool, Beta Vulgaris Root Extract, Limonene, Citric Acid<\/p>\n<p>Contenido: 140g (5,64\u20ac\/100g)<\/p>\n","pi_tst":"Uso","pi_ts":"<p>Para un efecto id\u00f3neo, simplemente aplica el jab\u00f3n masajeando\u00a0suavemente la piel humedecida con un poco de agua. Tras unos minutos, aclara y\u00a0disfruta de una agradable sensaci\u00f3n. Para obtener el m\u00e1ximo efecto, debe\u00a0emplearse con regularidad durante varias semanas.<\/p>\n","pi_hd":false,"pi_hm":false,"smoking_product":false,"pi_dd":500347},"_links":{"self":[{"href":"https:\/\/www.tomhemps.com\/es\/wp-json\/wp\/v2\/product\/476032"}],"collection":[{"href":"https:\/\/www.tomhemps.com\/es\/wp-json\/wp\/v2\/product"}],"about":[{"href":"https:\/\/www.tomhemps.com\/es\/wp-json\/wp\/v2\/types\/product"}],"replies":[{"embeddable":true,"href":"https:\/\/www.tomhemps.com\/es\/wp-json\/wp\/v2\/comments?post=476032"}],"wp:featuredmedia":[{"embeddable":true,"href":"https:\/\/www.tomhemps.com\/es\/wp-json\/wp\/v2\/media\/500335"}],"wp:attachment":[{"href":"https:\/\/www.tomhemps.com\/es\/wp-json\/wp\/v2\/media?parent=476032"}],"wp:term":[{"taxonomy":"product_cat","embeddable":true,"href":"https:\/\/www.tomhemps.com\/es\/wp-json\/wp\/v2\/product_cat?post=476032"},{"taxonomy":"product_tag","embeddable":true,"href":"https:\/\/www.tomhemps.com\/es\/wp-json\/wp\/v2\/product_tag?post=476032"}],"curies":[{"name":"wp","href":"https:\/\/api.w.org\/{rel}","templated":true}]}}