{"id":492656,"date":"2021-11-26T10:00:26","date_gmt":"2022-01-07T10:32:26","guid":{"rendered":"https:\/\/www.tomhemps.com\/?post_type=product&#038;p=492656"},"modified":"2025-09-29T10:07:59","modified_gmt":"2025-09-29T08:07:59","slug":"notch-grinder-4-piezas","status":"publish","type":"product","link":"https:\/\/www.tomhemps.com\/es\/prs\/notch-grinder-4-piezas\/","title":{"rendered":"Notch Grinder &#8211; 4-piezas"},"content":{"rendered":"","protected":false},"excerpt":{"rendered":"<p>El triturador de muescas es m\u00e1s una herramienta multifuncional que un simple triturado o grinder. Con un dise\u00f1o \u00fanico y c\u00f3ncavo con el logotipo de Tom Hemp&#8217;s, no solo llama la atenci\u00f3n, sino que tambi\u00e9n es un todoterreno muy pr\u00e1ctico para el d\u00eda a d\u00eda. Por un lado, puedes usar f\u00e1cilmente el recipiente en la tapa para mantener los cogollos arom\u00e1ticos molidos o usarlo como cenicero si se presenta la ocasi\u00f3n. Este grinder de muescas est\u00e1 pensado hasta el \u00faltimo detalle: un anillo de pl\u00e1stico delgado garantiza un pulido silencioso y sin esfuerzo. Un cierre magn\u00e9tico evita que las sobras se caigan del triturador. Un colador de polen y un contenedor son una caracter\u00edstica adicional conveniente en este maravilloso dise\u00f1o de cuatro piezas del molinillo de muescas.<\/p>\n","protected":false},"featured_media":492632,"comment_status":"open","ping_status":"closed","template":"","meta":{"_acf_changed":false},"product_cat":[2519,5008,636],"product_tag":[],"acf":[],"yoast_head":"<!-- This site is optimized with the Yoast SEO Premium plugin v22.8 (Yoast SEO v22.8) - https:\/\/yoast.com\/wordpress\/plugins\/seo\/ -->\n<title>Notch Grinder - 4-piezas<\/title>\n<meta name=\"description\" content=\"Notch Grinder - 4-piezas - Your CBD Shop | Your CBD Brand | born in Berlin\" \/>\n<meta name=\"robots\" content=\"index, follow, max-snippet:-1, max-image-preview:large, max-video-preview:-1\" \/>\n<link rel=\"canonical\" href=\"https:\/\/www.tomhemps.com\/es\/prs\/notch-grinder-4-piezas\/\" \/>\n<meta property=\"og:locale\" content=\"es_ES\" \/>\n<meta property=\"og:type\" content=\"article\" \/>\n<meta property=\"og:title\" content=\"Notch Grinder - 4-piezas\" \/>\n<meta property=\"og:description\" content=\"Notch Grinder - 4-piezas - Your CBD Shop | Your CBD Brand | born in Berlin\" \/>\n<meta property=\"og:url\" content=\"https:\/\/www.tomhemps.com\/es\/prs\/notch-grinder-4-piezas\/\" \/>\n<meta property=\"og:site_name\" content=\"Your CBD Shop | Your CBD Brand | born in Berlin\" \/>\n<meta property=\"article:publisher\" content=\"https:\/\/www.facebook.com\/tomhempsberlin\/\" \/>\n<meta property=\"article:modified_time\" content=\"2025-09-29T08:07:59+00:00\" \/>\n<meta property=\"og:image\" content=\"https:\/\/www.tomhemps.com\/wp-content\/uploads\/2022\/01\/TH_Product_1440px_1620px_product_grindr_grey.png\" \/>\n\t<meta property=\"og:image:width\" content=\"1440\" \/>\n\t<meta property=\"og:image:height\" content=\"1620\" \/>\n\t<meta property=\"og:image:type\" content=\"image\/png\" \/>\n<meta name=\"twitter:card\" content=\"summary_large_image\" \/>\n<script type=\"application\/ld+json\" class=\"yoast-schema-graph\">{\"@context\":\"https:\/\/schema.org\",\"@graph\":[{\"@type\":\"WebPage\",\"@id\":\"https:\/\/www.tomhemps.com\/es\/prs\/notch-grinder-4-piezas\/\",\"url\":\"https:\/\/www.tomhemps.com\/es\/prs\/notch-grinder-4-piezas\/\",\"name\":\"Notch Grinder - 4-piezas\",\"isPartOf\":{\"@id\":\"https:\/\/www.tomhemps.com\/es\/#website\"},\"primaryImageOfPage\":{\"@id\":\"https:\/\/www.tomhemps.com\/es\/prs\/notch-grinder-4-piezas\/#primaryimage\"},\"image\":{\"@id\":\"https:\/\/www.tomhemps.com\/es\/prs\/notch-grinder-4-piezas\/#primaryimage\"},\"thumbnailUrl\":\"https:\/\/www.tomhemps.com\/wp-content\/uploads\/2022\/01\/TH_Product_1440px_1620px_product_grindr_grey.png\",\"datePublished\":\"2022-01-07T10:32:26+00:00\",\"dateModified\":\"2025-09-29T08:07:59+00:00\",\"description\":\"Notch Grinder - 4-piezas - Your CBD Shop | Your CBD Brand | born in Berlin\",\"breadcrumb\":{\"@id\":\"https:\/\/www.tomhemps.com\/es\/prs\/notch-grinder-4-piezas\/#breadcrumb\"},\"inLanguage\":\"es\",\"potentialAction\":[{\"@type\":\"ReadAction\",\"target\":[\"https:\/\/www.tomhemps.com\/es\/prs\/notch-grinder-4-piezas\/\"]}]},{\"@type\":\"ImageObject\",\"inLanguage\":\"es\",\"@id\":\"https:\/\/www.tomhemps.com\/es\/prs\/notch-grinder-4-piezas\/#primaryimage\",\"url\":\"https:\/\/www.tomhemps.com\/wp-content\/uploads\/2022\/01\/TH_Product_1440px_1620px_product_grindr_grey.png\",\"contentUrl\":\"https:\/\/www.tomhemps.com\/wp-content\/uploads\/2022\/01\/TH_Product_1440px_1620px_product_grindr_grey.png\",\"width\":1440,\"height\":1620},{\"@type\":\"BreadcrumbList\",\"@id\":\"https:\/\/www.tomhemps.com\/es\/prs\/notch-grinder-4-piezas\/#breadcrumb\",\"itemListElement\":[{\"@type\":\"ListItem\",\"position\":1,\"name\":\"Startseite\",\"item\":\"https:\/\/www.tomhemps.com\/es\/\"},{\"@type\":\"ListItem\",\"position\":2,\"name\":\"Shop\",\"item\":\"https:\/\/www.tomhemps.com\/es\/shop\/\"},{\"@type\":\"ListItem\",\"position\":3,\"name\":\"Notch Grinder &#8211; 4-piezas\"}]},{\"@type\":\"WebSite\",\"@id\":\"https:\/\/www.tomhemps.com\/es\/#website\",\"url\":\"https:\/\/www.tomhemps.com\/es\/\",\"name\":\"Your CBD Shop | Your CBD Brand | born in Berlin\",\"description\":\"CBD Shop Berlin\",\"publisher\":{\"@id\":\"https:\/\/www.tomhemps.com\/es\/#organization\"},\"potentialAction\":[{\"@type\":\"SearchAction\",\"target\":{\"@type\":\"EntryPoint\",\"urlTemplate\":\"https:\/\/www.tomhemps.com\/es\/?s={search_term_string}\"},\"query-input\":\"required name=search_term_string\"}],\"inLanguage\":\"es\"},{\"@type\":\"Organization\",\"@id\":\"https:\/\/www.tomhemps.com\/es\/#organization\",\"name\":\"Tom Hemp's CBD Shop\",\"alternateName\":\"Tom Hemp's Berlin\",\"url\":\"https:\/\/www.tomhemps.com\/es\/\",\"logo\":{\"@type\":\"ImageObject\",\"inLanguage\":\"es\",\"@id\":\"https:\/\/www.tomhemps.com\/es\/#\/schema\/logo\/image\/\",\"url\":\"https:\/\/www.tomhemps.com\/wp-content\/uploads\/2019\/04\/Logo-2019-e1581413011332.jpg\",\"contentUrl\":\"https:\/\/www.tomhemps.com\/wp-content\/uploads\/2019\/04\/Logo-2019-e1581413011332.jpg\",\"width\":460,\"height\":153,\"caption\":\"Tom Hemp's CBD Shop\"},\"image\":{\"@id\":\"https:\/\/www.tomhemps.com\/es\/#\/schema\/logo\/image\/\"},\"sameAs\":[\"https:\/\/www.facebook.com\/tomhempsberlin\/\",\"https:\/\/www.instagram.com\/tomhemps_cbd\/\",\"https:\/\/www.youtube.com\/channel\/UCbGxDacLx_DRKyder_zVoNw\"]}]}<\/script>\n<!-- \/ Yoast SEO Premium plugin. -->","yoast_head_json":{"title":"Notch Grinder - 4-piezas","description":"Notch Grinder - 4-piezas - Your CBD Shop | Your CBD Brand | born in Berlin","robots":{"index":"index","follow":"follow","max-snippet":"max-snippet:-1","max-image-preview":"max-image-preview:large","max-video-preview":"max-video-preview:-1"},"canonical":"https:\/\/www.tomhemps.com\/es\/prs\/notch-grinder-4-piezas\/","og_locale":"es_ES","og_type":"article","og_title":"Notch Grinder - 4-piezas","og_description":"Notch Grinder - 4-piezas - Your CBD Shop | Your CBD Brand | born in Berlin","og_url":"https:\/\/www.tomhemps.com\/es\/prs\/notch-grinder-4-piezas\/","og_site_name":"Your CBD Shop | Your CBD Brand | born in Berlin","article_publisher":"https:\/\/www.facebook.com\/tomhempsberlin\/","article_modified_time":"2025-09-29T08:07:59+00:00","og_image":[{"width":1440,"height":1620,"url":"https:\/\/www.tomhemps.com\/wp-content\/uploads\/2022\/01\/TH_Product_1440px_1620px_product_grindr_grey.png","type":"image\/png"}],"twitter_card":"summary_large_image","schema":{"@context":"https:\/\/schema.org","@graph":[{"@type":"WebPage","@id":"https:\/\/www.tomhemps.com\/es\/prs\/notch-grinder-4-piezas\/","url":"https:\/\/www.tomhemps.com\/es\/prs\/notch-grinder-4-piezas\/","name":"Notch Grinder - 4-piezas","isPartOf":{"@id":"https:\/\/www.tomhemps.com\/es\/#website"},"primaryImageOfPage":{"@id":"https:\/\/www.tomhemps.com\/es\/prs\/notch-grinder-4-piezas\/#primaryimage"},"image":{"@id":"https:\/\/www.tomhemps.com\/es\/prs\/notch-grinder-4-piezas\/#primaryimage"},"thumbnailUrl":"https:\/\/www.tomhemps.com\/wp-content\/uploads\/2022\/01\/TH_Product_1440px_1620px_product_grindr_grey.png","datePublished":"2022-01-07T10:32:26+00:00","dateModified":"2025-09-29T08:07:59+00:00","description":"Notch Grinder - 4-piezas - Your CBD Shop | Your CBD Brand | born in Berlin","breadcrumb":{"@id":"https:\/\/www.tomhemps.com\/es\/prs\/notch-grinder-4-piezas\/#breadcrumb"},"inLanguage":"es","potentialAction":[{"@type":"ReadAction","target":["https:\/\/www.tomhemps.com\/es\/prs\/notch-grinder-4-piezas\/"]}]},{"@type":"ImageObject","inLanguage":"es","@id":"https:\/\/www.tomhemps.com\/es\/prs\/notch-grinder-4-piezas\/#primaryimage","url":"https:\/\/www.tomhemps.com\/wp-content\/uploads\/2022\/01\/TH_Product_1440px_1620px_product_grindr_grey.png","contentUrl":"https:\/\/www.tomhemps.com\/wp-content\/uploads\/2022\/01\/TH_Product_1440px_1620px_product_grindr_grey.png","width":1440,"height":1620},{"@type":"BreadcrumbList","@id":"https:\/\/www.tomhemps.com\/es\/prs\/notch-grinder-4-piezas\/#breadcrumb","itemListElement":[{"@type":"ListItem","position":1,"name":"Startseite","item":"https:\/\/www.tomhemps.com\/es\/"},{"@type":"ListItem","position":2,"name":"Shop","item":"https:\/\/www.tomhemps.com\/es\/shop\/"},{"@type":"ListItem","position":3,"name":"Notch Grinder &#8211; 4-piezas"}]},{"@type":"WebSite","@id":"https:\/\/www.tomhemps.com\/es\/#website","url":"https:\/\/www.tomhemps.com\/es\/","name":"Your CBD Shop | Your CBD Brand | born in Berlin","description":"CBD Shop Berlin","publisher":{"@id":"https:\/\/www.tomhemps.com\/es\/#organization"},"potentialAction":[{"@type":"SearchAction","target":{"@type":"EntryPoint","urlTemplate":"https:\/\/www.tomhemps.com\/es\/?s={search_term_string}"},"query-input":"required name=search_term_string"}],"inLanguage":"es"},{"@type":"Organization","@id":"https:\/\/www.tomhemps.com\/es\/#organization","name":"Tom Hemp's CBD Shop","alternateName":"Tom Hemp's Berlin","url":"https:\/\/www.tomhemps.com\/es\/","logo":{"@type":"ImageObject","inLanguage":"es","@id":"https:\/\/www.tomhemps.com\/es\/#\/schema\/logo\/image\/","url":"https:\/\/www.tomhemps.com\/wp-content\/uploads\/2019\/04\/Logo-2019-e1581413011332.jpg","contentUrl":"https:\/\/www.tomhemps.com\/wp-content\/uploads\/2019\/04\/Logo-2019-e1581413011332.jpg","width":460,"height":153,"caption":"Tom Hemp's CBD Shop"},"image":{"@id":"https:\/\/www.tomhemps.com\/es\/#\/schema\/logo\/image\/"},"sameAs":["https:\/\/www.facebook.com\/tomhempsberlin\/","https:\/\/www.instagram.com\/tomhemps_cbd\/","https:\/\/www.youtube.com\/channel\/UCbGxDacLx_DRKyder_zVoNw"]}]}},"fields":{"pi_tot":"\u00bfQu\u00e9 hay dentro?","pi_to":"<ul>\n<li>1x amoladora de 4-piezas<\/li>\n<\/ul>\n","pi_tst":"M\u00e1s detalles","pi_ts":"<ul>\n<li>Di\u00e1metro 56 mm, Altura 44 mm<\/li>\n<li>Molido medio<\/li>\n<li>Material: Aluminio anodizado<\/li>\n<li>Color: Marr\u00f3n plateado<\/li>\n<\/ul>\n","pi_hd":false,"pi_hm":false,"pi_t":177686,"smoking_product":false,"pi_dd":492702},"_links":{"self":[{"href":"https:\/\/www.tomhemps.com\/es\/wp-json\/wp\/v2\/product\/492656"}],"collection":[{"href":"https:\/\/www.tomhemps.com\/es\/wp-json\/wp\/v2\/product"}],"about":[{"href":"https:\/\/www.tomhemps.com\/es\/wp-json\/wp\/v2\/types\/product"}],"replies":[{"embeddable":true,"href":"https:\/\/www.tomhemps.com\/es\/wp-json\/wp\/v2\/comments?post=492656"}],"wp:featuredmedia":[{"embeddable":true,"href":"https:\/\/www.tomhemps.com\/es\/wp-json\/wp\/v2\/media\/492632"}],"wp:attachment":[{"href":"https:\/\/www.tomhemps.com\/es\/wp-json\/wp\/v2\/media?parent=492656"}],"wp:term":[{"taxonomy":"product_cat","embeddable":true,"href":"https:\/\/www.tomhemps.com\/es\/wp-json\/wp\/v2\/product_cat?post=492656"},{"taxonomy":"product_tag","embeddable":true,"href":"https:\/\/www.tomhemps.com\/es\/wp-json\/wp\/v2\/product_tag?post=492656"}],"curies":[{"name":"wp","href":"https:\/\/api.w.org\/{rel}","templated":true}]}}