{"id":500377,"date":"2021-02-14T13:44:39","date_gmt":"2022-02-14T12:44:40","guid":{"rendered":"https:\/\/www.tomhemps.com\/?post_type=product&#038;p=500377"},"modified":"2024-05-13T01:00:02","modified_gmt":"2024-05-12T23:00:02","slug":"the-soap-calendula","status":"publish","type":"product","link":"https:\/\/www.tomhemps.com\/es\/prs\/the-soap-calendula\/","title":{"rendered":"The Soap Cal\u00e9ndula"},"content":{"rendered":"","protected":false},"excerpt":{"rendered":"<p>The Soap Cal\u00e9ndula es la opci\u00f3n perfecta para mimar tu piel. Con extractos nutritivos de cal\u00e9ndula y aceite de camomila, contribuye a calmarla. Esta hidrataci\u00f3n especialmente suave, combinada con el aceite ecol\u00f3gico enriquecido de semillas de c\u00e1\u00f1amo, proporciona relax. Gracias al suave y natural efecto de las semillas de adormidera, te deshar\u00e1s f\u00e1cilmente de todas las c\u00e9lulas muertas.<\/p>\n","protected":false},"featured_media":500323,"comment_status":"open","ping_status":"closed","template":"","meta":{"_acf_changed":false},"product_cat":[5008,636],"product_tag":[],"acf":[],"yoast_head":"<!-- This site is optimized with the Yoast SEO Premium plugin v22.8 (Yoast SEO v22.8) - https:\/\/yoast.com\/wordpress\/plugins\/seo\/ -->\n<title>The Soap Cal\u00e9ndula<\/title>\n<meta name=\"description\" content=\"The Soap Cal\u00e9ndula - Your CBD Shop | Your CBD Brand | born in Berlin\" \/>\n<meta name=\"robots\" content=\"index, follow, max-snippet:-1, max-image-preview:large, max-video-preview:-1\" \/>\n<link rel=\"canonical\" href=\"https:\/\/www.tomhemps.com\/es\/prs\/the-soap-calendula\/\" \/>\n<meta property=\"og:locale\" content=\"es_ES\" \/>\n<meta property=\"og:type\" content=\"article\" \/>\n<meta property=\"og:title\" content=\"The Soap Cal\u00e9ndula\" \/>\n<meta property=\"og:description\" content=\"The Soap Cal\u00e9ndula - Your CBD Shop | Your CBD Brand | born in Berlin\" \/>\n<meta property=\"og:url\" content=\"https:\/\/www.tomhemps.com\/es\/prs\/the-soap-calendula\/\" \/>\n<meta property=\"og:site_name\" content=\"Your CBD Shop | Your CBD Brand | born in Berlin\" \/>\n<meta property=\"article:publisher\" content=\"https:\/\/www.facebook.com\/tomhempsberlin\/\" \/>\n<meta property=\"article:modified_time\" content=\"2024-05-12T23:00:02+00:00\" \/>\n<meta property=\"og:image\" content=\"https:\/\/www.tomhemps.com\/wp-content\/uploads\/2021\/10\/TH_Product_1440px_1620px_soap-yellow-calendula-box.png\" \/>\n\t<meta property=\"og:image:width\" content=\"1440\" \/>\n\t<meta property=\"og:image:height\" content=\"1620\" \/>\n\t<meta property=\"og:image:type\" content=\"image\/png\" \/>\n<meta name=\"twitter:card\" content=\"summary_large_image\" \/>\n<script type=\"application\/ld+json\" class=\"yoast-schema-graph\">{\"@context\":\"https:\/\/schema.org\",\"@graph\":[{\"@type\":\"WebPage\",\"@id\":\"https:\/\/www.tomhemps.com\/es\/prs\/the-soap-calendula\/\",\"url\":\"https:\/\/www.tomhemps.com\/es\/prs\/the-soap-calendula\/\",\"name\":\"The Soap Cal\u00e9ndula\",\"isPartOf\":{\"@id\":\"https:\/\/www.tomhemps.com\/es\/#website\"},\"primaryImageOfPage\":{\"@id\":\"https:\/\/www.tomhemps.com\/es\/prs\/the-soap-calendula\/#primaryimage\"},\"image\":{\"@id\":\"https:\/\/www.tomhemps.com\/es\/prs\/the-soap-calendula\/#primaryimage\"},\"thumbnailUrl\":\"https:\/\/www.tomhemps.com\/wp-content\/uploads\/2021\/10\/TH_Product_1440px_1620px_soap-yellow-calendula-box.png\",\"datePublished\":\"2022-02-14T12:44:40+00:00\",\"dateModified\":\"2024-05-12T23:00:02+00:00\",\"description\":\"The Soap Cal\u00e9ndula - Your CBD Shop | Your CBD Brand | born in Berlin\",\"breadcrumb\":{\"@id\":\"https:\/\/www.tomhemps.com\/es\/prs\/the-soap-calendula\/#breadcrumb\"},\"inLanguage\":\"es\",\"potentialAction\":[{\"@type\":\"ReadAction\",\"target\":[\"https:\/\/www.tomhemps.com\/es\/prs\/the-soap-calendula\/\"]}]},{\"@type\":\"ImageObject\",\"inLanguage\":\"es\",\"@id\":\"https:\/\/www.tomhemps.com\/es\/prs\/the-soap-calendula\/#primaryimage\",\"url\":\"https:\/\/www.tomhemps.com\/wp-content\/uploads\/2021\/10\/TH_Product_1440px_1620px_soap-yellow-calendula-box.png\",\"contentUrl\":\"https:\/\/www.tomhemps.com\/wp-content\/uploads\/2021\/10\/TH_Product_1440px_1620px_soap-yellow-calendula-box.png\",\"width\":1440,\"height\":1620},{\"@type\":\"BreadcrumbList\",\"@id\":\"https:\/\/www.tomhemps.com\/es\/prs\/the-soap-calendula\/#breadcrumb\",\"itemListElement\":[{\"@type\":\"ListItem\",\"position\":1,\"name\":\"Startseite\",\"item\":\"https:\/\/www.tomhemps.com\/es\/\"},{\"@type\":\"ListItem\",\"position\":2,\"name\":\"Shop\",\"item\":\"https:\/\/www.tomhemps.com\/es\/shop\/\"},{\"@type\":\"ListItem\",\"position\":3,\"name\":\"The Soap Cal\u00e9ndula\"}]},{\"@type\":\"WebSite\",\"@id\":\"https:\/\/www.tomhemps.com\/es\/#website\",\"url\":\"https:\/\/www.tomhemps.com\/es\/\",\"name\":\"Your CBD Shop | Your CBD Brand | born in Berlin\",\"description\":\"CBD Shop Berlin\",\"publisher\":{\"@id\":\"https:\/\/www.tomhemps.com\/es\/#organization\"},\"potentialAction\":[{\"@type\":\"SearchAction\",\"target\":{\"@type\":\"EntryPoint\",\"urlTemplate\":\"https:\/\/www.tomhemps.com\/es\/?s={search_term_string}\"},\"query-input\":\"required name=search_term_string\"}],\"inLanguage\":\"es\"},{\"@type\":\"Organization\",\"@id\":\"https:\/\/www.tomhemps.com\/es\/#organization\",\"name\":\"Tom Hemp's CBD Shop\",\"alternateName\":\"Tom Hemp's Berlin\",\"url\":\"https:\/\/www.tomhemps.com\/es\/\",\"logo\":{\"@type\":\"ImageObject\",\"inLanguage\":\"es\",\"@id\":\"https:\/\/www.tomhemps.com\/es\/#\/schema\/logo\/image\/\",\"url\":\"https:\/\/www.tomhemps.com\/wp-content\/uploads\/2019\/04\/Logo-2019-e1581413011332.jpg\",\"contentUrl\":\"https:\/\/www.tomhemps.com\/wp-content\/uploads\/2019\/04\/Logo-2019-e1581413011332.jpg\",\"width\":460,\"height\":153,\"caption\":\"Tom Hemp's CBD Shop\"},\"image\":{\"@id\":\"https:\/\/www.tomhemps.com\/es\/#\/schema\/logo\/image\/\"},\"sameAs\":[\"https:\/\/www.facebook.com\/tomhempsberlin\/\",\"https:\/\/www.instagram.com\/tomhemps_cbd\/\",\"https:\/\/www.youtube.com\/channel\/UCbGxDacLx_DRKyder_zVoNw\"]}]}<\/script>\n<!-- \/ Yoast SEO Premium plugin. -->","yoast_head_json":{"title":"The Soap Cal\u00e9ndula","description":"The Soap Cal\u00e9ndula - Your CBD Shop | Your CBD Brand | born in Berlin","robots":{"index":"index","follow":"follow","max-snippet":"max-snippet:-1","max-image-preview":"max-image-preview:large","max-video-preview":"max-video-preview:-1"},"canonical":"https:\/\/www.tomhemps.com\/es\/prs\/the-soap-calendula\/","og_locale":"es_ES","og_type":"article","og_title":"The Soap Cal\u00e9ndula","og_description":"The Soap Cal\u00e9ndula - Your CBD Shop | Your CBD Brand | born in Berlin","og_url":"https:\/\/www.tomhemps.com\/es\/prs\/the-soap-calendula\/","og_site_name":"Your CBD Shop | Your CBD Brand | born in Berlin","article_publisher":"https:\/\/www.facebook.com\/tomhempsberlin\/","article_modified_time":"2024-05-12T23:00:02+00:00","og_image":[{"width":1440,"height":1620,"url":"https:\/\/www.tomhemps.com\/wp-content\/uploads\/2021\/10\/TH_Product_1440px_1620px_soap-yellow-calendula-box.png","type":"image\/png"}],"twitter_card":"summary_large_image","schema":{"@context":"https:\/\/schema.org","@graph":[{"@type":"WebPage","@id":"https:\/\/www.tomhemps.com\/es\/prs\/the-soap-calendula\/","url":"https:\/\/www.tomhemps.com\/es\/prs\/the-soap-calendula\/","name":"The Soap Cal\u00e9ndula","isPartOf":{"@id":"https:\/\/www.tomhemps.com\/es\/#website"},"primaryImageOfPage":{"@id":"https:\/\/www.tomhemps.com\/es\/prs\/the-soap-calendula\/#primaryimage"},"image":{"@id":"https:\/\/www.tomhemps.com\/es\/prs\/the-soap-calendula\/#primaryimage"},"thumbnailUrl":"https:\/\/www.tomhemps.com\/wp-content\/uploads\/2021\/10\/TH_Product_1440px_1620px_soap-yellow-calendula-box.png","datePublished":"2022-02-14T12:44:40+00:00","dateModified":"2024-05-12T23:00:02+00:00","description":"The Soap Cal\u00e9ndula - Your CBD Shop | Your CBD Brand | born in Berlin","breadcrumb":{"@id":"https:\/\/www.tomhemps.com\/es\/prs\/the-soap-calendula\/#breadcrumb"},"inLanguage":"es","potentialAction":[{"@type":"ReadAction","target":["https:\/\/www.tomhemps.com\/es\/prs\/the-soap-calendula\/"]}]},{"@type":"ImageObject","inLanguage":"es","@id":"https:\/\/www.tomhemps.com\/es\/prs\/the-soap-calendula\/#primaryimage","url":"https:\/\/www.tomhemps.com\/wp-content\/uploads\/2021\/10\/TH_Product_1440px_1620px_soap-yellow-calendula-box.png","contentUrl":"https:\/\/www.tomhemps.com\/wp-content\/uploads\/2021\/10\/TH_Product_1440px_1620px_soap-yellow-calendula-box.png","width":1440,"height":1620},{"@type":"BreadcrumbList","@id":"https:\/\/www.tomhemps.com\/es\/prs\/the-soap-calendula\/#breadcrumb","itemListElement":[{"@type":"ListItem","position":1,"name":"Startseite","item":"https:\/\/www.tomhemps.com\/es\/"},{"@type":"ListItem","position":2,"name":"Shop","item":"https:\/\/www.tomhemps.com\/es\/shop\/"},{"@type":"ListItem","position":3,"name":"The Soap Cal\u00e9ndula"}]},{"@type":"WebSite","@id":"https:\/\/www.tomhemps.com\/es\/#website","url":"https:\/\/www.tomhemps.com\/es\/","name":"Your CBD Shop | Your CBD Brand | born in Berlin","description":"CBD Shop Berlin","publisher":{"@id":"https:\/\/www.tomhemps.com\/es\/#organization"},"potentialAction":[{"@type":"SearchAction","target":{"@type":"EntryPoint","urlTemplate":"https:\/\/www.tomhemps.com\/es\/?s={search_term_string}"},"query-input":"required name=search_term_string"}],"inLanguage":"es"},{"@type":"Organization","@id":"https:\/\/www.tomhemps.com\/es\/#organization","name":"Tom Hemp's CBD Shop","alternateName":"Tom Hemp's Berlin","url":"https:\/\/www.tomhemps.com\/es\/","logo":{"@type":"ImageObject","inLanguage":"es","@id":"https:\/\/www.tomhemps.com\/es\/#\/schema\/logo\/image\/","url":"https:\/\/www.tomhemps.com\/wp-content\/uploads\/2019\/04\/Logo-2019-e1581413011332.jpg","contentUrl":"https:\/\/www.tomhemps.com\/wp-content\/uploads\/2019\/04\/Logo-2019-e1581413011332.jpg","width":460,"height":153,"caption":"Tom Hemp's CBD Shop"},"image":{"@id":"https:\/\/www.tomhemps.com\/es\/#\/schema\/logo\/image\/"},"sameAs":["https:\/\/www.facebook.com\/tomhempsberlin\/","https:\/\/www.instagram.com\/tomhemps_cbd\/","https:\/\/www.youtube.com\/channel\/UCbGxDacLx_DRKyder_zVoNw"]}]}},"fields":{"pi_t":false,"pi_tot":"\u00bfQu\u00e9 hay dentro?","pi_to":"<p>Ingredientes Cal\u00e9ndula: Olea Europaea Fruit Oil, Aqua, Sodium Hydroxide, Brassica Campestris Seed Oil, Cocos Nucifera Oil, Cannabis Sativa Seed Oil, Vanilla Planifolia Fruit Extract, Papaver Somniferum Seed<\/p>\n<p>Contenido: 140g (5,64\u20ac\/100g)<\/p>\n","pi_tst":"Uso","pi_ts":"<p>Para un efecto id\u00f3neo, simplemente aplica el jab\u00f3n masajeando\u00a0suavemente la piel humedecida con un poco de agua. Tras unos minutos, aclara y\u00a0disfruta de una agradable sensaci\u00f3n. Para obtener el m\u00e1ximo efecto, debe\u00a0emplearse con regularidad durante varias semanas.<\/p>\n","pi_hd":false,"pi_hm":false,"smoking_product":false,"pi_dd":500341},"_links":{"self":[{"href":"https:\/\/www.tomhemps.com\/es\/wp-json\/wp\/v2\/product\/500377"}],"collection":[{"href":"https:\/\/www.tomhemps.com\/es\/wp-json\/wp\/v2\/product"}],"about":[{"href":"https:\/\/www.tomhemps.com\/es\/wp-json\/wp\/v2\/types\/product"}],"replies":[{"embeddable":true,"href":"https:\/\/www.tomhemps.com\/es\/wp-json\/wp\/v2\/comments?post=500377"}],"wp:featuredmedia":[{"embeddable":true,"href":"https:\/\/www.tomhemps.com\/es\/wp-json\/wp\/v2\/media\/500323"}],"wp:attachment":[{"href":"https:\/\/www.tomhemps.com\/es\/wp-json\/wp\/v2\/media?parent=500377"}],"wp:term":[{"taxonomy":"product_cat","embeddable":true,"href":"https:\/\/www.tomhemps.com\/es\/wp-json\/wp\/v2\/product_cat?post=500377"},{"taxonomy":"product_tag","embeddable":true,"href":"https:\/\/www.tomhemps.com\/es\/wp-json\/wp\/v2\/product_tag?post=500377"}],"curies":[{"name":"wp","href":"https:\/\/api.w.org\/{rel}","templated":true}]}}