{"id":545819,"date":"2022-12-13T17:20:36","date_gmt":"2022-12-13T16:20:36","guid":{"rendered":"https:\/\/www.tomhemps.com\/?post_type=product&#038;p=545819"},"modified":"2022-12-19T14:44:12","modified_gmt":"2022-12-19T13:44:12","slug":"berlin-grinder-2-piezas","status":"publish","type":"product","link":"https:\/\/www.tomhemps.com\/es\/prs\/berlin-grinder-2-piezas\/","title":{"rendered":"Berlin Grinder &#8211; 2 Piezas"},"content":{"rendered":"","protected":false},"excerpt":{"rendered":"<p>Nuestra querida Cities Grinder Series<\/p>\n<p>Noches c\u00e1lidas entre Urbanhafen y G\u00f6rli, andar en bici por la noche y que cada esquina est\u00e9 llena de vida: con este molinillo cl\u00e1sico de 2 piezas, siempre tendr\u00e1s a mano tu lugar favorito. Indestructible y con una incre\u00edble relaci\u00f3n calidad-precio: \u00c9ste es un cl\u00e1sico.<\/p>\n","protected":false},"featured_media":545827,"comment_status":"open","ping_status":"closed","template":"","meta":{"_acf_changed":false},"product_cat":[2519,636],"product_tag":[],"acf":[],"yoast_head":"<!-- This site is optimized with the Yoast SEO Premium plugin v22.8 (Yoast SEO v22.8) - https:\/\/yoast.com\/wordpress\/plugins\/seo\/ -->\n<title>Berlin Grinder - 2 Piezas | Tom Hemp&#039;s Online Shop<\/title>\n<meta name=\"description\" content=\"Noches c\u00e1lidas entre Urbanhafen y G\u00f6rli, andar en bici por la noche y que cada esquina est\u00e9 llena de vida: con este molinillo cl\u00e1sico de 2 piezas, siempre tendr\u00e1s a mano tu lugar favorito.\" \/>\n<meta name=\"robots\" content=\"index, follow, max-snippet:-1, max-image-preview:large, max-video-preview:-1\" \/>\n<link rel=\"canonical\" href=\"https:\/\/www.tomhemps.com\/es\/prs\/berlin-grinder-2-piezas\/\" \/>\n<meta property=\"og:locale\" content=\"es_ES\" \/>\n<meta property=\"og:type\" content=\"article\" \/>\n<meta property=\"og:title\" content=\"Berlin Grinder\ud83c\udf31 Tom Hemp&#039;s Online Shop\" \/>\n<meta property=\"og:description\" content=\"Noches c\u00e1lidas entre Urbanhafen y G\u00f6rli, andar en bici por la noche y que cada esquina est\u00e9 llena de vida: con este molinillo cl\u00e1sico de 2 piezas, siempre tendr\u00e1s a mano tu lugar favorito.\" \/>\n<meta property=\"og:url\" content=\"https:\/\/www.tomhemps.com\/es\/prs\/berlin-grinder-2-piezas\/\" \/>\n<meta property=\"og:site_name\" content=\"Your CBD Shop | Your CBD Brand | born in Berlin\" \/>\n<meta property=\"article:publisher\" content=\"https:\/\/www.facebook.com\/tomhempsberlin\/\" \/>\n<meta property=\"article:modified_time\" content=\"2022-12-19T13:44:12+00:00\" \/>\n<meta property=\"og:image\" content=\"https:\/\/www.tomhemps.com\/wp-content\/uploads\/2022\/12\/TH-products-lifestyle-grindr-berlin-680-850.png\" \/>\n\t<meta property=\"og:image:width\" content=\"680\" \/>\n\t<meta property=\"og:image:height\" content=\"850\" \/>\n\t<meta property=\"og:image:type\" content=\"image\/png\" \/>\n<meta name=\"twitter:card\" content=\"summary_large_image\" \/>\n<meta name=\"twitter:title\" content=\"Berlin Grinder - 2 Piezas\" \/>\n<script type=\"application\/ld+json\" class=\"yoast-schema-graph\">{\"@context\":\"https:\/\/schema.org\",\"@graph\":[{\"@type\":\"WebPage\",\"@id\":\"https:\/\/www.tomhemps.com\/es\/prs\/berlin-grinder-2-piezas\/\",\"url\":\"https:\/\/www.tomhemps.com\/es\/prs\/berlin-grinder-2-piezas\/\",\"name\":\"Berlin Grinder - 2 Piezas | Tom Hemp's Online Shop\",\"isPartOf\":{\"@id\":\"https:\/\/www.tomhemps.com\/es\/#website\"},\"primaryImageOfPage\":{\"@id\":\"https:\/\/www.tomhemps.com\/es\/prs\/berlin-grinder-2-piezas\/#primaryimage\"},\"image\":{\"@id\":\"https:\/\/www.tomhemps.com\/es\/prs\/berlin-grinder-2-piezas\/#primaryimage\"},\"thumbnailUrl\":\"https:\/\/www.tomhemps.com\/wp-content\/uploads\/2022\/12\/TH-products-lifestyle-grindr-berlin-680-850.png\",\"datePublished\":\"2022-12-13T16:20:36+00:00\",\"dateModified\":\"2022-12-19T13:44:12+00:00\",\"description\":\"Noches c\u00e1lidas entre Urbanhafen y G\u00f6rli, andar en bici por la noche y que cada esquina est\u00e9 llena de vida: con este molinillo cl\u00e1sico de 2 piezas, siempre tendr\u00e1s a mano tu lugar favorito.\",\"breadcrumb\":{\"@id\":\"https:\/\/www.tomhemps.com\/es\/prs\/berlin-grinder-2-piezas\/#breadcrumb\"},\"inLanguage\":\"es\",\"potentialAction\":[{\"@type\":\"ReadAction\",\"target\":[\"https:\/\/www.tomhemps.com\/es\/prs\/berlin-grinder-2-piezas\/\"]}]},{\"@type\":\"ImageObject\",\"inLanguage\":\"es\",\"@id\":\"https:\/\/www.tomhemps.com\/es\/prs\/berlin-grinder-2-piezas\/#primaryimage\",\"url\":\"https:\/\/www.tomhemps.com\/wp-content\/uploads\/2022\/12\/TH-products-lifestyle-grindr-berlin-680-850.png\",\"contentUrl\":\"https:\/\/www.tomhemps.com\/wp-content\/uploads\/2022\/12\/TH-products-lifestyle-grindr-berlin-680-850.png\",\"width\":680,\"height\":850},{\"@type\":\"BreadcrumbList\",\"@id\":\"https:\/\/www.tomhemps.com\/es\/prs\/berlin-grinder-2-piezas\/#breadcrumb\",\"itemListElement\":[{\"@type\":\"ListItem\",\"position\":1,\"name\":\"Startseite\",\"item\":\"https:\/\/www.tomhemps.com\/es\/\"},{\"@type\":\"ListItem\",\"position\":2,\"name\":\"Shop\",\"item\":\"https:\/\/www.tomhemps.com\/es\/shop\/\"},{\"@type\":\"ListItem\",\"position\":3,\"name\":\"Berlin Grinder &#8211; 2 Piezas\"}]},{\"@type\":\"WebSite\",\"@id\":\"https:\/\/www.tomhemps.com\/es\/#website\",\"url\":\"https:\/\/www.tomhemps.com\/es\/\",\"name\":\"Your CBD Shop | Your CBD Brand | born in Berlin\",\"description\":\"CBD Shop Berlin\",\"publisher\":{\"@id\":\"https:\/\/www.tomhemps.com\/es\/#organization\"},\"potentialAction\":[{\"@type\":\"SearchAction\",\"target\":{\"@type\":\"EntryPoint\",\"urlTemplate\":\"https:\/\/www.tomhemps.com\/es\/?s={search_term_string}\"},\"query-input\":\"required name=search_term_string\"}],\"inLanguage\":\"es\"},{\"@type\":\"Organization\",\"@id\":\"https:\/\/www.tomhemps.com\/es\/#organization\",\"name\":\"Tom Hemp's CBD Shop\",\"alternateName\":\"Tom Hemp's Berlin\",\"url\":\"https:\/\/www.tomhemps.com\/es\/\",\"logo\":{\"@type\":\"ImageObject\",\"inLanguage\":\"es\",\"@id\":\"https:\/\/www.tomhemps.com\/es\/#\/schema\/logo\/image\/\",\"url\":\"https:\/\/www.tomhemps.com\/wp-content\/uploads\/2019\/04\/Logo-2019-e1581413011332.jpg\",\"contentUrl\":\"https:\/\/www.tomhemps.com\/wp-content\/uploads\/2019\/04\/Logo-2019-e1581413011332.jpg\",\"width\":460,\"height\":153,\"caption\":\"Tom Hemp's CBD Shop\"},\"image\":{\"@id\":\"https:\/\/www.tomhemps.com\/es\/#\/schema\/logo\/image\/\"},\"sameAs\":[\"https:\/\/www.facebook.com\/tomhempsberlin\/\",\"https:\/\/www.instagram.com\/tomhemps_cbd\/\",\"https:\/\/www.youtube.com\/channel\/UCbGxDacLx_DRKyder_zVoNw\"]}]}<\/script>\n<!-- \/ Yoast SEO Premium plugin. -->","yoast_head_json":{"title":"Berlin Grinder - 2 Piezas | Tom Hemp's Online Shop","description":"Noches c\u00e1lidas entre Urbanhafen y G\u00f6rli, andar en bici por la noche y que cada esquina est\u00e9 llena de vida: con este molinillo cl\u00e1sico de 2 piezas, siempre tendr\u00e1s a mano tu lugar favorito.","robots":{"index":"index","follow":"follow","max-snippet":"max-snippet:-1","max-image-preview":"max-image-preview:large","max-video-preview":"max-video-preview:-1"},"canonical":"https:\/\/www.tomhemps.com\/es\/prs\/berlin-grinder-2-piezas\/","og_locale":"es_ES","og_type":"article","og_title":"Berlin Grinder\ud83c\udf31 Tom Hemp's Online Shop","og_description":"Noches c\u00e1lidas entre Urbanhafen y G\u00f6rli, andar en bici por la noche y que cada esquina est\u00e9 llena de vida: con este molinillo cl\u00e1sico de 2 piezas, siempre tendr\u00e1s a mano tu lugar favorito.","og_url":"https:\/\/www.tomhemps.com\/es\/prs\/berlin-grinder-2-piezas\/","og_site_name":"Your CBD Shop | Your CBD Brand | born in Berlin","article_publisher":"https:\/\/www.facebook.com\/tomhempsberlin\/","article_modified_time":"2022-12-19T13:44:12+00:00","og_image":[{"width":680,"height":850,"url":"https:\/\/www.tomhemps.com\/wp-content\/uploads\/2022\/12\/TH-products-lifestyle-grindr-berlin-680-850.png","type":"image\/png"}],"twitter_card":"summary_large_image","twitter_title":"Berlin Grinder - 2 Piezas","schema":{"@context":"https:\/\/schema.org","@graph":[{"@type":"WebPage","@id":"https:\/\/www.tomhemps.com\/es\/prs\/berlin-grinder-2-piezas\/","url":"https:\/\/www.tomhemps.com\/es\/prs\/berlin-grinder-2-piezas\/","name":"Berlin Grinder - 2 Piezas | Tom Hemp's Online Shop","isPartOf":{"@id":"https:\/\/www.tomhemps.com\/es\/#website"},"primaryImageOfPage":{"@id":"https:\/\/www.tomhemps.com\/es\/prs\/berlin-grinder-2-piezas\/#primaryimage"},"image":{"@id":"https:\/\/www.tomhemps.com\/es\/prs\/berlin-grinder-2-piezas\/#primaryimage"},"thumbnailUrl":"https:\/\/www.tomhemps.com\/wp-content\/uploads\/2022\/12\/TH-products-lifestyle-grindr-berlin-680-850.png","datePublished":"2022-12-13T16:20:36+00:00","dateModified":"2022-12-19T13:44:12+00:00","description":"Noches c\u00e1lidas entre Urbanhafen y G\u00f6rli, andar en bici por la noche y que cada esquina est\u00e9 llena de vida: con este molinillo cl\u00e1sico de 2 piezas, siempre tendr\u00e1s a mano tu lugar favorito.","breadcrumb":{"@id":"https:\/\/www.tomhemps.com\/es\/prs\/berlin-grinder-2-piezas\/#breadcrumb"},"inLanguage":"es","potentialAction":[{"@type":"ReadAction","target":["https:\/\/www.tomhemps.com\/es\/prs\/berlin-grinder-2-piezas\/"]}]},{"@type":"ImageObject","inLanguage":"es","@id":"https:\/\/www.tomhemps.com\/es\/prs\/berlin-grinder-2-piezas\/#primaryimage","url":"https:\/\/www.tomhemps.com\/wp-content\/uploads\/2022\/12\/TH-products-lifestyle-grindr-berlin-680-850.png","contentUrl":"https:\/\/www.tomhemps.com\/wp-content\/uploads\/2022\/12\/TH-products-lifestyle-grindr-berlin-680-850.png","width":680,"height":850},{"@type":"BreadcrumbList","@id":"https:\/\/www.tomhemps.com\/es\/prs\/berlin-grinder-2-piezas\/#breadcrumb","itemListElement":[{"@type":"ListItem","position":1,"name":"Startseite","item":"https:\/\/www.tomhemps.com\/es\/"},{"@type":"ListItem","position":2,"name":"Shop","item":"https:\/\/www.tomhemps.com\/es\/shop\/"},{"@type":"ListItem","position":3,"name":"Berlin Grinder &#8211; 2 Piezas"}]},{"@type":"WebSite","@id":"https:\/\/www.tomhemps.com\/es\/#website","url":"https:\/\/www.tomhemps.com\/es\/","name":"Your CBD Shop | Your CBD Brand | born in Berlin","description":"CBD Shop Berlin","publisher":{"@id":"https:\/\/www.tomhemps.com\/es\/#organization"},"potentialAction":[{"@type":"SearchAction","target":{"@type":"EntryPoint","urlTemplate":"https:\/\/www.tomhemps.com\/es\/?s={search_term_string}"},"query-input":"required name=search_term_string"}],"inLanguage":"es"},{"@type":"Organization","@id":"https:\/\/www.tomhemps.com\/es\/#organization","name":"Tom Hemp's CBD Shop","alternateName":"Tom Hemp's Berlin","url":"https:\/\/www.tomhemps.com\/es\/","logo":{"@type":"ImageObject","inLanguage":"es","@id":"https:\/\/www.tomhemps.com\/es\/#\/schema\/logo\/image\/","url":"https:\/\/www.tomhemps.com\/wp-content\/uploads\/2019\/04\/Logo-2019-e1581413011332.jpg","contentUrl":"https:\/\/www.tomhemps.com\/wp-content\/uploads\/2019\/04\/Logo-2019-e1581413011332.jpg","width":460,"height":153,"caption":"Tom Hemp's CBD Shop"},"image":{"@id":"https:\/\/www.tomhemps.com\/es\/#\/schema\/logo\/image\/"},"sameAs":["https:\/\/www.facebook.com\/tomhempsberlin\/","https:\/\/www.instagram.com\/tomhemps_cbd\/","https:\/\/www.youtube.com\/channel\/UCbGxDacLx_DRKyder_zVoNw"]}]}},"fields":{"pi_tot":"\u00bfQu\u00e9 hay dentro?","pi_to":"<ul>\n<li>1x amoladora de 2-piezas<\/li>\n<\/ul>\n","pi_tst":"M\u00e1s detalles","pi_ts":"<ul>\n<li>Di\u00e1metro: \u00d8 59mm<\/li>\n<li>Cierre magn\u00e9tico<\/li>\n<li>Material: Pl\u00e1stico<\/li>\n<\/ul>\n","pi_t":177686,"pi_hd":false,"pi_hm":false,"smoking_product":false,"pi_dd":545827},"_links":{"self":[{"href":"https:\/\/www.tomhemps.com\/es\/wp-json\/wp\/v2\/product\/545819"}],"collection":[{"href":"https:\/\/www.tomhemps.com\/es\/wp-json\/wp\/v2\/product"}],"about":[{"href":"https:\/\/www.tomhemps.com\/es\/wp-json\/wp\/v2\/types\/product"}],"replies":[{"embeddable":true,"href":"https:\/\/www.tomhemps.com\/es\/wp-json\/wp\/v2\/comments?post=545819"}],"wp:featuredmedia":[{"embeddable":true,"href":"https:\/\/www.tomhemps.com\/es\/wp-json\/wp\/v2\/media\/545827"}],"wp:attachment":[{"href":"https:\/\/www.tomhemps.com\/es\/wp-json\/wp\/v2\/media?parent=545819"}],"wp:term":[{"taxonomy":"product_cat","embeddable":true,"href":"https:\/\/www.tomhemps.com\/es\/wp-json\/wp\/v2\/product_cat?post=545819"},{"taxonomy":"product_tag","embeddable":true,"href":"https:\/\/www.tomhemps.com\/es\/wp-json\/wp\/v2\/product_tag?post=545819"}],"curies":[{"name":"wp","href":"https:\/\/api.w.org\/{rel}","templated":true}]}}