{"id":567402,"date":"2023-05-08T16:34:20","date_gmt":"2023-05-08T14:34:20","guid":{"rendered":"https:\/\/www.tomhemps.com\/?post_type=product&#038;p=567402"},"modified":"2025-06-23T00:00:03","modified_gmt":"2025-06-22T22:00:03","slug":"cbd-pre-roll-4er-pack-goerlitzer-punch","status":"publish","type":"product","link":"https:\/\/www.tomhemps.com\/es\/prs\/cbd-pre-roll-4er-pack-goerlitzer-punch\/","title":{"rendered":"CBD Pre-Roll 4er Pack \/ G\u00f6rlitzer Punch"},"content":{"rendered":"","protected":false},"excerpt":{"rendered":"<p>Con nuestro Set de 4 Pre-Rollos CBD de Tom Hemp\u2019s ya est\u00e1 todo hecho. Obtienes 4 x 0,65 g del mejor CBD de interior, lo que significa pura flor de CBD, sin recortes, sin hojas, sin tallos, s\u00f3lo la Crema de la Cosecha en abultados conos de tu variedad favorita de CBD de Tom Hemp&#8217;s G\u00f6rlitzer Punch.<\/p>\n","protected":false},"featured_media":567275,"comment_status":"open","ping_status":"closed","template":"","meta":{"_acf_changed":false},"product_cat":[5008,586,600],"product_tag":[],"acf":[],"yoast_head":"<!-- This site is optimized with the Yoast SEO Premium plugin v22.8 (Yoast SEO v22.8) - https:\/\/yoast.com\/wordpress\/plugins\/seo\/ -->\n<title>CBD Pre-Roll 4er Pack \/ G\u00f6rlitzer Punch<\/title>\n<meta name=\"description\" content=\"CBD Pre-Roll 4er Pack \/ G\u00f6rlitzer Punch - Your CBD Shop | Your CBD Brand | born in Berlin\" \/>\n<meta name=\"robots\" content=\"index, follow, max-snippet:-1, max-image-preview:large, max-video-preview:-1\" \/>\n<link rel=\"canonical\" href=\"https:\/\/www.tomhemps.com\/es\/prs\/cbd-pre-roll-4er-pack-goerlitzer-punch\/\" \/>\n<meta property=\"og:locale\" content=\"es_ES\" \/>\n<meta property=\"og:type\" content=\"article\" \/>\n<meta property=\"og:title\" content=\"CBD Pre-Roll 4er Pack \/ G\u00f6rlitzer Punch\" \/>\n<meta property=\"og:description\" content=\"CBD Pre-Roll 4er Pack \/ G\u00f6rlitzer Punch - Your CBD Shop | Your CBD Brand | born in Berlin\" \/>\n<meta property=\"og:url\" content=\"https:\/\/www.tomhemps.com\/es\/prs\/cbd-pre-roll-4er-pack-goerlitzer-punch\/\" \/>\n<meta property=\"og:site_name\" content=\"Your CBD Shop | Your CBD Brand | born in Berlin\" \/>\n<meta property=\"article:publisher\" content=\"https:\/\/www.facebook.com\/tomhempsberlin\/\" \/>\n<meta property=\"article:modified_time\" content=\"2025-06-22T22:00:03+00:00\" \/>\n<meta property=\"og:image\" content=\"https:\/\/www.tomhemps.com\/wp-content\/uploads\/2023\/05\/TH-products-680x850-Pre-roll-mini-goerlitzer-punch.png\" \/>\n\t<meta property=\"og:image:width\" content=\"680\" \/>\n\t<meta property=\"og:image:height\" content=\"850\" \/>\n\t<meta property=\"og:image:type\" content=\"image\/png\" \/>\n<meta name=\"twitter:card\" content=\"summary_large_image\" \/>\n<script type=\"application\/ld+json\" class=\"yoast-schema-graph\">{\"@context\":\"https:\/\/schema.org\",\"@graph\":[{\"@type\":\"WebPage\",\"@id\":\"https:\/\/www.tomhemps.com\/es\/prs\/cbd-pre-roll-4er-pack-goerlitzer-punch\/\",\"url\":\"https:\/\/www.tomhemps.com\/es\/prs\/cbd-pre-roll-4er-pack-goerlitzer-punch\/\",\"name\":\"CBD Pre-Roll 4er Pack \/ G\u00f6rlitzer Punch\",\"isPartOf\":{\"@id\":\"https:\/\/www.tomhemps.com\/es\/#website\"},\"primaryImageOfPage\":{\"@id\":\"https:\/\/www.tomhemps.com\/es\/prs\/cbd-pre-roll-4er-pack-goerlitzer-punch\/#primaryimage\"},\"image\":{\"@id\":\"https:\/\/www.tomhemps.com\/es\/prs\/cbd-pre-roll-4er-pack-goerlitzer-punch\/#primaryimage\"},\"thumbnailUrl\":\"https:\/\/www.tomhemps.com\/wp-content\/uploads\/2023\/05\/TH-products-680x850-Pre-roll-mini-goerlitzer-punch.png\",\"datePublished\":\"2023-05-08T14:34:20+00:00\",\"dateModified\":\"2025-06-22T22:00:03+00:00\",\"description\":\"CBD Pre-Roll 4er Pack \/ G\u00f6rlitzer Punch - Your CBD Shop | Your CBD Brand | born in Berlin\",\"breadcrumb\":{\"@id\":\"https:\/\/www.tomhemps.com\/es\/prs\/cbd-pre-roll-4er-pack-goerlitzer-punch\/#breadcrumb\"},\"inLanguage\":\"es\",\"potentialAction\":[{\"@type\":\"ReadAction\",\"target\":[\"https:\/\/www.tomhemps.com\/es\/prs\/cbd-pre-roll-4er-pack-goerlitzer-punch\/\"]}]},{\"@type\":\"ImageObject\",\"inLanguage\":\"es\",\"@id\":\"https:\/\/www.tomhemps.com\/es\/prs\/cbd-pre-roll-4er-pack-goerlitzer-punch\/#primaryimage\",\"url\":\"https:\/\/www.tomhemps.com\/wp-content\/uploads\/2023\/05\/TH-products-680x850-Pre-roll-mini-goerlitzer-punch.png\",\"contentUrl\":\"https:\/\/www.tomhemps.com\/wp-content\/uploads\/2023\/05\/TH-products-680x850-Pre-roll-mini-goerlitzer-punch.png\",\"width\":680,\"height\":850,\"caption\":\"CBD Pre-Roll Set G\u00f6rlitzer Punch\"},{\"@type\":\"BreadcrumbList\",\"@id\":\"https:\/\/www.tomhemps.com\/es\/prs\/cbd-pre-roll-4er-pack-goerlitzer-punch\/#breadcrumb\",\"itemListElement\":[{\"@type\":\"ListItem\",\"position\":1,\"name\":\"Startseite\",\"item\":\"https:\/\/www.tomhemps.com\/es\/\"},{\"@type\":\"ListItem\",\"position\":2,\"name\":\"Shop\",\"item\":\"https:\/\/www.tomhemps.com\/es\/shop\/\"},{\"@type\":\"ListItem\",\"position\":3,\"name\":\"CBD Pre-Roll 4er Pack \/ G\u00f6rlitzer Punch\"}]},{\"@type\":\"WebSite\",\"@id\":\"https:\/\/www.tomhemps.com\/es\/#website\",\"url\":\"https:\/\/www.tomhemps.com\/es\/\",\"name\":\"Your CBD Shop | Your CBD Brand | born in Berlin\",\"description\":\"CBD Shop Berlin\",\"publisher\":{\"@id\":\"https:\/\/www.tomhemps.com\/es\/#organization\"},\"potentialAction\":[{\"@type\":\"SearchAction\",\"target\":{\"@type\":\"EntryPoint\",\"urlTemplate\":\"https:\/\/www.tomhemps.com\/es\/?s={search_term_string}\"},\"query-input\":\"required name=search_term_string\"}],\"inLanguage\":\"es\"},{\"@type\":\"Organization\",\"@id\":\"https:\/\/www.tomhemps.com\/es\/#organization\",\"name\":\"Tom Hemp's CBD Shop\",\"alternateName\":\"Tom Hemp's Berlin\",\"url\":\"https:\/\/www.tomhemps.com\/es\/\",\"logo\":{\"@type\":\"ImageObject\",\"inLanguage\":\"es\",\"@id\":\"https:\/\/www.tomhemps.com\/es\/#\/schema\/logo\/image\/\",\"url\":\"https:\/\/www.tomhemps.com\/wp-content\/uploads\/2019\/04\/Logo-2019-e1581413011332.jpg\",\"contentUrl\":\"https:\/\/www.tomhemps.com\/wp-content\/uploads\/2019\/04\/Logo-2019-e1581413011332.jpg\",\"width\":460,\"height\":153,\"caption\":\"Tom Hemp's CBD Shop\"},\"image\":{\"@id\":\"https:\/\/www.tomhemps.com\/es\/#\/schema\/logo\/image\/\"},\"sameAs\":[\"https:\/\/www.facebook.com\/tomhempsberlin\/\",\"https:\/\/www.instagram.com\/tomhemps_cbd\/\",\"https:\/\/www.youtube.com\/channel\/UCbGxDacLx_DRKyder_zVoNw\"]}]}<\/script>\n<!-- \/ Yoast SEO Premium plugin. -->","yoast_head_json":{"title":"CBD Pre-Roll 4er Pack \/ G\u00f6rlitzer Punch","description":"CBD Pre-Roll 4er Pack \/ G\u00f6rlitzer Punch - Your CBD Shop | Your CBD Brand | born in Berlin","robots":{"index":"index","follow":"follow","max-snippet":"max-snippet:-1","max-image-preview":"max-image-preview:large","max-video-preview":"max-video-preview:-1"},"canonical":"https:\/\/www.tomhemps.com\/es\/prs\/cbd-pre-roll-4er-pack-goerlitzer-punch\/","og_locale":"es_ES","og_type":"article","og_title":"CBD Pre-Roll 4er Pack \/ G\u00f6rlitzer Punch","og_description":"CBD Pre-Roll 4er Pack \/ G\u00f6rlitzer Punch - Your CBD Shop | Your CBD Brand | born in Berlin","og_url":"https:\/\/www.tomhemps.com\/es\/prs\/cbd-pre-roll-4er-pack-goerlitzer-punch\/","og_site_name":"Your CBD Shop | Your CBD Brand | born in Berlin","article_publisher":"https:\/\/www.facebook.com\/tomhempsberlin\/","article_modified_time":"2025-06-22T22:00:03+00:00","og_image":[{"width":680,"height":850,"url":"https:\/\/www.tomhemps.com\/wp-content\/uploads\/2023\/05\/TH-products-680x850-Pre-roll-mini-goerlitzer-punch.png","type":"image\/png"}],"twitter_card":"summary_large_image","schema":{"@context":"https:\/\/schema.org","@graph":[{"@type":"WebPage","@id":"https:\/\/www.tomhemps.com\/es\/prs\/cbd-pre-roll-4er-pack-goerlitzer-punch\/","url":"https:\/\/www.tomhemps.com\/es\/prs\/cbd-pre-roll-4er-pack-goerlitzer-punch\/","name":"CBD Pre-Roll 4er Pack \/ G\u00f6rlitzer Punch","isPartOf":{"@id":"https:\/\/www.tomhemps.com\/es\/#website"},"primaryImageOfPage":{"@id":"https:\/\/www.tomhemps.com\/es\/prs\/cbd-pre-roll-4er-pack-goerlitzer-punch\/#primaryimage"},"image":{"@id":"https:\/\/www.tomhemps.com\/es\/prs\/cbd-pre-roll-4er-pack-goerlitzer-punch\/#primaryimage"},"thumbnailUrl":"https:\/\/www.tomhemps.com\/wp-content\/uploads\/2023\/05\/TH-products-680x850-Pre-roll-mini-goerlitzer-punch.png","datePublished":"2023-05-08T14:34:20+00:00","dateModified":"2025-06-22T22:00:03+00:00","description":"CBD Pre-Roll 4er Pack \/ G\u00f6rlitzer Punch - Your CBD Shop | Your CBD Brand | born in Berlin","breadcrumb":{"@id":"https:\/\/www.tomhemps.com\/es\/prs\/cbd-pre-roll-4er-pack-goerlitzer-punch\/#breadcrumb"},"inLanguage":"es","potentialAction":[{"@type":"ReadAction","target":["https:\/\/www.tomhemps.com\/es\/prs\/cbd-pre-roll-4er-pack-goerlitzer-punch\/"]}]},{"@type":"ImageObject","inLanguage":"es","@id":"https:\/\/www.tomhemps.com\/es\/prs\/cbd-pre-roll-4er-pack-goerlitzer-punch\/#primaryimage","url":"https:\/\/www.tomhemps.com\/wp-content\/uploads\/2023\/05\/TH-products-680x850-Pre-roll-mini-goerlitzer-punch.png","contentUrl":"https:\/\/www.tomhemps.com\/wp-content\/uploads\/2023\/05\/TH-products-680x850-Pre-roll-mini-goerlitzer-punch.png","width":680,"height":850,"caption":"CBD Pre-Roll Set G\u00f6rlitzer Punch"},{"@type":"BreadcrumbList","@id":"https:\/\/www.tomhemps.com\/es\/prs\/cbd-pre-roll-4er-pack-goerlitzer-punch\/#breadcrumb","itemListElement":[{"@type":"ListItem","position":1,"name":"Startseite","item":"https:\/\/www.tomhemps.com\/es\/"},{"@type":"ListItem","position":2,"name":"Shop","item":"https:\/\/www.tomhemps.com\/es\/shop\/"},{"@type":"ListItem","position":3,"name":"CBD Pre-Roll 4er Pack \/ G\u00f6rlitzer Punch"}]},{"@type":"WebSite","@id":"https:\/\/www.tomhemps.com\/es\/#website","url":"https:\/\/www.tomhemps.com\/es\/","name":"Your CBD Shop | Your CBD Brand | born in Berlin","description":"CBD Shop Berlin","publisher":{"@id":"https:\/\/www.tomhemps.com\/es\/#organization"},"potentialAction":[{"@type":"SearchAction","target":{"@type":"EntryPoint","urlTemplate":"https:\/\/www.tomhemps.com\/es\/?s={search_term_string}"},"query-input":"required name=search_term_string"}],"inLanguage":"es"},{"@type":"Organization","@id":"https:\/\/www.tomhemps.com\/es\/#organization","name":"Tom Hemp's CBD Shop","alternateName":"Tom Hemp's Berlin","url":"https:\/\/www.tomhemps.com\/es\/","logo":{"@type":"ImageObject","inLanguage":"es","@id":"https:\/\/www.tomhemps.com\/es\/#\/schema\/logo\/image\/","url":"https:\/\/www.tomhemps.com\/wp-content\/uploads\/2019\/04\/Logo-2019-e1581413011332.jpg","contentUrl":"https:\/\/www.tomhemps.com\/wp-content\/uploads\/2019\/04\/Logo-2019-e1581413011332.jpg","width":460,"height":153,"caption":"Tom Hemp's CBD Shop"},"image":{"@id":"https:\/\/www.tomhemps.com\/es\/#\/schema\/logo\/image\/"},"sameAs":["https:\/\/www.facebook.com\/tomhempsberlin\/","https:\/\/www.instagram.com\/tomhemps_cbd\/","https:\/\/www.youtube.com\/channel\/UCbGxDacLx_DRKyder_zVoNw"]}]}},"fields":{"smoking_product":true,"pi_hd":false,"pi_hm":false,"pi_dd":567275,"pi_tot":"\u00bfQU\u00c9 HAY DENTRO?","pi_to":"<p>4x Pre-Rolls de 0,65 g de Flores de CBD puro G\u00f6rlitzer Punch<\/p>\n<p>CBD: 10%<br \/>\nTHC: &lt; 0,2%<\/p>\n","pi_tst":"AVISO","pi_ts":"<p>El producto est\u00e1 dise\u00f1ado exclusivamente para uso comercial, t\u00e9cnico y cient\u00edfico. Almacenar fuera del alcance de los ni\u00f1os. El producto no se puede transportar al extranjero. La ingesti\u00f3n y el fumar de este producto est\u00e1n estrictamente prohibidos. Estas flores de c\u00e1\u00f1amo industrial europeo procesadas contienen menos del 0,2% de THC. El nombre del producto no tiene ning\u00fan significado o contexto para otros productos y se utiliza \u00fanicamente con fines de marketing.<\/p>\n<p>Las flores pueden diferir en color de las im\u00e1genes\u00a0mostradas, dependiendo de la cosecha.<\/p>\n","pi_t":53798},"_links":{"self":[{"href":"https:\/\/www.tomhemps.com\/es\/wp-json\/wp\/v2\/product\/567402"}],"collection":[{"href":"https:\/\/www.tomhemps.com\/es\/wp-json\/wp\/v2\/product"}],"about":[{"href":"https:\/\/www.tomhemps.com\/es\/wp-json\/wp\/v2\/types\/product"}],"replies":[{"embeddable":true,"href":"https:\/\/www.tomhemps.com\/es\/wp-json\/wp\/v2\/comments?post=567402"}],"wp:featuredmedia":[{"embeddable":true,"href":"https:\/\/www.tomhemps.com\/es\/wp-json\/wp\/v2\/media\/567275"}],"wp:attachment":[{"href":"https:\/\/www.tomhemps.com\/es\/wp-json\/wp\/v2\/media?parent=567402"}],"wp:term":[{"taxonomy":"product_cat","embeddable":true,"href":"https:\/\/www.tomhemps.com\/es\/wp-json\/wp\/v2\/product_cat?post=567402"},{"taxonomy":"product_tag","embeddable":true,"href":"https:\/\/www.tomhemps.com\/es\/wp-json\/wp\/v2\/product_tag?post=567402"}],"curies":[{"name":"wp","href":"https:\/\/api.w.org\/{rel}","templated":true}]}}