{"id":576889,"date":"2023-07-11T16:02:28","date_gmt":"2023-07-11T14:02:28","guid":{"rendered":"https:\/\/www.tomhemps.com\/product\/thcrew-silicon-ashtray\/"},"modified":"2025-12-08T23:00:05","modified_gmt":"2025-12-08T22:00:05","slug":"thcrew-silicon-ashtray-limegreen","status":"publish","type":"product","link":"https:\/\/www.tomhemps.com\/es\/prs\/thcrew-silicon-ashtray-limegreen\/","title":{"rendered":"THCrew Cenicero de Silicona Lime Green"},"content":{"rendered":"","protected":false},"excerpt":{"rendered":"<p>El cenicero de silicona <strong>THCrew es nuestra<\/strong> respuesta a los accesorios para fumar con estilo. Fabricado con silicona de alta calidad y resistente al calor, este cenicero es irrompible, f\u00e1cil de limpiar y perfecto para el uso diario, tanto en interiores como en exteriores. M\u00e1s que pr\u00e1ctico, el cenicero de silicona THCrew es una verdadera declaraci\u00f3n de individualidad y estilo. Cenicero de silicona THCrew resistente y con estilo, ideal para interior y exterior. Disponible en colores <a href=\"https:\/\/www.tomhemps.com\/es\/?post_type=product&amp;p=635130\">Rainbow<\/a>, <a href=\"https:\/\/www.tomhemps.com\/pr\/silikon-aschenbecher-purple\/\">Purple<\/a> y <a href=\"https:\/\/www.tomhemps.com\/es\/?post_type=product&amp;p=635136\">Camouflage<\/a>.<\/p>\n","protected":false},"featured_media":635118,"comment_status":"open","ping_status":"closed","template":"","meta":{"_acf_changed":false},"product_cat":[2595,636],"product_tag":[],"acf":[],"yoast_head":"<!-- This site is optimized with the Yoast SEO Premium plugin v22.8 (Yoast SEO v22.8) - https:\/\/yoast.com\/wordpress\/plugins\/seo\/ -->\n<title>Cenicero de Silicona Lime Green<\/title>\n<meta name=\"description\" content=\"Elegante cenicero de silicona resistente al calor de THCrew: irrompible, f\u00e1cil de limpiar y perfecto para interiores y exteriores.\" \/>\n<meta name=\"robots\" content=\"index, follow, max-snippet:-1, max-image-preview:large, max-video-preview:-1\" \/>\n<link rel=\"canonical\" href=\"https:\/\/www.tomhemps.com\/es\/prs\/thcrew-silicon-ashtray-limegreen\/\" \/>\n<meta property=\"og:locale\" content=\"es_ES\" \/>\n<meta property=\"og:type\" content=\"article\" \/>\n<meta property=\"og:title\" content=\"THCrew Cenicero de Silicona Lime Green\" \/>\n<meta property=\"og:description\" content=\"Elegante cenicero de silicona resistente al calor de THCrew: irrompible, f\u00e1cil de limpiar y perfecto para interiores y exteriores.\" \/>\n<meta property=\"og:url\" content=\"https:\/\/www.tomhemps.com\/es\/prs\/thcrew-silicon-ashtray-limegreen\/\" \/>\n<meta property=\"og:site_name\" content=\"Your CBD Shop | Your CBD Brand | born in Berlin\" \/>\n<meta property=\"article:publisher\" content=\"https:\/\/www.facebook.com\/tomhempsberlin\/\" \/>\n<meta property=\"article:modified_time\" content=\"2025-12-08T22:00:05+00:00\" \/>\n<meta property=\"og:image\" content=\"https:\/\/www.tomhemps.com\/wp-content\/uploads\/2023\/07\/TH-products-680x850-silicon-ashtray-green-1.png\" \/>\n\t<meta property=\"og:image:width\" content=\"680\" \/>\n\t<meta property=\"og:image:height\" content=\"850\" \/>\n\t<meta property=\"og:image:type\" content=\"image\/png\" \/>\n<meta name=\"twitter:card\" content=\"summary_large_image\" \/>\n<meta name=\"twitter:label1\" content=\"Tiempo de lectura\" \/>\n\t<meta name=\"twitter:data1\" content=\"1 minuto\" \/>\n<script type=\"application\/ld+json\" class=\"yoast-schema-graph\">{\"@context\":\"https:\/\/schema.org\",\"@graph\":[{\"@type\":\"WebPage\",\"@id\":\"https:\/\/www.tomhemps.com\/es\/prs\/thcrew-silicon-ashtray-limegreen\/\",\"url\":\"https:\/\/www.tomhemps.com\/es\/prs\/thcrew-silicon-ashtray-limegreen\/\",\"name\":\"Cenicero de Silicona Lime Green\",\"isPartOf\":{\"@id\":\"https:\/\/www.tomhemps.com\/es\/#website\"},\"primaryImageOfPage\":{\"@id\":\"https:\/\/www.tomhemps.com\/es\/prs\/thcrew-silicon-ashtray-limegreen\/#primaryimage\"},\"image\":{\"@id\":\"https:\/\/www.tomhemps.com\/es\/prs\/thcrew-silicon-ashtray-limegreen\/#primaryimage\"},\"thumbnailUrl\":\"https:\/\/www.tomhemps.com\/wp-content\/uploads\/2023\/07\/TH-products-680x850-silicon-ashtray-green-1.png\",\"datePublished\":\"2023-07-11T14:02:28+00:00\",\"dateModified\":\"2025-12-08T22:00:05+00:00\",\"description\":\"Elegante cenicero de silicona resistente al calor de THCrew: irrompible, f\u00e1cil de limpiar y perfecto para interiores y exteriores.\",\"breadcrumb\":{\"@id\":\"https:\/\/www.tomhemps.com\/es\/prs\/thcrew-silicon-ashtray-limegreen\/#breadcrumb\"},\"inLanguage\":\"es\",\"potentialAction\":[{\"@type\":\"ReadAction\",\"target\":[\"https:\/\/www.tomhemps.com\/es\/prs\/thcrew-silicon-ashtray-limegreen\/\"]}]},{\"@type\":\"ImageObject\",\"inLanguage\":\"es\",\"@id\":\"https:\/\/www.tomhemps.com\/es\/prs\/thcrew-silicon-ashtray-limegreen\/#primaryimage\",\"url\":\"https:\/\/www.tomhemps.com\/wp-content\/uploads\/2023\/07\/TH-products-680x850-silicon-ashtray-green-1.png\",\"contentUrl\":\"https:\/\/www.tomhemps.com\/wp-content\/uploads\/2023\/07\/TH-products-680x850-silicon-ashtray-green-1.png\",\"width\":680,\"height\":850},{\"@type\":\"BreadcrumbList\",\"@id\":\"https:\/\/www.tomhemps.com\/es\/prs\/thcrew-silicon-ashtray-limegreen\/#breadcrumb\",\"itemListElement\":[{\"@type\":\"ListItem\",\"position\":1,\"name\":\"Startseite\",\"item\":\"https:\/\/www.tomhemps.com\/es\/\"},{\"@type\":\"ListItem\",\"position\":2,\"name\":\"Shop\",\"item\":\"https:\/\/www.tomhemps.com\/es\/shop\/\"},{\"@type\":\"ListItem\",\"position\":3,\"name\":\"THCrew Cenicero de Silicona Lime Green\"}]},{\"@type\":\"WebSite\",\"@id\":\"https:\/\/www.tomhemps.com\/es\/#website\",\"url\":\"https:\/\/www.tomhemps.com\/es\/\",\"name\":\"Your CBD Shop | Your CBD Brand | born in Berlin\",\"description\":\"CBD Shop Berlin\",\"publisher\":{\"@id\":\"https:\/\/www.tomhemps.com\/es\/#organization\"},\"potentialAction\":[{\"@type\":\"SearchAction\",\"target\":{\"@type\":\"EntryPoint\",\"urlTemplate\":\"https:\/\/www.tomhemps.com\/es\/?s={search_term_string}\"},\"query-input\":\"required name=search_term_string\"}],\"inLanguage\":\"es\"},{\"@type\":\"Organization\",\"@id\":\"https:\/\/www.tomhemps.com\/es\/#organization\",\"name\":\"Tom Hemp's CBD Shop\",\"alternateName\":\"Tom Hemp's Berlin\",\"url\":\"https:\/\/www.tomhemps.com\/es\/\",\"logo\":{\"@type\":\"ImageObject\",\"inLanguage\":\"es\",\"@id\":\"https:\/\/www.tomhemps.com\/es\/#\/schema\/logo\/image\/\",\"url\":\"https:\/\/www.tomhemps.com\/wp-content\/uploads\/2019\/04\/Logo-2019-e1581413011332.jpg\",\"contentUrl\":\"https:\/\/www.tomhemps.com\/wp-content\/uploads\/2019\/04\/Logo-2019-e1581413011332.jpg\",\"width\":460,\"height\":153,\"caption\":\"Tom Hemp's CBD Shop\"},\"image\":{\"@id\":\"https:\/\/www.tomhemps.com\/es\/#\/schema\/logo\/image\/\"},\"sameAs\":[\"https:\/\/www.facebook.com\/tomhempsberlin\/\",\"https:\/\/www.instagram.com\/tomhemps_cbd\/\",\"https:\/\/www.youtube.com\/channel\/UCbGxDacLx_DRKyder_zVoNw\"]}]}<\/script>\n<!-- \/ Yoast SEO Premium plugin. -->","yoast_head_json":{"title":"Cenicero de Silicona Lime Green","description":"Elegante cenicero de silicona resistente al calor de THCrew: irrompible, f\u00e1cil de limpiar y perfecto para interiores y exteriores.","robots":{"index":"index","follow":"follow","max-snippet":"max-snippet:-1","max-image-preview":"max-image-preview:large","max-video-preview":"max-video-preview:-1"},"canonical":"https:\/\/www.tomhemps.com\/es\/prs\/thcrew-silicon-ashtray-limegreen\/","og_locale":"es_ES","og_type":"article","og_title":"THCrew Cenicero de Silicona Lime Green","og_description":"Elegante cenicero de silicona resistente al calor de THCrew: irrompible, f\u00e1cil de limpiar y perfecto para interiores y exteriores.","og_url":"https:\/\/www.tomhemps.com\/es\/prs\/thcrew-silicon-ashtray-limegreen\/","og_site_name":"Your CBD Shop | Your CBD Brand | born in Berlin","article_publisher":"https:\/\/www.facebook.com\/tomhempsberlin\/","article_modified_time":"2025-12-08T22:00:05+00:00","og_image":[{"width":680,"height":850,"url":"https:\/\/www.tomhemps.com\/wp-content\/uploads\/2023\/07\/TH-products-680x850-silicon-ashtray-green-1.png","type":"image\/png"}],"twitter_card":"summary_large_image","twitter_misc":{"Tiempo de lectura":"1 minuto"},"schema":{"@context":"https:\/\/schema.org","@graph":[{"@type":"WebPage","@id":"https:\/\/www.tomhemps.com\/es\/prs\/thcrew-silicon-ashtray-limegreen\/","url":"https:\/\/www.tomhemps.com\/es\/prs\/thcrew-silicon-ashtray-limegreen\/","name":"Cenicero de Silicona Lime Green","isPartOf":{"@id":"https:\/\/www.tomhemps.com\/es\/#website"},"primaryImageOfPage":{"@id":"https:\/\/www.tomhemps.com\/es\/prs\/thcrew-silicon-ashtray-limegreen\/#primaryimage"},"image":{"@id":"https:\/\/www.tomhemps.com\/es\/prs\/thcrew-silicon-ashtray-limegreen\/#primaryimage"},"thumbnailUrl":"https:\/\/www.tomhemps.com\/wp-content\/uploads\/2023\/07\/TH-products-680x850-silicon-ashtray-green-1.png","datePublished":"2023-07-11T14:02:28+00:00","dateModified":"2025-12-08T22:00:05+00:00","description":"Elegante cenicero de silicona resistente al calor de THCrew: irrompible, f\u00e1cil de limpiar y perfecto para interiores y exteriores.","breadcrumb":{"@id":"https:\/\/www.tomhemps.com\/es\/prs\/thcrew-silicon-ashtray-limegreen\/#breadcrumb"},"inLanguage":"es","potentialAction":[{"@type":"ReadAction","target":["https:\/\/www.tomhemps.com\/es\/prs\/thcrew-silicon-ashtray-limegreen\/"]}]},{"@type":"ImageObject","inLanguage":"es","@id":"https:\/\/www.tomhemps.com\/es\/prs\/thcrew-silicon-ashtray-limegreen\/#primaryimage","url":"https:\/\/www.tomhemps.com\/wp-content\/uploads\/2023\/07\/TH-products-680x850-silicon-ashtray-green-1.png","contentUrl":"https:\/\/www.tomhemps.com\/wp-content\/uploads\/2023\/07\/TH-products-680x850-silicon-ashtray-green-1.png","width":680,"height":850},{"@type":"BreadcrumbList","@id":"https:\/\/www.tomhemps.com\/es\/prs\/thcrew-silicon-ashtray-limegreen\/#breadcrumb","itemListElement":[{"@type":"ListItem","position":1,"name":"Startseite","item":"https:\/\/www.tomhemps.com\/es\/"},{"@type":"ListItem","position":2,"name":"Shop","item":"https:\/\/www.tomhemps.com\/es\/shop\/"},{"@type":"ListItem","position":3,"name":"THCrew Cenicero de Silicona Lime Green"}]},{"@type":"WebSite","@id":"https:\/\/www.tomhemps.com\/es\/#website","url":"https:\/\/www.tomhemps.com\/es\/","name":"Your CBD Shop | Your CBD Brand | born in Berlin","description":"CBD Shop Berlin","publisher":{"@id":"https:\/\/www.tomhemps.com\/es\/#organization"},"potentialAction":[{"@type":"SearchAction","target":{"@type":"EntryPoint","urlTemplate":"https:\/\/www.tomhemps.com\/es\/?s={search_term_string}"},"query-input":"required name=search_term_string"}],"inLanguage":"es"},{"@type":"Organization","@id":"https:\/\/www.tomhemps.com\/es\/#organization","name":"Tom Hemp's CBD Shop","alternateName":"Tom Hemp's Berlin","url":"https:\/\/www.tomhemps.com\/es\/","logo":{"@type":"ImageObject","inLanguage":"es","@id":"https:\/\/www.tomhemps.com\/es\/#\/schema\/logo\/image\/","url":"https:\/\/www.tomhemps.com\/wp-content\/uploads\/2019\/04\/Logo-2019-e1581413011332.jpg","contentUrl":"https:\/\/www.tomhemps.com\/wp-content\/uploads\/2019\/04\/Logo-2019-e1581413011332.jpg","width":460,"height":153,"caption":"Tom Hemp's CBD Shop"},"image":{"@id":"https:\/\/www.tomhemps.com\/es\/#\/schema\/logo\/image\/"},"sameAs":["https:\/\/www.facebook.com\/tomhempsberlin\/","https:\/\/www.instagram.com\/tomhemps_cbd\/","https:\/\/www.youtube.com\/channel\/UCbGxDacLx_DRKyder_zVoNw"]}]}},"fields":{"smoking_product":false,"pi_hd":false,"pi_hm":false,"pi_tot":"\u00bfQu\u00e9 hay dentro?","pi_to":"<p>1x Cenicero de silicona Lime Green<\/p>\n","pi_tst":"M\u00e1s detalles","pi_ts":"<p>Diameter: \u00d8 90mm<\/p>\n<p>Material de silicona flexible y resistente al calor: sin marcas de quemaduras ni roturas.<\/p>\n<p>Cuatro variantes de colores de moda: el dise\u00f1o adecuado para todos los gustos.<\/p>\n<p>F\u00e1cil de limpiar: apto para lavavajillas y repelente a la suciedad.<\/p>\n<p>Vers\u00e1til: ideal para cigarrillos, porros, puros o pipas.<\/p>\n<p>Apto para uso en exteriores.<\/p>\n","pi_dd":635118,"pi_t":130157},"_links":{"self":[{"href":"https:\/\/www.tomhemps.com\/es\/wp-json\/wp\/v2\/product\/576889"}],"collection":[{"href":"https:\/\/www.tomhemps.com\/es\/wp-json\/wp\/v2\/product"}],"about":[{"href":"https:\/\/www.tomhemps.com\/es\/wp-json\/wp\/v2\/types\/product"}],"replies":[{"embeddable":true,"href":"https:\/\/www.tomhemps.com\/es\/wp-json\/wp\/v2\/comments?post=576889"}],"wp:featuredmedia":[{"embeddable":true,"href":"https:\/\/www.tomhemps.com\/es\/wp-json\/wp\/v2\/media\/635118"}],"wp:attachment":[{"href":"https:\/\/www.tomhemps.com\/es\/wp-json\/wp\/v2\/media?parent=576889"}],"wp:term":[{"taxonomy":"product_cat","embeddable":true,"href":"https:\/\/www.tomhemps.com\/es\/wp-json\/wp\/v2\/product_cat?post=576889"},{"taxonomy":"product_tag","embeddable":true,"href":"https:\/\/www.tomhemps.com\/es\/wp-json\/wp\/v2\/product_tag?post=576889"}],"curies":[{"name":"wp","href":"https:\/\/api.w.org\/{rel}","templated":true}]}}