{"id":592103,"date":"2023-10-18T18:10:38","date_gmt":"2023-10-18T16:10:38","guid":{"rendered":"https:\/\/www.tomhemps.com\/product\/cbd-pre-roll-4er-pack-420-mix\/"},"modified":"2023-10-25T13:12:26","modified_gmt":"2023-10-25T11:12:26","slug":"cbd-pre-roll-4er-pack-420-mix","status":"publish","type":"product","link":"https:\/\/www.tomhemps.com\/es\/prs\/cbd-pre-roll-4er-pack-420-mix\/","title":{"rendered":"CBD Pre-Roll 4er Pack \/ 420 Mix"},"content":{"rendered":"","protected":false},"excerpt":{"rendered":"<p data-pm-slice=\"1 1 []\">Rem\u00e1ngate, porque con el Set de 4 Pre-Rollos CBD de Tom Hemp\u2019s, todo ya est\u00e1 listo para disfrutar. Nuestra 420 Mix es la estrella del rock cuando se trata de variedad, y con estos porros rellenos de 0.65 gramos, vivir\u00e1s la extravaganza de la flor de CBD. Nuestros cogollos han sido cosechados a mano, tamizados cuidadosamente y triturados con delicadeza. \u00bfY lo mejor? Vienen en una funda reutilizable, listos para mejorar tu vida diaria. Bienvenido al mundo de 420 Mix, donde comodidad y calidad van de la mano: pura magia de flores de CBD en tama\u00f1o de bolsillo.<\/p>\n","protected":false},"featured_media":591182,"comment_status":"open","ping_status":"closed","template":"","meta":{"_acf_changed":false},"product_cat":[5008,586,600],"product_tag":[],"acf":[],"yoast_head":"<!-- This site is optimized with the Yoast SEO Premium plugin v22.8 (Yoast SEO v22.8) - https:\/\/yoast.com\/wordpress\/plugins\/seo\/ -->\n<title>CBD BL\u00dcTEN PRE-ROLLO Pack de 4 420 Mix | Tom Hemp&#039;s<\/title>\n<meta name=\"description\" content=\"CBD Flower Pre-Roll Pack 420 Mix, hecho para la comodidad. Nuestra 420 Mix es la estrella del rock en t\u00e9rminos de variedad y clase.\" \/>\n<meta name=\"robots\" content=\"index, follow, max-snippet:-1, max-image-preview:large, max-video-preview:-1\" \/>\n<link rel=\"canonical\" href=\"https:\/\/www.tomhemps.com\/es\/prs\/cbd-pre-roll-4er-pack-420-mix\/\" \/>\n<meta property=\"og:locale\" content=\"es_ES\" \/>\n<meta property=\"og:type\" content=\"article\" \/>\n<meta property=\"og:title\" content=\"CBD Pre-Roll 4er Pack \/ 420 Mix\" \/>\n<meta property=\"og:description\" content=\"CBD Flower Pre-Roll Pack 420 Mix, hecho para la comodidad. Nuestra 420 Mix es la estrella del rock en t\u00e9rminos de variedad y clase.\" \/>\n<meta property=\"og:url\" content=\"https:\/\/www.tomhemps.com\/es\/prs\/cbd-pre-roll-4er-pack-420-mix\/\" \/>\n<meta property=\"og:site_name\" content=\"Your CBD Shop | Your CBD Brand | born in Berlin\" \/>\n<meta property=\"article:publisher\" content=\"https:\/\/www.facebook.com\/tomhempsberlin\/\" \/>\n<meta property=\"article:modified_time\" content=\"2023-10-25T11:12:26+00:00\" \/>\n<meta property=\"og:image\" content=\"https:\/\/www.tomhemps.com\/wp-content\/uploads\/2022\/11\/TH-products-680x850-Pre-roll-mini-420-1.png\" \/>\n\t<meta property=\"og:image:width\" content=\"680\" \/>\n\t<meta property=\"og:image:height\" content=\"850\" \/>\n\t<meta property=\"og:image:type\" content=\"image\/png\" \/>\n<meta name=\"twitter:card\" content=\"summary_large_image\" \/>\n<script type=\"application\/ld+json\" class=\"yoast-schema-graph\">{\"@context\":\"https:\/\/schema.org\",\"@graph\":[{\"@type\":\"WebPage\",\"@id\":\"https:\/\/www.tomhemps.com\/es\/prs\/cbd-pre-roll-4er-pack-420-mix\/\",\"url\":\"https:\/\/www.tomhemps.com\/es\/prs\/cbd-pre-roll-4er-pack-420-mix\/\",\"name\":\"CBD BL\u00dcTEN PRE-ROLLO Pack de 4 420 Mix | Tom Hemp's\",\"isPartOf\":{\"@id\":\"https:\/\/www.tomhemps.com\/es\/#website\"},\"primaryImageOfPage\":{\"@id\":\"https:\/\/www.tomhemps.com\/es\/prs\/cbd-pre-roll-4er-pack-420-mix\/#primaryimage\"},\"image\":{\"@id\":\"https:\/\/www.tomhemps.com\/es\/prs\/cbd-pre-roll-4er-pack-420-mix\/#primaryimage\"},\"thumbnailUrl\":\"https:\/\/www.tomhemps.com\/wp-content\/uploads\/2022\/11\/TH-products-680x850-Pre-roll-mini-420-1.png\",\"datePublished\":\"2023-10-18T16:10:38+00:00\",\"dateModified\":\"2023-10-25T11:12:26+00:00\",\"description\":\"CBD Flower Pre-Roll Pack 420 Mix, hecho para la comodidad. Nuestra 420 Mix es la estrella del rock en t\u00e9rminos de variedad y clase.\",\"breadcrumb\":{\"@id\":\"https:\/\/www.tomhemps.com\/es\/prs\/cbd-pre-roll-4er-pack-420-mix\/#breadcrumb\"},\"inLanguage\":\"es\",\"potentialAction\":[{\"@type\":\"ReadAction\",\"target\":[\"https:\/\/www.tomhemps.com\/es\/prs\/cbd-pre-roll-4er-pack-420-mix\/\"]}]},{\"@type\":\"ImageObject\",\"inLanguage\":\"es\",\"@id\":\"https:\/\/www.tomhemps.com\/es\/prs\/cbd-pre-roll-4er-pack-420-mix\/#primaryimage\",\"url\":\"https:\/\/www.tomhemps.com\/wp-content\/uploads\/2022\/11\/TH-products-680x850-Pre-roll-mini-420-1.png\",\"contentUrl\":\"https:\/\/www.tomhemps.com\/wp-content\/uploads\/2022\/11\/TH-products-680x850-Pre-roll-mini-420-1.png\",\"width\":680,\"height\":850,\"caption\":\"Teste die erlesenen Kompositionen von Tom Hemp's und finde deinen Favoriten!\"},{\"@type\":\"BreadcrumbList\",\"@id\":\"https:\/\/www.tomhemps.com\/es\/prs\/cbd-pre-roll-4er-pack-420-mix\/#breadcrumb\",\"itemListElement\":[{\"@type\":\"ListItem\",\"position\":1,\"name\":\"Startseite\",\"item\":\"https:\/\/www.tomhemps.com\/es\/\"},{\"@type\":\"ListItem\",\"position\":2,\"name\":\"Shop\",\"item\":\"https:\/\/www.tomhemps.com\/es\/shop\/\"},{\"@type\":\"ListItem\",\"position\":3,\"name\":\"CBD Pre-Roll 4er Pack \/ 420 Mix\"}]},{\"@type\":\"WebSite\",\"@id\":\"https:\/\/www.tomhemps.com\/es\/#website\",\"url\":\"https:\/\/www.tomhemps.com\/es\/\",\"name\":\"Your CBD Shop | Your CBD Brand | born in Berlin\",\"description\":\"CBD Shop Berlin\",\"publisher\":{\"@id\":\"https:\/\/www.tomhemps.com\/es\/#organization\"},\"potentialAction\":[{\"@type\":\"SearchAction\",\"target\":{\"@type\":\"EntryPoint\",\"urlTemplate\":\"https:\/\/www.tomhemps.com\/es\/?s={search_term_string}\"},\"query-input\":\"required name=search_term_string\"}],\"inLanguage\":\"es\"},{\"@type\":\"Organization\",\"@id\":\"https:\/\/www.tomhemps.com\/es\/#organization\",\"name\":\"Tom Hemp's CBD Shop\",\"alternateName\":\"Tom Hemp's Berlin\",\"url\":\"https:\/\/www.tomhemps.com\/es\/\",\"logo\":{\"@type\":\"ImageObject\",\"inLanguage\":\"es\",\"@id\":\"https:\/\/www.tomhemps.com\/es\/#\/schema\/logo\/image\/\",\"url\":\"https:\/\/www.tomhemps.com\/wp-content\/uploads\/2019\/04\/Logo-2019-e1581413011332.jpg\",\"contentUrl\":\"https:\/\/www.tomhemps.com\/wp-content\/uploads\/2019\/04\/Logo-2019-e1581413011332.jpg\",\"width\":460,\"height\":153,\"caption\":\"Tom Hemp's CBD Shop\"},\"image\":{\"@id\":\"https:\/\/www.tomhemps.com\/es\/#\/schema\/logo\/image\/\"},\"sameAs\":[\"https:\/\/www.facebook.com\/tomhempsberlin\/\",\"https:\/\/www.instagram.com\/tomhemps_cbd\/\",\"https:\/\/www.youtube.com\/channel\/UCbGxDacLx_DRKyder_zVoNw\"]}]}<\/script>\n<!-- \/ Yoast SEO Premium plugin. -->","yoast_head_json":{"title":"CBD BL\u00dcTEN PRE-ROLLO Pack de 4 420 Mix | Tom Hemp's","description":"CBD Flower Pre-Roll Pack 420 Mix, hecho para la comodidad. Nuestra 420 Mix es la estrella del rock en t\u00e9rminos de variedad y clase.","robots":{"index":"index","follow":"follow","max-snippet":"max-snippet:-1","max-image-preview":"max-image-preview:large","max-video-preview":"max-video-preview:-1"},"canonical":"https:\/\/www.tomhemps.com\/es\/prs\/cbd-pre-roll-4er-pack-420-mix\/","og_locale":"es_ES","og_type":"article","og_title":"CBD Pre-Roll 4er Pack \/ 420 Mix","og_description":"CBD Flower Pre-Roll Pack 420 Mix, hecho para la comodidad. Nuestra 420 Mix es la estrella del rock en t\u00e9rminos de variedad y clase.","og_url":"https:\/\/www.tomhemps.com\/es\/prs\/cbd-pre-roll-4er-pack-420-mix\/","og_site_name":"Your CBD Shop | Your CBD Brand | born in Berlin","article_publisher":"https:\/\/www.facebook.com\/tomhempsberlin\/","article_modified_time":"2023-10-25T11:12:26+00:00","og_image":[{"width":680,"height":850,"url":"https:\/\/www.tomhemps.com\/wp-content\/uploads\/2022\/11\/TH-products-680x850-Pre-roll-mini-420-1.png","type":"image\/png"}],"twitter_card":"summary_large_image","schema":{"@context":"https:\/\/schema.org","@graph":[{"@type":"WebPage","@id":"https:\/\/www.tomhemps.com\/es\/prs\/cbd-pre-roll-4er-pack-420-mix\/","url":"https:\/\/www.tomhemps.com\/es\/prs\/cbd-pre-roll-4er-pack-420-mix\/","name":"CBD BL\u00dcTEN PRE-ROLLO Pack de 4 420 Mix | Tom Hemp's","isPartOf":{"@id":"https:\/\/www.tomhemps.com\/es\/#website"},"primaryImageOfPage":{"@id":"https:\/\/www.tomhemps.com\/es\/prs\/cbd-pre-roll-4er-pack-420-mix\/#primaryimage"},"image":{"@id":"https:\/\/www.tomhemps.com\/es\/prs\/cbd-pre-roll-4er-pack-420-mix\/#primaryimage"},"thumbnailUrl":"https:\/\/www.tomhemps.com\/wp-content\/uploads\/2022\/11\/TH-products-680x850-Pre-roll-mini-420-1.png","datePublished":"2023-10-18T16:10:38+00:00","dateModified":"2023-10-25T11:12:26+00:00","description":"CBD Flower Pre-Roll Pack 420 Mix, hecho para la comodidad. Nuestra 420 Mix es la estrella del rock en t\u00e9rminos de variedad y clase.","breadcrumb":{"@id":"https:\/\/www.tomhemps.com\/es\/prs\/cbd-pre-roll-4er-pack-420-mix\/#breadcrumb"},"inLanguage":"es","potentialAction":[{"@type":"ReadAction","target":["https:\/\/www.tomhemps.com\/es\/prs\/cbd-pre-roll-4er-pack-420-mix\/"]}]},{"@type":"ImageObject","inLanguage":"es","@id":"https:\/\/www.tomhemps.com\/es\/prs\/cbd-pre-roll-4er-pack-420-mix\/#primaryimage","url":"https:\/\/www.tomhemps.com\/wp-content\/uploads\/2022\/11\/TH-products-680x850-Pre-roll-mini-420-1.png","contentUrl":"https:\/\/www.tomhemps.com\/wp-content\/uploads\/2022\/11\/TH-products-680x850-Pre-roll-mini-420-1.png","width":680,"height":850,"caption":"Teste die erlesenen Kompositionen von Tom Hemp's und finde deinen Favoriten!"},{"@type":"BreadcrumbList","@id":"https:\/\/www.tomhemps.com\/es\/prs\/cbd-pre-roll-4er-pack-420-mix\/#breadcrumb","itemListElement":[{"@type":"ListItem","position":1,"name":"Startseite","item":"https:\/\/www.tomhemps.com\/es\/"},{"@type":"ListItem","position":2,"name":"Shop","item":"https:\/\/www.tomhemps.com\/es\/shop\/"},{"@type":"ListItem","position":3,"name":"CBD Pre-Roll 4er Pack \/ 420 Mix"}]},{"@type":"WebSite","@id":"https:\/\/www.tomhemps.com\/es\/#website","url":"https:\/\/www.tomhemps.com\/es\/","name":"Your CBD Shop | Your CBD Brand | born in Berlin","description":"CBD Shop Berlin","publisher":{"@id":"https:\/\/www.tomhemps.com\/es\/#organization"},"potentialAction":[{"@type":"SearchAction","target":{"@type":"EntryPoint","urlTemplate":"https:\/\/www.tomhemps.com\/es\/?s={search_term_string}"},"query-input":"required name=search_term_string"}],"inLanguage":"es"},{"@type":"Organization","@id":"https:\/\/www.tomhemps.com\/es\/#organization","name":"Tom Hemp's CBD Shop","alternateName":"Tom Hemp's Berlin","url":"https:\/\/www.tomhemps.com\/es\/","logo":{"@type":"ImageObject","inLanguage":"es","@id":"https:\/\/www.tomhemps.com\/es\/#\/schema\/logo\/image\/","url":"https:\/\/www.tomhemps.com\/wp-content\/uploads\/2019\/04\/Logo-2019-e1581413011332.jpg","contentUrl":"https:\/\/www.tomhemps.com\/wp-content\/uploads\/2019\/04\/Logo-2019-e1581413011332.jpg","width":460,"height":153,"caption":"Tom Hemp's CBD Shop"},"image":{"@id":"https:\/\/www.tomhemps.com\/es\/#\/schema\/logo\/image\/"},"sameAs":["https:\/\/www.facebook.com\/tomhempsberlin\/","https:\/\/www.instagram.com\/tomhemps_cbd\/","https:\/\/www.youtube.com\/channel\/UCbGxDacLx_DRKyder_zVoNw"]}]}},"fields":{"pi_dd":false,"pi_t":530168,"pi_hd":false,"pi_hm":false,"smoking_product":true,"pi_tot":"\u00bfQU\u00c9 HAY DENTRO?","pi_to":"<p data-pm-slice=\"1 1 []\">4x Pre-Rolls de 0,65 g de flores recortadas de CBD puro 420 Mix<\/p>\n<p>CBD: 6 &#8211; 8%<br \/>\nTHC: &lt; 0,2%<\/p>\n","pi_tst":"Aviso","pi_ts":"<p data-pm-slice=\"1 1 []\">El producto est\u00e1 dise\u00f1ado exclusivamente para uso comercial, t\u00e9cnico y cient\u00edfico. Almacenar fuera del alcance de los ni\u00f1os. El producto no se puede transportar al extranjero. La ingesti\u00f3n y el fumar de este producto est\u00e1n estrictamente prohibidos. Estas flores de c\u00e1\u00f1amo industrial europeo procesadas contienen menos del 0,2% de THC. El nombre del producto no tiene ning\u00fan significado o contexto para otros productos y se utiliza \u00fanicamente con fines de marketing. Las flores pueden diferir en color de las im\u00e1genes mostradas, dependiendo de la cosecha.<\/p>\n"},"_links":{"self":[{"href":"https:\/\/www.tomhemps.com\/es\/wp-json\/wp\/v2\/product\/592103"}],"collection":[{"href":"https:\/\/www.tomhemps.com\/es\/wp-json\/wp\/v2\/product"}],"about":[{"href":"https:\/\/www.tomhemps.com\/es\/wp-json\/wp\/v2\/types\/product"}],"replies":[{"embeddable":true,"href":"https:\/\/www.tomhemps.com\/es\/wp-json\/wp\/v2\/comments?post=592103"}],"wp:featuredmedia":[{"embeddable":true,"href":"https:\/\/www.tomhemps.com\/es\/wp-json\/wp\/v2\/media\/591182"}],"wp:attachment":[{"href":"https:\/\/www.tomhemps.com\/es\/wp-json\/wp\/v2\/media?parent=592103"}],"wp:term":[{"taxonomy":"product_cat","embeddable":true,"href":"https:\/\/www.tomhemps.com\/es\/wp-json\/wp\/v2\/product_cat?post=592103"},{"taxonomy":"product_tag","embeddable":true,"href":"https:\/\/www.tomhemps.com\/es\/wp-json\/wp\/v2\/product_tag?post=592103"}],"curies":[{"name":"wp","href":"https:\/\/api.w.org\/{rel}","templated":true}]}}