{"id":593334,"date":"2023-11-22T14:05:18","date_gmt":"2023-11-22T13:14:07","guid":{"rendered":"https:\/\/www.tomhemps.com\/?post_type=product&#038;p=593334"},"modified":"2025-12-24T23:00:05","modified_gmt":"2025-12-24T22:00:05","slug":"el-gran-set-de-regalo-de-cbd","status":"publish","type":"product","link":"https:\/\/www.tomhemps.com\/es\/prs\/el-gran-set-de-regalo-de-cbd\/","title":{"rendered":"EL GRAN SET DE REGALO DE CBD"},"content":{"rendered":"","protected":false},"excerpt":{"rendered":"<p>\u00bfA qui\u00e9n no le gustan las sorpresas? Con nuestra caja de regalo Big CBD Xmas, cada detalle ha sido cuidadosamente seleccionado y empaquetado con cari\u00f1o. Adem\u00e1s de nuestras flores arom\u00e1ticas de primera calidad y nuestro hach\u00eds elaborado con c\u00e1\u00f1amo industrial certificado por la UE, este kit festivo tambi\u00e9n contiene los accesorios a juego. El viaje al mundo CBD m\u00e1s navide\u00f1o empieza aqu\u00ed.<\/p>\n","protected":false},"featured_media":641271,"comment_status":"open","ping_status":"closed","template":"","meta":{"_acf_changed":false},"product_cat":[2473,5118,586],"product_tag":[],"acf":[],"yoast_head":"<!-- This site is optimized with the Yoast SEO Premium plugin v22.8 (Yoast SEO v22.8) - https:\/\/yoast.com\/wordpress\/plugins\/seo\/ -->\n<title>EL GRAN SET DE REGALO DE CBD<\/title>\n<meta name=\"description\" content=\"EL GRAN SET DE REGALO DE CBD - Your CBD Shop | Your CBD Brand | born in Berlin\" \/>\n<meta name=\"robots\" content=\"index, follow, max-snippet:-1, max-image-preview:large, max-video-preview:-1\" \/>\n<link rel=\"canonical\" href=\"https:\/\/www.tomhemps.com\/es\/prs\/el-gran-set-de-regalo-de-cbd\/\" \/>\n<meta property=\"og:locale\" content=\"es_ES\" \/>\n<meta property=\"og:type\" content=\"article\" \/>\n<meta property=\"og:title\" content=\"EL GRAN SET DE REGALO DE CBD\" \/>\n<meta property=\"og:description\" content=\"EL GRAN SET DE REGALO DE CBD - Your CBD Shop | Your CBD Brand | born in Berlin\" \/>\n<meta property=\"og:url\" content=\"https:\/\/www.tomhemps.com\/es\/prs\/el-gran-set-de-regalo-de-cbd\/\" \/>\n<meta property=\"og:site_name\" content=\"Your CBD Shop | Your CBD Brand | born in Berlin\" \/>\n<meta property=\"article:publisher\" content=\"https:\/\/www.facebook.com\/tomhempsberlin\/\" \/>\n<meta property=\"article:modified_time\" content=\"2025-12-24T22:00:05+00:00\" \/>\n<meta property=\"og:image\" content=\"https:\/\/www.tomhemps.com\/wp-content\/uploads\/2023\/11\/TH-products-680x850-big-xmas-set-1-1.png\" \/>\n\t<meta property=\"og:image:width\" content=\"680\" \/>\n\t<meta property=\"og:image:height\" content=\"850\" \/>\n\t<meta property=\"og:image:type\" content=\"image\/png\" \/>\n<meta name=\"twitter:card\" content=\"summary_large_image\" \/>\n<script type=\"application\/ld+json\" class=\"yoast-schema-graph\">{\"@context\":\"https:\/\/schema.org\",\"@graph\":[{\"@type\":\"WebPage\",\"@id\":\"https:\/\/www.tomhemps.com\/es\/prs\/el-gran-set-de-regalo-de-cbd\/\",\"url\":\"https:\/\/www.tomhemps.com\/es\/prs\/el-gran-set-de-regalo-de-cbd\/\",\"name\":\"EL GRAN SET DE REGALO DE CBD\",\"isPartOf\":{\"@id\":\"https:\/\/www.tomhemps.com\/es\/#website\"},\"primaryImageOfPage\":{\"@id\":\"https:\/\/www.tomhemps.com\/es\/prs\/el-gran-set-de-regalo-de-cbd\/#primaryimage\"},\"image\":{\"@id\":\"https:\/\/www.tomhemps.com\/es\/prs\/el-gran-set-de-regalo-de-cbd\/#primaryimage\"},\"thumbnailUrl\":\"https:\/\/www.tomhemps.com\/wp-content\/uploads\/2023\/11\/BIG-CBD-GIFT-SET.png\",\"datePublished\":\"2023-11-22T13:14:07+00:00\",\"dateModified\":\"2025-12-24T22:00:05+00:00\",\"description\":\"EL GRAN SET DE REGALO DE CBD - Your CBD Shop | Your CBD Brand | born in Berlin\",\"breadcrumb\":{\"@id\":\"https:\/\/www.tomhemps.com\/es\/prs\/el-gran-set-de-regalo-de-cbd\/#breadcrumb\"},\"inLanguage\":\"es\",\"potentialAction\":[{\"@type\":\"ReadAction\",\"target\":[\"https:\/\/www.tomhemps.com\/es\/prs\/el-gran-set-de-regalo-de-cbd\/\"]}]},{\"@type\":\"ImageObject\",\"inLanguage\":\"es\",\"@id\":\"https:\/\/www.tomhemps.com\/es\/prs\/el-gran-set-de-regalo-de-cbd\/#primaryimage\",\"url\":\"https:\/\/www.tomhemps.com\/wp-content\/uploads\/2023\/11\/BIG-CBD-GIFT-SET.png\",\"contentUrl\":\"https:\/\/www.tomhemps.com\/wp-content\/uploads\/2023\/11\/BIG-CBD-GIFT-SET.png\",\"width\":680,\"height\":850},{\"@type\":\"BreadcrumbList\",\"@id\":\"https:\/\/www.tomhemps.com\/es\/prs\/el-gran-set-de-regalo-de-cbd\/#breadcrumb\",\"itemListElement\":[{\"@type\":\"ListItem\",\"position\":1,\"name\":\"Startseite\",\"item\":\"https:\/\/www.tomhemps.com\/es\/\"},{\"@type\":\"ListItem\",\"position\":2,\"name\":\"Shop\",\"item\":\"https:\/\/www.tomhemps.com\/es\/shop\/\"},{\"@type\":\"ListItem\",\"position\":3,\"name\":\"EL GRAN SET DE REGALO DE CBD\"}]},{\"@type\":\"WebSite\",\"@id\":\"https:\/\/www.tomhemps.com\/es\/#website\",\"url\":\"https:\/\/www.tomhemps.com\/es\/\",\"name\":\"Your CBD Shop | Your CBD Brand | born in Berlin\",\"description\":\"CBD Shop Berlin\",\"publisher\":{\"@id\":\"https:\/\/www.tomhemps.com\/es\/#organization\"},\"potentialAction\":[{\"@type\":\"SearchAction\",\"target\":{\"@type\":\"EntryPoint\",\"urlTemplate\":\"https:\/\/www.tomhemps.com\/es\/?s={search_term_string}\"},\"query-input\":\"required name=search_term_string\"}],\"inLanguage\":\"es\"},{\"@type\":\"Organization\",\"@id\":\"https:\/\/www.tomhemps.com\/es\/#organization\",\"name\":\"Tom Hemp's CBD Shop\",\"alternateName\":\"Tom Hemp's Berlin\",\"url\":\"https:\/\/www.tomhemps.com\/es\/\",\"logo\":{\"@type\":\"ImageObject\",\"inLanguage\":\"es\",\"@id\":\"https:\/\/www.tomhemps.com\/es\/#\/schema\/logo\/image\/\",\"url\":\"https:\/\/www.tomhemps.com\/wp-content\/uploads\/2019\/04\/Logo-2019-e1581413011332.jpg\",\"contentUrl\":\"https:\/\/www.tomhemps.com\/wp-content\/uploads\/2019\/04\/Logo-2019-e1581413011332.jpg\",\"width\":460,\"height\":153,\"caption\":\"Tom Hemp's CBD Shop\"},\"image\":{\"@id\":\"https:\/\/www.tomhemps.com\/es\/#\/schema\/logo\/image\/\"},\"sameAs\":[\"https:\/\/www.facebook.com\/tomhempsberlin\/\",\"https:\/\/www.instagram.com\/tomhemps_cbd\/\",\"https:\/\/www.youtube.com\/channel\/UCbGxDacLx_DRKyder_zVoNw\"]}]}<\/script>\n<!-- \/ Yoast SEO Premium plugin. -->","yoast_head_json":{"title":"EL GRAN SET DE REGALO DE CBD","description":"EL GRAN SET DE REGALO DE CBD - Your CBD Shop | Your CBD Brand | born in Berlin","robots":{"index":"index","follow":"follow","max-snippet":"max-snippet:-1","max-image-preview":"max-image-preview:large","max-video-preview":"max-video-preview:-1"},"canonical":"https:\/\/www.tomhemps.com\/es\/prs\/el-gran-set-de-regalo-de-cbd\/","og_locale":"es_ES","og_type":"article","og_title":"EL GRAN SET DE REGALO DE CBD","og_description":"EL GRAN SET DE REGALO DE CBD - Your CBD Shop | Your CBD Brand | born in Berlin","og_url":"https:\/\/www.tomhemps.com\/es\/prs\/el-gran-set-de-regalo-de-cbd\/","og_site_name":"Your CBD Shop | Your CBD Brand | born in Berlin","article_publisher":"https:\/\/www.facebook.com\/tomhempsberlin\/","article_modified_time":"2025-12-24T22:00:05+00:00","og_image":[{"width":680,"height":850,"url":"https:\/\/www.tomhemps.com\/wp-content\/uploads\/2023\/11\/TH-products-680x850-big-xmas-set-1-1.png","type":"image\/png"}],"twitter_card":"summary_large_image","schema":{"@context":"https:\/\/schema.org","@graph":[{"@type":"WebPage","@id":"https:\/\/www.tomhemps.com\/es\/prs\/el-gran-set-de-regalo-de-cbd\/","url":"https:\/\/www.tomhemps.com\/es\/prs\/el-gran-set-de-regalo-de-cbd\/","name":"EL GRAN SET DE REGALO DE CBD","isPartOf":{"@id":"https:\/\/www.tomhemps.com\/es\/#website"},"primaryImageOfPage":{"@id":"https:\/\/www.tomhemps.com\/es\/prs\/el-gran-set-de-regalo-de-cbd\/#primaryimage"},"image":{"@id":"https:\/\/www.tomhemps.com\/es\/prs\/el-gran-set-de-regalo-de-cbd\/#primaryimage"},"thumbnailUrl":"https:\/\/www.tomhemps.com\/wp-content\/uploads\/2023\/11\/BIG-CBD-GIFT-SET.png","datePublished":"2023-11-22T13:14:07+00:00","dateModified":"2025-12-24T22:00:05+00:00","description":"EL GRAN SET DE REGALO DE CBD - Your CBD Shop | Your CBD Brand | born in Berlin","breadcrumb":{"@id":"https:\/\/www.tomhemps.com\/es\/prs\/el-gran-set-de-regalo-de-cbd\/#breadcrumb"},"inLanguage":"es","potentialAction":[{"@type":"ReadAction","target":["https:\/\/www.tomhemps.com\/es\/prs\/el-gran-set-de-regalo-de-cbd\/"]}]},{"@type":"ImageObject","inLanguage":"es","@id":"https:\/\/www.tomhemps.com\/es\/prs\/el-gran-set-de-regalo-de-cbd\/#primaryimage","url":"https:\/\/www.tomhemps.com\/wp-content\/uploads\/2023\/11\/BIG-CBD-GIFT-SET.png","contentUrl":"https:\/\/www.tomhemps.com\/wp-content\/uploads\/2023\/11\/BIG-CBD-GIFT-SET.png","width":680,"height":850},{"@type":"BreadcrumbList","@id":"https:\/\/www.tomhemps.com\/es\/prs\/el-gran-set-de-regalo-de-cbd\/#breadcrumb","itemListElement":[{"@type":"ListItem","position":1,"name":"Startseite","item":"https:\/\/www.tomhemps.com\/es\/"},{"@type":"ListItem","position":2,"name":"Shop","item":"https:\/\/www.tomhemps.com\/es\/shop\/"},{"@type":"ListItem","position":3,"name":"EL GRAN SET DE REGALO DE CBD"}]},{"@type":"WebSite","@id":"https:\/\/www.tomhemps.com\/es\/#website","url":"https:\/\/www.tomhemps.com\/es\/","name":"Your CBD Shop | Your CBD Brand | born in Berlin","description":"CBD Shop Berlin","publisher":{"@id":"https:\/\/www.tomhemps.com\/es\/#organization"},"potentialAction":[{"@type":"SearchAction","target":{"@type":"EntryPoint","urlTemplate":"https:\/\/www.tomhemps.com\/es\/?s={search_term_string}"},"query-input":"required name=search_term_string"}],"inLanguage":"es"},{"@type":"Organization","@id":"https:\/\/www.tomhemps.com\/es\/#organization","name":"Tom Hemp's CBD Shop","alternateName":"Tom Hemp's Berlin","url":"https:\/\/www.tomhemps.com\/es\/","logo":{"@type":"ImageObject","inLanguage":"es","@id":"https:\/\/www.tomhemps.com\/es\/#\/schema\/logo\/image\/","url":"https:\/\/www.tomhemps.com\/wp-content\/uploads\/2019\/04\/Logo-2019-e1581413011332.jpg","contentUrl":"https:\/\/www.tomhemps.com\/wp-content\/uploads\/2019\/04\/Logo-2019-e1581413011332.jpg","width":460,"height":153,"caption":"Tom Hemp's CBD Shop"},"image":{"@id":"https:\/\/www.tomhemps.com\/es\/#\/schema\/logo\/image\/"},"sameAs":["https:\/\/www.facebook.com\/tomhempsberlin\/","https:\/\/www.instagram.com\/tomhemps_cbd\/","https:\/\/www.youtube.com\/channel\/UCbGxDacLx_DRKyder_zVoNw"]}]}},"fields":{"pi_dd":false,"pi_t":560674,"pi_hd":false,"pi_hm":false,"smoking_product":true,"pi_tot":"\u00bfQU\u00c9 HAY DENTRO?","pi_to":"<p>3 x MECHEROS CLIPPER (colores aleatorios)<\/p>\n<p>1x FLORES DE CBD a elegir (1g)<br \/>\nIngredientes: C\u00e1\u00f1amo industrial europeo<\/p>\n<p>1x FLORES DE CBD a elegir (2g)<br \/>\nIngredientes: C\u00e1\u00f1amo industrial europeo<\/p>\n<p>1x CBD HASH a elegir (1G)<br \/>\nIngredientes: Polen de c\u00e1\u00f1amo industrial europeo, terpenos<\/p>\n<p>1x LIBRO PAPELES PEQUE\u00d1OS AMIGOS<\/p>\n<p>1x KSS LIBRO GALAXY NEGRO<\/p>\n","pi_tst":"AVISO","pi_ts":"<p>Los productos est\u00e1n destinados exclusivamente para uso comercial, t\u00e9cnico y cient\u00edfico. Almacenar fuera del alcance de los ni\u00f1os. Los productos no pueden ser transportados al extranjero. La ingesti\u00f3n y el fumar de este producto est\u00e1n estrictamente prohibidos. Estas flores procesadas de c\u00e1\u00f1amo industrial europeo contienen menos del 0,2% de THC. El nombre del producto no tiene ning\u00fan significado o contexto con otros productos y se utiliza \u00fanicamente con fines de marketing.<\/p>\n"},"_links":{"self":[{"href":"https:\/\/www.tomhemps.com\/es\/wp-json\/wp\/v2\/product\/593334"}],"collection":[{"href":"https:\/\/www.tomhemps.com\/es\/wp-json\/wp\/v2\/product"}],"about":[{"href":"https:\/\/www.tomhemps.com\/es\/wp-json\/wp\/v2\/types\/product"}],"replies":[{"embeddable":true,"href":"https:\/\/www.tomhemps.com\/es\/wp-json\/wp\/v2\/comments?post=593334"}],"wp:featuredmedia":[{"embeddable":true,"href":"https:\/\/www.tomhemps.com\/es\/wp-json\/wp\/v2\/media\/641271"}],"wp:attachment":[{"href":"https:\/\/www.tomhemps.com\/es\/wp-json\/wp\/v2\/media?parent=593334"}],"wp:term":[{"taxonomy":"product_cat","embeddable":true,"href":"https:\/\/www.tomhemps.com\/es\/wp-json\/wp\/v2\/product_cat?post=593334"},{"taxonomy":"product_tag","embeddable":true,"href":"https:\/\/www.tomhemps.com\/es\/wp-json\/wp\/v2\/product_tag?post=593334"}],"curies":[{"name":"wp","href":"https:\/\/api.w.org\/{rel}","templated":true}]}}