{"id":628919,"date":"2025-01-20T22:47:32","date_gmt":"2025-01-20T21:47:33","guid":{"rendered":"https:\/\/www.tomhemps.com\/?post_type=product&#038;p=628919"},"modified":"2026-04-09T12:27:01","modified_gmt":"2026-04-09T10:27:01","slug":"vaporizador-cbd-purpleberry","status":"publish","type":"product","link":"https:\/\/www.tomhemps.com\/es\/prs\/vaporizador-cbd-purpleberry\/","title":{"rendered":"Vaporizador boligrafo con cera de CBD Purpleberry"},"content":{"rendered":"","protected":false},"excerpt":{"rendered":"<p>El <strong>CBD Wax Vape Pen Purpleberry<\/strong> es un vaporizador todo en uno, prellenado con extracto puro de cera de CBD con sabor a Purpleberry. Presenta un dise\u00f1o minimalista complementado con una pr\u00e1ctica cartucho de vidrio que preserva la pureza de la cera de CBD. Este dispositivo ofrece una experiencia de CBD elegante y sencilla. Adem\u00e1s del dulce sabor a bayas de Purpleberry, el CBD Wax Vape Pen est\u00e1 disponible en otros aromas, como <a href=\"https:\/\/www.tomhemps.com\/es\/prs\/cbd-wax-filled-vape-pen\/\">Natural Wax<\/a> y Alien Haze.<\/p>\n","protected":false},"featured_media":628932,"comment_status":"open","ping_status":"closed","template":"","meta":{"_acf_changed":false},"product_cat":[2542,5008,586],"product_tag":[],"acf":[],"yoast_head":"<!-- This site is optimized with the Yoast SEO Premium plugin v22.8 (Yoast SEO v22.8) - https:\/\/yoast.com\/wordpress\/plugins\/seo\/ -->\n<title>Vaporizador boligrafo con cera de CBD Purpleberry x Tom Hemp&#039;s<\/title>\n<meta name=\"description\" content=\"Todo en Uno CBD Wax Vape Pen Purpleberry: Bol\u00edgrafo recargable con bater\u00eda 510 y cera CBD de alta calidad. F\u00e1cil de usar con un dise\u00f1o perfecto.\" \/>\n<meta name=\"robots\" content=\"index, follow, max-snippet:-1, max-image-preview:large, max-video-preview:-1\" \/>\n<link rel=\"canonical\" href=\"https:\/\/www.tomhemps.com\/es\/prs\/vaporizador-cbd-purpleberry\/\" \/>\n<meta property=\"og:locale\" content=\"es_ES\" \/>\n<meta property=\"og:type\" content=\"article\" \/>\n<meta property=\"og:title\" content=\"Vaporizador boligrafo con cera de CBD Purpleberry\" \/>\n<meta property=\"og:description\" content=\"Todo en Uno CBD Wax Vape Pen Purpleberry: Bol\u00edgrafo recargable con bater\u00eda 510 y cera CBD de alta calidad. F\u00e1cil de usar con un dise\u00f1o perfecto.\" \/>\n<meta property=\"og:url\" content=\"https:\/\/www.tomhemps.com\/es\/prs\/vaporizador-cbd-purpleberry\/\" \/>\n<meta property=\"og:site_name\" content=\"Your CBD Shop | Your CBD Brand | born in Berlin\" \/>\n<meta property=\"article:publisher\" content=\"https:\/\/www.facebook.com\/tomhempsberlin\/\" \/>\n<meta property=\"article:modified_time\" content=\"2026-04-09T10:27:01+00:00\" \/>\n<meta property=\"og:image\" content=\"https:\/\/www.tomhemps.com\/wp-content\/uploads\/2025\/01\/Tom_Hemps_product_slim_pen_box_purpleberry_3-min.png\" \/>\n\t<meta property=\"og:image:width\" content=\"1780\" \/>\n\t<meta property=\"og:image:height\" content=\"1600\" \/>\n\t<meta property=\"og:image:type\" content=\"image\/png\" \/>\n<meta name=\"twitter:card\" content=\"summary_large_image\" \/>\n<meta name=\"twitter:label1\" content=\"Tiempo de lectura\" \/>\n\t<meta name=\"twitter:data1\" content=\"2 minutos\" \/>\n<script type=\"application\/ld+json\" class=\"yoast-schema-graph\">{\"@context\":\"https:\/\/schema.org\",\"@graph\":[{\"@type\":\"WebPage\",\"@id\":\"https:\/\/www.tomhemps.com\/es\/prs\/vaporizador-cbd-purpleberry\/\",\"url\":\"https:\/\/www.tomhemps.com\/es\/prs\/vaporizador-cbd-purpleberry\/\",\"name\":\"Vaporizador boligrafo con cera de CBD Purpleberry x Tom Hemp's\",\"isPartOf\":{\"@id\":\"https:\/\/www.tomhemps.com\/es\/#website\"},\"primaryImageOfPage\":{\"@id\":\"https:\/\/www.tomhemps.com\/es\/prs\/vaporizador-cbd-purpleberry\/#primaryimage\"},\"image\":{\"@id\":\"https:\/\/www.tomhemps.com\/es\/prs\/vaporizador-cbd-purpleberry\/#primaryimage\"},\"thumbnailUrl\":\"https:\/\/www.tomhemps.com\/wp-content\/uploads\/2025\/01\/Tom_Hemps_product_slim_pen_box_purpleberry_3-min.png\",\"datePublished\":\"2025-01-20T21:47:33+00:00\",\"dateModified\":\"2026-04-09T10:27:01+00:00\",\"description\":\"Todo en Uno CBD Wax Vape Pen Purpleberry: Bol\u00edgrafo recargable con bater\u00eda 510 y cera CBD de alta calidad. F\u00e1cil de usar con un dise\u00f1o perfecto.\",\"breadcrumb\":{\"@id\":\"https:\/\/www.tomhemps.com\/es\/prs\/vaporizador-cbd-purpleberry\/#breadcrumb\"},\"inLanguage\":\"es\",\"potentialAction\":[{\"@type\":\"ReadAction\",\"target\":[\"https:\/\/www.tomhemps.com\/es\/prs\/vaporizador-cbd-purpleberry\/\"]}]},{\"@type\":\"ImageObject\",\"inLanguage\":\"es\",\"@id\":\"https:\/\/www.tomhemps.com\/es\/prs\/vaporizador-cbd-purpleberry\/#primaryimage\",\"url\":\"https:\/\/www.tomhemps.com\/wp-content\/uploads\/2025\/01\/Tom_Hemps_product_slim_pen_box_purpleberry_3-min.png\",\"contentUrl\":\"https:\/\/www.tomhemps.com\/wp-content\/uploads\/2025\/01\/Tom_Hemps_product_slim_pen_box_purpleberry_3-min.png\",\"width\":1780,\"height\":1600},{\"@type\":\"BreadcrumbList\",\"@id\":\"https:\/\/www.tomhemps.com\/es\/prs\/vaporizador-cbd-purpleberry\/#breadcrumb\",\"itemListElement\":[{\"@type\":\"ListItem\",\"position\":1,\"name\":\"Startseite\",\"item\":\"https:\/\/www.tomhemps.com\/es\/\"},{\"@type\":\"ListItem\",\"position\":2,\"name\":\"Shop\",\"item\":\"https:\/\/www.tomhemps.com\/es\/shop\/\"},{\"@type\":\"ListItem\",\"position\":3,\"name\":\"Vaporizador boligrafo con cera de CBD Purpleberry\"}]},{\"@type\":\"WebSite\",\"@id\":\"https:\/\/www.tomhemps.com\/es\/#website\",\"url\":\"https:\/\/www.tomhemps.com\/es\/\",\"name\":\"Your CBD Shop | Your CBD Brand | born in Berlin\",\"description\":\"CBD Shop Berlin\",\"publisher\":{\"@id\":\"https:\/\/www.tomhemps.com\/es\/#organization\"},\"potentialAction\":[{\"@type\":\"SearchAction\",\"target\":{\"@type\":\"EntryPoint\",\"urlTemplate\":\"https:\/\/www.tomhemps.com\/es\/?s={search_term_string}\"},\"query-input\":\"required name=search_term_string\"}],\"inLanguage\":\"es\"},{\"@type\":\"Organization\",\"@id\":\"https:\/\/www.tomhemps.com\/es\/#organization\",\"name\":\"Tom Hemp's CBD Shop\",\"alternateName\":\"Tom Hemp's Berlin\",\"url\":\"https:\/\/www.tomhemps.com\/es\/\",\"logo\":{\"@type\":\"ImageObject\",\"inLanguage\":\"es\",\"@id\":\"https:\/\/www.tomhemps.com\/es\/#\/schema\/logo\/image\/\",\"url\":\"https:\/\/www.tomhemps.com\/wp-content\/uploads\/2019\/04\/Logo-2019-e1581413011332.jpg\",\"contentUrl\":\"https:\/\/www.tomhemps.com\/wp-content\/uploads\/2019\/04\/Logo-2019-e1581413011332.jpg\",\"width\":460,\"height\":153,\"caption\":\"Tom Hemp's CBD Shop\"},\"image\":{\"@id\":\"https:\/\/www.tomhemps.com\/es\/#\/schema\/logo\/image\/\"},\"sameAs\":[\"https:\/\/www.facebook.com\/tomhempsberlin\/\",\"https:\/\/www.instagram.com\/tomhemps_cbd\/\",\"https:\/\/www.youtube.com\/channel\/UCbGxDacLx_DRKyder_zVoNw\"]}]}<\/script>\n<!-- \/ Yoast SEO Premium plugin. -->","yoast_head_json":{"title":"Vaporizador boligrafo con cera de CBD Purpleberry x Tom Hemp's","description":"Todo en Uno CBD Wax Vape Pen Purpleberry: Bol\u00edgrafo recargable con bater\u00eda 510 y cera CBD de alta calidad. F\u00e1cil de usar con un dise\u00f1o perfecto.","robots":{"index":"index","follow":"follow","max-snippet":"max-snippet:-1","max-image-preview":"max-image-preview:large","max-video-preview":"max-video-preview:-1"},"canonical":"https:\/\/www.tomhemps.com\/es\/prs\/vaporizador-cbd-purpleberry\/","og_locale":"es_ES","og_type":"article","og_title":"Vaporizador boligrafo con cera de CBD Purpleberry","og_description":"Todo en Uno CBD Wax Vape Pen Purpleberry: Bol\u00edgrafo recargable con bater\u00eda 510 y cera CBD de alta calidad. F\u00e1cil de usar con un dise\u00f1o perfecto.","og_url":"https:\/\/www.tomhemps.com\/es\/prs\/vaporizador-cbd-purpleberry\/","og_site_name":"Your CBD Shop | Your CBD Brand | born in Berlin","article_publisher":"https:\/\/www.facebook.com\/tomhempsberlin\/","article_modified_time":"2026-04-09T10:27:01+00:00","og_image":[{"width":1780,"height":1600,"url":"https:\/\/www.tomhemps.com\/wp-content\/uploads\/2025\/01\/Tom_Hemps_product_slim_pen_box_purpleberry_3-min.png","type":"image\/png"}],"twitter_card":"summary_large_image","twitter_misc":{"Tiempo de lectura":"2 minutos"},"schema":{"@context":"https:\/\/schema.org","@graph":[{"@type":"WebPage","@id":"https:\/\/www.tomhemps.com\/es\/prs\/vaporizador-cbd-purpleberry\/","url":"https:\/\/www.tomhemps.com\/es\/prs\/vaporizador-cbd-purpleberry\/","name":"Vaporizador boligrafo con cera de CBD Purpleberry x Tom Hemp's","isPartOf":{"@id":"https:\/\/www.tomhemps.com\/es\/#website"},"primaryImageOfPage":{"@id":"https:\/\/www.tomhemps.com\/es\/prs\/vaporizador-cbd-purpleberry\/#primaryimage"},"image":{"@id":"https:\/\/www.tomhemps.com\/es\/prs\/vaporizador-cbd-purpleberry\/#primaryimage"},"thumbnailUrl":"https:\/\/www.tomhemps.com\/wp-content\/uploads\/2025\/01\/Tom_Hemps_product_slim_pen_box_purpleberry_3-min.png","datePublished":"2025-01-20T21:47:33+00:00","dateModified":"2026-04-09T10:27:01+00:00","description":"Todo en Uno CBD Wax Vape Pen Purpleberry: Bol\u00edgrafo recargable con bater\u00eda 510 y cera CBD de alta calidad. F\u00e1cil de usar con un dise\u00f1o perfecto.","breadcrumb":{"@id":"https:\/\/www.tomhemps.com\/es\/prs\/vaporizador-cbd-purpleberry\/#breadcrumb"},"inLanguage":"es","potentialAction":[{"@type":"ReadAction","target":["https:\/\/www.tomhemps.com\/es\/prs\/vaporizador-cbd-purpleberry\/"]}]},{"@type":"ImageObject","inLanguage":"es","@id":"https:\/\/www.tomhemps.com\/es\/prs\/vaporizador-cbd-purpleberry\/#primaryimage","url":"https:\/\/www.tomhemps.com\/wp-content\/uploads\/2025\/01\/Tom_Hemps_product_slim_pen_box_purpleberry_3-min.png","contentUrl":"https:\/\/www.tomhemps.com\/wp-content\/uploads\/2025\/01\/Tom_Hemps_product_slim_pen_box_purpleberry_3-min.png","width":1780,"height":1600},{"@type":"BreadcrumbList","@id":"https:\/\/www.tomhemps.com\/es\/prs\/vaporizador-cbd-purpleberry\/#breadcrumb","itemListElement":[{"@type":"ListItem","position":1,"name":"Startseite","item":"https:\/\/www.tomhemps.com\/es\/"},{"@type":"ListItem","position":2,"name":"Shop","item":"https:\/\/www.tomhemps.com\/es\/shop\/"},{"@type":"ListItem","position":3,"name":"Vaporizador boligrafo con cera de CBD Purpleberry"}]},{"@type":"WebSite","@id":"https:\/\/www.tomhemps.com\/es\/#website","url":"https:\/\/www.tomhemps.com\/es\/","name":"Your CBD Shop | Your CBD Brand | born in Berlin","description":"CBD Shop Berlin","publisher":{"@id":"https:\/\/www.tomhemps.com\/es\/#organization"},"potentialAction":[{"@type":"SearchAction","target":{"@type":"EntryPoint","urlTemplate":"https:\/\/www.tomhemps.com\/es\/?s={search_term_string}"},"query-input":"required name=search_term_string"}],"inLanguage":"es"},{"@type":"Organization","@id":"https:\/\/www.tomhemps.com\/es\/#organization","name":"Tom Hemp's CBD Shop","alternateName":"Tom Hemp's Berlin","url":"https:\/\/www.tomhemps.com\/es\/","logo":{"@type":"ImageObject","inLanguage":"es","@id":"https:\/\/www.tomhemps.com\/es\/#\/schema\/logo\/image\/","url":"https:\/\/www.tomhemps.com\/wp-content\/uploads\/2019\/04\/Logo-2019-e1581413011332.jpg","contentUrl":"https:\/\/www.tomhemps.com\/wp-content\/uploads\/2019\/04\/Logo-2019-e1581413011332.jpg","width":460,"height":153,"caption":"Tom Hemp's CBD Shop"},"image":{"@id":"https:\/\/www.tomhemps.com\/es\/#\/schema\/logo\/image\/"},"sameAs":["https:\/\/www.facebook.com\/tomhempsberlin\/","https:\/\/www.instagram.com\/tomhemps_cbd\/","https:\/\/www.youtube.com\/channel\/UCbGxDacLx_DRKyder_zVoNw"]}]}},"fields":{"pi_tot":"M\u00e1s detalles","pi_to":"<p><strong>Instrucciones de uso:<\/strong><\/p>\n<ol>\n<li><strong>Montaje:<\/strong> Conecte el cartucho a la bater\u00eda del vape pen.<\/li>\n<li><strong>Activaci\u00f3n e inhalaci\u00f3n:<\/strong> Encienda el dispositivo e inhale simult\u00e1neamente a trav\u00e9s de la boquilla.<\/li>\n<li><strong>Control de consumo:<\/strong> Comience con caladas peque\u00f1as, inhalando durante unos 5 a 8 segundos en la primera calada.<\/li>\n<\/ol>\n<p><strong>\u00bfPor qu\u00e9 elegir el CBD Wax Vape Pen todo en uno?<\/strong><\/p>\n<ul>\n<li><strong>Facilidad de uso:<\/strong> Simplemente monte, cargue e inhale.<\/li>\n<li><strong>Variedad de sabores:<\/strong> Cepas de alta calidad como Purpleberry, Alien Haze y Natural ofrecen experiencias diversas.<\/li>\n<li><strong>Dise\u00f1o pr\u00e1ctico:<\/strong> Tama\u00f1o compacto, f\u00e1cil de transportar, con una boquilla elegante.<\/li>\n<li><strong>Sostenible y recargable:<\/strong> Equipado con una bater\u00eda de rosca 510 que es f\u00e1cil de recargar y ofrece un uso duradero.<\/li>\n<\/ul>\n","pi_tst":"Caracter\u00edsticas","pi_ts":"<p><strong>Caracter\u00edsticas principales:<\/strong><\/p>\n<ul>\n<li><strong>Ingredientes:<\/strong> Extracto de c\u00e1\u00f1amo, terpenos<\/li>\n<li><strong>Espectro amplio:<\/strong> Contiene una variedad de cannabinoides<\/li>\n<li><strong>Contenido de cannabinoides:<\/strong> 850 mg\n<ul>\n<li><strong>CBD:<\/strong> 70%<\/li>\n<li><strong>CBG:<\/strong> 15%<\/li>\n<li><strong>CBDV:<\/strong> 0,2-0,5%<\/li>\n<li><strong>THC:<\/strong> Menos de 0,2%<\/li>\n<\/ul>\n<\/li>\n<li><strong>Perfil de sabor:<\/strong> Afrutado, tropical, ciruela<\/li>\n<\/ul>\n<p><strong>El set del Vape Pen incluye:<\/strong><\/p>\n<ul>\n<li>Atomizador con tecnolog\u00eda CCELL y elemento calefactor de cer\u00e1mica porosa<\/li>\n<li>Activaci\u00f3n por inhalaci\u00f3n<\/li>\n<li>Bater\u00eda de 200 mAh Li-ion<\/li>\n<li>Cartucho de vidrio de 1 ml<\/li>\n<li>Cargador USB<\/li>\n<li>Boquilla de rosca<\/li>\n<li>Adecuado para viscosidades de hasta 110.000 cPs<\/li>\n<\/ul>\n","smoking_product":true,"pi_dd":false,"pi_t":130157,"pi_hd":561738,"pi_hm":561738},"_links":{"self":[{"href":"https:\/\/www.tomhemps.com\/es\/wp-json\/wp\/v2\/product\/628919"}],"collection":[{"href":"https:\/\/www.tomhemps.com\/es\/wp-json\/wp\/v2\/product"}],"about":[{"href":"https:\/\/www.tomhemps.com\/es\/wp-json\/wp\/v2\/types\/product"}],"replies":[{"embeddable":true,"href":"https:\/\/www.tomhemps.com\/es\/wp-json\/wp\/v2\/comments?post=628919"}],"wp:featuredmedia":[{"embeddable":true,"href":"https:\/\/www.tomhemps.com\/es\/wp-json\/wp\/v2\/media\/628932"}],"wp:attachment":[{"href":"https:\/\/www.tomhemps.com\/es\/wp-json\/wp\/v2\/media?parent=628919"}],"wp:term":[{"taxonomy":"product_cat","embeddable":true,"href":"https:\/\/www.tomhemps.com\/es\/wp-json\/wp\/v2\/product_cat?post=628919"},{"taxonomy":"product_tag","embeddable":true,"href":"https:\/\/www.tomhemps.com\/es\/wp-json\/wp\/v2\/product_tag?post=628919"}],"curies":[{"name":"wp","href":"https:\/\/api.w.org\/{rel}","templated":true}]}}