{"id":635130,"date":"2025-07-09T18:22:30","date_gmt":"2025-07-09T16:22:30","guid":{"rendered":"https:\/\/www.tomhemps.com\/?post_type=product&#038;p=635130"},"modified":"2025-12-08T23:00:05","modified_gmt":"2025-12-08T22:00:05","slug":"thcrew-silicon-ashtray-kopie-kopie","status":"publish","type":"product","link":"https:\/\/www.tomhemps.com\/es\/prs\/thcrew-silicon-ashtray-kopie-kopie\/","title":{"rendered":"THCrew Cenicero de silicona Arco\u00edris"},"content":{"rendered":"","protected":false},"excerpt":{"rendered":"<p>El cenicero de silicona THCrew en color verde lima es nuestra respuesta a los accesorios de fumador con estilo. Fabricado con silicona de alta calidad y resistente al calor, este cenicero es irrompible, f\u00e1cil de limpiar y perfecto para el uso diario tanto dentro como fuera de casa. M\u00e1s que pr\u00e1ctico, el cenicero de silicona THCrew es una verdadera declaraci\u00f3n de individualidad y estilo. Tambi\u00e9n disponible en morado, lime green y camuflaje.<\/p>\n","protected":false},"featured_media":576844,"comment_status":"open","ping_status":"closed","template":"","meta":{"_acf_changed":false},"product_cat":[2595,636],"product_tag":[],"acf":[],"yoast_head":"<!-- This site is optimized with the Yoast SEO Premium plugin v22.8 (Yoast SEO v22.8) - https:\/\/yoast.com\/wordpress\/plugins\/seo\/ -->\n<title>Cenicero de silicona Arco\u00edris<\/title>\n<meta name=\"description\" content=\"Cenicero de silicona Arco\u00edris elegante y resistente al calor de THCrew: irrompible, f\u00e1cil de limpiar y perfecto para usar tanto en interiores como en exteriores.\" \/>\n<meta name=\"robots\" content=\"index, follow, max-snippet:-1, max-image-preview:large, max-video-preview:-1\" \/>\n<link rel=\"canonical\" href=\"https:\/\/www.tomhemps.com\/es\/prs\/thcrew-silicon-ashtray-kopie-kopie\/\" \/>\n<meta property=\"og:locale\" content=\"es_ES\" \/>\n<meta property=\"og:type\" content=\"article\" \/>\n<meta property=\"og:title\" content=\"THCrew Cenicero de silicona Arco\u00edris\" \/>\n<meta property=\"og:description\" content=\"Cenicero de silicona Arco\u00edris elegante y resistente al calor de THCrew: irrompible, f\u00e1cil de limpiar y perfecto para usar tanto en interiores como en exteriores.\" \/>\n<meta property=\"og:url\" content=\"https:\/\/www.tomhemps.com\/es\/prs\/thcrew-silicon-ashtray-kopie-kopie\/\" \/>\n<meta property=\"og:site_name\" content=\"Your CBD Shop | Your CBD Brand | born in Berlin\" \/>\n<meta property=\"article:publisher\" content=\"https:\/\/www.facebook.com\/tomhempsberlin\/\" \/>\n<meta property=\"article:modified_time\" content=\"2025-12-08T22:00:05+00:00\" \/>\n<meta property=\"og:image\" content=\"https:\/\/www.tomhemps.com\/wp-content\/uploads\/2023\/07\/TH-products-680x850-silicon-ashtray-tie-dye.png\" \/>\n\t<meta property=\"og:image:width\" content=\"680\" \/>\n\t<meta property=\"og:image:height\" content=\"850\" \/>\n\t<meta property=\"og:image:type\" content=\"image\/png\" \/>\n<meta name=\"twitter:card\" content=\"summary_large_image\" \/>\n<meta name=\"twitter:label1\" content=\"Tiempo de lectura\" \/>\n\t<meta name=\"twitter:data1\" content=\"1 minuto\" \/>\n<script type=\"application\/ld+json\" class=\"yoast-schema-graph\">{\"@context\":\"https:\/\/schema.org\",\"@graph\":[{\"@type\":\"WebPage\",\"@id\":\"https:\/\/www.tomhemps.com\/es\/prs\/thcrew-silicon-ashtray-kopie-kopie\/\",\"url\":\"https:\/\/www.tomhemps.com\/es\/prs\/thcrew-silicon-ashtray-kopie-kopie\/\",\"name\":\"Cenicero de silicona Arco\u00edris\",\"isPartOf\":{\"@id\":\"https:\/\/www.tomhemps.com\/es\/#website\"},\"primaryImageOfPage\":{\"@id\":\"https:\/\/www.tomhemps.com\/es\/prs\/thcrew-silicon-ashtray-kopie-kopie\/#primaryimage\"},\"image\":{\"@id\":\"https:\/\/www.tomhemps.com\/es\/prs\/thcrew-silicon-ashtray-kopie-kopie\/#primaryimage\"},\"thumbnailUrl\":\"https:\/\/www.tomhemps.com\/wp-content\/uploads\/2023\/07\/TH-products-680x850-silicon-ashtray-tie-dye.png\",\"datePublished\":\"2025-07-09T16:22:30+00:00\",\"dateModified\":\"2025-12-08T22:00:05+00:00\",\"description\":\"Cenicero de silicona Arco\u00edris elegante y resistente al calor de THCrew: irrompible, f\u00e1cil de limpiar y perfecto para usar tanto en interiores como en exteriores.\",\"breadcrumb\":{\"@id\":\"https:\/\/www.tomhemps.com\/es\/prs\/thcrew-silicon-ashtray-kopie-kopie\/#breadcrumb\"},\"inLanguage\":\"es\",\"potentialAction\":[{\"@type\":\"ReadAction\",\"target\":[\"https:\/\/www.tomhemps.com\/es\/prs\/thcrew-silicon-ashtray-kopie-kopie\/\"]}]},{\"@type\":\"ImageObject\",\"inLanguage\":\"es\",\"@id\":\"https:\/\/www.tomhemps.com\/es\/prs\/thcrew-silicon-ashtray-kopie-kopie\/#primaryimage\",\"url\":\"https:\/\/www.tomhemps.com\/wp-content\/uploads\/2023\/07\/TH-products-680x850-silicon-ashtray-tie-dye.png\",\"contentUrl\":\"https:\/\/www.tomhemps.com\/wp-content\/uploads\/2023\/07\/TH-products-680x850-silicon-ashtray-tie-dye.png\",\"width\":680,\"height\":850},{\"@type\":\"BreadcrumbList\",\"@id\":\"https:\/\/www.tomhemps.com\/es\/prs\/thcrew-silicon-ashtray-kopie-kopie\/#breadcrumb\",\"itemListElement\":[{\"@type\":\"ListItem\",\"position\":1,\"name\":\"Startseite\",\"item\":\"https:\/\/www.tomhemps.com\/es\/\"},{\"@type\":\"ListItem\",\"position\":2,\"name\":\"Shop\",\"item\":\"https:\/\/www.tomhemps.com\/es\/shop\/\"},{\"@type\":\"ListItem\",\"position\":3,\"name\":\"THCrew Cenicero de silicona Arco\u00edris\"}]},{\"@type\":\"WebSite\",\"@id\":\"https:\/\/www.tomhemps.com\/es\/#website\",\"url\":\"https:\/\/www.tomhemps.com\/es\/\",\"name\":\"Your CBD Shop | Your CBD Brand | born in Berlin\",\"description\":\"CBD Shop Berlin\",\"publisher\":{\"@id\":\"https:\/\/www.tomhemps.com\/es\/#organization\"},\"potentialAction\":[{\"@type\":\"SearchAction\",\"target\":{\"@type\":\"EntryPoint\",\"urlTemplate\":\"https:\/\/www.tomhemps.com\/es\/?s={search_term_string}\"},\"query-input\":\"required name=search_term_string\"}],\"inLanguage\":\"es\"},{\"@type\":\"Organization\",\"@id\":\"https:\/\/www.tomhemps.com\/es\/#organization\",\"name\":\"Tom Hemp's CBD Shop\",\"alternateName\":\"Tom Hemp's Berlin\",\"url\":\"https:\/\/www.tomhemps.com\/es\/\",\"logo\":{\"@type\":\"ImageObject\",\"inLanguage\":\"es\",\"@id\":\"https:\/\/www.tomhemps.com\/es\/#\/schema\/logo\/image\/\",\"url\":\"https:\/\/www.tomhemps.com\/wp-content\/uploads\/2019\/04\/Logo-2019-e1581413011332.jpg\",\"contentUrl\":\"https:\/\/www.tomhemps.com\/wp-content\/uploads\/2019\/04\/Logo-2019-e1581413011332.jpg\",\"width\":460,\"height\":153,\"caption\":\"Tom Hemp's CBD Shop\"},\"image\":{\"@id\":\"https:\/\/www.tomhemps.com\/es\/#\/schema\/logo\/image\/\"},\"sameAs\":[\"https:\/\/www.facebook.com\/tomhempsberlin\/\",\"https:\/\/www.instagram.com\/tomhemps_cbd\/\",\"https:\/\/www.youtube.com\/channel\/UCbGxDacLx_DRKyder_zVoNw\"]}]}<\/script>\n<!-- \/ Yoast SEO Premium plugin. -->","yoast_head_json":{"title":"Cenicero de silicona Arco\u00edris","description":"Cenicero de silicona Arco\u00edris elegante y resistente al calor de THCrew: irrompible, f\u00e1cil de limpiar y perfecto para usar tanto en interiores como en exteriores.","robots":{"index":"index","follow":"follow","max-snippet":"max-snippet:-1","max-image-preview":"max-image-preview:large","max-video-preview":"max-video-preview:-1"},"canonical":"https:\/\/www.tomhemps.com\/es\/prs\/thcrew-silicon-ashtray-kopie-kopie\/","og_locale":"es_ES","og_type":"article","og_title":"THCrew Cenicero de silicona Arco\u00edris","og_description":"Cenicero de silicona Arco\u00edris elegante y resistente al calor de THCrew: irrompible, f\u00e1cil de limpiar y perfecto para usar tanto en interiores como en exteriores.","og_url":"https:\/\/www.tomhemps.com\/es\/prs\/thcrew-silicon-ashtray-kopie-kopie\/","og_site_name":"Your CBD Shop | Your CBD Brand | born in Berlin","article_publisher":"https:\/\/www.facebook.com\/tomhempsberlin\/","article_modified_time":"2025-12-08T22:00:05+00:00","og_image":[{"width":680,"height":850,"url":"https:\/\/www.tomhemps.com\/wp-content\/uploads\/2023\/07\/TH-products-680x850-silicon-ashtray-tie-dye.png","type":"image\/png"}],"twitter_card":"summary_large_image","twitter_misc":{"Tiempo de lectura":"1 minuto"},"schema":{"@context":"https:\/\/schema.org","@graph":[{"@type":"WebPage","@id":"https:\/\/www.tomhemps.com\/es\/prs\/thcrew-silicon-ashtray-kopie-kopie\/","url":"https:\/\/www.tomhemps.com\/es\/prs\/thcrew-silicon-ashtray-kopie-kopie\/","name":"Cenicero de silicona Arco\u00edris","isPartOf":{"@id":"https:\/\/www.tomhemps.com\/es\/#website"},"primaryImageOfPage":{"@id":"https:\/\/www.tomhemps.com\/es\/prs\/thcrew-silicon-ashtray-kopie-kopie\/#primaryimage"},"image":{"@id":"https:\/\/www.tomhemps.com\/es\/prs\/thcrew-silicon-ashtray-kopie-kopie\/#primaryimage"},"thumbnailUrl":"https:\/\/www.tomhemps.com\/wp-content\/uploads\/2023\/07\/TH-products-680x850-silicon-ashtray-tie-dye.png","datePublished":"2025-07-09T16:22:30+00:00","dateModified":"2025-12-08T22:00:05+00:00","description":"Cenicero de silicona Arco\u00edris elegante y resistente al calor de THCrew: irrompible, f\u00e1cil de limpiar y perfecto para usar tanto en interiores como en exteriores.","breadcrumb":{"@id":"https:\/\/www.tomhemps.com\/es\/prs\/thcrew-silicon-ashtray-kopie-kopie\/#breadcrumb"},"inLanguage":"es","potentialAction":[{"@type":"ReadAction","target":["https:\/\/www.tomhemps.com\/es\/prs\/thcrew-silicon-ashtray-kopie-kopie\/"]}]},{"@type":"ImageObject","inLanguage":"es","@id":"https:\/\/www.tomhemps.com\/es\/prs\/thcrew-silicon-ashtray-kopie-kopie\/#primaryimage","url":"https:\/\/www.tomhemps.com\/wp-content\/uploads\/2023\/07\/TH-products-680x850-silicon-ashtray-tie-dye.png","contentUrl":"https:\/\/www.tomhemps.com\/wp-content\/uploads\/2023\/07\/TH-products-680x850-silicon-ashtray-tie-dye.png","width":680,"height":850},{"@type":"BreadcrumbList","@id":"https:\/\/www.tomhemps.com\/es\/prs\/thcrew-silicon-ashtray-kopie-kopie\/#breadcrumb","itemListElement":[{"@type":"ListItem","position":1,"name":"Startseite","item":"https:\/\/www.tomhemps.com\/es\/"},{"@type":"ListItem","position":2,"name":"Shop","item":"https:\/\/www.tomhemps.com\/es\/shop\/"},{"@type":"ListItem","position":3,"name":"THCrew Cenicero de silicona Arco\u00edris"}]},{"@type":"WebSite","@id":"https:\/\/www.tomhemps.com\/es\/#website","url":"https:\/\/www.tomhemps.com\/es\/","name":"Your CBD Shop | Your CBD Brand | born in Berlin","description":"CBD Shop Berlin","publisher":{"@id":"https:\/\/www.tomhemps.com\/es\/#organization"},"potentialAction":[{"@type":"SearchAction","target":{"@type":"EntryPoint","urlTemplate":"https:\/\/www.tomhemps.com\/es\/?s={search_term_string}"},"query-input":"required name=search_term_string"}],"inLanguage":"es"},{"@type":"Organization","@id":"https:\/\/www.tomhemps.com\/es\/#organization","name":"Tom Hemp's CBD Shop","alternateName":"Tom Hemp's Berlin","url":"https:\/\/www.tomhemps.com\/es\/","logo":{"@type":"ImageObject","inLanguage":"es","@id":"https:\/\/www.tomhemps.com\/es\/#\/schema\/logo\/image\/","url":"https:\/\/www.tomhemps.com\/wp-content\/uploads\/2019\/04\/Logo-2019-e1581413011332.jpg","contentUrl":"https:\/\/www.tomhemps.com\/wp-content\/uploads\/2019\/04\/Logo-2019-e1581413011332.jpg","width":460,"height":153,"caption":"Tom Hemp's CBD Shop"},"image":{"@id":"https:\/\/www.tomhemps.com\/es\/#\/schema\/logo\/image\/"},"sameAs":["https:\/\/www.facebook.com\/tomhempsberlin\/","https:\/\/www.instagram.com\/tomhemps_cbd\/","https:\/\/www.youtube.com\/channel\/UCbGxDacLx_DRKyder_zVoNw"]}]}},"fields":{"smoking_product":false,"pi_hd":false,"pi_hm":false,"pi_tot":"\u00bfQu\u00e9 hay dentro?","pi_to":"<p>1x Cenicero de silicona Arco\u00edris<\/p>\n","pi_tst":"M\u00e1s detalles","pi_ts":"<ul>\n<li>Di\u00e1metro: \u00d8 90 mm<\/li>\n<li>Silicona flexible y resistente al calor: sin marcas de quemaduras, sin roturas<\/li>\n<li>Disponible en cuatro colores de tendencia: dise\u00f1o para todos los gustos<\/li>\n<li>F\u00e1cil de limpiar: apto para lavavajillas y resistente a la suciedad<\/li>\n<li>Vers\u00e1til: ideal para cigarrillos, porros, puros o pipas<\/li>\n<li>Apto para uso en exteriores<\/li>\n<\/ul>\n","pi_dd":576844,"pi_t":130157},"_links":{"self":[{"href":"https:\/\/www.tomhemps.com\/es\/wp-json\/wp\/v2\/product\/635130"}],"collection":[{"href":"https:\/\/www.tomhemps.com\/es\/wp-json\/wp\/v2\/product"}],"about":[{"href":"https:\/\/www.tomhemps.com\/es\/wp-json\/wp\/v2\/types\/product"}],"replies":[{"embeddable":true,"href":"https:\/\/www.tomhemps.com\/es\/wp-json\/wp\/v2\/comments?post=635130"}],"wp:featuredmedia":[{"embeddable":true,"href":"https:\/\/www.tomhemps.com\/es\/wp-json\/wp\/v2\/media\/576844"}],"wp:attachment":[{"href":"https:\/\/www.tomhemps.com\/es\/wp-json\/wp\/v2\/media?parent=635130"}],"wp:term":[{"taxonomy":"product_cat","embeddable":true,"href":"https:\/\/www.tomhemps.com\/es\/wp-json\/wp\/v2\/product_cat?post=635130"},{"taxonomy":"product_tag","embeddable":true,"href":"https:\/\/www.tomhemps.com\/es\/wp-json\/wp\/v2\/product_tag?post=635130"}],"curies":[{"name":"wp","href":"https:\/\/api.w.org\/{rel}","templated":true}]}}