{"id":635194,"date":"2025-04-16T21:30:25","date_gmt":"2025-07-10T13:32:04","guid":{"rendered":"https:\/\/www.tomhemps.com\/pr\/bloque-de-cultivo-de-lana-de-roca-grodan\/"},"modified":"2025-07-10T15:32:04","modified_gmt":"2025-07-10T13:32:04","slug":"bloque-de-cultivo-de-lana-de-roca-grodan","status":"publish","type":"product","link":"https:\/\/www.tomhemps.com\/es\/prs\/bloque-de-cultivo-de-lana-de-roca-grodan\/","title":{"rendered":"BLOQUE DE CULTIVO DE LANA DE ROCA GRODAN"},"content":{"rendered":"","protected":false},"excerpt":{"rendered":"<p><strong>Los bloques de propagaci\u00f3n Grodan<\/strong> son clave para el cultivo de semillas y pl\u00e1ntulas. Se ha mejorado la distribuci\u00f3n del agua, lo que permite un uso m\u00e1s eficiente de todo el volumen del sustrato. El crecimiento continuo de las ra\u00edces en el plant\u00f3n garantiza una planta m\u00e1s sana y vigorosa durante toda la temporada de crecimiento. Estos beneficios se traducen en mayores rendimientos, mejor calidad de la fruta y menor susceptibilidad de la planta a las enfermedades.   <\/p>\n","protected":false},"featured_media":632136,"comment_status":"open","ping_status":"closed","template":"","meta":{"_acf_changed":false},"product_cat":[2836,4988],"product_tag":[],"acf":[],"yoast_head":"<!-- This site is optimized with the Yoast SEO Premium plugin v22.8 (Yoast SEO v22.8) - https:\/\/yoast.com\/wordpress\/plugins\/seo\/ -->\n<title>Bloque de cultivo de lana de roca x Grodan<\/title>\n<meta name=\"description\" content=\"Bloque de propagaci\u00f3n de lana de roca para un cultivo eficiente de plantas, ideal para esquejes y semillas. \u00d3ptima retenci\u00f3n de agua y nutrientes.\" \/>\n<meta name=\"robots\" content=\"index, follow, max-snippet:-1, max-image-preview:large, max-video-preview:-1\" \/>\n<link rel=\"canonical\" href=\"https:\/\/www.tomhemps.com\/es\/prs\/bloque-de-cultivo-de-lana-de-roca-grodan\/\" \/>\n<meta property=\"og:locale\" content=\"es_ES\" \/>\n<meta property=\"og:type\" content=\"article\" \/>\n<meta property=\"og:title\" content=\"BLOQUE DE CULTIVO DE LANA DE ROCA GRODAN\" \/>\n<meta property=\"og:description\" content=\"Bloque de propagaci\u00f3n de lana de roca para un cultivo eficiente de plantas, ideal para esquejes y semillas. \u00d3ptima retenci\u00f3n de agua y nutrientes.\" \/>\n<meta property=\"og:url\" content=\"https:\/\/www.tomhemps.com\/es\/prs\/bloque-de-cultivo-de-lana-de-roca-grodan\/\" \/>\n<meta property=\"og:site_name\" content=\"Your CBD Shop | Your CBD Brand | born in Berlin\" \/>\n<meta property=\"article:publisher\" content=\"https:\/\/www.facebook.com\/tomhempsberlin\/\" \/>\n<meta property=\"og:image\" content=\"https:\/\/www.tomhemps.com\/wp-content\/uploads\/2019\/02\/Tom_Hemps_header_logo-clouds.jpg\" \/>\n\t<meta property=\"og:image:width\" content=\"1536\" \/>\n\t<meta property=\"og:image:height\" content=\"1000\" \/>\n\t<meta property=\"og:image:type\" content=\"image\/jpeg\" \/>\n<meta name=\"twitter:card\" content=\"summary_large_image\" \/>\n<script type=\"application\/ld+json\" class=\"yoast-schema-graph\">{\"@context\":\"https:\/\/schema.org\",\"@graph\":[{\"@type\":\"WebPage\",\"@id\":\"https:\/\/www.tomhemps.com\/es\/prs\/bloque-de-cultivo-de-lana-de-roca-grodan\/\",\"url\":\"https:\/\/www.tomhemps.com\/es\/prs\/bloque-de-cultivo-de-lana-de-roca-grodan\/\",\"name\":\"Bloque de cultivo de lana de roca x Grodan\",\"isPartOf\":{\"@id\":\"https:\/\/www.tomhemps.com\/es\/#website\"},\"primaryImageOfPage\":{\"@id\":\"https:\/\/www.tomhemps.com\/es\/prs\/bloque-de-cultivo-de-lana-de-roca-grodan\/#primaryimage\"},\"image\":{\"@id\":\"https:\/\/www.tomhemps.com\/es\/prs\/bloque-de-cultivo-de-lana-de-roca-grodan\/#primaryimage\"},\"thumbnailUrl\":\"https:\/\/www.tomhemps.com\/wp-content\/uploads\/2025\/04\/Grodan-steinwoll-big-block.png\",\"datePublished\":\"2025-07-10T13:32:04+00:00\",\"dateModified\":\"2025-07-10T13:32:04+00:00\",\"description\":\"Bloque de propagaci\u00f3n de lana de roca para un cultivo eficiente de plantas, ideal para esquejes y semillas. \u00d3ptima retenci\u00f3n de agua y nutrientes.\",\"breadcrumb\":{\"@id\":\"https:\/\/www.tomhemps.com\/es\/prs\/bloque-de-cultivo-de-lana-de-roca-grodan\/#breadcrumb\"},\"inLanguage\":\"es\",\"potentialAction\":[{\"@type\":\"ReadAction\",\"target\":[\"https:\/\/www.tomhemps.com\/es\/prs\/bloque-de-cultivo-de-lana-de-roca-grodan\/\"]}]},{\"@type\":\"ImageObject\",\"inLanguage\":\"es\",\"@id\":\"https:\/\/www.tomhemps.com\/es\/prs\/bloque-de-cultivo-de-lana-de-roca-grodan\/#primaryimage\",\"url\":\"https:\/\/www.tomhemps.com\/wp-content\/uploads\/2025\/04\/Grodan-steinwoll-big-block.png\",\"contentUrl\":\"https:\/\/www.tomhemps.com\/wp-content\/uploads\/2025\/04\/Grodan-steinwoll-big-block.png\",\"width\":680,\"height\":850,\"caption\":\"Bloque grande de lana de roca Grodan\"},{\"@type\":\"BreadcrumbList\",\"@id\":\"https:\/\/www.tomhemps.com\/es\/prs\/bloque-de-cultivo-de-lana-de-roca-grodan\/#breadcrumb\",\"itemListElement\":[{\"@type\":\"ListItem\",\"position\":1,\"name\":\"Startseite\",\"item\":\"https:\/\/www.tomhemps.com\/es\/\"},{\"@type\":\"ListItem\",\"position\":2,\"name\":\"Shop\",\"item\":\"https:\/\/www.tomhemps.com\/es\/shop\/\"},{\"@type\":\"ListItem\",\"position\":3,\"name\":\"BLOQUE DE CULTIVO DE LANA DE ROCA GRODAN\"}]},{\"@type\":\"WebSite\",\"@id\":\"https:\/\/www.tomhemps.com\/es\/#website\",\"url\":\"https:\/\/www.tomhemps.com\/es\/\",\"name\":\"Your CBD Shop | Your CBD Brand | born in Berlin\",\"description\":\"CBD Shop Berlin\",\"publisher\":{\"@id\":\"https:\/\/www.tomhemps.com\/es\/#organization\"},\"potentialAction\":[{\"@type\":\"SearchAction\",\"target\":{\"@type\":\"EntryPoint\",\"urlTemplate\":\"https:\/\/www.tomhemps.com\/es\/?s={search_term_string}\"},\"query-input\":\"required name=search_term_string\"}],\"inLanguage\":\"es\"},{\"@type\":\"Organization\",\"@id\":\"https:\/\/www.tomhemps.com\/es\/#organization\",\"name\":\"Tom Hemp's CBD Shop\",\"alternateName\":\"Tom Hemp's Berlin\",\"url\":\"https:\/\/www.tomhemps.com\/es\/\",\"logo\":{\"@type\":\"ImageObject\",\"inLanguage\":\"es\",\"@id\":\"https:\/\/www.tomhemps.com\/es\/#\/schema\/logo\/image\/\",\"url\":\"https:\/\/www.tomhemps.com\/wp-content\/uploads\/2019\/04\/Logo-2019-e1581413011332.jpg\",\"contentUrl\":\"https:\/\/www.tomhemps.com\/wp-content\/uploads\/2019\/04\/Logo-2019-e1581413011332.jpg\",\"width\":460,\"height\":153,\"caption\":\"Tom Hemp's CBD Shop\"},\"image\":{\"@id\":\"https:\/\/www.tomhemps.com\/es\/#\/schema\/logo\/image\/\"},\"sameAs\":[\"https:\/\/www.facebook.com\/tomhempsberlin\/\",\"https:\/\/www.instagram.com\/tomhemps_cbd\/\",\"https:\/\/www.youtube.com\/channel\/UCbGxDacLx_DRKyder_zVoNw\"]}]}<\/script>\n<!-- \/ Yoast SEO Premium plugin. -->","yoast_head_json":{"title":"Bloque de cultivo de lana de roca x Grodan","description":"Bloque de propagaci\u00f3n de lana de roca para un cultivo eficiente de plantas, ideal para esquejes y semillas. \u00d3ptima retenci\u00f3n de agua y nutrientes.","robots":{"index":"index","follow":"follow","max-snippet":"max-snippet:-1","max-image-preview":"max-image-preview:large","max-video-preview":"max-video-preview:-1"},"canonical":"https:\/\/www.tomhemps.com\/es\/prs\/bloque-de-cultivo-de-lana-de-roca-grodan\/","og_locale":"es_ES","og_type":"article","og_title":"BLOQUE DE CULTIVO DE LANA DE ROCA GRODAN","og_description":"Bloque de propagaci\u00f3n de lana de roca para un cultivo eficiente de plantas, ideal para esquejes y semillas. \u00d3ptima retenci\u00f3n de agua y nutrientes.","og_url":"https:\/\/www.tomhemps.com\/es\/prs\/bloque-de-cultivo-de-lana-de-roca-grodan\/","og_site_name":"Your CBD Shop | Your CBD Brand | born in Berlin","article_publisher":"https:\/\/www.facebook.com\/tomhempsberlin\/","og_image":[{"width":1536,"height":1000,"url":"https:\/\/www.tomhemps.com\/wp-content\/uploads\/2019\/02\/Tom_Hemps_header_logo-clouds.jpg","type":"image\/jpeg"}],"twitter_card":"summary_large_image","schema":{"@context":"https:\/\/schema.org","@graph":[{"@type":"WebPage","@id":"https:\/\/www.tomhemps.com\/es\/prs\/bloque-de-cultivo-de-lana-de-roca-grodan\/","url":"https:\/\/www.tomhemps.com\/es\/prs\/bloque-de-cultivo-de-lana-de-roca-grodan\/","name":"Bloque de cultivo de lana de roca x Grodan","isPartOf":{"@id":"https:\/\/www.tomhemps.com\/es\/#website"},"primaryImageOfPage":{"@id":"https:\/\/www.tomhemps.com\/es\/prs\/bloque-de-cultivo-de-lana-de-roca-grodan\/#primaryimage"},"image":{"@id":"https:\/\/www.tomhemps.com\/es\/prs\/bloque-de-cultivo-de-lana-de-roca-grodan\/#primaryimage"},"thumbnailUrl":"https:\/\/www.tomhemps.com\/wp-content\/uploads\/2025\/04\/Grodan-steinwoll-big-block.png","datePublished":"2025-07-10T13:32:04+00:00","dateModified":"2025-07-10T13:32:04+00:00","description":"Bloque de propagaci\u00f3n de lana de roca para un cultivo eficiente de plantas, ideal para esquejes y semillas. \u00d3ptima retenci\u00f3n de agua y nutrientes.","breadcrumb":{"@id":"https:\/\/www.tomhemps.com\/es\/prs\/bloque-de-cultivo-de-lana-de-roca-grodan\/#breadcrumb"},"inLanguage":"es","potentialAction":[{"@type":"ReadAction","target":["https:\/\/www.tomhemps.com\/es\/prs\/bloque-de-cultivo-de-lana-de-roca-grodan\/"]}]},{"@type":"ImageObject","inLanguage":"es","@id":"https:\/\/www.tomhemps.com\/es\/prs\/bloque-de-cultivo-de-lana-de-roca-grodan\/#primaryimage","url":"https:\/\/www.tomhemps.com\/wp-content\/uploads\/2025\/04\/Grodan-steinwoll-big-block.png","contentUrl":"https:\/\/www.tomhemps.com\/wp-content\/uploads\/2025\/04\/Grodan-steinwoll-big-block.png","width":680,"height":850,"caption":"Bloque grande de lana de roca Grodan"},{"@type":"BreadcrumbList","@id":"https:\/\/www.tomhemps.com\/es\/prs\/bloque-de-cultivo-de-lana-de-roca-grodan\/#breadcrumb","itemListElement":[{"@type":"ListItem","position":1,"name":"Startseite","item":"https:\/\/www.tomhemps.com\/es\/"},{"@type":"ListItem","position":2,"name":"Shop","item":"https:\/\/www.tomhemps.com\/es\/shop\/"},{"@type":"ListItem","position":3,"name":"BLOQUE DE CULTIVO DE LANA DE ROCA GRODAN"}]},{"@type":"WebSite","@id":"https:\/\/www.tomhemps.com\/es\/#website","url":"https:\/\/www.tomhemps.com\/es\/","name":"Your CBD Shop | Your CBD Brand | born in Berlin","description":"CBD Shop Berlin","publisher":{"@id":"https:\/\/www.tomhemps.com\/es\/#organization"},"potentialAction":[{"@type":"SearchAction","target":{"@type":"EntryPoint","urlTemplate":"https:\/\/www.tomhemps.com\/es\/?s={search_term_string}"},"query-input":"required name=search_term_string"}],"inLanguage":"es"},{"@type":"Organization","@id":"https:\/\/www.tomhemps.com\/es\/#organization","name":"Tom Hemp's CBD Shop","alternateName":"Tom Hemp's Berlin","url":"https:\/\/www.tomhemps.com\/es\/","logo":{"@type":"ImageObject","inLanguage":"es","@id":"https:\/\/www.tomhemps.com\/es\/#\/schema\/logo\/image\/","url":"https:\/\/www.tomhemps.com\/wp-content\/uploads\/2019\/04\/Logo-2019-e1581413011332.jpg","contentUrl":"https:\/\/www.tomhemps.com\/wp-content\/uploads\/2019\/04\/Logo-2019-e1581413011332.jpg","width":460,"height":153,"caption":"Tom Hemp's CBD Shop"},"image":{"@id":"https:\/\/www.tomhemps.com\/es\/#\/schema\/logo\/image\/"},"sameAs":["https:\/\/www.facebook.com\/tomhempsberlin\/","https:\/\/www.instagram.com\/tomhemps_cbd\/","https:\/\/www.youtube.com\/channel\/UCbGxDacLx_DRKyder_zVoNw"]}]}},"fields":{"pi_dd":false,"pi_t":false,"pi_hd":false,"pi_hm":false,"smoking_product":false,"pi_to":"<article class=\"text-token-text-primary w-full\" dir=\"auto\" data-testid=\"conversation-turn-6\" data-scroll-anchor=\"true\">\n<div class=\"text-base my-auto mx-auto py-5 [--thread-content-margin:--spacing(4)] @[37rem]:[--thread-content-margin:--spacing(6)] @[70rem]:[--thread-content-margin:--spacing(12)] px-(--thread-content-margin)\">\n<div class=\"[--thread-content-max-width:32rem] @[34rem]:[--thread-content-max-width:40rem] @[64rem]:[--thread-content-max-width:48rem] mx-auto flex max-w-(--thread-content-max-width) flex-1 text-base gap-4 md:gap-5 lg:gap-6 group\/turn-messages focus-visible:outline-hidden\">\n<div class=\"group\/conversation-turn relative flex w-full min-w-0 flex-col agent-turn\">\n<div class=\"relative flex-col gap-1 md:gap-3\">\n<div class=\"flex max-w-full flex-col grow\">\n<div class=\"min-h-8 text-message relative flex w-full flex-col items-end gap-2 text-start break-words whitespace-normal [.text-message+&#038;]:mt-5\" dir=\"auto\" data-message-author-role=\"assistant\" data-message-id=\"a87ee472-c61f-4ed8-8d6f-f81f0b31f426\" data-message-model-slug=\"gpt-4o\">\n<div class=\"flex w-full flex-col gap-1 empty:hidden first:pt-[3px]\">\n<div class=\"markdown prose dark:prose-invert w-full break-words light\">\n<p class=\"\" data-start=\"0\" data-end=\"173\"><strong>Ventajas del bloque de cultivo:<\/strong><\/p>\n<ul>\n<li data-start=\"0\" data-end=\"173\">F\u00e1cil riego, favorece tanto el crecimiento vegetativo como el generativo.<\/li>\n<li data-start=\"0\" data-end=\"173\">Distribuci\u00f3n vertical mejorada del agua<\/li>\n<li data-start=\"0\" data-end=\"173\">Resultados fiables en todas las condiciones<\/li>\n<\/ul>\n<\/div>\n<\/div>\n<\/div>\n<\/div>\n<div class=\"flex justify-start\">\n<div class=\"touch:-me-2 touch:-ms-3.5 -ms-2.5 -me-1 flex items-center p-1 select-none -mt-1 duration-[1.5s] focus-within:transition-none hover:transition-none pointer-events-none [mask-image:linear-gradient(to_right,black_33%,transparent_66%)] [mask-position:100%_0%] [mask-size:300%_100%] motion-safe:transition-[mask-position] group-hover\/turn-messages:pointer-events-auto group-hover\/turn-messages:[mask-position:0_0] group-focus-within\/turn-messages:pointer-events-auto group-focus-within\/turn-messages:[mask-position:0_0] has-data-[state=open]:pointer-events-auto has-data-[state=open]:[mask-position:0_0]\">Los bloques de lana de roca deben regarse antes de su uso.<br \/>\n En su estado inicial tienen un valor de pH neutro de 7,0.<br \/>\n Se recomienda un valor de pH de aproximadamente 5,6 &#8211; 5,8.<\/div>\n<\/div>\n<\/div>\n<div class=\"absolute\">\n<div class=\"flex items-center justify-center\"><\/div>\n<\/div>\n<\/div>\n<\/div>\n<\/div>\n<\/article>\n<div class=\"pointer-events-none h-px w-px\" aria-hidden=\"true\" data-edge=\"true\"><\/div>\n","pi_ts":"<div>1 bloque de cultivo de lana de roca de tama\u00f1o:<\/div>\n<div>10x10x6,5 cm o<\/div>\n<div>7,5 x 7,5 x 6 cm<\/div>\n<div><\/div>\n","pi_tst":"Volumen de suministro","pi_tot":"Informaci\u00f3n del producto"},"_links":{"self":[{"href":"https:\/\/www.tomhemps.com\/es\/wp-json\/wp\/v2\/product\/635194"}],"collection":[{"href":"https:\/\/www.tomhemps.com\/es\/wp-json\/wp\/v2\/product"}],"about":[{"href":"https:\/\/www.tomhemps.com\/es\/wp-json\/wp\/v2\/types\/product"}],"replies":[{"embeddable":true,"href":"https:\/\/www.tomhemps.com\/es\/wp-json\/wp\/v2\/comments?post=635194"}],"wp:featuredmedia":[{"embeddable":true,"href":"https:\/\/www.tomhemps.com\/es\/wp-json\/wp\/v2\/media\/632136"}],"wp:attachment":[{"href":"https:\/\/www.tomhemps.com\/es\/wp-json\/wp\/v2\/media?parent=635194"}],"wp:term":[{"taxonomy":"product_cat","embeddable":true,"href":"https:\/\/www.tomhemps.com\/es\/wp-json\/wp\/v2\/product_cat?post=635194"},{"taxonomy":"product_tag","embeddable":true,"href":"https:\/\/www.tomhemps.com\/es\/wp-json\/wp\/v2\/product_tag?post=635194"}],"curies":[{"name":"wp","href":"https:\/\/api.w.org\/{rel}","templated":true}]}}