{"id":635633,"date":"2025-07-23T20:05:03","date_gmt":"2025-07-23T18:05:04","guid":{"rendered":"https:\/\/www.tomhemps.com\/?post_type=product&#038;p=635633"},"modified":"2025-12-08T23:00:06","modified_gmt":"2025-12-08T22:00:06","slug":"cenicero-de-metal-small-friends-sativa","status":"publish","type":"product","link":"https:\/\/www.tomhemps.com\/es\/prs\/cenicero-de-metal-small-friends-sativa\/","title":{"rendered":"Cenicero De Metal Small Friends Sativa"},"content":{"rendered":"","protected":false},"excerpt":{"rendered":"<p>\u00a1<strong>Con Small Friends Sativa<\/strong>, las grandes cosas se hacen realidad! El elegante cenicero en color morado brillante aporta color a tu mesa y lleva cada pausa para fumar al siguiente nivel. Fabricado con un material robusto, f\u00e1cil de limpiar y, gracias a su tama\u00f1o compacto, cabe en cualquier lugar, incluso en el balc\u00f3n o en la sala de descanso. Amigos con Small Friends Indica para siempre&#8230;<\/p>\n","protected":false},"featured_media":635648,"comment_status":"open","ping_status":"closed","template":"","meta":{"_acf_changed":false},"product_cat":[2595,636],"product_tag":[],"acf":[],"yoast_head":"<!-- This site is optimized with the Yoast SEO Premium plugin v22.8 (Yoast SEO v22.8) - https:\/\/yoast.com\/wordpress\/plugins\/seo\/ -->\n<title>Cenicero De Metal Small Friends Sativa<\/title>\n<meta name=\"description\" content=\"Cenicero met\u00e1lico Small Friends Sativa: robusto, resistente al calor y perfecto para los aut\u00e9nticos aficionados. Desc\u00fabrelo y haz tu pedido online ahora\" \/>\n<meta name=\"robots\" content=\"index, follow, max-snippet:-1, max-image-preview:large, max-video-preview:-1\" \/>\n<link rel=\"canonical\" href=\"https:\/\/www.tomhemps.com\/es\/prs\/cenicero-de-metal-small-friends-sativa\/\" \/>\n<meta property=\"og:locale\" content=\"es_ES\" \/>\n<meta property=\"og:type\" content=\"article\" \/>\n<meta property=\"og:title\" content=\"Cenicero De Metal Small Friends Sativa\" \/>\n<meta property=\"og:description\" content=\"Cenicero met\u00e1lico Small Friends Sativa: robusto, resistente al calor y perfecto para los aut\u00e9nticos aficionados. Desc\u00fabrelo y haz tu pedido online ahora\" \/>\n<meta property=\"og:url\" content=\"https:\/\/www.tomhemps.com\/es\/prs\/cenicero-de-metal-small-friends-sativa\/\" \/>\n<meta property=\"og:site_name\" content=\"Your CBD Shop | Your CBD Brand | born in Berlin\" \/>\n<meta property=\"article:publisher\" content=\"https:\/\/www.facebook.com\/tomhempsberlin\/\" \/>\n<meta property=\"article:modified_time\" content=\"2025-12-08T22:00:06+00:00\" \/>\n<meta property=\"og:image\" content=\"https:\/\/www.tomhemps.com\/wp-content\/uploads\/2025\/07\/Ashtray_Metal_Small_Friends_Sativa_bg_removed.png.png\" \/>\n\t<meta property=\"og:image:width\" content=\"680\" \/>\n\t<meta property=\"og:image:height\" content=\"850\" \/>\n\t<meta property=\"og:image:type\" content=\"image\/png\" \/>\n<meta name=\"twitter:card\" content=\"summary_large_image\" \/>\n<meta name=\"twitter:label1\" content=\"Tiempo de lectura\" \/>\n\t<meta name=\"twitter:data1\" content=\"1 minuto\" \/>\n<script type=\"application\/ld+json\" class=\"yoast-schema-graph\">{\"@context\":\"https:\/\/schema.org\",\"@graph\":[{\"@type\":\"WebPage\",\"@id\":\"https:\/\/www.tomhemps.com\/es\/prs\/cenicero-de-metal-small-friends-sativa\/\",\"url\":\"https:\/\/www.tomhemps.com\/es\/prs\/cenicero-de-metal-small-friends-sativa\/\",\"name\":\"Cenicero De Metal Small Friends Sativa\",\"isPartOf\":{\"@id\":\"https:\/\/www.tomhemps.com\/es\/#website\"},\"primaryImageOfPage\":{\"@id\":\"https:\/\/www.tomhemps.com\/es\/prs\/cenicero-de-metal-small-friends-sativa\/#primaryimage\"},\"image\":{\"@id\":\"https:\/\/www.tomhemps.com\/es\/prs\/cenicero-de-metal-small-friends-sativa\/#primaryimage\"},\"thumbnailUrl\":\"https:\/\/www.tomhemps.com\/wp-content\/uploads\/2025\/07\/Ashtray_Metal_Small_Friends_Sativa_bg_removed.png.png\",\"datePublished\":\"2025-07-23T18:05:04+00:00\",\"dateModified\":\"2025-12-08T22:00:06+00:00\",\"description\":\"Cenicero met\u00e1lico Small Friends Sativa: robusto, resistente al calor y perfecto para los aut\u00e9nticos aficionados. Desc\u00fabrelo y haz tu pedido online ahora\",\"breadcrumb\":{\"@id\":\"https:\/\/www.tomhemps.com\/es\/prs\/cenicero-de-metal-small-friends-sativa\/#breadcrumb\"},\"inLanguage\":\"es\",\"potentialAction\":[{\"@type\":\"ReadAction\",\"target\":[\"https:\/\/www.tomhemps.com\/es\/prs\/cenicero-de-metal-small-friends-sativa\/\"]}]},{\"@type\":\"ImageObject\",\"inLanguage\":\"es\",\"@id\":\"https:\/\/www.tomhemps.com\/es\/prs\/cenicero-de-metal-small-friends-sativa\/#primaryimage\",\"url\":\"https:\/\/www.tomhemps.com\/wp-content\/uploads\/2025\/07\/Ashtray_Metal_Small_Friends_Sativa_bg_removed.png.png\",\"contentUrl\":\"https:\/\/www.tomhemps.com\/wp-content\/uploads\/2025\/07\/Ashtray_Metal_Small_Friends_Sativa_bg_removed.png.png\",\"width\":680,\"height\":850},{\"@type\":\"BreadcrumbList\",\"@id\":\"https:\/\/www.tomhemps.com\/es\/prs\/cenicero-de-metal-small-friends-sativa\/#breadcrumb\",\"itemListElement\":[{\"@type\":\"ListItem\",\"position\":1,\"name\":\"Startseite\",\"item\":\"https:\/\/www.tomhemps.com\/es\/\"},{\"@type\":\"ListItem\",\"position\":2,\"name\":\"Shop\",\"item\":\"https:\/\/www.tomhemps.com\/es\/shop\/\"},{\"@type\":\"ListItem\",\"position\":3,\"name\":\"Cenicero De Metal Small Friends Sativa\"}]},{\"@type\":\"WebSite\",\"@id\":\"https:\/\/www.tomhemps.com\/es\/#website\",\"url\":\"https:\/\/www.tomhemps.com\/es\/\",\"name\":\"Your CBD Shop | Your CBD Brand | born in Berlin\",\"description\":\"CBD Shop Berlin\",\"publisher\":{\"@id\":\"https:\/\/www.tomhemps.com\/es\/#organization\"},\"potentialAction\":[{\"@type\":\"SearchAction\",\"target\":{\"@type\":\"EntryPoint\",\"urlTemplate\":\"https:\/\/www.tomhemps.com\/es\/?s={search_term_string}\"},\"query-input\":\"required name=search_term_string\"}],\"inLanguage\":\"es\"},{\"@type\":\"Organization\",\"@id\":\"https:\/\/www.tomhemps.com\/es\/#organization\",\"name\":\"Tom Hemp's CBD Shop\",\"alternateName\":\"Tom Hemp's Berlin\",\"url\":\"https:\/\/www.tomhemps.com\/es\/\",\"logo\":{\"@type\":\"ImageObject\",\"inLanguage\":\"es\",\"@id\":\"https:\/\/www.tomhemps.com\/es\/#\/schema\/logo\/image\/\",\"url\":\"https:\/\/www.tomhemps.com\/wp-content\/uploads\/2019\/04\/Logo-2019-e1581413011332.jpg\",\"contentUrl\":\"https:\/\/www.tomhemps.com\/wp-content\/uploads\/2019\/04\/Logo-2019-e1581413011332.jpg\",\"width\":460,\"height\":153,\"caption\":\"Tom Hemp's CBD Shop\"},\"image\":{\"@id\":\"https:\/\/www.tomhemps.com\/es\/#\/schema\/logo\/image\/\"},\"sameAs\":[\"https:\/\/www.facebook.com\/tomhempsberlin\/\",\"https:\/\/www.instagram.com\/tomhemps_cbd\/\",\"https:\/\/www.youtube.com\/channel\/UCbGxDacLx_DRKyder_zVoNw\"]}]}<\/script>\n<!-- \/ Yoast SEO Premium plugin. -->","yoast_head_json":{"title":"Cenicero De Metal Small Friends Sativa","description":"Cenicero met\u00e1lico Small Friends Sativa: robusto, resistente al calor y perfecto para los aut\u00e9nticos aficionados. Desc\u00fabrelo y haz tu pedido online ahora","robots":{"index":"index","follow":"follow","max-snippet":"max-snippet:-1","max-image-preview":"max-image-preview:large","max-video-preview":"max-video-preview:-1"},"canonical":"https:\/\/www.tomhemps.com\/es\/prs\/cenicero-de-metal-small-friends-sativa\/","og_locale":"es_ES","og_type":"article","og_title":"Cenicero De Metal Small Friends Sativa","og_description":"Cenicero met\u00e1lico Small Friends Sativa: robusto, resistente al calor y perfecto para los aut\u00e9nticos aficionados. Desc\u00fabrelo y haz tu pedido online ahora","og_url":"https:\/\/www.tomhemps.com\/es\/prs\/cenicero-de-metal-small-friends-sativa\/","og_site_name":"Your CBD Shop | Your CBD Brand | born in Berlin","article_publisher":"https:\/\/www.facebook.com\/tomhempsberlin\/","article_modified_time":"2025-12-08T22:00:06+00:00","og_image":[{"width":680,"height":850,"url":"https:\/\/www.tomhemps.com\/wp-content\/uploads\/2025\/07\/Ashtray_Metal_Small_Friends_Sativa_bg_removed.png.png","type":"image\/png"}],"twitter_card":"summary_large_image","twitter_misc":{"Tiempo de lectura":"1 minuto"},"schema":{"@context":"https:\/\/schema.org","@graph":[{"@type":"WebPage","@id":"https:\/\/www.tomhemps.com\/es\/prs\/cenicero-de-metal-small-friends-sativa\/","url":"https:\/\/www.tomhemps.com\/es\/prs\/cenicero-de-metal-small-friends-sativa\/","name":"Cenicero De Metal Small Friends Sativa","isPartOf":{"@id":"https:\/\/www.tomhemps.com\/es\/#website"},"primaryImageOfPage":{"@id":"https:\/\/www.tomhemps.com\/es\/prs\/cenicero-de-metal-small-friends-sativa\/#primaryimage"},"image":{"@id":"https:\/\/www.tomhemps.com\/es\/prs\/cenicero-de-metal-small-friends-sativa\/#primaryimage"},"thumbnailUrl":"https:\/\/www.tomhemps.com\/wp-content\/uploads\/2025\/07\/Ashtray_Metal_Small_Friends_Sativa_bg_removed.png.png","datePublished":"2025-07-23T18:05:04+00:00","dateModified":"2025-12-08T22:00:06+00:00","description":"Cenicero met\u00e1lico Small Friends Sativa: robusto, resistente al calor y perfecto para los aut\u00e9nticos aficionados. Desc\u00fabrelo y haz tu pedido online ahora","breadcrumb":{"@id":"https:\/\/www.tomhemps.com\/es\/prs\/cenicero-de-metal-small-friends-sativa\/#breadcrumb"},"inLanguage":"es","potentialAction":[{"@type":"ReadAction","target":["https:\/\/www.tomhemps.com\/es\/prs\/cenicero-de-metal-small-friends-sativa\/"]}]},{"@type":"ImageObject","inLanguage":"es","@id":"https:\/\/www.tomhemps.com\/es\/prs\/cenicero-de-metal-small-friends-sativa\/#primaryimage","url":"https:\/\/www.tomhemps.com\/wp-content\/uploads\/2025\/07\/Ashtray_Metal_Small_Friends_Sativa_bg_removed.png.png","contentUrl":"https:\/\/www.tomhemps.com\/wp-content\/uploads\/2025\/07\/Ashtray_Metal_Small_Friends_Sativa_bg_removed.png.png","width":680,"height":850},{"@type":"BreadcrumbList","@id":"https:\/\/www.tomhemps.com\/es\/prs\/cenicero-de-metal-small-friends-sativa\/#breadcrumb","itemListElement":[{"@type":"ListItem","position":1,"name":"Startseite","item":"https:\/\/www.tomhemps.com\/es\/"},{"@type":"ListItem","position":2,"name":"Shop","item":"https:\/\/www.tomhemps.com\/es\/shop\/"},{"@type":"ListItem","position":3,"name":"Cenicero De Metal Small Friends Sativa"}]},{"@type":"WebSite","@id":"https:\/\/www.tomhemps.com\/es\/#website","url":"https:\/\/www.tomhemps.com\/es\/","name":"Your CBD Shop | Your CBD Brand | born in Berlin","description":"CBD Shop Berlin","publisher":{"@id":"https:\/\/www.tomhemps.com\/es\/#organization"},"potentialAction":[{"@type":"SearchAction","target":{"@type":"EntryPoint","urlTemplate":"https:\/\/www.tomhemps.com\/es\/?s={search_term_string}"},"query-input":"required name=search_term_string"}],"inLanguage":"es"},{"@type":"Organization","@id":"https:\/\/www.tomhemps.com\/es\/#organization","name":"Tom Hemp's CBD Shop","alternateName":"Tom Hemp's Berlin","url":"https:\/\/www.tomhemps.com\/es\/","logo":{"@type":"ImageObject","inLanguage":"es","@id":"https:\/\/www.tomhemps.com\/es\/#\/schema\/logo\/image\/","url":"https:\/\/www.tomhemps.com\/wp-content\/uploads\/2019\/04\/Logo-2019-e1581413011332.jpg","contentUrl":"https:\/\/www.tomhemps.com\/wp-content\/uploads\/2019\/04\/Logo-2019-e1581413011332.jpg","width":460,"height":153,"caption":"Tom Hemp's CBD Shop"},"image":{"@id":"https:\/\/www.tomhemps.com\/es\/#\/schema\/logo\/image\/"},"sameAs":["https:\/\/www.facebook.com\/tomhempsberlin\/","https:\/\/www.instagram.com\/tomhemps_cbd\/","https:\/\/www.youtube.com\/channel\/UCbGxDacLx_DRKyder_zVoNw"]}]}},"fields":{"smoking_product":false,"pi_hd":false,"pi_hm":false,"pi_tot":"\u00bfQu\u00e9 hay dentro?","pi_to":"<p>1x Cenicero de metal<\/p>\n","pi_tst":"M\u00e1s detalles","pi_ts":"<p>Di\u00e1metro: \u00d8 168mm<br \/>\nPeso: 34 g<\/p>\n","pi_dd":635637,"pi_t":130157},"_links":{"self":[{"href":"https:\/\/www.tomhemps.com\/es\/wp-json\/wp\/v2\/product\/635633"}],"collection":[{"href":"https:\/\/www.tomhemps.com\/es\/wp-json\/wp\/v2\/product"}],"about":[{"href":"https:\/\/www.tomhemps.com\/es\/wp-json\/wp\/v2\/types\/product"}],"replies":[{"embeddable":true,"href":"https:\/\/www.tomhemps.com\/es\/wp-json\/wp\/v2\/comments?post=635633"}],"wp:featuredmedia":[{"embeddable":true,"href":"https:\/\/www.tomhemps.com\/es\/wp-json\/wp\/v2\/media\/635648"}],"wp:attachment":[{"href":"https:\/\/www.tomhemps.com\/es\/wp-json\/wp\/v2\/media?parent=635633"}],"wp:term":[{"taxonomy":"product_cat","embeddable":true,"href":"https:\/\/www.tomhemps.com\/es\/wp-json\/wp\/v2\/product_cat?post=635633"},{"taxonomy":"product_tag","embeddable":true,"href":"https:\/\/www.tomhemps.com\/es\/wp-json\/wp\/v2\/product_tag?post=635633"}],"curies":[{"name":"wp","href":"https:\/\/api.w.org\/{rel}","templated":true}]}}