{"id":79113,"date":"2022-08-26T10:56:32","date_gmt":"2019-08-13T09:14:32","guid":{"rendered":"https:\/\/www.tomhemps.com\/product\/flores-aromaticas-de-cbd-meerjane\/"},"modified":"2026-04-23T13:38:37","modified_gmt":"2026-04-23T11:38:37","slug":"flores-de-cbd-meerjane","status":"publish","type":"product","link":"https:\/\/www.tomhemps.com\/es\/prs\/flores-de-cbd-meerjane\/","title":{"rendered":"Flores De CBD Meerjane"},"content":{"rendered":"","protected":false},"excerpt":{"rendered":"<p>Las flores arom\u00e1ticas de Tom Hemp&#8217;s se derivan del c\u00e1\u00f1amo industrial certificado por la UE, que figura en el Cat\u00e1logo com\u00fan de variedades de especies de plantas agr\u00edcolas de la UE. Todas las flores est\u00e1n libres de herbicidas y pesticidas.<\/p>\n","protected":false},"featured_media":530600,"comment_status":"open","ping_status":"closed","template":"","meta":{"_acf_changed":false},"product_cat":[5008,586,600],"product_tag":[],"acf":[],"yoast_head":"<!-- This site is optimized with the Yoast SEO Premium plugin v22.8 (Yoast SEO v22.8) - https:\/\/yoast.com\/wordpress\/plugins\/seo\/ -->\n<title>Flores De CBD Meerjane<\/title>\n<meta name=\"description\" content=\"Flores De CBD Meerjane - Your CBD Shop | Your CBD Brand | born in Berlin\" \/>\n<meta name=\"robots\" content=\"index, follow, max-snippet:-1, max-image-preview:large, max-video-preview:-1\" \/>\n<link rel=\"canonical\" href=\"https:\/\/www.tomhemps.com\/es\/prs\/flores-de-cbd-meerjane\/\" \/>\n<meta property=\"og:locale\" content=\"es_ES\" \/>\n<meta property=\"og:type\" content=\"article\" \/>\n<meta property=\"og:title\" content=\"Flores De CBD Meerjane\" \/>\n<meta property=\"og:description\" content=\"Flores De CBD Meerjane - Your CBD Shop | Your CBD Brand | born in Berlin\" \/>\n<meta property=\"og:url\" content=\"https:\/\/www.tomhemps.com\/es\/prs\/flores-de-cbd-meerjane\/\" \/>\n<meta property=\"og:site_name\" content=\"Your CBD Shop | Your CBD Brand | born in Berlin\" \/>\n<meta property=\"article:publisher\" content=\"https:\/\/www.facebook.com\/tomhempsberlin\/\" \/>\n<meta property=\"article:modified_time\" content=\"2026-04-23T11:38:37+00:00\" \/>\n<meta property=\"og:image\" content=\"https:\/\/www.tomhemps.com\/wp-content\/uploads\/2022\/08\/TH-product-mary-jane-bag-update-2022-1600-1750-1.png\" \/>\n\t<meta property=\"og:image:width\" content=\"1780\" \/>\n\t<meta property=\"og:image:height\" content=\"1600\" \/>\n\t<meta property=\"og:image:type\" content=\"image\/png\" \/>\n<meta name=\"twitter:card\" content=\"summary_large_image\" \/>\n<script type=\"application\/ld+json\" class=\"yoast-schema-graph\">{\"@context\":\"https:\/\/schema.org\",\"@graph\":[{\"@type\":\"WebPage\",\"@id\":\"https:\/\/www.tomhemps.com\/es\/prs\/flores-de-cbd-meerjane\/\",\"url\":\"https:\/\/www.tomhemps.com\/es\/prs\/flores-de-cbd-meerjane\/\",\"name\":\"Flores De CBD Meerjane\",\"isPartOf\":{\"@id\":\"https:\/\/www.tomhemps.com\/es\/#website\"},\"primaryImageOfPage\":{\"@id\":\"https:\/\/www.tomhemps.com\/es\/prs\/flores-de-cbd-meerjane\/#primaryimage\"},\"image\":{\"@id\":\"https:\/\/www.tomhemps.com\/es\/prs\/flores-de-cbd-meerjane\/#primaryimage\"},\"thumbnailUrl\":\"https:\/\/www.tomhemps.com\/wp-content\/uploads\/2022\/08\/TH-product-mary-jane-bag-update-2022-1600-1750-1.png\",\"datePublished\":\"2019-08-13T09:14:32+00:00\",\"dateModified\":\"2026-04-23T11:38:37+00:00\",\"description\":\"Flores De CBD Meerjane - Your CBD Shop | Your CBD Brand | born in Berlin\",\"breadcrumb\":{\"@id\":\"https:\/\/www.tomhemps.com\/es\/prs\/flores-de-cbd-meerjane\/#breadcrumb\"},\"inLanguage\":\"es\",\"potentialAction\":[{\"@type\":\"ReadAction\",\"target\":[\"https:\/\/www.tomhemps.com\/es\/prs\/flores-de-cbd-meerjane\/\"]}]},{\"@type\":\"ImageObject\",\"inLanguage\":\"es\",\"@id\":\"https:\/\/www.tomhemps.com\/es\/prs\/flores-de-cbd-meerjane\/#primaryimage\",\"url\":\"https:\/\/www.tomhemps.com\/wp-content\/uploads\/2022\/08\/TH-product-mary-jane-bag-update-2022-1600-1750-1.png\",\"contentUrl\":\"https:\/\/www.tomhemps.com\/wp-content\/uploads\/2022\/08\/TH-product-mary-jane-bag-update-2022-1600-1750-1.png\",\"width\":1780,\"height\":1600,\"caption\":\"Tom Hemp's CBD Aromabl\u00fcten Meerjane\"},{\"@type\":\"BreadcrumbList\",\"@id\":\"https:\/\/www.tomhemps.com\/es\/prs\/flores-de-cbd-meerjane\/#breadcrumb\",\"itemListElement\":[{\"@type\":\"ListItem\",\"position\":1,\"name\":\"Startseite\",\"item\":\"https:\/\/www.tomhemps.com\/es\/\"},{\"@type\":\"ListItem\",\"position\":2,\"name\":\"Shop\",\"item\":\"https:\/\/www.tomhemps.com\/es\/shop\/\"},{\"@type\":\"ListItem\",\"position\":3,\"name\":\"Flores De CBD Meerjane\"}]},{\"@type\":\"WebSite\",\"@id\":\"https:\/\/www.tomhemps.com\/es\/#website\",\"url\":\"https:\/\/www.tomhemps.com\/es\/\",\"name\":\"Your CBD Shop | Your CBD Brand | born in Berlin\",\"description\":\"CBD Shop Berlin\",\"publisher\":{\"@id\":\"https:\/\/www.tomhemps.com\/es\/#organization\"},\"potentialAction\":[{\"@type\":\"SearchAction\",\"target\":{\"@type\":\"EntryPoint\",\"urlTemplate\":\"https:\/\/www.tomhemps.com\/es\/?s={search_term_string}\"},\"query-input\":\"required name=search_term_string\"}],\"inLanguage\":\"es\"},{\"@type\":\"Organization\",\"@id\":\"https:\/\/www.tomhemps.com\/es\/#organization\",\"name\":\"Tom Hemp's CBD Shop\",\"alternateName\":\"Tom Hemp's Berlin\",\"url\":\"https:\/\/www.tomhemps.com\/es\/\",\"logo\":{\"@type\":\"ImageObject\",\"inLanguage\":\"es\",\"@id\":\"https:\/\/www.tomhemps.com\/es\/#\/schema\/logo\/image\/\",\"url\":\"https:\/\/www.tomhemps.com\/wp-content\/uploads\/2019\/04\/Logo-2019-e1581413011332.jpg\",\"contentUrl\":\"https:\/\/www.tomhemps.com\/wp-content\/uploads\/2019\/04\/Logo-2019-e1581413011332.jpg\",\"width\":460,\"height\":153,\"caption\":\"Tom Hemp's CBD Shop\"},\"image\":{\"@id\":\"https:\/\/www.tomhemps.com\/es\/#\/schema\/logo\/image\/\"},\"sameAs\":[\"https:\/\/www.facebook.com\/tomhempsberlin\/\",\"https:\/\/www.instagram.com\/tomhemps_cbd\/\",\"https:\/\/www.youtube.com\/channel\/UCbGxDacLx_DRKyder_zVoNw\"]}]}<\/script>\n<!-- \/ Yoast SEO Premium plugin. -->","yoast_head_json":{"title":"Flores De CBD Meerjane","description":"Flores De CBD Meerjane - Your CBD Shop | Your CBD Brand | born in Berlin","robots":{"index":"index","follow":"follow","max-snippet":"max-snippet:-1","max-image-preview":"max-image-preview:large","max-video-preview":"max-video-preview:-1"},"canonical":"https:\/\/www.tomhemps.com\/es\/prs\/flores-de-cbd-meerjane\/","og_locale":"es_ES","og_type":"article","og_title":"Flores De CBD Meerjane","og_description":"Flores De CBD Meerjane - Your CBD Shop | Your CBD Brand | born in Berlin","og_url":"https:\/\/www.tomhemps.com\/es\/prs\/flores-de-cbd-meerjane\/","og_site_name":"Your CBD Shop | Your CBD Brand | born in Berlin","article_publisher":"https:\/\/www.facebook.com\/tomhempsberlin\/","article_modified_time":"2026-04-23T11:38:37+00:00","og_image":[{"width":1780,"height":1600,"url":"https:\/\/www.tomhemps.com\/wp-content\/uploads\/2022\/08\/TH-product-mary-jane-bag-update-2022-1600-1750-1.png","type":"image\/png"}],"twitter_card":"summary_large_image","schema":{"@context":"https:\/\/schema.org","@graph":[{"@type":"WebPage","@id":"https:\/\/www.tomhemps.com\/es\/prs\/flores-de-cbd-meerjane\/","url":"https:\/\/www.tomhemps.com\/es\/prs\/flores-de-cbd-meerjane\/","name":"Flores De CBD Meerjane","isPartOf":{"@id":"https:\/\/www.tomhemps.com\/es\/#website"},"primaryImageOfPage":{"@id":"https:\/\/www.tomhemps.com\/es\/prs\/flores-de-cbd-meerjane\/#primaryimage"},"image":{"@id":"https:\/\/www.tomhemps.com\/es\/prs\/flores-de-cbd-meerjane\/#primaryimage"},"thumbnailUrl":"https:\/\/www.tomhemps.com\/wp-content\/uploads\/2022\/08\/TH-product-mary-jane-bag-update-2022-1600-1750-1.png","datePublished":"2019-08-13T09:14:32+00:00","dateModified":"2026-04-23T11:38:37+00:00","description":"Flores De CBD Meerjane - Your CBD Shop | Your CBD Brand | born in Berlin","breadcrumb":{"@id":"https:\/\/www.tomhemps.com\/es\/prs\/flores-de-cbd-meerjane\/#breadcrumb"},"inLanguage":"es","potentialAction":[{"@type":"ReadAction","target":["https:\/\/www.tomhemps.com\/es\/prs\/flores-de-cbd-meerjane\/"]}]},{"@type":"ImageObject","inLanguage":"es","@id":"https:\/\/www.tomhemps.com\/es\/prs\/flores-de-cbd-meerjane\/#primaryimage","url":"https:\/\/www.tomhemps.com\/wp-content\/uploads\/2022\/08\/TH-product-mary-jane-bag-update-2022-1600-1750-1.png","contentUrl":"https:\/\/www.tomhemps.com\/wp-content\/uploads\/2022\/08\/TH-product-mary-jane-bag-update-2022-1600-1750-1.png","width":1780,"height":1600,"caption":"Tom Hemp's CBD Aromabl\u00fcten Meerjane"},{"@type":"BreadcrumbList","@id":"https:\/\/www.tomhemps.com\/es\/prs\/flores-de-cbd-meerjane\/#breadcrumb","itemListElement":[{"@type":"ListItem","position":1,"name":"Startseite","item":"https:\/\/www.tomhemps.com\/es\/"},{"@type":"ListItem","position":2,"name":"Shop","item":"https:\/\/www.tomhemps.com\/es\/shop\/"},{"@type":"ListItem","position":3,"name":"Flores De CBD Meerjane"}]},{"@type":"WebSite","@id":"https:\/\/www.tomhemps.com\/es\/#website","url":"https:\/\/www.tomhemps.com\/es\/","name":"Your CBD Shop | Your CBD Brand | born in Berlin","description":"CBD Shop Berlin","publisher":{"@id":"https:\/\/www.tomhemps.com\/es\/#organization"},"potentialAction":[{"@type":"SearchAction","target":{"@type":"EntryPoint","urlTemplate":"https:\/\/www.tomhemps.com\/es\/?s={search_term_string}"},"query-input":"required name=search_term_string"}],"inLanguage":"es"},{"@type":"Organization","@id":"https:\/\/www.tomhemps.com\/es\/#organization","name":"Tom Hemp's CBD Shop","alternateName":"Tom Hemp's Berlin","url":"https:\/\/www.tomhemps.com\/es\/","logo":{"@type":"ImageObject","inLanguage":"es","@id":"https:\/\/www.tomhemps.com\/es\/#\/schema\/logo\/image\/","url":"https:\/\/www.tomhemps.com\/wp-content\/uploads\/2019\/04\/Logo-2019-e1581413011332.jpg","contentUrl":"https:\/\/www.tomhemps.com\/wp-content\/uploads\/2019\/04\/Logo-2019-e1581413011332.jpg","width":460,"height":153,"caption":"Tom Hemp's CBD Shop"},"image":{"@id":"https:\/\/www.tomhemps.com\/es\/#\/schema\/logo\/image\/"},"sameAs":["https:\/\/www.facebook.com\/tomhempsberlin\/","https:\/\/www.instagram.com\/tomhemps_cbd\/","https:\/\/www.youtube.com\/channel\/UCbGxDacLx_DRKyder_zVoNw"]}]}},"fields":{"pi_tot":"\u00bfQu\u00e9 hay dentro?","pi_to":"<p>CBD: 14%<br \/>\nTHC: &lt;0,12%<\/p>\n<p>Ingredientes: Flores de c\u00e1\u00f1amo industrial europeo<\/p>\n","pi_tst":"Aviso","pi_ts":"<p>Las flores arom\u00e1ticas de Tom Hemp&#8217;s se derivan del c\u00e1\u00f1amo industrial certificado por la UE, que figura en el Cat\u00e1logo com\u00fan de variedades de especies de plantas agr\u00edcolas de la UE. Todas las flores est\u00e1n libres de herbicidas y pesticidas.<\/p>\n<p>Las flores pueden diferir en color de las im\u00e1genes\u00a0mostradas, dependiendo de la cosecha.<\/p>\n","pi_hd":false,"pi_hm":false,"smoking_product":true,"pi_dd":530594,"pi_t":530588},"_links":{"self":[{"href":"https:\/\/www.tomhemps.com\/es\/wp-json\/wp\/v2\/product\/79113"}],"collection":[{"href":"https:\/\/www.tomhemps.com\/es\/wp-json\/wp\/v2\/product"}],"about":[{"href":"https:\/\/www.tomhemps.com\/es\/wp-json\/wp\/v2\/types\/product"}],"replies":[{"embeddable":true,"href":"https:\/\/www.tomhemps.com\/es\/wp-json\/wp\/v2\/comments?post=79113"}],"wp:featuredmedia":[{"embeddable":true,"href":"https:\/\/www.tomhemps.com\/es\/wp-json\/wp\/v2\/media\/530600"}],"wp:attachment":[{"href":"https:\/\/www.tomhemps.com\/es\/wp-json\/wp\/v2\/media?parent=79113"}],"wp:term":[{"taxonomy":"product_cat","embeddable":true,"href":"https:\/\/www.tomhemps.com\/es\/wp-json\/wp\/v2\/product_cat?post=79113"},{"taxonomy":"product_tag","embeddable":true,"href":"https:\/\/www.tomhemps.com\/es\/wp-json\/wp\/v2\/product_tag?post=79113"}],"curies":[{"name":"wp","href":"https:\/\/api.w.org\/{rel}","templated":true}]}}