{"id":162056,"date":"2018-02-25T18:24:13","date_gmt":"2018-02-25T18:24:13","guid":{"rendered":"https:\/\/www.tomhemps.com\/versand-und-zahlung\/"},"modified":"2023-08-22T13:11:18","modified_gmt":"2023-08-22T11:11:18","slug":"livraison-et-paiement","status":"publish","type":"page","link":"https:\/\/www.tomhemps.com\/fr\/livraison-et-paiement\/","title":{"rendered":"Livraison et paiement"},"content":{"rendered":"<h3>Livraison et paiement<\/h3>\n<p><strong>1. Modes de paiement<\/strong><\/p>\n<p>1.1 Pour les livraisons en Allemagne, nous proposons les possibilit\u00e9s de paiement suivantes, sauf indication contraire dans la pr\u00e9sentation du produit concern\u00e9 dans l\u2019offre\u00a0:<\/p>\n<ul>\n<li>Virement bancaire<\/li>\n<li>Paiement par carte de cr\u00e9dit<\/li>\n<\/ul>\n<p><strong>2. Livraison<\/strong><\/p>\n<p>2.1 Votre commande sera exp\u00e9di\u00e9e par UPS<\/p>\n<p>2.2 Nous livrons dans les pays suivants en Europe\u00a0:<br \/>\nAndorre, Autriche, Belgique, Bulgarie, Croatie, R\u00e9publique tch\u00e8que, Danemark, Estonie, Finlande, France, Allemagne, Gr\u00e8ce, Guernesey, Hongrie, Irlande, Italie, Jersey, Lettonie, Liechtenstein, Lituanie, Luxembourg, Monaco, Pays-Bas, Norv\u00e8ge, Pologne, Portugal, Roumanie, Saint-Marin, Slov\u00e9nie, Espagne, Su\u00e8de.<\/p>\n<p>Les frais d\u2019exp\u00e9ditions sont ajout\u00e9s aux prix des produits indiqu\u00e9s.<\/p>\n<p><strong>UPS standard<\/strong><\/p>\n<table class=\"table\">\n<tr>\n<th>Pays<\/th>\n<th>Exp\u00e9dition (EUR)<\/th>\n<th>Livraison gratuite \u00e0 partir de (EUR)<\/th>\n<\/tr>\n<tr>\n<td>Allemagne (DE)<\/td>\n<td>5.9<\/td>\n<td>50<\/td>\n<\/tr>\n<tr>\n<td>Andorre (AD)<\/td>\n<td>40<\/td>\n<td>200<\/td>\n<\/tr>\n<tr>\n<td>Autriche (AT)<\/td>\n<td>10<\/td>\n<td>100<\/td>\n<\/tr>\n<tr>\n<td>Belgique (BE)<\/td>\n<td>10.9<\/td>\n<td>50<\/td>\n<\/tr>\n<tr>\n<td>Bulgarie (BG)<\/td>\n<td>12<\/td>\n<td>100<\/td>\n<\/tr>\n<tr>\n<td>Chypre (CY)<\/td>\n<td>30<\/td>\n<td>100<\/td>\n<\/tr>\n<tr>\n<td>Croatie (HR)<\/td>\n<td>10<\/td>\n<td>100<\/td>\n<\/tr>\n<tr>\n<td>Danemark (DK)<\/td>\n<td>10<\/td>\n<td>100<\/td>\n<\/tr>\n<tr>\n<td>Espagne (ES)<\/td>\n<td>10.9<\/td>\n<td>50<\/td>\n<\/tr>\n<tr>\n<td>Espagne (ES) &#8211; \u00celes Canaries<\/td>\n<td>40<\/td>\n<td>200<\/td>\n<\/tr>\n<tr>\n<td>Estonie (EE)<\/td>\n<td>12<\/td>\n<td>100<\/td>\n<\/tr>\n<tr>\n<td>France (FR)<\/td>\n<td>10.9<\/td>\n<td>50<\/td>\n<\/tr>\n<tr>\n<td>Gr\u00e8ce (GR)<\/td>\n<td>10<\/td>\n<td>100<\/td>\n<\/tr>\n<tr>\n<td>Gr\u00e8ce (GR) &#8211; \u00celes grecques<\/td>\n<td>50<\/td>\n<td>100<\/td>\n<\/tr>\n<tr>\n<td>Guernesey (GG)<\/td>\n<td>20<\/td>\n<td>100<\/td>\n<\/tr>\n<tr>\n<td>Hongrie (HU)<\/td>\n<td>12<\/td>\n<td>100<\/td>\n<\/tr>\n<tr>\n<td>Irlande (IE)<\/td>\n<td>12<\/td>\n<td>100<\/td>\n<\/tr>\n<tr>\n<td>Italie (IT)<\/td>\n<td>12<\/td>\n<td>100<\/td>\n<\/tr>\n<tr>\n<td>Jersey (JE)<\/td>\n<td>20<\/td>\n<td>100<\/td>\n<\/tr>\n<tr>\n<td>Lettonie (LV)<\/td>\n<td>12<\/td>\n<td>100<\/td>\n<\/tr>\n<tr>\n<td>Liechtenstein (LI)<\/td>\n<td>20<\/td>\n<td>100<\/td>\n<\/tr>\n<tr>\n<td>Lituanie (LT)<\/td>\n<td>12<\/td>\n<td>100<\/td>\n<\/tr>\n<tr>\n<td>Luxembourg (LU)<\/td>\n<td>10<\/td>\n<td>100<\/td>\n<\/tr>\n<tr>\n<td>Malte (MT)<\/td>\n<td>40<\/td>\n<td>200<\/td>\n<\/tr>\n<tr>\n<td>Monaco (MC)<\/td>\n<td>10<\/td>\n<td>100<\/td>\n<\/tr>\n<tr>\n<td>Norv\u00e8ge (NO)<\/td>\n<td>20<\/td>\n<td>100<\/td>\n<\/tr>\n<tr>\n<td>Pays-Bas (NL)<\/td>\n<td>10.9<\/td>\n<td>50<\/td>\n<\/tr>\n<tr>\n<td>Pologne (PL)<\/td>\n<td>10<\/td>\n<td>100<\/td>\n<\/tr>\n<tr>\n<td>Portugal (PT)<\/td>\n<td>12<\/td>\n<td>80<\/td>\n<\/tr>\n<tr>\n<td>Roumanie (RO)<\/td>\n<td>12<\/td>\n<td>100<\/td>\n<\/tr>\n<tr>\n<td>R\u00e9publique Tch\u00e8que (CZ)<\/td>\n<td>10<\/td>\n<td>100<\/td>\n<\/tr>\n<tr>\n<td>San Marino (SM)<\/td>\n<td>20<\/td>\n<td>100<\/td>\n<\/tr>\n<tr>\n<td>Slovaquie (SK)<\/td>\n<td>12<\/td>\n<td>100<\/td>\n<\/tr>\n<tr>\n<td>Slov\u00e9nie (SI)<\/td>\n<td>10<\/td>\n<td>100<\/td>\n<\/tr>\n<tr>\n<td>Su\u00e8de (SE)<\/td>\n<td>10<\/td>\n<td>100<\/td>\n<\/tr>\n<\/table>\n<p>D\u00e9lai de livraison<br \/>\nNous livrons les commandes en Allemagne et en Autriche dans un d\u00e9lai de 1 \u00e0 3 jours ouvrables. Les livraisons dans les autres pays de l\u2019UE prennent de 2 \u00e0 7 jours ouvrables.<\/p>\n<p>2.3 Les livraisons aux stations d&#8217;emballage DHL ne sont pas possibles.<\/p>\n","protected":false},"excerpt":{"rendered":"","protected":false},"author":6649,"featured_media":0,"parent":0,"menu_order":0,"comment_status":"closed","ping_status":"closed","template":"","meta":{"_acf_changed":false,"footnotes":""},"acf":[],"yoast_head":"<!-- This site is optimized with the Yoast SEO Premium plugin v22.8 (Yoast SEO v22.8) - https:\/\/yoast.com\/wordpress\/plugins\/seo\/ -->\n<title>Livraison et paiement | Tom Hemp&#039;s<\/title>\n<meta name=\"description\" content=\"Your CBD Shop | Your CBD Brand | born in Berlin - Livraison et paiement\" \/>\n<meta name=\"robots\" content=\"noindex, follow\" \/>\n<meta property=\"og:locale\" content=\"fr_FR\" \/>\n<meta property=\"og:type\" content=\"article\" \/>\n<meta property=\"og:title\" content=\"Livraison et paiement\" \/>\n<meta property=\"og:description\" content=\"Your CBD Shop | Your CBD Brand | born in Berlin - Livraison et paiement\" \/>\n<meta property=\"og:url\" content=\"https:\/\/www.tomhemps.com\/fr\/livraison-et-paiement\/\" \/>\n<meta property=\"og:site_name\" content=\"Your CBD Shop | Your CBD Brand | born in Berlin\" \/>\n<meta property=\"article:publisher\" content=\"https:\/\/www.facebook.com\/tomhempsberlin\/\" \/>\n<meta property=\"article:modified_time\" content=\"2023-08-22T11:11:18+00:00\" \/>\n<meta property=\"og:image\" content=\"https:\/\/www.tomhemps.com\/wp-content\/uploads\/2019\/02\/Tom_Hemps_header_logo-clouds.jpg\" \/>\n\t<meta property=\"og:image:width\" content=\"1536\" \/>\n\t<meta property=\"og:image:height\" content=\"1000\" \/>\n\t<meta property=\"og:image:type\" content=\"image\/jpeg\" \/>\n<meta name=\"twitter:card\" content=\"summary_large_image\" \/>\n<meta name=\"twitter:label1\" content=\"Dur\u00e9e de lecture estim\u00e9e\" \/>\n\t<meta name=\"twitter:data1\" content=\"2 minutes\" \/>\n<script type=\"application\/ld+json\" class=\"yoast-schema-graph\">{\"@context\":\"https:\/\/schema.org\",\"@graph\":[{\"@type\":\"WebPage\",\"@id\":\"https:\/\/www.tomhemps.com\/fr\/livraison-et-paiement\/\",\"url\":\"https:\/\/www.tomhemps.com\/fr\/livraison-et-paiement\/\",\"name\":\"Livraison et paiement | Tom Hemp's\",\"isPartOf\":{\"@id\":\"https:\/\/www.tomhemps.com\/fr\/#website\"},\"datePublished\":\"2018-02-25T18:24:13+00:00\",\"dateModified\":\"2023-08-22T11:11:18+00:00\",\"description\":\"Your CBD Shop | Your CBD Brand | born in Berlin - Livraison et paiement\",\"breadcrumb\":{\"@id\":\"https:\/\/www.tomhemps.com\/fr\/livraison-et-paiement\/#breadcrumb\"},\"inLanguage\":\"fr-FR\",\"potentialAction\":[{\"@type\":\"ReadAction\",\"target\":[\"https:\/\/www.tomhemps.com\/fr\/livraison-et-paiement\/\"]}]},{\"@type\":\"BreadcrumbList\",\"@id\":\"https:\/\/www.tomhemps.com\/fr\/livraison-et-paiement\/#breadcrumb\",\"itemListElement\":[{\"@type\":\"ListItem\",\"position\":1,\"name\":\"Startseite\",\"item\":\"https:\/\/www.tomhemps.com\/fr\/\"},{\"@type\":\"ListItem\",\"position\":2,\"name\":\"Livraison et paiement\"}]},{\"@type\":\"WebSite\",\"@id\":\"https:\/\/www.tomhemps.com\/fr\/#website\",\"url\":\"https:\/\/www.tomhemps.com\/fr\/\",\"name\":\"Your CBD Shop | Your CBD Brand | born in Berlin\",\"description\":\"CBD Shop Berlin\",\"publisher\":{\"@id\":\"https:\/\/www.tomhemps.com\/fr\/#organization\"},\"potentialAction\":[{\"@type\":\"SearchAction\",\"target\":{\"@type\":\"EntryPoint\",\"urlTemplate\":\"https:\/\/www.tomhemps.com\/fr\/?s={search_term_string}\"},\"query-input\":\"required name=search_term_string\"}],\"inLanguage\":\"fr-FR\"},{\"@type\":\"Organization\",\"@id\":\"https:\/\/www.tomhemps.com\/fr\/#organization\",\"name\":\"Tom Hemp's CBD Shop\",\"alternateName\":\"Tom Hemp's Berlin\",\"url\":\"https:\/\/www.tomhemps.com\/fr\/\",\"logo\":{\"@type\":\"ImageObject\",\"inLanguage\":\"fr-FR\",\"@id\":\"https:\/\/www.tomhemps.com\/fr\/#\/schema\/logo\/image\/\",\"url\":\"https:\/\/www.tomhemps.com\/wp-content\/uploads\/2019\/04\/Logo-2019-e1581413011332.jpg\",\"contentUrl\":\"https:\/\/www.tomhemps.com\/wp-content\/uploads\/2019\/04\/Logo-2019-e1581413011332.jpg\",\"width\":460,\"height\":153,\"caption\":\"Tom Hemp's CBD Shop\"},\"image\":{\"@id\":\"https:\/\/www.tomhemps.com\/fr\/#\/schema\/logo\/image\/\"},\"sameAs\":[\"https:\/\/www.facebook.com\/tomhempsberlin\/\",\"https:\/\/www.instagram.com\/tomhemps_cbd\/\",\"https:\/\/www.youtube.com\/channel\/UCbGxDacLx_DRKyder_zVoNw\"]}]}<\/script>\n<!-- \/ Yoast SEO Premium plugin. -->","yoast_head_json":{"title":"Livraison et paiement | Tom Hemp's","description":"Your CBD Shop | Your CBD Brand | born in Berlin - Livraison et paiement","robots":{"index":"noindex","follow":"follow"},"og_locale":"fr_FR","og_type":"article","og_title":"Livraison et paiement","og_description":"Your CBD Shop | Your CBD Brand | born in Berlin - Livraison et paiement","og_url":"https:\/\/www.tomhemps.com\/fr\/livraison-et-paiement\/","og_site_name":"Your CBD Shop | Your CBD Brand | born in Berlin","article_publisher":"https:\/\/www.facebook.com\/tomhempsberlin\/","article_modified_time":"2023-08-22T11:11:18+00:00","og_image":[{"width":1536,"height":1000,"url":"https:\/\/www.tomhemps.com\/wp-content\/uploads\/2019\/02\/Tom_Hemps_header_logo-clouds.jpg","type":"image\/jpeg"}],"twitter_card":"summary_large_image","twitter_misc":{"Dur\u00e9e de lecture estim\u00e9e":"2 minutes"},"schema":{"@context":"https:\/\/schema.org","@graph":[{"@type":"WebPage","@id":"https:\/\/www.tomhemps.com\/fr\/livraison-et-paiement\/","url":"https:\/\/www.tomhemps.com\/fr\/livraison-et-paiement\/","name":"Livraison et paiement | Tom Hemp's","isPartOf":{"@id":"https:\/\/www.tomhemps.com\/fr\/#website"},"datePublished":"2018-02-25T18:24:13+00:00","dateModified":"2023-08-22T11:11:18+00:00","description":"Your CBD Shop | Your CBD Brand | born in Berlin - Livraison et paiement","breadcrumb":{"@id":"https:\/\/www.tomhemps.com\/fr\/livraison-et-paiement\/#breadcrumb"},"inLanguage":"fr-FR","potentialAction":[{"@type":"ReadAction","target":["https:\/\/www.tomhemps.com\/fr\/livraison-et-paiement\/"]}]},{"@type":"BreadcrumbList","@id":"https:\/\/www.tomhemps.com\/fr\/livraison-et-paiement\/#breadcrumb","itemListElement":[{"@type":"ListItem","position":1,"name":"Startseite","item":"https:\/\/www.tomhemps.com\/fr\/"},{"@type":"ListItem","position":2,"name":"Livraison et paiement"}]},{"@type":"WebSite","@id":"https:\/\/www.tomhemps.com\/fr\/#website","url":"https:\/\/www.tomhemps.com\/fr\/","name":"Your CBD Shop | Your CBD Brand | born in Berlin","description":"CBD Shop Berlin","publisher":{"@id":"https:\/\/www.tomhemps.com\/fr\/#organization"},"potentialAction":[{"@type":"SearchAction","target":{"@type":"EntryPoint","urlTemplate":"https:\/\/www.tomhemps.com\/fr\/?s={search_term_string}"},"query-input":"required name=search_term_string"}],"inLanguage":"fr-FR"},{"@type":"Organization","@id":"https:\/\/www.tomhemps.com\/fr\/#organization","name":"Tom Hemp's CBD Shop","alternateName":"Tom Hemp's Berlin","url":"https:\/\/www.tomhemps.com\/fr\/","logo":{"@type":"ImageObject","inLanguage":"fr-FR","@id":"https:\/\/www.tomhemps.com\/fr\/#\/schema\/logo\/image\/","url":"https:\/\/www.tomhemps.com\/wp-content\/uploads\/2019\/04\/Logo-2019-e1581413011332.jpg","contentUrl":"https:\/\/www.tomhemps.com\/wp-content\/uploads\/2019\/04\/Logo-2019-e1581413011332.jpg","width":460,"height":153,"caption":"Tom Hemp's CBD Shop"},"image":{"@id":"https:\/\/www.tomhemps.com\/fr\/#\/schema\/logo\/image\/"},"sameAs":["https:\/\/www.facebook.com\/tomhempsberlin\/","https:\/\/www.instagram.com\/tomhemps_cbd\/","https:\/\/www.youtube.com\/channel\/UCbGxDacLx_DRKyder_zVoNw"]}]}},"_links":{"self":[{"href":"https:\/\/www.tomhemps.com\/fr\/wp-json\/wp\/v2\/pages\/162056"}],"collection":[{"href":"https:\/\/www.tomhemps.com\/fr\/wp-json\/wp\/v2\/pages"}],"about":[{"href":"https:\/\/www.tomhemps.com\/fr\/wp-json\/wp\/v2\/types\/page"}],"author":[{"embeddable":true,"href":"https:\/\/www.tomhemps.com\/fr\/wp-json\/wp\/v2\/users\/6649"}],"replies":[{"embeddable":true,"href":"https:\/\/www.tomhemps.com\/fr\/wp-json\/wp\/v2\/comments?post=162056"}],"version-history":[{"count":4,"href":"https:\/\/www.tomhemps.com\/fr\/wp-json\/wp\/v2\/pages\/162056\/revisions"}],"predecessor-version":[{"id":583522,"href":"https:\/\/www.tomhemps.com\/fr\/wp-json\/wp\/v2\/pages\/162056\/revisions\/583522"}],"wp:attachment":[{"href":"https:\/\/www.tomhemps.com\/fr\/wp-json\/wp\/v2\/media?parent=162056"}],"curies":[{"name":"wp","href":"https:\/\/api.w.org\/{rel}","templated":true}]}}