{"id":162059,"date":"2018-02-25T17:59:41","date_gmt":"2018-02-25T17:59:41","guid":{"rendered":"https:\/\/www.tomhemps.com\/impressum\/"},"modified":"2024-07-31T12:05:39","modified_gmt":"2024-07-31T10:05:39","slug":"mentions-legales","status":"publish","type":"page","link":"https:\/\/www.tomhemps.com\/fr\/mentions-legales\/","title":{"rendered":"Mentions l\u00e9gales"},"content":{"rendered":"<h1>Mentions l\u00e9gales<\/h1>\n<p><strong>Accardo e.K. <\/strong><\/p>\n<p>Cristian Accardo<\/p>\n<p>Revaler Stra\u00dfe 99 Haus 28<br \/>\n10245 Berlin<br \/>\nDeutschland<\/p>\n<p>Num\u00e9ro de t\u00e9l\u00e9phone : 030220135880<\/p>\n<p>Adresse e-mail : office@tomhemps.com<\/p>\n<p>Autres moyens de communication en ligne : WhatsApp (0176 62854206)<\/p>\n<p>Registre du commerce : Amtsgericht Charlottenburg , HRA 61621 B<\/p>\n<p>Num\u00e9ro(s) de TVA intracommunautaire : DE296302623<\/p>\n<p>Responsable conform\u00e9ment au \u00a7 18 MStV :<br \/>\nCristian Accardo<br \/>\nRevaler Stra\u00dfe 99 Haus 28<br \/>\n10245 Berlin<\/p>\n<p>Directeur de la publication : Cristian Accardo<\/p>\n<p>Informations relatives \u00e0 l&rsquo;h\u00e9bergeur : Kinsta Inc., 8605 Santa Monica Blvd #92581, CA 90069 West Hollywood, USA, +44 808 2583 915<\/p>\n<p>La Commission Europ\u00e9enne met \u00e0 la disposition des consommateurs, qui peuvent l\u00b4utiliser pour le r\u00e8glement de leurs litiges, une plateforme en ligne de r\u00e8glement des litiges disponible \u00e0 <a href=\"https:\/\/ec.europa.eu\/consumers\/odr\/\" target=\"_blank\" rel=\"noopener\">cette adresse<\/a>.<\/p>\n<p>En cas de litige, et sous r\u00e9serve du respect des conditions l\u00e9gales, nous participerons \u00e0 une proc\u00e9dure de m\u00e9diation de consommation. Le Centre europ\u00e9en des consommateurs France est comp\u00e9tent pour vous renseigner et pour vous orienter vers l\u2019entit\u00e9 comp\u00e9tente de r\u00e9solution amiable des litiges.<br \/>\nCentre europ\u00e9en des Consommateurs France<br \/>\nBahnhofsplatz 3 &#8211; 77694 Kehl &#8211; Allemagne<br \/>\n<a href=\"https:\/\/www.europe-consommateurs.eu\" target=\"_blank\" rel=\"nofollow noopener\">www.europe-consommateurs.eu<\/a><br \/>\nFormulaire de contact : <a href=\"http:\/\/www.europe-consommateurs.eu\/une-question-une-reclamation.html\" target=\"_blank\" rel=\"noopener\">www.europe-consommateurs.eu\/une-question-une-reclamation.html<\/a><\/p>\n<p>Informations (sources des images) sur les droits d&rsquo;auteur concernant les images que nous utilisons sur ce site web :<\/p>\n<table class=\"table\">\n<tbody>\n<tr>\n<th>Provider<\/th>\n<th>License<\/th>\n<\/tr>\n<tr>\n<td>ShutterStock<\/td>\n<td><a href=\"https:\/\/www.shutterstock.com\/license\" target=\"_blank\" rel=\"noopener\">Shutterstock License Agreement(s)<\/a><\/td>\n<\/tr>\n<tr>\n<td>iStock<\/td>\n<td><a href=\"https:\/\/www.istockphoto.com\/help\/licenses\" target=\"_blank\" rel=\"noopener\">Licenses<\/a><\/td>\n<\/tr>\n<tr>\n<td>UnSplash<\/td>\n<td><a href=\"https:\/\/unsplash.com\/license\" target=\"_blank\" rel=\"noopener\">License<\/a><\/td>\n<\/tr>\n<tr>\n<td>Stocksy<\/td>\n<td><a href=\"https:\/\/www.stocksy.com\/legal\/contentlicense\" target=\"_blank\" rel=\"noopener\">Content License Agreement<\/a><\/td>\n<\/tr>\n<tr>\n<td>Pixabay<\/td>\n<td><a href=\"https:\/\/pixabay.com\/service\/license\/\" target=\"_blank\" rel=\"noopener\">Simplified Pixabay License<\/a><\/td>\n<\/tr>\n<tr>\n<td>Iso Republic<\/td>\n<td><a href=\"https:\/\/isorepublic.com\/license\/\" target=\"_blank\" rel=\"noopener\">License<\/a><\/td>\n<\/tr>\n<\/tbody>\n<\/table>\n<p><a href=\"https:\/\/legal.trustedshops.com\/produkte\/rechtstexter\" target=\"_blank\" rel=\"noopener\">Impressum<\/a>\u00a0erstellt mit dem\u00a0<a href=\"https:\/\/legal.trustedshops.com\/\" target=\"_blank\" rel=\"noopener\">Trusted Shops<\/a>\u00a0Rechtstexter<\/p>\n","protected":false},"excerpt":{"rendered":"","protected":false},"author":6649,"featured_media":0,"parent":0,"menu_order":0,"comment_status":"closed","ping_status":"closed","template":"page-templates\/terms.php","meta":{"_acf_changed":false,"footnotes":""},"acf":[],"yoast_head":"<!-- This site is optimized with the Yoast SEO Premium plugin v22.8 (Yoast SEO v22.8) - https:\/\/yoast.com\/wordpress\/plugins\/seo\/ -->\n<title>Mentions l\u00e9gales | Tom Hemp&#039;s<\/title>\n<meta name=\"description\" content=\"Your CBD Shop | Your CBD Brand | born in Berlin - Mentions l\u00e9gales\" \/>\n<meta name=\"robots\" content=\"noindex, nofollow\" \/>\n<meta property=\"og:locale\" content=\"fr_FR\" \/>\n<meta property=\"og:type\" content=\"article\" \/>\n<meta property=\"og:title\" content=\"Mentions l\u00e9gales\" \/>\n<meta property=\"og:description\" content=\"Your CBD Shop | Your CBD Brand | born in Berlin - Mentions l\u00e9gales\" \/>\n<meta property=\"og:url\" content=\"https:\/\/www.tomhemps.com\/fr\/mentions-legales\/\" \/>\n<meta property=\"og:site_name\" content=\"Your CBD Shop | Your CBD Brand | born in Berlin\" \/>\n<meta property=\"article:publisher\" content=\"https:\/\/www.facebook.com\/tomhempsberlin\/\" \/>\n<meta property=\"article:modified_time\" content=\"2024-07-31T10:05:39+00:00\" \/>\n<meta property=\"og:image\" content=\"https:\/\/www.tomhemps.com\/wp-content\/uploads\/2019\/02\/Tom_Hemps_header_logo-clouds.jpg\" \/>\n\t<meta property=\"og:image:width\" content=\"1536\" \/>\n\t<meta property=\"og:image:height\" content=\"1000\" \/>\n\t<meta property=\"og:image:type\" content=\"image\/jpeg\" \/>\n<meta name=\"twitter:card\" content=\"summary_large_image\" \/>\n<meta name=\"twitter:label1\" content=\"Dur\u00e9e de lecture estim\u00e9e\" \/>\n\t<meta name=\"twitter:data1\" content=\"1 minute\" \/>\n<script type=\"application\/ld+json\" class=\"yoast-schema-graph\">{\"@context\":\"https:\/\/schema.org\",\"@graph\":[{\"@type\":\"WebPage\",\"@id\":\"https:\/\/www.tomhemps.com\/fr\/mentions-legales\/\",\"url\":\"https:\/\/www.tomhemps.com\/fr\/mentions-legales\/\",\"name\":\"Mentions l\u00e9gales | Tom Hemp's\",\"isPartOf\":{\"@id\":\"https:\/\/www.tomhemps.com\/fr\/#website\"},\"datePublished\":\"2018-02-25T17:59:41+00:00\",\"dateModified\":\"2024-07-31T10:05:39+00:00\",\"description\":\"Your CBD Shop | Your CBD Brand | born in Berlin - Mentions l\u00e9gales\",\"breadcrumb\":{\"@id\":\"https:\/\/www.tomhemps.com\/fr\/mentions-legales\/#breadcrumb\"},\"inLanguage\":\"fr-FR\",\"potentialAction\":[{\"@type\":\"ReadAction\",\"target\":[\"https:\/\/www.tomhemps.com\/fr\/mentions-legales\/\"]}]},{\"@type\":\"BreadcrumbList\",\"@id\":\"https:\/\/www.tomhemps.com\/fr\/mentions-legales\/#breadcrumb\",\"itemListElement\":[{\"@type\":\"ListItem\",\"position\":1,\"name\":\"Startseite\",\"item\":\"https:\/\/www.tomhemps.com\/fr\/\"},{\"@type\":\"ListItem\",\"position\":2,\"name\":\"Mentions l\u00e9gales\"}]},{\"@type\":\"WebSite\",\"@id\":\"https:\/\/www.tomhemps.com\/fr\/#website\",\"url\":\"https:\/\/www.tomhemps.com\/fr\/\",\"name\":\"Your CBD Shop | Your CBD Brand | born in Berlin\",\"description\":\"CBD Shop Berlin\",\"publisher\":{\"@id\":\"https:\/\/www.tomhemps.com\/fr\/#organization\"},\"potentialAction\":[{\"@type\":\"SearchAction\",\"target\":{\"@type\":\"EntryPoint\",\"urlTemplate\":\"https:\/\/www.tomhemps.com\/fr\/?s={search_term_string}\"},\"query-input\":\"required name=search_term_string\"}],\"inLanguage\":\"fr-FR\"},{\"@type\":\"Organization\",\"@id\":\"https:\/\/www.tomhemps.com\/fr\/#organization\",\"name\":\"Tom Hemp's CBD Shop\",\"alternateName\":\"Tom Hemp's Berlin\",\"url\":\"https:\/\/www.tomhemps.com\/fr\/\",\"logo\":{\"@type\":\"ImageObject\",\"inLanguage\":\"fr-FR\",\"@id\":\"https:\/\/www.tomhemps.com\/fr\/#\/schema\/logo\/image\/\",\"url\":\"https:\/\/www.tomhemps.com\/wp-content\/uploads\/2019\/04\/Logo-2019-e1581413011332.jpg\",\"contentUrl\":\"https:\/\/www.tomhemps.com\/wp-content\/uploads\/2019\/04\/Logo-2019-e1581413011332.jpg\",\"width\":460,\"height\":153,\"caption\":\"Tom Hemp's CBD Shop\"},\"image\":{\"@id\":\"https:\/\/www.tomhemps.com\/fr\/#\/schema\/logo\/image\/\"},\"sameAs\":[\"https:\/\/www.facebook.com\/tomhempsberlin\/\",\"https:\/\/www.instagram.com\/tomhemps_cbd\/\",\"https:\/\/www.youtube.com\/channel\/UCbGxDacLx_DRKyder_zVoNw\"]}]}<\/script>\n<!-- \/ Yoast SEO Premium plugin. -->","yoast_head_json":{"title":"Mentions l\u00e9gales | Tom Hemp's","description":"Your CBD Shop | Your CBD Brand | born in Berlin - Mentions l\u00e9gales","robots":{"index":"noindex","follow":"nofollow"},"og_locale":"fr_FR","og_type":"article","og_title":"Mentions l\u00e9gales","og_description":"Your CBD Shop | Your CBD Brand | born in Berlin - Mentions l\u00e9gales","og_url":"https:\/\/www.tomhemps.com\/fr\/mentions-legales\/","og_site_name":"Your CBD Shop | Your CBD Brand | born in Berlin","article_publisher":"https:\/\/www.facebook.com\/tomhempsberlin\/","article_modified_time":"2024-07-31T10:05:39+00:00","og_image":[{"width":1536,"height":1000,"url":"https:\/\/www.tomhemps.com\/wp-content\/uploads\/2019\/02\/Tom_Hemps_header_logo-clouds.jpg","type":"image\/jpeg"}],"twitter_card":"summary_large_image","twitter_misc":{"Dur\u00e9e de lecture estim\u00e9e":"1 minute"},"schema":{"@context":"https:\/\/schema.org","@graph":[{"@type":"WebPage","@id":"https:\/\/www.tomhemps.com\/fr\/mentions-legales\/","url":"https:\/\/www.tomhemps.com\/fr\/mentions-legales\/","name":"Mentions l\u00e9gales | Tom Hemp's","isPartOf":{"@id":"https:\/\/www.tomhemps.com\/fr\/#website"},"datePublished":"2018-02-25T17:59:41+00:00","dateModified":"2024-07-31T10:05:39+00:00","description":"Your CBD Shop | Your CBD Brand | born in Berlin - Mentions l\u00e9gales","breadcrumb":{"@id":"https:\/\/www.tomhemps.com\/fr\/mentions-legales\/#breadcrumb"},"inLanguage":"fr-FR","potentialAction":[{"@type":"ReadAction","target":["https:\/\/www.tomhemps.com\/fr\/mentions-legales\/"]}]},{"@type":"BreadcrumbList","@id":"https:\/\/www.tomhemps.com\/fr\/mentions-legales\/#breadcrumb","itemListElement":[{"@type":"ListItem","position":1,"name":"Startseite","item":"https:\/\/www.tomhemps.com\/fr\/"},{"@type":"ListItem","position":2,"name":"Mentions l\u00e9gales"}]},{"@type":"WebSite","@id":"https:\/\/www.tomhemps.com\/fr\/#website","url":"https:\/\/www.tomhemps.com\/fr\/","name":"Your CBD Shop | Your CBD Brand | born in Berlin","description":"CBD Shop Berlin","publisher":{"@id":"https:\/\/www.tomhemps.com\/fr\/#organization"},"potentialAction":[{"@type":"SearchAction","target":{"@type":"EntryPoint","urlTemplate":"https:\/\/www.tomhemps.com\/fr\/?s={search_term_string}"},"query-input":"required name=search_term_string"}],"inLanguage":"fr-FR"},{"@type":"Organization","@id":"https:\/\/www.tomhemps.com\/fr\/#organization","name":"Tom Hemp's CBD Shop","alternateName":"Tom Hemp's Berlin","url":"https:\/\/www.tomhemps.com\/fr\/","logo":{"@type":"ImageObject","inLanguage":"fr-FR","@id":"https:\/\/www.tomhemps.com\/fr\/#\/schema\/logo\/image\/","url":"https:\/\/www.tomhemps.com\/wp-content\/uploads\/2019\/04\/Logo-2019-e1581413011332.jpg","contentUrl":"https:\/\/www.tomhemps.com\/wp-content\/uploads\/2019\/04\/Logo-2019-e1581413011332.jpg","width":460,"height":153,"caption":"Tom Hemp's CBD Shop"},"image":{"@id":"https:\/\/www.tomhemps.com\/fr\/#\/schema\/logo\/image\/"},"sameAs":["https:\/\/www.facebook.com\/tomhempsberlin\/","https:\/\/www.instagram.com\/tomhemps_cbd\/","https:\/\/www.youtube.com\/channel\/UCbGxDacLx_DRKyder_zVoNw"]}]}},"_links":{"self":[{"href":"https:\/\/www.tomhemps.com\/fr\/wp-json\/wp\/v2\/pages\/162059"}],"collection":[{"href":"https:\/\/www.tomhemps.com\/fr\/wp-json\/wp\/v2\/pages"}],"about":[{"href":"https:\/\/www.tomhemps.com\/fr\/wp-json\/wp\/v2\/types\/page"}],"author":[{"embeddable":true,"href":"https:\/\/www.tomhemps.com\/fr\/wp-json\/wp\/v2\/users\/6649"}],"replies":[{"embeddable":true,"href":"https:\/\/www.tomhemps.com\/fr\/wp-json\/wp\/v2\/comments?post=162059"}],"version-history":[{"count":5,"href":"https:\/\/www.tomhemps.com\/fr\/wp-json\/wp\/v2\/pages\/162059\/revisions"}],"predecessor-version":[{"id":619525,"href":"https:\/\/www.tomhemps.com\/fr\/wp-json\/wp\/v2\/pages\/162059\/revisions\/619525"}],"wp:attachment":[{"href":"https:\/\/www.tomhemps.com\/fr\/wp-json\/wp\/v2\/media?parent=162059"}],"curies":[{"name":"wp","href":"https:\/\/api.w.org\/{rel}","templated":true}]}}