{"id":162069,"date":"2018-02-25T18:15:44","date_gmt":"2018-02-25T18:15:44","guid":{"rendered":"https:\/\/www.tomhemps.com\/widerrufsbelehrung\/"},"modified":"2024-07-31T12:09:18","modified_gmt":"2024-07-31T10:09:18","slug":"politique-dannulation","status":"publish","type":"page","link":"https:\/\/www.tomhemps.com\/fr\/politique-dannulation\/","title":{"rendered":"Politique d&rsquo;annulation"},"content":{"rendered":"<h1><strong>Informations sur la r\u00e9tractation<\/strong><\/h1>\n<p>Les consommateurs ont un droit de r\u00e9tractation de quatorze jours.<\/p>\n<p><strong>Informations sur la r\u00e9tractation<\/strong><\/p>\n<p><strong>Droit de r\u00e9tractation<\/strong><\/p>\n<p>Vous avez le droit dans un d\u00e9lai de quatorze jours de vous r\u00e9tracter du pr\u00e9sent contrat sans donner de motif. Le d\u00e9lai de r\u00e9tractation expire quatorze jours apr\u00e8s le jour o\u00f9 vous-m\u00eame, ou un tiers autre que le transporteur et d\u00e9sign\u00e9 par vous, prend physiquement possession du dernier lot ou de la derni\u00e8re pi\u00e8ce.<\/p>\n<p>Pour exercer le droit de r\u00e9tractation, vous devez nous notifier (Accardo e.K. , Revaler Stra\u00dfe 99 Haus 28 , 10245 Berlin, Deutschland, office@tomhemps.com, num\u00e9ro de t\u00e9l\u00e9phone : 030220135880) votre d\u00e9cision de r\u00e9tractation du pr\u00e9sent contrat au moyen d\u2019une d\u00e9claration d\u00e9nu\u00e9e d\u2019ambigu\u00eft\u00e9 (par exemple, lettre envoy\u00e9e par la poste ou courrier \u00e9lectronique). Vous pouvez utiliser le mod\u00e8le de formulaire de r\u00e9tractation mais ce n\u2019est pas obligatoire.<\/p>\n<p>Pour que le d\u00e9lai de r\u00e9tractation soit respect\u00e9, il suffit que vous transmettiez votre communication relative \u00e0 l\u2019exercice du droit de r\u00e9tractation avant l\u2019expiration du d\u00e9lai de r\u00e9tractation.<\/p>\n<p><strong>Effets de la r\u00e9tractation<\/strong><\/p>\n<p>En cas de r\u00e9tractation de votre part du pr\u00e9sent contrat, nous vous rembourserons tous les paiements re\u00e7us de vous, y compris les frais de livraison (\u00e0 l\u2019exception des frais suppl\u00e9mentaires d\u00e9coulant du fait que vous avez choisi, le cas \u00e9ch\u00e9ant, un mode de livraison autre que le mode moins co\u00fbteux de livraison standard propos\u00e9 par nous) sans retard excessif et, en tout \u00e9tat de cause, au plus tard quatorze jours \u00e0 compter du jour o\u00f9 nous sommes inform\u00e9s de votre d\u00e9cision de r\u00e9tractation du pr\u00e9sent contrat. Nous proc\u00e9derons au remboursement en utilisant le m\u00eame moyen de paiement que celui que vous aurez utilis\u00e9 pour la transaction initiale, sauf si vous convenez express\u00e9ment d\u2019un moyen diff\u00e9rent; en tout \u00e9tat de cause, ce remboursement n\u2019occasionnera pas de frais pour vous. Nous pouvons diff\u00e9rer le remboursement jusqu\u2019\u00e0 ce que nous ayons re\u00e7u le bien ou jusqu\u2019\u00e0 ce que vous ayez fourni une preuve d\u2019exp\u00e9dition du bien, la date retenue \u00e9tant celle du premier de ces faits.<\/p>\n<p>Vous devrez renvoyer ou rendre le bien, \u00e0 nous-m\u00eames sans retard excessif et, en tout \u00e9tat de cause, au plus tard quatorze jours apr\u00e8s que vous nous aurez communiqu\u00e9 votre d\u00e9cision de r\u00e9tractation du pr\u00e9sent contrat. Ce d\u00e9lai est r\u00e9put\u00e9 respect\u00e9 si vous renvoyez le bien avant l\u2019expiration du d\u00e9lai de quatorze jours. Nous prendrons en charge les frais de renvoi du bien. Votre responsabilit\u00e9 n\u2019est engag\u00e9e qu\u2019\u00e0 l\u2019\u00e9gard de la d\u00e9pr\u00e9ciation du bien r\u00e9sultant de manipulations autres que celles n\u00e9cessaires pour \u00e9tablir la nature, les caract\u00e9ristiques et le bon fonctionnement de ce bien.<\/p>\n<p>Le droit de r\u00e9tractation ne peut \u00eatre exerc\u00e9 pour les contrats suivants :<\/p>\n<ul>\n<li>Contrats de fourniture de biens qui ont \u00e9t\u00e9 descell\u00e9s par le consommateur apr\u00e8s la livraison et qui ne peuvent \u00eatre renvoy\u00e9s pour des raisons d&rsquo;hygi\u00e8ne ou de protection de la sant\u00e9.<\/li>\n<\/ul>\n<table border=\"1\" cellspacing=\"1\" cellpadding=\"1\">\n<tbody>\n<tr>\n<td><strong>Formulaire de r\u00e9tractation<\/strong><\/p>\n<p><em>(Veuillez compl\u00e9ter et renvoyer le pr\u00e9sent formulaire uniquement si vous souhaitez vous r\u00e9tracter du contrat)<\/em><\/p>\n<p>\u2014 \u00c0 l\u2019attention de Accardo e.K. , Revaler Stra\u00dfe 99 Haus 28 , Berlin, Deutschland, office@tomhemps.com<\/p>\n<p>\u2014 Je\/Nous (*) vous notifie\/notifions (*) par la pr\u00e9sente ma\/notre (*) r\u00e9tractation du contrat portant sur la vente du<br \/>\nbien (*)\/pour la prestation de service (*) ci-dessous<\/p>\n<p>\u2014 Command\u00e9 le (*)\/re\u00e7u le (*)<\/p>\n<p>\u2014 Nom du (des) consommateur(s)<\/p>\n<p>\u2014 Adresse du (des) consommateur(s)<\/p>\n<p>\u2014 Signature du (des) consommateur(s) (uniquement en cas de notification du pr\u00e9sent formulaire sur papier)<\/p>\n<p>\u2014 Date<\/p>\n<p>(*) Rayez la mention inutile<\/td>\n<\/tr>\n<\/tbody>\n<\/table>\n<p><strong>\u00c9tiquettes de retour<\/strong><br \/>\nSans pr\u00e9judice de vos droits l\u00e9gaux, nous vous fournirons des \u00e9tiquettes de retour gratuites pour le renvoi des biens. Si vous utilisez ces \u00e9tiquettes de retour, vous b\u00e9n\u00e9ficiez de la gratuit\u00e9 du renvoi. Nous vous fournirons l&rsquo;\u00e9tiquette de retour par e-mail. Vous pouvez retourner le colis dans un point de retrait du prestataire de services de livraison concern\u00e9 situ\u00e9 en France m\u00e9tropolitaine.<\/p>\n<p><a href=\"https:\/\/legal.trustedshops.com\/produkte\/rechtstexter\" target=\"_blank\" rel=\"noopener\">Widerrufsbelehrung<\/a>\u00a0erstellt mit dem\u00a0<a href=\"https:\/\/legal.trustedshops.com\" target=\"_blank\" rel=\"noopener\">Trusted Shops<\/a>\u00a0Rechtstexter<\/p>\n","protected":false},"excerpt":{"rendered":"","protected":false},"author":6649,"featured_media":0,"parent":0,"menu_order":0,"comment_status":"closed","ping_status":"closed","template":"page-templates\/terms.php","meta":{"_acf_changed":false,"footnotes":""},"acf":[],"yoast_head":"<!-- This site is optimized with the Yoast SEO Premium plugin v22.8 (Yoast SEO v22.8) - https:\/\/yoast.com\/wordpress\/plugins\/seo\/ -->\n<title>Politique d&#039;annulation | Tom Hemp&#039;s<\/title>\n<meta name=\"description\" content=\"Your CBD Shop | Your CBD Brand | born in Berlin - Politique d&#039;annulation\" \/>\n<meta name=\"robots\" content=\"noindex, nofollow\" \/>\n<meta property=\"og:locale\" content=\"fr_FR\" \/>\n<meta property=\"og:type\" content=\"article\" \/>\n<meta property=\"og:title\" content=\"Politique d&#039;annulation\" \/>\n<meta property=\"og:description\" content=\"Your CBD Shop | Your CBD Brand | born in Berlin - Politique d&#039;annulation\" \/>\n<meta property=\"og:url\" content=\"https:\/\/www.tomhemps.com\/fr\/politique-dannulation\/\" \/>\n<meta property=\"og:site_name\" content=\"Your CBD Shop | Your CBD Brand | born in Berlin\" \/>\n<meta property=\"article:publisher\" content=\"https:\/\/www.facebook.com\/tomhempsberlin\/\" \/>\n<meta property=\"article:modified_time\" content=\"2024-07-31T10:09:18+00:00\" \/>\n<meta property=\"og:image\" content=\"https:\/\/www.tomhemps.com\/wp-content\/uploads\/2019\/02\/Tom_Hemps_header_logo-clouds.jpg\" \/>\n\t<meta property=\"og:image:width\" content=\"1536\" \/>\n\t<meta property=\"og:image:height\" content=\"1000\" \/>\n\t<meta property=\"og:image:type\" content=\"image\/jpeg\" \/>\n<meta name=\"twitter:card\" content=\"summary_large_image\" \/>\n<meta name=\"twitter:label1\" content=\"Dur\u00e9e de lecture estim\u00e9e\" \/>\n\t<meta name=\"twitter:data1\" content=\"3 minutes\" \/>\n<script type=\"application\/ld+json\" class=\"yoast-schema-graph\">{\"@context\":\"https:\/\/schema.org\",\"@graph\":[{\"@type\":\"WebPage\",\"@id\":\"https:\/\/www.tomhemps.com\/fr\/politique-dannulation\/\",\"url\":\"https:\/\/www.tomhemps.com\/fr\/politique-dannulation\/\",\"name\":\"Politique d'annulation | Tom Hemp's\",\"isPartOf\":{\"@id\":\"https:\/\/www.tomhemps.com\/fr\/#website\"},\"datePublished\":\"2018-02-25T18:15:44+00:00\",\"dateModified\":\"2024-07-31T10:09:18+00:00\",\"description\":\"Your CBD Shop | Your CBD Brand | born in Berlin - Politique d'annulation\",\"breadcrumb\":{\"@id\":\"https:\/\/www.tomhemps.com\/fr\/politique-dannulation\/#breadcrumb\"},\"inLanguage\":\"fr-FR\",\"potentialAction\":[{\"@type\":\"ReadAction\",\"target\":[\"https:\/\/www.tomhemps.com\/fr\/politique-dannulation\/\"]}]},{\"@type\":\"BreadcrumbList\",\"@id\":\"https:\/\/www.tomhemps.com\/fr\/politique-dannulation\/#breadcrumb\",\"itemListElement\":[{\"@type\":\"ListItem\",\"position\":1,\"name\":\"Startseite\",\"item\":\"https:\/\/www.tomhemps.com\/fr\/\"},{\"@type\":\"ListItem\",\"position\":2,\"name\":\"Politique d&#8217;annulation\"}]},{\"@type\":\"WebSite\",\"@id\":\"https:\/\/www.tomhemps.com\/fr\/#website\",\"url\":\"https:\/\/www.tomhemps.com\/fr\/\",\"name\":\"Your CBD Shop | Your CBD Brand | born in Berlin\",\"description\":\"CBD Shop Berlin\",\"publisher\":{\"@id\":\"https:\/\/www.tomhemps.com\/fr\/#organization\"},\"potentialAction\":[{\"@type\":\"SearchAction\",\"target\":{\"@type\":\"EntryPoint\",\"urlTemplate\":\"https:\/\/www.tomhemps.com\/fr\/?s={search_term_string}\"},\"query-input\":\"required name=search_term_string\"}],\"inLanguage\":\"fr-FR\"},{\"@type\":\"Organization\",\"@id\":\"https:\/\/www.tomhemps.com\/fr\/#organization\",\"name\":\"Tom Hemp's CBD Shop\",\"alternateName\":\"Tom Hemp's Berlin\",\"url\":\"https:\/\/www.tomhemps.com\/fr\/\",\"logo\":{\"@type\":\"ImageObject\",\"inLanguage\":\"fr-FR\",\"@id\":\"https:\/\/www.tomhemps.com\/fr\/#\/schema\/logo\/image\/\",\"url\":\"https:\/\/www.tomhemps.com\/wp-content\/uploads\/2019\/04\/Logo-2019-e1581413011332.jpg\",\"contentUrl\":\"https:\/\/www.tomhemps.com\/wp-content\/uploads\/2019\/04\/Logo-2019-e1581413011332.jpg\",\"width\":460,\"height\":153,\"caption\":\"Tom Hemp's CBD Shop\"},\"image\":{\"@id\":\"https:\/\/www.tomhemps.com\/fr\/#\/schema\/logo\/image\/\"},\"sameAs\":[\"https:\/\/www.facebook.com\/tomhempsberlin\/\",\"https:\/\/www.instagram.com\/tomhemps_cbd\/\",\"https:\/\/www.youtube.com\/channel\/UCbGxDacLx_DRKyder_zVoNw\"]}]}<\/script>\n<!-- \/ Yoast SEO Premium plugin. -->","yoast_head_json":{"title":"Politique d'annulation | Tom Hemp's","description":"Your CBD Shop | Your CBD Brand | born in Berlin - Politique d'annulation","robots":{"index":"noindex","follow":"nofollow"},"og_locale":"fr_FR","og_type":"article","og_title":"Politique d'annulation","og_description":"Your CBD Shop | Your CBD Brand | born in Berlin - Politique d'annulation","og_url":"https:\/\/www.tomhemps.com\/fr\/politique-dannulation\/","og_site_name":"Your CBD Shop | Your CBD Brand | born in Berlin","article_publisher":"https:\/\/www.facebook.com\/tomhempsberlin\/","article_modified_time":"2024-07-31T10:09:18+00:00","og_image":[{"width":1536,"height":1000,"url":"https:\/\/www.tomhemps.com\/wp-content\/uploads\/2019\/02\/Tom_Hemps_header_logo-clouds.jpg","type":"image\/jpeg"}],"twitter_card":"summary_large_image","twitter_misc":{"Dur\u00e9e de lecture estim\u00e9e":"3 minutes"},"schema":{"@context":"https:\/\/schema.org","@graph":[{"@type":"WebPage","@id":"https:\/\/www.tomhemps.com\/fr\/politique-dannulation\/","url":"https:\/\/www.tomhemps.com\/fr\/politique-dannulation\/","name":"Politique d'annulation | Tom Hemp's","isPartOf":{"@id":"https:\/\/www.tomhemps.com\/fr\/#website"},"datePublished":"2018-02-25T18:15:44+00:00","dateModified":"2024-07-31T10:09:18+00:00","description":"Your CBD Shop | Your CBD Brand | born in Berlin - Politique d'annulation","breadcrumb":{"@id":"https:\/\/www.tomhemps.com\/fr\/politique-dannulation\/#breadcrumb"},"inLanguage":"fr-FR","potentialAction":[{"@type":"ReadAction","target":["https:\/\/www.tomhemps.com\/fr\/politique-dannulation\/"]}]},{"@type":"BreadcrumbList","@id":"https:\/\/www.tomhemps.com\/fr\/politique-dannulation\/#breadcrumb","itemListElement":[{"@type":"ListItem","position":1,"name":"Startseite","item":"https:\/\/www.tomhemps.com\/fr\/"},{"@type":"ListItem","position":2,"name":"Politique d&#8217;annulation"}]},{"@type":"WebSite","@id":"https:\/\/www.tomhemps.com\/fr\/#website","url":"https:\/\/www.tomhemps.com\/fr\/","name":"Your CBD Shop | Your CBD Brand | born in Berlin","description":"CBD Shop Berlin","publisher":{"@id":"https:\/\/www.tomhemps.com\/fr\/#organization"},"potentialAction":[{"@type":"SearchAction","target":{"@type":"EntryPoint","urlTemplate":"https:\/\/www.tomhemps.com\/fr\/?s={search_term_string}"},"query-input":"required name=search_term_string"}],"inLanguage":"fr-FR"},{"@type":"Organization","@id":"https:\/\/www.tomhemps.com\/fr\/#organization","name":"Tom Hemp's CBD Shop","alternateName":"Tom Hemp's Berlin","url":"https:\/\/www.tomhemps.com\/fr\/","logo":{"@type":"ImageObject","inLanguage":"fr-FR","@id":"https:\/\/www.tomhemps.com\/fr\/#\/schema\/logo\/image\/","url":"https:\/\/www.tomhemps.com\/wp-content\/uploads\/2019\/04\/Logo-2019-e1581413011332.jpg","contentUrl":"https:\/\/www.tomhemps.com\/wp-content\/uploads\/2019\/04\/Logo-2019-e1581413011332.jpg","width":460,"height":153,"caption":"Tom Hemp's CBD Shop"},"image":{"@id":"https:\/\/www.tomhemps.com\/fr\/#\/schema\/logo\/image\/"},"sameAs":["https:\/\/www.facebook.com\/tomhempsberlin\/","https:\/\/www.instagram.com\/tomhemps_cbd\/","https:\/\/www.youtube.com\/channel\/UCbGxDacLx_DRKyder_zVoNw"]}]}},"_links":{"self":[{"href":"https:\/\/www.tomhemps.com\/fr\/wp-json\/wp\/v2\/pages\/162069"}],"collection":[{"href":"https:\/\/www.tomhemps.com\/fr\/wp-json\/wp\/v2\/pages"}],"about":[{"href":"https:\/\/www.tomhemps.com\/fr\/wp-json\/wp\/v2\/types\/page"}],"author":[{"embeddable":true,"href":"https:\/\/www.tomhemps.com\/fr\/wp-json\/wp\/v2\/users\/6649"}],"replies":[{"embeddable":true,"href":"https:\/\/www.tomhemps.com\/fr\/wp-json\/wp\/v2\/comments?post=162069"}],"version-history":[{"count":5,"href":"https:\/\/www.tomhemps.com\/fr\/wp-json\/wp\/v2\/pages\/162069\/revisions"}],"predecessor-version":[{"id":619536,"href":"https:\/\/www.tomhemps.com\/fr\/wp-json\/wp\/v2\/pages\/162069\/revisions\/619536"}],"wp:attachment":[{"href":"https:\/\/www.tomhemps.com\/fr\/wp-json\/wp\/v2\/media?parent=162069"}],"curies":[{"name":"wp","href":"https:\/\/api.w.org\/{rel}","templated":true}]}}