{"id":160418,"date":"2021-03-06T09:29:29","date_gmt":"2020-03-06T08:29:29","guid":{"rendered":"https:\/\/www.tomhemps.com\/product\/the-day-cream\/"},"modified":"2023-07-17T01:00:08","modified_gmt":"2023-07-16T23:00:08","slug":"the-day-cream","status":"publish","type":"product","link":"https:\/\/www.tomhemps.com\/fr\/prf\/the-day-cream\/","title":{"rendered":"The Day Cream"},"content":{"rendered":"","protected":false},"excerpt":{"rendered":"<p>Une cr\u00e8me de jour au CBD fournit tout ce dont votre peau a besoin. L&rsquo;huile de graines de chanvre naturelle est une arme miracle pour l&rsquo;hydratation. L&rsquo;ingr\u00e9dient actif cannabidiol peut apaiser les tiraillements et r\u00e9duire les signes du vieillissement. L&rsquo;aloe vera apporte la r\u00e9sistance n\u00e9cessaire. L&rsquo;effet anti-inflammatoire rend le teint \u00e9clatant. Gr\u00e2ce \u00e0 l&rsquo;ajout d&rsquo;huile d&rsquo;olive et d&rsquo;huile d&rsquo;amande, notre cr\u00e8me nourrissante et r\u00e9g\u00e9n\u00e9rante convient \u00e0 un usage quotidien et \u00e0 tous les types de peau.<\/p>\n","protected":false},"featured_media":160423,"comment_status":"open","ping_status":"closed","template":"","meta":{"_acf_changed":false},"product_cat":[4955],"product_tag":[],"acf":[],"yoast_head":"<!-- This site is optimized with the Yoast SEO Premium plugin v22.8 (Yoast SEO v22.8) - https:\/\/yoast.com\/wordpress\/plugins\/seo\/ -->\n<title>The Day Cream<\/title>\n<meta name=\"description\" content=\"The Day Cream - Your CBD Shop | Your CBD Brand | born in Berlin\" \/>\n<meta name=\"robots\" content=\"index, follow, max-snippet:-1, max-image-preview:large, max-video-preview:-1\" \/>\n<link rel=\"canonical\" href=\"https:\/\/www.tomhemps.com\/fr\/prf\/the-day-cream\/\" \/>\n<meta property=\"og:locale\" content=\"fr_FR\" \/>\n<meta property=\"og:type\" content=\"article\" \/>\n<meta property=\"og:title\" content=\"The Day Cream\" \/>\n<meta property=\"og:description\" content=\"The Day Cream - Your CBD Shop | Your CBD Brand | born in Berlin\" \/>\n<meta property=\"og:url\" content=\"https:\/\/www.tomhemps.com\/fr\/prf\/the-day-cream\/\" \/>\n<meta property=\"og:site_name\" content=\"Your CBD Shop | Your CBD Brand | born in Berlin\" \/>\n<meta property=\"article:publisher\" content=\"https:\/\/www.facebook.com\/tomhempsberlin\/\" \/>\n<meta property=\"article:modified_time\" content=\"2023-07-16T23:00:08+00:00\" \/>\n<meta property=\"og:image\" content=\"https:\/\/www.tomhemps.com\/wp-content\/uploads\/2020\/07\/TomHemps_Thedaycream_tagescreme_Desktop_Detail_HD_1780x1600.png\" \/>\n\t<meta property=\"og:image:width\" content=\"1780\" \/>\n\t<meta property=\"og:image:height\" content=\"1600\" \/>\n\t<meta property=\"og:image:type\" content=\"image\/png\" \/>\n<meta name=\"twitter:card\" content=\"summary_large_image\" \/>\n<script type=\"application\/ld+json\" class=\"yoast-schema-graph\">{\"@context\":\"https:\/\/schema.org\",\"@graph\":[{\"@type\":\"WebPage\",\"@id\":\"https:\/\/www.tomhemps.com\/fr\/prf\/the-day-cream\/\",\"url\":\"https:\/\/www.tomhemps.com\/fr\/prf\/the-day-cream\/\",\"name\":\"The Day Cream\",\"isPartOf\":{\"@id\":\"https:\/\/www.tomhemps.com\/fr\/#website\"},\"primaryImageOfPage\":{\"@id\":\"https:\/\/www.tomhemps.com\/fr\/prf\/the-day-cream\/#primaryimage\"},\"image\":{\"@id\":\"https:\/\/www.tomhemps.com\/fr\/prf\/the-day-cream\/#primaryimage\"},\"thumbnailUrl\":\"https:\/\/www.tomhemps.com\/wp-content\/uploads\/2020\/07\/TomHemps_Thedaycream_tagescreme_Desktop_Detail_HD_1780x1600.png\",\"datePublished\":\"2020-03-06T08:29:29+00:00\",\"dateModified\":\"2023-07-16T23:00:08+00:00\",\"description\":\"The Day Cream - Your CBD Shop | Your CBD Brand | born in Berlin\",\"breadcrumb\":{\"@id\":\"https:\/\/www.tomhemps.com\/fr\/prf\/the-day-cream\/#breadcrumb\"},\"inLanguage\":\"fr-FR\",\"potentialAction\":[{\"@type\":\"ReadAction\",\"target\":[\"https:\/\/www.tomhemps.com\/fr\/prf\/the-day-cream\/\"]}]},{\"@type\":\"ImageObject\",\"inLanguage\":\"fr-FR\",\"@id\":\"https:\/\/www.tomhemps.com\/fr\/prf\/the-day-cream\/#primaryimage\",\"url\":\"https:\/\/www.tomhemps.com\/wp-content\/uploads\/2020\/07\/TomHemps_Thedaycream_tagescreme_Desktop_Detail_HD_1780x1600.png\",\"contentUrl\":\"https:\/\/www.tomhemps.com\/wp-content\/uploads\/2020\/07\/TomHemps_Thedaycream_tagescreme_Desktop_Detail_HD_1780x1600.png\",\"width\":1780,\"height\":1600},{\"@type\":\"BreadcrumbList\",\"@id\":\"https:\/\/www.tomhemps.com\/fr\/prf\/the-day-cream\/#breadcrumb\",\"itemListElement\":[{\"@type\":\"ListItem\",\"position\":1,\"name\":\"Startseite\",\"item\":\"https:\/\/www.tomhemps.com\/fr\/\"},{\"@type\":\"ListItem\",\"position\":2,\"name\":\"Shop\",\"item\":\"https:\/\/www.tomhemps.com\/fr\/shop\/\"},{\"@type\":\"ListItem\",\"position\":3,\"name\":\"The Day Cream\"}]},{\"@type\":\"WebSite\",\"@id\":\"https:\/\/www.tomhemps.com\/fr\/#website\",\"url\":\"https:\/\/www.tomhemps.com\/fr\/\",\"name\":\"Your CBD Shop | Your CBD Brand | born in Berlin\",\"description\":\"CBD Shop Berlin\",\"publisher\":{\"@id\":\"https:\/\/www.tomhemps.com\/fr\/#organization\"},\"potentialAction\":[{\"@type\":\"SearchAction\",\"target\":{\"@type\":\"EntryPoint\",\"urlTemplate\":\"https:\/\/www.tomhemps.com\/fr\/?s={search_term_string}\"},\"query-input\":\"required name=search_term_string\"}],\"inLanguage\":\"fr-FR\"},{\"@type\":\"Organization\",\"@id\":\"https:\/\/www.tomhemps.com\/fr\/#organization\",\"name\":\"Tom Hemp's CBD Shop\",\"alternateName\":\"Tom Hemp's Berlin\",\"url\":\"https:\/\/www.tomhemps.com\/fr\/\",\"logo\":{\"@type\":\"ImageObject\",\"inLanguage\":\"fr-FR\",\"@id\":\"https:\/\/www.tomhemps.com\/fr\/#\/schema\/logo\/image\/\",\"url\":\"https:\/\/www.tomhemps.com\/wp-content\/uploads\/2019\/04\/Logo-2019-e1581413011332.jpg\",\"contentUrl\":\"https:\/\/www.tomhemps.com\/wp-content\/uploads\/2019\/04\/Logo-2019-e1581413011332.jpg\",\"width\":460,\"height\":153,\"caption\":\"Tom Hemp's CBD Shop\"},\"image\":{\"@id\":\"https:\/\/www.tomhemps.com\/fr\/#\/schema\/logo\/image\/\"},\"sameAs\":[\"https:\/\/www.facebook.com\/tomhempsberlin\/\",\"https:\/\/www.instagram.com\/tomhemps_cbd\/\",\"https:\/\/www.youtube.com\/channel\/UCbGxDacLx_DRKyder_zVoNw\"]}]}<\/script>\n<!-- \/ Yoast SEO Premium plugin. -->","yoast_head_json":{"title":"The Day Cream","description":"The Day Cream - Your CBD Shop | Your CBD Brand | born in Berlin","robots":{"index":"index","follow":"follow","max-snippet":"max-snippet:-1","max-image-preview":"max-image-preview:large","max-video-preview":"max-video-preview:-1"},"canonical":"https:\/\/www.tomhemps.com\/fr\/prf\/the-day-cream\/","og_locale":"fr_FR","og_type":"article","og_title":"The Day Cream","og_description":"The Day Cream - Your CBD Shop | Your CBD Brand | born in Berlin","og_url":"https:\/\/www.tomhemps.com\/fr\/prf\/the-day-cream\/","og_site_name":"Your CBD Shop | Your CBD Brand | born in Berlin","article_publisher":"https:\/\/www.facebook.com\/tomhempsberlin\/","article_modified_time":"2023-07-16T23:00:08+00:00","og_image":[{"width":1780,"height":1600,"url":"https:\/\/www.tomhemps.com\/wp-content\/uploads\/2020\/07\/TomHemps_Thedaycream_tagescreme_Desktop_Detail_HD_1780x1600.png","type":"image\/png"}],"twitter_card":"summary_large_image","schema":{"@context":"https:\/\/schema.org","@graph":[{"@type":"WebPage","@id":"https:\/\/www.tomhemps.com\/fr\/prf\/the-day-cream\/","url":"https:\/\/www.tomhemps.com\/fr\/prf\/the-day-cream\/","name":"The Day Cream","isPartOf":{"@id":"https:\/\/www.tomhemps.com\/fr\/#website"},"primaryImageOfPage":{"@id":"https:\/\/www.tomhemps.com\/fr\/prf\/the-day-cream\/#primaryimage"},"image":{"@id":"https:\/\/www.tomhemps.com\/fr\/prf\/the-day-cream\/#primaryimage"},"thumbnailUrl":"https:\/\/www.tomhemps.com\/wp-content\/uploads\/2020\/07\/TomHemps_Thedaycream_tagescreme_Desktop_Detail_HD_1780x1600.png","datePublished":"2020-03-06T08:29:29+00:00","dateModified":"2023-07-16T23:00:08+00:00","description":"The Day Cream - Your CBD Shop | Your CBD Brand | born in Berlin","breadcrumb":{"@id":"https:\/\/www.tomhemps.com\/fr\/prf\/the-day-cream\/#breadcrumb"},"inLanguage":"fr-FR","potentialAction":[{"@type":"ReadAction","target":["https:\/\/www.tomhemps.com\/fr\/prf\/the-day-cream\/"]}]},{"@type":"ImageObject","inLanguage":"fr-FR","@id":"https:\/\/www.tomhemps.com\/fr\/prf\/the-day-cream\/#primaryimage","url":"https:\/\/www.tomhemps.com\/wp-content\/uploads\/2020\/07\/TomHemps_Thedaycream_tagescreme_Desktop_Detail_HD_1780x1600.png","contentUrl":"https:\/\/www.tomhemps.com\/wp-content\/uploads\/2020\/07\/TomHemps_Thedaycream_tagescreme_Desktop_Detail_HD_1780x1600.png","width":1780,"height":1600},{"@type":"BreadcrumbList","@id":"https:\/\/www.tomhemps.com\/fr\/prf\/the-day-cream\/#breadcrumb","itemListElement":[{"@type":"ListItem","position":1,"name":"Startseite","item":"https:\/\/www.tomhemps.com\/fr\/"},{"@type":"ListItem","position":2,"name":"Shop","item":"https:\/\/www.tomhemps.com\/fr\/shop\/"},{"@type":"ListItem","position":3,"name":"The Day Cream"}]},{"@type":"WebSite","@id":"https:\/\/www.tomhemps.com\/fr\/#website","url":"https:\/\/www.tomhemps.com\/fr\/","name":"Your CBD Shop | Your CBD Brand | born in Berlin","description":"CBD Shop Berlin","publisher":{"@id":"https:\/\/www.tomhemps.com\/fr\/#organization"},"potentialAction":[{"@type":"SearchAction","target":{"@type":"EntryPoint","urlTemplate":"https:\/\/www.tomhemps.com\/fr\/?s={search_term_string}"},"query-input":"required name=search_term_string"}],"inLanguage":"fr-FR"},{"@type":"Organization","@id":"https:\/\/www.tomhemps.com\/fr\/#organization","name":"Tom Hemp's CBD Shop","alternateName":"Tom Hemp's Berlin","url":"https:\/\/www.tomhemps.com\/fr\/","logo":{"@type":"ImageObject","inLanguage":"fr-FR","@id":"https:\/\/www.tomhemps.com\/fr\/#\/schema\/logo\/image\/","url":"https:\/\/www.tomhemps.com\/wp-content\/uploads\/2019\/04\/Logo-2019-e1581413011332.jpg","contentUrl":"https:\/\/www.tomhemps.com\/wp-content\/uploads\/2019\/04\/Logo-2019-e1581413011332.jpg","width":460,"height":153,"caption":"Tom Hemp's CBD Shop"},"image":{"@id":"https:\/\/www.tomhemps.com\/fr\/#\/schema\/logo\/image\/"},"sameAs":["https:\/\/www.facebook.com\/tomhempsberlin\/","https:\/\/www.instagram.com\/tomhemps_cbd\/","https:\/\/www.youtube.com\/channel\/UCbGxDacLx_DRKyder_zVoNw"]}]}},"fields":{"pi_dd":160421,"pi_t":160422,"pi_tot":"Qu'y a-t-il \u00e0 l'int\u00e9rieur ?","pi_to":"<p>Ingr\u00e9dients : Aqua, jus de feuilles d&rsquo;Aloe Barbadensis, huile de graines de Cannabis Sativa, beurre de Butyrospermum Parkii, alcool c\u00e9t\u00e9arylique, huile de Prunus Amygdalus Dulcis, huile de fruits Olea Europaea, glyc\u00e9rine, Extrait de feuille de cannabis sativa, alcool benzylique, caprylate de glyc\u00e9ryle, und\u00e9cyl\u00e9nate de glyc\u00e9ryle, ac\u00e9tate de tocoph\u00e9ryle, gomme de xanthane, glucosides de c\u00e9t\u00e9aryle, sorbate de potassium, benzoate de sodium<\/p>\n","pi_tst":"Usage","pi_ts":"<p>Appliquez la cr\u00e8me de jour sur le visage, le cou et le d\u00e9collet\u00e9 le matin apr\u00e8s le nettoyage. \u00c9talez doucement la cr\u00e8me sur la zone concern\u00e9e et faites-la p\u00e9n\u00e9trer en massant lentement.<\/p>\n","smoking_product":false,"pi_hd":475495,"pi_hm":475501},"_links":{"self":[{"href":"https:\/\/www.tomhemps.com\/fr\/wp-json\/wp\/v2\/product\/160418"}],"collection":[{"href":"https:\/\/www.tomhemps.com\/fr\/wp-json\/wp\/v2\/product"}],"about":[{"href":"https:\/\/www.tomhemps.com\/fr\/wp-json\/wp\/v2\/types\/product"}],"replies":[{"embeddable":true,"href":"https:\/\/www.tomhemps.com\/fr\/wp-json\/wp\/v2\/comments?post=160418"}],"wp:featuredmedia":[{"embeddable":true,"href":"https:\/\/www.tomhemps.com\/fr\/wp-json\/wp\/v2\/media\/160423"}],"wp:attachment":[{"href":"https:\/\/www.tomhemps.com\/fr\/wp-json\/wp\/v2\/media?parent=160418"}],"wp:term":[{"taxonomy":"product_cat","embeddable":true,"href":"https:\/\/www.tomhemps.com\/fr\/wp-json\/wp\/v2\/product_cat?post=160418"},{"taxonomy":"product_tag","embeddable":true,"href":"https:\/\/www.tomhemps.com\/fr\/wp-json\/wp\/v2\/product_tag?post=160418"}],"curies":[{"name":"wp","href":"https:\/\/api.w.org\/{rel}","templated":true}]}}