{"id":160465,"date":"2017-03-03T14:59:23","date_gmt":"2020-03-28T13:59:23","guid":{"rendered":"https:\/\/www.tomhemps.com\/product\/glow-up-set-1\/"},"modified":"2021-12-09T10:46:12","modified_gmt":"2021-12-09T09:46:12","slug":"glow-up-set-1","status":"publish","type":"product","link":"https:\/\/www.tomhemps.com\/fr\/prf\/glow-up-set-1\/","title":{"rendered":"Glow Up Set"},"content":{"rendered":"","protected":false},"excerpt":{"rendered":"<p>Le set Glow Up\u00a0 prendra soin de votre peau gr\u00e2ce \u00e0 l&rsquo;huile de graines de chanvre nourrissante et \u00e0 l&rsquo;ingr\u00e9dient actif CBD, qui rend votre peau douce et souple. Comment cela fonctionne-t-il ? La lotion pour le corps et la cr\u00e8me de jour du CBD forment un v\u00e9ritable couple puissant. Vous pouvez l&rsquo;offrir ou l&rsquo;utiliser vous-m\u00eame ! Cr\u00e8me pour le visage et lotion pour le corps au CBD ? Oui, bien s\u00fbr ! Ce sont des ingr\u00e9dients de haute qualit\u00e9 pour des soins exceptionnels de la peau et du corps. Vous voulez en savoir plus ? Eh bien&#8230; le CBD est notre obsession !<\/p>\n","protected":false},"featured_media":493412,"comment_status":"open","ping_status":"closed","template":"","meta":{"_acf_changed":false},"product_cat":[4955],"product_tag":[],"acf":[],"yoast_head":"<!-- This site is optimized with the Yoast SEO Premium plugin v22.8 (Yoast SEO v22.8) - https:\/\/yoast.com\/wordpress\/plugins\/seo\/ -->\n<title>Glow Up Set<\/title>\n<meta name=\"description\" content=\"Glow Up Set - Your CBD Shop | Your CBD Brand | born in Berlin\" \/>\n<meta name=\"robots\" content=\"index, follow, max-snippet:-1, max-image-preview:large, max-video-preview:-1\" \/>\n<link rel=\"canonical\" href=\"https:\/\/www.tomhemps.com\/fr\/prf\/glow-up-set-1\/\" \/>\n<meta property=\"og:locale\" content=\"fr_FR\" \/>\n<meta property=\"og:type\" content=\"article\" \/>\n<meta property=\"og:title\" content=\"Glow Up Set\" \/>\n<meta property=\"og:description\" content=\"Glow Up Set - Your CBD Shop | Your CBD Brand | born in Berlin\" \/>\n<meta property=\"og:url\" content=\"https:\/\/www.tomhemps.com\/fr\/prf\/glow-up-set-1\/\" \/>\n<meta property=\"og:site_name\" content=\"Your CBD Shop | Your CBD Brand | born in Berlin\" \/>\n<meta property=\"article:publisher\" content=\"https:\/\/www.facebook.com\/tomhempsberlin\/\" \/>\n<meta property=\"article:modified_time\" content=\"2021-12-09T09:46:12+00:00\" \/>\n<meta property=\"og:image\" content=\"https:\/\/www.tomhemps.com\/wp-content\/uploads\/2017\/03\/tomhemps_GlowUpSet_3_Desktop_Thumbnail_HD_1440x1620.png\" \/>\n\t<meta property=\"og:image:width\" content=\"1440\" \/>\n\t<meta property=\"og:image:height\" content=\"1620\" \/>\n\t<meta property=\"og:image:type\" content=\"image\/png\" \/>\n<meta name=\"twitter:card\" content=\"summary_large_image\" \/>\n<script type=\"application\/ld+json\" class=\"yoast-schema-graph\">{\"@context\":\"https:\/\/schema.org\",\"@graph\":[{\"@type\":\"WebPage\",\"@id\":\"https:\/\/www.tomhemps.com\/fr\/prf\/glow-up-set-1\/\",\"url\":\"https:\/\/www.tomhemps.com\/fr\/prf\/glow-up-set-1\/\",\"name\":\"Glow Up Set\",\"isPartOf\":{\"@id\":\"https:\/\/www.tomhemps.com\/fr\/#website\"},\"primaryImageOfPage\":{\"@id\":\"https:\/\/www.tomhemps.com\/fr\/prf\/glow-up-set-1\/#primaryimage\"},\"image\":{\"@id\":\"https:\/\/www.tomhemps.com\/fr\/prf\/glow-up-set-1\/#primaryimage\"},\"thumbnailUrl\":\"https:\/\/www.tomhemps.com\/wp-content\/uploads\/2017\/03\/tomhemps_GlowUpSet_3_Desktop_Thumbnail_HD_1440x1620.png\",\"datePublished\":\"2020-03-28T13:59:23+00:00\",\"dateModified\":\"2021-12-09T09:46:12+00:00\",\"description\":\"Glow Up Set - Your CBD Shop | Your CBD Brand | born in Berlin\",\"breadcrumb\":{\"@id\":\"https:\/\/www.tomhemps.com\/fr\/prf\/glow-up-set-1\/#breadcrumb\"},\"inLanguage\":\"fr-FR\",\"potentialAction\":[{\"@type\":\"ReadAction\",\"target\":[\"https:\/\/www.tomhemps.com\/fr\/prf\/glow-up-set-1\/\"]}]},{\"@type\":\"ImageObject\",\"inLanguage\":\"fr-FR\",\"@id\":\"https:\/\/www.tomhemps.com\/fr\/prf\/glow-up-set-1\/#primaryimage\",\"url\":\"https:\/\/www.tomhemps.com\/wp-content\/uploads\/2017\/03\/tomhemps_GlowUpSet_3_Desktop_Thumbnail_HD_1440x1620.png\",\"contentUrl\":\"https:\/\/www.tomhemps.com\/wp-content\/uploads\/2017\/03\/tomhemps_GlowUpSet_3_Desktop_Thumbnail_HD_1440x1620.png\",\"width\":1440,\"height\":1620},{\"@type\":\"BreadcrumbList\",\"@id\":\"https:\/\/www.tomhemps.com\/fr\/prf\/glow-up-set-1\/#breadcrumb\",\"itemListElement\":[{\"@type\":\"ListItem\",\"position\":1,\"name\":\"Startseite\",\"item\":\"https:\/\/www.tomhemps.com\/fr\/\"},{\"@type\":\"ListItem\",\"position\":2,\"name\":\"Shop\",\"item\":\"https:\/\/www.tomhemps.com\/fr\/shop\/\"},{\"@type\":\"ListItem\",\"position\":3,\"name\":\"Glow Up Set\"}]},{\"@type\":\"WebSite\",\"@id\":\"https:\/\/www.tomhemps.com\/fr\/#website\",\"url\":\"https:\/\/www.tomhemps.com\/fr\/\",\"name\":\"Your CBD Shop | Your CBD Brand | born in Berlin\",\"description\":\"CBD Shop Berlin\",\"publisher\":{\"@id\":\"https:\/\/www.tomhemps.com\/fr\/#organization\"},\"potentialAction\":[{\"@type\":\"SearchAction\",\"target\":{\"@type\":\"EntryPoint\",\"urlTemplate\":\"https:\/\/www.tomhemps.com\/fr\/?s={search_term_string}\"},\"query-input\":\"required name=search_term_string\"}],\"inLanguage\":\"fr-FR\"},{\"@type\":\"Organization\",\"@id\":\"https:\/\/www.tomhemps.com\/fr\/#organization\",\"name\":\"Tom Hemp's CBD Shop\",\"alternateName\":\"Tom Hemp's Berlin\",\"url\":\"https:\/\/www.tomhemps.com\/fr\/\",\"logo\":{\"@type\":\"ImageObject\",\"inLanguage\":\"fr-FR\",\"@id\":\"https:\/\/www.tomhemps.com\/fr\/#\/schema\/logo\/image\/\",\"url\":\"https:\/\/www.tomhemps.com\/wp-content\/uploads\/2019\/04\/Logo-2019-e1581413011332.jpg\",\"contentUrl\":\"https:\/\/www.tomhemps.com\/wp-content\/uploads\/2019\/04\/Logo-2019-e1581413011332.jpg\",\"width\":460,\"height\":153,\"caption\":\"Tom Hemp's CBD Shop\"},\"image\":{\"@id\":\"https:\/\/www.tomhemps.com\/fr\/#\/schema\/logo\/image\/\"},\"sameAs\":[\"https:\/\/www.facebook.com\/tomhempsberlin\/\",\"https:\/\/www.instagram.com\/tomhemps_cbd\/\",\"https:\/\/www.youtube.com\/channel\/UCbGxDacLx_DRKyder_zVoNw\"]}]}<\/script>\n<!-- \/ Yoast SEO Premium plugin. -->","yoast_head_json":{"title":"Glow Up Set","description":"Glow Up Set - Your CBD Shop | Your CBD Brand | born in Berlin","robots":{"index":"index","follow":"follow","max-snippet":"max-snippet:-1","max-image-preview":"max-image-preview:large","max-video-preview":"max-video-preview:-1"},"canonical":"https:\/\/www.tomhemps.com\/fr\/prf\/glow-up-set-1\/","og_locale":"fr_FR","og_type":"article","og_title":"Glow Up Set","og_description":"Glow Up Set - Your CBD Shop | Your CBD Brand | born in Berlin","og_url":"https:\/\/www.tomhemps.com\/fr\/prf\/glow-up-set-1\/","og_site_name":"Your CBD Shop | Your CBD Brand | born in Berlin","article_publisher":"https:\/\/www.facebook.com\/tomhempsberlin\/","article_modified_time":"2021-12-09T09:46:12+00:00","og_image":[{"width":1440,"height":1620,"url":"https:\/\/www.tomhemps.com\/wp-content\/uploads\/2017\/03\/tomhemps_GlowUpSet_3_Desktop_Thumbnail_HD_1440x1620.png","type":"image\/png"}],"twitter_card":"summary_large_image","schema":{"@context":"https:\/\/schema.org","@graph":[{"@type":"WebPage","@id":"https:\/\/www.tomhemps.com\/fr\/prf\/glow-up-set-1\/","url":"https:\/\/www.tomhemps.com\/fr\/prf\/glow-up-set-1\/","name":"Glow Up Set","isPartOf":{"@id":"https:\/\/www.tomhemps.com\/fr\/#website"},"primaryImageOfPage":{"@id":"https:\/\/www.tomhemps.com\/fr\/prf\/glow-up-set-1\/#primaryimage"},"image":{"@id":"https:\/\/www.tomhemps.com\/fr\/prf\/glow-up-set-1\/#primaryimage"},"thumbnailUrl":"https:\/\/www.tomhemps.com\/wp-content\/uploads\/2017\/03\/tomhemps_GlowUpSet_3_Desktop_Thumbnail_HD_1440x1620.png","datePublished":"2020-03-28T13:59:23+00:00","dateModified":"2021-12-09T09:46:12+00:00","description":"Glow Up Set - Your CBD Shop | Your CBD Brand | born in Berlin","breadcrumb":{"@id":"https:\/\/www.tomhemps.com\/fr\/prf\/glow-up-set-1\/#breadcrumb"},"inLanguage":"fr-FR","potentialAction":[{"@type":"ReadAction","target":["https:\/\/www.tomhemps.com\/fr\/prf\/glow-up-set-1\/"]}]},{"@type":"ImageObject","inLanguage":"fr-FR","@id":"https:\/\/www.tomhemps.com\/fr\/prf\/glow-up-set-1\/#primaryimage","url":"https:\/\/www.tomhemps.com\/wp-content\/uploads\/2017\/03\/tomhemps_GlowUpSet_3_Desktop_Thumbnail_HD_1440x1620.png","contentUrl":"https:\/\/www.tomhemps.com\/wp-content\/uploads\/2017\/03\/tomhemps_GlowUpSet_3_Desktop_Thumbnail_HD_1440x1620.png","width":1440,"height":1620},{"@type":"BreadcrumbList","@id":"https:\/\/www.tomhemps.com\/fr\/prf\/glow-up-set-1\/#breadcrumb","itemListElement":[{"@type":"ListItem","position":1,"name":"Startseite","item":"https:\/\/www.tomhemps.com\/fr\/"},{"@type":"ListItem","position":2,"name":"Shop","item":"https:\/\/www.tomhemps.com\/fr\/shop\/"},{"@type":"ListItem","position":3,"name":"Glow Up Set"}]},{"@type":"WebSite","@id":"https:\/\/www.tomhemps.com\/fr\/#website","url":"https:\/\/www.tomhemps.com\/fr\/","name":"Your CBD Shop | Your CBD Brand | born in Berlin","description":"CBD Shop Berlin","publisher":{"@id":"https:\/\/www.tomhemps.com\/fr\/#organization"},"potentialAction":[{"@type":"SearchAction","target":{"@type":"EntryPoint","urlTemplate":"https:\/\/www.tomhemps.com\/fr\/?s={search_term_string}"},"query-input":"required name=search_term_string"}],"inLanguage":"fr-FR"},{"@type":"Organization","@id":"https:\/\/www.tomhemps.com\/fr\/#organization","name":"Tom Hemp's CBD Shop","alternateName":"Tom Hemp's Berlin","url":"https:\/\/www.tomhemps.com\/fr\/","logo":{"@type":"ImageObject","inLanguage":"fr-FR","@id":"https:\/\/www.tomhemps.com\/fr\/#\/schema\/logo\/image\/","url":"https:\/\/www.tomhemps.com\/wp-content\/uploads\/2019\/04\/Logo-2019-e1581413011332.jpg","contentUrl":"https:\/\/www.tomhemps.com\/wp-content\/uploads\/2019\/04\/Logo-2019-e1581413011332.jpg","width":460,"height":153,"caption":"Tom Hemp's CBD Shop"},"image":{"@id":"https:\/\/www.tomhemps.com\/fr\/#\/schema\/logo\/image\/"},"sameAs":["https:\/\/www.facebook.com\/tomhempsberlin\/","https:\/\/www.instagram.com\/tomhemps_cbd\/","https:\/\/www.youtube.com\/channel\/UCbGxDacLx_DRKyder_zVoNw"]}]}},"fields":{"pi_t":159933,"pi_tot":"Qu'y a-t-il \u00e0 l'int\u00e9rieur ?","pi_to":"<p>1 x The Body Lotion<\/p>\n<p>1 x The Day Cream<\/p>\n<p>&nbsp;<\/p>\n<p><strong>The Body Lotion<\/strong><\/p>\n<p>Ingr\u00e9dients : Aqua, jus de feuilles de Barbadensis, huile de graines de Cannabis Sativa, beurre de Butyrospermum Parkii, huile de Prunus Amygdalus Dulcis, glyc\u00e9rine, alcool c\u00e9t\u00e9arylique, huile de fruits Olea Europaea, Extrait de feuille de cannabis sativa, alcool benzylique, caprylate de glyc\u00e9ryle, und\u00e9cyl\u00e9nate de glyc\u00e9ryle, ac\u00e9tate de tocoph\u00e9ryle, gomme de xantham, sorbate de potassium, benzoate de sodium, glucosides de c\u00e9t\u00e9aryle<br \/>\nContenu : 250ml (9,00 \u20ac \/ 100ml)<\/p>\n<p>&nbsp;<\/p>\n<p><strong>The Day Cream<\/strong><\/p>\n<p>Ingr\u00e9dients : Aqua, jus de feuille d&rsquo;Aloe Barbadensis, huile de graine de Cannabis Sativa, beurre de Butyrospermum parkii, alcool Cetearyl, huile de Prunus Amygdalus Dulcis, huile de fruit Olea Europaea, glyc\u00e9rine, Extrait de feuille de cannabis sativa, alcool benzylique, caprylate de glyc\u00e9ryle, und\u00e9cyl\u00e9nate de glyc\u00e9ryle, ac\u00e9tate de tocoph\u00e9ryle, gomme de xanthane, glucosides de c\u00e9t\u00e9aryle, sorbate de potassium, benzoate de sodium<br \/>\nContenu : 50g \u00a0(59,80 \u20ac \/ 100ml)<\/p>\n","pi_tst":"Usage","pi_ts":"<p><strong>The Body Lotion<\/strong><\/p>\n<p>Mode d&#8217;emploi : Mettez la quantit\u00e9 d\u00e9sir\u00e9e de lotion pour le corps dans la paume de votre main, \u00e9talez-la sur les parties du corps d\u00e9sir\u00e9es et faites-la p\u00e9n\u00e9trer en massant doucement. \u00c9talez et frottez doucement la lotion jusqu&rsquo;\u00e0 ce qu&rsquo;elle soit enti\u00e8rement absorb\u00e9e par la peau.<\/p>\n<p><strong>The Day Cream<\/strong><\/p>\n<p>Mode d&#8217;emploi : Appliquez la cr\u00e8me de jour CBD sur le visage, le cou et le d\u00e9collet\u00e9 le matin apr\u00e8s avoir nettoy\u00e9 la peau. \u00c9talez doucement la cr\u00e8me sur la zone et massez lentement pour faire p\u00e9n\u00e9trer la cr\u00e8me dans la peau.<\/p>\n","pi_hd":false,"pi_hm":false,"smoking_product":false,"pi_dd":160469},"_links":{"self":[{"href":"https:\/\/www.tomhemps.com\/fr\/wp-json\/wp\/v2\/product\/160465"}],"collection":[{"href":"https:\/\/www.tomhemps.com\/fr\/wp-json\/wp\/v2\/product"}],"about":[{"href":"https:\/\/www.tomhemps.com\/fr\/wp-json\/wp\/v2\/types\/product"}],"replies":[{"embeddable":true,"href":"https:\/\/www.tomhemps.com\/fr\/wp-json\/wp\/v2\/comments?post=160465"}],"wp:featuredmedia":[{"embeddable":true,"href":"https:\/\/www.tomhemps.com\/fr\/wp-json\/wp\/v2\/media\/493412"}],"wp:attachment":[{"href":"https:\/\/www.tomhemps.com\/fr\/wp-json\/wp\/v2\/media?parent=160465"}],"wp:term":[{"taxonomy":"product_cat","embeddable":true,"href":"https:\/\/www.tomhemps.com\/fr\/wp-json\/wp\/v2\/product_cat?post=160465"},{"taxonomy":"product_tag","embeddable":true,"href":"https:\/\/www.tomhemps.com\/fr\/wp-json\/wp\/v2\/product_tag?post=160465"}],"curies":[{"name":"wp","href":"https:\/\/api.w.org\/{rel}","templated":true}]}}