{"id":160504,"date":"2018-07-10T16:17:46","date_gmt":"2018-07-10T14:17:46","guid":{"rendered":"https:\/\/www.tomhemps.com\/product\/terpenes\/"},"modified":"2022-03-26T16:42:41","modified_gmt":"2022-03-26T15:42:41","slug":"terpenes","status":"publish","type":"product","link":"https:\/\/www.tomhemps.com\/fr\/prf\/terpenes\/","title":{"rendered":"Terp\u00e8nes de Cali"},"content":{"rendered":"","protected":false},"excerpt":{"rendered":"<p>Les terp\u00e8nes sont les principaux composants des huiles essentielles de nombreuses plantes, fleurs et fruits, comme les oranges, les citrons, le poivre ou le cannabis, et ils en fa\u00e7onnent l&rsquo;odeur et le go\u00fbt.<br \/>\nLes profils de terp\u00e8nes de cannabis de Cali Terp\u00e8nes sont des reproductions de ces ar\u00f4mes naturels, r\u00e9alis\u00e9es \u00e0 partir de terp\u00e8nes distill\u00e9s de diff\u00e9rentes plantes biologiques.<\/p>\n<p>Ils n&rsquo;utilisent pas de plantes de cannabis pour obtenir les terp\u00e8nes, ils sont donc exempts de cannabino\u00efdes comme le THC ou le CBD. Ils n&rsquo;utilisent pas non plus d&rsquo;additifs, mais les terp\u00e8nes ont tout de m\u00eame une saveur unique de cannabis de diff\u00e9rentes variations.<\/p>\n<p>Ils sont id\u00e9aux pour ajouter des saveurs uniques aux extraits de plantes, aux huiles et aux e-liquides. En tant que produits certifi\u00e9s biologiques, les terp\u00e8nes sont exempts d&rsquo;herbicides, de pesticides et de produits transg\u00e9niques.<\/p>\n","protected":false},"featured_media":160506,"comment_status":"open","ping_status":"closed","template":"","meta":{"_acf_changed":false},"product_cat":[4955],"product_tag":[],"acf":[],"yoast_head":"<!-- This site is optimized with the Yoast SEO Premium plugin v22.8 (Yoast SEO v22.8) - https:\/\/yoast.com\/wordpress\/plugins\/seo\/ -->\n<title>Terp\u00e8nes de Cali<\/title>\n<meta name=\"description\" content=\"Terp\u00e8nes de Cali - Your CBD Shop | Your CBD Brand | born in Berlin\" \/>\n<meta name=\"robots\" content=\"index, follow, max-snippet:-1, max-image-preview:large, max-video-preview:-1\" \/>\n<link rel=\"canonical\" href=\"https:\/\/www.tomhemps.com\/fr\/prf\/terpenes\/\" \/>\n<meta property=\"og:locale\" content=\"fr_FR\" \/>\n<meta property=\"og:type\" content=\"article\" \/>\n<meta property=\"og:title\" content=\"Terp\u00e8nes de Cali\" \/>\n<meta property=\"og:description\" content=\"Terp\u00e8nes de Cali - Your CBD Shop | Your CBD Brand | born in Berlin\" \/>\n<meta property=\"og:url\" content=\"https:\/\/www.tomhemps.com\/fr\/prf\/terpenes\/\" \/>\n<meta property=\"og:site_name\" content=\"Your CBD Shop | Your CBD Brand | born in Berlin\" \/>\n<meta property=\"article:publisher\" content=\"https:\/\/www.facebook.com\/tomhempsberlin\/\" \/>\n<meta property=\"article:modified_time\" content=\"2022-03-26T15:42:41+00:00\" \/>\n<meta property=\"og:image\" content=\"https:\/\/www.tomhemps.com\/wp-content\/uploads\/2018\/07\/Cali_terpenes_blackberrykush_Desktop_Detail_HD_1780x1600.png\" \/>\n\t<meta property=\"og:image:width\" content=\"1780\" \/>\n\t<meta property=\"og:image:height\" content=\"1600\" \/>\n\t<meta property=\"og:image:type\" content=\"image\/png\" \/>\n<meta name=\"twitter:card\" content=\"summary_large_image\" \/>\n<script type=\"application\/ld+json\" class=\"yoast-schema-graph\">{\"@context\":\"https:\/\/schema.org\",\"@graph\":[{\"@type\":\"WebPage\",\"@id\":\"https:\/\/www.tomhemps.com\/fr\/prf\/terpenes\/\",\"url\":\"https:\/\/www.tomhemps.com\/fr\/prf\/terpenes\/\",\"name\":\"Terp\u00e8nes de Cali\",\"isPartOf\":{\"@id\":\"https:\/\/www.tomhemps.com\/fr\/#website\"},\"primaryImageOfPage\":{\"@id\":\"https:\/\/www.tomhemps.com\/fr\/prf\/terpenes\/#primaryimage\"},\"image\":{\"@id\":\"https:\/\/www.tomhemps.com\/fr\/prf\/terpenes\/#primaryimage\"},\"thumbnailUrl\":\"https:\/\/www.tomhemps.com\/wp-content\/uploads\/2018\/07\/Cali_terpenes_blackberrykush_Desktop_Detail_HD_1780x1600.png\",\"datePublished\":\"2018-07-10T14:17:46+00:00\",\"dateModified\":\"2022-03-26T15:42:41+00:00\",\"description\":\"Terp\u00e8nes de Cali - Your CBD Shop | Your CBD Brand | born in Berlin\",\"breadcrumb\":{\"@id\":\"https:\/\/www.tomhemps.com\/fr\/prf\/terpenes\/#breadcrumb\"},\"inLanguage\":\"fr-FR\",\"potentialAction\":[{\"@type\":\"ReadAction\",\"target\":[\"https:\/\/www.tomhemps.com\/fr\/prf\/terpenes\/\"]}]},{\"@type\":\"ImageObject\",\"inLanguage\":\"fr-FR\",\"@id\":\"https:\/\/www.tomhemps.com\/fr\/prf\/terpenes\/#primaryimage\",\"url\":\"https:\/\/www.tomhemps.com\/wp-content\/uploads\/2018\/07\/Cali_terpenes_blackberrykush_Desktop_Detail_HD_1780x1600.png\",\"contentUrl\":\"https:\/\/www.tomhemps.com\/wp-content\/uploads\/2018\/07\/Cali_terpenes_blackberrykush_Desktop_Detail_HD_1780x1600.png\",\"width\":1780,\"height\":1600,\"caption\":\"Cali terpenes with yellow-black packaging in several aromas.\"},{\"@type\":\"BreadcrumbList\",\"@id\":\"https:\/\/www.tomhemps.com\/fr\/prf\/terpenes\/#breadcrumb\",\"itemListElement\":[{\"@type\":\"ListItem\",\"position\":1,\"name\":\"Startseite\",\"item\":\"https:\/\/www.tomhemps.com\/fr\/\"},{\"@type\":\"ListItem\",\"position\":2,\"name\":\"Shop\",\"item\":\"https:\/\/www.tomhemps.com\/fr\/shop\/\"},{\"@type\":\"ListItem\",\"position\":3,\"name\":\"Terp\u00e8nes de Cali\"}]},{\"@type\":\"WebSite\",\"@id\":\"https:\/\/www.tomhemps.com\/fr\/#website\",\"url\":\"https:\/\/www.tomhemps.com\/fr\/\",\"name\":\"Your CBD Shop | Your CBD Brand | born in Berlin\",\"description\":\"CBD Shop Berlin\",\"publisher\":{\"@id\":\"https:\/\/www.tomhemps.com\/fr\/#organization\"},\"potentialAction\":[{\"@type\":\"SearchAction\",\"target\":{\"@type\":\"EntryPoint\",\"urlTemplate\":\"https:\/\/www.tomhemps.com\/fr\/?s={search_term_string}\"},\"query-input\":\"required name=search_term_string\"}],\"inLanguage\":\"fr-FR\"},{\"@type\":\"Organization\",\"@id\":\"https:\/\/www.tomhemps.com\/fr\/#organization\",\"name\":\"Tom Hemp's CBD Shop\",\"alternateName\":\"Tom Hemp's Berlin\",\"url\":\"https:\/\/www.tomhemps.com\/fr\/\",\"logo\":{\"@type\":\"ImageObject\",\"inLanguage\":\"fr-FR\",\"@id\":\"https:\/\/www.tomhemps.com\/fr\/#\/schema\/logo\/image\/\",\"url\":\"https:\/\/www.tomhemps.com\/wp-content\/uploads\/2019\/04\/Logo-2019-e1581413011332.jpg\",\"contentUrl\":\"https:\/\/www.tomhemps.com\/wp-content\/uploads\/2019\/04\/Logo-2019-e1581413011332.jpg\",\"width\":460,\"height\":153,\"caption\":\"Tom Hemp's CBD Shop\"},\"image\":{\"@id\":\"https:\/\/www.tomhemps.com\/fr\/#\/schema\/logo\/image\/\"},\"sameAs\":[\"https:\/\/www.facebook.com\/tomhempsberlin\/\",\"https:\/\/www.instagram.com\/tomhemps_cbd\/\",\"https:\/\/www.youtube.com\/channel\/UCbGxDacLx_DRKyder_zVoNw\"]}]}<\/script>\n<!-- \/ Yoast SEO Premium plugin. -->","yoast_head_json":{"title":"Terp\u00e8nes de Cali","description":"Terp\u00e8nes de Cali - Your CBD Shop | Your CBD Brand | born in Berlin","robots":{"index":"index","follow":"follow","max-snippet":"max-snippet:-1","max-image-preview":"max-image-preview:large","max-video-preview":"max-video-preview:-1"},"canonical":"https:\/\/www.tomhemps.com\/fr\/prf\/terpenes\/","og_locale":"fr_FR","og_type":"article","og_title":"Terp\u00e8nes de Cali","og_description":"Terp\u00e8nes de Cali - Your CBD Shop | Your CBD Brand | born in Berlin","og_url":"https:\/\/www.tomhemps.com\/fr\/prf\/terpenes\/","og_site_name":"Your CBD Shop | Your CBD Brand | born in Berlin","article_publisher":"https:\/\/www.facebook.com\/tomhempsberlin\/","article_modified_time":"2022-03-26T15:42:41+00:00","og_image":[{"width":1780,"height":1600,"url":"https:\/\/www.tomhemps.com\/wp-content\/uploads\/2018\/07\/Cali_terpenes_blackberrykush_Desktop_Detail_HD_1780x1600.png","type":"image\/png"}],"twitter_card":"summary_large_image","schema":{"@context":"https:\/\/schema.org","@graph":[{"@type":"WebPage","@id":"https:\/\/www.tomhemps.com\/fr\/prf\/terpenes\/","url":"https:\/\/www.tomhemps.com\/fr\/prf\/terpenes\/","name":"Terp\u00e8nes de Cali","isPartOf":{"@id":"https:\/\/www.tomhemps.com\/fr\/#website"},"primaryImageOfPage":{"@id":"https:\/\/www.tomhemps.com\/fr\/prf\/terpenes\/#primaryimage"},"image":{"@id":"https:\/\/www.tomhemps.com\/fr\/prf\/terpenes\/#primaryimage"},"thumbnailUrl":"https:\/\/www.tomhemps.com\/wp-content\/uploads\/2018\/07\/Cali_terpenes_blackberrykush_Desktop_Detail_HD_1780x1600.png","datePublished":"2018-07-10T14:17:46+00:00","dateModified":"2022-03-26T15:42:41+00:00","description":"Terp\u00e8nes de Cali - Your CBD Shop | Your CBD Brand | born in Berlin","breadcrumb":{"@id":"https:\/\/www.tomhemps.com\/fr\/prf\/terpenes\/#breadcrumb"},"inLanguage":"fr-FR","potentialAction":[{"@type":"ReadAction","target":["https:\/\/www.tomhemps.com\/fr\/prf\/terpenes\/"]}]},{"@type":"ImageObject","inLanguage":"fr-FR","@id":"https:\/\/www.tomhemps.com\/fr\/prf\/terpenes\/#primaryimage","url":"https:\/\/www.tomhemps.com\/wp-content\/uploads\/2018\/07\/Cali_terpenes_blackberrykush_Desktop_Detail_HD_1780x1600.png","contentUrl":"https:\/\/www.tomhemps.com\/wp-content\/uploads\/2018\/07\/Cali_terpenes_blackberrykush_Desktop_Detail_HD_1780x1600.png","width":1780,"height":1600,"caption":"Cali terpenes with yellow-black packaging in several aromas."},{"@type":"BreadcrumbList","@id":"https:\/\/www.tomhemps.com\/fr\/prf\/terpenes\/#breadcrumb","itemListElement":[{"@type":"ListItem","position":1,"name":"Startseite","item":"https:\/\/www.tomhemps.com\/fr\/"},{"@type":"ListItem","position":2,"name":"Shop","item":"https:\/\/www.tomhemps.com\/fr\/shop\/"},{"@type":"ListItem","position":3,"name":"Terp\u00e8nes de Cali"}]},{"@type":"WebSite","@id":"https:\/\/www.tomhemps.com\/fr\/#website","url":"https:\/\/www.tomhemps.com\/fr\/","name":"Your CBD Shop | Your CBD Brand | born in Berlin","description":"CBD Shop Berlin","publisher":{"@id":"https:\/\/www.tomhemps.com\/fr\/#organization"},"potentialAction":[{"@type":"SearchAction","target":{"@type":"EntryPoint","urlTemplate":"https:\/\/www.tomhemps.com\/fr\/?s={search_term_string}"},"query-input":"required name=search_term_string"}],"inLanguage":"fr-FR"},{"@type":"Organization","@id":"https:\/\/www.tomhemps.com\/fr\/#organization","name":"Tom Hemp's CBD Shop","alternateName":"Tom Hemp's Berlin","url":"https:\/\/www.tomhemps.com\/fr\/","logo":{"@type":"ImageObject","inLanguage":"fr-FR","@id":"https:\/\/www.tomhemps.com\/fr\/#\/schema\/logo\/image\/","url":"https:\/\/www.tomhemps.com\/wp-content\/uploads\/2019\/04\/Logo-2019-e1581413011332.jpg","contentUrl":"https:\/\/www.tomhemps.com\/wp-content\/uploads\/2019\/04\/Logo-2019-e1581413011332.jpg","width":460,"height":153,"caption":"Tom Hemp's CBD Shop"},"image":{"@id":"https:\/\/www.tomhemps.com\/fr\/#\/schema\/logo\/image\/"},"sameAs":["https:\/\/www.facebook.com\/tomhempsberlin\/","https:\/\/www.instagram.com\/tomhemps_cbd\/","https:\/\/www.youtube.com\/channel\/UCbGxDacLx_DRKyder_zVoNw"]}]}},"fields":{"pi_dd":160505,"pi_t":160507,"pi_tot":"Qu'y a-t-il \u00e0 l'int\u00e9rieur ?","pi_to":"<p>Les saveurs:<br \/>\n<strong>Le 10 K Jack<\/strong> a un ar\u00f4me d\u2019agrumes et de fruits qui rappelle le pin et le citron, avec un net arri\u00e8re-go\u00fbt doux et terreux.<\/p>\n<p><strong>Le 24 K Gold<\/strong> a un ar\u00f4me d\u2019agrumes et de fruits doux avec une touche terreuse.<\/p>\n<p><strong>3 Kings<\/strong> a un ar\u00f4me et une saveur compos\u00e9s d\u2019un m\u00e9lange d\u2019une touche terreuse, d\u2019agrumes de type Diesel et de pin.<\/p>\n<p><strong>707 Truthband<\/strong> a un ar\u00f4me et une saveur intense, un m\u00e9lange d\u2019une touche citronn\u00e9e et de fruits \u00e9pic\u00e9s, avec des notes de Diesel petroleum.<\/p>\n<p><strong>AK 47<\/strong> a une saveur et un ar\u00f4me doux de baies rouges avec une touche intense de pin et de terre humide.<\/p>\n<p><strong>L\u2019amn\u00e9sie<\/strong> a un ar\u00f4me et une saveur intense, m\u00e9lange d\u2019agrumes, de terre et de douces touches.<\/p>\n<p><strong>Black Dream<\/strong> a un ar\u00f4me fruit\u00e9 et doux avec une touche \u00e9pic\u00e9e.<\/p>\n<p><strong>Blackberry Kush<\/strong> a un ar\u00f4me et une saveur p\u00e9n\u00e9trante qui rappellent le haschisch afghan avec des touches sucr\u00e9es, terreuses et de fruits rouges.<\/p>\n<p><strong>Le fromage<\/strong> a un ar\u00f4me intense, doux et une saveur d\u2019agrumes de type Skunk avec des touches de fromage m\u00fbr et d\u2019encens.<\/p>\n<p><strong>Le Chemdawg 4<\/strong> a une saveur et un ar\u00f4me tr\u00e8s intense d\u2019agrumes, avec des touches terreuses, \u00e9pic\u00e9es et relev\u00e9es.<\/p>\n<p><strong>Chocolate Mint OG<\/strong> a un ar\u00f4me et une saveur tr\u00e8s sp\u00e9ciaux et complexes qui m\u00e9langent des touches de chocolat, de menthe, de pin et des notes de Diesel.<\/p>\n<p><strong>Cinderella 99<\/strong> a un ar\u00f4me et une saveur intense qui m\u00e9langent des touches d\u2019agrumes de type citron avec des notes de terre humide et d\u2019encens.<\/p>\n<p><strong>Critical<\/strong> a un ar\u00f4me et une saveur intense, un m\u00e9lange d\u2019agrumes et de touches sucr\u00e9es. Type Skunk avec des notes de citron, de pin et d\u2019\u00e9pices.<\/p>\n<p><strong>Critical Jack<\/strong> a un ar\u00f4me et une saveur intense, de type citron avec des touches de pin et un fond floral clair.<\/p>\n<p><strong>Dosidos<\/strong> a un ar\u00f4me intense, une saveur terreuse et sucr\u00e9e avec des touches \u00e9pic\u00e9es.<\/p>\n<p><strong>Furious Candy<\/strong> a une saveur et un ar\u00f4me tr\u00e8s doux, comme le chewing-gum \u00e0 la fraise avec une base terreuse et fra\u00eeche.<\/p>\n<p><strong>Gelato<\/strong> a un ar\u00f4me intense et une saveur douce avec des touches d\u2019agrumes, terreuses et cr\u00e9meuses.<\/p>\n<p><strong>Gipsy Haze<\/strong> a un ar\u00f4me intense et une saveur Haze, doucement fruit\u00e9e et citronn\u00e9e, m\u00e9langeant des touches de fruits comme la mangue et le citron vert avec des touches d\u2019encens.<\/p>\n<p><strong>Girl Scout Cookies<\/strong> a un ar\u00f4me et une saveur intense qui m\u00e9langent des touches sucr\u00e9es, terreuses et \u00e9pic\u00e9es.<\/p>\n<p><strong>Gorilla Glue<\/strong> a un ar\u00f4me intense, une saveur terreuse et profonde avec une touche piquante et claire de type pin.<\/p>\n<p><strong>Grapefruit OG<\/strong> a un ar\u00f4me intense de pamplemousse avec des touches d\u2019agrumes et de terre.<\/p>\n<p><strong>High Level<\/strong> a un ar\u00f4me fruit\u00e9 et doux, sa saveur rappelle celle du colza avec des touches \u00e9pic\u00e9es.<\/p>\n<p><strong>Holy Grail Kush<\/strong> a un ar\u00f4me intense et une saveur \u00ab Kush \u00bb, qui m\u00e9lange des touches terreuses, sucr\u00e9es et de pin.<\/p>\n<p><strong>Jamaican Dream<\/strong> a un ar\u00f4me et une saveur l\u00e9g\u00e8rement sucr\u00e9e, avec des touches d\u2019agrumes et de noix (noisettes).<\/p>\n<p><strong>Kashmir Kush<\/strong> a un ar\u00f4me et une saveur terreux, d\u2019agrumes (de type citron) avec des touches \u00e9pic\u00e9es ainsi que de douces touches de type vanille, avec des notes de menthe.<\/p>\n<p><strong>La Key Lime Pie<\/strong> a un ar\u00f4me et une saveur intense qui m\u00e9langent des go\u00fbts d\u2019agrumes qui rappellent le citron vert avec des touches sucr\u00e9es.<\/p>\n<p><strong>La lavande<\/strong> a un ar\u00f4me intense et frais, un m\u00e9lange de plusieurs fleurs, particuli\u00e8rement ax\u00e9 sur la lavande, bien s\u00fbr.<\/p>\n<p><strong>Les biscuits<\/strong> au citron ont un ar\u00f4me et une saveur intense qui m\u00e9langent les touches citronn\u00e9es d\u2019agrumes caract\u00e9ristiques de la Super Lemon Haze avec des touches terreuses et \u00e9pic\u00e9es, h\u00e9rit\u00e9es des biscuits des scouts.<\/p>\n<p><strong>M.I.B.<\/strong> \u00e0 un ar\u00f4me fruit\u00e9 qui rappelle un m\u00e9lange de p\u00eache et de mandarine.<\/p>\n<p><strong>Mojito<\/strong> \u00e0 un ar\u00f4me et une saveur tr\u00e8s intense qui m\u00e9lange des touches d\u2019agrumes de type citron vert avec des touches de menthe et de chocolat.<\/p>\n<p><strong>Monster<\/strong> \u00e0 un ar\u00f4me et une saveur \u00e9pic\u00e9s avec des touches d\u2019agrumes et de bois asiatique.<\/p>\n<p><strong>Nina Limone<\/strong> a un ar\u00f4me et une saveur intense de citron avec des touches sucr\u00e9es.<\/p>\n<p><strong>OG Kush<\/strong> a un ar\u00f4me intense et une saveur fruit\u00e9e qui rappelle les baies avec des touches d\u2019agrumes et d\u2019\u00e9pices de type Diesel.<\/p>\n<p><strong>Orange Turbo<\/strong> \u00e0 un ar\u00f4me intense et une saveur d\u2019agrumes qui rappelle l\u2019orange, avec des touches sucr\u00e9es combin\u00e9es \u00e0 des touches aigres.<\/p>\n<p><strong>Pink Plant<\/strong> a un ar\u00f4me intense, fruit\u00e9 et frais.<\/p>\n<p><strong>Sensi Star<\/strong> a un ar\u00f4me intense et une saveur de terre humide avec des touches douces et \u00e9pic\u00e9es.<\/p>\n<p><strong>SFV OG<\/strong> a un ar\u00f4me intense et une saveur terreuse et profonde avec des touches \u00e9pic\u00e9es.<\/p>\n<p><strong>Sour Diesel<\/strong> a une saveur intense de type Diesel, avec des touches \u00e9pic\u00e9es et terreuses.<\/p>\n<p><strong>Sugaree<\/strong> a un ar\u00f4me intense et une saveur de pamplemousse avec des touches fra\u00eeches et d\u2019agrumes de type Diesel.<\/p>\n<p><strong>Super Lemon Haze<\/strong> a un ar\u00f4me citrique intense de type \u00ab Haze \u00bb, avec pr\u00e9dominance de touches de citron, de pamplemousse et d\u2019\u00e9pices.<\/p>\n<p><strong>Sweet Tooth<\/strong> a un ar\u00f4me intense et une saveur terreuse et profonde, avec une touche piquante clairement semblable \u00e0 celle du pin.<\/p>\n<p><strong>Tangie<\/strong> a un ar\u00f4me intense et une saveur d\u2019agrumes, terreuse et douce qui rappelle la mandarine.<\/p>\n<p><strong>TNT Kush<\/strong> \u00e0 un ar\u00f4me exotique qui m\u00e9lange des touches de cerises, de baies et de noix.<\/p>\n<p><strong>Truth<\/strong> a un ar\u00f4me intense et une saveur d\u2019agrumes, fruit\u00e9e, qui rappelle les baies sauvages avec des touches de citron, de terre et de bois oriental.<\/p>\n<p><strong>Veneno<\/strong> a un ar\u00f4me fruit\u00e9 intense o\u00f9 la fraise se d\u00e9marque, avec des touches de bois et d\u2019\u00e9pices orientales.<\/p>\n<p><strong>WIFI OG<\/strong> \u00e0 un ar\u00f4me et une saveur intense qui m\u00e9langent des touches aigres et terreuses de type \u00ab OG \u00bb avec des notes d\u2019agrumes de type Diesel.<\/p>\n<p><strong>Zkittlez<\/strong> a un ar\u00f4me et une saveur intense et florale, avec des notes \u00e9pic\u00e9es et sucr\u00e9es vraiment sp\u00e9ciales.<\/p>\n","pi_tst":"Notice D'emballage","pi_ts":"<p>N\u2019utilisez pas plus de 4 % de terp\u00e8nes pour les applications.<br \/>\n\u00c9vitez tout contact avec les yeux et la peau.<br \/>\nToujours diluer et ne pas utiliser pur.<br \/>\nConserver dans un endroit frais et sombre.<br \/>\nCe produit ne contient pas de cannabino\u00efdes. (THC, CBD, CBN, CBG &#8230;)<br \/>\nCe produit est 100 % naturel et exempt de solvants, de m\u00e9taux lourds et d\u2019impuret\u00e9s.<\/p>\n","pi_hd":false,"pi_hm":false,"smoking_product":true},"_links":{"self":[{"href":"https:\/\/www.tomhemps.com\/fr\/wp-json\/wp\/v2\/product\/160504"}],"collection":[{"href":"https:\/\/www.tomhemps.com\/fr\/wp-json\/wp\/v2\/product"}],"about":[{"href":"https:\/\/www.tomhemps.com\/fr\/wp-json\/wp\/v2\/types\/product"}],"replies":[{"embeddable":true,"href":"https:\/\/www.tomhemps.com\/fr\/wp-json\/wp\/v2\/comments?post=160504"}],"wp:featuredmedia":[{"embeddable":true,"href":"https:\/\/www.tomhemps.com\/fr\/wp-json\/wp\/v2\/media\/160506"}],"wp:attachment":[{"href":"https:\/\/www.tomhemps.com\/fr\/wp-json\/wp\/v2\/media?parent=160504"}],"wp:term":[{"taxonomy":"product_cat","embeddable":true,"href":"https:\/\/www.tomhemps.com\/fr\/wp-json\/wp\/v2\/product_cat?post=160504"},{"taxonomy":"product_tag","embeddable":true,"href":"https:\/\/www.tomhemps.com\/fr\/wp-json\/wp\/v2\/product_tag?post=160504"}],"curies":[{"name":"wp","href":"https:\/\/api.w.org\/{rel}","templated":true}]}}