{"id":160567,"date":"2020-02-11T14:27:46","date_gmt":"2020-02-11T13:27:46","guid":{"rendered":"https:\/\/www.tomhemps.com\/product\/cbd-e-liquid-gelato-361\/"},"modified":"2022-03-14T00:00:11","modified_gmt":"2022-03-13T23:00:11","slug":"cbd-e-liquid-gelato-361","status":"publish","type":"product","link":"https:\/\/www.tomhemps.com\/fr\/prf\/cbd-e-liquid-gelato-361\/","title":{"rendered":"CBD e-Liquid Gelato 361"},"content":{"rendered":"","protected":false},"excerpt":{"rendered":"<p>Comme de la glace au soleil ! Mais un avec de la puissance : le Gelato 361 CBD e-Liquid a un go\u00fbt intense de cannabis frais et v\u00e9g\u00e9tal et vous donnera des papillons d&rsquo;\u00e9t\u00e9. Un soup\u00e7on de myrtilles et d&rsquo;orange fra\u00eeche combin\u00e9 au CBD &#8211; est-ce bien r\u00e9el ?<\/p>\n","protected":false},"featured_media":160568,"comment_status":"open","ping_status":"closed","template":"","meta":{"_acf_changed":false},"product_cat":[4955],"product_tag":[],"acf":[],"yoast_head":"<!-- This site is optimized with the Yoast SEO Premium plugin v22.8 (Yoast SEO v22.8) - https:\/\/yoast.com\/wordpress\/plugins\/seo\/ -->\n<title>CBD e-Liquid Gelato 361<\/title>\n<meta name=\"description\" content=\"CBD e-Liquid Gelato 361 - Your CBD Shop | Your CBD Brand | born in Berlin\" \/>\n<meta name=\"robots\" content=\"index, follow, max-snippet:-1, max-image-preview:large, max-video-preview:-1\" \/>\n<link rel=\"canonical\" href=\"https:\/\/www.tomhemps.com\/fr\/prf\/cbd-e-liquid-gelato-361\/\" \/>\n<meta property=\"og:locale\" content=\"fr_FR\" \/>\n<meta property=\"og:type\" content=\"article\" \/>\n<meta property=\"og:title\" content=\"CBD e-Liquid Gelato 361\" \/>\n<meta property=\"og:description\" content=\"CBD e-Liquid Gelato 361 - Your CBD Shop | Your CBD Brand | born in Berlin\" \/>\n<meta property=\"og:url\" content=\"https:\/\/www.tomhemps.com\/fr\/prf\/cbd-e-liquid-gelato-361\/\" \/>\n<meta property=\"og:site_name\" content=\"Your CBD Shop | Your CBD Brand | born in Berlin\" \/>\n<meta property=\"article:publisher\" content=\"https:\/\/www.facebook.com\/tomhempsberlin\/\" \/>\n<meta property=\"article:modified_time\" content=\"2022-03-13T23:00:11+00:00\" \/>\n<meta property=\"og:image\" content=\"https:\/\/www.tomhemps.com\/wp-content\/uploads\/2020\/02\/Tomhemps_CBD_E-Liquid_Gelato361_Pipette_Desktop_Detail_HD_1780x1600.png\" \/>\n\t<meta property=\"og:image:width\" content=\"1780\" \/>\n\t<meta property=\"og:image:height\" content=\"1600\" \/>\n\t<meta property=\"og:image:type\" content=\"image\/png\" \/>\n<meta name=\"twitter:card\" content=\"summary_large_image\" \/>\n<script type=\"application\/ld+json\" class=\"yoast-schema-graph\">{\"@context\":\"https:\/\/schema.org\",\"@graph\":[{\"@type\":\"WebPage\",\"@id\":\"https:\/\/www.tomhemps.com\/fr\/prf\/cbd-e-liquid-gelato-361\/\",\"url\":\"https:\/\/www.tomhemps.com\/fr\/prf\/cbd-e-liquid-gelato-361\/\",\"name\":\"CBD e-Liquid Gelato 361\",\"isPartOf\":{\"@id\":\"https:\/\/www.tomhemps.com\/fr\/#website\"},\"primaryImageOfPage\":{\"@id\":\"https:\/\/www.tomhemps.com\/fr\/prf\/cbd-e-liquid-gelato-361\/#primaryimage\"},\"image\":{\"@id\":\"https:\/\/www.tomhemps.com\/fr\/prf\/cbd-e-liquid-gelato-361\/#primaryimage\"},\"thumbnailUrl\":\"https:\/\/www.tomhemps.com\/wp-content\/uploads\/2020\/02\/Tomhemps_CBD_E-Liquid_Gelato361_Pipette_Desktop_Detail_HD_1780x1600.png\",\"datePublished\":\"2020-02-11T13:27:46+00:00\",\"dateModified\":\"2022-03-13T23:00:11+00:00\",\"description\":\"CBD e-Liquid Gelato 361 - Your CBD Shop | Your CBD Brand | born in Berlin\",\"breadcrumb\":{\"@id\":\"https:\/\/www.tomhemps.com\/fr\/prf\/cbd-e-liquid-gelato-361\/#breadcrumb\"},\"inLanguage\":\"fr-FR\",\"potentialAction\":[{\"@type\":\"ReadAction\",\"target\":[\"https:\/\/www.tomhemps.com\/fr\/prf\/cbd-e-liquid-gelato-361\/\"]}]},{\"@type\":\"ImageObject\",\"inLanguage\":\"fr-FR\",\"@id\":\"https:\/\/www.tomhemps.com\/fr\/prf\/cbd-e-liquid-gelato-361\/#primaryimage\",\"url\":\"https:\/\/www.tomhemps.com\/wp-content\/uploads\/2020\/02\/Tomhemps_CBD_E-Liquid_Gelato361_Pipette_Desktop_Detail_HD_1780x1600.png\",\"contentUrl\":\"https:\/\/www.tomhemps.com\/wp-content\/uploads\/2020\/02\/Tomhemps_CBD_E-Liquid_Gelato361_Pipette_Desktop_Detail_HD_1780x1600.png\",\"width\":1780,\"height\":1600},{\"@type\":\"BreadcrumbList\",\"@id\":\"https:\/\/www.tomhemps.com\/fr\/prf\/cbd-e-liquid-gelato-361\/#breadcrumb\",\"itemListElement\":[{\"@type\":\"ListItem\",\"position\":1,\"name\":\"Startseite\",\"item\":\"https:\/\/www.tomhemps.com\/fr\/\"},{\"@type\":\"ListItem\",\"position\":2,\"name\":\"Shop\",\"item\":\"https:\/\/www.tomhemps.com\/fr\/shop\/\"},{\"@type\":\"ListItem\",\"position\":3,\"name\":\"CBD e-Liquid Gelato 361\"}]},{\"@type\":\"WebSite\",\"@id\":\"https:\/\/www.tomhemps.com\/fr\/#website\",\"url\":\"https:\/\/www.tomhemps.com\/fr\/\",\"name\":\"Your CBD Shop | Your CBD Brand | born in Berlin\",\"description\":\"CBD Shop Berlin\",\"publisher\":{\"@id\":\"https:\/\/www.tomhemps.com\/fr\/#organization\"},\"potentialAction\":[{\"@type\":\"SearchAction\",\"target\":{\"@type\":\"EntryPoint\",\"urlTemplate\":\"https:\/\/www.tomhemps.com\/fr\/?s={search_term_string}\"},\"query-input\":\"required name=search_term_string\"}],\"inLanguage\":\"fr-FR\"},{\"@type\":\"Organization\",\"@id\":\"https:\/\/www.tomhemps.com\/fr\/#organization\",\"name\":\"Tom Hemp's CBD Shop\",\"alternateName\":\"Tom Hemp's Berlin\",\"url\":\"https:\/\/www.tomhemps.com\/fr\/\",\"logo\":{\"@type\":\"ImageObject\",\"inLanguage\":\"fr-FR\",\"@id\":\"https:\/\/www.tomhemps.com\/fr\/#\/schema\/logo\/image\/\",\"url\":\"https:\/\/www.tomhemps.com\/wp-content\/uploads\/2019\/04\/Logo-2019-e1581413011332.jpg\",\"contentUrl\":\"https:\/\/www.tomhemps.com\/wp-content\/uploads\/2019\/04\/Logo-2019-e1581413011332.jpg\",\"width\":460,\"height\":153,\"caption\":\"Tom Hemp's CBD Shop\"},\"image\":{\"@id\":\"https:\/\/www.tomhemps.com\/fr\/#\/schema\/logo\/image\/\"},\"sameAs\":[\"https:\/\/www.facebook.com\/tomhempsberlin\/\",\"https:\/\/www.instagram.com\/tomhemps_cbd\/\",\"https:\/\/www.youtube.com\/channel\/UCbGxDacLx_DRKyder_zVoNw\"]}]}<\/script>\n<!-- \/ Yoast SEO Premium plugin. -->","yoast_head_json":{"title":"CBD e-Liquid Gelato 361","description":"CBD e-Liquid Gelato 361 - Your CBD Shop | Your CBD Brand | born in Berlin","robots":{"index":"index","follow":"follow","max-snippet":"max-snippet:-1","max-image-preview":"max-image-preview:large","max-video-preview":"max-video-preview:-1"},"canonical":"https:\/\/www.tomhemps.com\/fr\/prf\/cbd-e-liquid-gelato-361\/","og_locale":"fr_FR","og_type":"article","og_title":"CBD e-Liquid Gelato 361","og_description":"CBD e-Liquid Gelato 361 - Your CBD Shop | Your CBD Brand | born in Berlin","og_url":"https:\/\/www.tomhemps.com\/fr\/prf\/cbd-e-liquid-gelato-361\/","og_site_name":"Your CBD Shop | Your CBD Brand | born in Berlin","article_publisher":"https:\/\/www.facebook.com\/tomhempsberlin\/","article_modified_time":"2022-03-13T23:00:11+00:00","og_image":[{"width":1780,"height":1600,"url":"https:\/\/www.tomhemps.com\/wp-content\/uploads\/2020\/02\/Tomhemps_CBD_E-Liquid_Gelato361_Pipette_Desktop_Detail_HD_1780x1600.png","type":"image\/png"}],"twitter_card":"summary_large_image","schema":{"@context":"https:\/\/schema.org","@graph":[{"@type":"WebPage","@id":"https:\/\/www.tomhemps.com\/fr\/prf\/cbd-e-liquid-gelato-361\/","url":"https:\/\/www.tomhemps.com\/fr\/prf\/cbd-e-liquid-gelato-361\/","name":"CBD e-Liquid Gelato 361","isPartOf":{"@id":"https:\/\/www.tomhemps.com\/fr\/#website"},"primaryImageOfPage":{"@id":"https:\/\/www.tomhemps.com\/fr\/prf\/cbd-e-liquid-gelato-361\/#primaryimage"},"image":{"@id":"https:\/\/www.tomhemps.com\/fr\/prf\/cbd-e-liquid-gelato-361\/#primaryimage"},"thumbnailUrl":"https:\/\/www.tomhemps.com\/wp-content\/uploads\/2020\/02\/Tomhemps_CBD_E-Liquid_Gelato361_Pipette_Desktop_Detail_HD_1780x1600.png","datePublished":"2020-02-11T13:27:46+00:00","dateModified":"2022-03-13T23:00:11+00:00","description":"CBD e-Liquid Gelato 361 - Your CBD Shop | Your CBD Brand | born in Berlin","breadcrumb":{"@id":"https:\/\/www.tomhemps.com\/fr\/prf\/cbd-e-liquid-gelato-361\/#breadcrumb"},"inLanguage":"fr-FR","potentialAction":[{"@type":"ReadAction","target":["https:\/\/www.tomhemps.com\/fr\/prf\/cbd-e-liquid-gelato-361\/"]}]},{"@type":"ImageObject","inLanguage":"fr-FR","@id":"https:\/\/www.tomhemps.com\/fr\/prf\/cbd-e-liquid-gelato-361\/#primaryimage","url":"https:\/\/www.tomhemps.com\/wp-content\/uploads\/2020\/02\/Tomhemps_CBD_E-Liquid_Gelato361_Pipette_Desktop_Detail_HD_1780x1600.png","contentUrl":"https:\/\/www.tomhemps.com\/wp-content\/uploads\/2020\/02\/Tomhemps_CBD_E-Liquid_Gelato361_Pipette_Desktop_Detail_HD_1780x1600.png","width":1780,"height":1600},{"@type":"BreadcrumbList","@id":"https:\/\/www.tomhemps.com\/fr\/prf\/cbd-e-liquid-gelato-361\/#breadcrumb","itemListElement":[{"@type":"ListItem","position":1,"name":"Startseite","item":"https:\/\/www.tomhemps.com\/fr\/"},{"@type":"ListItem","position":2,"name":"Shop","item":"https:\/\/www.tomhemps.com\/fr\/shop\/"},{"@type":"ListItem","position":3,"name":"CBD e-Liquid Gelato 361"}]},{"@type":"WebSite","@id":"https:\/\/www.tomhemps.com\/fr\/#website","url":"https:\/\/www.tomhemps.com\/fr\/","name":"Your CBD Shop | Your CBD Brand | born in Berlin","description":"CBD Shop Berlin","publisher":{"@id":"https:\/\/www.tomhemps.com\/fr\/#organization"},"potentialAction":[{"@type":"SearchAction","target":{"@type":"EntryPoint","urlTemplate":"https:\/\/www.tomhemps.com\/fr\/?s={search_term_string}"},"query-input":"required name=search_term_string"}],"inLanguage":"fr-FR"},{"@type":"Organization","@id":"https:\/\/www.tomhemps.com\/fr\/#organization","name":"Tom Hemp's CBD Shop","alternateName":"Tom Hemp's Berlin","url":"https:\/\/www.tomhemps.com\/fr\/","logo":{"@type":"ImageObject","inLanguage":"fr-FR","@id":"https:\/\/www.tomhemps.com\/fr\/#\/schema\/logo\/image\/","url":"https:\/\/www.tomhemps.com\/wp-content\/uploads\/2019\/04\/Logo-2019-e1581413011332.jpg","contentUrl":"https:\/\/www.tomhemps.com\/wp-content\/uploads\/2019\/04\/Logo-2019-e1581413011332.jpg","width":460,"height":153,"caption":"Tom Hemp's CBD Shop"},"image":{"@id":"https:\/\/www.tomhemps.com\/fr\/#\/schema\/logo\/image\/"},"sameAs":["https:\/\/www.facebook.com\/tomhempsberlin\/","https:\/\/www.instagram.com\/tomhemps_cbd\/","https:\/\/www.youtube.com\/channel\/UCbGxDacLx_DRKyder_zVoNw"]}]}},"fields":{"pi_dd":160569,"pi_t":160594,"pi_tot":"Qu'y a-t-il \u00e0 l'int\u00e9rieur ?","pi_to":"<p>CBD 100mg \/ 250mg \/ 500mg<br \/>\nTHC s.d.<\/p>\n<p>Ingr\u00e9dients : Glyc\u00e9rine E 422 (VG) \u00e0 base de plantes, Propylenglykol E 1520 (VPG) \u00e0 base de plantes, extrait de chanvre (Cannabis Sativa Leaf)<\/p>\n<p>Contenu : 10ml<\/p>\n","pi_tst":"Plus d'info","pi_ts":"<p>Les E-Liquids de Tom Hemp&rsquo;s contiennent du CBD de haute qualit\u00e9 (Cannabidiol). Ils sont exempts d&rsquo;ingr\u00e9dients psychoactifs de la plante de cannabis et ne contiennent pas de THC. Le CBD est obtenu exclusivement \u00e0 partir de chanvre industriel biologique.<br \/>\nAr\u00f4me v\u00e9g\u00e9talien, colorant v\u00e9g\u00e9talien, eau distill\u00e9e, douceur ajout\u00e9e \u00e0 partir de la plante de stevia provenant de chanvre industriel biologique. Pas de nicotine ni de goudron. Pas de THC, pas de toxines ni d&rsquo;odeurs d\u00e9sagr\u00e9ables.<\/p>\n","pi_hd":false,"pi_hm":false,"smoking_product":true},"_links":{"self":[{"href":"https:\/\/www.tomhemps.com\/fr\/wp-json\/wp\/v2\/product\/160567"}],"collection":[{"href":"https:\/\/www.tomhemps.com\/fr\/wp-json\/wp\/v2\/product"}],"about":[{"href":"https:\/\/www.tomhemps.com\/fr\/wp-json\/wp\/v2\/types\/product"}],"replies":[{"embeddable":true,"href":"https:\/\/www.tomhemps.com\/fr\/wp-json\/wp\/v2\/comments?post=160567"}],"wp:featuredmedia":[{"embeddable":true,"href":"https:\/\/www.tomhemps.com\/fr\/wp-json\/wp\/v2\/media\/160568"}],"wp:attachment":[{"href":"https:\/\/www.tomhemps.com\/fr\/wp-json\/wp\/v2\/media?parent=160567"}],"wp:term":[{"taxonomy":"product_cat","embeddable":true,"href":"https:\/\/www.tomhemps.com\/fr\/wp-json\/wp\/v2\/product_cat?post=160567"},{"taxonomy":"product_tag","embeddable":true,"href":"https:\/\/www.tomhemps.com\/fr\/wp-json\/wp\/v2\/product_tag?post=160567"}],"curies":[{"name":"wp","href":"https:\/\/api.w.org\/{rel}","templated":true}]}}