{"id":160727,"date":"2019-12-04T14:25:55","date_gmt":"2019-12-04T13:25:55","guid":{"rendered":"https:\/\/www.tomhemps.com\/product\/cbd-hash-22-gorilla-glue\/"},"modified":"2025-12-29T23:00:05","modified_gmt":"2025-12-29T22:00:05","slug":"cbd-hash-22-gorilla-glue","status":"publish","type":"product","link":"https:\/\/www.tomhemps.com\/fr\/prf\/cbd-hash-22-gorilla-glue\/","title":{"rendered":"CBD Hash 22% Gorilla Glue"},"content":{"rendered":"","protected":false},"excerpt":{"rendered":"<p>Un gorille avec un doctorat ? Il a \u00e9t\u00e9 donn\u00e9 \u00e0 la bonne personne ici. Les terp\u00e8nes de la colle de gorille lui donnent un ar\u00f4me qui le m\u00e9rite d\u00e9finitivement. Le haschisch CBD est un extrait de chanvre industriel certifi\u00e9 par l&rsquo;UE, cultiv\u00e9 biologiquement, qui ne contient ni pesticides ni herbicides, bien s\u00fbr.<\/p>\n","protected":false},"featured_media":537182,"comment_status":"open","ping_status":"closed","template":"","meta":{"_acf_changed":false},"product_cat":[5007,965,976],"product_tag":[],"acf":[],"yoast_head":"<!-- This site is optimized with the Yoast SEO Premium plugin v22.8 (Yoast SEO v22.8) - https:\/\/yoast.com\/wordpress\/plugins\/seo\/ -->\n<title>CBD Hash 22% Gorilla Glue<\/title>\n<meta name=\"description\" content=\"CBD Hash 22% Gorilla Glue - Your CBD Shop | Your CBD Brand | born in Berlin\" \/>\n<meta name=\"robots\" content=\"index, follow, max-snippet:-1, max-image-preview:large, max-video-preview:-1\" \/>\n<link rel=\"canonical\" href=\"https:\/\/www.tomhemps.com\/fr\/prf\/cbd-hash-22-gorilla-glue\/\" \/>\n<meta property=\"og:locale\" content=\"fr_FR\" \/>\n<meta property=\"og:type\" content=\"article\" \/>\n<meta property=\"og:title\" content=\"CBD Hash 22% Gorilla Glue\" \/>\n<meta property=\"og:description\" content=\"CBD Hash 22% Gorilla Glue - Your CBD Shop | Your CBD Brand | born in Berlin\" \/>\n<meta property=\"og:url\" content=\"https:\/\/www.tomhemps.com\/fr\/prf\/cbd-hash-22-gorilla-glue\/\" \/>\n<meta property=\"og:site_name\" content=\"Your CBD Shop | Your CBD Brand | born in Berlin\" \/>\n<meta property=\"article:publisher\" content=\"https:\/\/www.facebook.com\/tomhempsberlin\/\" \/>\n<meta property=\"article:modified_time\" content=\"2025-12-29T22:00:05+00:00\" \/>\n<meta property=\"og:image\" content=\"https:\/\/www.tomhemps.com\/wp-content\/uploads\/2019\/12\/TH-products-webshop-product-680x850-hash-gorilla-glue.png\" \/>\n\t<meta property=\"og:image:width\" content=\"680\" \/>\n\t<meta property=\"og:image:height\" content=\"850\" \/>\n\t<meta property=\"og:image:type\" content=\"image\/png\" \/>\n<meta name=\"twitter:card\" content=\"summary_large_image\" \/>\n<script type=\"application\/ld+json\" class=\"yoast-schema-graph\">{\"@context\":\"https:\/\/schema.org\",\"@graph\":[{\"@type\":\"WebPage\",\"@id\":\"https:\/\/www.tomhemps.com\/fr\/prf\/cbd-hash-22-gorilla-glue\/\",\"url\":\"https:\/\/www.tomhemps.com\/fr\/prf\/cbd-hash-22-gorilla-glue\/\",\"name\":\"CBD Hash 22% Gorilla Glue\",\"isPartOf\":{\"@id\":\"https:\/\/www.tomhemps.com\/fr\/#website\"},\"primaryImageOfPage\":{\"@id\":\"https:\/\/www.tomhemps.com\/fr\/prf\/cbd-hash-22-gorilla-glue\/#primaryimage\"},\"image\":{\"@id\":\"https:\/\/www.tomhemps.com\/fr\/prf\/cbd-hash-22-gorilla-glue\/#primaryimage\"},\"thumbnailUrl\":\"https:\/\/www.tomhemps.com\/wp-content\/uploads\/2019\/12\/TH-products-webshop-product-680x850-hash-gorilla-glue.png\",\"datePublished\":\"2019-12-04T13:25:55+00:00\",\"dateModified\":\"2025-12-29T22:00:05+00:00\",\"description\":\"CBD Hash 22% Gorilla Glue - Your CBD Shop | Your CBD Brand | born in Berlin\",\"breadcrumb\":{\"@id\":\"https:\/\/www.tomhemps.com\/fr\/prf\/cbd-hash-22-gorilla-glue\/#breadcrumb\"},\"inLanguage\":\"fr-FR\",\"potentialAction\":[{\"@type\":\"ReadAction\",\"target\":[\"https:\/\/www.tomhemps.com\/fr\/prf\/cbd-hash-22-gorilla-glue\/\"]}]},{\"@type\":\"ImageObject\",\"inLanguage\":\"fr-FR\",\"@id\":\"https:\/\/www.tomhemps.com\/fr\/prf\/cbd-hash-22-gorilla-glue\/#primaryimage\",\"url\":\"https:\/\/www.tomhemps.com\/wp-content\/uploads\/2019\/12\/TH-products-webshop-product-680x850-hash-gorilla-glue.png\",\"contentUrl\":\"https:\/\/www.tomhemps.com\/wp-content\/uploads\/2019\/12\/TH-products-webshop-product-680x850-hash-gorilla-glue.png\",\"width\":680,\"height\":850,\"caption\":\"| Tom Hemps Online CBD Shop\"},{\"@type\":\"BreadcrumbList\",\"@id\":\"https:\/\/www.tomhemps.com\/fr\/prf\/cbd-hash-22-gorilla-glue\/#breadcrumb\",\"itemListElement\":[{\"@type\":\"ListItem\",\"position\":1,\"name\":\"Startseite\",\"item\":\"https:\/\/www.tomhemps.com\/fr\/\"},{\"@type\":\"ListItem\",\"position\":2,\"name\":\"Shop\",\"item\":\"https:\/\/www.tomhemps.com\/fr\/shop\/\"},{\"@type\":\"ListItem\",\"position\":3,\"name\":\"CBD Hash 22% Gorilla Glue\"}]},{\"@type\":\"WebSite\",\"@id\":\"https:\/\/www.tomhemps.com\/fr\/#website\",\"url\":\"https:\/\/www.tomhemps.com\/fr\/\",\"name\":\"Your CBD Shop | Your CBD Brand | born in Berlin\",\"description\":\"CBD Shop Berlin\",\"publisher\":{\"@id\":\"https:\/\/www.tomhemps.com\/fr\/#organization\"},\"potentialAction\":[{\"@type\":\"SearchAction\",\"target\":{\"@type\":\"EntryPoint\",\"urlTemplate\":\"https:\/\/www.tomhemps.com\/fr\/?s={search_term_string}\"},\"query-input\":\"required name=search_term_string\"}],\"inLanguage\":\"fr-FR\"},{\"@type\":\"Organization\",\"@id\":\"https:\/\/www.tomhemps.com\/fr\/#organization\",\"name\":\"Tom Hemp's CBD Shop\",\"alternateName\":\"Tom Hemp's Berlin\",\"url\":\"https:\/\/www.tomhemps.com\/fr\/\",\"logo\":{\"@type\":\"ImageObject\",\"inLanguage\":\"fr-FR\",\"@id\":\"https:\/\/www.tomhemps.com\/fr\/#\/schema\/logo\/image\/\",\"url\":\"https:\/\/www.tomhemps.com\/wp-content\/uploads\/2019\/04\/Logo-2019-e1581413011332.jpg\",\"contentUrl\":\"https:\/\/www.tomhemps.com\/wp-content\/uploads\/2019\/04\/Logo-2019-e1581413011332.jpg\",\"width\":460,\"height\":153,\"caption\":\"Tom Hemp's CBD Shop\"},\"image\":{\"@id\":\"https:\/\/www.tomhemps.com\/fr\/#\/schema\/logo\/image\/\"},\"sameAs\":[\"https:\/\/www.facebook.com\/tomhempsberlin\/\",\"https:\/\/www.instagram.com\/tomhemps_cbd\/\",\"https:\/\/www.youtube.com\/channel\/UCbGxDacLx_DRKyder_zVoNw\"]}]}<\/script>\n<!-- \/ Yoast SEO Premium plugin. -->","yoast_head_json":{"title":"CBD Hash 22% Gorilla Glue","description":"CBD Hash 22% Gorilla Glue - Your CBD Shop | Your CBD Brand | born in Berlin","robots":{"index":"index","follow":"follow","max-snippet":"max-snippet:-1","max-image-preview":"max-image-preview:large","max-video-preview":"max-video-preview:-1"},"canonical":"https:\/\/www.tomhemps.com\/fr\/prf\/cbd-hash-22-gorilla-glue\/","og_locale":"fr_FR","og_type":"article","og_title":"CBD Hash 22% Gorilla Glue","og_description":"CBD Hash 22% Gorilla Glue - Your CBD Shop | Your CBD Brand | born in Berlin","og_url":"https:\/\/www.tomhemps.com\/fr\/prf\/cbd-hash-22-gorilla-glue\/","og_site_name":"Your CBD Shop | Your CBD Brand | born in Berlin","article_publisher":"https:\/\/www.facebook.com\/tomhempsberlin\/","article_modified_time":"2025-12-29T22:00:05+00:00","og_image":[{"width":680,"height":850,"url":"https:\/\/www.tomhemps.com\/wp-content\/uploads\/2019\/12\/TH-products-webshop-product-680x850-hash-gorilla-glue.png","type":"image\/png"}],"twitter_card":"summary_large_image","schema":{"@context":"https:\/\/schema.org","@graph":[{"@type":"WebPage","@id":"https:\/\/www.tomhemps.com\/fr\/prf\/cbd-hash-22-gorilla-glue\/","url":"https:\/\/www.tomhemps.com\/fr\/prf\/cbd-hash-22-gorilla-glue\/","name":"CBD Hash 22% Gorilla Glue","isPartOf":{"@id":"https:\/\/www.tomhemps.com\/fr\/#website"},"primaryImageOfPage":{"@id":"https:\/\/www.tomhemps.com\/fr\/prf\/cbd-hash-22-gorilla-glue\/#primaryimage"},"image":{"@id":"https:\/\/www.tomhemps.com\/fr\/prf\/cbd-hash-22-gorilla-glue\/#primaryimage"},"thumbnailUrl":"https:\/\/www.tomhemps.com\/wp-content\/uploads\/2019\/12\/TH-products-webshop-product-680x850-hash-gorilla-glue.png","datePublished":"2019-12-04T13:25:55+00:00","dateModified":"2025-12-29T22:00:05+00:00","description":"CBD Hash 22% Gorilla Glue - Your CBD Shop | Your CBD Brand | born in Berlin","breadcrumb":{"@id":"https:\/\/www.tomhemps.com\/fr\/prf\/cbd-hash-22-gorilla-glue\/#breadcrumb"},"inLanguage":"fr-FR","potentialAction":[{"@type":"ReadAction","target":["https:\/\/www.tomhemps.com\/fr\/prf\/cbd-hash-22-gorilla-glue\/"]}]},{"@type":"ImageObject","inLanguage":"fr-FR","@id":"https:\/\/www.tomhemps.com\/fr\/prf\/cbd-hash-22-gorilla-glue\/#primaryimage","url":"https:\/\/www.tomhemps.com\/wp-content\/uploads\/2019\/12\/TH-products-webshop-product-680x850-hash-gorilla-glue.png","contentUrl":"https:\/\/www.tomhemps.com\/wp-content\/uploads\/2019\/12\/TH-products-webshop-product-680x850-hash-gorilla-glue.png","width":680,"height":850,"caption":"| Tom Hemps Online CBD Shop"},{"@type":"BreadcrumbList","@id":"https:\/\/www.tomhemps.com\/fr\/prf\/cbd-hash-22-gorilla-glue\/#breadcrumb","itemListElement":[{"@type":"ListItem","position":1,"name":"Startseite","item":"https:\/\/www.tomhemps.com\/fr\/"},{"@type":"ListItem","position":2,"name":"Shop","item":"https:\/\/www.tomhemps.com\/fr\/shop\/"},{"@type":"ListItem","position":3,"name":"CBD Hash 22% Gorilla Glue"}]},{"@type":"WebSite","@id":"https:\/\/www.tomhemps.com\/fr\/#website","url":"https:\/\/www.tomhemps.com\/fr\/","name":"Your CBD Shop | Your CBD Brand | born in Berlin","description":"CBD Shop Berlin","publisher":{"@id":"https:\/\/www.tomhemps.com\/fr\/#organization"},"potentialAction":[{"@type":"SearchAction","target":{"@type":"EntryPoint","urlTemplate":"https:\/\/www.tomhemps.com\/fr\/?s={search_term_string}"},"query-input":"required name=search_term_string"}],"inLanguage":"fr-FR"},{"@type":"Organization","@id":"https:\/\/www.tomhemps.com\/fr\/#organization","name":"Tom Hemp's CBD Shop","alternateName":"Tom Hemp's Berlin","url":"https:\/\/www.tomhemps.com\/fr\/","logo":{"@type":"ImageObject","inLanguage":"fr-FR","@id":"https:\/\/www.tomhemps.com\/fr\/#\/schema\/logo\/image\/","url":"https:\/\/www.tomhemps.com\/wp-content\/uploads\/2019\/04\/Logo-2019-e1581413011332.jpg","contentUrl":"https:\/\/www.tomhemps.com\/wp-content\/uploads\/2019\/04\/Logo-2019-e1581413011332.jpg","width":460,"height":153,"caption":"Tom Hemp's CBD Shop"},"image":{"@id":"https:\/\/www.tomhemps.com\/fr\/#\/schema\/logo\/image\/"},"sameAs":["https:\/\/www.facebook.com\/tomhempsberlin\/","https:\/\/www.instagram.com\/tomhemps_cbd\/","https:\/\/www.youtube.com\/channel\/UCbGxDacLx_DRKyder_zVoNw"]}]}},"fields":{"pi_t":160730,"pi_tot":"Qu'y a-t-il \u00e0 l'int\u00e9rieur ?","pi_to":"<p>CBD 22%<br \/>\nTHC &lt; 0,2%<\/p>\n<p>Ingr\u00e9dients : pollinisat de chanvre industriel de l&rsquo;UE, terp\u00e8nes<\/p>\n","pi_tst":"Notice D'emballage","pi_ts":"<p>Le produit est destin\u00e9 exclusivement \u00e0 un usage commercial, technique et scientifique. A conserver hors de port\u00e9e des enfants. Le produit ne peut pas \u00eatre transport\u00e9 \u00e0 l&rsquo;\u00e9tranger. L&rsquo;ingestion et le tabagisme de ce produit sont strictement interdits. Ces fleurs de chanvre industriel europ\u00e9en transform\u00e9es contiennent moins de 0,2 % de THC. Le nom du produit n&rsquo;a aucune signification ni aucun contexte par rapport \u00e0 d&rsquo;autres produits et est uniquement utilis\u00e9 \u00e0 des fins de marketing.<\/p>\n","pi_hd":false,"pi_hm":false,"smoking_product":true,"pi_dd":false},"_links":{"self":[{"href":"https:\/\/www.tomhemps.com\/fr\/wp-json\/wp\/v2\/product\/160727"}],"collection":[{"href":"https:\/\/www.tomhemps.com\/fr\/wp-json\/wp\/v2\/product"}],"about":[{"href":"https:\/\/www.tomhemps.com\/fr\/wp-json\/wp\/v2\/types\/product"}],"replies":[{"embeddable":true,"href":"https:\/\/www.tomhemps.com\/fr\/wp-json\/wp\/v2\/comments?post=160727"}],"wp:featuredmedia":[{"embeddable":true,"href":"https:\/\/www.tomhemps.com\/fr\/wp-json\/wp\/v2\/media\/537182"}],"wp:attachment":[{"href":"https:\/\/www.tomhemps.com\/fr\/wp-json\/wp\/v2\/media?parent=160727"}],"wp:term":[{"taxonomy":"product_cat","embeddable":true,"href":"https:\/\/www.tomhemps.com\/fr\/wp-json\/wp\/v2\/product_cat?post=160727"},{"taxonomy":"product_tag","embeddable":true,"href":"https:\/\/www.tomhemps.com\/fr\/wp-json\/wp\/v2\/product_tag?post=160727"}],"curies":[{"name":"wp","href":"https:\/\/api.w.org\/{rel}","templated":true}]}}