{"id":160919,"date":"2019-08-14T13:44:36","date_gmt":"2019-08-14T11:44:36","guid":{"rendered":"https:\/\/www.tomhemps.com\/product\/fleurs-de-cbd-420-berlin\/"},"modified":"2026-04-15T18:08:24","modified_gmt":"2026-04-15T16:08:24","slug":"fleurs-de-cbd-420-berlin","status":"publish","type":"product","link":"https:\/\/www.tomhemps.com\/fr\/prf\/fleurs-de-cbd-420-berlin\/","title":{"rendered":"Fleurs de CBD 420 Berlin"},"content":{"rendered":"","protected":false},"excerpt":{"rendered":"<p>420 Berlin est notre \u00abMaster&rsquo;s Blend\u00bb, c\u00e9l\u00e9brant toute la diversit\u00e9 de nos fleurs de CBD biologiques. Le tout \u00e0 un prix raisonnable. Dans notre sac de 5,0 g facile \u00e0 utiliser, vous trouverez tous nos bourgeons de CBD certifi\u00e9s par l&rsquo;UE dans un m\u00e9lange bien harmonis\u00e9. Les bourgeons de CBD vous sont livr\u00e9s dans un sac refermable, d\u00e9j\u00e0 coup\u00e9s et filtr\u00e9s par nos soins. Ainsi, le m\u00e9lange de CBD arrive pr\u00eat \u00e0 l&#8217;emploi et est \u00e9galement tr\u00e8s simple \u00e0 travailler. D\u00e9couvrez ce que nos fleurs CBD ont \u00e0 offrir.<\/p>\n","protected":false},"featured_media":530609,"comment_status":"open","ping_status":"closed","template":"","meta":{"_acf_changed":false},"product_cat":[5007,965,973],"product_tag":[],"acf":[],"yoast_head":"<!-- This site is optimized with the Yoast SEO Premium plugin v22.8 (Yoast SEO v22.8) - https:\/\/yoast.com\/wordpress\/plugins\/seo\/ -->\n<title>Fleurs de CBD 420 Berlin<\/title>\n<meta name=\"description\" content=\"Fleurs de CBD 420 Berlin - Your CBD Shop | Your CBD Brand | born in Berlin\" \/>\n<meta name=\"robots\" content=\"index, follow, max-snippet:-1, max-image-preview:large, max-video-preview:-1\" \/>\n<link rel=\"canonical\" href=\"https:\/\/www.tomhemps.com\/fr\/prf\/fleurs-de-cbd-420-berlin\/\" \/>\n<meta property=\"og:locale\" content=\"fr_FR\" \/>\n<meta property=\"og:type\" content=\"article\" \/>\n<meta property=\"og:title\" content=\"Fleurs de CBD 420 Berlin\" \/>\n<meta property=\"og:description\" content=\"Fleurs de CBD 420 Berlin - Your CBD Shop | Your CBD Brand | born in Berlin\" \/>\n<meta property=\"og:url\" content=\"https:\/\/www.tomhemps.com\/fr\/prf\/fleurs-de-cbd-420-berlin\/\" \/>\n<meta property=\"og:site_name\" content=\"Your CBD Shop | Your CBD Brand | born in Berlin\" \/>\n<meta property=\"article:publisher\" content=\"https:\/\/www.facebook.com\/tomhempsberlin\/\" \/>\n<meta property=\"article:modified_time\" content=\"2026-04-15T16:08:24+00:00\" \/>\n<meta property=\"og:image\" content=\"https:\/\/www.tomhemps.com\/wp-content\/uploads\/2019\/08\/TH-product-420-bag-update-2022-1600-1750.png\" \/>\n\t<meta property=\"og:image:width\" content=\"1780\" \/>\n\t<meta property=\"og:image:height\" content=\"1600\" \/>\n\t<meta property=\"og:image:type\" content=\"image\/png\" \/>\n<meta name=\"twitter:card\" content=\"summary_large_image\" \/>\n<script type=\"application\/ld+json\" class=\"yoast-schema-graph\">{\"@context\":\"https:\/\/schema.org\",\"@graph\":[{\"@type\":\"WebPage\",\"@id\":\"https:\/\/www.tomhemps.com\/fr\/prf\/fleurs-de-cbd-420-berlin\/\",\"url\":\"https:\/\/www.tomhemps.com\/fr\/prf\/fleurs-de-cbd-420-berlin\/\",\"name\":\"Fleurs de CBD 420 Berlin\",\"isPartOf\":{\"@id\":\"https:\/\/www.tomhemps.com\/fr\/#website\"},\"primaryImageOfPage\":{\"@id\":\"https:\/\/www.tomhemps.com\/fr\/prf\/fleurs-de-cbd-420-berlin\/#primaryimage\"},\"image\":{\"@id\":\"https:\/\/www.tomhemps.com\/fr\/prf\/fleurs-de-cbd-420-berlin\/#primaryimage\"},\"thumbnailUrl\":\"https:\/\/www.tomhemps.com\/wp-content\/uploads\/2019\/08\/TH-product-420-bag-update-2022-1600-1750.png\",\"datePublished\":\"2019-08-14T11:44:36+00:00\",\"dateModified\":\"2026-04-15T16:08:24+00:00\",\"description\":\"Fleurs de CBD 420 Berlin - Your CBD Shop | Your CBD Brand | born in Berlin\",\"breadcrumb\":{\"@id\":\"https:\/\/www.tomhemps.com\/fr\/prf\/fleurs-de-cbd-420-berlin\/#breadcrumb\"},\"inLanguage\":\"fr-FR\",\"potentialAction\":[{\"@type\":\"ReadAction\",\"target\":[\"https:\/\/www.tomhemps.com\/fr\/prf\/fleurs-de-cbd-420-berlin\/\"]}]},{\"@type\":\"ImageObject\",\"inLanguage\":\"fr-FR\",\"@id\":\"https:\/\/www.tomhemps.com\/fr\/prf\/fleurs-de-cbd-420-berlin\/#primaryimage\",\"url\":\"https:\/\/www.tomhemps.com\/wp-content\/uploads\/2019\/08\/TH-product-420-bag-update-2022-1600-1750.png\",\"contentUrl\":\"https:\/\/www.tomhemps.com\/wp-content\/uploads\/2019\/08\/TH-product-420-bag-update-2022-1600-1750.png\",\"width\":1780,\"height\":1600,\"caption\":\"Tom Hemps Product Ecobags 420 Mix CBD flowers\"},{\"@type\":\"BreadcrumbList\",\"@id\":\"https:\/\/www.tomhemps.com\/fr\/prf\/fleurs-de-cbd-420-berlin\/#breadcrumb\",\"itemListElement\":[{\"@type\":\"ListItem\",\"position\":1,\"name\":\"Startseite\",\"item\":\"https:\/\/www.tomhemps.com\/fr\/\"},{\"@type\":\"ListItem\",\"position\":2,\"name\":\"Shop\",\"item\":\"https:\/\/www.tomhemps.com\/fr\/shop\/\"},{\"@type\":\"ListItem\",\"position\":3,\"name\":\"Fleurs de CBD 420 Berlin\"}]},{\"@type\":\"WebSite\",\"@id\":\"https:\/\/www.tomhemps.com\/fr\/#website\",\"url\":\"https:\/\/www.tomhemps.com\/fr\/\",\"name\":\"Your CBD Shop | Your CBD Brand | born in Berlin\",\"description\":\"CBD Shop Berlin\",\"publisher\":{\"@id\":\"https:\/\/www.tomhemps.com\/fr\/#organization\"},\"potentialAction\":[{\"@type\":\"SearchAction\",\"target\":{\"@type\":\"EntryPoint\",\"urlTemplate\":\"https:\/\/www.tomhemps.com\/fr\/?s={search_term_string}\"},\"query-input\":\"required name=search_term_string\"}],\"inLanguage\":\"fr-FR\"},{\"@type\":\"Organization\",\"@id\":\"https:\/\/www.tomhemps.com\/fr\/#organization\",\"name\":\"Tom Hemp's CBD Shop\",\"alternateName\":\"Tom Hemp's Berlin\",\"url\":\"https:\/\/www.tomhemps.com\/fr\/\",\"logo\":{\"@type\":\"ImageObject\",\"inLanguage\":\"fr-FR\",\"@id\":\"https:\/\/www.tomhemps.com\/fr\/#\/schema\/logo\/image\/\",\"url\":\"https:\/\/www.tomhemps.com\/wp-content\/uploads\/2019\/04\/Logo-2019-e1581413011332.jpg\",\"contentUrl\":\"https:\/\/www.tomhemps.com\/wp-content\/uploads\/2019\/04\/Logo-2019-e1581413011332.jpg\",\"width\":460,\"height\":153,\"caption\":\"Tom Hemp's CBD Shop\"},\"image\":{\"@id\":\"https:\/\/www.tomhemps.com\/fr\/#\/schema\/logo\/image\/\"},\"sameAs\":[\"https:\/\/www.facebook.com\/tomhempsberlin\/\",\"https:\/\/www.instagram.com\/tomhemps_cbd\/\",\"https:\/\/www.youtube.com\/channel\/UCbGxDacLx_DRKyder_zVoNw\"]}]}<\/script>\n<!-- \/ Yoast SEO Premium plugin. -->","yoast_head_json":{"title":"Fleurs de CBD 420 Berlin","description":"Fleurs de CBD 420 Berlin - Your CBD Shop | Your CBD Brand | born in Berlin","robots":{"index":"index","follow":"follow","max-snippet":"max-snippet:-1","max-image-preview":"max-image-preview:large","max-video-preview":"max-video-preview:-1"},"canonical":"https:\/\/www.tomhemps.com\/fr\/prf\/fleurs-de-cbd-420-berlin\/","og_locale":"fr_FR","og_type":"article","og_title":"Fleurs de CBD 420 Berlin","og_description":"Fleurs de CBD 420 Berlin - Your CBD Shop | Your CBD Brand | born in Berlin","og_url":"https:\/\/www.tomhemps.com\/fr\/prf\/fleurs-de-cbd-420-berlin\/","og_site_name":"Your CBD Shop | Your CBD Brand | born in Berlin","article_publisher":"https:\/\/www.facebook.com\/tomhempsberlin\/","article_modified_time":"2026-04-15T16:08:24+00:00","og_image":[{"width":1780,"height":1600,"url":"https:\/\/www.tomhemps.com\/wp-content\/uploads\/2019\/08\/TH-product-420-bag-update-2022-1600-1750.png","type":"image\/png"}],"twitter_card":"summary_large_image","schema":{"@context":"https:\/\/schema.org","@graph":[{"@type":"WebPage","@id":"https:\/\/www.tomhemps.com\/fr\/prf\/fleurs-de-cbd-420-berlin\/","url":"https:\/\/www.tomhemps.com\/fr\/prf\/fleurs-de-cbd-420-berlin\/","name":"Fleurs de CBD 420 Berlin","isPartOf":{"@id":"https:\/\/www.tomhemps.com\/fr\/#website"},"primaryImageOfPage":{"@id":"https:\/\/www.tomhemps.com\/fr\/prf\/fleurs-de-cbd-420-berlin\/#primaryimage"},"image":{"@id":"https:\/\/www.tomhemps.com\/fr\/prf\/fleurs-de-cbd-420-berlin\/#primaryimage"},"thumbnailUrl":"https:\/\/www.tomhemps.com\/wp-content\/uploads\/2019\/08\/TH-product-420-bag-update-2022-1600-1750.png","datePublished":"2019-08-14T11:44:36+00:00","dateModified":"2026-04-15T16:08:24+00:00","description":"Fleurs de CBD 420 Berlin - Your CBD Shop | Your CBD Brand | born in Berlin","breadcrumb":{"@id":"https:\/\/www.tomhemps.com\/fr\/prf\/fleurs-de-cbd-420-berlin\/#breadcrumb"},"inLanguage":"fr-FR","potentialAction":[{"@type":"ReadAction","target":["https:\/\/www.tomhemps.com\/fr\/prf\/fleurs-de-cbd-420-berlin\/"]}]},{"@type":"ImageObject","inLanguage":"fr-FR","@id":"https:\/\/www.tomhemps.com\/fr\/prf\/fleurs-de-cbd-420-berlin\/#primaryimage","url":"https:\/\/www.tomhemps.com\/wp-content\/uploads\/2019\/08\/TH-product-420-bag-update-2022-1600-1750.png","contentUrl":"https:\/\/www.tomhemps.com\/wp-content\/uploads\/2019\/08\/TH-product-420-bag-update-2022-1600-1750.png","width":1780,"height":1600,"caption":"Tom Hemps Product Ecobags 420 Mix CBD flowers"},{"@type":"BreadcrumbList","@id":"https:\/\/www.tomhemps.com\/fr\/prf\/fleurs-de-cbd-420-berlin\/#breadcrumb","itemListElement":[{"@type":"ListItem","position":1,"name":"Startseite","item":"https:\/\/www.tomhemps.com\/fr\/"},{"@type":"ListItem","position":2,"name":"Shop","item":"https:\/\/www.tomhemps.com\/fr\/shop\/"},{"@type":"ListItem","position":3,"name":"Fleurs de CBD 420 Berlin"}]},{"@type":"WebSite","@id":"https:\/\/www.tomhemps.com\/fr\/#website","url":"https:\/\/www.tomhemps.com\/fr\/","name":"Your CBD Shop | Your CBD Brand | born in Berlin","description":"CBD Shop Berlin","publisher":{"@id":"https:\/\/www.tomhemps.com\/fr\/#organization"},"potentialAction":[{"@type":"SearchAction","target":{"@type":"EntryPoint","urlTemplate":"https:\/\/www.tomhemps.com\/fr\/?s={search_term_string}"},"query-input":"required name=search_term_string"}],"inLanguage":"fr-FR"},{"@type":"Organization","@id":"https:\/\/www.tomhemps.com\/fr\/#organization","name":"Tom Hemp's CBD Shop","alternateName":"Tom Hemp's Berlin","url":"https:\/\/www.tomhemps.com\/fr\/","logo":{"@type":"ImageObject","inLanguage":"fr-FR","@id":"https:\/\/www.tomhemps.com\/fr\/#\/schema\/logo\/image\/","url":"https:\/\/www.tomhemps.com\/wp-content\/uploads\/2019\/04\/Logo-2019-e1581413011332.jpg","contentUrl":"https:\/\/www.tomhemps.com\/wp-content\/uploads\/2019\/04\/Logo-2019-e1581413011332.jpg","width":460,"height":153,"caption":"Tom Hemp's CBD Shop"},"image":{"@id":"https:\/\/www.tomhemps.com\/fr\/#\/schema\/logo\/image\/"},"sameAs":["https:\/\/www.facebook.com\/tomhempsberlin\/","https:\/\/www.instagram.com\/tomhemps_cbd\/","https:\/\/www.youtube.com\/channel\/UCbGxDacLx_DRKyder_zVoNw"]}]}},"fields":{"pi_tot":"Qu'y a-t-il \u00e0 l'int\u00e9rieur ?","pi_to":"<p>CBD 3-6%<br \/>\nTHC &lt; 0,2%<br \/>\nIngr\u00e9dients : Fleurs de chanvre industriel europ\u00e9en, s\u00e9ch\u00e9es, broy\u00e9es<\/p>\n<p>Contenu : 5,0 grammes<\/p>\n","pi_tst":"Notice D'emballage","pi_ts":"<p>Le produit est destin\u00e9 exclusivement \u00e0 un usage commercial, technique et scientifique. A conserver hors de port\u00e9e des enfants. Le produit ne peut pas \u00eatre transport\u00e9 \u00e0 l&rsquo;\u00e9tranger. L&rsquo;ingestion et le tabagisme de ce produit sont strictement interdits. Ces fleurs de chanvre industriel europ\u00e9en transform\u00e9es contiennent moins de 0,2 % de THC. Le nom du produit n&rsquo;a aucune signification ni aucun contexte par rapport \u00e0 d&rsquo;autres produits et est uniquement utilis\u00e9 \u00e0 des fins de marketing.<\/p>\n<p>La couleur des fleurs peut diff\u00e9rer des photos pr\u00e9sent\u00e9es, en fonction de la r\u00e9colte.<\/p>\n","pi_hd":false,"pi_hm":false,"smoking_product":true,"pi_t":530165,"pi_dd":530603},"_links":{"self":[{"href":"https:\/\/www.tomhemps.com\/fr\/wp-json\/wp\/v2\/product\/160919"}],"collection":[{"href":"https:\/\/www.tomhemps.com\/fr\/wp-json\/wp\/v2\/product"}],"about":[{"href":"https:\/\/www.tomhemps.com\/fr\/wp-json\/wp\/v2\/types\/product"}],"replies":[{"embeddable":true,"href":"https:\/\/www.tomhemps.com\/fr\/wp-json\/wp\/v2\/comments?post=160919"}],"wp:featuredmedia":[{"embeddable":true,"href":"https:\/\/www.tomhemps.com\/fr\/wp-json\/wp\/v2\/media\/530609"}],"wp:attachment":[{"href":"https:\/\/www.tomhemps.com\/fr\/wp-json\/wp\/v2\/media?parent=160919"}],"wp:term":[{"taxonomy":"product_cat","embeddable":true,"href":"https:\/\/www.tomhemps.com\/fr\/wp-json\/wp\/v2\/product_cat?post=160919"},{"taxonomy":"product_tag","embeddable":true,"href":"https:\/\/www.tomhemps.com\/fr\/wp-json\/wp\/v2\/product_tag?post=160919"}],"curies":[{"name":"wp","href":"https:\/\/api.w.org\/{rel}","templated":true}]}}