{"id":160952,"date":"2019-02-13T10:52:33","date_gmt":"2019-02-13T09:52:33","guid":{"rendered":"https:\/\/www.tomhemps.com\/product\/fleurs-de-cbd-girl-scout-cookies\/"},"modified":"2025-12-01T23:00:13","modified_gmt":"2025-12-01T22:00:13","slug":"fleurs-de-cbd-girl-scout-cookies","status":"publish","type":"product","link":"https:\/\/www.tomhemps.com\/fr\/prf\/fleurs-de-cbd-girl-scout-cookies\/","title":{"rendered":"Fleurs de CBD Girl Scout Cookies"},"content":{"rendered":"","protected":false},"excerpt":{"rendered":"<p>All the girls standing in the line for the&#8230; Cookies. Fabriqu\u00e9es \u00e0 partir de chanvre industriel de premi\u00e8re qualit\u00e9, certifi\u00e9 par l&rsquo;UE, les fleurs CBD Girl Scout Cookies ont un go\u00fbt sucr\u00e9 et fruit\u00e9 incomparable. De subtiles nuances de vanille et de beurre vous attendent dans chaque bourgeon, se combinant avec des tons fruit\u00e9s de myrtille pour cr\u00e9er une exp\u00e9rience inoubliable de saveur de g\u00e2teau \u00e0 la cr\u00e8me glac\u00e9e. Et comme toutes nos vari\u00e9t\u00e9s de fleurs, celle-ci est exempte de pesticides et d&rsquo;herbicides.<\/p>\n<p>Prenez la fameuse bouch\u00e9e de Girl Scout Cookie et savourez-la avec bonheur.<\/p>\n","protected":false},"featured_media":538117,"comment_status":"open","ping_status":"closed","template":"","meta":{"_acf_changed":false},"product_cat":[5007,965,973],"product_tag":[],"acf":[],"yoast_head":"<!-- This site is optimized with the Yoast SEO Premium plugin v22.8 (Yoast SEO v22.8) - https:\/\/yoast.com\/wordpress\/plugins\/seo\/ -->\n<title>Fleurs de CBD Girl Scout Cookies<\/title>\n<meta name=\"description\" content=\"Fleurs de CBD Girl Scout Cookies - Your CBD Shop | Your CBD Brand | born in Berlin\" \/>\n<meta name=\"robots\" content=\"index, follow, max-snippet:-1, max-image-preview:large, max-video-preview:-1\" \/>\n<link rel=\"canonical\" href=\"https:\/\/www.tomhemps.com\/fr\/prf\/fleurs-de-cbd-girl-scout-cookies\/\" \/>\n<meta property=\"og:locale\" content=\"fr_FR\" \/>\n<meta property=\"og:type\" content=\"article\" \/>\n<meta property=\"og:title\" content=\"Fleurs de CBD Girl Scout Cookies\" \/>\n<meta property=\"og:description\" content=\"Fleurs de CBD Girl Scout Cookies - Your CBD Shop | Your CBD Brand | born in Berlin\" \/>\n<meta property=\"og:url\" content=\"https:\/\/www.tomhemps.com\/fr\/prf\/fleurs-de-cbd-girl-scout-cookies\/\" \/>\n<meta property=\"og:site_name\" content=\"Your CBD Shop | Your CBD Brand | born in Berlin\" \/>\n<meta property=\"article:publisher\" content=\"https:\/\/www.facebook.com\/tomhempsberlin\/\" \/>\n<meta property=\"article:modified_time\" content=\"2025-12-01T22:00:13+00:00\" \/>\n<meta property=\"og:image\" content=\"https:\/\/www.tomhemps.com\/wp-content\/uploads\/2022\/10\/TH-products-webshop-680x850-Girl-Scoout-Cookie.png\" \/>\n\t<meta property=\"og:image:width\" content=\"680\" \/>\n\t<meta property=\"og:image:height\" content=\"850\" \/>\n\t<meta property=\"og:image:type\" content=\"image\/png\" \/>\n<meta name=\"twitter:card\" content=\"summary_large_image\" \/>\n<script type=\"application\/ld+json\" class=\"yoast-schema-graph\">{\"@context\":\"https:\/\/schema.org\",\"@graph\":[{\"@type\":\"WebPage\",\"@id\":\"https:\/\/www.tomhemps.com\/fr\/prf\/fleurs-de-cbd-girl-scout-cookies\/\",\"url\":\"https:\/\/www.tomhemps.com\/fr\/prf\/fleurs-de-cbd-girl-scout-cookies\/\",\"name\":\"Fleurs de CBD Girl Scout Cookies\",\"isPartOf\":{\"@id\":\"https:\/\/www.tomhemps.com\/fr\/#website\"},\"primaryImageOfPage\":{\"@id\":\"https:\/\/www.tomhemps.com\/fr\/prf\/fleurs-de-cbd-girl-scout-cookies\/#primaryimage\"},\"image\":{\"@id\":\"https:\/\/www.tomhemps.com\/fr\/prf\/fleurs-de-cbd-girl-scout-cookies\/#primaryimage\"},\"thumbnailUrl\":\"https:\/\/www.tomhemps.com\/wp-content\/uploads\/2022\/10\/TH-products-webshop-680x850-Girl-Scoout-Cookie.png\",\"datePublished\":\"2019-02-13T09:52:33+00:00\",\"dateModified\":\"2025-12-01T22:00:13+00:00\",\"description\":\"Fleurs de CBD Girl Scout Cookies - Your CBD Shop | Your CBD Brand | born in Berlin\",\"breadcrumb\":{\"@id\":\"https:\/\/www.tomhemps.com\/fr\/prf\/fleurs-de-cbd-girl-scout-cookies\/#breadcrumb\"},\"inLanguage\":\"fr-FR\",\"potentialAction\":[{\"@type\":\"ReadAction\",\"target\":[\"https:\/\/www.tomhemps.com\/fr\/prf\/fleurs-de-cbd-girl-scout-cookies\/\"]}]},{\"@type\":\"ImageObject\",\"inLanguage\":\"fr-FR\",\"@id\":\"https:\/\/www.tomhemps.com\/fr\/prf\/fleurs-de-cbd-girl-scout-cookies\/#primaryimage\",\"url\":\"https:\/\/www.tomhemps.com\/wp-content\/uploads\/2022\/10\/TH-products-webshop-680x850-Girl-Scoout-Cookie.png\",\"contentUrl\":\"https:\/\/www.tomhemps.com\/wp-content\/uploads\/2022\/10\/TH-products-webshop-680x850-Girl-Scoout-Cookie.png\",\"width\":680,\"height\":850,\"caption\":\"CBD Bl\u00fcten Girl Scout Cookies Package - TomHemp's CBD Shop\"},{\"@type\":\"BreadcrumbList\",\"@id\":\"https:\/\/www.tomhemps.com\/fr\/prf\/fleurs-de-cbd-girl-scout-cookies\/#breadcrumb\",\"itemListElement\":[{\"@type\":\"ListItem\",\"position\":1,\"name\":\"Startseite\",\"item\":\"https:\/\/www.tomhemps.com\/fr\/\"},{\"@type\":\"ListItem\",\"position\":2,\"name\":\"Shop\",\"item\":\"https:\/\/www.tomhemps.com\/fr\/shop\/\"},{\"@type\":\"ListItem\",\"position\":3,\"name\":\"Fleurs de CBD Girl Scout Cookies\"}]},{\"@type\":\"WebSite\",\"@id\":\"https:\/\/www.tomhemps.com\/fr\/#website\",\"url\":\"https:\/\/www.tomhemps.com\/fr\/\",\"name\":\"Your CBD Shop | Your CBD Brand | born in Berlin\",\"description\":\"CBD Shop Berlin\",\"publisher\":{\"@id\":\"https:\/\/www.tomhemps.com\/fr\/#organization\"},\"potentialAction\":[{\"@type\":\"SearchAction\",\"target\":{\"@type\":\"EntryPoint\",\"urlTemplate\":\"https:\/\/www.tomhemps.com\/fr\/?s={search_term_string}\"},\"query-input\":\"required name=search_term_string\"}],\"inLanguage\":\"fr-FR\"},{\"@type\":\"Organization\",\"@id\":\"https:\/\/www.tomhemps.com\/fr\/#organization\",\"name\":\"Tom Hemp's CBD Shop\",\"alternateName\":\"Tom Hemp's Berlin\",\"url\":\"https:\/\/www.tomhemps.com\/fr\/\",\"logo\":{\"@type\":\"ImageObject\",\"inLanguage\":\"fr-FR\",\"@id\":\"https:\/\/www.tomhemps.com\/fr\/#\/schema\/logo\/image\/\",\"url\":\"https:\/\/www.tomhemps.com\/wp-content\/uploads\/2019\/04\/Logo-2019-e1581413011332.jpg\",\"contentUrl\":\"https:\/\/www.tomhemps.com\/wp-content\/uploads\/2019\/04\/Logo-2019-e1581413011332.jpg\",\"width\":460,\"height\":153,\"caption\":\"Tom Hemp's CBD Shop\"},\"image\":{\"@id\":\"https:\/\/www.tomhemps.com\/fr\/#\/schema\/logo\/image\/\"},\"sameAs\":[\"https:\/\/www.facebook.com\/tomhempsberlin\/\",\"https:\/\/www.instagram.com\/tomhemps_cbd\/\",\"https:\/\/www.youtube.com\/channel\/UCbGxDacLx_DRKyder_zVoNw\"]}]}<\/script>\n<!-- \/ Yoast SEO Premium plugin. -->","yoast_head_json":{"title":"Fleurs de CBD Girl Scout Cookies","description":"Fleurs de CBD Girl Scout Cookies - Your CBD Shop | Your CBD Brand | born in Berlin","robots":{"index":"index","follow":"follow","max-snippet":"max-snippet:-1","max-image-preview":"max-image-preview:large","max-video-preview":"max-video-preview:-1"},"canonical":"https:\/\/www.tomhemps.com\/fr\/prf\/fleurs-de-cbd-girl-scout-cookies\/","og_locale":"fr_FR","og_type":"article","og_title":"Fleurs de CBD Girl Scout Cookies","og_description":"Fleurs de CBD Girl Scout Cookies - Your CBD Shop | Your CBD Brand | born in Berlin","og_url":"https:\/\/www.tomhemps.com\/fr\/prf\/fleurs-de-cbd-girl-scout-cookies\/","og_site_name":"Your CBD Shop | Your CBD Brand | born in Berlin","article_publisher":"https:\/\/www.facebook.com\/tomhempsberlin\/","article_modified_time":"2025-12-01T22:00:13+00:00","og_image":[{"width":680,"height":850,"url":"https:\/\/www.tomhemps.com\/wp-content\/uploads\/2022\/10\/TH-products-webshop-680x850-Girl-Scoout-Cookie.png","type":"image\/png"}],"twitter_card":"summary_large_image","schema":{"@context":"https:\/\/schema.org","@graph":[{"@type":"WebPage","@id":"https:\/\/www.tomhemps.com\/fr\/prf\/fleurs-de-cbd-girl-scout-cookies\/","url":"https:\/\/www.tomhemps.com\/fr\/prf\/fleurs-de-cbd-girl-scout-cookies\/","name":"Fleurs de CBD Girl Scout Cookies","isPartOf":{"@id":"https:\/\/www.tomhemps.com\/fr\/#website"},"primaryImageOfPage":{"@id":"https:\/\/www.tomhemps.com\/fr\/prf\/fleurs-de-cbd-girl-scout-cookies\/#primaryimage"},"image":{"@id":"https:\/\/www.tomhemps.com\/fr\/prf\/fleurs-de-cbd-girl-scout-cookies\/#primaryimage"},"thumbnailUrl":"https:\/\/www.tomhemps.com\/wp-content\/uploads\/2022\/10\/TH-products-webshop-680x850-Girl-Scoout-Cookie.png","datePublished":"2019-02-13T09:52:33+00:00","dateModified":"2025-12-01T22:00:13+00:00","description":"Fleurs de CBD Girl Scout Cookies - Your CBD Shop | Your CBD Brand | born in Berlin","breadcrumb":{"@id":"https:\/\/www.tomhemps.com\/fr\/prf\/fleurs-de-cbd-girl-scout-cookies\/#breadcrumb"},"inLanguage":"fr-FR","potentialAction":[{"@type":"ReadAction","target":["https:\/\/www.tomhemps.com\/fr\/prf\/fleurs-de-cbd-girl-scout-cookies\/"]}]},{"@type":"ImageObject","inLanguage":"fr-FR","@id":"https:\/\/www.tomhemps.com\/fr\/prf\/fleurs-de-cbd-girl-scout-cookies\/#primaryimage","url":"https:\/\/www.tomhemps.com\/wp-content\/uploads\/2022\/10\/TH-products-webshop-680x850-Girl-Scoout-Cookie.png","contentUrl":"https:\/\/www.tomhemps.com\/wp-content\/uploads\/2022\/10\/TH-products-webshop-680x850-Girl-Scoout-Cookie.png","width":680,"height":850,"caption":"CBD Bl\u00fcten Girl Scout Cookies Package - TomHemp's CBD Shop"},{"@type":"BreadcrumbList","@id":"https:\/\/www.tomhemps.com\/fr\/prf\/fleurs-de-cbd-girl-scout-cookies\/#breadcrumb","itemListElement":[{"@type":"ListItem","position":1,"name":"Startseite","item":"https:\/\/www.tomhemps.com\/fr\/"},{"@type":"ListItem","position":2,"name":"Shop","item":"https:\/\/www.tomhemps.com\/fr\/shop\/"},{"@type":"ListItem","position":3,"name":"Fleurs de CBD Girl Scout Cookies"}]},{"@type":"WebSite","@id":"https:\/\/www.tomhemps.com\/fr\/#website","url":"https:\/\/www.tomhemps.com\/fr\/","name":"Your CBD Shop | Your CBD Brand | born in Berlin","description":"CBD Shop Berlin","publisher":{"@id":"https:\/\/www.tomhemps.com\/fr\/#organization"},"potentialAction":[{"@type":"SearchAction","target":{"@type":"EntryPoint","urlTemplate":"https:\/\/www.tomhemps.com\/fr\/?s={search_term_string}"},"query-input":"required name=search_term_string"}],"inLanguage":"fr-FR"},{"@type":"Organization","@id":"https:\/\/www.tomhemps.com\/fr\/#organization","name":"Tom Hemp's CBD Shop","alternateName":"Tom Hemp's Berlin","url":"https:\/\/www.tomhemps.com\/fr\/","logo":{"@type":"ImageObject","inLanguage":"fr-FR","@id":"https:\/\/www.tomhemps.com\/fr\/#\/schema\/logo\/image\/","url":"https:\/\/www.tomhemps.com\/wp-content\/uploads\/2019\/04\/Logo-2019-e1581413011332.jpg","contentUrl":"https:\/\/www.tomhemps.com\/wp-content\/uploads\/2019\/04\/Logo-2019-e1581413011332.jpg","width":460,"height":153,"caption":"Tom Hemp's CBD Shop"},"image":{"@id":"https:\/\/www.tomhemps.com\/fr\/#\/schema\/logo\/image\/"},"sameAs":["https:\/\/www.facebook.com\/tomhempsberlin\/","https:\/\/www.instagram.com\/tomhemps_cbd\/","https:\/\/www.youtube.com\/channel\/UCbGxDacLx_DRKyder_zVoNw"]}]}},"fields":{"pi_t":163526,"pi_tot":"Qu'y a-t-il \u00e0 l'int\u00e9rieur ?","pi_to":"<p>CBD 6-8%<br \/>\nTHC &lt; 0,2%<\/p>\n<p>Ingr\u00e9dients : Fleurs de chanvre industriel europ\u00e9en, s\u00e9ch\u00e9es<\/p>\n","pi_tst":"Notice D'emballage","pi_ts":"<p>Le produit est destin\u00e9 exclusivement \u00e0 un usage commercial, technique et scientifique. A conserver hors de port\u00e9e des enfants. Le produit ne peut pas \u00eatre transport\u00e9 \u00e0 l&rsquo;\u00e9tranger. L&rsquo;ingestion et le tabagisme de ce produit sont strictement interdits. Ces fleurs de chanvre industriel europ\u00e9en transform\u00e9es contiennent moins de 0,2 % de THC. Le nom du produit n&rsquo;a aucune signification ni aucun contexte par rapport \u00e0 d&rsquo;autres produits et est uniquement utilis\u00e9 \u00e0 des fins de marketing.<\/p>\n<p>La couleur des fleurs peut diff\u00e9rer des photos pr\u00e9sent\u00e9es, en fonction de la r\u00e9colte.<\/p>\n","smoking_product":true,"pi_dd":false,"pi_hd":false,"pi_hm":false},"_links":{"self":[{"href":"https:\/\/www.tomhemps.com\/fr\/wp-json\/wp\/v2\/product\/160952"}],"collection":[{"href":"https:\/\/www.tomhemps.com\/fr\/wp-json\/wp\/v2\/product"}],"about":[{"href":"https:\/\/www.tomhemps.com\/fr\/wp-json\/wp\/v2\/types\/product"}],"replies":[{"embeddable":true,"href":"https:\/\/www.tomhemps.com\/fr\/wp-json\/wp\/v2\/comments?post=160952"}],"wp:featuredmedia":[{"embeddable":true,"href":"https:\/\/www.tomhemps.com\/fr\/wp-json\/wp\/v2\/media\/538117"}],"wp:attachment":[{"href":"https:\/\/www.tomhemps.com\/fr\/wp-json\/wp\/v2\/media?parent=160952"}],"wp:term":[{"taxonomy":"product_cat","embeddable":true,"href":"https:\/\/www.tomhemps.com\/fr\/wp-json\/wp\/v2\/product_cat?post=160952"},{"taxonomy":"product_tag","embeddable":true,"href":"https:\/\/www.tomhemps.com\/fr\/wp-json\/wp\/v2\/product_tag?post=160952"}],"curies":[{"name":"wp","href":"https:\/\/api.w.org\/{rel}","templated":true}]}}