{"id":161059,"date":"2020-10-06T17:47:02","date_gmt":"2020-09-30T15:47:02","guid":{"rendered":"https:\/\/www.tomhemps.com\/product\/broadspectrum-cbd-oel-18\/"},"modified":"2023-12-11T13:13:58","modified_gmt":"2023-12-11T12:13:58","slug":"broadspectrum-cbd-oel-18","status":"publish","type":"product","link":"https:\/\/www.tomhemps.com\/fr\/prf\/broadspectrum-cbd-oel-18\/","title":{"rendered":"Huile de CBD Broadspectrum 18%"},"content":{"rendered":"","protected":false},"excerpt":{"rendered":"<p><span style=\"font-weight: 400;\">Plongez dans le summum de la puissance du CBD avec notre huile de CBD \u00e0 large spectre, dont la concentration est de 18 %. Con\u00e7ue pour les utilisateurs chevronn\u00e9s, cette formule exceptionnelle fusionne de mani\u00e8re transparente le spectre complet des cannabino\u00efdes, des huiles essentielles et des terp\u00e8nes de la plante de chanvre, tout en conservant un profil sans THC. Chaque bouteille m\u00e9ticuleusement fabriqu\u00e9e va au-del\u00e0 d&rsquo;un simple produit, repr\u00e9sentant le summum des technologies d&rsquo;extraction avanc\u00e9es et les normes les plus \u00e9lev\u00e9es en mati\u00e8re d&rsquo;excellence du chanvre. Notre engagement in\u00e9branlable en faveur de la qualit\u00e9 se traduit par une s\u00e9lection minutieuse d&rsquo;ingr\u00e9dients de premi\u00e8re qualit\u00e9, certifi\u00e9s par l&rsquo;Union europ\u00e9enne. C&rsquo;est le monde de l&rsquo;huile de CBD \u00e0 large spectre dans sa forme la plus pure. Am\u00e9liorez votre exp\u00e9rience du CBD en toute confiance.<\/span><\/p>\n","protected":false},"featured_media":464538,"comment_status":"open","ping_status":"closed","template":"","meta":{"_acf_changed":false},"product_cat":[5007,965,971],"product_tag":[],"acf":[],"yoast_head":"<!-- This site is optimized with the Yoast SEO Premium plugin v22.8 (Yoast SEO v22.8) - https:\/\/yoast.com\/wordpress\/plugins\/seo\/ -->\n<title>Huile de CBD Broadspectrum 18% | Tom Hemps<\/title>\n<meta name=\"description\" content=\"Huile de CBD \u00e0 large spectre, dont la concentration est de 18 %. Con\u00e7ue pour les utilisateurs chevronn\u00e9s. Cannabino\u00efdes, des huiles essentielles et des terp\u00e8nes\" \/>\n<meta name=\"robots\" content=\"index, follow, max-snippet:-1, max-image-preview:large, max-video-preview:-1\" \/>\n<link rel=\"canonical\" href=\"https:\/\/www.tomhemps.com\/fr\/prf\/broadspectrum-cbd-oel-18\/\" \/>\n<meta property=\"og:locale\" content=\"fr_FR\" \/>\n<meta property=\"og:type\" content=\"article\" \/>\n<meta property=\"og:title\" content=\"Huile de CBD Broadspectrum 18%\" \/>\n<meta property=\"og:description\" content=\"Huile de CBD \u00e0 large spectre, dont la concentration est de 18 %. Con\u00e7ue pour les utilisateurs chevronn\u00e9s. Cannabino\u00efdes, des huiles essentielles et des terp\u00e8nes\" \/>\n<meta property=\"og:url\" content=\"https:\/\/www.tomhemps.com\/fr\/prf\/broadspectrum-cbd-oel-18\/\" \/>\n<meta property=\"og:site_name\" content=\"Your CBD Shop | Your CBD Brand | born in Berlin\" \/>\n<meta property=\"article:publisher\" content=\"https:\/\/www.facebook.com\/tomhempsberlin\/\" \/>\n<meta property=\"article:modified_time\" content=\"2023-12-11T12:13:58+00:00\" \/>\n<meta property=\"og:image\" content=\"https:\/\/www.tomhemps.com\/wp-content\/uploads\/2020\/09\/Tom_Hemps_product_beauty_hemp_serum_bottle_18__.png\" \/>\n\t<meta property=\"og:image:width\" content=\"1780\" \/>\n\t<meta property=\"og:image:height\" content=\"1600\" \/>\n\t<meta property=\"og:image:type\" content=\"image\/png\" \/>\n<meta name=\"twitter:card\" content=\"summary_large_image\" \/>\n<script type=\"application\/ld+json\" class=\"yoast-schema-graph\">{\"@context\":\"https:\/\/schema.org\",\"@graph\":[{\"@type\":\"WebPage\",\"@id\":\"https:\/\/www.tomhemps.com\/fr\/prf\/broadspectrum-cbd-oel-18\/\",\"url\":\"https:\/\/www.tomhemps.com\/fr\/prf\/broadspectrum-cbd-oel-18\/\",\"name\":\"Huile de CBD Broadspectrum 18% | Tom Hemps\",\"isPartOf\":{\"@id\":\"https:\/\/www.tomhemps.com\/fr\/#website\"},\"primaryImageOfPage\":{\"@id\":\"https:\/\/www.tomhemps.com\/fr\/prf\/broadspectrum-cbd-oel-18\/#primaryimage\"},\"image\":{\"@id\":\"https:\/\/www.tomhemps.com\/fr\/prf\/broadspectrum-cbd-oel-18\/#primaryimage\"},\"thumbnailUrl\":\"https:\/\/www.tomhemps.com\/wp-content\/uploads\/2020\/09\/Tom_Hemps_product_beauty_hemp_serum_bottle_18__.png\",\"datePublished\":\"2020-09-30T15:47:02+00:00\",\"dateModified\":\"2023-12-11T12:13:58+00:00\",\"description\":\"Huile de CBD \u00e0 large spectre, dont la concentration est de 18 %. Con\u00e7ue pour les utilisateurs chevronn\u00e9s. Cannabino\u00efdes, des huiles essentielles et des terp\u00e8nes\",\"breadcrumb\":{\"@id\":\"https:\/\/www.tomhemps.com\/fr\/prf\/broadspectrum-cbd-oel-18\/#breadcrumb\"},\"inLanguage\":\"fr-FR\",\"potentialAction\":[{\"@type\":\"ReadAction\",\"target\":[\"https:\/\/www.tomhemps.com\/fr\/prf\/broadspectrum-cbd-oel-18\/\"]}]},{\"@type\":\"ImageObject\",\"inLanguage\":\"fr-FR\",\"@id\":\"https:\/\/www.tomhemps.com\/fr\/prf\/broadspectrum-cbd-oel-18\/#primaryimage\",\"url\":\"https:\/\/www.tomhemps.com\/wp-content\/uploads\/2020\/09\/Tom_Hemps_product_beauty_hemp_serum_bottle_18__.png\",\"contentUrl\":\"https:\/\/www.tomhemps.com\/wp-content\/uploads\/2020\/09\/Tom_Hemps_product_beauty_hemp_serum_bottle_18__.png\",\"width\":1780,\"height\":1600},{\"@type\":\"BreadcrumbList\",\"@id\":\"https:\/\/www.tomhemps.com\/fr\/prf\/broadspectrum-cbd-oel-18\/#breadcrumb\",\"itemListElement\":[{\"@type\":\"ListItem\",\"position\":1,\"name\":\"Startseite\",\"item\":\"https:\/\/www.tomhemps.com\/fr\/\"},{\"@type\":\"ListItem\",\"position\":2,\"name\":\"Shop\",\"item\":\"https:\/\/www.tomhemps.com\/fr\/shop\/\"},{\"@type\":\"ListItem\",\"position\":3,\"name\":\"Huile de CBD Broadspectrum 18%\"}]},{\"@type\":\"WebSite\",\"@id\":\"https:\/\/www.tomhemps.com\/fr\/#website\",\"url\":\"https:\/\/www.tomhemps.com\/fr\/\",\"name\":\"Your CBD Shop | Your CBD Brand | born in Berlin\",\"description\":\"CBD Shop Berlin\",\"publisher\":{\"@id\":\"https:\/\/www.tomhemps.com\/fr\/#organization\"},\"potentialAction\":[{\"@type\":\"SearchAction\",\"target\":{\"@type\":\"EntryPoint\",\"urlTemplate\":\"https:\/\/www.tomhemps.com\/fr\/?s={search_term_string}\"},\"query-input\":\"required name=search_term_string\"}],\"inLanguage\":\"fr-FR\"},{\"@type\":\"Organization\",\"@id\":\"https:\/\/www.tomhemps.com\/fr\/#organization\",\"name\":\"Tom Hemp's CBD Shop\",\"alternateName\":\"Tom Hemp's Berlin\",\"url\":\"https:\/\/www.tomhemps.com\/fr\/\",\"logo\":{\"@type\":\"ImageObject\",\"inLanguage\":\"fr-FR\",\"@id\":\"https:\/\/www.tomhemps.com\/fr\/#\/schema\/logo\/image\/\",\"url\":\"https:\/\/www.tomhemps.com\/wp-content\/uploads\/2019\/04\/Logo-2019-e1581413011332.jpg\",\"contentUrl\":\"https:\/\/www.tomhemps.com\/wp-content\/uploads\/2019\/04\/Logo-2019-e1581413011332.jpg\",\"width\":460,\"height\":153,\"caption\":\"Tom Hemp's CBD Shop\"},\"image\":{\"@id\":\"https:\/\/www.tomhemps.com\/fr\/#\/schema\/logo\/image\/\"},\"sameAs\":[\"https:\/\/www.facebook.com\/tomhempsberlin\/\",\"https:\/\/www.instagram.com\/tomhemps_cbd\/\",\"https:\/\/www.youtube.com\/channel\/UCbGxDacLx_DRKyder_zVoNw\"]}]}<\/script>\n<!-- \/ Yoast SEO Premium plugin. -->","yoast_head_json":{"title":"Huile de CBD Broadspectrum 18% | Tom Hemps","description":"Huile de CBD \u00e0 large spectre, dont la concentration est de 18 %. Con\u00e7ue pour les utilisateurs chevronn\u00e9s. Cannabino\u00efdes, des huiles essentielles et des terp\u00e8nes","robots":{"index":"index","follow":"follow","max-snippet":"max-snippet:-1","max-image-preview":"max-image-preview:large","max-video-preview":"max-video-preview:-1"},"canonical":"https:\/\/www.tomhemps.com\/fr\/prf\/broadspectrum-cbd-oel-18\/","og_locale":"fr_FR","og_type":"article","og_title":"Huile de CBD Broadspectrum 18%","og_description":"Huile de CBD \u00e0 large spectre, dont la concentration est de 18 %. Con\u00e7ue pour les utilisateurs chevronn\u00e9s. Cannabino\u00efdes, des huiles essentielles et des terp\u00e8nes","og_url":"https:\/\/www.tomhemps.com\/fr\/prf\/broadspectrum-cbd-oel-18\/","og_site_name":"Your CBD Shop | Your CBD Brand | born in Berlin","article_publisher":"https:\/\/www.facebook.com\/tomhempsberlin\/","article_modified_time":"2023-12-11T12:13:58+00:00","og_image":[{"width":1780,"height":1600,"url":"https:\/\/www.tomhemps.com\/wp-content\/uploads\/2020\/09\/Tom_Hemps_product_beauty_hemp_serum_bottle_18__.png","type":"image\/png"}],"twitter_card":"summary_large_image","schema":{"@context":"https:\/\/schema.org","@graph":[{"@type":"WebPage","@id":"https:\/\/www.tomhemps.com\/fr\/prf\/broadspectrum-cbd-oel-18\/","url":"https:\/\/www.tomhemps.com\/fr\/prf\/broadspectrum-cbd-oel-18\/","name":"Huile de CBD Broadspectrum 18% | Tom Hemps","isPartOf":{"@id":"https:\/\/www.tomhemps.com\/fr\/#website"},"primaryImageOfPage":{"@id":"https:\/\/www.tomhemps.com\/fr\/prf\/broadspectrum-cbd-oel-18\/#primaryimage"},"image":{"@id":"https:\/\/www.tomhemps.com\/fr\/prf\/broadspectrum-cbd-oel-18\/#primaryimage"},"thumbnailUrl":"https:\/\/www.tomhemps.com\/wp-content\/uploads\/2020\/09\/Tom_Hemps_product_beauty_hemp_serum_bottle_18__.png","datePublished":"2020-09-30T15:47:02+00:00","dateModified":"2023-12-11T12:13:58+00:00","description":"Huile de CBD \u00e0 large spectre, dont la concentration est de 18 %. Con\u00e7ue pour les utilisateurs chevronn\u00e9s. Cannabino\u00efdes, des huiles essentielles et des terp\u00e8nes","breadcrumb":{"@id":"https:\/\/www.tomhemps.com\/fr\/prf\/broadspectrum-cbd-oel-18\/#breadcrumb"},"inLanguage":"fr-FR","potentialAction":[{"@type":"ReadAction","target":["https:\/\/www.tomhemps.com\/fr\/prf\/broadspectrum-cbd-oel-18\/"]}]},{"@type":"ImageObject","inLanguage":"fr-FR","@id":"https:\/\/www.tomhemps.com\/fr\/prf\/broadspectrum-cbd-oel-18\/#primaryimage","url":"https:\/\/www.tomhemps.com\/wp-content\/uploads\/2020\/09\/Tom_Hemps_product_beauty_hemp_serum_bottle_18__.png","contentUrl":"https:\/\/www.tomhemps.com\/wp-content\/uploads\/2020\/09\/Tom_Hemps_product_beauty_hemp_serum_bottle_18__.png","width":1780,"height":1600},{"@type":"BreadcrumbList","@id":"https:\/\/www.tomhemps.com\/fr\/prf\/broadspectrum-cbd-oel-18\/#breadcrumb","itemListElement":[{"@type":"ListItem","position":1,"name":"Startseite","item":"https:\/\/www.tomhemps.com\/fr\/"},{"@type":"ListItem","position":2,"name":"Shop","item":"https:\/\/www.tomhemps.com\/fr\/shop\/"},{"@type":"ListItem","position":3,"name":"Huile de CBD Broadspectrum 18%"}]},{"@type":"WebSite","@id":"https:\/\/www.tomhemps.com\/fr\/#website","url":"https:\/\/www.tomhemps.com\/fr\/","name":"Your CBD Shop | Your CBD Brand | born in Berlin","description":"CBD Shop Berlin","publisher":{"@id":"https:\/\/www.tomhemps.com\/fr\/#organization"},"potentialAction":[{"@type":"SearchAction","target":{"@type":"EntryPoint","urlTemplate":"https:\/\/www.tomhemps.com\/fr\/?s={search_term_string}"},"query-input":"required name=search_term_string"}],"inLanguage":"fr-FR"},{"@type":"Organization","@id":"https:\/\/www.tomhemps.com\/fr\/#organization","name":"Tom Hemp's CBD Shop","alternateName":"Tom Hemp's Berlin","url":"https:\/\/www.tomhemps.com\/fr\/","logo":{"@type":"ImageObject","inLanguage":"fr-FR","@id":"https:\/\/www.tomhemps.com\/fr\/#\/schema\/logo\/image\/","url":"https:\/\/www.tomhemps.com\/wp-content\/uploads\/2019\/04\/Logo-2019-e1581413011332.jpg","contentUrl":"https:\/\/www.tomhemps.com\/wp-content\/uploads\/2019\/04\/Logo-2019-e1581413011332.jpg","width":460,"height":153,"caption":"Tom Hemp's CBD Shop"},"image":{"@id":"https:\/\/www.tomhemps.com\/fr\/#\/schema\/logo\/image\/"},"sameAs":["https:\/\/www.facebook.com\/tomhempsberlin\/","https:\/\/www.instagram.com\/tomhemps_cbd\/","https:\/\/www.youtube.com\/channel\/UCbGxDacLx_DRKyder_zVoNw"]}]}},"fields":{"pi_dd":161060,"pi_t":161119,"pi_tot":"Qu'y a-t-il \u00e0 l'int\u00e9rieur ?","pi_to":"<p>Ingr\u00e9dients : Huile de graine de cannabis (chanvre) sativa, extrait de feuille de cannabis sativa, tocoph\u00e9rol<\/p>\n<p>&#8211; 10 ml : env. 320 gouttes<br \/>\n&#8211; 30 ml : env. 960 gouttes<\/p>\n","pi_tst":"Notice D'emballage","pi_ts":"<p>Bien agiter la bouteille avant de l\u2019utiliser. Pour un soin actif quotidien, appliquez deux gouttes dans la cavit\u00e9 buccale avec la pipette, et laissez couler pendant quelques secondes.<\/p>\n<p>La culture et la production de la large gamme d\u2019huiles et de s\u00e9rums CBD de Tom Hemp&rsquo;s ont lieu en Allemagne. Lors de la culture des plantes, les pesticides et les herbicides sont strictement \u00e9vit\u00e9s.<\/p>\n","pi_hd":false,"pi_hm":false,"smoking_product":false},"_links":{"self":[{"href":"https:\/\/www.tomhemps.com\/fr\/wp-json\/wp\/v2\/product\/161059"}],"collection":[{"href":"https:\/\/www.tomhemps.com\/fr\/wp-json\/wp\/v2\/product"}],"about":[{"href":"https:\/\/www.tomhemps.com\/fr\/wp-json\/wp\/v2\/types\/product"}],"replies":[{"embeddable":true,"href":"https:\/\/www.tomhemps.com\/fr\/wp-json\/wp\/v2\/comments?post=161059"}],"wp:featuredmedia":[{"embeddable":true,"href":"https:\/\/www.tomhemps.com\/fr\/wp-json\/wp\/v2\/media\/464538"}],"wp:attachment":[{"href":"https:\/\/www.tomhemps.com\/fr\/wp-json\/wp\/v2\/media?parent=161059"}],"wp:term":[{"taxonomy":"product_cat","embeddable":true,"href":"https:\/\/www.tomhemps.com\/fr\/wp-json\/wp\/v2\/product_cat?post=161059"},{"taxonomy":"product_tag","embeddable":true,"href":"https:\/\/www.tomhemps.com\/fr\/wp-json\/wp\/v2\/product_tag?post=161059"}],"curies":[{"name":"wp","href":"https:\/\/api.w.org\/{rel}","templated":true}]}}