{"id":161067,"date":"2020-10-07T10:53:09","date_gmt":"2020-09-30T15:48:09","guid":{"rendered":"https:\/\/www.tomhemps.com\/product\/broadspectrum-cbd-oel-12\/"},"modified":"2023-11-27T00:00:15","modified_gmt":"2023-11-26T23:00:15","slug":"broadspectrum-cbd-oel-12","status":"publish","type":"product","link":"https:\/\/www.tomhemps.com\/fr\/prf\/broadspectrum-cbd-oel-12\/","title":{"rendered":"Huile de CBD Broadspectrum 12%"},"content":{"rendered":"","protected":false},"excerpt":{"rendered":"<p>Le seul moyen est de grimper : quelques gouttes, de gros effets !<br \/>\nLe S\u00e9rum au Chanvre 12 est le pack de soin de luxe pour votre muqueuse buccale avec sa combinaison d\u2019ingr\u00e9dients : Extrait de feuilles de Cannabis Sativa, vitamine E et huile de graines de chanvre. La combinaison des ingr\u00e9dients active les barri\u00e8res naturelles de la peau tout en rendant la peau lisse et souple. Utilis\u00e9e r\u00e9guli\u00e8rement, l\u2019huile peut aider \u00e0 prot\u00e9ger la peau contre le stress oxydatif.<br \/>\nCe s\u00e9rum \u00e0 large spectre est exactement ce que son nom sugg\u00e8re : un s\u00e9rum qui combine le spectre complet de la plante de chanvre. Dans cette huile \u00e0 large spectre, toute la gamme des cannabino\u00efdes, des huiles essentielles et des terp\u00e8nes que l\u2019on trouve dans les plantes de chanvre agissent et r\u00e9agissent ensemble \u2014 avec la petite diff\u00e9rence qu\u2019on ne trouve pas de THC ici.<\/p>\n","protected":false},"featured_media":464544,"comment_status":"open","ping_status":"closed","template":"","meta":{"_acf_changed":false},"product_cat":[5007,965,971],"product_tag":[],"acf":[],"yoast_head":"<!-- This site is optimized with the Yoast SEO Premium plugin v22.8 (Yoast SEO v22.8) - https:\/\/yoast.com\/wordpress\/plugins\/seo\/ -->\n<title>Huile de CBD Broadspectrum 12%<\/title>\n<meta name=\"description\" content=\"Huile de CBD Broadspectrum 12% - Your CBD Shop | Your CBD Brand | born in Berlin\" \/>\n<meta name=\"robots\" content=\"index, follow, max-snippet:-1, max-image-preview:large, max-video-preview:-1\" \/>\n<link rel=\"canonical\" href=\"https:\/\/www.tomhemps.com\/fr\/prf\/broadspectrum-cbd-oel-12\/\" \/>\n<meta property=\"og:locale\" content=\"fr_FR\" \/>\n<meta property=\"og:type\" content=\"article\" \/>\n<meta property=\"og:title\" content=\"Huile de CBD Broadspectrum 12%\" \/>\n<meta property=\"og:description\" content=\"Huile de CBD Broadspectrum 12% - Your CBD Shop | Your CBD Brand | born in Berlin\" \/>\n<meta property=\"og:url\" content=\"https:\/\/www.tomhemps.com\/fr\/prf\/broadspectrum-cbd-oel-12\/\" \/>\n<meta property=\"og:site_name\" content=\"Your CBD Shop | Your CBD Brand | born in Berlin\" \/>\n<meta property=\"article:publisher\" content=\"https:\/\/www.facebook.com\/tomhempsberlin\/\" \/>\n<meta property=\"article:modified_time\" content=\"2023-11-26T23:00:15+00:00\" \/>\n<meta property=\"og:image\" content=\"https:\/\/www.tomhemps.com\/wp-content\/uploads\/2020\/09\/Tom_Hemps_product_all_beauty_hemp_serum_bottle_12_.png\" \/>\n\t<meta property=\"og:image:width\" content=\"1780\" \/>\n\t<meta property=\"og:image:height\" content=\"1600\" \/>\n\t<meta property=\"og:image:type\" content=\"image\/png\" \/>\n<meta name=\"twitter:card\" content=\"summary_large_image\" \/>\n<script type=\"application\/ld+json\" class=\"yoast-schema-graph\">{\"@context\":\"https:\/\/schema.org\",\"@graph\":[{\"@type\":\"WebPage\",\"@id\":\"https:\/\/www.tomhemps.com\/fr\/prf\/broadspectrum-cbd-oel-12\/\",\"url\":\"https:\/\/www.tomhemps.com\/fr\/prf\/broadspectrum-cbd-oel-12\/\",\"name\":\"Huile de CBD Broadspectrum 12%\",\"isPartOf\":{\"@id\":\"https:\/\/www.tomhemps.com\/fr\/#website\"},\"primaryImageOfPage\":{\"@id\":\"https:\/\/www.tomhemps.com\/fr\/prf\/broadspectrum-cbd-oel-12\/#primaryimage\"},\"image\":{\"@id\":\"https:\/\/www.tomhemps.com\/fr\/prf\/broadspectrum-cbd-oel-12\/#primaryimage\"},\"thumbnailUrl\":\"https:\/\/www.tomhemps.com\/wp-content\/uploads\/2020\/09\/Tom_Hemps_product_all_beauty_hemp_serum_bottle_12_.png\",\"datePublished\":\"2020-09-30T15:48:09+00:00\",\"dateModified\":\"2023-11-26T23:00:15+00:00\",\"description\":\"Huile de CBD Broadspectrum 12% - Your CBD Shop | Your CBD Brand | born in Berlin\",\"breadcrumb\":{\"@id\":\"https:\/\/www.tomhemps.com\/fr\/prf\/broadspectrum-cbd-oel-12\/#breadcrumb\"},\"inLanguage\":\"fr-FR\",\"potentialAction\":[{\"@type\":\"ReadAction\",\"target\":[\"https:\/\/www.tomhemps.com\/fr\/prf\/broadspectrum-cbd-oel-12\/\"]}]},{\"@type\":\"ImageObject\",\"inLanguage\":\"fr-FR\",\"@id\":\"https:\/\/www.tomhemps.com\/fr\/prf\/broadspectrum-cbd-oel-12\/#primaryimage\",\"url\":\"https:\/\/www.tomhemps.com\/wp-content\/uploads\/2020\/09\/Tom_Hemps_product_all_beauty_hemp_serum_bottle_12_.png\",\"contentUrl\":\"https:\/\/www.tomhemps.com\/wp-content\/uploads\/2020\/09\/Tom_Hemps_product_all_beauty_hemp_serum_bottle_12_.png\",\"width\":1780,\"height\":1600},{\"@type\":\"BreadcrumbList\",\"@id\":\"https:\/\/www.tomhemps.com\/fr\/prf\/broadspectrum-cbd-oel-12\/#breadcrumb\",\"itemListElement\":[{\"@type\":\"ListItem\",\"position\":1,\"name\":\"Startseite\",\"item\":\"https:\/\/www.tomhemps.com\/fr\/\"},{\"@type\":\"ListItem\",\"position\":2,\"name\":\"Shop\",\"item\":\"https:\/\/www.tomhemps.com\/fr\/shop\/\"},{\"@type\":\"ListItem\",\"position\":3,\"name\":\"Huile de CBD Broadspectrum 12%\"}]},{\"@type\":\"WebSite\",\"@id\":\"https:\/\/www.tomhemps.com\/fr\/#website\",\"url\":\"https:\/\/www.tomhemps.com\/fr\/\",\"name\":\"Your CBD Shop | Your CBD Brand | born in Berlin\",\"description\":\"CBD Shop Berlin\",\"publisher\":{\"@id\":\"https:\/\/www.tomhemps.com\/fr\/#organization\"},\"potentialAction\":[{\"@type\":\"SearchAction\",\"target\":{\"@type\":\"EntryPoint\",\"urlTemplate\":\"https:\/\/www.tomhemps.com\/fr\/?s={search_term_string}\"},\"query-input\":\"required name=search_term_string\"}],\"inLanguage\":\"fr-FR\"},{\"@type\":\"Organization\",\"@id\":\"https:\/\/www.tomhemps.com\/fr\/#organization\",\"name\":\"Tom Hemp's CBD Shop\",\"alternateName\":\"Tom Hemp's Berlin\",\"url\":\"https:\/\/www.tomhemps.com\/fr\/\",\"logo\":{\"@type\":\"ImageObject\",\"inLanguage\":\"fr-FR\",\"@id\":\"https:\/\/www.tomhemps.com\/fr\/#\/schema\/logo\/image\/\",\"url\":\"https:\/\/www.tomhemps.com\/wp-content\/uploads\/2019\/04\/Logo-2019-e1581413011332.jpg\",\"contentUrl\":\"https:\/\/www.tomhemps.com\/wp-content\/uploads\/2019\/04\/Logo-2019-e1581413011332.jpg\",\"width\":460,\"height\":153,\"caption\":\"Tom Hemp's CBD Shop\"},\"image\":{\"@id\":\"https:\/\/www.tomhemps.com\/fr\/#\/schema\/logo\/image\/\"},\"sameAs\":[\"https:\/\/www.facebook.com\/tomhempsberlin\/\",\"https:\/\/www.instagram.com\/tomhemps_cbd\/\",\"https:\/\/www.youtube.com\/channel\/UCbGxDacLx_DRKyder_zVoNw\"]}]}<\/script>\n<!-- \/ Yoast SEO Premium plugin. -->","yoast_head_json":{"title":"Huile de CBD Broadspectrum 12%","description":"Huile de CBD Broadspectrum 12% - Your CBD Shop | Your CBD Brand | born in Berlin","robots":{"index":"index","follow":"follow","max-snippet":"max-snippet:-1","max-image-preview":"max-image-preview:large","max-video-preview":"max-video-preview:-1"},"canonical":"https:\/\/www.tomhemps.com\/fr\/prf\/broadspectrum-cbd-oel-12\/","og_locale":"fr_FR","og_type":"article","og_title":"Huile de CBD Broadspectrum 12%","og_description":"Huile de CBD Broadspectrum 12% - Your CBD Shop | Your CBD Brand | born in Berlin","og_url":"https:\/\/www.tomhemps.com\/fr\/prf\/broadspectrum-cbd-oel-12\/","og_site_name":"Your CBD Shop | Your CBD Brand | born in Berlin","article_publisher":"https:\/\/www.facebook.com\/tomhempsberlin\/","article_modified_time":"2023-11-26T23:00:15+00:00","og_image":[{"width":1780,"height":1600,"url":"https:\/\/www.tomhemps.com\/wp-content\/uploads\/2020\/09\/Tom_Hemps_product_all_beauty_hemp_serum_bottle_12_.png","type":"image\/png"}],"twitter_card":"summary_large_image","schema":{"@context":"https:\/\/schema.org","@graph":[{"@type":"WebPage","@id":"https:\/\/www.tomhemps.com\/fr\/prf\/broadspectrum-cbd-oel-12\/","url":"https:\/\/www.tomhemps.com\/fr\/prf\/broadspectrum-cbd-oel-12\/","name":"Huile de CBD Broadspectrum 12%","isPartOf":{"@id":"https:\/\/www.tomhemps.com\/fr\/#website"},"primaryImageOfPage":{"@id":"https:\/\/www.tomhemps.com\/fr\/prf\/broadspectrum-cbd-oel-12\/#primaryimage"},"image":{"@id":"https:\/\/www.tomhemps.com\/fr\/prf\/broadspectrum-cbd-oel-12\/#primaryimage"},"thumbnailUrl":"https:\/\/www.tomhemps.com\/wp-content\/uploads\/2020\/09\/Tom_Hemps_product_all_beauty_hemp_serum_bottle_12_.png","datePublished":"2020-09-30T15:48:09+00:00","dateModified":"2023-11-26T23:00:15+00:00","description":"Huile de CBD Broadspectrum 12% - Your CBD Shop | Your CBD Brand | born in Berlin","breadcrumb":{"@id":"https:\/\/www.tomhemps.com\/fr\/prf\/broadspectrum-cbd-oel-12\/#breadcrumb"},"inLanguage":"fr-FR","potentialAction":[{"@type":"ReadAction","target":["https:\/\/www.tomhemps.com\/fr\/prf\/broadspectrum-cbd-oel-12\/"]}]},{"@type":"ImageObject","inLanguage":"fr-FR","@id":"https:\/\/www.tomhemps.com\/fr\/prf\/broadspectrum-cbd-oel-12\/#primaryimage","url":"https:\/\/www.tomhemps.com\/wp-content\/uploads\/2020\/09\/Tom_Hemps_product_all_beauty_hemp_serum_bottle_12_.png","contentUrl":"https:\/\/www.tomhemps.com\/wp-content\/uploads\/2020\/09\/Tom_Hemps_product_all_beauty_hemp_serum_bottle_12_.png","width":1780,"height":1600},{"@type":"BreadcrumbList","@id":"https:\/\/www.tomhemps.com\/fr\/prf\/broadspectrum-cbd-oel-12\/#breadcrumb","itemListElement":[{"@type":"ListItem","position":1,"name":"Startseite","item":"https:\/\/www.tomhemps.com\/fr\/"},{"@type":"ListItem","position":2,"name":"Shop","item":"https:\/\/www.tomhemps.com\/fr\/shop\/"},{"@type":"ListItem","position":3,"name":"Huile de CBD Broadspectrum 12%"}]},{"@type":"WebSite","@id":"https:\/\/www.tomhemps.com\/fr\/#website","url":"https:\/\/www.tomhemps.com\/fr\/","name":"Your CBD Shop | Your CBD Brand | born in Berlin","description":"CBD Shop Berlin","publisher":{"@id":"https:\/\/www.tomhemps.com\/fr\/#organization"},"potentialAction":[{"@type":"SearchAction","target":{"@type":"EntryPoint","urlTemplate":"https:\/\/www.tomhemps.com\/fr\/?s={search_term_string}"},"query-input":"required name=search_term_string"}],"inLanguage":"fr-FR"},{"@type":"Organization","@id":"https:\/\/www.tomhemps.com\/fr\/#organization","name":"Tom Hemp's CBD Shop","alternateName":"Tom Hemp's Berlin","url":"https:\/\/www.tomhemps.com\/fr\/","logo":{"@type":"ImageObject","inLanguage":"fr-FR","@id":"https:\/\/www.tomhemps.com\/fr\/#\/schema\/logo\/image\/","url":"https:\/\/www.tomhemps.com\/wp-content\/uploads\/2019\/04\/Logo-2019-e1581413011332.jpg","contentUrl":"https:\/\/www.tomhemps.com\/wp-content\/uploads\/2019\/04\/Logo-2019-e1581413011332.jpg","width":460,"height":153,"caption":"Tom Hemp's CBD Shop"},"image":{"@id":"https:\/\/www.tomhemps.com\/fr\/#\/schema\/logo\/image\/"},"sameAs":["https:\/\/www.facebook.com\/tomhempsberlin\/","https:\/\/www.instagram.com\/tomhemps_cbd\/","https:\/\/www.youtube.com\/channel\/UCbGxDacLx_DRKyder_zVoNw"]}]}},"fields":{"pi_dd":161063,"pi_t":161119,"pi_tot":"Qu'y a-t-il \u00e0 l'int\u00e9rieur ?","pi_to":"<p>Ingr\u00e9dients : Huile de graine de cannabis (chanvre) sativa, extrait de feuille de cannabis sativa, tocoph\u00e9rol<\/p>\n<p>&#8211; 10 ml : env. 320 gouttes<br \/>\n&#8211; 30 ml : env. 960 gouttes<\/p>\n","pi_tst":"Notice D'emballage","pi_ts":"<p>Bien secouer la bouteille avant de l\u2019utiliser. Pour un soin actif quotidien, appliquez trois gouttes dans la cavit\u00e9 buccale avec la pipette, et laissez couler pendant quelques secondes.<br \/>\nLa culture et la production de la large gamme d\u2019huiles et de s\u00e9rums CBD de Tom Hemp&rsquo;s ont lieu en Allemagne. Lors de la culture des plantes, les pesticides et les herbicides sont strictement \u00e9vit\u00e9s.<\/p>\n","smoking_product":false,"pi_hd":591818,"pi_hm":591818},"_links":{"self":[{"href":"https:\/\/www.tomhemps.com\/fr\/wp-json\/wp\/v2\/product\/161067"}],"collection":[{"href":"https:\/\/www.tomhemps.com\/fr\/wp-json\/wp\/v2\/product"}],"about":[{"href":"https:\/\/www.tomhemps.com\/fr\/wp-json\/wp\/v2\/types\/product"}],"replies":[{"embeddable":true,"href":"https:\/\/www.tomhemps.com\/fr\/wp-json\/wp\/v2\/comments?post=161067"}],"wp:featuredmedia":[{"embeddable":true,"href":"https:\/\/www.tomhemps.com\/fr\/wp-json\/wp\/v2\/media\/464544"}],"wp:attachment":[{"href":"https:\/\/www.tomhemps.com\/fr\/wp-json\/wp\/v2\/media?parent=161067"}],"wp:term":[{"taxonomy":"product_cat","embeddable":true,"href":"https:\/\/www.tomhemps.com\/fr\/wp-json\/wp\/v2\/product_cat?post=161067"},{"taxonomy":"product_tag","embeddable":true,"href":"https:\/\/www.tomhemps.com\/fr\/wp-json\/wp\/v2\/product_tag?post=161067"}],"curies":[{"name":"wp","href":"https:\/\/api.w.org\/{rel}","templated":true}]}}