{"id":161071,"date":"2020-10-08T17:48:45","date_gmt":"2020-09-30T15:48:45","guid":{"rendered":"https:\/\/www.tomhemps.com\/product\/broadspectrum-cbd-oel-7\/"},"modified":"2025-10-26T21:19:12","modified_gmt":"2025-10-26T20:19:12","slug":"broadspectrum-cbd-oel-7","status":"publish","type":"product","link":"https:\/\/www.tomhemps.com\/fr\/prf\/broadspectrum-cbd-oel-7\/","title":{"rendered":"Huile de CBD Broadspectrum 7%"},"content":{"rendered":"","protected":false},"excerpt":{"rendered":"<p><span style=\"font-weight: 400;\">La finesse du CBD dans toute sa splendeur &#8211; notre huile \u00e0 large spectre. Avec une concentration de 7 %, elle combine de mani\u00e8re transparente tout le spectre des cannabino\u00efdes, des huiles essentielles et des terp\u00e8nes de la plante de cannabis, tout en conservant un profil sans THC. Chaque bouteille soigneusement fabriqu\u00e9e est plus qu&rsquo;un simple produit &#8211; elle repr\u00e9sente une exp\u00e9rience fa\u00e7onn\u00e9e par des technologies d&rsquo;extraction avanc\u00e9es et les normes les plus \u00e9lev\u00e9es. Notre qu\u00eate in\u00e9branlable de qualit\u00e9 se manifeste dans la s\u00e9lection m\u00e9ticuleuse d&rsquo;ingr\u00e9dients de premi\u00e8re qualit\u00e9, certifi\u00e9s par l&rsquo;UE. Le pouvoir subtil du CBD dans sa forme la plus pure.<\/span><\/p>\n","protected":false},"featured_media":464550,"comment_status":"open","ping_status":"closed","template":"","meta":{"_acf_changed":false},"product_cat":[5007,965,971],"product_tag":[],"acf":[],"yoast_head":"<!-- This site is optimized with the Yoast SEO Premium plugin v22.8 (Yoast SEO v22.8) - https:\/\/yoast.com\/wordpress\/plugins\/seo\/ -->\n<title>Huile de CBD Broadspectrum 7% | Tom Hemps<\/title>\n<meta name=\"description\" content=\"Notre huile \u00e0 large spectre. Avec une concentration de 7 %, elle combine de mani\u00e8re transparente tout le spectre des cannabino\u00efdes\" \/>\n<meta name=\"robots\" content=\"index, follow, max-snippet:-1, max-image-preview:large, max-video-preview:-1\" \/>\n<link rel=\"canonical\" href=\"https:\/\/www.tomhemps.com\/fr\/prf\/broadspectrum-cbd-oel-7\/\" \/>\n<meta property=\"og:locale\" content=\"fr_FR\" \/>\n<meta property=\"og:type\" content=\"article\" \/>\n<meta property=\"og:title\" content=\"Huile de CBD Broadspectrum 7%\" \/>\n<meta property=\"og:description\" content=\"Notre huile \u00e0 large spectre. Avec une concentration de 7 %, elle combine de mani\u00e8re transparente tout le spectre des cannabino\u00efdes\" \/>\n<meta property=\"og:url\" content=\"https:\/\/www.tomhemps.com\/fr\/prf\/broadspectrum-cbd-oel-7\/\" \/>\n<meta property=\"og:site_name\" content=\"Your CBD Shop | Your CBD Brand | born in Berlin\" \/>\n<meta property=\"article:publisher\" content=\"https:\/\/www.facebook.com\/tomhempsberlin\/\" \/>\n<meta property=\"article:modified_time\" content=\"2025-10-26T20:19:12+00:00\" \/>\n<meta property=\"og:image\" content=\"https:\/\/www.tomhemps.com\/wp-content\/uploads\/2020\/09\/Tom_Hemps_product_all_beauty_hemp_serum_bottle_7__.png\" \/>\n\t<meta property=\"og:image:width\" content=\"1780\" \/>\n\t<meta property=\"og:image:height\" content=\"1600\" \/>\n\t<meta property=\"og:image:type\" content=\"image\/png\" \/>\n<meta name=\"twitter:card\" content=\"summary_large_image\" \/>\n<script type=\"application\/ld+json\" class=\"yoast-schema-graph\">{\"@context\":\"https:\/\/schema.org\",\"@graph\":[{\"@type\":\"WebPage\",\"@id\":\"https:\/\/www.tomhemps.com\/fr\/prf\/broadspectrum-cbd-oel-7\/\",\"url\":\"https:\/\/www.tomhemps.com\/fr\/prf\/broadspectrum-cbd-oel-7\/\",\"name\":\"Huile de CBD Broadspectrum 7% | Tom Hemps\",\"isPartOf\":{\"@id\":\"https:\/\/www.tomhemps.com\/fr\/#website\"},\"primaryImageOfPage\":{\"@id\":\"https:\/\/www.tomhemps.com\/fr\/prf\/broadspectrum-cbd-oel-7\/#primaryimage\"},\"image\":{\"@id\":\"https:\/\/www.tomhemps.com\/fr\/prf\/broadspectrum-cbd-oel-7\/#primaryimage\"},\"thumbnailUrl\":\"https:\/\/www.tomhemps.com\/wp-content\/uploads\/2020\/09\/Tom_Hemps_product_all_beauty_hemp_serum_bottle_7__.png\",\"datePublished\":\"2020-09-30T15:48:45+00:00\",\"dateModified\":\"2025-10-26T20:19:12+00:00\",\"description\":\"Notre huile \u00e0 large spectre. Avec une concentration de 7 %, elle combine de mani\u00e8re transparente tout le spectre des cannabino\u00efdes\",\"breadcrumb\":{\"@id\":\"https:\/\/www.tomhemps.com\/fr\/prf\/broadspectrum-cbd-oel-7\/#breadcrumb\"},\"inLanguage\":\"fr-FR\",\"potentialAction\":[{\"@type\":\"ReadAction\",\"target\":[\"https:\/\/www.tomhemps.com\/fr\/prf\/broadspectrum-cbd-oel-7\/\"]}]},{\"@type\":\"ImageObject\",\"inLanguage\":\"fr-FR\",\"@id\":\"https:\/\/www.tomhemps.com\/fr\/prf\/broadspectrum-cbd-oel-7\/#primaryimage\",\"url\":\"https:\/\/www.tomhemps.com\/wp-content\/uploads\/2020\/09\/Tom_Hemps_product_all_beauty_hemp_serum_bottle_7__.png\",\"contentUrl\":\"https:\/\/www.tomhemps.com\/wp-content\/uploads\/2020\/09\/Tom_Hemps_product_all_beauty_hemp_serum_bottle_7__.png\",\"width\":1780,\"height\":1600},{\"@type\":\"BreadcrumbList\",\"@id\":\"https:\/\/www.tomhemps.com\/fr\/prf\/broadspectrum-cbd-oel-7\/#breadcrumb\",\"itemListElement\":[{\"@type\":\"ListItem\",\"position\":1,\"name\":\"Startseite\",\"item\":\"https:\/\/www.tomhemps.com\/fr\/\"},{\"@type\":\"ListItem\",\"position\":2,\"name\":\"Shop\",\"item\":\"https:\/\/www.tomhemps.com\/fr\/shop\/\"},{\"@type\":\"ListItem\",\"position\":3,\"name\":\"Huile de CBD Broadspectrum 7%\"}]},{\"@type\":\"WebSite\",\"@id\":\"https:\/\/www.tomhemps.com\/fr\/#website\",\"url\":\"https:\/\/www.tomhemps.com\/fr\/\",\"name\":\"Your CBD Shop | Your CBD Brand | born in Berlin\",\"description\":\"CBD Shop Berlin\",\"publisher\":{\"@id\":\"https:\/\/www.tomhemps.com\/fr\/#organization\"},\"potentialAction\":[{\"@type\":\"SearchAction\",\"target\":{\"@type\":\"EntryPoint\",\"urlTemplate\":\"https:\/\/www.tomhemps.com\/fr\/?s={search_term_string}\"},\"query-input\":\"required name=search_term_string\"}],\"inLanguage\":\"fr-FR\"},{\"@type\":\"Organization\",\"@id\":\"https:\/\/www.tomhemps.com\/fr\/#organization\",\"name\":\"Tom Hemp's CBD Shop\",\"alternateName\":\"Tom Hemp's Berlin\",\"url\":\"https:\/\/www.tomhemps.com\/fr\/\",\"logo\":{\"@type\":\"ImageObject\",\"inLanguage\":\"fr-FR\",\"@id\":\"https:\/\/www.tomhemps.com\/fr\/#\/schema\/logo\/image\/\",\"url\":\"https:\/\/www.tomhemps.com\/wp-content\/uploads\/2019\/04\/Logo-2019-e1581413011332.jpg\",\"contentUrl\":\"https:\/\/www.tomhemps.com\/wp-content\/uploads\/2019\/04\/Logo-2019-e1581413011332.jpg\",\"width\":460,\"height\":153,\"caption\":\"Tom Hemp's CBD Shop\"},\"image\":{\"@id\":\"https:\/\/www.tomhemps.com\/fr\/#\/schema\/logo\/image\/\"},\"sameAs\":[\"https:\/\/www.facebook.com\/tomhempsberlin\/\",\"https:\/\/www.instagram.com\/tomhemps_cbd\/\",\"https:\/\/www.youtube.com\/channel\/UCbGxDacLx_DRKyder_zVoNw\"]}]}<\/script>\n<!-- \/ Yoast SEO Premium plugin. -->","yoast_head_json":{"title":"Huile de CBD Broadspectrum 7% | Tom Hemps","description":"Notre huile \u00e0 large spectre. Avec une concentration de 7 %, elle combine de mani\u00e8re transparente tout le spectre des cannabino\u00efdes","robots":{"index":"index","follow":"follow","max-snippet":"max-snippet:-1","max-image-preview":"max-image-preview:large","max-video-preview":"max-video-preview:-1"},"canonical":"https:\/\/www.tomhemps.com\/fr\/prf\/broadspectrum-cbd-oel-7\/","og_locale":"fr_FR","og_type":"article","og_title":"Huile de CBD Broadspectrum 7%","og_description":"Notre huile \u00e0 large spectre. Avec une concentration de 7 %, elle combine de mani\u00e8re transparente tout le spectre des cannabino\u00efdes","og_url":"https:\/\/www.tomhemps.com\/fr\/prf\/broadspectrum-cbd-oel-7\/","og_site_name":"Your CBD Shop | Your CBD Brand | born in Berlin","article_publisher":"https:\/\/www.facebook.com\/tomhempsberlin\/","article_modified_time":"2025-10-26T20:19:12+00:00","og_image":[{"width":1780,"height":1600,"url":"https:\/\/www.tomhemps.com\/wp-content\/uploads\/2020\/09\/Tom_Hemps_product_all_beauty_hemp_serum_bottle_7__.png","type":"image\/png"}],"twitter_card":"summary_large_image","schema":{"@context":"https:\/\/schema.org","@graph":[{"@type":"WebPage","@id":"https:\/\/www.tomhemps.com\/fr\/prf\/broadspectrum-cbd-oel-7\/","url":"https:\/\/www.tomhemps.com\/fr\/prf\/broadspectrum-cbd-oel-7\/","name":"Huile de CBD Broadspectrum 7% | Tom Hemps","isPartOf":{"@id":"https:\/\/www.tomhemps.com\/fr\/#website"},"primaryImageOfPage":{"@id":"https:\/\/www.tomhemps.com\/fr\/prf\/broadspectrum-cbd-oel-7\/#primaryimage"},"image":{"@id":"https:\/\/www.tomhemps.com\/fr\/prf\/broadspectrum-cbd-oel-7\/#primaryimage"},"thumbnailUrl":"https:\/\/www.tomhemps.com\/wp-content\/uploads\/2020\/09\/Tom_Hemps_product_all_beauty_hemp_serum_bottle_7__.png","datePublished":"2020-09-30T15:48:45+00:00","dateModified":"2025-10-26T20:19:12+00:00","description":"Notre huile \u00e0 large spectre. Avec une concentration de 7 %, elle combine de mani\u00e8re transparente tout le spectre des cannabino\u00efdes","breadcrumb":{"@id":"https:\/\/www.tomhemps.com\/fr\/prf\/broadspectrum-cbd-oel-7\/#breadcrumb"},"inLanguage":"fr-FR","potentialAction":[{"@type":"ReadAction","target":["https:\/\/www.tomhemps.com\/fr\/prf\/broadspectrum-cbd-oel-7\/"]}]},{"@type":"ImageObject","inLanguage":"fr-FR","@id":"https:\/\/www.tomhemps.com\/fr\/prf\/broadspectrum-cbd-oel-7\/#primaryimage","url":"https:\/\/www.tomhemps.com\/wp-content\/uploads\/2020\/09\/Tom_Hemps_product_all_beauty_hemp_serum_bottle_7__.png","contentUrl":"https:\/\/www.tomhemps.com\/wp-content\/uploads\/2020\/09\/Tom_Hemps_product_all_beauty_hemp_serum_bottle_7__.png","width":1780,"height":1600},{"@type":"BreadcrumbList","@id":"https:\/\/www.tomhemps.com\/fr\/prf\/broadspectrum-cbd-oel-7\/#breadcrumb","itemListElement":[{"@type":"ListItem","position":1,"name":"Startseite","item":"https:\/\/www.tomhemps.com\/fr\/"},{"@type":"ListItem","position":2,"name":"Shop","item":"https:\/\/www.tomhemps.com\/fr\/shop\/"},{"@type":"ListItem","position":3,"name":"Huile de CBD Broadspectrum 7%"}]},{"@type":"WebSite","@id":"https:\/\/www.tomhemps.com\/fr\/#website","url":"https:\/\/www.tomhemps.com\/fr\/","name":"Your CBD Shop | Your CBD Brand | born in Berlin","description":"CBD Shop Berlin","publisher":{"@id":"https:\/\/www.tomhemps.com\/fr\/#organization"},"potentialAction":[{"@type":"SearchAction","target":{"@type":"EntryPoint","urlTemplate":"https:\/\/www.tomhemps.com\/fr\/?s={search_term_string}"},"query-input":"required name=search_term_string"}],"inLanguage":"fr-FR"},{"@type":"Organization","@id":"https:\/\/www.tomhemps.com\/fr\/#organization","name":"Tom Hemp's CBD Shop","alternateName":"Tom Hemp's Berlin","url":"https:\/\/www.tomhemps.com\/fr\/","logo":{"@type":"ImageObject","inLanguage":"fr-FR","@id":"https:\/\/www.tomhemps.com\/fr\/#\/schema\/logo\/image\/","url":"https:\/\/www.tomhemps.com\/wp-content\/uploads\/2019\/04\/Logo-2019-e1581413011332.jpg","contentUrl":"https:\/\/www.tomhemps.com\/wp-content\/uploads\/2019\/04\/Logo-2019-e1581413011332.jpg","width":460,"height":153,"caption":"Tom Hemp's CBD Shop"},"image":{"@id":"https:\/\/www.tomhemps.com\/fr\/#\/schema\/logo\/image\/"},"sameAs":["https:\/\/www.facebook.com\/tomhempsberlin\/","https:\/\/www.instagram.com\/tomhemps_cbd\/","https:\/\/www.youtube.com\/channel\/UCbGxDacLx_DRKyder_zVoNw"]}]}},"fields":{"pi_dd":161064,"pi_t":161119,"pi_tot":"Qu'y a-t-il \u00e0 l'int\u00e9rieur ?","pi_to":"<p>Ingr\u00e9dients : Huile de graine de cannabis (chanvre) sativa, extrait de feuille de cannabis sativa, tocoph\u00e9rol<\/p>\n<p>&#8211; 10 ml : env. 320 gouttes<br \/>\n&#8211; 30 ml : env. 960 gouttes<\/p>\n","pi_tst":"Notice D'emballage","pi_ts":"<p>Bien agiter la bouteille avant utilisation. Pour un soin actif quotidien, appliquez cinq gouttes dans la cavit\u00e9 buccale avec la pipette, et laissez couler pendant quelques secondes.<br \/>\nLa culture et la production de la large gamme d\u2019huiles et de s\u00e9rums CBD de Tom Hemp&rsquo;sont lieu en Allemagne. Lors de la culture des plantes, les pesticides et les herbicides sont strictement \u00e9vit\u00e9s.<\/p>\n","smoking_product":false,"pi_hd":591812,"pi_hm":591812},"_links":{"self":[{"href":"https:\/\/www.tomhemps.com\/fr\/wp-json\/wp\/v2\/product\/161071"}],"collection":[{"href":"https:\/\/www.tomhemps.com\/fr\/wp-json\/wp\/v2\/product"}],"about":[{"href":"https:\/\/www.tomhemps.com\/fr\/wp-json\/wp\/v2\/types\/product"}],"replies":[{"embeddable":true,"href":"https:\/\/www.tomhemps.com\/fr\/wp-json\/wp\/v2\/comments?post=161071"}],"wp:featuredmedia":[{"embeddable":true,"href":"https:\/\/www.tomhemps.com\/fr\/wp-json\/wp\/v2\/media\/464550"}],"wp:attachment":[{"href":"https:\/\/www.tomhemps.com\/fr\/wp-json\/wp\/v2\/media?parent=161071"}],"wp:term":[{"taxonomy":"product_cat","embeddable":true,"href":"https:\/\/www.tomhemps.com\/fr\/wp-json\/wp\/v2\/product_cat?post=161071"},{"taxonomy":"product_tag","embeddable":true,"href":"https:\/\/www.tomhemps.com\/fr\/wp-json\/wp\/v2\/product_tag?post=161071"}],"curies":[{"name":"wp","href":"https:\/\/api.w.org\/{rel}","templated":true}]}}