{"id":161103,"date":"2018-12-21T21:01:04","date_gmt":"2018-12-21T20:01:04","guid":{"rendered":"https:\/\/www.tomhemps.com\/product\/huile-de-cbd-full-spectrum-7\/"},"modified":"2025-10-26T21:17:10","modified_gmt":"2025-10-26T20:17:10","slug":"huile-de-cbd-full-spectrum-7","status":"publish","type":"product","link":"https:\/\/www.tomhemps.com\/fr\/prf\/huile-de-cbd-full-spectrum-7\/","title":{"rendered":"huile de CBD \u00e0 spectre complet 7%"},"content":{"rendered":"","protected":false},"excerpt":{"rendered":"<p><span style=\"font-weight: 400;\">Lib\u00e9rez le potentiel de l&rsquo;huile de CBD \u00e0 spectre complet &#8211; le choix polyvalent qui capture l&rsquo;essence compl\u00e8te de la plante de chanvre. Profitez de l&rsquo;effet d&rsquo;entourage lorsque les cannabino\u00efdes, les huiles essentielles et les terp\u00e8nes s&rsquo;harmonisent de mani\u00e8re synergique. L&rsquo;huile \u00e0 spectre complet \u00e0 7 % de Tom Hemp est con\u00e7ue pour ceux qui recherchent une intensit\u00e9 mod\u00e9r\u00e9e, optimale pour int\u00e9grer le CBD dans leur routine quotidienne. D\u00e9couvrez les avantages holistiques et les contributions potentielles \u00e0 la vitalit\u00e9 et au bien-\u00eatre qu&rsquo;offre cette huile m\u00e9ticuleusement \u00e9labor\u00e9e.<\/span><\/p>\n","protected":false},"featured_media":464520,"comment_status":"open","ping_status":"closed","template":"","meta":{"_acf_changed":false},"product_cat":[5007,965,971],"product_tag":[],"acf":[],"yoast_head":"<!-- This site is optimized with the Yoast SEO Premium plugin v22.8 (Yoast SEO v22.8) - https:\/\/yoast.com\/wordpress\/plugins\/seo\/ -->\n<title>huile de CBD \u00e0 spectre complet 7% | Tom Hemps<\/title>\n<meta name=\"description\" content=\"L&#039;huile \u00e0 spectre complet \u00e0 7 % de Tom Hemp est con\u00e7ue pour ceux qui recherchent une intensit\u00e9 mod\u00e9r\u00e9e. Lib\u00e9rez le potentiel de l&#039;huile de CBD \u00e0 spectre complet.\" \/>\n<meta name=\"robots\" content=\"index, follow, max-snippet:-1, max-image-preview:large, max-video-preview:-1\" \/>\n<link rel=\"canonical\" href=\"https:\/\/www.tomhemps.com\/fr\/prf\/huile-de-cbd-full-spectrum-7\/\" \/>\n<meta property=\"og:locale\" content=\"fr_FR\" \/>\n<meta property=\"og:type\" content=\"article\" \/>\n<meta property=\"og:title\" content=\"huile de CBD \u00e0 spectre complet 7%\" \/>\n<meta property=\"og:description\" content=\"L&#039;huile \u00e0 spectre complet \u00e0 7 % de Tom Hemp est con\u00e7ue pour ceux qui recherchent une intensit\u00e9 mod\u00e9r\u00e9e. Lib\u00e9rez le potentiel de l&#039;huile de CBD \u00e0 spectre complet.\" \/>\n<meta property=\"og:url\" content=\"https:\/\/www.tomhemps.com\/fr\/prf\/huile-de-cbd-full-spectrum-7\/\" \/>\n<meta property=\"og:site_name\" content=\"Your CBD Shop | Your CBD Brand | born in Berlin\" \/>\n<meta property=\"article:publisher\" content=\"https:\/\/www.facebook.com\/tomhempsberlin\/\" \/>\n<meta property=\"article:modified_time\" content=\"2025-10-26T20:17:10+00:00\" \/>\n<meta property=\"og:image\" content=\"https:\/\/www.tomhemps.com\/wp-content\/uploads\/2018\/12\/Tom_Hemps_product_cbd_oil_fullspectrum_10ml_7-1.png\" \/>\n\t<meta property=\"og:image:width\" content=\"1780\" \/>\n\t<meta property=\"og:image:height\" content=\"1600\" \/>\n\t<meta property=\"og:image:type\" content=\"image\/png\" \/>\n<meta name=\"twitter:card\" content=\"summary_large_image\" \/>\n<script type=\"application\/ld+json\" class=\"yoast-schema-graph\">{\"@context\":\"https:\/\/schema.org\",\"@graph\":[{\"@type\":\"WebPage\",\"@id\":\"https:\/\/www.tomhemps.com\/fr\/prf\/huile-de-cbd-full-spectrum-7\/\",\"url\":\"https:\/\/www.tomhemps.com\/fr\/prf\/huile-de-cbd-full-spectrum-7\/\",\"name\":\"huile de CBD \u00e0 spectre complet 7% | Tom Hemps\",\"isPartOf\":{\"@id\":\"https:\/\/www.tomhemps.com\/fr\/#website\"},\"primaryImageOfPage\":{\"@id\":\"https:\/\/www.tomhemps.com\/fr\/prf\/huile-de-cbd-full-spectrum-7\/#primaryimage\"},\"image\":{\"@id\":\"https:\/\/www.tomhemps.com\/fr\/prf\/huile-de-cbd-full-spectrum-7\/#primaryimage\"},\"thumbnailUrl\":\"https:\/\/www.tomhemps.com\/wp-content\/uploads\/2018\/12\/Tom_Hemps_product_cbd_oil_fullspectrum_10ml_7-1.png\",\"datePublished\":\"2018-12-21T20:01:04+00:00\",\"dateModified\":\"2025-10-26T20:17:10+00:00\",\"description\":\"L'huile \u00e0 spectre complet \u00e0 7 % de Tom Hemp est con\u00e7ue pour ceux qui recherchent une intensit\u00e9 mod\u00e9r\u00e9e. Lib\u00e9rez le potentiel de l'huile de CBD \u00e0 spectre complet.\",\"breadcrumb\":{\"@id\":\"https:\/\/www.tomhemps.com\/fr\/prf\/huile-de-cbd-full-spectrum-7\/#breadcrumb\"},\"inLanguage\":\"fr-FR\",\"potentialAction\":[{\"@type\":\"ReadAction\",\"target\":[\"https:\/\/www.tomhemps.com\/fr\/prf\/huile-de-cbd-full-spectrum-7\/\"]}]},{\"@type\":\"ImageObject\",\"inLanguage\":\"fr-FR\",\"@id\":\"https:\/\/www.tomhemps.com\/fr\/prf\/huile-de-cbd-full-spectrum-7\/#primaryimage\",\"url\":\"https:\/\/www.tomhemps.com\/wp-content\/uploads\/2018\/12\/Tom_Hemps_product_cbd_oil_fullspectrum_10ml_7-1.png\",\"contentUrl\":\"https:\/\/www.tomhemps.com\/wp-content\/uploads\/2018\/12\/Tom_Hemps_product_cbd_oil_fullspectrum_10ml_7-1.png\",\"width\":1780,\"height\":1600},{\"@type\":\"BreadcrumbList\",\"@id\":\"https:\/\/www.tomhemps.com\/fr\/prf\/huile-de-cbd-full-spectrum-7\/#breadcrumb\",\"itemListElement\":[{\"@type\":\"ListItem\",\"position\":1,\"name\":\"Startseite\",\"item\":\"https:\/\/www.tomhemps.com\/fr\/\"},{\"@type\":\"ListItem\",\"position\":2,\"name\":\"Shop\",\"item\":\"https:\/\/www.tomhemps.com\/fr\/shop\/\"},{\"@type\":\"ListItem\",\"position\":3,\"name\":\"huile de CBD \u00e0 spectre complet 7%\"}]},{\"@type\":\"WebSite\",\"@id\":\"https:\/\/www.tomhemps.com\/fr\/#website\",\"url\":\"https:\/\/www.tomhemps.com\/fr\/\",\"name\":\"Your CBD Shop | Your CBD Brand | born in Berlin\",\"description\":\"CBD Shop Berlin\",\"publisher\":{\"@id\":\"https:\/\/www.tomhemps.com\/fr\/#organization\"},\"potentialAction\":[{\"@type\":\"SearchAction\",\"target\":{\"@type\":\"EntryPoint\",\"urlTemplate\":\"https:\/\/www.tomhemps.com\/fr\/?s={search_term_string}\"},\"query-input\":\"required name=search_term_string\"}],\"inLanguage\":\"fr-FR\"},{\"@type\":\"Organization\",\"@id\":\"https:\/\/www.tomhemps.com\/fr\/#organization\",\"name\":\"Tom Hemp's CBD Shop\",\"alternateName\":\"Tom Hemp's Berlin\",\"url\":\"https:\/\/www.tomhemps.com\/fr\/\",\"logo\":{\"@type\":\"ImageObject\",\"inLanguage\":\"fr-FR\",\"@id\":\"https:\/\/www.tomhemps.com\/fr\/#\/schema\/logo\/image\/\",\"url\":\"https:\/\/www.tomhemps.com\/wp-content\/uploads\/2019\/04\/Logo-2019-e1581413011332.jpg\",\"contentUrl\":\"https:\/\/www.tomhemps.com\/wp-content\/uploads\/2019\/04\/Logo-2019-e1581413011332.jpg\",\"width\":460,\"height\":153,\"caption\":\"Tom Hemp's CBD Shop\"},\"image\":{\"@id\":\"https:\/\/www.tomhemps.com\/fr\/#\/schema\/logo\/image\/\"},\"sameAs\":[\"https:\/\/www.facebook.com\/tomhempsberlin\/\",\"https:\/\/www.instagram.com\/tomhemps_cbd\/\",\"https:\/\/www.youtube.com\/channel\/UCbGxDacLx_DRKyder_zVoNw\"]}]}<\/script>\n<!-- \/ Yoast SEO Premium plugin. -->","yoast_head_json":{"title":"huile de CBD \u00e0 spectre complet 7% | Tom Hemps","description":"L'huile \u00e0 spectre complet \u00e0 7 % de Tom Hemp est con\u00e7ue pour ceux qui recherchent une intensit\u00e9 mod\u00e9r\u00e9e. Lib\u00e9rez le potentiel de l'huile de CBD \u00e0 spectre complet.","robots":{"index":"index","follow":"follow","max-snippet":"max-snippet:-1","max-image-preview":"max-image-preview:large","max-video-preview":"max-video-preview:-1"},"canonical":"https:\/\/www.tomhemps.com\/fr\/prf\/huile-de-cbd-full-spectrum-7\/","og_locale":"fr_FR","og_type":"article","og_title":"huile de CBD \u00e0 spectre complet 7%","og_description":"L'huile \u00e0 spectre complet \u00e0 7 % de Tom Hemp est con\u00e7ue pour ceux qui recherchent une intensit\u00e9 mod\u00e9r\u00e9e. Lib\u00e9rez le potentiel de l'huile de CBD \u00e0 spectre complet.","og_url":"https:\/\/www.tomhemps.com\/fr\/prf\/huile-de-cbd-full-spectrum-7\/","og_site_name":"Your CBD Shop | Your CBD Brand | born in Berlin","article_publisher":"https:\/\/www.facebook.com\/tomhempsberlin\/","article_modified_time":"2025-10-26T20:17:10+00:00","og_image":[{"width":1780,"height":1600,"url":"https:\/\/www.tomhemps.com\/wp-content\/uploads\/2018\/12\/Tom_Hemps_product_cbd_oil_fullspectrum_10ml_7-1.png","type":"image\/png"}],"twitter_card":"summary_large_image","schema":{"@context":"https:\/\/schema.org","@graph":[{"@type":"WebPage","@id":"https:\/\/www.tomhemps.com\/fr\/prf\/huile-de-cbd-full-spectrum-7\/","url":"https:\/\/www.tomhemps.com\/fr\/prf\/huile-de-cbd-full-spectrum-7\/","name":"huile de CBD \u00e0 spectre complet 7% | Tom Hemps","isPartOf":{"@id":"https:\/\/www.tomhemps.com\/fr\/#website"},"primaryImageOfPage":{"@id":"https:\/\/www.tomhemps.com\/fr\/prf\/huile-de-cbd-full-spectrum-7\/#primaryimage"},"image":{"@id":"https:\/\/www.tomhemps.com\/fr\/prf\/huile-de-cbd-full-spectrum-7\/#primaryimage"},"thumbnailUrl":"https:\/\/www.tomhemps.com\/wp-content\/uploads\/2018\/12\/Tom_Hemps_product_cbd_oil_fullspectrum_10ml_7-1.png","datePublished":"2018-12-21T20:01:04+00:00","dateModified":"2025-10-26T20:17:10+00:00","description":"L'huile \u00e0 spectre complet \u00e0 7 % de Tom Hemp est con\u00e7ue pour ceux qui recherchent une intensit\u00e9 mod\u00e9r\u00e9e. Lib\u00e9rez le potentiel de l'huile de CBD \u00e0 spectre complet.","breadcrumb":{"@id":"https:\/\/www.tomhemps.com\/fr\/prf\/huile-de-cbd-full-spectrum-7\/#breadcrumb"},"inLanguage":"fr-FR","potentialAction":[{"@type":"ReadAction","target":["https:\/\/www.tomhemps.com\/fr\/prf\/huile-de-cbd-full-spectrum-7\/"]}]},{"@type":"ImageObject","inLanguage":"fr-FR","@id":"https:\/\/www.tomhemps.com\/fr\/prf\/huile-de-cbd-full-spectrum-7\/#primaryimage","url":"https:\/\/www.tomhemps.com\/wp-content\/uploads\/2018\/12\/Tom_Hemps_product_cbd_oil_fullspectrum_10ml_7-1.png","contentUrl":"https:\/\/www.tomhemps.com\/wp-content\/uploads\/2018\/12\/Tom_Hemps_product_cbd_oil_fullspectrum_10ml_7-1.png","width":1780,"height":1600},{"@type":"BreadcrumbList","@id":"https:\/\/www.tomhemps.com\/fr\/prf\/huile-de-cbd-full-spectrum-7\/#breadcrumb","itemListElement":[{"@type":"ListItem","position":1,"name":"Startseite","item":"https:\/\/www.tomhemps.com\/fr\/"},{"@type":"ListItem","position":2,"name":"Shop","item":"https:\/\/www.tomhemps.com\/fr\/shop\/"},{"@type":"ListItem","position":3,"name":"huile de CBD \u00e0 spectre complet 7%"}]},{"@type":"WebSite","@id":"https:\/\/www.tomhemps.com\/fr\/#website","url":"https:\/\/www.tomhemps.com\/fr\/","name":"Your CBD Shop | Your CBD Brand | born in Berlin","description":"CBD Shop Berlin","publisher":{"@id":"https:\/\/www.tomhemps.com\/fr\/#organization"},"potentialAction":[{"@type":"SearchAction","target":{"@type":"EntryPoint","urlTemplate":"https:\/\/www.tomhemps.com\/fr\/?s={search_term_string}"},"query-input":"required name=search_term_string"}],"inLanguage":"fr-FR"},{"@type":"Organization","@id":"https:\/\/www.tomhemps.com\/fr\/#organization","name":"Tom Hemp's CBD Shop","alternateName":"Tom Hemp's Berlin","url":"https:\/\/www.tomhemps.com\/fr\/","logo":{"@type":"ImageObject","inLanguage":"fr-FR","@id":"https:\/\/www.tomhemps.com\/fr\/#\/schema\/logo\/image\/","url":"https:\/\/www.tomhemps.com\/wp-content\/uploads\/2019\/04\/Logo-2019-e1581413011332.jpg","contentUrl":"https:\/\/www.tomhemps.com\/wp-content\/uploads\/2019\/04\/Logo-2019-e1581413011332.jpg","width":460,"height":153,"caption":"Tom Hemp's CBD Shop"},"image":{"@id":"https:\/\/www.tomhemps.com\/fr\/#\/schema\/logo\/image\/"},"sameAs":["https:\/\/www.facebook.com\/tomhempsberlin\/","https:\/\/www.instagram.com\/tomhemps_cbd\/","https:\/\/www.youtube.com\/channel\/UCbGxDacLx_DRKyder_zVoNw"]}]}},"fields":{"pi_t":161119,"pi_tot":"Qu'y a-t-il \u00e0 l'int\u00e9rieur ?","pi_to":"<p>Ingr\u00e9dients : Parties de feuilles de chanvre industriel de l&rsquo;UE, huile de graines de cannabis sativas (chanvre)<\/p>\n<p>&#8211; 10 ml : env. 320 gouttes<br \/>\n&#8211; 30 ml : env. 960 gouttes<\/p>\n","pi_tst":"Plus d'info","pi_ts":"<p>Les huiles CBD \u00e0 spectre complet de Tom Hemp&rsquo;s sont obtenues \u00e0 partir de chanvre industriel certifi\u00e9 par l&rsquo;UE. Pendant la culture de cette plante, les pesticides et les herbicides sont strictement interdits. \u2028La culture et la production des huiles CBD Tom Hemp&rsquo;s Full Spectrum ont lieu en Allemagne. La CBD est extraite par une technique douce d&rsquo;extraction au CO2. Cette proc\u00e9dure sp\u00e9ciale, qui est plus pr\u00e9cis\u00e9ment appel\u00e9e d\u00e9carboxylation des feuilles de chanvre, nous permet d&rsquo;obtenir un extrait de chanvre de haute qualit\u00e9 avec une teneur \u00e9lev\u00e9e en cannabidiol (CBD).<\/p>\n<p>Les normes de qualit\u00e9 suivantes garantissent une qualit\u00e9 constante de nos huiles \u00e0 spectre complet : ISO 9001, ISO 22000<\/p>\n<p>Avis : Ce produit n&rsquo;est pas destin\u00e9 \u00e0 \u00eatre consomm\u00e9.<br \/>\nMode d&#8217;emploi : Huile aromatique<\/p>\n","smoking_product":false,"pi_dd":464526,"pi_hd":591812,"pi_hm":591812},"_links":{"self":[{"href":"https:\/\/www.tomhemps.com\/fr\/wp-json\/wp\/v2\/product\/161103"}],"collection":[{"href":"https:\/\/www.tomhemps.com\/fr\/wp-json\/wp\/v2\/product"}],"about":[{"href":"https:\/\/www.tomhemps.com\/fr\/wp-json\/wp\/v2\/types\/product"}],"replies":[{"embeddable":true,"href":"https:\/\/www.tomhemps.com\/fr\/wp-json\/wp\/v2\/comments?post=161103"}],"wp:featuredmedia":[{"embeddable":true,"href":"https:\/\/www.tomhemps.com\/fr\/wp-json\/wp\/v2\/media\/464520"}],"wp:attachment":[{"href":"https:\/\/www.tomhemps.com\/fr\/wp-json\/wp\/v2\/media?parent=161103"}],"wp:term":[{"taxonomy":"product_cat","embeddable":true,"href":"https:\/\/www.tomhemps.com\/fr\/wp-json\/wp\/v2\/product_cat?post=161103"},{"taxonomy":"product_tag","embeddable":true,"href":"https:\/\/www.tomhemps.com\/fr\/wp-json\/wp\/v2\/product_tag?post=161103"}],"curies":[{"name":"wp","href":"https:\/\/api.w.org\/{rel}","templated":true}]}}