{"id":161115,"date":"2018-12-22T17:31:52","date_gmt":"2019-11-13T16:31:52","guid":{"rendered":"https:\/\/www.tomhemps.com\/product\/huile-de-cbd-full-spectrum-5\/"},"modified":"2023-12-11T11:53:06","modified_gmt":"2023-12-11T10:53:06","slug":"huile-de-cbd-full-spectrum-5","status":"publish","type":"product","link":"https:\/\/www.tomhemps.com\/fr\/prf\/huile-de-cbd-full-spectrum-5\/","title":{"rendered":"Huile de CBD Full Spectrum 5%"},"content":{"rendered":"","protected":false},"excerpt":{"rendered":"<p><span style=\"font-weight: 400;\">L&rsquo;huile de CBD \u00e0 spectre complet est la plus polyvalente des huiles de CBD et contient, comme son nom l&rsquo;indique, tout le spectre de la plante de chanvre. L&rsquo;ensemble des cannabino\u00efdes, des huiles essentielles et des terp\u00e8nes extraits de la plante agissent ensemble, mais aussi les uns sur les autres. Le concept de l&rsquo;huile \u00e0 spectre complet est bas\u00e9 sur ce que l&rsquo;on appelle \u00ab\u00a0l&rsquo;effet d&rsquo;entourage\u00a0\u00bb, dans lequel les diff\u00e9rents compos\u00e9s de la plante de cannabis agissent en synergie et peuvent donc potentiellement contribuer \u00e0 la vitalit\u00e9 et au bien-\u00eatre. En fonction de l&rsquo;intensit\u00e9 souhait\u00e9e, les 5 % d&rsquo;huile \u00e0 spectre complet de Tom Hemp sont sp\u00e9cialement destin\u00e9s \u00e0 ceux qui souhaitent commencer \u00e0 utiliser le CBD dans leur routine quotidienne.<\/span><\/p>\n","protected":false},"featured_media":446373,"comment_status":"open","ping_status":"closed","template":"","meta":{"_acf_changed":false},"product_cat":[5007,965,971],"product_tag":[],"acf":[],"yoast_head":"<!-- This site is optimized with the Yoast SEO Premium plugin v22.8 (Yoast SEO v22.8) - https:\/\/yoast.com\/wordpress\/plugins\/seo\/ -->\n<title>Huile de CBD Full Spectrum 5%<\/title>\n<meta name=\"description\" content=\"Huile de CBD Full Spectrum 5% - Your CBD Shop | Your CBD Brand | born in Berlin\" \/>\n<meta name=\"robots\" content=\"index, follow, max-snippet:-1, max-image-preview:large, max-video-preview:-1\" \/>\n<link rel=\"canonical\" href=\"https:\/\/www.tomhemps.com\/fr\/prf\/huile-de-cbd-full-spectrum-5\/\" \/>\n<meta property=\"og:locale\" content=\"fr_FR\" \/>\n<meta property=\"og:type\" content=\"article\" \/>\n<meta property=\"og:title\" content=\"Huile de CBD Full Spectrum 5%\" \/>\n<meta property=\"og:description\" content=\"Huile de CBD Full Spectrum 5% - Your CBD Shop | Your CBD Brand | born in Berlin\" \/>\n<meta property=\"og:url\" content=\"https:\/\/www.tomhemps.com\/fr\/prf\/huile-de-cbd-full-spectrum-5\/\" \/>\n<meta property=\"og:site_name\" content=\"Your CBD Shop | Your CBD Brand | born in Berlin\" \/>\n<meta property=\"article:publisher\" content=\"https:\/\/www.facebook.com\/tomhempsberlin\/\" \/>\n<meta property=\"article:modified_time\" content=\"2023-12-11T10:53:06+00:00\" \/>\n<meta property=\"og:image\" content=\"https:\/\/www.tomhemps.com\/wp-content\/uploads\/2019\/11\/Tom_Hemps_product_cbd_oil_fullspectrum_10ml_5.png\" \/>\n\t<meta property=\"og:image:width\" content=\"1780\" \/>\n\t<meta property=\"og:image:height\" content=\"1600\" \/>\n\t<meta property=\"og:image:type\" content=\"image\/png\" \/>\n<meta name=\"twitter:card\" content=\"summary_large_image\" \/>\n<script type=\"application\/ld+json\" class=\"yoast-schema-graph\">{\"@context\":\"https:\/\/schema.org\",\"@graph\":[{\"@type\":\"WebPage\",\"@id\":\"https:\/\/www.tomhemps.com\/fr\/prf\/huile-de-cbd-full-spectrum-5\/\",\"url\":\"https:\/\/www.tomhemps.com\/fr\/prf\/huile-de-cbd-full-spectrum-5\/\",\"name\":\"Huile de CBD Full Spectrum 5%\",\"isPartOf\":{\"@id\":\"https:\/\/www.tomhemps.com\/fr\/#website\"},\"primaryImageOfPage\":{\"@id\":\"https:\/\/www.tomhemps.com\/fr\/prf\/huile-de-cbd-full-spectrum-5\/#primaryimage\"},\"image\":{\"@id\":\"https:\/\/www.tomhemps.com\/fr\/prf\/huile-de-cbd-full-spectrum-5\/#primaryimage\"},\"thumbnailUrl\":\"https:\/\/www.tomhemps.com\/wp-content\/uploads\/2019\/11\/Tom_Hemps_product_cbd_oil_fullspectrum_10ml_5.png\",\"datePublished\":\"2019-11-13T16:31:52+00:00\",\"dateModified\":\"2023-12-11T10:53:06+00:00\",\"description\":\"Huile de CBD Full Spectrum 5% - Your CBD Shop | Your CBD Brand | born in Berlin\",\"breadcrumb\":{\"@id\":\"https:\/\/www.tomhemps.com\/fr\/prf\/huile-de-cbd-full-spectrum-5\/#breadcrumb\"},\"inLanguage\":\"fr-FR\",\"potentialAction\":[{\"@type\":\"ReadAction\",\"target\":[\"https:\/\/www.tomhemps.com\/fr\/prf\/huile-de-cbd-full-spectrum-5\/\"]}]},{\"@type\":\"ImageObject\",\"inLanguage\":\"fr-FR\",\"@id\":\"https:\/\/www.tomhemps.com\/fr\/prf\/huile-de-cbd-full-spectrum-5\/#primaryimage\",\"url\":\"https:\/\/www.tomhemps.com\/wp-content\/uploads\/2019\/11\/Tom_Hemps_product_cbd_oil_fullspectrum_10ml_5.png\",\"contentUrl\":\"https:\/\/www.tomhemps.com\/wp-content\/uploads\/2019\/11\/Tom_Hemps_product_cbd_oil_fullspectrum_10ml_5.png\",\"width\":1780,\"height\":1600},{\"@type\":\"BreadcrumbList\",\"@id\":\"https:\/\/www.tomhemps.com\/fr\/prf\/huile-de-cbd-full-spectrum-5\/#breadcrumb\",\"itemListElement\":[{\"@type\":\"ListItem\",\"position\":1,\"name\":\"Startseite\",\"item\":\"https:\/\/www.tomhemps.com\/fr\/\"},{\"@type\":\"ListItem\",\"position\":2,\"name\":\"Shop\",\"item\":\"https:\/\/www.tomhemps.com\/fr\/shop\/\"},{\"@type\":\"ListItem\",\"position\":3,\"name\":\"Huile de CBD Full Spectrum 5%\"}]},{\"@type\":\"WebSite\",\"@id\":\"https:\/\/www.tomhemps.com\/fr\/#website\",\"url\":\"https:\/\/www.tomhemps.com\/fr\/\",\"name\":\"Your CBD Shop | Your CBD Brand | born in Berlin\",\"description\":\"CBD Shop Berlin\",\"publisher\":{\"@id\":\"https:\/\/www.tomhemps.com\/fr\/#organization\"},\"potentialAction\":[{\"@type\":\"SearchAction\",\"target\":{\"@type\":\"EntryPoint\",\"urlTemplate\":\"https:\/\/www.tomhemps.com\/fr\/?s={search_term_string}\"},\"query-input\":\"required name=search_term_string\"}],\"inLanguage\":\"fr-FR\"},{\"@type\":\"Organization\",\"@id\":\"https:\/\/www.tomhemps.com\/fr\/#organization\",\"name\":\"Tom Hemp's CBD Shop\",\"alternateName\":\"Tom Hemp's Berlin\",\"url\":\"https:\/\/www.tomhemps.com\/fr\/\",\"logo\":{\"@type\":\"ImageObject\",\"inLanguage\":\"fr-FR\",\"@id\":\"https:\/\/www.tomhemps.com\/fr\/#\/schema\/logo\/image\/\",\"url\":\"https:\/\/www.tomhemps.com\/wp-content\/uploads\/2019\/04\/Logo-2019-e1581413011332.jpg\",\"contentUrl\":\"https:\/\/www.tomhemps.com\/wp-content\/uploads\/2019\/04\/Logo-2019-e1581413011332.jpg\",\"width\":460,\"height\":153,\"caption\":\"Tom Hemp's CBD Shop\"},\"image\":{\"@id\":\"https:\/\/www.tomhemps.com\/fr\/#\/schema\/logo\/image\/\"},\"sameAs\":[\"https:\/\/www.facebook.com\/tomhempsberlin\/\",\"https:\/\/www.instagram.com\/tomhemps_cbd\/\",\"https:\/\/www.youtube.com\/channel\/UCbGxDacLx_DRKyder_zVoNw\"]}]}<\/script>\n<!-- \/ Yoast SEO Premium plugin. -->","yoast_head_json":{"title":"Huile de CBD Full Spectrum 5%","description":"Huile de CBD Full Spectrum 5% - Your CBD Shop | Your CBD Brand | born in Berlin","robots":{"index":"index","follow":"follow","max-snippet":"max-snippet:-1","max-image-preview":"max-image-preview:large","max-video-preview":"max-video-preview:-1"},"canonical":"https:\/\/www.tomhemps.com\/fr\/prf\/huile-de-cbd-full-spectrum-5\/","og_locale":"fr_FR","og_type":"article","og_title":"Huile de CBD Full Spectrum 5%","og_description":"Huile de CBD Full Spectrum 5% - Your CBD Shop | Your CBD Brand | born in Berlin","og_url":"https:\/\/www.tomhemps.com\/fr\/prf\/huile-de-cbd-full-spectrum-5\/","og_site_name":"Your CBD Shop | Your CBD Brand | born in Berlin","article_publisher":"https:\/\/www.facebook.com\/tomhempsberlin\/","article_modified_time":"2023-12-11T10:53:06+00:00","og_image":[{"width":1780,"height":1600,"url":"https:\/\/www.tomhemps.com\/wp-content\/uploads\/2019\/11\/Tom_Hemps_product_cbd_oil_fullspectrum_10ml_5.png","type":"image\/png"}],"twitter_card":"summary_large_image","schema":{"@context":"https:\/\/schema.org","@graph":[{"@type":"WebPage","@id":"https:\/\/www.tomhemps.com\/fr\/prf\/huile-de-cbd-full-spectrum-5\/","url":"https:\/\/www.tomhemps.com\/fr\/prf\/huile-de-cbd-full-spectrum-5\/","name":"Huile de CBD Full Spectrum 5%","isPartOf":{"@id":"https:\/\/www.tomhemps.com\/fr\/#website"},"primaryImageOfPage":{"@id":"https:\/\/www.tomhemps.com\/fr\/prf\/huile-de-cbd-full-spectrum-5\/#primaryimage"},"image":{"@id":"https:\/\/www.tomhemps.com\/fr\/prf\/huile-de-cbd-full-spectrum-5\/#primaryimage"},"thumbnailUrl":"https:\/\/www.tomhemps.com\/wp-content\/uploads\/2019\/11\/Tom_Hemps_product_cbd_oil_fullspectrum_10ml_5.png","datePublished":"2019-11-13T16:31:52+00:00","dateModified":"2023-12-11T10:53:06+00:00","description":"Huile de CBD Full Spectrum 5% - Your CBD Shop | Your CBD Brand | born in Berlin","breadcrumb":{"@id":"https:\/\/www.tomhemps.com\/fr\/prf\/huile-de-cbd-full-spectrum-5\/#breadcrumb"},"inLanguage":"fr-FR","potentialAction":[{"@type":"ReadAction","target":["https:\/\/www.tomhemps.com\/fr\/prf\/huile-de-cbd-full-spectrum-5\/"]}]},{"@type":"ImageObject","inLanguage":"fr-FR","@id":"https:\/\/www.tomhemps.com\/fr\/prf\/huile-de-cbd-full-spectrum-5\/#primaryimage","url":"https:\/\/www.tomhemps.com\/wp-content\/uploads\/2019\/11\/Tom_Hemps_product_cbd_oil_fullspectrum_10ml_5.png","contentUrl":"https:\/\/www.tomhemps.com\/wp-content\/uploads\/2019\/11\/Tom_Hemps_product_cbd_oil_fullspectrum_10ml_5.png","width":1780,"height":1600},{"@type":"BreadcrumbList","@id":"https:\/\/www.tomhemps.com\/fr\/prf\/huile-de-cbd-full-spectrum-5\/#breadcrumb","itemListElement":[{"@type":"ListItem","position":1,"name":"Startseite","item":"https:\/\/www.tomhemps.com\/fr\/"},{"@type":"ListItem","position":2,"name":"Shop","item":"https:\/\/www.tomhemps.com\/fr\/shop\/"},{"@type":"ListItem","position":3,"name":"Huile de CBD Full Spectrum 5%"}]},{"@type":"WebSite","@id":"https:\/\/www.tomhemps.com\/fr\/#website","url":"https:\/\/www.tomhemps.com\/fr\/","name":"Your CBD Shop | Your CBD Brand | born in Berlin","description":"CBD Shop Berlin","publisher":{"@id":"https:\/\/www.tomhemps.com\/fr\/#organization"},"potentialAction":[{"@type":"SearchAction","target":{"@type":"EntryPoint","urlTemplate":"https:\/\/www.tomhemps.com\/fr\/?s={search_term_string}"},"query-input":"required name=search_term_string"}],"inLanguage":"fr-FR"},{"@type":"Organization","@id":"https:\/\/www.tomhemps.com\/fr\/#organization","name":"Tom Hemp's CBD Shop","alternateName":"Tom Hemp's Berlin","url":"https:\/\/www.tomhemps.com\/fr\/","logo":{"@type":"ImageObject","inLanguage":"fr-FR","@id":"https:\/\/www.tomhemps.com\/fr\/#\/schema\/logo\/image\/","url":"https:\/\/www.tomhemps.com\/wp-content\/uploads\/2019\/04\/Logo-2019-e1581413011332.jpg","contentUrl":"https:\/\/www.tomhemps.com\/wp-content\/uploads\/2019\/04\/Logo-2019-e1581413011332.jpg","width":460,"height":153,"caption":"Tom Hemp's CBD Shop"},"image":{"@id":"https:\/\/www.tomhemps.com\/fr\/#\/schema\/logo\/image\/"},"sameAs":["https:\/\/www.facebook.com\/tomhempsberlin\/","https:\/\/www.instagram.com\/tomhemps_cbd\/","https:\/\/www.youtube.com\/channel\/UCbGxDacLx_DRKyder_zVoNw"]}]}},"fields":{"pi_t":161119,"pi_tot":"Qu'y a-t-il \u00e0 l'int\u00e9rieur ?","pi_to":"<p>Ingr\u00e9dients : Parties de feuilles de chanvre industriel de l&rsquo;UE, huile de graines de cannabis sativas (chanvre)<\/p>\n","pi_tst":"Plus d'info","pi_ts":"<p>Les huiles CBD \u00e0 spectre complet de Tom Hemp&rsquo;s sont obtenues \u00e0 partir de chanvre industriel certifi\u00e9 par l&rsquo;UE. Pendant la culture de cette plante, les pesticides et les herbicides sont strictement interdits. \u2028La culture et la production des huiles CBD Tom Hemp&rsquo;s Full Spectrum ont lieu en Allemagne. La CBD est extraite par une technique douce d&rsquo;extraction au CO2. Cette proc\u00e9dure sp\u00e9ciale, qui est plus pr\u00e9cis\u00e9ment appel\u00e9e d\u00e9carboxylation des feuilles de chanvre, nous permet d&rsquo;obtenir un extrait de chanvre de haute qualit\u00e9 avec une teneur \u00e9lev\u00e9e en cannabidiol (CBD).<\/p>\n<p>Les normes de qualit\u00e9 suivantes garantissent une qualit\u00e9 constante de nos huiles \u00e0 spectre complet : ISO 9001, ISO 22000<\/p>\n<p>Avis : Ce produit n&rsquo;est pas destin\u00e9 \u00e0 \u00eatre consomm\u00e9.<br \/>\nMode d&#8217;emploi : Huile aromatique<\/p>\n","pi_hd":false,"pi_hm":false,"pi_dd":446373,"smoking_product":false},"_links":{"self":[{"href":"https:\/\/www.tomhemps.com\/fr\/wp-json\/wp\/v2\/product\/161115"}],"collection":[{"href":"https:\/\/www.tomhemps.com\/fr\/wp-json\/wp\/v2\/product"}],"about":[{"href":"https:\/\/www.tomhemps.com\/fr\/wp-json\/wp\/v2\/types\/product"}],"replies":[{"embeddable":true,"href":"https:\/\/www.tomhemps.com\/fr\/wp-json\/wp\/v2\/comments?post=161115"}],"wp:featuredmedia":[{"embeddable":true,"href":"https:\/\/www.tomhemps.com\/fr\/wp-json\/wp\/v2\/media\/446373"}],"wp:attachment":[{"href":"https:\/\/www.tomhemps.com\/fr\/wp-json\/wp\/v2\/media?parent=161115"}],"wp:term":[{"taxonomy":"product_cat","embeddable":true,"href":"https:\/\/www.tomhemps.com\/fr\/wp-json\/wp\/v2\/product_cat?post=161115"},{"taxonomy":"product_tag","embeddable":true,"href":"https:\/\/www.tomhemps.com\/fr\/wp-json\/wp\/v2\/product_tag?post=161115"}],"curies":[{"name":"wp","href":"https:\/\/api.w.org\/{rel}","templated":true}]}}