{"id":161162,"date":"2020-09-10T12:56:49","date_gmt":"2020-09-10T10:56:49","guid":{"rendered":"https:\/\/www.tomhemps.com\/product\/pax-2\/"},"modified":"2022-05-28T08:05:50","modified_gmt":"2022-05-28T06:05:50","slug":"pax-2","status":"publish","type":"product","link":"https:\/\/www.tomhemps.com\/fr\/prf\/pax-2\/","title":{"rendered":"PAX 2"},"content":{"rendered":"","protected":false},"excerpt":{"rendered":"<p>Un chef-d\u2019\u0153uvre de vaporisation des herbes. Avec un four qui fournit une vapeur savoureuse, un chemin de vapeur qui permet un coup en douceur, une longue dur\u00e9e de vie des piles et un design \u00e9l\u00e9gant, vous \u00eates pr\u00eat pour n\u2019importe quelle aventure. Avons-nous mentionn\u00e9 que le PAX 2 a remport\u00e9 des prix de design !<\/p>\n","protected":false},"featured_media":161166,"comment_status":"open","ping_status":"closed","template":"","meta":{"_acf_changed":false},"product_cat":[4955],"product_tag":[],"acf":[],"yoast_head":"<!-- This site is optimized with the Yoast SEO Premium plugin v22.8 (Yoast SEO v22.8) - https:\/\/yoast.com\/wordpress\/plugins\/seo\/ -->\n<title>PAX 2<\/title>\n<meta name=\"description\" content=\"PAX 2 - Your CBD Shop | Your CBD Brand | born in Berlin\" \/>\n<meta name=\"robots\" content=\"index, follow, max-snippet:-1, max-image-preview:large, max-video-preview:-1\" \/>\n<link rel=\"canonical\" href=\"https:\/\/www.tomhemps.com\/fr\/prf\/pax-2\/\" \/>\n<meta property=\"og:locale\" content=\"fr_FR\" \/>\n<meta property=\"og:type\" content=\"article\" \/>\n<meta property=\"og:title\" content=\"PAX 2\" \/>\n<meta property=\"og:description\" content=\"PAX 2 - Your CBD Shop | Your CBD Brand | born in Berlin\" \/>\n<meta property=\"og:url\" content=\"https:\/\/www.tomhemps.com\/fr\/prf\/pax-2\/\" \/>\n<meta property=\"og:site_name\" content=\"Your CBD Shop | Your CBD Brand | born in Berlin\" \/>\n<meta property=\"article:publisher\" content=\"https:\/\/www.facebook.com\/tomhempsberlin\/\" \/>\n<meta property=\"article:modified_time\" content=\"2022-05-28T06:05:50+00:00\" \/>\n<meta property=\"og:image\" content=\"https:\/\/www.tomhemps.com\/wp-content\/uploads\/2020\/09\/Tom_Hemps_product_pax2_vaporizer_box_single.png\" \/>\n\t<meta property=\"og:image:width\" content=\"1780\" \/>\n\t<meta property=\"og:image:height\" content=\"1600\" \/>\n\t<meta property=\"og:image:type\" content=\"image\/png\" \/>\n<meta name=\"twitter:card\" content=\"summary_large_image\" \/>\n<script type=\"application\/ld+json\" class=\"yoast-schema-graph\">{\"@context\":\"https:\/\/schema.org\",\"@graph\":[{\"@type\":\"WebPage\",\"@id\":\"https:\/\/www.tomhemps.com\/fr\/prf\/pax-2\/\",\"url\":\"https:\/\/www.tomhemps.com\/fr\/prf\/pax-2\/\",\"name\":\"PAX 2\",\"isPartOf\":{\"@id\":\"https:\/\/www.tomhemps.com\/fr\/#website\"},\"primaryImageOfPage\":{\"@id\":\"https:\/\/www.tomhemps.com\/fr\/prf\/pax-2\/#primaryimage\"},\"image\":{\"@id\":\"https:\/\/www.tomhemps.com\/fr\/prf\/pax-2\/#primaryimage\"},\"thumbnailUrl\":\"https:\/\/www.tomhemps.com\/wp-content\/uploads\/2020\/09\/Tom_Hemps_product_pax2_vaporizer_box_single.png\",\"datePublished\":\"2020-09-10T10:56:49+00:00\",\"dateModified\":\"2022-05-28T06:05:50+00:00\",\"description\":\"PAX 2 - Your CBD Shop | Your CBD Brand | born in Berlin\",\"breadcrumb\":{\"@id\":\"https:\/\/www.tomhemps.com\/fr\/prf\/pax-2\/#breadcrumb\"},\"inLanguage\":\"fr-FR\",\"potentialAction\":[{\"@type\":\"ReadAction\",\"target\":[\"https:\/\/www.tomhemps.com\/fr\/prf\/pax-2\/\"]}]},{\"@type\":\"ImageObject\",\"inLanguage\":\"fr-FR\",\"@id\":\"https:\/\/www.tomhemps.com\/fr\/prf\/pax-2\/#primaryimage\",\"url\":\"https:\/\/www.tomhemps.com\/wp-content\/uploads\/2020\/09\/Tom_Hemps_product_pax2_vaporizer_box_single.png\",\"contentUrl\":\"https:\/\/www.tomhemps.com\/wp-content\/uploads\/2020\/09\/Tom_Hemps_product_pax2_vaporizer_box_single.png\",\"width\":1780,\"height\":1600},{\"@type\":\"BreadcrumbList\",\"@id\":\"https:\/\/www.tomhemps.com\/fr\/prf\/pax-2\/#breadcrumb\",\"itemListElement\":[{\"@type\":\"ListItem\",\"position\":1,\"name\":\"Startseite\",\"item\":\"https:\/\/www.tomhemps.com\/fr\/\"},{\"@type\":\"ListItem\",\"position\":2,\"name\":\"Shop\",\"item\":\"https:\/\/www.tomhemps.com\/fr\/shop\/\"},{\"@type\":\"ListItem\",\"position\":3,\"name\":\"PAX 2\"}]},{\"@type\":\"WebSite\",\"@id\":\"https:\/\/www.tomhemps.com\/fr\/#website\",\"url\":\"https:\/\/www.tomhemps.com\/fr\/\",\"name\":\"Your CBD Shop | Your CBD Brand | born in Berlin\",\"description\":\"CBD Shop Berlin\",\"publisher\":{\"@id\":\"https:\/\/www.tomhemps.com\/fr\/#organization\"},\"potentialAction\":[{\"@type\":\"SearchAction\",\"target\":{\"@type\":\"EntryPoint\",\"urlTemplate\":\"https:\/\/www.tomhemps.com\/fr\/?s={search_term_string}\"},\"query-input\":\"required name=search_term_string\"}],\"inLanguage\":\"fr-FR\"},{\"@type\":\"Organization\",\"@id\":\"https:\/\/www.tomhemps.com\/fr\/#organization\",\"name\":\"Tom Hemp's CBD Shop\",\"alternateName\":\"Tom Hemp's Berlin\",\"url\":\"https:\/\/www.tomhemps.com\/fr\/\",\"logo\":{\"@type\":\"ImageObject\",\"inLanguage\":\"fr-FR\",\"@id\":\"https:\/\/www.tomhemps.com\/fr\/#\/schema\/logo\/image\/\",\"url\":\"https:\/\/www.tomhemps.com\/wp-content\/uploads\/2019\/04\/Logo-2019-e1581413011332.jpg\",\"contentUrl\":\"https:\/\/www.tomhemps.com\/wp-content\/uploads\/2019\/04\/Logo-2019-e1581413011332.jpg\",\"width\":460,\"height\":153,\"caption\":\"Tom Hemp's CBD Shop\"},\"image\":{\"@id\":\"https:\/\/www.tomhemps.com\/fr\/#\/schema\/logo\/image\/\"},\"sameAs\":[\"https:\/\/www.facebook.com\/tomhempsberlin\/\",\"https:\/\/www.instagram.com\/tomhemps_cbd\/\",\"https:\/\/www.youtube.com\/channel\/UCbGxDacLx_DRKyder_zVoNw\"]}]}<\/script>\n<!-- \/ Yoast SEO Premium plugin. -->","yoast_head_json":{"title":"PAX 2","description":"PAX 2 - Your CBD Shop | Your CBD Brand | born in Berlin","robots":{"index":"index","follow":"follow","max-snippet":"max-snippet:-1","max-image-preview":"max-image-preview:large","max-video-preview":"max-video-preview:-1"},"canonical":"https:\/\/www.tomhemps.com\/fr\/prf\/pax-2\/","og_locale":"fr_FR","og_type":"article","og_title":"PAX 2","og_description":"PAX 2 - Your CBD Shop | Your CBD Brand | born in Berlin","og_url":"https:\/\/www.tomhemps.com\/fr\/prf\/pax-2\/","og_site_name":"Your CBD Shop | Your CBD Brand | born in Berlin","article_publisher":"https:\/\/www.facebook.com\/tomhempsberlin\/","article_modified_time":"2022-05-28T06:05:50+00:00","og_image":[{"width":1780,"height":1600,"url":"https:\/\/www.tomhemps.com\/wp-content\/uploads\/2020\/09\/Tom_Hemps_product_pax2_vaporizer_box_single.png","type":"image\/png"}],"twitter_card":"summary_large_image","schema":{"@context":"https:\/\/schema.org","@graph":[{"@type":"WebPage","@id":"https:\/\/www.tomhemps.com\/fr\/prf\/pax-2\/","url":"https:\/\/www.tomhemps.com\/fr\/prf\/pax-2\/","name":"PAX 2","isPartOf":{"@id":"https:\/\/www.tomhemps.com\/fr\/#website"},"primaryImageOfPage":{"@id":"https:\/\/www.tomhemps.com\/fr\/prf\/pax-2\/#primaryimage"},"image":{"@id":"https:\/\/www.tomhemps.com\/fr\/prf\/pax-2\/#primaryimage"},"thumbnailUrl":"https:\/\/www.tomhemps.com\/wp-content\/uploads\/2020\/09\/Tom_Hemps_product_pax2_vaporizer_box_single.png","datePublished":"2020-09-10T10:56:49+00:00","dateModified":"2022-05-28T06:05:50+00:00","description":"PAX 2 - Your CBD Shop | Your CBD Brand | born in Berlin","breadcrumb":{"@id":"https:\/\/www.tomhemps.com\/fr\/prf\/pax-2\/#breadcrumb"},"inLanguage":"fr-FR","potentialAction":[{"@type":"ReadAction","target":["https:\/\/www.tomhemps.com\/fr\/prf\/pax-2\/"]}]},{"@type":"ImageObject","inLanguage":"fr-FR","@id":"https:\/\/www.tomhemps.com\/fr\/prf\/pax-2\/#primaryimage","url":"https:\/\/www.tomhemps.com\/wp-content\/uploads\/2020\/09\/Tom_Hemps_product_pax2_vaporizer_box_single.png","contentUrl":"https:\/\/www.tomhemps.com\/wp-content\/uploads\/2020\/09\/Tom_Hemps_product_pax2_vaporizer_box_single.png","width":1780,"height":1600},{"@type":"BreadcrumbList","@id":"https:\/\/www.tomhemps.com\/fr\/prf\/pax-2\/#breadcrumb","itemListElement":[{"@type":"ListItem","position":1,"name":"Startseite","item":"https:\/\/www.tomhemps.com\/fr\/"},{"@type":"ListItem","position":2,"name":"Shop","item":"https:\/\/www.tomhemps.com\/fr\/shop\/"},{"@type":"ListItem","position":3,"name":"PAX 2"}]},{"@type":"WebSite","@id":"https:\/\/www.tomhemps.com\/fr\/#website","url":"https:\/\/www.tomhemps.com\/fr\/","name":"Your CBD Shop | Your CBD Brand | born in Berlin","description":"CBD Shop Berlin","publisher":{"@id":"https:\/\/www.tomhemps.com\/fr\/#organization"},"potentialAction":[{"@type":"SearchAction","target":{"@type":"EntryPoint","urlTemplate":"https:\/\/www.tomhemps.com\/fr\/?s={search_term_string}"},"query-input":"required name=search_term_string"}],"inLanguage":"fr-FR"},{"@type":"Organization","@id":"https:\/\/www.tomhemps.com\/fr\/#organization","name":"Tom Hemp's CBD Shop","alternateName":"Tom Hemp's Berlin","url":"https:\/\/www.tomhemps.com\/fr\/","logo":{"@type":"ImageObject","inLanguage":"fr-FR","@id":"https:\/\/www.tomhemps.com\/fr\/#\/schema\/logo\/image\/","url":"https:\/\/www.tomhemps.com\/wp-content\/uploads\/2019\/04\/Logo-2019-e1581413011332.jpg","contentUrl":"https:\/\/www.tomhemps.com\/wp-content\/uploads\/2019\/04\/Logo-2019-e1581413011332.jpg","width":460,"height":153,"caption":"Tom Hemp's CBD Shop"},"image":{"@id":"https:\/\/www.tomhemps.com\/fr\/#\/schema\/logo\/image\/"},"sameAs":["https:\/\/www.facebook.com\/tomhempsberlin\/","https:\/\/www.instagram.com\/tomhemps_cbd\/","https:\/\/www.youtube.com\/channel\/UCbGxDacLx_DRKyder_zVoNw"]}]}},"fields":{"pi_dd":false,"pi_t":161206,"pi_tot":"Plus d'info","pi_to":"<p>Garantie limit\u00e9e de 2 ans<br \/>\n6-8 s\u00e9ances par charge<br \/>\n4 Param\u00e8tres de temp\u00e9rature<br \/>\nTemps de chauffe rapide<\/p>\n","pi_tst":"Qu'y a-t-il \u00e0 l'int\u00e9rieur ?","pi_ts":"<p>Inclus :<br \/>\n1x appareil Pax2<br \/>\n1x chargeur<br \/>\n1x Kit de maintenance<br \/>\n2x Embouts<\/p>\n","pi_hd":false,"pi_hm":161165,"smoking_product":true},"_links":{"self":[{"href":"https:\/\/www.tomhemps.com\/fr\/wp-json\/wp\/v2\/product\/161162"}],"collection":[{"href":"https:\/\/www.tomhemps.com\/fr\/wp-json\/wp\/v2\/product"}],"about":[{"href":"https:\/\/www.tomhemps.com\/fr\/wp-json\/wp\/v2\/types\/product"}],"replies":[{"embeddable":true,"href":"https:\/\/www.tomhemps.com\/fr\/wp-json\/wp\/v2\/comments?post=161162"}],"wp:featuredmedia":[{"embeddable":true,"href":"https:\/\/www.tomhemps.com\/fr\/wp-json\/wp\/v2\/media\/161166"}],"wp:attachment":[{"href":"https:\/\/www.tomhemps.com\/fr\/wp-json\/wp\/v2\/media?parent=161162"}],"wp:term":[{"taxonomy":"product_cat","embeddable":true,"href":"https:\/\/www.tomhemps.com\/fr\/wp-json\/wp\/v2\/product_cat?post=161162"},{"taxonomy":"product_tag","embeddable":true,"href":"https:\/\/www.tomhemps.com\/fr\/wp-json\/wp\/v2\/product_tag?post=161162"}],"curies":[{"name":"wp","href":"https:\/\/api.w.org\/{rel}","templated":true}]}}