{"id":161173,"date":"2020-09-04T13:36:46","date_gmt":"2020-09-04T11:36:46","guid":{"rendered":"https:\/\/www.tomhemps.com\/product\/peak\/"},"modified":"2022-05-28T08:04:26","modified_gmt":"2022-05-28T06:04:26","slug":"peak","status":"publish","type":"product","link":"https:\/\/www.tomhemps.com\/fr\/prf\/peak\/","title":{"rendered":"Peak"},"content":{"rendered":"","protected":false},"excerpt":{"rendered":"<p>Ce dispositif d\u00e9voile la v\u00e9ritable puissance des concentr\u00e9s, en permettant l&rsquo;expression la plus claire de la puissance, de la saveur et des effets de la plante dont ils sont d\u00e9riv\u00e9s. Cela signifie que vous vivez une exp\u00e9rience des plus efficaces et agr\u00e9ables, plus rapide et plus facile que jamais, sans courbe d&rsquo;apprentissage.<\/p>\n","protected":false},"featured_media":161175,"comment_status":"open","ping_status":"closed","template":"","meta":{"_acf_changed":false},"product_cat":[990,977],"product_tag":[],"acf":[],"yoast_head":"<!-- This site is optimized with the Yoast SEO Premium plugin v22.8 (Yoast SEO v22.8) - https:\/\/yoast.com\/wordpress\/plugins\/seo\/ -->\n<title>Peak<\/title>\n<meta name=\"description\" content=\"Peak - Your CBD Shop | Your CBD Brand | born in Berlin\" \/>\n<meta name=\"robots\" content=\"index, follow, max-snippet:-1, max-image-preview:large, max-video-preview:-1\" \/>\n<link rel=\"canonical\" href=\"https:\/\/www.tomhemps.com\/fr\/prf\/peak\/\" \/>\n<meta property=\"og:locale\" content=\"fr_FR\" \/>\n<meta property=\"og:type\" content=\"article\" \/>\n<meta property=\"og:title\" content=\"Peak\" \/>\n<meta property=\"og:description\" content=\"Peak - Your CBD Shop | Your CBD Brand | born in Berlin\" \/>\n<meta property=\"og:url\" content=\"https:\/\/www.tomhemps.com\/fr\/prf\/peak\/\" \/>\n<meta property=\"og:site_name\" content=\"Your CBD Shop | Your CBD Brand | born in Berlin\" \/>\n<meta property=\"article:publisher\" content=\"https:\/\/www.facebook.com\/tomhempsberlin\/\" \/>\n<meta property=\"article:modified_time\" content=\"2022-05-28T06:04:26+00:00\" \/>\n<meta property=\"og:image\" content=\"https:\/\/www.tomhemps.com\/wp-content\/uploads\/2020\/09\/Tom_Hemps_product_puffco_peak_vaporizer_single.png\" \/>\n\t<meta property=\"og:image:width\" content=\"1780\" \/>\n\t<meta property=\"og:image:height\" content=\"1600\" \/>\n\t<meta property=\"og:image:type\" content=\"image\/png\" \/>\n<meta name=\"twitter:card\" content=\"summary_large_image\" \/>\n<script type=\"application\/ld+json\" class=\"yoast-schema-graph\">{\"@context\":\"https:\/\/schema.org\",\"@graph\":[{\"@type\":\"WebPage\",\"@id\":\"https:\/\/www.tomhemps.com\/fr\/prf\/peak\/\",\"url\":\"https:\/\/www.tomhemps.com\/fr\/prf\/peak\/\",\"name\":\"Peak\",\"isPartOf\":{\"@id\":\"https:\/\/www.tomhemps.com\/fr\/#website\"},\"primaryImageOfPage\":{\"@id\":\"https:\/\/www.tomhemps.com\/fr\/prf\/peak\/#primaryimage\"},\"image\":{\"@id\":\"https:\/\/www.tomhemps.com\/fr\/prf\/peak\/#primaryimage\"},\"thumbnailUrl\":\"https:\/\/www.tomhemps.com\/wp-content\/uploads\/2020\/09\/Tom_Hemps_product_puffco_peak_vaporizer_single.png\",\"datePublished\":\"2020-09-04T11:36:46+00:00\",\"dateModified\":\"2022-05-28T06:04:26+00:00\",\"description\":\"Peak - Your CBD Shop | Your CBD Brand | born in Berlin\",\"breadcrumb\":{\"@id\":\"https:\/\/www.tomhemps.com\/fr\/prf\/peak\/#breadcrumb\"},\"inLanguage\":\"fr-FR\",\"potentialAction\":[{\"@type\":\"ReadAction\",\"target\":[\"https:\/\/www.tomhemps.com\/fr\/prf\/peak\/\"]}]},{\"@type\":\"ImageObject\",\"inLanguage\":\"fr-FR\",\"@id\":\"https:\/\/www.tomhemps.com\/fr\/prf\/peak\/#primaryimage\",\"url\":\"https:\/\/www.tomhemps.com\/wp-content\/uploads\/2020\/09\/Tom_Hemps_product_puffco_peak_vaporizer_single.png\",\"contentUrl\":\"https:\/\/www.tomhemps.com\/wp-content\/uploads\/2020\/09\/Tom_Hemps_product_puffco_peak_vaporizer_single.png\",\"width\":1780,\"height\":1600},{\"@type\":\"BreadcrumbList\",\"@id\":\"https:\/\/www.tomhemps.com\/fr\/prf\/peak\/#breadcrumb\",\"itemListElement\":[{\"@type\":\"ListItem\",\"position\":1,\"name\":\"Startseite\",\"item\":\"https:\/\/www.tomhemps.com\/fr\/\"},{\"@type\":\"ListItem\",\"position\":2,\"name\":\"Shop\",\"item\":\"https:\/\/www.tomhemps.com\/fr\/shop\/\"},{\"@type\":\"ListItem\",\"position\":3,\"name\":\"Peak\"}]},{\"@type\":\"WebSite\",\"@id\":\"https:\/\/www.tomhemps.com\/fr\/#website\",\"url\":\"https:\/\/www.tomhemps.com\/fr\/\",\"name\":\"Your CBD Shop | Your CBD Brand | born in Berlin\",\"description\":\"CBD Shop Berlin\",\"publisher\":{\"@id\":\"https:\/\/www.tomhemps.com\/fr\/#organization\"},\"potentialAction\":[{\"@type\":\"SearchAction\",\"target\":{\"@type\":\"EntryPoint\",\"urlTemplate\":\"https:\/\/www.tomhemps.com\/fr\/?s={search_term_string}\"},\"query-input\":\"required name=search_term_string\"}],\"inLanguage\":\"fr-FR\"},{\"@type\":\"Organization\",\"@id\":\"https:\/\/www.tomhemps.com\/fr\/#organization\",\"name\":\"Tom Hemp's CBD Shop\",\"alternateName\":\"Tom Hemp's Berlin\",\"url\":\"https:\/\/www.tomhemps.com\/fr\/\",\"logo\":{\"@type\":\"ImageObject\",\"inLanguage\":\"fr-FR\",\"@id\":\"https:\/\/www.tomhemps.com\/fr\/#\/schema\/logo\/image\/\",\"url\":\"https:\/\/www.tomhemps.com\/wp-content\/uploads\/2019\/04\/Logo-2019-e1581413011332.jpg\",\"contentUrl\":\"https:\/\/www.tomhemps.com\/wp-content\/uploads\/2019\/04\/Logo-2019-e1581413011332.jpg\",\"width\":460,\"height\":153,\"caption\":\"Tom Hemp's CBD Shop\"},\"image\":{\"@id\":\"https:\/\/www.tomhemps.com\/fr\/#\/schema\/logo\/image\/\"},\"sameAs\":[\"https:\/\/www.facebook.com\/tomhempsberlin\/\",\"https:\/\/www.instagram.com\/tomhemps_cbd\/\",\"https:\/\/www.youtube.com\/channel\/UCbGxDacLx_DRKyder_zVoNw\"]}]}<\/script>\n<!-- \/ Yoast SEO Premium plugin. -->","yoast_head_json":{"title":"Peak","description":"Peak - Your CBD Shop | Your CBD Brand | born in Berlin","robots":{"index":"index","follow":"follow","max-snippet":"max-snippet:-1","max-image-preview":"max-image-preview:large","max-video-preview":"max-video-preview:-1"},"canonical":"https:\/\/www.tomhemps.com\/fr\/prf\/peak\/","og_locale":"fr_FR","og_type":"article","og_title":"Peak","og_description":"Peak - Your CBD Shop | Your CBD Brand | born in Berlin","og_url":"https:\/\/www.tomhemps.com\/fr\/prf\/peak\/","og_site_name":"Your CBD Shop | Your CBD Brand | born in Berlin","article_publisher":"https:\/\/www.facebook.com\/tomhempsberlin\/","article_modified_time":"2022-05-28T06:04:26+00:00","og_image":[{"width":1780,"height":1600,"url":"https:\/\/www.tomhemps.com\/wp-content\/uploads\/2020\/09\/Tom_Hemps_product_puffco_peak_vaporizer_single.png","type":"image\/png"}],"twitter_card":"summary_large_image","schema":{"@context":"https:\/\/schema.org","@graph":[{"@type":"WebPage","@id":"https:\/\/www.tomhemps.com\/fr\/prf\/peak\/","url":"https:\/\/www.tomhemps.com\/fr\/prf\/peak\/","name":"Peak","isPartOf":{"@id":"https:\/\/www.tomhemps.com\/fr\/#website"},"primaryImageOfPage":{"@id":"https:\/\/www.tomhemps.com\/fr\/prf\/peak\/#primaryimage"},"image":{"@id":"https:\/\/www.tomhemps.com\/fr\/prf\/peak\/#primaryimage"},"thumbnailUrl":"https:\/\/www.tomhemps.com\/wp-content\/uploads\/2020\/09\/Tom_Hemps_product_puffco_peak_vaporizer_single.png","datePublished":"2020-09-04T11:36:46+00:00","dateModified":"2022-05-28T06:04:26+00:00","description":"Peak - Your CBD Shop | Your CBD Brand | born in Berlin","breadcrumb":{"@id":"https:\/\/www.tomhemps.com\/fr\/prf\/peak\/#breadcrumb"},"inLanguage":"fr-FR","potentialAction":[{"@type":"ReadAction","target":["https:\/\/www.tomhemps.com\/fr\/prf\/peak\/"]}]},{"@type":"ImageObject","inLanguage":"fr-FR","@id":"https:\/\/www.tomhemps.com\/fr\/prf\/peak\/#primaryimage","url":"https:\/\/www.tomhemps.com\/wp-content\/uploads\/2020\/09\/Tom_Hemps_product_puffco_peak_vaporizer_single.png","contentUrl":"https:\/\/www.tomhemps.com\/wp-content\/uploads\/2020\/09\/Tom_Hemps_product_puffco_peak_vaporizer_single.png","width":1780,"height":1600},{"@type":"BreadcrumbList","@id":"https:\/\/www.tomhemps.com\/fr\/prf\/peak\/#breadcrumb","itemListElement":[{"@type":"ListItem","position":1,"name":"Startseite","item":"https:\/\/www.tomhemps.com\/fr\/"},{"@type":"ListItem","position":2,"name":"Shop","item":"https:\/\/www.tomhemps.com\/fr\/shop\/"},{"@type":"ListItem","position":3,"name":"Peak"}]},{"@type":"WebSite","@id":"https:\/\/www.tomhemps.com\/fr\/#website","url":"https:\/\/www.tomhemps.com\/fr\/","name":"Your CBD Shop | Your CBD Brand | born in Berlin","description":"CBD Shop Berlin","publisher":{"@id":"https:\/\/www.tomhemps.com\/fr\/#organization"},"potentialAction":[{"@type":"SearchAction","target":{"@type":"EntryPoint","urlTemplate":"https:\/\/www.tomhemps.com\/fr\/?s={search_term_string}"},"query-input":"required name=search_term_string"}],"inLanguage":"fr-FR"},{"@type":"Organization","@id":"https:\/\/www.tomhemps.com\/fr\/#organization","name":"Tom Hemp's CBD Shop","alternateName":"Tom Hemp's Berlin","url":"https:\/\/www.tomhemps.com\/fr\/","logo":{"@type":"ImageObject","inLanguage":"fr-FR","@id":"https:\/\/www.tomhemps.com\/fr\/#\/schema\/logo\/image\/","url":"https:\/\/www.tomhemps.com\/wp-content\/uploads\/2019\/04\/Logo-2019-e1581413011332.jpg","contentUrl":"https:\/\/www.tomhemps.com\/wp-content\/uploads\/2019\/04\/Logo-2019-e1581413011332.jpg","width":460,"height":153,"caption":"Tom Hemp's CBD Shop"},"image":{"@id":"https:\/\/www.tomhemps.com\/fr\/#\/schema\/logo\/image\/"},"sameAs":["https:\/\/www.facebook.com\/tomhempsberlin\/","https:\/\/www.instagram.com\/tomhemps_cbd\/","https:\/\/www.youtube.com\/channel\/UCbGxDacLx_DRKyder_zVoNw"]}]}},"fields":{"pi_dd":false,"pi_t":false,"pi_tot":"Notice D'emballage","pi_to":"<p>4 Param\u00e8tres de chaleur uniques pour l&rsquo;utilisateur<br \/>\nD\u00e9butant ou expert, petites ou grandes charges, saveur ou gros nuages, quelle que soit la fa\u00e7on dont vous aimez consommer, il y a un cadre parfait pour vous. Le mode Sesh vous permet \u00e9galement de prolonger votre session, cr\u00e9ant ainsi la premi\u00e8re exp\u00e9rience de consommation sociale.<\/p>\n<p>20 secondes d&rsquo;\u00e9chauffement moyen<br \/>\nComparez cela au processus de 3 minutes de chauffage et de refroidissement des appareils de tamponnage typiques. Cela signifie plus de consommation et moins d&rsquo;attente.<\/p>\n<p>\u00c9talonnage intelligent de la temp\u00e9rature<br \/>\nLe smartware ajuste automatiquement les temps de chauffe si votre bol est encore chaud. Cela permet une utilisation plus r\u00e9guli\u00e8re lors d&rsquo;une utilisation r\u00e9p\u00e9t\u00e9e et en mode \u00ab\u00a0sesh\u00a0\u00bb.<\/p>\n<p>Bande lumineuse LED \/ Feedback haptique<br \/>\nLa bande lumineuse discr\u00e8te fournit des indicateurs de batterie et de cycle de chauffage lorsque c&rsquo;est n\u00e9cessaire, et se dissimule lorsqu&rsquo;ils ne le sont pas. Le retour d&rsquo;information haptique vous permet de garder votre point de rep\u00e8re pour obtenir le coup parfait.<\/p>\n<p>Chargement rapide \/ longue dur\u00e9e<br \/>\nLa batterie se recharge compl\u00e8tement en 2 heures lorsque l&rsquo;on utilise le surchargeur. Elle dure environ 30 dabs.<\/p>\n","pi_tst":"Plus d'info","pi_ts":"<p>Sp\u00e9cifications compl\u00e8tes :<br \/>\n&#8211; Verre borosilicat\u00e9 souffl\u00e9 \u00e0 la main<br \/>\n&#8211; Filtration de l&rsquo;eau<br \/>\n&#8211; 4 r\u00e9glages de chaleur uniques pour l&rsquo;utilisateur<br \/>\n&#8211; Temps de chauffe moyen de 20 secondes<br \/>\n&#8211; Calibrage intelligent de la temp\u00e9rature<br \/>\n&#8211; Fonctionnalit\u00e9 du mode Sesh<br \/>\n&#8211; 7&Prime;\u00a0\u00bb de haut x 2,75&Prime;\u00a0\u00bb de base<br \/>\n&#8211; 2 heures de charge rapide<br \/>\n&#8211; Dur\u00e9e de vie moyenne des piles de 30 dab<br \/>\n&#8211; Bol en c\u00e9ramique amovible<br \/>\n&#8211; Bande lumineuse LED<br \/>\n&#8211; Cas de transport inclus<br \/>\n&#8211; Retour d&rsquo;information haptique<br \/>\n&#8211; Base de silicone robuste<\/p>\n","pi_hd":false,"pi_hm":161177,"smoking_product":true},"_links":{"self":[{"href":"https:\/\/www.tomhemps.com\/fr\/wp-json\/wp\/v2\/product\/161173"}],"collection":[{"href":"https:\/\/www.tomhemps.com\/fr\/wp-json\/wp\/v2\/product"}],"about":[{"href":"https:\/\/www.tomhemps.com\/fr\/wp-json\/wp\/v2\/types\/product"}],"replies":[{"embeddable":true,"href":"https:\/\/www.tomhemps.com\/fr\/wp-json\/wp\/v2\/comments?post=161173"}],"wp:featuredmedia":[{"embeddable":true,"href":"https:\/\/www.tomhemps.com\/fr\/wp-json\/wp\/v2\/media\/161175"}],"wp:attachment":[{"href":"https:\/\/www.tomhemps.com\/fr\/wp-json\/wp\/v2\/media?parent=161173"}],"wp:term":[{"taxonomy":"product_cat","embeddable":true,"href":"https:\/\/www.tomhemps.com\/fr\/wp-json\/wp\/v2\/product_cat?post=161173"},{"taxonomy":"product_tag","embeddable":true,"href":"https:\/\/www.tomhemps.com\/fr\/wp-json\/wp\/v2\/product_tag?post=161173"}],"curies":[{"name":"wp","href":"https:\/\/api.w.org\/{rel}","templated":true}]}}