{"id":161178,"date":"2020-09-04T13:35:35","date_gmt":"2020-09-04T11:35:35","guid":{"rendered":"https:\/\/www.tomhemps.com\/product\/plus\/"},"modified":"2022-05-28T08:04:39","modified_gmt":"2022-05-28T06:04:39","slug":"plus","status":"publish","type":"product","link":"https:\/\/www.tomhemps.com\/fr\/prf\/plus\/","title":{"rendered":"Plus"},"content":{"rendered":"","protected":false},"excerpt":{"rendered":"<p>Le stylo \u00e0 bille concentr\u00e9 le plus r\u00e9compens\u00e9 et le plus savoureux jamais r\u00e9alis\u00e9, maintenant encore plus am\u00e9lior\u00e9.<\/p>\n<p>L&#8217;embout Plus combine un outil de chargement, une protection contre les \u00e9claboussures et un bouchon de carburateur tout en un ! La fl\u00e9chette peut \u00eatre facilement rallong\u00e9e en appuyant sur la partie sup\u00e9rieure en silicone, ce qui vous permet de pr\u00e9lever facilement des concentr\u00e9s.<\/p>\n<p>Si vous avez des concentr\u00e9s de haute qualit\u00e9, il n&rsquo;y a pas de meilleur vaporisateur mobile pour tamponner.<\/p>\n","protected":false},"featured_media":616468,"comment_status":"open","ping_status":"closed","template":"","meta":{"_acf_changed":false},"product_cat":[990,977],"product_tag":[],"acf":[],"yoast_head":"<!-- This site is optimized with the Yoast SEO Premium plugin v22.8 (Yoast SEO v22.8) - https:\/\/yoast.com\/wordpress\/plugins\/seo\/ -->\n<title>Plus<\/title>\n<meta name=\"description\" content=\"Plus - Your CBD Shop | Your CBD Brand | born in Berlin\" \/>\n<meta name=\"robots\" content=\"index, follow, max-snippet:-1, max-image-preview:large, max-video-preview:-1\" \/>\n<link rel=\"canonical\" href=\"https:\/\/www.tomhemps.com\/fr\/prf\/plus\/\" \/>\n<meta property=\"og:locale\" content=\"fr_FR\" \/>\n<meta property=\"og:type\" content=\"article\" \/>\n<meta property=\"og:title\" content=\"Plus\" \/>\n<meta property=\"og:description\" content=\"Plus - Your CBD Shop | Your CBD Brand | born in Berlin\" \/>\n<meta property=\"og:url\" content=\"https:\/\/www.tomhemps.com\/fr\/prf\/plus\/\" \/>\n<meta property=\"og:site_name\" content=\"Your CBD Shop | Your CBD Brand | born in Berlin\" \/>\n<meta property=\"article:publisher\" content=\"https:\/\/www.facebook.com\/tomhempsberlin\/\" \/>\n<meta property=\"article:modified_time\" content=\"2022-05-28T06:04:39+00:00\" \/>\n<meta property=\"og:image\" content=\"https:\/\/www.tomhemps.com\/wp-content\/uploads\/2020\/09\/Tom_Hemps_product_puffco_plus_vaporizer_black_single.png\" \/>\n\t<meta property=\"og:image:width\" content=\"1780\" \/>\n\t<meta property=\"og:image:height\" content=\"1600\" \/>\n\t<meta property=\"og:image:type\" content=\"image\/png\" \/>\n<meta name=\"twitter:card\" content=\"summary_large_image\" \/>\n<script type=\"application\/ld+json\" class=\"yoast-schema-graph\">{\"@context\":\"https:\/\/schema.org\",\"@graph\":[{\"@type\":\"WebPage\",\"@id\":\"https:\/\/www.tomhemps.com\/fr\/prf\/plus\/\",\"url\":\"https:\/\/www.tomhemps.com\/fr\/prf\/plus\/\",\"name\":\"Plus\",\"isPartOf\":{\"@id\":\"https:\/\/www.tomhemps.com\/fr\/#website\"},\"primaryImageOfPage\":{\"@id\":\"https:\/\/www.tomhemps.com\/fr\/prf\/plus\/#primaryimage\"},\"image\":{\"@id\":\"https:\/\/www.tomhemps.com\/fr\/prf\/plus\/#primaryimage\"},\"thumbnailUrl\":\"https:\/\/www.tomhemps.com\/wp-content\/uploads\/2020\/09\/PuffcoPlus-blackMain.png\",\"datePublished\":\"2020-09-04T11:35:35+00:00\",\"dateModified\":\"2022-05-28T06:04:39+00:00\",\"description\":\"Plus - Your CBD Shop | Your CBD Brand | born in Berlin\",\"breadcrumb\":{\"@id\":\"https:\/\/www.tomhemps.com\/fr\/prf\/plus\/#breadcrumb\"},\"inLanguage\":\"fr-FR\",\"potentialAction\":[{\"@type\":\"ReadAction\",\"target\":[\"https:\/\/www.tomhemps.com\/fr\/prf\/plus\/\"]}]},{\"@type\":\"ImageObject\",\"inLanguage\":\"fr-FR\",\"@id\":\"https:\/\/www.tomhemps.com\/fr\/prf\/plus\/#primaryimage\",\"url\":\"https:\/\/www.tomhemps.com\/wp-content\/uploads\/2020\/09\/PuffcoPlus-blackMain.png\",\"contentUrl\":\"https:\/\/www.tomhemps.com\/wp-content\/uploads\/2020\/09\/PuffcoPlus-blackMain.png\",\"width\":680,\"height\":850},{\"@type\":\"BreadcrumbList\",\"@id\":\"https:\/\/www.tomhemps.com\/fr\/prf\/plus\/#breadcrumb\",\"itemListElement\":[{\"@type\":\"ListItem\",\"position\":1,\"name\":\"Startseite\",\"item\":\"https:\/\/www.tomhemps.com\/fr\/\"},{\"@type\":\"ListItem\",\"position\":2,\"name\":\"Shop\",\"item\":\"https:\/\/www.tomhemps.com\/fr\/shop\/\"},{\"@type\":\"ListItem\",\"position\":3,\"name\":\"Plus\"}]},{\"@type\":\"WebSite\",\"@id\":\"https:\/\/www.tomhemps.com\/fr\/#website\",\"url\":\"https:\/\/www.tomhemps.com\/fr\/\",\"name\":\"Your CBD Shop | Your CBD Brand | born in Berlin\",\"description\":\"CBD Shop Berlin\",\"publisher\":{\"@id\":\"https:\/\/www.tomhemps.com\/fr\/#organization\"},\"potentialAction\":[{\"@type\":\"SearchAction\",\"target\":{\"@type\":\"EntryPoint\",\"urlTemplate\":\"https:\/\/www.tomhemps.com\/fr\/?s={search_term_string}\"},\"query-input\":\"required name=search_term_string\"}],\"inLanguage\":\"fr-FR\"},{\"@type\":\"Organization\",\"@id\":\"https:\/\/www.tomhemps.com\/fr\/#organization\",\"name\":\"Tom Hemp's CBD Shop\",\"alternateName\":\"Tom Hemp's Berlin\",\"url\":\"https:\/\/www.tomhemps.com\/fr\/\",\"logo\":{\"@type\":\"ImageObject\",\"inLanguage\":\"fr-FR\",\"@id\":\"https:\/\/www.tomhemps.com\/fr\/#\/schema\/logo\/image\/\",\"url\":\"https:\/\/www.tomhemps.com\/wp-content\/uploads\/2019\/04\/Logo-2019-e1581413011332.jpg\",\"contentUrl\":\"https:\/\/www.tomhemps.com\/wp-content\/uploads\/2019\/04\/Logo-2019-e1581413011332.jpg\",\"width\":460,\"height\":153,\"caption\":\"Tom Hemp's CBD Shop\"},\"image\":{\"@id\":\"https:\/\/www.tomhemps.com\/fr\/#\/schema\/logo\/image\/\"},\"sameAs\":[\"https:\/\/www.facebook.com\/tomhempsberlin\/\",\"https:\/\/www.instagram.com\/tomhemps_cbd\/\",\"https:\/\/www.youtube.com\/channel\/UCbGxDacLx_DRKyder_zVoNw\"]}]}<\/script>\n<!-- \/ Yoast SEO Premium plugin. -->","yoast_head_json":{"title":"Plus","description":"Plus - Your CBD Shop | Your CBD Brand | born in Berlin","robots":{"index":"index","follow":"follow","max-snippet":"max-snippet:-1","max-image-preview":"max-image-preview:large","max-video-preview":"max-video-preview:-1"},"canonical":"https:\/\/www.tomhemps.com\/fr\/prf\/plus\/","og_locale":"fr_FR","og_type":"article","og_title":"Plus","og_description":"Plus - Your CBD Shop | Your CBD Brand | born in Berlin","og_url":"https:\/\/www.tomhemps.com\/fr\/prf\/plus\/","og_site_name":"Your CBD Shop | Your CBD Brand | born in Berlin","article_publisher":"https:\/\/www.facebook.com\/tomhempsberlin\/","article_modified_time":"2022-05-28T06:04:39+00:00","og_image":[{"width":1780,"height":1600,"url":"https:\/\/www.tomhemps.com\/wp-content\/uploads\/2020\/09\/Tom_Hemps_product_puffco_plus_vaporizer_black_single.png","type":"image\/png"}],"twitter_card":"summary_large_image","schema":{"@context":"https:\/\/schema.org","@graph":[{"@type":"WebPage","@id":"https:\/\/www.tomhemps.com\/fr\/prf\/plus\/","url":"https:\/\/www.tomhemps.com\/fr\/prf\/plus\/","name":"Plus","isPartOf":{"@id":"https:\/\/www.tomhemps.com\/fr\/#website"},"primaryImageOfPage":{"@id":"https:\/\/www.tomhemps.com\/fr\/prf\/plus\/#primaryimage"},"image":{"@id":"https:\/\/www.tomhemps.com\/fr\/prf\/plus\/#primaryimage"},"thumbnailUrl":"https:\/\/www.tomhemps.com\/wp-content\/uploads\/2020\/09\/PuffcoPlus-blackMain.png","datePublished":"2020-09-04T11:35:35+00:00","dateModified":"2022-05-28T06:04:39+00:00","description":"Plus - Your CBD Shop | Your CBD Brand | born in Berlin","breadcrumb":{"@id":"https:\/\/www.tomhemps.com\/fr\/prf\/plus\/#breadcrumb"},"inLanguage":"fr-FR","potentialAction":[{"@type":"ReadAction","target":["https:\/\/www.tomhemps.com\/fr\/prf\/plus\/"]}]},{"@type":"ImageObject","inLanguage":"fr-FR","@id":"https:\/\/www.tomhemps.com\/fr\/prf\/plus\/#primaryimage","url":"https:\/\/www.tomhemps.com\/wp-content\/uploads\/2020\/09\/PuffcoPlus-blackMain.png","contentUrl":"https:\/\/www.tomhemps.com\/wp-content\/uploads\/2020\/09\/PuffcoPlus-blackMain.png","width":680,"height":850},{"@type":"BreadcrumbList","@id":"https:\/\/www.tomhemps.com\/fr\/prf\/plus\/#breadcrumb","itemListElement":[{"@type":"ListItem","position":1,"name":"Startseite","item":"https:\/\/www.tomhemps.com\/fr\/"},{"@type":"ListItem","position":2,"name":"Shop","item":"https:\/\/www.tomhemps.com\/fr\/shop\/"},{"@type":"ListItem","position":3,"name":"Plus"}]},{"@type":"WebSite","@id":"https:\/\/www.tomhemps.com\/fr\/#website","url":"https:\/\/www.tomhemps.com\/fr\/","name":"Your CBD Shop | Your CBD Brand | born in Berlin","description":"CBD Shop Berlin","publisher":{"@id":"https:\/\/www.tomhemps.com\/fr\/#organization"},"potentialAction":[{"@type":"SearchAction","target":{"@type":"EntryPoint","urlTemplate":"https:\/\/www.tomhemps.com\/fr\/?s={search_term_string}"},"query-input":"required name=search_term_string"}],"inLanguage":"fr-FR"},{"@type":"Organization","@id":"https:\/\/www.tomhemps.com\/fr\/#organization","name":"Tom Hemp's CBD Shop","alternateName":"Tom Hemp's Berlin","url":"https:\/\/www.tomhemps.com\/fr\/","logo":{"@type":"ImageObject","inLanguage":"fr-FR","@id":"https:\/\/www.tomhemps.com\/fr\/#\/schema\/logo\/image\/","url":"https:\/\/www.tomhemps.com\/wp-content\/uploads\/2019\/04\/Logo-2019-e1581413011332.jpg","contentUrl":"https:\/\/www.tomhemps.com\/wp-content\/uploads\/2019\/04\/Logo-2019-e1581413011332.jpg","width":460,"height":153,"caption":"Tom Hemp's CBD Shop"},"image":{"@id":"https:\/\/www.tomhemps.com\/fr\/#\/schema\/logo\/image\/"},"sameAs":["https:\/\/www.facebook.com\/tomhempsberlin\/","https:\/\/www.instagram.com\/tomhemps_cbd\/","https:\/\/www.youtube.com\/channel\/UCbGxDacLx_DRKyder_zVoNw"]}]}},"fields":{"pi_dd":false,"pi_t":false,"pi_tot":"Notice D'emballage","pi_to":"<p>Embouchure \/ Chef-d&rsquo;\u0153uvre<br \/>\nUne innovation exclusive de Puffco : Nous avons combin\u00e9 un bouchon de carburateur, un outil de chargement et une protection contre les \u00e9claboussures, tous int\u00e9gr\u00e9s dans l&#8217;embout buccal. Vous pouvez allonger la fl\u00e9chette en appuyant sur l&#8217;embout pour que le chargement soit propre et facile.<\/p>\n<p>Bol en c\u00e9ramique sans bobine<br \/>\nNous avons innov\u00e9 un bol scell\u00e9 sous pression, qui chauffe uniform\u00e9ment votre huile au lieu de la br\u00fbler avec des serpentins, ce qui lui donne la saveur la plus pure.<\/p>\n<p>3 r\u00e9glages de la chaleur<br \/>\nLa libert\u00e9 de choisir les modes de chauffage souhait\u00e9s en fonction de vos priorit\u00e9s de consommation et de la taille de votre charge. D&rsquo;un coup l\u00e9ger et savoureux \u00e0 un \u00e9pais nuage de fum\u00e9e.<\/p>\n<p>Fonctionnalit\u00e9 du mode Sesh<br \/>\nUne innovation exclusive de Puffco : Nous avons \u00e9t\u00e9 les premiers \u00e0 proposer un mode de chauffage continu de 12 secondes en appuyant deux fois sur le bouton, au lieu de le maintenir enfonc\u00e9. Cela vous donne une dose compl\u00e8te de m\u00e9dicament.<\/p>\n","pi_tst":"Plus d'info","pi_ts":"<p>Caract\u00e9ristiques compl\u00e8tes :<br \/>\n&#8211; Bol en c\u00e9ramique sans serpentin<br \/>\n&#8211; Outil de chargement extensible int\u00e9gr\u00e9<br \/>\n&#8211; Capuchon de carburateur int\u00e9gr\u00e9<br \/>\n&#8211; 3 r\u00e9glages de chauffage<br \/>\n&#8211; Fonctionnement en mode Sesh<br \/>\n&#8211; Charge rapide \/ longue dur\u00e9e de vie des batteries<br \/>\n&#8211; Bo\u00eetier en alliage usin\u00e9 avec pr\u00e9cision<br \/>\n&#8211; Rev\u00eatement r\u00e9sistant aux empreintes digitales<\/p>\n","pi_hd":false,"smoking_product":true,"pi_hm":false},"_links":{"self":[{"href":"https:\/\/www.tomhemps.com\/fr\/wp-json\/wp\/v2\/product\/161178"}],"collection":[{"href":"https:\/\/www.tomhemps.com\/fr\/wp-json\/wp\/v2\/product"}],"about":[{"href":"https:\/\/www.tomhemps.com\/fr\/wp-json\/wp\/v2\/types\/product"}],"replies":[{"embeddable":true,"href":"https:\/\/www.tomhemps.com\/fr\/wp-json\/wp\/v2\/comments?post=161178"}],"wp:featuredmedia":[{"embeddable":true,"href":"https:\/\/www.tomhemps.com\/fr\/wp-json\/wp\/v2\/media\/616468"}],"wp:attachment":[{"href":"https:\/\/www.tomhemps.com\/fr\/wp-json\/wp\/v2\/media?parent=161178"}],"wp:term":[{"taxonomy":"product_cat","embeddable":true,"href":"https:\/\/www.tomhemps.com\/fr\/wp-json\/wp\/v2\/product_cat?post=161178"},{"taxonomy":"product_tag","embeddable":true,"href":"https:\/\/www.tomhemps.com\/fr\/wp-json\/wp\/v2\/product_tag?post=161178"}],"curies":[{"name":"wp","href":"https:\/\/api.w.org\/{rel}","templated":true}]}}