{"id":161208,"date":"2018-12-04T15:04:13","date_gmt":"2018-12-04T14:04:13","guid":{"rendered":"https:\/\/www.tomhemps.com\/product\/phenopen-cbd-ol-kartusche\/"},"modified":"2020-11-18T10:57:33","modified_gmt":"2020-11-18T09:57:33","slug":"phenopen-cartouche-dhuile-cbd","status":"publish","type":"product","link":"https:\/\/www.tomhemps.com\/fr\/prf\/phenopen-cartouche-dhuile-cbd\/","title":{"rendered":"Phenopen Cartouche d&rsquo;huile CBD"},"content":{"rendered":"","protected":false},"excerpt":{"rendered":"<p>Allons-y \u00e0 fond ! La cartouche du stylo contient 54% d&rsquo;huile CBD \u00e0 spectre complet, ce qui lui donne un go\u00fbt agr\u00e9able et naturel. Gr\u00e2ce au syst\u00e8me magn\u00e9tique du PhenoPen, il est facile \u00e0 manipuler et vous permet de profiter rapidement et facilement du CBD.<\/p>\n","protected":false},"featured_media":161213,"comment_status":"open","ping_status":"closed","template":"","meta":{"_acf_changed":false},"product_cat":[4955],"product_tag":[],"acf":[],"yoast_head":"<!-- This site is optimized with the Yoast SEO Premium plugin v22.8 (Yoast SEO v22.8) - https:\/\/yoast.com\/wordpress\/plugins\/seo\/ -->\n<title>Phenopen Cartouche d&#039;huile CBD<\/title>\n<meta name=\"description\" content=\"Phenopen Cartouche d&#039;huile CBD - Your CBD Shop | Your CBD Brand | born in Berlin\" \/>\n<meta name=\"robots\" content=\"index, follow, max-snippet:-1, max-image-preview:large, max-video-preview:-1\" \/>\n<link rel=\"canonical\" href=\"https:\/\/www.tomhemps.com\/fr\/prf\/phenopen-cartouche-dhuile-cbd\/\" \/>\n<meta property=\"og:locale\" content=\"fr_FR\" \/>\n<meta property=\"og:type\" content=\"article\" \/>\n<meta property=\"og:title\" content=\"Phenopen Cartouche d&#039;huile CBD\" \/>\n<meta property=\"og:description\" content=\"Phenopen Cartouche d&#039;huile CBD - Your CBD Shop | Your CBD Brand | born in Berlin\" \/>\n<meta property=\"og:url\" content=\"https:\/\/www.tomhemps.com\/fr\/prf\/phenopen-cartouche-dhuile-cbd\/\" \/>\n<meta property=\"og:site_name\" content=\"Your CBD Shop | Your CBD Brand | born in Berlin\" \/>\n<meta property=\"article:publisher\" content=\"https:\/\/www.facebook.com\/tomhempsberlin\/\" \/>\n<meta property=\"article:modified_time\" content=\"2020-11-18T09:57:33+00:00\" \/>\n<meta property=\"og:image\" content=\"https:\/\/www.tomhemps.com\/wp-content\/uploads\/2018\/12\/Mabsutlife_CBD-oel_Kartuschen_x1_Phenopen_Desktop_Detail_HD_1780x1600.png\" \/>\n\t<meta property=\"og:image:width\" content=\"1780\" \/>\n\t<meta property=\"og:image:height\" content=\"1600\" \/>\n\t<meta property=\"og:image:type\" content=\"image\/png\" \/>\n<meta name=\"twitter:card\" content=\"summary_large_image\" \/>\n<script type=\"application\/ld+json\" class=\"yoast-schema-graph\">{\"@context\":\"https:\/\/schema.org\",\"@graph\":[{\"@type\":\"WebPage\",\"@id\":\"https:\/\/www.tomhemps.com\/fr\/prf\/phenopen-cartouche-dhuile-cbd\/\",\"url\":\"https:\/\/www.tomhemps.com\/fr\/prf\/phenopen-cartouche-dhuile-cbd\/\",\"name\":\"Phenopen Cartouche d'huile CBD\",\"isPartOf\":{\"@id\":\"https:\/\/www.tomhemps.com\/fr\/#website\"},\"primaryImageOfPage\":{\"@id\":\"https:\/\/www.tomhemps.com\/fr\/prf\/phenopen-cartouche-dhuile-cbd\/#primaryimage\"},\"image\":{\"@id\":\"https:\/\/www.tomhemps.com\/fr\/prf\/phenopen-cartouche-dhuile-cbd\/#primaryimage\"},\"thumbnailUrl\":\"https:\/\/www.tomhemps.com\/wp-content\/uploads\/2018\/12\/Mabsutlife_CBD-oel_Kartuschen_x1_Phenopen_Desktop_Detail_HD_1780x1600.png\",\"datePublished\":\"2018-12-04T14:04:13+00:00\",\"dateModified\":\"2020-11-18T09:57:33+00:00\",\"description\":\"Phenopen Cartouche d'huile CBD - Your CBD Shop | Your CBD Brand | born in Berlin\",\"breadcrumb\":{\"@id\":\"https:\/\/www.tomhemps.com\/fr\/prf\/phenopen-cartouche-dhuile-cbd\/#breadcrumb\"},\"inLanguage\":\"fr-FR\",\"potentialAction\":[{\"@type\":\"ReadAction\",\"target\":[\"https:\/\/www.tomhemps.com\/fr\/prf\/phenopen-cartouche-dhuile-cbd\/\"]}]},{\"@type\":\"ImageObject\",\"inLanguage\":\"fr-FR\",\"@id\":\"https:\/\/www.tomhemps.com\/fr\/prf\/phenopen-cartouche-dhuile-cbd\/#primaryimage\",\"url\":\"https:\/\/www.tomhemps.com\/wp-content\/uploads\/2018\/12\/Mabsutlife_CBD-oel_Kartuschen_x1_Phenopen_Desktop_Detail_HD_1780x1600.png\",\"contentUrl\":\"https:\/\/www.tomhemps.com\/wp-content\/uploads\/2018\/12\/Mabsutlife_CBD-oel_Kartuschen_x1_Phenopen_Desktop_Detail_HD_1780x1600.png\",\"width\":1780,\"height\":1600},{\"@type\":\"BreadcrumbList\",\"@id\":\"https:\/\/www.tomhemps.com\/fr\/prf\/phenopen-cartouche-dhuile-cbd\/#breadcrumb\",\"itemListElement\":[{\"@type\":\"ListItem\",\"position\":1,\"name\":\"Startseite\",\"item\":\"https:\/\/www.tomhemps.com\/fr\/\"},{\"@type\":\"ListItem\",\"position\":2,\"name\":\"Shop\",\"item\":\"https:\/\/www.tomhemps.com\/fr\/shop\/\"},{\"@type\":\"ListItem\",\"position\":3,\"name\":\"Phenopen Cartouche d&#8217;huile CBD\"}]},{\"@type\":\"WebSite\",\"@id\":\"https:\/\/www.tomhemps.com\/fr\/#website\",\"url\":\"https:\/\/www.tomhemps.com\/fr\/\",\"name\":\"Your CBD Shop | Your CBD Brand | born in Berlin\",\"description\":\"CBD Shop Berlin\",\"publisher\":{\"@id\":\"https:\/\/www.tomhemps.com\/fr\/#organization\"},\"potentialAction\":[{\"@type\":\"SearchAction\",\"target\":{\"@type\":\"EntryPoint\",\"urlTemplate\":\"https:\/\/www.tomhemps.com\/fr\/?s={search_term_string}\"},\"query-input\":\"required name=search_term_string\"}],\"inLanguage\":\"fr-FR\"},{\"@type\":\"Organization\",\"@id\":\"https:\/\/www.tomhemps.com\/fr\/#organization\",\"name\":\"Tom Hemp's CBD Shop\",\"alternateName\":\"Tom Hemp's Berlin\",\"url\":\"https:\/\/www.tomhemps.com\/fr\/\",\"logo\":{\"@type\":\"ImageObject\",\"inLanguage\":\"fr-FR\",\"@id\":\"https:\/\/www.tomhemps.com\/fr\/#\/schema\/logo\/image\/\",\"url\":\"https:\/\/www.tomhemps.com\/wp-content\/uploads\/2019\/04\/Logo-2019-e1581413011332.jpg\",\"contentUrl\":\"https:\/\/www.tomhemps.com\/wp-content\/uploads\/2019\/04\/Logo-2019-e1581413011332.jpg\",\"width\":460,\"height\":153,\"caption\":\"Tom Hemp's CBD Shop\"},\"image\":{\"@id\":\"https:\/\/www.tomhemps.com\/fr\/#\/schema\/logo\/image\/\"},\"sameAs\":[\"https:\/\/www.facebook.com\/tomhempsberlin\/\",\"https:\/\/www.instagram.com\/tomhemps_cbd\/\",\"https:\/\/www.youtube.com\/channel\/UCbGxDacLx_DRKyder_zVoNw\"]}]}<\/script>\n<!-- \/ Yoast SEO Premium plugin. -->","yoast_head_json":{"title":"Phenopen Cartouche d'huile CBD","description":"Phenopen Cartouche d'huile CBD - Your CBD Shop | Your CBD Brand | born in Berlin","robots":{"index":"index","follow":"follow","max-snippet":"max-snippet:-1","max-image-preview":"max-image-preview:large","max-video-preview":"max-video-preview:-1"},"canonical":"https:\/\/www.tomhemps.com\/fr\/prf\/phenopen-cartouche-dhuile-cbd\/","og_locale":"fr_FR","og_type":"article","og_title":"Phenopen Cartouche d'huile CBD","og_description":"Phenopen Cartouche d'huile CBD - Your CBD Shop | Your CBD Brand | born in Berlin","og_url":"https:\/\/www.tomhemps.com\/fr\/prf\/phenopen-cartouche-dhuile-cbd\/","og_site_name":"Your CBD Shop | Your CBD Brand | born in Berlin","article_publisher":"https:\/\/www.facebook.com\/tomhempsberlin\/","article_modified_time":"2020-11-18T09:57:33+00:00","og_image":[{"width":1780,"height":1600,"url":"https:\/\/www.tomhemps.com\/wp-content\/uploads\/2018\/12\/Mabsutlife_CBD-oel_Kartuschen_x1_Phenopen_Desktop_Detail_HD_1780x1600.png","type":"image\/png"}],"twitter_card":"summary_large_image","schema":{"@context":"https:\/\/schema.org","@graph":[{"@type":"WebPage","@id":"https:\/\/www.tomhemps.com\/fr\/prf\/phenopen-cartouche-dhuile-cbd\/","url":"https:\/\/www.tomhemps.com\/fr\/prf\/phenopen-cartouche-dhuile-cbd\/","name":"Phenopen Cartouche d'huile CBD","isPartOf":{"@id":"https:\/\/www.tomhemps.com\/fr\/#website"},"primaryImageOfPage":{"@id":"https:\/\/www.tomhemps.com\/fr\/prf\/phenopen-cartouche-dhuile-cbd\/#primaryimage"},"image":{"@id":"https:\/\/www.tomhemps.com\/fr\/prf\/phenopen-cartouche-dhuile-cbd\/#primaryimage"},"thumbnailUrl":"https:\/\/www.tomhemps.com\/wp-content\/uploads\/2018\/12\/Mabsutlife_CBD-oel_Kartuschen_x1_Phenopen_Desktop_Detail_HD_1780x1600.png","datePublished":"2018-12-04T14:04:13+00:00","dateModified":"2020-11-18T09:57:33+00:00","description":"Phenopen Cartouche d'huile CBD - Your CBD Shop | Your CBD Brand | born in Berlin","breadcrumb":{"@id":"https:\/\/www.tomhemps.com\/fr\/prf\/phenopen-cartouche-dhuile-cbd\/#breadcrumb"},"inLanguage":"fr-FR","potentialAction":[{"@type":"ReadAction","target":["https:\/\/www.tomhemps.com\/fr\/prf\/phenopen-cartouche-dhuile-cbd\/"]}]},{"@type":"ImageObject","inLanguage":"fr-FR","@id":"https:\/\/www.tomhemps.com\/fr\/prf\/phenopen-cartouche-dhuile-cbd\/#primaryimage","url":"https:\/\/www.tomhemps.com\/wp-content\/uploads\/2018\/12\/Mabsutlife_CBD-oel_Kartuschen_x1_Phenopen_Desktop_Detail_HD_1780x1600.png","contentUrl":"https:\/\/www.tomhemps.com\/wp-content\/uploads\/2018\/12\/Mabsutlife_CBD-oel_Kartuschen_x1_Phenopen_Desktop_Detail_HD_1780x1600.png","width":1780,"height":1600},{"@type":"BreadcrumbList","@id":"https:\/\/www.tomhemps.com\/fr\/prf\/phenopen-cartouche-dhuile-cbd\/#breadcrumb","itemListElement":[{"@type":"ListItem","position":1,"name":"Startseite","item":"https:\/\/www.tomhemps.com\/fr\/"},{"@type":"ListItem","position":2,"name":"Shop","item":"https:\/\/www.tomhemps.com\/fr\/shop\/"},{"@type":"ListItem","position":3,"name":"Phenopen Cartouche d&#8217;huile CBD"}]},{"@type":"WebSite","@id":"https:\/\/www.tomhemps.com\/fr\/#website","url":"https:\/\/www.tomhemps.com\/fr\/","name":"Your CBD Shop | Your CBD Brand | born in Berlin","description":"CBD Shop Berlin","publisher":{"@id":"https:\/\/www.tomhemps.com\/fr\/#organization"},"potentialAction":[{"@type":"SearchAction","target":{"@type":"EntryPoint","urlTemplate":"https:\/\/www.tomhemps.com\/fr\/?s={search_term_string}"},"query-input":"required name=search_term_string"}],"inLanguage":"fr-FR"},{"@type":"Organization","@id":"https:\/\/www.tomhemps.com\/fr\/#organization","name":"Tom Hemp's CBD Shop","alternateName":"Tom Hemp's Berlin","url":"https:\/\/www.tomhemps.com\/fr\/","logo":{"@type":"ImageObject","inLanguage":"fr-FR","@id":"https:\/\/www.tomhemps.com\/fr\/#\/schema\/logo\/image\/","url":"https:\/\/www.tomhemps.com\/wp-content\/uploads\/2019\/04\/Logo-2019-e1581413011332.jpg","contentUrl":"https:\/\/www.tomhemps.com\/wp-content\/uploads\/2019\/04\/Logo-2019-e1581413011332.jpg","width":460,"height":153,"caption":"Tom Hemp's CBD Shop"},"image":{"@id":"https:\/\/www.tomhemps.com\/fr\/#\/schema\/logo\/image\/"},"sameAs":["https:\/\/www.facebook.com\/tomhempsberlin\/","https:\/\/www.instagram.com\/tomhemps_cbd\/","https:\/\/www.youtube.com\/channel\/UCbGxDacLx_DRKyder_zVoNw"]}]}},"fields":{"pi_dd":161214,"pi_t":161206,"pi_tot":"Qu'y a-t-il \u00e0 l'int\u00e9rieur ?","pi_to":"<p>CBD 59,7%<br \/>\nTHC s.d.<\/p>\n","pi_tst":"Usage","pi_ts":"<p>Mode d&#8217;emploi :<br \/>\n1. Ins\u00e9rez la cartouche dans le PhenoPen. L&rsquo;aimant aidera la cartouche \u00e0 se positionner correctement.<br \/>\n2. Tournez l&#8217;embout buccal et inhalez pour activer le stylo.<\/p>\n<p>Rechargement<br \/>\n1. Ins\u00e9rez le c\u00e2ble Micro-USB \u00e0 l&rsquo;extr\u00e9mit\u00e9 inf\u00e9rieure du PhenoPen.<br \/>\n2. Connectez le c\u00e2ble de chargement \u00e0 une source d&rsquo;alimentation.\u20283. Le PhenoPen \u00e9met une lumi\u00e8re rouge pendant la charge et une lumi\u00e8re verte une fois la charge termin\u00e9e.<\/p>\n<p>La livraison comprend un PhenoPen rechargeable, une cartouche, un c\u00e2ble de chargement micro-UBS et notre guide d&rsquo;utilisation.<br \/>\nCaract\u00e9ristiques du produit :<br \/>\n&#8211; Batterie 320 mAh<br \/>\n&#8211; Dimensions : 10,5 cm de long et 14 mm de diam\u00e8tre<br \/>\n&#8211; Poids : 27 grammes<\/p>\n","pi_hd":false,"pi_hm":false,"smoking_product":true},"_links":{"self":[{"href":"https:\/\/www.tomhemps.com\/fr\/wp-json\/wp\/v2\/product\/161208"}],"collection":[{"href":"https:\/\/www.tomhemps.com\/fr\/wp-json\/wp\/v2\/product"}],"about":[{"href":"https:\/\/www.tomhemps.com\/fr\/wp-json\/wp\/v2\/types\/product"}],"replies":[{"embeddable":true,"href":"https:\/\/www.tomhemps.com\/fr\/wp-json\/wp\/v2\/comments?post=161208"}],"wp:featuredmedia":[{"embeddable":true,"href":"https:\/\/www.tomhemps.com\/fr\/wp-json\/wp\/v2\/media\/161213"}],"wp:attachment":[{"href":"https:\/\/www.tomhemps.com\/fr\/wp-json\/wp\/v2\/media?parent=161208"}],"wp:term":[{"taxonomy":"product_cat","embeddable":true,"href":"https:\/\/www.tomhemps.com\/fr\/wp-json\/wp\/v2\/product_cat?post=161208"},{"taxonomy":"product_tag","embeddable":true,"href":"https:\/\/www.tomhemps.com\/fr\/wp-json\/wp\/v2\/product_tag?post=161208"}],"curies":[{"name":"wp","href":"https:\/\/api.w.org\/{rel}","templated":true}]}}