{"id":161217,"date":"2019-06-12T13:28:05","date_gmt":"2019-06-12T11:28:05","guid":{"rendered":"https:\/\/www.tomhemps.com\/product\/kartusche-keramikspule\/"},"modified":"2021-06-28T00:00:08","modified_gmt":"2021-06-27T22:00:08","slug":"cartouche-bobine-en-ceramique","status":"publish","type":"product","link":"https:\/\/www.tomhemps.com\/fr\/prf\/cartouche-bobine-en-ceramique\/","title":{"rendered":"Cartouche \/ bobine en c\u00e9ramique"},"content":{"rendered":"","protected":false},"excerpt":{"rendered":"<p>Tout est question d&rsquo;accessoires ! Cette cartouche pratique \u00e0 utiliser en combinaison avec un embout buccal contient un serpentin en c\u00e9ramique, qui cr\u00e9e un go\u00fbt extraordinairement pur. La cartouche en argent convient pour les huiles, les cires et les e-liquides.<\/p>\n","protected":false},"featured_media":532793,"comment_status":"open","ping_status":"closed","template":"","meta":{"_acf_changed":false},"product_cat":[990,977],"product_tag":[],"acf":[],"yoast_head":"<!-- This site is optimized with the Yoast SEO Premium plugin v22.8 (Yoast SEO v22.8) - https:\/\/yoast.com\/wordpress\/plugins\/seo\/ -->\n<title>Cartouche \/ bobine en c\u00e9ramique<\/title>\n<meta name=\"description\" content=\"Cartouche \/ bobine en c\u00e9ramique - Your CBD Shop | Your CBD Brand | born in Berlin\" \/>\n<meta name=\"robots\" content=\"index, follow, max-snippet:-1, max-image-preview:large, max-video-preview:-1\" \/>\n<link rel=\"canonical\" href=\"https:\/\/www.tomhemps.com\/fr\/prf\/cartouche-bobine-en-ceramique\/\" \/>\n<meta property=\"og:locale\" content=\"fr_FR\" \/>\n<meta property=\"og:type\" content=\"article\" \/>\n<meta property=\"og:title\" content=\"Cartouche \/ bobine en c\u00e9ramique\" \/>\n<meta property=\"og:description\" content=\"Cartouche \/ bobine en c\u00e9ramique - Your CBD Shop | Your CBD Brand | born in Berlin\" \/>\n<meta property=\"og:url\" content=\"https:\/\/www.tomhemps.com\/fr\/prf\/cartouche-bobine-en-ceramique\/\" \/>\n<meta property=\"og:site_name\" content=\"Your CBD Shop | Your CBD Brand | born in Berlin\" \/>\n<meta property=\"article:publisher\" content=\"https:\/\/www.facebook.com\/tomhempsberlin\/\" \/>\n<meta property=\"article:modified_time\" content=\"2021-06-27T22:00:08+00:00\" \/>\n<meta property=\"og:image\" content=\"https:\/\/www.tomhemps.com\/wp-content\/uploads\/2019\/06\/TH-product-vaporizer-cartridge-single-black-1600x1750-1.png\" \/>\n\t<meta property=\"og:image:width\" content=\"1780\" \/>\n\t<meta property=\"og:image:height\" content=\"1600\" \/>\n\t<meta property=\"og:image:type\" content=\"image\/png\" \/>\n<meta name=\"twitter:card\" content=\"summary_large_image\" \/>\n<script type=\"application\/ld+json\" class=\"yoast-schema-graph\">{\"@context\":\"https:\/\/schema.org\",\"@graph\":[{\"@type\":\"WebPage\",\"@id\":\"https:\/\/www.tomhemps.com\/fr\/prf\/cartouche-bobine-en-ceramique\/\",\"url\":\"https:\/\/www.tomhemps.com\/fr\/prf\/cartouche-bobine-en-ceramique\/\",\"name\":\"Cartouche \/ bobine en c\u00e9ramique\",\"isPartOf\":{\"@id\":\"https:\/\/www.tomhemps.com\/fr\/#website\"},\"primaryImageOfPage\":{\"@id\":\"https:\/\/www.tomhemps.com\/fr\/prf\/cartouche-bobine-en-ceramique\/#primaryimage\"},\"image\":{\"@id\":\"https:\/\/www.tomhemps.com\/fr\/prf\/cartouche-bobine-en-ceramique\/#primaryimage\"},\"thumbnailUrl\":\"https:\/\/www.tomhemps.com\/wp-content\/uploads\/2019\/06\/TH-product-vaporizer-cartridge-single-black-1600x1750-1.png\",\"datePublished\":\"2019-06-12T11:28:05+00:00\",\"dateModified\":\"2021-06-27T22:00:08+00:00\",\"description\":\"Cartouche \/ bobine en c\u00e9ramique - Your CBD Shop | Your CBD Brand | born in Berlin\",\"breadcrumb\":{\"@id\":\"https:\/\/www.tomhemps.com\/fr\/prf\/cartouche-bobine-en-ceramique\/#breadcrumb\"},\"inLanguage\":\"fr-FR\",\"potentialAction\":[{\"@type\":\"ReadAction\",\"target\":[\"https:\/\/www.tomhemps.com\/fr\/prf\/cartouche-bobine-en-ceramique\/\"]}]},{\"@type\":\"ImageObject\",\"inLanguage\":\"fr-FR\",\"@id\":\"https:\/\/www.tomhemps.com\/fr\/prf\/cartouche-bobine-en-ceramique\/#primaryimage\",\"url\":\"https:\/\/www.tomhemps.com\/wp-content\/uploads\/2019\/06\/TH-product-vaporizer-cartridge-single-black-1600x1750-1.png\",\"contentUrl\":\"https:\/\/www.tomhemps.com\/wp-content\/uploads\/2019\/06\/TH-product-vaporizer-cartridge-single-black-1600x1750-1.png\",\"width\":1780,\"height\":1600,\"caption\":\"Aldamaze Kartusche Desktop Detail Hd 1780x1600\"},{\"@type\":\"BreadcrumbList\",\"@id\":\"https:\/\/www.tomhemps.com\/fr\/prf\/cartouche-bobine-en-ceramique\/#breadcrumb\",\"itemListElement\":[{\"@type\":\"ListItem\",\"position\":1,\"name\":\"Startseite\",\"item\":\"https:\/\/www.tomhemps.com\/fr\/\"},{\"@type\":\"ListItem\",\"position\":2,\"name\":\"Shop\",\"item\":\"https:\/\/www.tomhemps.com\/fr\/shop\/\"},{\"@type\":\"ListItem\",\"position\":3,\"name\":\"Cartouche \/ bobine en c\u00e9ramique\"}]},{\"@type\":\"WebSite\",\"@id\":\"https:\/\/www.tomhemps.com\/fr\/#website\",\"url\":\"https:\/\/www.tomhemps.com\/fr\/\",\"name\":\"Your CBD Shop | Your CBD Brand | born in Berlin\",\"description\":\"CBD Shop Berlin\",\"publisher\":{\"@id\":\"https:\/\/www.tomhemps.com\/fr\/#organization\"},\"potentialAction\":[{\"@type\":\"SearchAction\",\"target\":{\"@type\":\"EntryPoint\",\"urlTemplate\":\"https:\/\/www.tomhemps.com\/fr\/?s={search_term_string}\"},\"query-input\":\"required name=search_term_string\"}],\"inLanguage\":\"fr-FR\"},{\"@type\":\"Organization\",\"@id\":\"https:\/\/www.tomhemps.com\/fr\/#organization\",\"name\":\"Tom Hemp's CBD Shop\",\"alternateName\":\"Tom Hemp's Berlin\",\"url\":\"https:\/\/www.tomhemps.com\/fr\/\",\"logo\":{\"@type\":\"ImageObject\",\"inLanguage\":\"fr-FR\",\"@id\":\"https:\/\/www.tomhemps.com\/fr\/#\/schema\/logo\/image\/\",\"url\":\"https:\/\/www.tomhemps.com\/wp-content\/uploads\/2019\/04\/Logo-2019-e1581413011332.jpg\",\"contentUrl\":\"https:\/\/www.tomhemps.com\/wp-content\/uploads\/2019\/04\/Logo-2019-e1581413011332.jpg\",\"width\":460,\"height\":153,\"caption\":\"Tom Hemp's CBD Shop\"},\"image\":{\"@id\":\"https:\/\/www.tomhemps.com\/fr\/#\/schema\/logo\/image\/\"},\"sameAs\":[\"https:\/\/www.facebook.com\/tomhempsberlin\/\",\"https:\/\/www.instagram.com\/tomhemps_cbd\/\",\"https:\/\/www.youtube.com\/channel\/UCbGxDacLx_DRKyder_zVoNw\"]}]}<\/script>\n<!-- \/ Yoast SEO Premium plugin. -->","yoast_head_json":{"title":"Cartouche \/ bobine en c\u00e9ramique","description":"Cartouche \/ bobine en c\u00e9ramique - Your CBD Shop | Your CBD Brand | born in Berlin","robots":{"index":"index","follow":"follow","max-snippet":"max-snippet:-1","max-image-preview":"max-image-preview:large","max-video-preview":"max-video-preview:-1"},"canonical":"https:\/\/www.tomhemps.com\/fr\/prf\/cartouche-bobine-en-ceramique\/","og_locale":"fr_FR","og_type":"article","og_title":"Cartouche \/ bobine en c\u00e9ramique","og_description":"Cartouche \/ bobine en c\u00e9ramique - Your CBD Shop | Your CBD Brand | born in Berlin","og_url":"https:\/\/www.tomhemps.com\/fr\/prf\/cartouche-bobine-en-ceramique\/","og_site_name":"Your CBD Shop | Your CBD Brand | born in Berlin","article_publisher":"https:\/\/www.facebook.com\/tomhempsberlin\/","article_modified_time":"2021-06-27T22:00:08+00:00","og_image":[{"width":1780,"height":1600,"url":"https:\/\/www.tomhemps.com\/wp-content\/uploads\/2019\/06\/TH-product-vaporizer-cartridge-single-black-1600x1750-1.png","type":"image\/png"}],"twitter_card":"summary_large_image","schema":{"@context":"https:\/\/schema.org","@graph":[{"@type":"WebPage","@id":"https:\/\/www.tomhemps.com\/fr\/prf\/cartouche-bobine-en-ceramique\/","url":"https:\/\/www.tomhemps.com\/fr\/prf\/cartouche-bobine-en-ceramique\/","name":"Cartouche \/ bobine en c\u00e9ramique","isPartOf":{"@id":"https:\/\/www.tomhemps.com\/fr\/#website"},"primaryImageOfPage":{"@id":"https:\/\/www.tomhemps.com\/fr\/prf\/cartouche-bobine-en-ceramique\/#primaryimage"},"image":{"@id":"https:\/\/www.tomhemps.com\/fr\/prf\/cartouche-bobine-en-ceramique\/#primaryimage"},"thumbnailUrl":"https:\/\/www.tomhemps.com\/wp-content\/uploads\/2019\/06\/TH-product-vaporizer-cartridge-single-black-1600x1750-1.png","datePublished":"2019-06-12T11:28:05+00:00","dateModified":"2021-06-27T22:00:08+00:00","description":"Cartouche \/ bobine en c\u00e9ramique - Your CBD Shop | Your CBD Brand | born in Berlin","breadcrumb":{"@id":"https:\/\/www.tomhemps.com\/fr\/prf\/cartouche-bobine-en-ceramique\/#breadcrumb"},"inLanguage":"fr-FR","potentialAction":[{"@type":"ReadAction","target":["https:\/\/www.tomhemps.com\/fr\/prf\/cartouche-bobine-en-ceramique\/"]}]},{"@type":"ImageObject","inLanguage":"fr-FR","@id":"https:\/\/www.tomhemps.com\/fr\/prf\/cartouche-bobine-en-ceramique\/#primaryimage","url":"https:\/\/www.tomhemps.com\/wp-content\/uploads\/2019\/06\/TH-product-vaporizer-cartridge-single-black-1600x1750-1.png","contentUrl":"https:\/\/www.tomhemps.com\/wp-content\/uploads\/2019\/06\/TH-product-vaporizer-cartridge-single-black-1600x1750-1.png","width":1780,"height":1600,"caption":"Aldamaze Kartusche Desktop Detail Hd 1780x1600"},{"@type":"BreadcrumbList","@id":"https:\/\/www.tomhemps.com\/fr\/prf\/cartouche-bobine-en-ceramique\/#breadcrumb","itemListElement":[{"@type":"ListItem","position":1,"name":"Startseite","item":"https:\/\/www.tomhemps.com\/fr\/"},{"@type":"ListItem","position":2,"name":"Shop","item":"https:\/\/www.tomhemps.com\/fr\/shop\/"},{"@type":"ListItem","position":3,"name":"Cartouche \/ bobine en c\u00e9ramique"}]},{"@type":"WebSite","@id":"https:\/\/www.tomhemps.com\/fr\/#website","url":"https:\/\/www.tomhemps.com\/fr\/","name":"Your CBD Shop | Your CBD Brand | born in Berlin","description":"CBD Shop Berlin","publisher":{"@id":"https:\/\/www.tomhemps.com\/fr\/#organization"},"potentialAction":[{"@type":"SearchAction","target":{"@type":"EntryPoint","urlTemplate":"https:\/\/www.tomhemps.com\/fr\/?s={search_term_string}"},"query-input":"required name=search_term_string"}],"inLanguage":"fr-FR"},{"@type":"Organization","@id":"https:\/\/www.tomhemps.com\/fr\/#organization","name":"Tom Hemp's CBD Shop","alternateName":"Tom Hemp's Berlin","url":"https:\/\/www.tomhemps.com\/fr\/","logo":{"@type":"ImageObject","inLanguage":"fr-FR","@id":"https:\/\/www.tomhemps.com\/fr\/#\/schema\/logo\/image\/","url":"https:\/\/www.tomhemps.com\/wp-content\/uploads\/2019\/04\/Logo-2019-e1581413011332.jpg","contentUrl":"https:\/\/www.tomhemps.com\/wp-content\/uploads\/2019\/04\/Logo-2019-e1581413011332.jpg","width":460,"height":153,"caption":"Tom Hemp's CBD Shop"},"image":{"@id":"https:\/\/www.tomhemps.com\/fr\/#\/schema\/logo\/image\/"},"sameAs":["https:\/\/www.facebook.com\/tomhempsberlin\/","https:\/\/www.instagram.com\/tomhemps_cbd\/","https:\/\/www.youtube.com\/channel\/UCbGxDacLx_DRKyder_zVoNw"]}]}},"fields":{"pi_t":161206,"pi_tot":"Plus d'info","pi_to":"<p>&#8211; Chambre de verre pour visualiser la coloration et la quantit\u00e9 du contenu<br \/>\n&#8211; Des trous uniques pour aspirer l&rsquo;huile sans r\u00e9sidus<br \/>\n&#8211; Des trous d&rsquo;aspiration du p\u00e9trole pour diff\u00e9rentes viscosit\u00e9s<br \/>\n&#8211; Serpentin c\u00e9ramique sp\u00e9cial pour un go\u00fbt extr\u00eamement pur<br \/>\n&#8211; Compatible avec les embouts en c\u00e9ramique et en m\u00e9tal<\/p>\n","pi_tst":"Usage","pi_ts":"<p>Une e-cigarette est utilis\u00e9 pour vaporiser, ou \u00e9tuver, diff\u00e9rentes substances, comme les e-liquides par exemple.<\/p>\n<p>Mode d&#8217;emploi :<br \/>\nAllumez le vaporisateur et, si possible, r\u00e9glez-le \u00e0 votre temp\u00e9rature pr\u00e9f\u00e9r\u00e9e. Attendez que la temp\u00e9rature correcte soit atteinte, ce que de nombreux vaporisateurs signalent par des LED, des vibrations ou simplement en vous montrant dans l&rsquo;application. Lors de votre premi\u00e8re inhalation, inspirez de mani\u00e8re r\u00e9guli\u00e8re sur l&#8217;embout buccal pendant 5 \u00e0 8 secondes, et respirez la vapeur.<\/p>\n","pi_hd":false,"pi_hm":false,"smoking_product":true,"pi_dd":532799},"_links":{"self":[{"href":"https:\/\/www.tomhemps.com\/fr\/wp-json\/wp\/v2\/product\/161217"}],"collection":[{"href":"https:\/\/www.tomhemps.com\/fr\/wp-json\/wp\/v2\/product"}],"about":[{"href":"https:\/\/www.tomhemps.com\/fr\/wp-json\/wp\/v2\/types\/product"}],"replies":[{"embeddable":true,"href":"https:\/\/www.tomhemps.com\/fr\/wp-json\/wp\/v2\/comments?post=161217"}],"wp:featuredmedia":[{"embeddable":true,"href":"https:\/\/www.tomhemps.com\/fr\/wp-json\/wp\/v2\/media\/532793"}],"wp:attachment":[{"href":"https:\/\/www.tomhemps.com\/fr\/wp-json\/wp\/v2\/media?parent=161217"}],"wp:term":[{"taxonomy":"product_cat","embeddable":true,"href":"https:\/\/www.tomhemps.com\/fr\/wp-json\/wp\/v2\/product_cat?post=161217"},{"taxonomy":"product_tag","embeddable":true,"href":"https:\/\/www.tomhemps.com\/fr\/wp-json\/wp\/v2\/product_tag?post=161217"}],"curies":[{"name":"wp","href":"https:\/\/api.w.org\/{rel}","templated":true}]}}