{"id":161225,"date":"2019-01-13T22:05:03","date_gmt":"2019-01-13T21:05:03","guid":{"rendered":"https:\/\/www.tomhemps.com\/product\/ccell-palm\/"},"modified":"2021-02-24T15:08:35","modified_gmt":"2021-02-24T14:08:35","slug":"ccell-palm","status":"publish","type":"product","link":"https:\/\/www.tomhemps.com\/fr\/prf\/ccell-palm\/","title":{"rendered":"CCELL Palm"},"content":{"rendered":"","protected":false},"excerpt":{"rendered":"<p>Le Palm, \u00e9l\u00e9gant et durable, a l&rsquo;air assez chic &#8211; et il l&rsquo;est. La batterie CCELL PALM de Jupiter a \u00e9t\u00e9 d\u00e9velopp\u00e9e sp\u00e9cialement pour les cartouches Liquid 6 et est compatible avec 510 cartouches \u00e0 filetage de 1,0 ml et 5,0 ml. Elle n&rsquo;est pas seulement \u00e9l\u00e9gante et sexy, elle est aussi et surtout pratique et fonctionnelle.<\/p>\n<p>Comme options suppl\u00e9mentaires, la batterie peut \u00eatre \u00e9tendue avec une cartouche vide ou une cartouche de cire. La cartouche de cire est une bobine en c\u00e9ramique haut de gamme avec une cartouche en verre. Ell peut \u00eatre remplie du meilleur extrait de chanvre avec 70% de CBD, fabriqu\u00e9 \u00e0 partir de chanvre industriel europ\u00e9en.<\/p>\n","protected":false},"featured_media":161226,"comment_status":"open","ping_status":"closed","template":"","meta":{"_acf_changed":false},"product_cat":[4955],"product_tag":[],"acf":[],"yoast_head":"<!-- This site is optimized with the Yoast SEO Premium plugin v22.8 (Yoast SEO v22.8) - https:\/\/yoast.com\/wordpress\/plugins\/seo\/ -->\n<title>CCELL Palm<\/title>\n<meta name=\"description\" content=\"CCELL Palm - Your CBD Shop | Your CBD Brand | born in Berlin\" \/>\n<meta name=\"robots\" content=\"index, follow, max-snippet:-1, max-image-preview:large, max-video-preview:-1\" \/>\n<link rel=\"canonical\" href=\"https:\/\/www.tomhemps.com\/fr\/prf\/ccell-palm\/\" \/>\n<meta property=\"og:locale\" content=\"fr_FR\" \/>\n<meta property=\"og:type\" content=\"article\" \/>\n<meta property=\"og:title\" content=\"CCELL Palm\" \/>\n<meta property=\"og:description\" content=\"CCELL Palm - Your CBD Shop | Your CBD Brand | born in Berlin\" \/>\n<meta property=\"og:url\" content=\"https:\/\/www.tomhemps.com\/fr\/prf\/ccell-palm\/\" \/>\n<meta property=\"og:site_name\" content=\"Your CBD Shop | Your CBD Brand | born in Berlin\" \/>\n<meta property=\"article:publisher\" content=\"https:\/\/www.facebook.com\/tomhempsberlin\/\" \/>\n<meta property=\"article:modified_time\" content=\"2021-02-24T14:08:35+00:00\" \/>\n<meta property=\"og:image\" content=\"https:\/\/www.tomhemps.com\/wp-content\/uploads\/2019\/01\/Jupiter_CCELLPalmBatterie_Desktop_Detail_HD_1780x1600.png\" \/>\n\t<meta property=\"og:image:width\" content=\"1780\" \/>\n\t<meta property=\"og:image:height\" content=\"1600\" \/>\n\t<meta property=\"og:image:type\" content=\"image\/png\" \/>\n<meta name=\"twitter:card\" content=\"summary_large_image\" \/>\n<script type=\"application\/ld+json\" class=\"yoast-schema-graph\">{\"@context\":\"https:\/\/schema.org\",\"@graph\":[{\"@type\":\"WebPage\",\"@id\":\"https:\/\/www.tomhemps.com\/fr\/prf\/ccell-palm\/\",\"url\":\"https:\/\/www.tomhemps.com\/fr\/prf\/ccell-palm\/\",\"name\":\"CCELL Palm\",\"isPartOf\":{\"@id\":\"https:\/\/www.tomhemps.com\/fr\/#website\"},\"primaryImageOfPage\":{\"@id\":\"https:\/\/www.tomhemps.com\/fr\/prf\/ccell-palm\/#primaryimage\"},\"image\":{\"@id\":\"https:\/\/www.tomhemps.com\/fr\/prf\/ccell-palm\/#primaryimage\"},\"thumbnailUrl\":\"https:\/\/www.tomhemps.com\/wp-content\/uploads\/2019\/01\/Jupiter_CCELLPalmBatterie_Desktop_Detail_HD_1780x1600.png\",\"datePublished\":\"2019-01-13T21:05:03+00:00\",\"dateModified\":\"2021-02-24T14:08:35+00:00\",\"description\":\"CCELL Palm - Your CBD Shop | Your CBD Brand | born in Berlin\",\"breadcrumb\":{\"@id\":\"https:\/\/www.tomhemps.com\/fr\/prf\/ccell-palm\/#breadcrumb\"},\"inLanguage\":\"fr-FR\",\"potentialAction\":[{\"@type\":\"ReadAction\",\"target\":[\"https:\/\/www.tomhemps.com\/fr\/prf\/ccell-palm\/\"]}]},{\"@type\":\"ImageObject\",\"inLanguage\":\"fr-FR\",\"@id\":\"https:\/\/www.tomhemps.com\/fr\/prf\/ccell-palm\/#primaryimage\",\"url\":\"https:\/\/www.tomhemps.com\/wp-content\/uploads\/2019\/01\/Jupiter_CCELLPalmBatterie_Desktop_Detail_HD_1780x1600.png\",\"contentUrl\":\"https:\/\/www.tomhemps.com\/wp-content\/uploads\/2019\/01\/Jupiter_CCELLPalmBatterie_Desktop_Detail_HD_1780x1600.png\",\"width\":1780,\"height\":1600,\"caption\":\"Jupiter CCELL Palm Vaporizer with battery and cartridge.\"},{\"@type\":\"BreadcrumbList\",\"@id\":\"https:\/\/www.tomhemps.com\/fr\/prf\/ccell-palm\/#breadcrumb\",\"itemListElement\":[{\"@type\":\"ListItem\",\"position\":1,\"name\":\"Startseite\",\"item\":\"https:\/\/www.tomhemps.com\/fr\/\"},{\"@type\":\"ListItem\",\"position\":2,\"name\":\"Shop\",\"item\":\"https:\/\/www.tomhemps.com\/fr\/shop\/\"},{\"@type\":\"ListItem\",\"position\":3,\"name\":\"CCELL Palm\"}]},{\"@type\":\"WebSite\",\"@id\":\"https:\/\/www.tomhemps.com\/fr\/#website\",\"url\":\"https:\/\/www.tomhemps.com\/fr\/\",\"name\":\"Your CBD Shop | Your CBD Brand | born in Berlin\",\"description\":\"CBD Shop Berlin\",\"publisher\":{\"@id\":\"https:\/\/www.tomhemps.com\/fr\/#organization\"},\"potentialAction\":[{\"@type\":\"SearchAction\",\"target\":{\"@type\":\"EntryPoint\",\"urlTemplate\":\"https:\/\/www.tomhemps.com\/fr\/?s={search_term_string}\"},\"query-input\":\"required name=search_term_string\"}],\"inLanguage\":\"fr-FR\"},{\"@type\":\"Organization\",\"@id\":\"https:\/\/www.tomhemps.com\/fr\/#organization\",\"name\":\"Tom Hemp's CBD Shop\",\"alternateName\":\"Tom Hemp's Berlin\",\"url\":\"https:\/\/www.tomhemps.com\/fr\/\",\"logo\":{\"@type\":\"ImageObject\",\"inLanguage\":\"fr-FR\",\"@id\":\"https:\/\/www.tomhemps.com\/fr\/#\/schema\/logo\/image\/\",\"url\":\"https:\/\/www.tomhemps.com\/wp-content\/uploads\/2019\/04\/Logo-2019-e1581413011332.jpg\",\"contentUrl\":\"https:\/\/www.tomhemps.com\/wp-content\/uploads\/2019\/04\/Logo-2019-e1581413011332.jpg\",\"width\":460,\"height\":153,\"caption\":\"Tom Hemp's CBD Shop\"},\"image\":{\"@id\":\"https:\/\/www.tomhemps.com\/fr\/#\/schema\/logo\/image\/\"},\"sameAs\":[\"https:\/\/www.facebook.com\/tomhempsberlin\/\",\"https:\/\/www.instagram.com\/tomhemps_cbd\/\",\"https:\/\/www.youtube.com\/channel\/UCbGxDacLx_DRKyder_zVoNw\"]}]}<\/script>\n<!-- \/ Yoast SEO Premium plugin. -->","yoast_head_json":{"title":"CCELL Palm","description":"CCELL Palm - Your CBD Shop | Your CBD Brand | born in Berlin","robots":{"index":"index","follow":"follow","max-snippet":"max-snippet:-1","max-image-preview":"max-image-preview:large","max-video-preview":"max-video-preview:-1"},"canonical":"https:\/\/www.tomhemps.com\/fr\/prf\/ccell-palm\/","og_locale":"fr_FR","og_type":"article","og_title":"CCELL Palm","og_description":"CCELL Palm - Your CBD Shop | Your CBD Brand | born in Berlin","og_url":"https:\/\/www.tomhemps.com\/fr\/prf\/ccell-palm\/","og_site_name":"Your CBD Shop | Your CBD Brand | born in Berlin","article_publisher":"https:\/\/www.facebook.com\/tomhempsberlin\/","article_modified_time":"2021-02-24T14:08:35+00:00","og_image":[{"width":1780,"height":1600,"url":"https:\/\/www.tomhemps.com\/wp-content\/uploads\/2019\/01\/Jupiter_CCELLPalmBatterie_Desktop_Detail_HD_1780x1600.png","type":"image\/png"}],"twitter_card":"summary_large_image","schema":{"@context":"https:\/\/schema.org","@graph":[{"@type":"WebPage","@id":"https:\/\/www.tomhemps.com\/fr\/prf\/ccell-palm\/","url":"https:\/\/www.tomhemps.com\/fr\/prf\/ccell-palm\/","name":"CCELL Palm","isPartOf":{"@id":"https:\/\/www.tomhemps.com\/fr\/#website"},"primaryImageOfPage":{"@id":"https:\/\/www.tomhemps.com\/fr\/prf\/ccell-palm\/#primaryimage"},"image":{"@id":"https:\/\/www.tomhemps.com\/fr\/prf\/ccell-palm\/#primaryimage"},"thumbnailUrl":"https:\/\/www.tomhemps.com\/wp-content\/uploads\/2019\/01\/Jupiter_CCELLPalmBatterie_Desktop_Detail_HD_1780x1600.png","datePublished":"2019-01-13T21:05:03+00:00","dateModified":"2021-02-24T14:08:35+00:00","description":"CCELL Palm - Your CBD Shop | Your CBD Brand | born in Berlin","breadcrumb":{"@id":"https:\/\/www.tomhemps.com\/fr\/prf\/ccell-palm\/#breadcrumb"},"inLanguage":"fr-FR","potentialAction":[{"@type":"ReadAction","target":["https:\/\/www.tomhemps.com\/fr\/prf\/ccell-palm\/"]}]},{"@type":"ImageObject","inLanguage":"fr-FR","@id":"https:\/\/www.tomhemps.com\/fr\/prf\/ccell-palm\/#primaryimage","url":"https:\/\/www.tomhemps.com\/wp-content\/uploads\/2019\/01\/Jupiter_CCELLPalmBatterie_Desktop_Detail_HD_1780x1600.png","contentUrl":"https:\/\/www.tomhemps.com\/wp-content\/uploads\/2019\/01\/Jupiter_CCELLPalmBatterie_Desktop_Detail_HD_1780x1600.png","width":1780,"height":1600,"caption":"Jupiter CCELL Palm Vaporizer with battery and cartridge."},{"@type":"BreadcrumbList","@id":"https:\/\/www.tomhemps.com\/fr\/prf\/ccell-palm\/#breadcrumb","itemListElement":[{"@type":"ListItem","position":1,"name":"Startseite","item":"https:\/\/www.tomhemps.com\/fr\/"},{"@type":"ListItem","position":2,"name":"Shop","item":"https:\/\/www.tomhemps.com\/fr\/shop\/"},{"@type":"ListItem","position":3,"name":"CCELL Palm"}]},{"@type":"WebSite","@id":"https:\/\/www.tomhemps.com\/fr\/#website","url":"https:\/\/www.tomhemps.com\/fr\/","name":"Your CBD Shop | Your CBD Brand | born in Berlin","description":"CBD Shop Berlin","publisher":{"@id":"https:\/\/www.tomhemps.com\/fr\/#organization"},"potentialAction":[{"@type":"SearchAction","target":{"@type":"EntryPoint","urlTemplate":"https:\/\/www.tomhemps.com\/fr\/?s={search_term_string}"},"query-input":"required name=search_term_string"}],"inLanguage":"fr-FR"},{"@type":"Organization","@id":"https:\/\/www.tomhemps.com\/fr\/#organization","name":"Tom Hemp's CBD Shop","alternateName":"Tom Hemp's Berlin","url":"https:\/\/www.tomhemps.com\/fr\/","logo":{"@type":"ImageObject","inLanguage":"fr-FR","@id":"https:\/\/www.tomhemps.com\/fr\/#\/schema\/logo\/image\/","url":"https:\/\/www.tomhemps.com\/wp-content\/uploads\/2019\/04\/Logo-2019-e1581413011332.jpg","contentUrl":"https:\/\/www.tomhemps.com\/wp-content\/uploads\/2019\/04\/Logo-2019-e1581413011332.jpg","width":460,"height":153,"caption":"Tom Hemp's CBD Shop"},"image":{"@id":"https:\/\/www.tomhemps.com\/fr\/#\/schema\/logo\/image\/"},"sameAs":["https:\/\/www.facebook.com\/tomhempsberlin\/","https:\/\/www.instagram.com\/tomhemps_cbd\/","https:\/\/www.youtube.com\/channel\/UCbGxDacLx_DRKyder_zVoNw"]}]}},"fields":{"pi_dd":161227,"pi_t":161206,"pi_tot":"Plus d'info","pi_to":"<p>Batterie CCELL PALM avec les ajouts optionnels Cartouche ou Cartouche de cire :<\/p>\n<p>1x Batterie CCELL PALM<\/p>\n<p>&#8211; Enveloppe en aluminium<br \/>\n&#8211; Comprend une connexion magn\u00e9tique \u00e0 la cartouche 510 Adaptateur de fil<br \/>\n&#8211; Batterie 500mAh<br \/>\n&#8211; C\u00e2ble de recharge micro USB<br \/>\n&#8211; Conception compacte<br \/>\n&#8211; Couleur : noir<\/p>\n<p>Ajouts facultatifs :<\/p>\n<p>1x Cartouche :<br \/>\nCartouche de 0,5 ml en verre et c\u00e9ramique<br \/>\n510 filetage<\/p>\n<p>1x Cartouche remplie de cire au choix :<br \/>\npar exemple, cartouche de cire Purple Berry<br \/>\nCartouche de verre et de c\u00e9ramique de 0,5 ml<br \/>\n510 filetage<\/p>\n<p>Cire :<br \/>\nIngr\u00e9dients : Extrait de chanvre, terp\u00e8nes<\/p>\n<p>Contenu de la CDB :<br \/>\n850 mg de cannabino\u00efdes<br \/>\nCBD 50%.<br \/>\nCBG 15<br \/>\nCBDV 0,2-0,5<br \/>\nTHC : &lt; 0,2% THC<\/p>\n","pi_tst":"Utilisation","pi_ts":"<p>La cigarette \u00e9lectronique (vape pen) est utilis\u00e9 pour vaporiser, ou \u00e9tuver, diff\u00e9rentes substances, comme les e-liquides.<\/p>\n<p>&nbsp;<\/p>\n<p>Mode d&#8217;emploi du vaporisateur :<\/p>\n<p>Allumez la cigarette \u00e9lectronique et, si possible, r\u00e9glez-le \u00e0 votre temp\u00e9rature pr\u00e9f\u00e9r\u00e9e. Attendez que la temp\u00e9rature correcte soit atteinte, ce que de nombreux e-cigarettes signalent par des LED, des vibrations ou simplement en vous montrant sur l&rsquo;app. Lors de votre premi\u00e8re inhalation, inspirez de mani\u00e8re r\u00e9guli\u00e8re sur l&#8217;embout buccal pendant 5 \u00e0 8 secondes, et respirez la vapeur.<\/p>\n<p>Mode d&#8217;emploi de la cartouche de cire :<\/p>\n<p>Tourner la cartouche de cire sur le dispositif de vaporisation de votre choix. Fixez la cartouche jusqu&rsquo;\u00e0 ce qu&rsquo;elle s&rsquo;arr\u00eate et inhalez pendant 3 \u00e0 5 secondes. Cet article est destin\u00e9 \u00e0 un usage unique. N&rsquo;ouvrez pas la cartouche. Conservez-la debout et dans un endroit sec \u00e0 temp\u00e9rature ambiante. Conservez la cartouche hors de port\u00e9e des enfants.<\/p>\n","pi_hd":false,"pi_hm":false,"smoking_product":true},"_links":{"self":[{"href":"https:\/\/www.tomhemps.com\/fr\/wp-json\/wp\/v2\/product\/161225"}],"collection":[{"href":"https:\/\/www.tomhemps.com\/fr\/wp-json\/wp\/v2\/product"}],"about":[{"href":"https:\/\/www.tomhemps.com\/fr\/wp-json\/wp\/v2\/types\/product"}],"replies":[{"embeddable":true,"href":"https:\/\/www.tomhemps.com\/fr\/wp-json\/wp\/v2\/comments?post=161225"}],"wp:featuredmedia":[{"embeddable":true,"href":"https:\/\/www.tomhemps.com\/fr\/wp-json\/wp\/v2\/media\/161226"}],"wp:attachment":[{"href":"https:\/\/www.tomhemps.com\/fr\/wp-json\/wp\/v2\/media?parent=161225"}],"wp:term":[{"taxonomy":"product_cat","embeddable":true,"href":"https:\/\/www.tomhemps.com\/fr\/wp-json\/wp\/v2\/product_cat?post=161225"},{"taxonomy":"product_tag","embeddable":true,"href":"https:\/\/www.tomhemps.com\/fr\/wp-json\/wp\/v2\/product_tag?post=161225"}],"curies":[{"name":"wp","href":"https:\/\/api.w.org\/{rel}","templated":true}]}}